{"id":51751,"date":"2026-04-24T09:41:00","date_gmt":"2026-04-24T08:41:00","guid":{"rendered":"https:\/\/stockify24.pl\/?post_type=product&#038;p=51751"},"modified":"2026-04-24T16:36:33","modified_gmt":"2026-04-24T15:36:33","slug":"box-torebek-20-szt-torebki-premium-4","status":"publish","type":"product","link":"https:\/\/stockify24.pl\/en\/product\/box-torebek-20-szt-torebki-premium-4\/","title":{"rendered":"Box of bags - 20 pieces | Premium bags |#4"},"content":{"rendered":"<div class=\"flex flex-col text-sm pb-25\">\n<section class=\"text-token-text-primary w-full focus:outline-none [--shadow-height:45px] has-data-writing-block:pointer-events-none has-data-writing-block:-mt-(--shadow-height) has-data-writing-block:pt-(--shadow-height) [&amp;:has([data-writing-block])&gt;*]:pointer-events-auto scroll-mt-[calc(var(--header-height)+min(200px,max(70px,20svh)))]\" dir=\"auto\" data-turn-id=\"request-69b8245d-0030-838e-b654-ccb872ba6f51-25\" data-testid=\"conversation-turn-200\" data-scroll-anchor=\"true\" data-turn=\"assistant\">\n<div class=\"text-base my-auto mx-auto pb-10 [--thread-content-margin:var(--thread-content-margin-xs,calc(var(--spacing)*4))] @w-sm\/main:[--thread-content-margin:var(--thread-content-margin-sm,calc(var(--spacing)*6))] @w-lg\/main:[--thread-content-margin:var(--thread-content-margin-lg,calc(var(--spacing)*16))] px-(--thread-content-margin)\">\n<div class=\"[--thread-content-max-width:40rem] @w-lg\/main:[--thread-content-max-width:48rem] mx-auto max-w-(--thread-content-max-width) flex-1 group\/turn-messages focus-visible:outline-hidden relative flex w-full min-w-0 flex-col agent-turn\">\n<div class=\"flex max-w-full flex-col gap-4 grow\">\n<div class=\"min-h-8 text-message relative flex w-full flex-col items-end gap-2 text-start break-words whitespace-normal outline-none keyboard-focused:focus-ring [.text-message+&amp;]:mt-1\" dir=\"auto\" tabindex=\"0\" data-message-author-role=\"assistant\" data-message-id=\"ed8abcdd-be0d-4615-88f1-9a47a52c2d16\" data-message-model-slug=\"gpt-5-3\" data-turn-start-message=\"true\">\n<div class=\"flex w-full flex-col gap-1 empty:hidden\">\n<div class=\"markdown prose dark:prose-invert w-full wrap-break-word dark markdown-new-styling\">\n<div class=\"flex h-svh w-screen flex-col\">\n<div class=\"relative z-0 flex min-h-0 w-full flex-1\">\n<div class=\"relative flex min-h-0 w-full flex-1\">\n<div class=\"@container\/main relative flex min-w-0 flex-1 flex-col -translate-y-[calc(env(safe-area-inset-bottom,0px)\/2)] pt-[calc(env(safe-area-inset-bottom,0px)\/2)]\">\n<div class=\"@w-sm\/main:[scrollbar-gutter:var(--stage-scroll-gutter)] touch:[scrollbar-width:none] group\/scroll-root relative flex min-h-0 min-w-0 flex-1 flex-col [scrollbar-gutter:stable] not-print:overflow-x-clip not-print:overflow-y-auto group-data-stream-active\/scroll-root:[overflow-anchor:none] scroll-pt-(--header-height) [--sticky-padding-top:var(--header-height)] [--sticky-padding-bottom:0px] [--scroll-root-safe-area-inset-top:calc(var(--sticky-padding-top)+env(safe-area-inset-top,0px))] [--scroll-root-safe-area-inset-bottom:calc(var(--sticky-padding-bottom)+var(--screen-keyboard-height,0px)+env(safe-area-inset-bottom,0px))] [--scroll-root-safe-area-height:calc(100lvh-var(--scroll-root-safe-area-inset-top)-var(--scroll-root-safe-area-inset-bottom))] has-data-[fixed-header=less-than-xl]:@w-xl\/main:scroll-pt-0 has-data-[fixed-header=less-than-xl]:@w-xl\/main:[--sticky-padding-top:0px] has-data-[fixed-header=less-than-xxl]:@w-2xl\/main:scroll-pt-0 has-data-[fixed-header=less-than-xxl]:@w-2xl\/main:[--sticky-padding-top:0px]\" data-scroll-root=\"\" data-scroll-from-top=\"\">\n<div class=\"relative basis-auto flex-col -mb-(--composer-overlap-px) pb-(--composer-overlap-px) [--composer-overlap-px:28px] grow flex\">\n<div class=\"flex flex-col text-sm\">\n<section class=\"text-token-text-primary w-full focus:outline-none [--shadow-height:45px] has-data-writing-block:pointer-events-none has-data-writing-block:-mt-(--shadow-height) has-data-writing-block:pt-(--shadow-height) [&amp;:has([data-writing-block])&gt;*]:pointer-events-auto scroll-mt-[calc(var(--header-height)+min(200px,max(70px,20svh)))]\" dir=\"auto\" data-turn-id=\"request-WEB:cc509de0-714c-4653-ad32-6b5e125a8411-7\" data-testid=\"conversation-turn-10\" data-scroll-anchor=\"true\" data-turn=\"assistant\">\n<div class=\"text-base my-auto mx-auto pb-10 [--thread-content-margin:var(--thread-content-margin-xs,calc(var(--spacing)*4))] @w-sm\/main:[--thread-content-margin:var(--thread-content-margin-sm,calc(var(--spacing)*6))] @w-lg\/main:[--thread-content-margin:var(--thread-content-margin-lg,calc(var(--spacing)*16))] px-(--thread-content-margin)\">\n<div class=\"[--thread-content-max-width:40rem] @w-lg\/main:[--thread-content-max-width:48rem] mx-auto max-w-(--thread-content-max-width) flex-1 group\/turn-messages focus-visible:outline-hidden relative flex w-full min-w-0 flex-col agent-turn\">\n<div class=\"flex max-w-full flex-col gap-4 grow\">\n<div class=\"min-h-8 text-message relative flex w-full flex-col items-end gap-2 text-start break-words whitespace-normal outline-none keyboard-focused:focus-ring [.text-message+&amp;]:mt-1\" dir=\"auto\" tabindex=\"0\" data-message-author-role=\"assistant\" data-message-id=\"cfa6deea-8ce4-4542-9cf9-48a3b1cdbe9a\" data-message-model-slug=\"gpt-5-3\" data-turn-start-message=\"true\">\n<div class=\"flex w-full flex-col gap-1 empty:hidden\">\n<div class=\"markdown prose dark:prose-invert w-full wrap-break-word dark markdown-new-styling\">\n<div class=\"flex flex-col text-sm pb-25\">\n<section class=\"text-token-text-primary w-full focus:outline-none [--shadow-height:45px] has-data-writing-block:pointer-events-none has-data-writing-block:-mt-(--shadow-height) has-data-writing-block:pt-(--shadow-height) [&amp;:has([data-writing-block])&gt;*]:pointer-events-auto scroll-mt-[calc(var(--header-height)+min(200px,max(70px,20svh)))]\" dir=\"auto\" data-turn-id=\"request-69c2a6c3-14c8-8392-ab91-845727832df6-4\" data-testid=\"conversation-turn-40\" data-scroll-anchor=\"true\" data-turn=\"assistant\">\n<div class=\"text-base my-auto mx-auto pb-10 [--thread-content-margin:var(--thread-content-margin-xs,calc(var(--spacing)*4))] @w-sm\/main:[--thread-content-margin:var(--thread-content-margin-sm,calc(var(--spacing)*6))] @w-lg\/main:[--thread-content-margin:var(--thread-content-margin-lg,calc(var(--spacing)*16))] px-(--thread-content-margin)\">\n<div class=\"[--thread-content-max-width:40rem] @w-lg\/main:[--thread-content-max-width:48rem] mx-auto max-w-(--thread-content-max-width) flex-1 group\/turn-messages focus-visible:outline-hidden relative flex w-full min-w-0 flex-col agent-turn\">\n<div class=\"flex max-w-full flex-col gap-4 grow\">\n<div class=\"min-h-8 text-message relative flex w-full flex-col items-end gap-2 text-start break-words whitespace-normal outline-none keyboard-focused:focus-ring [.text-message+&amp;]:mt-1\" dir=\"auto\" tabindex=\"0\" data-message-author-role=\"assistant\" data-message-id=\"59380e2e-6df9-44e0-8276-a27663961a62\" data-message-model-slug=\"gpt-5-3\" data-turn-start-message=\"true\">\n<div class=\"flex w-full flex-col gap-1 empty:hidden\">\n<div class=\"markdown prose dark:prose-invert w-full wrap-break-word dark markdown-new-styling\">\n<section class=\"text-token-text-primary w-full focus:outline-none [--shadow-height:45px] has-data-writing-block:pointer-events-none has-data-writing-block:-mt-(--shadow-height) has-data-writing-block:pt-(--shadow-height) [&amp;:has([data-writing-block])&gt;*]:pointer-events-auto R6Vx5W_threadScrollVars scroll-mb-[calc(var(--scroll-root-safe-area-inset-bottom,0px)+var(--thread-response-height))] scroll-mt-(--header-height)\" dir=\"auto\" data-turn-id=\"a2cb1661-1453-464f-a8de-40a178c6d895\" data-testid=\"conversation-turn-1\" data-scroll-anchor=\"false\" data-turn=\"user\"><\/section>\n<section class=\"text-token-text-primary w-full focus:outline-none [--shadow-height:45px] has-data-writing-block:pointer-events-none has-data-writing-block:-mt-(--shadow-height) has-data-writing-block:pt-(--shadow-height) [&amp;:has([data-writing-block])&gt;*]:pointer-events-auto [content-visibility:auto] supports-[content-visibility:auto]:[contain-intrinsic-size:auto_100lvh] R6Vx5W_threadScrollVars scroll-mb-[calc(var(--scroll-root-safe-area-inset-bottom,0px)+var(--thread-response-height))] scroll-mt-[calc(var(--header-height)+min(200px,max(70px,20svh)))]\" dir=\"auto\" data-turn-id=\"request-WEB:176b9ba8-3f2b-431d-879f-1681a5545642-1\" data-testid=\"conversation-turn-2\" data-scroll-anchor=\"false\" data-turn=\"assistant\">\n<div class=\"text-base my-auto mx-auto pb-10 [--thread-content-margin:var(--thread-content-margin-xs,calc(var(--spacing)*4))] @w-sm\/main:[--thread-content-margin:var(--thread-content-margin-sm,calc(var(--spacing)*6))] @w-lg\/main:[--thread-content-margin:var(--thread-content-margin-lg,calc(var(--spacing)*16))] px-(--thread-content-margin)\">\n<div class=\"[--thread-content-max-width:40rem] @w-lg\/main:[--thread-content-max-width:48rem] mx-auto max-w-(--thread-content-max-width) flex-1 group\/turn-messages focus-visible:outline-hidden relative flex w-full min-w-0 flex-col agent-turn\">\n<div class=\"flex max-w-full flex-col gap-4 grow\">\n<div class=\"min-h-8 text-message relative flex w-full flex-col items-end gap-2 text-start break-words whitespace-normal outline-none keyboard-focused:focus-ring [.text-message+&amp;]:mt-1\" dir=\"auto\" tabindex=\"0\" data-message-author-role=\"assistant\" data-message-id=\"35903f6b-eedf-4e72-9a6d-0b8cd34b1111\" data-message-model-slug=\"gpt-5-3\" data-turn-start-message=\"true\">\n<div class=\"flex w-full flex-col gap-1 empty:hidden\">\n<div class=\"markdown prose dark:prose-invert w-full wrap-break-word dark markdown-new-styling\">\n<h2 data-section-id=\"7zn71m\" data-start=\"0\" data-end=\"57\">\ud83d\udce6 Box torebek \u2013 20 szt. | Torebki Premium Strefa Mody<\/h2>\n<h3 data-section-id=\"12fbpqt\" data-start=\"59\" data-end=\"116\">Profesjonalny mix torebek premium gotowy do sprzeda\u017cy<\/h3>\n<p data-start=\"118\" data-end=\"428\">Box torebek to rozwi\u0105zanie stworzone dla sprzedawc\u00f3w, kt\u00f3rzy chc\u0105 wprowadzi\u0107 do oferty <strong data-start=\"215\" data-end=\"234\">torebki premium<\/strong> bez konieczno\u015bci selekcji pojedynczych modeli. Zestaw oparty jest na mixie marek i fason\u00f3w w gatunku A, co oznacza nowy towar przygotowany do dalszej odsprzeda\u017cy w kana\u0142ach online oraz offline.<\/p>\n<p data-start=\"430\" data-end=\"662\">Produkt zosta\u0142 zaprojektowany pod k\u0105tem realnych wynik\u00f3w sprzeda\u017cowych. R\u00f3\u017cnorodno\u015b\u0107 modeli oraz sezonowy charakter mixu zwi\u0119kszaj\u0105 dopasowanie do klient\u00f3w ko\u0144cowych, co bezpo\u015brednio wp\u0142ywa na rotacj\u0119 towaru i skuteczno\u015b\u0107 sprzeda\u017cy.<\/p>\n<h3 data-section-id=\"yqzjci\" data-start=\"669\" data-end=\"694\">\ud83d\udcca Parametry produktu<\/h3>\n<ul data-start=\"696\" data-end=\"989\">\n<li data-section-id=\"1d9zqcm\" data-start=\"696\" data-end=\"734\"><strong data-start=\"698\" data-end=\"710\">Produkt:<\/strong> Box torebek \u2013 20 szt.<\/li>\n<li data-section-id=\"ecjxqk\" data-start=\"735\" data-end=\"773\"><strong data-start=\"737\" data-end=\"751\">Kategoria:<\/strong> Torebki \u2b50 PREMIUM \u2b50<\/li>\n<li data-section-id=\"1aohbba\" data-start=\"774\" data-end=\"799\"><strong data-start=\"776\" data-end=\"788\">Gatunek:<\/strong> A (nowe)<\/li>\n<li data-section-id=\"5gvsns\" data-start=\"800\" data-end=\"836\"><strong data-start=\"802\" data-end=\"813\">Rodzaj:<\/strong> Damski, damsko-m\u0119ski<\/li>\n<li data-section-id=\"16g546b\" data-start=\"837\" data-end=\"855\"><strong data-start=\"839\" data-end=\"849\">Sezon:<\/strong> Mix<\/li>\n<li data-section-id=\"ekbkwl\" data-start=\"856\" data-end=\"881\"><strong data-start=\"858\" data-end=\"872\">Producent:<\/strong> MIX TO<\/li>\n<li data-section-id=\"wip2j5\" data-start=\"882\" data-end=\"917\"><strong data-start=\"884\" data-end=\"908\">Jednostka sprzeda\u017cy:<\/strong> sztuki<\/li>\n<li data-section-id=\"ola6gn\" data-start=\"918\" data-end=\"955\"><strong data-start=\"920\" data-end=\"945\">Minimalne zam\u00f3wienie:<\/strong> 20 szt.<\/li>\n<\/ul>\n<h3 data-section-id=\"1pu16x0\" data-start=\"996\" data-end=\"1049\">\ud83d\udcb0 Markowe torebki premium \u2013 przewaga sprzeda\u017cowa<\/h3>\n<p data-start=\"1051\" data-end=\"1319\">Box torebek zawiera produkty znanych marek premium, kt\u00f3re ciesz\u0105 si\u0119 sta\u0142ym zainteresowaniem klient\u00f3w. W zestawie mog\u0105 znajdowa\u0107 si\u0119 torebki takich producent\u00f3w jak Valentino, Calvin Klein, Guess, Love Moschino, Karl Lagerfeld, Ted Baker, The Bridge czy Puma.<\/p>\n<p data-start=\"1321\" data-end=\"1478\">Markowy charakter produkt\u00f3w zwi\u0119ksza zaufanie klient\u00f3w oraz u\u0142atwia sprzeda\u017c. Segment premium pozwala budowa\u0107 wy\u017csz\u0105 warto\u015b\u0107 koszyka i osi\u0105ga\u0107 wi\u0119ksz\u0105 mar\u017c\u0119.<\/p>\n<p data-start=\"1480\" data-end=\"1507\"><strong data-start=\"1480\" data-end=\"1507\">Najwa\u017cniejsze korzy\u015bci:<\/strong><\/p>\n<ul data-start=\"1509\" data-end=\"1652\">\n<li data-section-id=\"1buknlf\" data-start=\"1509\" data-end=\"1540\">rozpoznawalne marki premium<\/li>\n<li data-section-id=\"gkk5cw\" data-start=\"1541\" data-end=\"1568\">wysoka jako\u015b\u0107 wykonania<\/li>\n<li data-section-id=\"mrupj8\" data-start=\"1569\" data-end=\"1592\">ponadczasowy design<\/li>\n<li data-section-id=\"gyxe9r\" data-start=\"1593\" data-end=\"1624\">wi\u0119ksza atrakcyjno\u015b\u0107 oferty<\/li>\n<li data-section-id=\"1j1i57x\" data-start=\"1625\" data-end=\"1652\">potencja\u0142 wy\u017cszej mar\u017cy<\/li>\n<\/ul>\n<h3 data-section-id=\"1vk82f3\" data-start=\"1659\" data-end=\"1706\">\u26a1 Model sprzeda\u017cy oparty na mixie produkt\u00f3w<\/h3>\n<p data-start=\"1708\" data-end=\"1877\">Box torebek wykorzystuje model sprzeda\u017cy oparty na r\u00f3\u017cnorodno\u015bci. Mix modeli pozwala dotrze\u0107 do r\u00f3\u017cnych grup klient\u00f3w bez konieczno\u015bci inwestowania w jeden typ produktu.<\/p>\n<p data-start=\"1879\" data-end=\"1964\">To rozwi\u0105zanie zwi\u0119ksza elastyczno\u015b\u0107 sprzeda\u017cow\u0105 i ogranicza ryzyko zalegania towaru.<\/p>\n<p data-start=\"1966\" data-end=\"1987\"><strong data-start=\"1966\" data-end=\"1987\">Efekty biznesowe:<\/strong><\/p>\n<ul data-start=\"1989\" data-end=\"2151\">\n<li data-section-id=\"1krbbsa\" data-start=\"1989\" data-end=\"2021\">wi\u0119ksze dopasowanie do rynku<\/li>\n<li data-section-id=\"2trk5x\" data-start=\"2022\" data-end=\"2051\">szybsza rotacja produkt\u00f3w<\/li>\n<li data-section-id=\"14ixdhl\" data-start=\"2052\" data-end=\"2091\">mo\u017cliwo\u015b\u0107 testowania r\u00f3\u017cnych styl\u00f3w<\/li>\n<li data-section-id=\"stu4a0\" data-start=\"2092\" data-end=\"2126\">stabilniejsze wyniki sprzeda\u017cy<\/li>\n<li data-section-id=\"demx83\" data-start=\"2127\" data-end=\"2151\">optymalizacja oferty<\/li>\n<\/ul>\n<h3 data-section-id=\"1xl903l\" data-start=\"2158\" data-end=\"2201\">\u26a1 Natychmiastowe wdro\u017cenie do sprzeda\u017cy<\/h3>\n<p data-start=\"2203\" data-end=\"2385\">Box torebek \u2013 20 szt. to gotowy zestaw, kt\u00f3ry mo\u017cna od razu wprowadzi\u0107 do sprzeda\u017cy. Brak konieczno\u015bci selekcji modeli skraca czas przygotowania oferty i upraszcza proces operacyjny.<\/p>\n<p data-start=\"2387\" data-end=\"2497\">To rozwi\u0105zanie pozwala skupi\u0107 si\u0119 na dzia\u0142aniach sprzeda\u017cowych i marketingowych, kt\u00f3re generuj\u0105 realne wyniki.<\/p>\n<h3 data-section-id=\"1p9imx7\" data-start=\"2504\" data-end=\"2549\">\ud83d\udecd Zawarto\u015b\u0107 boxa \u2013 dynamiczny mix modeli<\/h3>\n<p data-start=\"2551\" data-end=\"2744\">Ka\u017cdy box zawiera r\u00f3\u017cne modele torebek, kt\u00f3rych sk\u0142ad zale\u017cy od aktualnej dostawy. Zmienno\u015b\u0107 asortymentu zwi\u0119ksza atrakcyjno\u015b\u0107 oferty i pozwala budowa\u0107 bardziej konkurencyjny katalog produkt\u00f3w.<\/p>\n<p data-start=\"2746\" data-end=\"2776\">W zestawie mog\u0105 znajdowa\u0107 si\u0119:<\/p>\n<ul data-start=\"2778\" data-end=\"2884\">\n<li data-section-id=\"x7q2yn\" data-start=\"2778\" data-end=\"2799\">torebki codzienne<\/li>\n<li data-section-id=\"1jf4jk2\" data-start=\"2800\" data-end=\"2821\">modele eleganckie<\/li>\n<li data-section-id=\"hg7c18\" data-start=\"2822\" data-end=\"2846\">r\u00f3\u017cne fasony i style<\/li>\n<li data-section-id=\"1nlaxjq\" data-start=\"2847\" data-end=\"2884\">r\u00f3\u017cne wielko\u015bci i funkcjonalno\u015bci<\/li>\n<\/ul>\n<p data-start=\"2886\" data-end=\"2973\">Prezentowane modele maj\u0105 charakter pogl\u0105dowy. Faktyczna zawarto\u015b\u0107 boxa mo\u017ce si\u0119 r\u00f3\u017cni\u0107.<\/p>\n<h3 data-section-id=\"1l6b5vf\" data-start=\"2980\" data-end=\"3036\">\ud83d\udcc8 Sprzeda\u017c wielokana\u0142owa \u2013 wi\u0119kszy zasi\u0119g i rotacja<\/h3>\n<p data-start=\"3038\" data-end=\"3203\">Box torebek zosta\u0142 przygotowany do sprzeda\u017cy w wielu kana\u0142ach jednocze\u015bnie. Mix modeli umo\u017cliwia r\u00f3wnoleg\u0142e dzia\u0142anie na r\u00f3\u017cnych platformach sprzeda\u017cowych.<\/p>\n<p data-start=\"3205\" data-end=\"3231\"><strong data-start=\"3205\" data-end=\"3231\">Zastosowanie produktu:<\/strong><\/p>\n<ul data-start=\"3233\" data-end=\"3376\">\n<li data-section-id=\"1exz01i\" data-start=\"3233\" data-end=\"3277\">marketplace (Allegro, OLX, <a style=\"font-family: -apple-system, BlinkMacSystemFont, &#039;Segoe UI&#039;, Roboto, &#039;Helvetica Neue&#039;, Arial, &#039;Noto Sans&#039;, sans-serif, &#039;Apple Color Emoji&#039;, &#039;Segoe UI Emoji&#039;, &#039;Segoe UI Symbol&#039;, &#039;Noto Color Emoji&#039;; font-size: 16px;\" href=\"https:\/\/www.ebay.com\/\" target=\"_blank\" rel=\"noopener\">eBay<\/a>, Amazon)<\/li>\n<li data-section-id=\"1fmpn86\" data-start=\"3278\" data-end=\"3300\">sklepy internetowe<\/li>\n<li data-section-id=\"13wbqgd\" data-start=\"3301\" data-end=\"3325\">sprzeda\u017c stacjonarna<\/li>\n<li data-section-id=\"4mfzoe\" data-start=\"3326\" data-end=\"3352\">dzia\u0142alno\u015b\u0107 reseller\u00f3w<\/li>\n<li data-section-id=\"1y5dz5k\" data-start=\"3353\" data-end=\"3376\">sprzeda\u017c detaliczna<\/li>\n<\/ul>\n<p data-start=\"3378\" data-end=\"3444\">Wielokana\u0142owo\u015b\u0107 zwi\u0119ksza widoczno\u015b\u0107 oferty i przyspiesza sprzeda\u017c.<\/p>\n<h3 data-section-id=\"jmjzrs\" data-start=\"3451\" data-end=\"3495\">\u26a1 Ograniczenie ryzyka i testowanie rynku<\/h3>\n<p data-start=\"3497\" data-end=\"3671\">Decyduj\u0105c si\u0119 na box torebek, eliminujesz konieczno\u015b\u0107 wyboru konkretnych modeli. Mix umo\u017cliwia testowanie r\u00f3\u017cnych segment\u00f3w klient\u00f3w i analiz\u0119 sprzeda\u017cy w praktyce.<\/p>\n<p data-start=\"3673\" data-end=\"3787\">To podej\u015bcie pozwala szybciej dopasowa\u0107 ofert\u0119 do rynku i zwi\u0119kszy\u0107 skuteczno\u015b\u0107 sprzeda\u017cy bez dodatkowych koszt\u00f3w.<\/p>\n<h3 data-section-id=\"111su16\" data-start=\"3794\" data-end=\"3820\">\ud83d\ude9a Logistyka i dostawa<\/h3>\n<p data-start=\"3822\" data-end=\"3956\">Towar dostarczany jest na terenie Polski oraz mi\u0119dzynarodowo. Koszt transportu nie jest wliczony w cen\u0119 i ustalany jest indywidualnie.<\/p>\n<ul data-start=\"3958\" data-end=\"4085\">\n<li data-section-id=\"texsu0\" data-start=\"3958\" data-end=\"3991\">wysy\u0142ka krajowa i zagraniczna<\/li>\n<li data-section-id=\"1ijslrm\" data-start=\"3992\" data-end=\"4022\">mo\u017cliwo\u015b\u0107 eksportu poza UE<\/li>\n<li data-section-id=\"mkmwbf\" data-start=\"4023\" data-end=\"4054\">indywidualna wycena dostawy<\/li>\n<li data-section-id=\"igemay\" data-start=\"4055\" data-end=\"4085\">szybka realizacja zam\u00f3wie\u0144<\/li>\n<\/ul>\n<h3 data-section-id=\"th3y4x\" data-start=\"4092\" data-end=\"4126\">\ud83c\udfa5 Transparentno\u015b\u0107 i materia\u0142y<\/h3>\n<p data-start=\"4128\" data-end=\"4189\">Na \u017cyczenie klienta dost\u0119pne s\u0105 materia\u0142y z ostatnich dostaw.<\/p>\n<ul data-start=\"4191\" data-end=\"4265\">\n<li data-section-id=\"1ahf2wf\" data-start=\"4191\" data-end=\"4226\">zdj\u0119cia rzeczywistych produkt\u00f3w<\/li>\n<li data-section-id=\"1d1dzph\" data-start=\"4227\" data-end=\"4245\">nagrania wideo<\/li>\n<li data-section-id=\"bmwojr\" data-start=\"4246\" data-end=\"4265\">podgl\u0105d jako\u015bci<\/li>\n<\/ul>\n<h3 data-section-id=\"1l2nz0f\" data-start=\"4272\" data-end=\"4301\">\u26a0\ufe0f Informacje sprzeda\u017cowe<\/h3>\n<ul data-start=\"4303\" data-end=\"4336\">\n<li data-section-id=\"1ewf4dp\" data-start=\"4303\" data-end=\"4336\">oferta obejmuje mix produkt\u00f3w<\/li>\n<\/ul>\n<h3 data-section-id=\"19xlylu\" data-start=\"4343\" data-end=\"4378\">\ud83d\udcde Zam\u00f3wienia hurtowe i kontakt<\/h3>\n<p data-start=\"4380\" data-end=\"4504\">W celu uzyskania szczeg\u00f3\u0142owych informacji o dost\u0119pno\u015bci oraz warunkach zam\u00f3wienia zalecany jest kontakt z dzia\u0142em handlowym.<\/p>\n<p data-start=\"4506\" data-end=\"4577\">Zam\u00f3wienia realizowane s\u0105 na bie\u017c\u0105co, zgodnie z dost\u0119pno\u015bci\u0105 produkt\u00f3w.<\/p>\n<h3 data-section-id=\"1ym0ame\" data-start=\"4584\" data-end=\"4640\">\ud83d\udd11 Podsumowanie \u2013 efektywna sprzeda\u017c torebek premium<\/h3>\n<p data-start=\"4642\" data-end=\"4842\">Box torebek \u2013 20 szt. to rozwi\u0105zanie dla sprzedawc\u00f3w, kt\u00f3rzy chc\u0105 dzia\u0142a\u0107 szybko i skutecznie. Markowy asortyment, jako\u015b\u0107 gatunku A oraz r\u00f3\u017cnorodno\u015b\u0107 modeli tworz\u0105 ofert\u0119 zoptymalizowan\u0105 pod sprzeda\u017c.<\/p>\n<p data-start=\"4844\" data-end=\"4957\">Produkt umo\u017cliwia szybkie wej\u015bcie na rynek, ograniczenie koszt\u00f3w operacyjnych oraz zwi\u0119kszenie wynik\u00f3w sprzeda\u017cy.<\/p>\n<h2 data-section-id=\"7zn71m\" data-start=\"0\" data-end=\"57\"><span style=\"font-family: -apple-system, BlinkMacSystemFont, 'Segoe UI', Roboto, 'Helvetica Neue', Arial, 'Noto Sans', sans-serif, 'Apple Color Emoji', 'Segoe UI Emoji', 'Segoe UI Symbol', 'Noto Color Emoji'; font-size: 16px;\">\ud83d\udd17 Rozszerz ofert\u0119<\/span><\/h2>\n<p data-start=\"4891\" data-end=\"5053\" data-is-last-node=\"\" data-is-only-node=\"\">Zobacz r\u00f3wnie\u017c inne kategorie w <strong><a href=\"https:\/\/stockify24.pl\/kategoria-produktu\/strefa-mody\/\">Strefie Mody<\/a><\/strong> oraz dost\u0119pne boxy i palety produktowe.<br data-start=\"4975\" data-end=\"4978\" \/>Aktualne informacje i wskaz\u00f3wki sprzeda\u017cowe znajdziesz <a href=\"https:\/\/stockify24.pl\/blog-stockify24-pl\/\"><strong>na blogu Stockify24<\/strong><\/a>.<\/p>\n<\/div>\n<\/div>\n<\/div>\n<\/div>\n<\/div>\n<\/div>\n<\/section>\n<\/div>\n<\/div>\n<\/div>\n<\/div>\n<\/div>\n<\/div>\n<\/section>\n<\/div>\n<\/div>\n<\/div>\n<\/div>\n<\/div>\n<\/div>\n<\/div>\n<\/section>\n<\/div>\n<\/div>\n<\/div>\n<\/div>\n<\/div>\n<\/div>\n<\/div>\n<\/div>\n<\/div>\n<\/div>\n<\/div>\n<\/div>\n<\/div>\n<\/section>\n<\/div>\n","protected":false},"excerpt":{"rendered":"<p class=\"p1\">\u26a1 Towar ma charakter mixu<\/p>\n<p class=\"p1\">\ud83d\udd25 Amazon Returns<\/p>\n<p class=\"p1\" style=\"text-align: left;\">\u2714\ufe0f Jako\u015b\u0107 <strong>A<\/strong><\/p>","protected":false},"featured_media":51752,"comment_status":"open","ping_status":"closed","template":"","meta":{"_acf_changed":false},"product_brand":[],"product_cat":[1317],"product_tag":[1321,1322],"class_list":{"0":"post-51751","1":"product","2":"type-product","3":"status-publish","4":"has-post-thumbnail","6":"product_cat-torebki","7":"product_tag-amazon-returns","8":"product_tag-torebki-premium","10":"first","11":"instock","12":"sold-individually","13":"taxable","14":"shipping-taxable","15":"purchasable","16":"product-type-simple"},"acf":[],"_links":{"self":[{"href":"https:\/\/stockify24.pl\/en\/wp-json\/wp\/v2\/product\/51751","targetHints":{"allow":["GET"]}}],"collection":[{"href":"https:\/\/stockify24.pl\/en\/wp-json\/wp\/v2\/product"}],"about":[{"href":"https:\/\/stockify24.pl\/en\/wp-json\/wp\/v2\/types\/product"}],"replies":[{"embeddable":true,"href":"https:\/\/stockify24.pl\/en\/wp-json\/wp\/v2\/comments?post=51751"}],"wp:featuredmedia":[{"embeddable":true,"href":"https:\/\/stockify24.pl\/en\/wp-json\/wp\/v2\/media\/51752"}],"wp:attachment":[{"href":"https:\/\/stockify24.pl\/en\/wp-json\/wp\/v2\/media?parent=51751"}],"wp:term":[{"taxonomy":"product_brand","embeddable":true,"href":"https:\/\/stockify24.pl\/en\/wp-json\/wp\/v2\/product_brand?post=51751"},{"taxonomy":"product_cat","embeddable":true,"href":"https:\/\/stockify24.pl\/en\/wp-json\/wp\/v2\/product_cat?post=51751"},{"taxonomy":"product_tag","embeddable":true,"href":"https:\/\/stockify24.pl\/en\/wp-json\/wp\/v2\/product_tag?post=51751"}],"curies":[{"name":"wp","href":"https:\/\/api.w.org\/{rel}","templated":true}]}}