{"id":177,"date":"2025-03-06T02:21:06","date_gmt":"2025-03-06T02:21:06","guid":{"rendered":"https:\/\/stockify24.pl\/?page_id=177"},"modified":"2026-03-19T11:23:14","modified_gmt":"2026-03-19T10:23:14","slug":"regulamin","status":"publish","type":"page","link":"https:\/\/stockify24.pl\/es\/regulamin\/","title":{"rendered":"Normativa"},"content":{"rendered":"<div data-elementor-type=\"wp-page\" data-elementor-id=\"177\" class=\"elementor elementor-177\" data-elementor-post-type=\"page\">\n\t\t\t\t<div class=\"elementor-element elementor-element-3b1f206 e-con-full e-flex e-con e-child\" data-id=\"3b1f206\" data-element_type=\"container\" data-e-type=\"container\">\n\t\t<div class=\"elementor-element elementor-element-c297d1d e-con-full e-flex e-con e-child\" data-id=\"c297d1d\" data-element_type=\"container\" data-e-type=\"container\" data-settings=\"{&quot;background_background&quot;:&quot;gradient&quot;,&quot;animation&quot;:&quot;none&quot;,&quot;shape_divider_bottom&quot;:&quot;arrow&quot;}\">\n\t\t\t\t<div class=\"elementor-shape elementor-shape-bottom\" aria-hidden=\"true\" data-negative=\"false\">\n\t\t\t<svg xmlns=\"http:\/\/www.w3.org\/2000\/svg\" viewbox=\"0 0 700 10\" preserveaspectratio=\"none\">\n\t<path class=\"elementor-shape-fill\" d=\"M350,10L340,0h20L350,10z\"\/>\n<\/svg>\t\t<\/div>\n\t\t<div class=\"elementor-element elementor-element-8bbab4e e-flex e-con-boxed e-con e-child\" data-id=\"8bbab4e\" data-element_type=\"container\" data-e-type=\"container\">\n\t\t\t\t\t<div class=\"e-con-inner\">\n\t\t<div class=\"elementor-element elementor-element-ec6fbf4 e-con-full breadcrumbs-list-page e-flex e-con e-child\" data-id=\"ec6fbf4\" data-element_type=\"container\" data-e-type=\"container\">\n\t\t\t\t<div class=\"elementor-element elementor-element-f2c3d72 elementor-widget elementor-widget-shortcode\" data-id=\"f2c3d72\" data-element_type=\"widget\" data-e-type=\"widget\" data-widget_type=\"shortcode.default\">\n\t\t\t\t\t\t\t<div class=\"elementor-shortcode\"><nav aria-label=\"pan rallado\" class=\"rank-math-breadcrumb\"><p><span class=\"last\">P\u00e1gina de inicio<\/span><\/p><\/nav><\/div>\n\t\t\t\t\t\t<\/div>\n\t\t\t\t<\/div>\n\t\t\t\t<div class=\"elementor-element elementor-element-64088ef heading-title-2 elementor-widget elementor-widget-heading\" data-id=\"64088ef\" data-element_type=\"widget\" data-e-type=\"widget\" data-widget_type=\"heading.default\">\n\t\t\t\t\t<h1 class=\"elementor-heading-title elementor-size-default\">Normativa<\/h1>\t\t\t\t<\/div>\n\t\t\t\t\t<\/div>\n\t\t\t\t<\/div>\n\t\t\t\t<\/div>\n\t\t\t\t<\/div>\n\t\t<div class=\"elementor-element elementor-element-a960931 e-flex e-con-boxed e-con e-parent\" data-id=\"a960931\" data-element_type=\"container\" data-e-type=\"container\" data-settings=\"{&quot;background_background&quot;:&quot;classic&quot;,&quot;animation&quot;:&quot;none&quot;}\">\n\t\t\t\t\t<div class=\"e-con-inner\">\n\t\t\t\t<div class=\"elementor-element elementor-element-22ecc02 elementor-widget elementor-widget-text-editor\" data-id=\"22ecc02\" data-element_type=\"widget\" data-e-type=\"widget\" data-widget_type=\"text-editor.default\">\n\t\t\t\t\t\t\t\t\t<h2><b>\u00a7 I. DEFINICIONES<\/b><\/h2><ol start=\"1\"><li><p class=\"p1\"><span class=\"s1\"><b>Formulario<\/b><\/span> - el formulario de pedido electr\u00f3nico disponible en el sitio web de Stockify24 para realizar pedidos.<\/p><\/li><li><p class=\"p1\"><span class=\"s1\"><b>Empresario<\/b><\/span> - una persona f\u00edsica, una persona jur\u00eddica o una unidad organizativa sin personalidad jur\u00eddica, con capacidad jur\u00eddica y que ejerce una actividad econ\u00f3mica o profesional, incluida la actividad no registrada, de conformidad con una normativa espec\u00edfica.<\/p><\/li><li><p class=\"p1\"><span class=\"s1\"><b>Consumidores<\/b><\/span> - una persona f\u00edsica que realice una Orden con fines que no est\u00e9n directamente relacionados con su actividad comercial o profesional.<\/p><\/li><li><p class=\"p1\"><span class=\"s1\"><b>Mercanc\u00eda<\/b><\/span> - cualquier producto presentado en el sitio web de Stockify24.<\/p><\/li><li><p class=\"p1\"><span class=\"s1\"><b>Mercanc\u00edas de clase A<\/b><\/span> - Nuevos y en buen estado de funcionamiento, embalados en su envoltorio original intacto o ligeramente da\u00f1ado.<\/p><\/li><li><p class=\"p1\"><span class=\"s1\"><b>Mercanc\u00edas de clase B<\/b><\/span> - bienes usados y en buen estado, que pueden estar en embalajes da\u00f1ados, embalajes originales o embalajes de sustituci\u00f3n.<\/p><\/li><li><p class=\"p1\"><span class=\"s1\"><b>Productos de clase C<\/b><\/span> - mercanc\u00edas que puedan estar da\u00f1adas o defectuosas, vendidas en un estado claramente marcado como da\u00f1ado.<\/p><\/li><li><p class=\"p1\"><span class=\"s1\"><b>Servicio<\/b><\/span> - plataforma estructurada de Internet disponible en https:\/\/stockify24.pl, que permite la realizaci\u00f3n de Pedidos, el uso de servicios de informaci\u00f3n y comunicaci\u00f3n y otras funcionalidades puestas a disposici\u00f3n por el Vendedor.<\/p><\/li><li><p class=\"p1\"><span class=\"s1\"><b>Contrato de venta<\/b><\/span> - contrato de venta de Bienes celebrado a distancia entre el Vendedor y el Comprador\/Consumidor, en el sentido del C\u00f3digo Civil y de la Ley de Derechos del Consumidor.<\/p><\/li><li><p class=\"p1\"><span class=\"s1\"><b>Usuario<\/b><\/span> - cualquier persona que utilice el Servicio de Stockify24, independientemente del prop\u00f3sito de uso, incluyendo Consumidores y Empresarios.<\/p><\/li><li><p class=\"p1\"><span class=\"s1\"><b>Empresario<\/b><\/span> - persona f\u00edsica, entidad jur\u00eddica o unidad organizativa que realiza un Pedido en el Sitio Web, que puede ser un Consumidor o un Empresario.<\/p><\/li><li><p class=\"p1\"><span class=\"s1\"><b>Pida<\/b><\/span> - una declaraci\u00f3n de voluntad del Comprador de celebrar un Contrato de Venta, especificando el tipo, la cantidad de Bienes, la forma de pago y la entrega.<\/p><\/li><\/ol><h2><b>\u00a7 II. DISPOSICIONES GENERALES<\/b><\/h2><ol start=\"1\"><li><p class=\"p1\">El administrador del Sitio Web y propietario de la tienda Stockify24 es:<\/p><p class=\"p2\"><b>One Dollar sp. z o.o.<\/b>\u00a0con domicilio social en: Szcz\u0119sna 26, 02-454 Varsovia, inscrita en el Registro de Empresarios del Registro Judicial Nacional con el n\u00famero KRS: 0000919651, NIP: 9-512-525-762 REGON: 389-870-478.<\/p><\/li><li><p class=\"p1\">El presente Reglamento establece las normas de uso del Sitio Web, la realizaci\u00f3n de Pedidos y la prestaci\u00f3n de servicios por v\u00eda electr\u00f3nica, de conformidad con la Ley de 18 de julio de 2002 sobre la prestaci\u00f3n de servicios por v\u00eda electr\u00f3nica y la Ley de 30 de mayo de 2014 sobre los derechos de los consumidores.<\/p><\/li><li><p class=\"p1\">El uso del Servicio implica la aceptaci\u00f3n de los T\u00e9rminos y Condiciones. Cada Usuario debe leer los T\u00e9rminos y Condiciones y confirmar su aceptaci\u00f3n de los mismos antes de utilizar el Servicio.<\/p><\/li><li><p class=\"p1\">La informaci\u00f3n sobre los Productos, incluyendo descripciones, par\u00e1metros t\u00e9cnicos, im\u00e1genes y precios, constituir\u00e1 una invitaci\u00f3n a celebrar un Contrato de Venta.<\/p><\/li><li><p class=\"p1\">Los precios de los Productos se indican en zlotys polacos (PLN) e incluyen todos los impuestos aplicables, incluidos el IVA, los derechos de aduana y otros cargos, a menos que se indique lo contrario.<\/p><\/li><\/ol><h2><b>\u00a7 III. SERVICIOS ELECTR\u00d3NICOS<\/b><\/h2><ol start=\"1\"><li><p class=\"p1\">El Vendedor pondr\u00e1 a disposici\u00f3n de los Usuarios los siguientes servicios por v\u00eda electr\u00f3nica:<\/p><p class=\"p1\">(a) ver material e informaci\u00f3n sobre los Productos, consejos, art\u00edculos y otros contenidos disponibles en el Sitio Web;<\/p><p class=\"p1\">(b) uso de formularios de contacto y chat para hacer preguntas y obtener ayuda;<\/p><p class=\"p1\">c) realizar pedidos de Productos a trav\u00e9s del Servicio.<\/p><\/li><li><p class=\"p1\">El uso de los servicios mencionados en las letras a) y b) es gratuito. La realizaci\u00f3n de Pedidos conlleva la obligaci\u00f3n de efectuar el pago de acuerdo con la modalidad de pago elegida.<\/p><\/li><li><p class=\"p1\">Para utilizar el Sitio Web, es necesario disponer de un dispositivo con acceso a Internet y un navegador web.<\/p><\/li><li><p class=\"p1\">El Vendedor podr\u00e1 introducir interrupciones t\u00e9cnicas en el funcionamiento del Sitio Web, pero no ser\u00e1 responsable de los inconvenientes resultantes.<\/p><\/li><li><p class=\"p1\">El vendedor no se hace responsable de:<\/p><p class=\"p1\">a) la forma en que los Usuarios utilizan el Sitio Web y las consecuencias de dichas acciones;<\/p><p class=\"p1\">b) la exactitud, pertinencia y consecuencias de la utilizaci\u00f3n de la informaci\u00f3n descargada del Sitio Web;<\/p><p class=\"p1\">c) da\u00f1os resultantes de causas ajenas a la voluntad del Vendedor, incluidas causas de fuerza mayor o acciones de terceros;<\/p><p class=\"p1\">d) amenazas en Internet, como la pirater\u00eda inform\u00e1tica, el secuestro de contrase\u00f1as o la infecci\u00f3n de dispositivos con virus.<\/p><\/li><\/ol><h2><b>\u00a7 IV. INSCRIPCI\u00d3N Y UTILIZACI\u00d3N DEL SERVICIO<\/b><\/h2><ol start=\"1\"><li><p class=\"p1\">La condici\u00f3n para utilizar el Sitio Web, incluida la realizaci\u00f3n de Pedidos, es crear una cuenta de Usuario cumplimentando el formulario de registro y aceptando los T\u00e9rminos y Condiciones.<\/p><\/li><li><p class=\"p1\">Al registrarse, el Usuario est\u00e1 obligado a proporcionar datos personales verdaderos y actuales marcados como obligatorios.<\/p><\/li><li><p class=\"p1\">El Usuario puede darse de baja del Sitio Web en cualquier momento enviando una declaraci\u00f3n por correo electr\u00f3nico a biuro.stockify@gmail.com o por correo postal a la direcci\u00f3n postal del Vendedor. La baja conlleva la eliminaci\u00f3n de la cuenta y la p\u00e9rdida de acceso a las funciones del Sitio web.<\/p><\/li><li><p class=\"p1\">El Vendedor podr\u00e1 eliminar su cuenta o restringir su acceso al Sitio Web en caso de incumplimiento de los T\u00e9rminos y Condiciones, incluyendo:<\/p><p class=\"p1\">(a) el suministro de datos falsos o enga\u00f1osos;<\/p><p class=\"p1\">b) violar los derechos personales de otros usuarios;<\/p><p class=\"p1\">c) actos contrarios a la ley o a las buenas costumbres en Internet.<\/p><\/li><li><p class=\"p1\">Un usuario cuya cuenta haya sido eliminada en las circunstancias descritas anteriormente no podr\u00e1 volver a registrar la cuenta sin el consentimiento del Vendedor.<\/p><\/li><\/ol><h2><b>\u00a7 V. VENTA A DISTANCIA<\/b><\/h2><ol start=\"1\"><li><p class=\"p1\">Para celebrar un Contrato de Venta a trav\u00e9s del Sitio Web, el Usuario debe acceder al sitio web https:\/\/stockify24.pl, registrarse o iniciar sesi\u00f3n en su cuenta y, a continuaci\u00f3n, seleccionar los Productos de su inter\u00e9s. Los Productos se seleccionan a\u00f1adi\u00e9ndolos a la cesta de la compra, de acuerdo con los mensajes mostrados y la informaci\u00f3n disponible en el Sitio web.<\/p><\/li><li><p class=\"p1\">Al realizar un Pedido, el Usuario tiene la posibilidad de verificar y modificar repetidamente los datos introducidos y seleccionar los Productos hasta pulsar el bot\u00f3n \u201ePedir y pagar\u201d. En particular, el Usuario puede modificar la cantidad de los productos solicitados, seleccionar la variante de los Bienes, actualizar la direcci\u00f3n de entrega y elegir el m\u00e9todo preferido de pago y entrega.<\/p><\/li><li><p class=\"p1\">Al realizar un Pedido, el Usuario declara que todos los datos facilitados son ciertos y correctos. En el caso de los Consumidores, los datos deber\u00e1n ser conformes con los documentos de identidad, y en el caso de los Empresarios, con los documentos de registro o datos de la empresa. La persona que cumplimenta el formulario de Pedido es plenamente responsable de la veracidad de los datos facilitados.<\/p><\/li><li><p class=\"p1\">Una vez introducidos todos los datos necesarios y a\u00f1adidos los Productos a la cesta, el Servicio muestra un resumen del Pedido, que incluye:<\/p><p class=\"p1\">a) una descripci\u00f3n detallada del objeto del Pedido, incluyendo los nombres de las Mercanc\u00edas, cantidades, variantes y calidades;<\/p><p class=\"p1\">(b) el precio unitario y total de los Productos solicitados, junto con los gastos de entrega y cualquier cargo adicional, incluidos los impuestos;<\/p><p class=\"p1\">(c) el m\u00e9todo de pago elegido y las condiciones de pago;<\/p><p class=\"p1\">d) el m\u00e9todo de entrega elegido;<\/p><p class=\"p1\">(e) plazo de entrega previsto;<\/p><p class=\"p1\">f) cualquier observaci\u00f3n o informaci\u00f3n adicional relativa a la ejecuci\u00f3n de la Orden.<\/p><\/li><li><p class=\"p1\">Para enviar un Pedido, el Usuario debe:<\/p><p class=\"p1\">a) aceptar el contenido de las presentes Condiciones Generales;<\/p><p class=\"p1\">b) confirmar la exactitud de los datos personales y la direcci\u00f3n de entrega facilitados;<\/p><p class=\"p1\">c) pulse el bot\u00f3n \u201ePedir y pagar\u201d.<\/p><\/li><li><p class=\"p1\">La realizaci\u00f3n de un Pedido en el Sitio Web supone la presentaci\u00f3n de una declaraci\u00f3n de voluntad de celebrar un Contrato de Venta con el Vendedor en las condiciones especificadas en el Reglamento. En el momento en que se realiza el Pedido, surge la obligaci\u00f3n de realizar el pago de los Productos de acuerdo con el m\u00e9todo de pago seleccionado.<\/p><\/li><li><p class=\"p1\">Una vez realizado el Pedido, el Usuario recibe un correo electr\u00f3nico que contiene:<\/p><p class=\"p1\">a) confirmaci\u00f3n de la aceptaci\u00f3n del Pedido;<\/p><p class=\"p1\">(b) los detalles del Pedido, incluida una lista de los Productos, los precios, el m\u00e9todo y el coste de entrega, el m\u00e9todo de pago elegido y la fecha de entrega prevista;<\/p><p class=\"p1\">c) confirmaci\u00f3n condicional de la recepci\u00f3n del Pedido, sujeta a la recepci\u00f3n del pago por parte del Vendedor.<\/p><\/li><li><p class=\"p1\">Si el Vendedor no recibe el pago en un plazo de 30 d\u00edas h\u00e1biles a partir de la fecha del Pedido, se considerar\u00e1 que el Usuario retira el Pedido. El Vendedor informar\u00e1 al Usuario de dicha retirada por correo electr\u00f3nico a la direcci\u00f3n de correo electr\u00f3nico facilitada al realizar el Pedido.<\/p><\/li><li><p class=\"p1\">El Vendedor no ser\u00e1 responsable de los errores cometidos por el Usuario en el curso de la realizaci\u00f3n del Pedido, en particular de los errores en la direcci\u00f3n de entrega, n\u00famero de contacto u otros datos necesarios para la ejecuci\u00f3n del Pedido.<\/p><\/li><li><p class=\"p1\">Una vez cumplidos los requisitos descritos anteriormente, el Vendedor env\u00eda la Mercanc\u00eda a la direcci\u00f3n especificada en el formulario de Pedido, adjuntando instrucciones para el uso de la Mercanc\u00eda y un documento confirmando la venta (recibo o factura de IVA).<\/p><\/li><li><p class=\"p1\">El Vendedor podr\u00e1 negarse a tramitar un Pedido en los siguientes casos:<\/p><p class=\"p1\">a) los datos facilitados por el Usuario sean incompletos, incorrectos o falsos;<\/p><p class=\"p1\">b) La Orden se curs\u00f3 como consecuencia de una intromisi\u00f3n no autorizada en el sistema inform\u00e1tico del Servicio;<\/p><p class=\"p1\">c) El pedido no se paga a pesar de que el Usuario declara que el pago se efectuar\u00e1 en el momento de la entrega.<\/p><\/li><li><p class=\"p1\">Hasta el env\u00edo de los Productos, el Usuario tiene derecho a retirar el Pedido enviando una declaraci\u00f3n a tal efecto a la direcci\u00f3n de correo electr\u00f3nico: biuro.stockify@gmail.com. El desistimiento del Pedido anula la obligaci\u00f3n de pago si \u00e9ste a\u00fan no se ha efectuado.<\/p><\/li><\/ol><h2><b>\u00a7 VI. SUMINISTRO<\/b><\/h2><ol start=\"1\"><li><p class=\"p1\">Los Productos podr\u00e1n entregarse en el territorio de Polonia y en el extranjero, en la direcci\u00f3n indicada por el Ordenante al realizar el Pedido.<\/p><\/li><li><p class=\"p1\">La entrega se realiza por mensajer\u00eda (DPD, DHL, InPost o cualquier otra mensajer\u00eda indicada en el Sitio Web) y los costes detallados se muestran en el resumen del Pedido.<\/p><\/li><li><p class=\"p1\">El plazo de entrega es de hasta 14 d\u00edas laborables a partir de la fecha en que se acredite el pago, a menos que se indique un plazo diferente en la descripci\u00f3n de los Productos.<\/p><\/li><li><p class=\"p1\">El vendedor no se hace responsable de los retrasos debidos a causas ajenas a su voluntad.<\/p><\/li><li><p class=\"p1\">Los bienes adquiridos en el Sitio Web s\u00f3lo podr\u00e1n devolverse o reclamarse en las situaciones previstas por la ley o descritas en el apartado VII.<\/p><\/li><\/ol><h2><b>\u00a7 VII. RECLAMACIONES Y RESCISI\u00d3N DEL CONTRATO<\/b><\/h2><ol start=\"1\"><li><p class=\"p1\">Las quejas sobre el funcionamiento del servicio pueden hacerse por correo electr\u00f3nico a biuro.stockify@gmail.com o enviando una carta a la direcci\u00f3n del administrador.<\/p><\/li><li><p class=\"p1\">Por favor, incluya sus datos en la solicitud: nombre, direcci\u00f3n y correo electr\u00f3nico.<\/p><\/li><li><p class=\"p1\">Tambi\u00e9n es necesario describir detalladamente el problema al que se refiere la queja.<\/p><\/li><li><p class=\"p1\">El administrador examinar\u00e1 la reclamaci\u00f3n en un plazo de 14 d\u00edas a partir de su recepci\u00f3n.<\/p><\/li><li><p class=\"p1\">En algunos casos, puede pedir al usuario informaci\u00f3n adicional o aclaraciones.<\/p><\/li><li><p class=\"p1\">Se enviar\u00e1 una respuesta a la reclamaci\u00f3n a la direcci\u00f3n facilitada por el usuario.<\/p><\/li><li><p class=\"p1\">El administrador no es responsable de las consecuencias de un uso inadecuado de los bienes adquiridos y la oferta no se dirige a los consumidores, por lo que no existe la posibilidad de rescindir el contrato en un plazo de 14 d\u00edas.<\/p><\/li><li><p class=\"p1\">De conformidad con el art\u00edculo 558 \u00a7 1 del C\u00f3digo Civil, el Administrador excluye los derechos del Comprador en virtud de la garant\u00eda por defectos de los bienes.<\/p><\/li><\/ol><h2><b>\u00a7 VIII. DISPOSICIONES FINALES<\/b><\/h2><ol start=\"1\"><li><p class=\"p1\">El Vendedor se reserva el derecho de modificar los T\u00e9rminos y Condiciones en cualquier momento, y el uso del Sitio Web despu\u00e9s de que se realicen las modificaciones constituye la aceptaci\u00f3n de las mismas.<\/p><\/li><li><p class=\"p1\">Los reglamentos en formato PDF pueden descargarse en: https:\/\/stockify24.pl.<\/p><\/li><li><p class=\"p1\">Los asuntos no cubiertos por estas Condiciones Generales se regir\u00e1n por las disposiciones del C\u00f3digo Civil y la Ley de Derechos del Consumidor, as\u00ed como por otras leyes aplicables.<\/p><\/li><\/ol>\t\t\t\t\t\t\t\t<\/div>\n\t\t\t\t\t<\/div>\n\t\t\t\t<\/div>\n\t\t\t\t<\/div>","protected":false},"excerpt":{"rendered":"<p>\u00a7 I. DEFINICJE Formularz \u2013 elektroniczny formularz zam\u00f3wienia udost\u0119pniony w Serwisie Stockify24, s\u0142u\u017c\u0105cy do sk\u0142adania Zam\u00f3wie\u0144. Przedsi\u0119biorca \u2013 osoba fizyczna, osoba prawna lub jednostka organizacyjna nieposiadaj\u0105ca osobowo\u015bci prawnej, posiadaj\u0105ca zdolno\u015b\u0107 prawn\u0105 i wykonuj\u0105ca dzia\u0142alno\u015b\u0107 gospodarcz\u0105 lub zawodow\u0105, w tym dzia\u0142alno\u015b\u0107 nierejestrowan\u0105, zgodnie z odr\u0119bnymi przepisami. Konsument \u2013 osoba fizyczna dokonuj\u0105ca Zam\u00f3wienia w celach niezwi\u0105zanych bezpo\u015brednio [&hellip;]<\/p>\n","protected":false},"author":1,"featured_media":0,"parent":0,"menu_order":0,"comment_status":"closed","ping_status":"closed","template":"","meta":{"_acf_changed":false,"footnotes":""},"class_list":["post-177","page","type-page","status-publish","hentry"],"acf":[],"_links":{"self":[{"href":"https:\/\/stockify24.pl\/es\/wp-json\/wp\/v2\/pages\/177","targetHints":{"allow":["GET"]}}],"collection":[{"href":"https:\/\/stockify24.pl\/es\/wp-json\/wp\/v2\/pages"}],"about":[{"href":"https:\/\/stockify24.pl\/es\/wp-json\/wp\/v2\/types\/page"}],"author":[{"embeddable":true,"href":"https:\/\/stockify24.pl\/es\/wp-json\/wp\/v2\/users\/1"}],"replies":[{"embeddable":true,"href":"https:\/\/stockify24.pl\/es\/wp-json\/wp\/v2\/comments?post=177"}],"version-history":[{"count":9,"href":"https:\/\/stockify24.pl\/es\/wp-json\/wp\/v2\/pages\/177\/revisions"}],"predecessor-version":[{"id":50327,"href":"https:\/\/stockify24.pl\/es\/wp-json\/wp\/v2\/pages\/177\/revisions\/50327"}],"wp:attachment":[{"href":"https:\/\/stockify24.pl\/es\/wp-json\/wp\/v2\/media?parent=177"}],"curies":[{"name":"wp","href":"https:\/\/api.w.org\/{rel}","templated":true}]}}