{"id":178,"date":"2025-03-06T02:21:36","date_gmt":"2025-03-06T02:21:36","guid":{"rendered":"https:\/\/stockify24.pl\/?page_id=178"},"modified":"2026-03-19T11:23:17","modified_gmt":"2026-03-19T10:23:17","slug":"zwroty-i-reklamacje","status":"publish","type":"page","link":"https:\/\/stockify24.pl\/es\/zwroty-i-reklamacje\/","title":{"rendered":"Devoluciones y reclamaciones"},"content":{"rendered":"<div data-elementor-type=\"wp-page\" data-elementor-id=\"178\" class=\"elementor elementor-178\" data-elementor-post-type=\"page\">\n\t\t\t\t<div class=\"elementor-element elementor-element-c77cb2d e-con-full e-flex e-con e-child\" data-id=\"c77cb2d\" data-element_type=\"container\" data-e-type=\"container\">\n\t\t<div class=\"elementor-element elementor-element-19d851f e-con-full e-flex e-con e-child\" data-id=\"19d851f\" data-element_type=\"container\" data-e-type=\"container\" data-settings=\"{&quot;background_background&quot;:&quot;gradient&quot;,&quot;animation&quot;:&quot;none&quot;,&quot;shape_divider_bottom&quot;:&quot;arrow&quot;}\">\n\t\t\t\t<div class=\"elementor-shape elementor-shape-bottom\" aria-hidden=\"true\" data-negative=\"false\">\n\t\t\t<svg xmlns=\"http:\/\/www.w3.org\/2000\/svg\" viewbox=\"0 0 700 10\" preserveaspectratio=\"none\">\n\t<path class=\"elementor-shape-fill\" d=\"M350,10L340,0h20L350,10z\"\/>\n<\/svg>\t\t<\/div>\n\t\t<div class=\"elementor-element elementor-element-8a01c6a e-flex e-con-boxed e-con e-child\" data-id=\"8a01c6a\" data-element_type=\"container\" data-e-type=\"container\">\n\t\t\t\t\t<div class=\"e-con-inner\">\n\t\t<div class=\"elementor-element elementor-element-d4b0788 e-con-full breadcrumbs-list-page e-flex e-con e-child\" data-id=\"d4b0788\" data-element_type=\"container\" data-e-type=\"container\">\n\t\t\t\t<div class=\"elementor-element elementor-element-5b1b200 elementor-widget elementor-widget-shortcode\" data-id=\"5b1b200\" data-element_type=\"widget\" data-e-type=\"widget\" data-widget_type=\"shortcode.default\">\n\t\t\t\t\t\t\t<div class=\"elementor-shortcode\"><nav aria-label=\"pan rallado\" class=\"rank-math-breadcrumb\"><p><span class=\"last\">P\u00e1gina de inicio<\/span><\/p><\/nav><\/div>\n\t\t\t\t\t\t<\/div>\n\t\t\t\t<\/div>\n\t\t\t\t<div class=\"elementor-element elementor-element-59cf3da heading-title-2 elementor-widget elementor-widget-heading\" data-id=\"59cf3da\" data-element_type=\"widget\" data-e-type=\"widget\" data-widget_type=\"heading.default\">\n\t\t\t\t\t<h1 class=\"elementor-heading-title elementor-size-default\">Devoluciones y reclamaciones<\/h1>\t\t\t\t<\/div>\n\t\t\t\t\t<\/div>\n\t\t\t\t<\/div>\n\t\t\t\t<\/div>\n\t\t\t\t<\/div>\n\t\t<div class=\"elementor-element elementor-element-dbcf4b3 e-flex e-con-boxed e-con e-parent\" data-id=\"dbcf4b3\" data-element_type=\"container\" data-e-type=\"container\" data-settings=\"{&quot;background_background&quot;:&quot;classic&quot;,&quot;animation&quot;:&quot;none&quot;}\">\n\t\t\t\t\t<div class=\"e-con-inner\">\n\t\t\t\t<div class=\"elementor-element elementor-element-adbd6ed elementor-widget elementor-widget-text-editor\" data-id=\"adbd6ed\" data-element_type=\"widget\" data-e-type=\"widget\" data-widget_type=\"text-editor.default\">\n\t\t\t\t\t\t\t\t\t<p class=\"p1\">Las reclamaciones relativas al funcionamiento del sitio web o a los productos adquiridos pueden enviarse por correo electr\u00f3nico a: <span class=\"s1\"><b>biuro.stockify@gmail.com<\/b><\/span> o por escrito a la direcci\u00f3n del Administrador.<\/p><p class=\"p1\">La queja debe contener los datos de la persona que la presenta (nombre, apellidos, direcci\u00f3n, direcci\u00f3n de correo electr\u00f3nico) y una descripci\u00f3n detallada del problema y del motivo de la queja. Para estudiar el asunto con eficacia, el Administrador podr\u00e1 pedir informaci\u00f3n o explicaciones adicionales.<\/p><p class=\"p1\">Las reclamaciones se tramitan en un plazo de 14 d\u00edas a partir de su recepci\u00f3n. Se informar\u00e1 al usuario del resultado de la reclamaci\u00f3n a trav\u00e9s de la direcci\u00f3n de contacto que haya indicado.<\/p><p class=\"p1\">El administrador no se hace responsable de las consecuencias de un uso inadecuado de los bienes.<\/p><p class=\"p1\">Al mismo tiempo, le informamos de que las compras realizadas a trav\u00e9s del Sitio Web no est\u00e1n dirigidas a consumidores, por lo que el Comprador no tiene derecho a desistir del contrato en un plazo de 14 d\u00edas.<\/p><p class=\"p1\">De conformidad con el art\u00edculo 558 \u00a7 1 del C\u00f3digo Civil, queda excluida la responsabilidad del Administrador en virtud de la garant\u00eda por defectos en los bienes.<\/p>\t\t\t\t\t\t\t\t<\/div>\n\t\t\t\t\t<\/div>\n\t\t\t\t<\/div>\n\t\t\t\t<\/div>","protected":false},"excerpt":{"rendered":"<p>Reklamacje zwi\u0105zane z funkcjonowaniem Serwisu lub zakupionymi towarami mo\u017cna sk\u0142ada\u0107 drog\u0105 mailow\u0105 na adres: biuro.stockify@gmail.com lub pisemnie na adres Administratora. Zg\u0142oszenie reklamacyjne powinno zawiera\u0107 dane osoby sk\u0142adaj\u0105cej reklamacj\u0119 (imi\u0119, nazwisko, adres, adres e-mail) oraz dok\u0142adny opis problemu i przyczyny reklamacji. W celu sprawnego rozpatrzenia sprawy Administrator mo\u017ce poprosi\u0107 o dodatkowe informacje lub wyja\u015bnienia. Reklamacje rozpatrywane [&hellip;]<\/p>\n","protected":false},"author":1,"featured_media":0,"parent":0,"menu_order":0,"comment_status":"closed","ping_status":"closed","template":"","meta":{"_acf_changed":false,"footnotes":""},"class_list":["post-178","page","type-page","status-publish","hentry"],"acf":[],"_links":{"self":[{"href":"https:\/\/stockify24.pl\/es\/wp-json\/wp\/v2\/pages\/178","targetHints":{"allow":["GET"]}}],"collection":[{"href":"https:\/\/stockify24.pl\/es\/wp-json\/wp\/v2\/pages"}],"about":[{"href":"https:\/\/stockify24.pl\/es\/wp-json\/wp\/v2\/types\/page"}],"author":[{"embeddable":true,"href":"https:\/\/stockify24.pl\/es\/wp-json\/wp\/v2\/users\/1"}],"replies":[{"embeddable":true,"href":"https:\/\/stockify24.pl\/es\/wp-json\/wp\/v2\/comments?post=178"}],"version-history":[{"count":6,"href":"https:\/\/stockify24.pl\/es\/wp-json\/wp\/v2\/pages\/178\/revisions"}],"predecessor-version":[{"id":50330,"href":"https:\/\/stockify24.pl\/es\/wp-json\/wp\/v2\/pages\/178\/revisions\/50330"}],"wp:attachment":[{"href":"https:\/\/stockify24.pl\/es\/wp-json\/wp\/v2\/media?parent=178"}],"curies":[{"name":"wp","href":"https:\/\/api.w.org\/{rel}","templated":true}]}}