{"id":49796,"date":"2026-02-13T17:43:57","date_gmt":"2026-02-13T16:43:57","guid":{"rendered":"https:\/\/stockify24.pl\/?page_id=49796"},"modified":"2026-03-25T16:25:00","modified_gmt":"2026-03-25T15:25:00","slug":"metody-platnosci","status":"publish","type":"page","link":"https:\/\/stockify24.pl\/es\/metody-platnosci\/","title":{"rendered":"Formas de pago"},"content":{"rendered":"<div data-elementor-type=\"wp-page\" data-elementor-id=\"49796\" class=\"elementor elementor-49796\" data-elementor-post-type=\"page\">\n\t\t\t\t<div class=\"elementor-element elementor-element-9c7e448 e-con-full e-flex e-con e-child\" data-id=\"9c7e448\" data-element_type=\"container\" data-e-type=\"container\">\n\t\t<div class=\"elementor-element elementor-element-cebe159 e-con-full e-flex e-con e-child\" data-id=\"cebe159\" data-element_type=\"container\" data-e-type=\"container\" data-settings=\"{&quot;background_background&quot;:&quot;gradient&quot;,&quot;animation&quot;:&quot;none&quot;,&quot;shape_divider_bottom&quot;:&quot;arrow&quot;}\">\n\t\t\t\t<div class=\"elementor-shape elementor-shape-bottom\" aria-hidden=\"true\" data-negative=\"false\">\n\t\t\t<svg xmlns=\"http:\/\/www.w3.org\/2000\/svg\" viewbox=\"0 0 700 10\" preserveaspectratio=\"none\">\n\t<path class=\"elementor-shape-fill\" d=\"M350,10L340,0h20L350,10z\"\/>\n<\/svg>\t\t<\/div>\n\t\t<div class=\"elementor-element elementor-element-48271e3 e-flex e-con-boxed e-con e-child\" data-id=\"48271e3\" data-element_type=\"container\" data-e-type=\"container\">\n\t\t\t\t\t<div class=\"e-con-inner\">\n\t\t<div class=\"elementor-element elementor-element-660d4dc e-con-full breadcrumbs-list-page e-flex e-con e-child\" data-id=\"660d4dc\" data-element_type=\"container\" data-e-type=\"container\">\n\t\t\t\t<div class=\"elementor-element elementor-element-2368301 elementor-widget elementor-widget-shortcode\" data-id=\"2368301\" data-element_type=\"widget\" data-e-type=\"widget\" data-widget_type=\"shortcode.default\">\n\t\t\t\t\t\t\t<div class=\"elementor-shortcode\"><nav aria-label=\"pan rallado\" class=\"rank-math-breadcrumb\"><p><span class=\"last\">P\u00e1gina de inicio<\/span><\/p><\/nav><\/div>\n\t\t\t\t\t\t<\/div>\n\t\t\t\t<\/div>\n\t\t\t\t<div class=\"elementor-element elementor-element-251b30c heading-title-2 elementor-widget elementor-widget-heading\" data-id=\"251b30c\" data-element_type=\"widget\" data-e-type=\"widget\" data-widget_type=\"heading.default\">\n\t\t\t\t\t<h1 class=\"elementor-heading-title elementor-size-default\">Formas de pago<\/h1>\t\t\t\t<\/div>\n\t\t\t\t\t<\/div>\n\t\t\t\t<\/div>\n\t\t\t\t<\/div>\n\t\t\t\t<\/div>\n\t\t<div class=\"elementor-element elementor-element-0b67804 e-flex e-con-boxed e-con e-parent\" data-id=\"0b67804\" data-element_type=\"container\" data-e-type=\"container\" data-settings=\"{&quot;background_background&quot;:&quot;classic&quot;,&quot;animation&quot;:&quot;none&quot;}\">\n\t\t\t\t\t<div class=\"e-con-inner\">\n\t\t\t\t<div class=\"elementor-element elementor-element-3f3d0e7 elementor-widget elementor-widget-text-editor\" data-id=\"3f3d0e7\" data-element_type=\"widget\" data-e-type=\"widget\" data-widget_type=\"text-editor.default\">\n\t\t\t\t\t\t\t\t\t<p class=\"p1\"><strong>Formas de pago<\/strong><\/p><p class=\"p1\">Para mayor comodidad y seguridad de nuestros clientes, ofrecemos varios m\u00e9todos de pago en l\u00ednea a trav\u00e9s de la web\u00a0<strong>Przelewy24<\/strong>. De este modo, podr\u00e1 elegir la forma de pago que m\u00e1s le convenga al realizar su pedido.<\/p><p class=\"p1\"><strong>Formas de pago disponibles:<\/strong><\/p><p class=\"p1\"><strong>1. transferencia r\u00e1pida en l\u00ednea<\/strong><\/p><p class=\"p1\">Pago instant\u00e1neo desde su banco. S\u00f3lo tiene que seleccionar su banco de la lista, conectarse a la banca en l\u00ednea y autorizar la transferencia. El sistema confirmar\u00e1 autom\u00e1ticamente la transacci\u00f3n, sin necesidad de introducir manualmente sus datos.<\/p><p class=\"p1\"><strong>2. BLIK<\/strong><\/p><p class=\"p1\">Pago c\u00f3modo mediante un c\u00f3digo de 6 d\u00edgitos generado en la aplicaci\u00f3n m\u00f3vil de tu banco. Sin tener que iniciar sesi\u00f3n en la banca online.<\/p><p class=\"p1\"><strong>3. tarjeta de pago (Visa, Mastercard, Maestro)<\/strong><\/p><p class=\"p1\">Posibilidad de pagar con tarjeta de d\u00e9bito o cr\u00e9dito. Las transacciones est\u00e1n encriptadas y son totalmente seguras.<\/p><p class=\"p1\"><strong>4. Google Pay y Apple Pay<\/strong><\/p><p class=\"p1\">Para los usuarios de m\u00f3viles, ofrecemos pagos r\u00e1pidos mediante Google Pay y Apple Pay, sin necesidad de introducir los datos de la tarjeta.<\/p><p class=\"p1\"><strong>5. transferencia tradicional<\/strong><\/p><p class=\"p1\">Tras realizar su pedido, recibir\u00e1 los datos de su transferencia bancaria. El procesamiento de su pedido comenzar\u00e1 una vez que se haya acreditado el pago (el tiempo de espera puede ser mayor que con otros m\u00e9todos).<\/p><p class=\"p1\"><strong>Seguridad en los pagos<\/strong><\/p><p class=\"p1\">Todas las transacciones gestionadas por Przelewy24 est\u00e1n encriptadas y cumplen las normas de seguridad m\u00e1s estrictas. Sus datos est\u00e1n protegidos en cada etapa del proceso de pago.<\/p>\t\t\t\t\t\t\t\t<\/div>\n\t\t\t\t\t<\/div>\n\t\t\t\t<\/div>\n\t\t\t\t<\/div>","protected":false},"excerpt":{"rendered":"<p>Metody p\u0142atno\u015bci Dla wygody i bezpiecze\u0144stwa naszych klient\u00f3w oferujemy r\u00f3\u017cne metody p\u0142atno\u015bci online za po\u015brednictwem systemu\u00a0Przelewy24. Dzi\u0119ki temu mo\u017cesz wybra\u0107 najdogodniejszy dla siebie spos\u00f3b zap\u0142aty podczas sk\u0142adania zam\u00f3wienia. Dost\u0119pne formy p\u0142atno\u015bci: 1. Szybki przelew online Natychmiastowa p\u0142atno\u015b\u0107 z Twojego banku. Wystarczy wybra\u0107 sw\u00f3j bank z listy, zalogowa\u0107 si\u0119 do bankowo\u015bci internetowej i zatwierdzi\u0107 przelew. System [&hellip;]<\/p>\n","protected":false},"author":1,"featured_media":0,"parent":0,"menu_order":0,"comment_status":"closed","ping_status":"closed","template":"","meta":{"_acf_changed":false,"footnotes":""},"class_list":["post-49796","page","type-page","status-publish","hentry"],"acf":[],"_links":{"self":[{"href":"https:\/\/stockify24.pl\/es\/wp-json\/wp\/v2\/pages\/49796","targetHints":{"allow":["GET"]}}],"collection":[{"href":"https:\/\/stockify24.pl\/es\/wp-json\/wp\/v2\/pages"}],"about":[{"href":"https:\/\/stockify24.pl\/es\/wp-json\/wp\/v2\/types\/page"}],"author":[{"embeddable":true,"href":"https:\/\/stockify24.pl\/es\/wp-json\/wp\/v2\/users\/1"}],"replies":[{"embeddable":true,"href":"https:\/\/stockify24.pl\/es\/wp-json\/wp\/v2\/comments?post=49796"}],"version-history":[{"count":1,"href":"https:\/\/stockify24.pl\/es\/wp-json\/wp\/v2\/pages\/49796\/revisions"}],"predecessor-version":[{"id":50842,"href":"https:\/\/stockify24.pl\/es\/wp-json\/wp\/v2\/pages\/49796\/revisions\/50842"}],"wp:attachment":[{"href":"https:\/\/stockify24.pl\/es\/wp-json\/wp\/v2\/media?parent=49796"}],"curies":[{"name":"wp","href":"https:\/\/api.w.org\/{rel}","templated":true}]}}