{"id":50111,"date":"2026-03-17T17:25:59","date_gmt":"2026-03-17T16:25:59","guid":{"rendered":"https:\/\/stockify24.pl\/?post_type=product&#038;p=50111"},"modified":"2026-03-30T10:12:44","modified_gmt":"2026-03-30T09:12:44","slug":"mix-elektroniki-z-europy-eu-a-b-130kg","status":"publish","type":"product","link":"https:\/\/stockify24.pl\/es\/producto\/mix-elektroniki-z-europy-eu-a-b-130kg\/","title":{"rendered":"Electr\u00f3nica mixta de Europa (UE) |A-B| 130kg"},"content":{"rendered":"<h1 data-section-id=\"6lp84z\" data-start=\"405\" data-end=\"464\">\ud83d\udce6 Electr\u00f3nica mixta de la UE Europa - palet A-B, altura 1M<\/h1>\n<p data-start=\"466\" data-end=\"610\"><strong data-start=\"466\" data-end=\"497\">Mix elektroniki EU<\/strong> es una soluci\u00f3n para mayoristas, comercio electr\u00f3nico y quienes crean una oferta en el segmento de la electr\u00f3nica de consumo.<\/p>\n<p data-start=\"612\" data-end=\"894\">Un solo pal\u00e9 contiene un conjunto de productos electr\u00f3nicos y accesorios que mantienen un inter\u00e9s constante de los clientes y son aptos para la reventa. Gracias a este <strong data-start=\"776\" data-end=\"807\">mezcla de electr\u00f3nica de la UE Europa<\/strong> para la venta en l\u00ednea y en papeler\u00eda.<\/p>\n<p data-start=\"3313\" data-end=\"3555\">Cada <strong data-start=\"3319\" data-end=\"3350\">mix EU<\/strong> se embala aleatoriamente, por lo que el contenido de un pal\u00e9 puede diferir de las im\u00e1genes mostradas. Las diferencias se deben a la rotaci\u00f3n de la mercanc\u00eda y a la naturaleza de las entregas, que incluyen devoluciones de consumidores y excedentes de existencias.<\/p>\n<p data-start=\"3557\" data-end=\"3632\">El env\u00edo es aleatorio: cada pal\u00e9 es un conjunto \u00fanico de productos.<\/p>\n<h2 data-section-id=\"1jv14ab\" data-start=\"901\" data-end=\"953\">\ud83d\udd0c Paleta elektroniki z Europy EU \u2013 zawarto\u015b\u0107 palety<\/h2>\n<p data-start=\"955\" data-end=\"1109\"><strong data-start=\"955\" data-end=\"986\">Mezcla de productos electr\u00f3nicos de la UE Europa<\/strong> incluye productos de las categor\u00edas de electr\u00f3nica de consumo y accesorios para m\u00f3viles. La paleta puede incluir, entre otros:<\/p>\n<ul data-start=\"1111\" data-end=\"1359\">\n<li data-section-id=\"admbw2\" data-start=\"1111\" data-end=\"1138\">\n<p data-start=\"1113\" data-end=\"1138\">auriculares inal\u00e1mbricos<\/p>\n<\/li>\n<li data-section-id=\"1bohi34\" data-start=\"1139\" data-end=\"1168\">\n<p data-start=\"1141\" data-end=\"1168\">cargadores y powerbanks<\/p>\n<\/li>\n<li data-section-id=\"2cko63\" data-start=\"1169\" data-end=\"1186\">\n<p data-start=\"1171\" data-end=\"1186\">Accesorios GSM<\/p>\n<\/li>\n<li data-section-id=\"r5wtn7\" data-start=\"1187\" data-end=\"1217\">\n<p data-start=\"1189\" data-end=\"1217\">dispositivos dom\u00e9sticos inteligentes<\/p>\n<\/li>\n<li data-section-id=\"1mvb28j\" data-start=\"1218\" data-end=\"1285\">\n<p data-start=\"1220\" data-end=\"1285\">peque\u00f1os electrodom\u00e9sticos (por ejemplo, secadores de pelo, masajeadores y otros aparatos)<\/p>\n<\/li>\n<li data-section-id=\"31a3fm\" data-start=\"1286\" data-end=\"1327\">\n<p data-start=\"1288\" data-end=\"1327\">mandos y aparatos electr\u00f3nicos<\/p>\n<\/li>\n<li data-section-id=\"4egyp1\" data-start=\"1328\" data-end=\"1359\">\n<p data-start=\"1330\" data-end=\"1359\">otros productos electr\u00f3nicos<\/p>\n<\/li>\n<\/ul>\n<p data-start=\"1361\" data-end=\"1475\">\ud83d\udcca La cuota de la electr\u00f3nica es de aprox. <strong data-start=\"1396\" data-end=\"1424\">Contenido del pal\u00e9 70-80%<\/strong>, lo que implica centrarse en el segmento de la electr\u00f3nica.<\/p>\n<h2 data-section-id=\"1htc5ot\" data-start=\"1482\" data-end=\"1532\">\ud83c\udd70\ufe0f\ud83c\udd71\ufe0f Calidad - una mezcla de electr\u00f3nica de Europa UE A-B<\/h2>\n<p data-start=\"1534\" data-end=\"1633\">Se ofrece <strong data-start=\"1544\" data-end=\"1575\">mix elektroniki <\/strong>incluye productos de la categor\u00eda de calidad <strong data-start=\"1613\" data-end=\"1620\">A-B<\/strong>, lo que significa:<\/p>\n<ul data-start=\"1635\" data-end=\"1804\">\n<li data-section-id=\"v9mic9\" data-start=\"1635\" data-end=\"1691\">\n<p data-start=\"1637\" data-end=\"1691\">ventaja de los productos nuevos o en muy buen estado<\/p>\n<\/li>\n<li data-section-id=\"1l5huug\" data-start=\"1692\" data-end=\"1732\">\n<p data-start=\"1694\" data-end=\"1732\">ligeras huellas de uso posibles<\/p>\n<\/li>\n<li data-section-id=\"1en3z4q\" data-start=\"1733\" data-end=\"1804\">\n<p data-start=\"1735\" data-end=\"1804\">aditivo de clase C permitido pero no garantizado (hasta aproximadamente 5-7%)<\/p>\n<\/li>\n<\/ul>\n<p data-start=\"1806\" data-end=\"1913\">Esta estructura de calidad mantiene una relaci\u00f3n adecuada entre el precio de compra y el valor potencial de venta.<\/p>\n<h2 data-section-id=\"hfboyg\" data-start=\"1920\" data-end=\"1976\">Especificaciones t\u00e9cnicas<\/h2>\n<ul data-start=\"1978\" data-end=\"2123\">\n<li data-section-id=\"rckeqa\" data-start=\"1978\" data-end=\"2009\">\n<p data-start=\"1980\" data-end=\"2009\">altura de la paleta: <strong data-start=\"1997\" data-end=\"2007\">1 metro<\/strong><\/p>\n<\/li>\n<li data-section-id=\"13ckbdh\" data-start=\"2010\" data-end=\"2042\">\n<p data-start=\"2012\" data-end=\"2042\">peso neto:<strong data-start=\"2024\" data-end=\"2040\"> 130 kg<\/strong><\/p>\n<\/li>\n<li data-section-id=\"oz499p\" data-start=\"2043\" data-end=\"2079\">\n<p data-start=\"2045\" data-end=\"2079\">surtido aleatorio y variado<\/p>\n<\/li>\n<li data-section-id=\"15fvv3b\" data-start=\"2080\" data-end=\"2123\">\n<p data-start=\"2082\" data-end=\"2123\">cada paleta tiene una composici\u00f3n individual<\/p>\n<\/li>\n<\/ul>\n<p data-start=\"2125\" data-end=\"2239\"><strong data-start=\"2125\" data-end=\"2156\">Mix elektroniki <\/strong>no tiene una lista fija de productos: el contenido depende del lote de entrega actual.<\/p>\n<p data-start=\"2125\" data-end=\"2239\">Todos los modelos de pal\u00e9s de Amazon <a href=\"https:\/\/stockify24.pl\/es\/sklep\/\"><strong>aqu\u00ed<\/strong>.<\/a><\/p>\n<h2 data-section-id=\"adde93\" data-start=\"2246\" data-end=\"2301\">\ud83d\udcbc Dlaczego warto wybra\u0107 mix elektroniki<\/h2>\n<p data-start=\"2303\" data-end=\"2371\">La compra de un producto como <strong data-start=\"2329\" data-end=\"2360\">paleta elektroniki<\/strong>\u00a0permite:<\/p>\n<ul data-start=\"2373\" data-end=\"2661\">\n<li data-section-id=\"d6n9ym\" data-start=\"2373\" data-end=\"2421\">\n<p data-start=\"2375\" data-end=\"2421\">acceso a bienes a un precio inferior al de mercado<\/p>\n<\/li>\n<li data-section-id=\"13qq7xx\" data-start=\"2422\" data-end=\"2476\">\n<p data-start=\"2424\" data-end=\"2476\">obtener un amplio surtido en una sola entrega<\/p>\n<\/li>\n<li data-section-id=\"v2np6n\" data-start=\"2477\" data-end=\"2544\">\n<p data-start=\"2479\" data-end=\"2544\">aumentar el potencial de ventas mediante la diversidad de productos<\/p>\n<\/li>\n<li data-section-id=\"22aq9j\" data-start=\"2545\" data-end=\"2609\">\n<p data-start=\"2547\" data-end=\"2609\">pruebas de diferentes categor\u00edas sin un gran desembolso financiero<\/p>\n<\/li>\n<li data-section-id=\"ssfc0t\" data-start=\"2610\" data-end=\"2661\">\n<p data-start=\"2612\" data-end=\"2661\">desarrollo de las ventas en los canales en l\u00ednea y fuera de l\u00ednea<\/p>\n<\/li>\n<\/ul>\n<p data-start=\"2663\" data-end=\"2843\">Los pal\u00e9s proceden de devoluciones de consumidores y excedentes de existencias. Cada <strong data-start=\"2738\" data-end=\"2769\">mix<\/strong>\u00a0incluye un conjunto \u00fanico de productos adaptados a distintos modelos de venta.<\/p>\n<h2 data-section-id=\"1nzb8um\" data-start=\"2048\" data-end=\"2088\">\ud83d\udcbc Uso en el comercio electr\u00f3nico y el comercio<\/h2>\n<p data-start=\"2090\" data-end=\"2179\">La paleta de productos electr\u00f3nicos de Amazon funciona bien con modelos de venta por volumen y rotaci\u00f3n:<\/p>\n<ul data-start=\"2181\" data-end=\"2344\">\n<li data-section-id=\"1c1wa51\" data-start=\"2181\" data-end=\"2224\">venta en <a href=\"https:\/\/allegro.pl\/\" target=\"_blank\" rel=\"noopener\">Allegro<\/a>, <a href=\"https:\/\/www.olx.pl\/\" target=\"_blank\" rel=\"noopener\">OLX<\/a>, <a href=\"https:\/\/www.ebay.com\/\" target=\"_blank\" rel=\"noopener\">eBay<\/a>, <a href=\"https:\/\/www.amazon.com\/\" target=\"_blank\" rel=\"noopener\">Amazon<\/a><\/li>\n<li data-section-id=\"1fmpn86\" data-start=\"2225\" data-end=\"2247\">tiendas en l\u00ednea<\/li>\n<li data-section-id=\"gynsj7\" data-start=\"2248\" data-end=\"2281\">venta al por menor y al por mayor<\/li>\n<li data-section-id=\"161gjv4\" data-start=\"2282\" data-end=\"2320\">desarrollo de un almac\u00e9n de productos propios<\/li>\n<li data-section-id=\"1fuo8gv\" data-start=\"2321\" data-end=\"2344\">ampliaci\u00f3n de la oferta<\/li>\n<\/ul>\n<p data-start=\"2346\" data-end=\"2462\">Esta soluci\u00f3n permite aumentar el n\u00famero de productos y mejorar el rendimiento de las ventas sin aumentar los costes unitarios.<\/p>\n<h2 data-section-id=\"8u5ilv\" data-start=\"2850\" data-end=\"2893\">\ud83d\ude9a Entrega<\/h2>\n<ul data-start=\"2895\" data-end=\"2966\">\n<li data-section-id=\"1io1mk2\" data-start=\"2895\" data-end=\"2934\">\n<p data-start=\"2897\" data-end=\"2934\">env\u00edo r\u00e1pido desde un almac\u00e9n en Europa<\/p>\n<\/li>\n<li data-section-id=\"1w7s4ii\" data-start=\"2935\" data-end=\"2966\">\n<p data-start=\"2937\" data-end=\"2966\">tramitaci\u00f3n eficaz de los pedidos<\/p>\n<\/li>\n<\/ul>\n<h2 data-section-id=\"opmkg3\" data-start=\"2973\" data-end=\"2999\">\u2139\ufe0f Informaci\u00f3n adicional<\/h2>\n<p data-start=\"3001\" data-end=\"3102\">Los productos no se prueban individualmente.<br data-start=\"3037\" data-end=\"3040\" \/>Posible mezcla menor (hasta aproximadamente 5-7%) de productos de grado C.<\/p>\n<h2 data-section-id=\"b7pmy1\" data-start=\"3109\" data-end=\"3171\">\ud83d\udcf8 Fotos de ejemplo de pal\u00e9 - mezcla de productos electr\u00f3nicos procedentes de Europa UE<\/h2>\n<p data-start=\"3173\" data-end=\"3311\">Las fotos de ejemplo del pal\u00e9 son meramente ilustrativas y muestran el tipo y la estructura reales de los productos del env\u00edo.<\/p>\n<p data-start=\"3313\" data-end=\"3555\">Cada <strong data-start=\"3319\" data-end=\"3350\">mix<\/strong>\u00a0se embala aleatoriamente, por lo que el contenido de un pal\u00e9 puede diferir de las im\u00e1genes mostradas. Las diferencias se deben a la rotaci\u00f3n de la mercanc\u00eda y a la naturaleza de las entregas, que incluyen devoluciones de consumidores y excedentes de existencias.<\/p>\n<p data-start=\"3557\" data-end=\"3632\">El env\u00edo es aleatorio: cada pal\u00e9 es un conjunto \u00fanico de productos.<\/p>","protected":false},"excerpt":{"rendered":"<p class=\"p1\">\u26a1 Oko\u0142o 70\u201380% elektroniki<\/p>\n<p class=\"p1\">\ud83c\uddea\ud83c\uddfa EU<\/p>\n<p class=\"p1\">\ud83d\udd25 Amazon Returns<\/p>\n<p class=\"p1\" style=\"text-align: left;\">\u2714\ufe0f Jako\u015b\u0107 A\u2013B<\/p>","protected":false},"featured_media":50112,"comment_status":"open","ping_status":"closed","template":"","meta":{"_acf_changed":false},"product_brand":[],"product_cat":[1258,1273,1284],"product_tag":[1274],"class_list":{"0":"post-50111","1":"product","2":"type-product","3":"status-publish","4":"has-post-thumbnail","6":"product_cat-amazon-paleta","7":"product_cat-mix-elektroniki-eu-amazon-returns-ab","8":"product_cat-palety-dnia","9":"product_tag-paleta-mix-elektroniki-z-europy","11":"first","12":"instock","13":"sold-individually","14":"taxable","15":"shipping-taxable","16":"purchasable","17":"product-type-simple"},"acf":[],"_links":{"self":[{"href":"https:\/\/stockify24.pl\/es\/wp-json\/wp\/v2\/product\/50111","targetHints":{"allow":["GET"]}}],"collection":[{"href":"https:\/\/stockify24.pl\/es\/wp-json\/wp\/v2\/product"}],"about":[{"href":"https:\/\/stockify24.pl\/es\/wp-json\/wp\/v2\/types\/product"}],"replies":[{"embeddable":true,"href":"https:\/\/stockify24.pl\/es\/wp-json\/wp\/v2\/comments?post=50111"}],"wp:featuredmedia":[{"embeddable":true,"href":"https:\/\/stockify24.pl\/es\/wp-json\/wp\/v2\/media\/50112"}],"wp:attachment":[{"href":"https:\/\/stockify24.pl\/es\/wp-json\/wp\/v2\/media?parent=50111"}],"wp:term":[{"taxonomy":"product_brand","embeddable":true,"href":"https:\/\/stockify24.pl\/es\/wp-json\/wp\/v2\/product_brand?post=50111"},{"taxonomy":"product_cat","embeddable":true,"href":"https:\/\/stockify24.pl\/es\/wp-json\/wp\/v2\/product_cat?post=50111"},{"taxonomy":"product_tag","embeddable":true,"href":"https:\/\/stockify24.pl\/es\/wp-json\/wp\/v2\/product_tag?post=50111"}],"curies":[{"name":"wp","href":"https:\/\/api.w.org\/{rel}","templated":true}]}}