{"id":50167,"date":"2026-03-18T11:23:04","date_gmt":"2026-03-18T10:23:04","guid":{"rendered":"https:\/\/stockify24.pl\/?post_type=product&#038;p=50167"},"modified":"2026-04-03T14:23:13","modified_gmt":"2026-04-03T13:23:13","slug":"mix-elektroniki-z-europy-eu-80a-b140kg","status":"publish","type":"product","link":"https:\/\/stockify24.pl\/es\/producto\/mix-elektroniki-z-europy-eu-80a-b140kg\/","title":{"rendered":"Electr\u00f3nica mixta procedente de Europa (UE) |A-B| 140kg"},"content":{"rendered":"<h1 data-section-id=\"6lp84z\" data-start=\"228\" data-end=\"287\">\ud83d\udce6 Electr\u00f3nica mixta de la UE Europa - palet A-B, altura 1M<\/h1>\n<p data-start=\"289\" data-end=\"438\"><strong data-start=\"289\" data-end=\"320\">Mezcla de productos electr\u00f3nicos de la UE Europa<\/strong> es una soluci\u00f3n pr\u00e1ctica para la venta al por mayor, el comercio electr\u00f3nico y la creaci\u00f3n de ofertas en el segmento de la electr\u00f3nica de consumo.<\/p>\n<p data-start=\"440\" data-end=\"708\">Un pal\u00e9 est\u00e1 formado por un conjunto de productos electr\u00f3nicos y accesorios que tienen una demanda estable y pueden revenderse. <strong data-start=\"590\" data-end=\"621\">Mix elektroniki<\/strong>\u00a0para la venta en l\u00ednea y en papeler\u00eda.<\/p>\n<p data-start=\"710\" data-end=\"942\">Cada <strong data-start=\"716\" data-end=\"747\">mix elektroniki EU<\/strong> se embala aleatoriamente, por lo que el contenido de un pal\u00e9 puede diferir de las im\u00e1genes mostradas. Esto se debe a la rotaci\u00f3n de la mercanc\u00eda y a la naturaleza de las entregas, incluidas las devoluciones de consumidores y los excedentes de existencias.<\/p>\n<p data-start=\"944\" data-end=\"1019\">El env\u00edo es aleatorio: cada pal\u00e9 es un conjunto \u00fanico de productos.<\/p>\n<h2 data-section-id=\"1jv14ab\" data-start=\"1026\" data-end=\"1078\">\ud83d\udd0c Mezcla de productos electr\u00f3nicos procedentes de Europa - contenido del pal\u00e9<\/h2>\n<p data-start=\"1080\" data-end=\"1211\"><strong data-start=\"1080\" data-end=\"1111\">Mezcla de productos electr\u00f3nicos de la UE Europa<\/strong> incluye productos de las categor\u00edas de electr\u00f3nica de consumo y accesorios para m\u00f3viles, entre otros:<\/p>\n<ul data-start=\"1213\" data-end=\"1467\">\n<li data-section-id=\"admbw2\" data-start=\"1213\" data-end=\"1240\">\n<p data-start=\"1215\" data-end=\"1240\">auriculares inal\u00e1mbricos<\/p>\n<\/li>\n<li data-section-id=\"18hl43c\" data-start=\"1241\" data-end=\"1279\">\n<p data-start=\"1243\" data-end=\"1279\">cargadores de red y powerbanks<\/p>\n<\/li>\n<li data-section-id=\"2cko63\" data-start=\"1280\" data-end=\"1297\">\n<p data-start=\"1282\" data-end=\"1297\">Accesorios GSM<\/p>\n<\/li>\n<li data-section-id=\"r5wtn7\" data-start=\"1298\" data-end=\"1328\">\n<p data-start=\"1300\" data-end=\"1328\">dispositivos dom\u00e9sticos inteligentes<\/p>\n<\/li>\n<li data-section-id=\"1ap55p8\" data-start=\"1329\" data-end=\"1393\">\n<p data-start=\"1331\" data-end=\"1393\">peque\u00f1os electrodom\u00e9sticos (por ejemplo, secadores de pelo, masajeadores y otros aparatos)<\/p>\n<\/li>\n<li data-section-id=\"31a3fm\" data-start=\"1394\" data-end=\"1435\">\n<p data-start=\"1396\" data-end=\"1435\">mandos y aparatos electr\u00f3nicos<\/p>\n<\/li>\n<li data-section-id=\"4egyp1\" data-start=\"1436\" data-end=\"1467\">\n<p data-start=\"1438\" data-end=\"1467\">otros productos electr\u00f3nicos<\/p>\n<\/li>\n<\/ul>\n<p data-start=\"1469\" data-end=\"1593\">\ud83d\udcca La cuota de la electr\u00f3nica es de aprox. <strong data-start=\"1504\" data-end=\"1532\">Contenido del pal\u00e9 70-80%<\/strong>, lo que implica centrarse en el segmento de la electr\u00f3nica de consumo.<\/p>\n<h2 data-section-id=\"5o645p\" data-start=\"1600\" data-end=\"1650\">\ud83c\udd70\ufe0f\ud83c\udd71\ufe0f Mezcla de productos electr\u00f3nicos procedentes de Europa - Calidad A-B<\/h2>\n<p data-start=\"1652\" data-end=\"1741\"><strong data-start=\"1652\" data-end=\"1687\">Mezcla de productos electr\u00f3nicos procedentes de Europa UE A-B<\/strong> incluye productos de estado variable:<\/p>\n<ul data-start=\"1743\" data-end=\"1933\">\n<li data-section-id=\"1elyuiv\" data-start=\"1743\" data-end=\"1809\">\n<p data-start=\"1745\" data-end=\"1809\">predominio de productos nuevos o en muy buen estado visual<\/p>\n<\/li>\n<li data-section-id=\"1l5huug\" data-start=\"1810\" data-end=\"1850\">\n<p data-start=\"1812\" data-end=\"1850\">ligeras huellas de uso posibles<\/p>\n<\/li>\n<li data-section-id=\"1njuyt9\" data-start=\"1851\" data-end=\"1933\">\n<p data-start=\"1853\" data-end=\"1933\">mezcla permitida pero no garantizada de productos de clase C (hasta aproximadamente 5-7%)<\/p>\n<\/li>\n<\/ul>\n<p data-start=\"1935\" data-end=\"2038\">Esta estructura de calidad mantiene una relaci\u00f3n \u00f3ptima entre el precio de compra y el potencial de reventa.<\/p>\n<h2 data-section-id=\"hfboyg\" data-start=\"2045\" data-end=\"2101\">\ud83d\udcd0 Especificaciones t\u00e9cnicas - mezcla de electr\u00f3nica de la UE<\/h2>\n<ul data-start=\"2103\" data-end=\"2232\">\n<li data-section-id=\"rckeqa\" data-start=\"2103\" data-end=\"2134\">\n<p data-start=\"2105\" data-end=\"2134\">altura de la paleta: <strong data-start=\"2122\" data-end=\"2132\">1 metro<\/strong><\/p>\n<\/li>\n<li data-section-id=\"jqq3z3\" data-start=\"2135\" data-end=\"2161\">\n<p data-start=\"2137\" data-end=\"2161\">peso neto: <strong data-start=\"2149\" data-end=\"2159\">140 kg<\/strong><\/p>\n<\/li>\n<li data-section-id=\"a4rjmf\" data-start=\"2162\" data-end=\"2199\">\n<p data-start=\"2164\" data-end=\"2199\">surtido: aleatorio y variado<\/p>\n<\/li>\n<li data-section-id=\"ohjx4g\" data-start=\"2200\" data-end=\"2232\">\n<p data-start=\"2202\" data-end=\"2232\">cada paleta: composici\u00f3n \u00fanica<\/p>\n<\/li>\n<\/ul>\n<p data-start=\"2234\" data-end=\"2348\"><strong data-start=\"2234\" data-end=\"2265\">Mezcla de productos electr\u00f3nicos de la UE Europa<\/strong> no tiene una lista fija de productos: el contenido depende del lote de entrega actual.<\/p>\n<h2 data-section-id=\"art7kc\" data-start=\"2355\" data-end=\"2405\">\ud83d\udcbc Una mezcla de electr\u00f3nica de la UE: por qu\u00e9 merece la pena<\/h2>\n<p data-start=\"2407\" data-end=\"2475\">La compra de un producto como <strong data-start=\"2433\" data-end=\"2464\">mezcla de electr\u00f3nica de la UE Europa<\/strong> permite:<\/p>\n<ul data-start=\"2477\" data-end=\"2751\">\n<li data-section-id=\"d6n9ym\" data-start=\"2477\" data-end=\"2525\">\n<p data-start=\"2479\" data-end=\"2525\">acceso a bienes a un precio inferior al de mercado<\/p>\n<\/li>\n<li data-section-id=\"13qq7xx\" data-start=\"2526\" data-end=\"2580\">\n<p data-start=\"2528\" data-end=\"2580\">obtener un amplio surtido en una sola entrega<\/p>\n<\/li>\n<li data-section-id=\"v2np6n\" data-start=\"2581\" data-end=\"2648\">\n<p data-start=\"2583\" data-end=\"2648\">aumentar el potencial de ventas mediante la diversidad de productos<\/p>\n<\/li>\n<li data-section-id=\"22aq9j\" data-start=\"2649\" data-end=\"2713\">\n<p data-start=\"2651\" data-end=\"2713\">pruebas de diferentes categor\u00edas sin un gran desembolso financiero<\/p>\n<\/li>\n<li data-section-id=\"lqu1wo\" data-start=\"2714\" data-end=\"2751\">\n<p data-start=\"2716\" data-end=\"2751\">desarrollo de las ventas en l\u00ednea y fuera de l\u00ednea<\/p>\n<\/li>\n<\/ul>\n<p data-start=\"2753\" data-end=\"2904\">Los pal\u00e9s proceden de devoluciones de consumidores y excedentes de existencias, por lo que cada <strong data-start=\"2841\" data-end=\"2872\">mezcla de electr\u00f3nica de la UE Europa<\/strong> proporciona una fuente \u00fanica de bienes.<\/p>\n<h2 data-section-id=\"1nzb8um\" data-start=\"2048\" data-end=\"2088\">\ud83d\udcbc Uso en el comercio electr\u00f3nico y el comercio<\/h2>\n<p data-start=\"2090\" data-end=\"2179\">La paleta de productos electr\u00f3nicos de Amazon funciona bien con modelos de venta por volumen y rotaci\u00f3n:<\/p>\n<ul data-start=\"2181\" data-end=\"2344\">\n<li data-section-id=\"1c1wa51\" data-start=\"2181\" data-end=\"2224\">venta en <a href=\"https:\/\/allegro.pl\/\" target=\"_blank\" rel=\"noopener\">Allegro<\/a>, <a href=\"https:\/\/www.olx.pl\/\" target=\"_blank\" rel=\"noopener\">OLX<\/a>, <a href=\"https:\/\/www.ebay.com\/\" target=\"_blank\" rel=\"noopener\">eBay<\/a>, <a href=\"https:\/\/www.amazon.com\/\" target=\"_blank\" rel=\"noopener\">Amazon<\/a><\/li>\n<li data-section-id=\"1fmpn86\" data-start=\"2225\" data-end=\"2247\">tiendas en l\u00ednea<\/li>\n<li data-section-id=\"gynsj7\" data-start=\"2248\" data-end=\"2281\">venta al por menor y al por mayor<\/li>\n<li data-section-id=\"161gjv4\" data-start=\"2282\" data-end=\"2320\">desarrollo de un almac\u00e9n de productos propios<\/li>\n<li data-section-id=\"1fuo8gv\" data-start=\"2321\" data-end=\"2344\">ampliaci\u00f3n de la oferta<\/li>\n<\/ul>\n<p data-start=\"2346\" data-end=\"2462\">Esta soluci\u00f3n permite aumentar el n\u00famero de productos y mejorar el rendimiento de las ventas sin aumentar los costes unitarios.<\/p>\n<h2 data-section-id=\"8u5ilv\" data-start=\"2911\" data-end=\"2954\">\ud83d\ude9a Entrega - mezcla de electr\u00f3nica de Europa UE<\/h2>\n<ul data-start=\"2956\" data-end=\"3027\">\n<li data-section-id=\"1io1mk2\" data-start=\"2956\" data-end=\"2995\">\n<p data-start=\"2958\" data-end=\"2995\">env\u00edo r\u00e1pido desde un almac\u00e9n en Europa<\/p>\n<\/li>\n<li data-section-id=\"1w7s4ii\" data-start=\"2996\" data-end=\"3027\">\n<p data-start=\"2998\" data-end=\"3027\">tramitaci\u00f3n eficaz de los pedidos<\/p>\n<\/li>\n<\/ul>\n<h2 data-section-id=\"opmkg3\" data-start=\"3034\" data-end=\"3060\">\u2139\ufe0f Informaci\u00f3n adicional<\/h2>\n<p data-start=\"3062\" data-end=\"3163\">Los productos no se prueban individualmente.<br data-start=\"3098\" data-end=\"3101\" \/>Posible mezcla menor (hasta aproximadamente 5-7%) de productos de grado C.<\/p>\n<h2 data-section-id=\"1r63ysc\" data-start=\"3170\" data-end=\"3225\">\ud83d\udcf8 Fotos de ejemplo - mezcla de electr\u00f3nica de la UE Europa<\/h2>\n<p data-start=\"3227\" data-end=\"3321\">Las fotos de ejemplo del pal\u00e9 son ilustrativas y muestran una secci\u00f3n transversal t\u00edpica de los productos.<\/p>\n<p data-start=\"3323\" data-end=\"3449\">Cada <strong data-start=\"3329\" data-end=\"3360\">mezcla de productos electr\u00f3nicos procedentes de Europa<\/strong>\u00a0se embala aleatoriamente, por lo que el contenido del pal\u00e9 puede diferir de las im\u00e1genes mostradas.<\/p>\n<p data-start=\"3451\" data-end=\"3526\">El env\u00edo es aleatorio: cada pal\u00e9 es un conjunto \u00fanico de productos.<\/p>\n<p data-start=\"3451\" data-end=\"3526\">Todos los modelos de pal\u00e9s de Amazon <a href=\"https:\/\/stockify24.pl\/es\/sklep\/\"><strong>aqu\u00ed<\/strong>.<\/a><\/p>","protected":false},"excerpt":{"rendered":"<p class=\"p1\">\u26a1 Oko\u0142o 70\u201380% elektroniki<\/p>\n<p class=\"p1\">\ud83c\uddea\ud83c\uddfa EU<\/p>\n<p class=\"p1\">\ud83d\udd25 Amazon Returns<\/p>\n<p class=\"p1\" style=\"text-align: left;\">\u2714\ufe0f Jako\u015b\u0107 A\u2013B<\/p>","protected":false},"featured_media":50121,"comment_status":"open","ping_status":"closed","template":"","meta":{"_acf_changed":false},"product_brand":[],"product_cat":[1258,1273,1284],"product_tag":[1274],"class_list":{"0":"post-50167","1":"product","2":"type-product","3":"status-publish","4":"has-post-thumbnail","6":"product_cat-amazon-paleta","7":"product_cat-mix-elektroniki-eu-amazon-returns-ab","8":"product_cat-palety-dnia","9":"product_tag-paleta-mix-elektroniki-z-europy","11":"first","12":"instock","13":"sold-individually","14":"taxable","15":"shipping-taxable","16":"purchasable","17":"product-type-simple"},"acf":[],"_links":{"self":[{"href":"https:\/\/stockify24.pl\/es\/wp-json\/wp\/v2\/product\/50167","targetHints":{"allow":["GET"]}}],"collection":[{"href":"https:\/\/stockify24.pl\/es\/wp-json\/wp\/v2\/product"}],"about":[{"href":"https:\/\/stockify24.pl\/es\/wp-json\/wp\/v2\/types\/product"}],"replies":[{"embeddable":true,"href":"https:\/\/stockify24.pl\/es\/wp-json\/wp\/v2\/comments?post=50167"}],"wp:featuredmedia":[{"embeddable":true,"href":"https:\/\/stockify24.pl\/es\/wp-json\/wp\/v2\/media\/50121"}],"wp:attachment":[{"href":"https:\/\/stockify24.pl\/es\/wp-json\/wp\/v2\/media?parent=50167"}],"wp:term":[{"taxonomy":"product_brand","embeddable":true,"href":"https:\/\/stockify24.pl\/es\/wp-json\/wp\/v2\/product_brand?post=50167"},{"taxonomy":"product_cat","embeddable":true,"href":"https:\/\/stockify24.pl\/es\/wp-json\/wp\/v2\/product_cat?post=50167"},{"taxonomy":"product_tag","embeddable":true,"href":"https:\/\/stockify24.pl\/es\/wp-json\/wp\/v2\/product_tag?post=50167"}],"curies":[{"name":"wp","href":"https:\/\/api.w.org\/{rel}","templated":true}]}}