{"id":50168,"date":"2026-03-18T11:41:47","date_gmt":"2026-03-18T10:41:47","guid":{"rendered":"https:\/\/stockify24.pl\/?post_type=product&#038;p=50168"},"modified":"2026-03-30T10:17:30","modified_gmt":"2026-03-30T09:17:30","slug":"mix-elektroniki-z-europy-eu-80a-b150kg","status":"publish","type":"product","link":"https:\/\/stockify24.pl\/es\/producto\/mix-elektroniki-z-europy-eu-80a-b150kg\/","title":{"rendered":"Electr\u00f3nica mixta procedente de Europa (UE) |A-B| 150kg"},"content":{"rendered":"<h2 data-section-id=\"6lp84z\" data-start=\"237\" data-end=\"296\">\ud83d\udce6 Electr\u00f3nica mixta de la UE Europa - palet A-B, altura 1M<\/h2>\n<p data-start=\"298\" data-end=\"449\"><strong data-start=\"298\" data-end=\"329\">Mezcla de productos electr\u00f3nicos de la UE Europa<\/strong> to rozwi\u0105zanie przeznaczone dla sprzeda\u017cy hurtowej, e-commerce oraz budowania oferty w segmencie elektroniki u\u017cytkowej.<\/p>\n<p data-start=\"451\" data-end=\"727\">Paleta zawiera zestaw produkt\u00f3w elektronicznych i akcesori\u00f3w, kt\u00f3re utrzymuj\u0105 stabilny popyt oraz nadaj\u0105 si\u0119 do dalszej odsprzeda\u017cy. Dzi\u0119ki temu <strong data-start=\"596\" data-end=\"630\">paleta elektroniki z Europy EU<\/strong> mo\u017ce by\u0107 wykorzystywana jako \u017ar\u00f3d\u0142o towaru zar\u00f3wno w sprzeda\u017cy internetowej, jak i stacjonarnej.<\/p>\n<p data-start=\"729\" data-end=\"959\">Cada <strong data-start=\"735\" data-end=\"757\">mix elektroniki EU<\/strong> pakowany jest losowo, dlatego zawarto\u015b\u0107 palety mo\u017ce r\u00f3\u017cni\u0107 si\u0119 od przedstawionych zdj\u0119\u0107. R\u00f3\u017cnice wynikaj\u0105 z rotacji towaru oraz charakteru dostaw obejmuj\u0105cych zwroty konsumenckie i nadwy\u017cki magazynowe.<\/p>\n<p data-start=\"961\" data-end=\"1036\">El env\u00edo es aleatorio: cada pal\u00e9 es un conjunto \u00fanico de productos.<\/p>\n<h2 data-section-id=\"1jv14ab\" data-start=\"1043\" data-end=\"1095\">\ud83d\udd0c Mezcla de productos electr\u00f3nicos de la UE - contenido del pal\u00e9<\/h2>\n<p data-start=\"1097\" data-end=\"1231\"><strong data-start=\"1097\" data-end=\"1131\">Paleta elektroniki z Europy EU<\/strong> incluye productos de las categor\u00edas de electr\u00f3nica de consumo y accesorios para m\u00f3viles, entre otros:<\/p>\n<ul data-start=\"1233\" data-end=\"1487\">\n<li data-section-id=\"admbw2\" data-start=\"1233\" data-end=\"1260\">\n<p data-start=\"1235\" data-end=\"1260\">auriculares inal\u00e1mbricos<\/p>\n<\/li>\n<li data-section-id=\"18hl43c\" data-start=\"1261\" data-end=\"1299\">\n<p data-start=\"1263\" data-end=\"1299\">cargadores de red y powerbanks<\/p>\n<\/li>\n<li data-section-id=\"2cko63\" data-start=\"1300\" data-end=\"1317\">\n<p data-start=\"1302\" data-end=\"1317\">Accesorios GSM<\/p>\n<\/li>\n<li data-section-id=\"r5wtn7\" data-start=\"1318\" data-end=\"1348\">\n<p data-start=\"1320\" data-end=\"1348\">dispositivos dom\u00e9sticos inteligentes<\/p>\n<\/li>\n<li data-section-id=\"1ap55p8\" data-start=\"1349\" data-end=\"1413\">\n<p data-start=\"1351\" data-end=\"1413\">peque\u00f1os electrodom\u00e9sticos (por ejemplo, secadores de pelo, masajeadores y otros aparatos)<\/p>\n<\/li>\n<li data-section-id=\"31a3fm\" data-start=\"1414\" data-end=\"1455\">\n<p data-start=\"1416\" data-end=\"1455\">mandos y aparatos electr\u00f3nicos<\/p>\n<\/li>\n<li data-section-id=\"4egyp1\" data-start=\"1456\" data-end=\"1487\">\n<p data-start=\"1458\" data-end=\"1487\">otros productos electr\u00f3nicos<\/p>\n<\/li>\n<\/ul>\n<p data-start=\"1489\" data-end=\"1617\">\ud83d\udcca Udzia\u0142 elektroniki wynosi oko\u0142o 70\u201380% zawarto\u015bci palety, co wskazuje na koncentracj\u0119 na segmencie elektroniki u\u017cytkowej.<\/p>\n<h2 data-section-id=\"w929kk\" data-start=\"1624\" data-end=\"1675\">\ud83c\udd70\ufe0f\ud83c\udd71\ufe0f Jako\u015b\u0107 produkt\u00f3w \u2013 mix elektroniki EU A\u2013B<\/h2>\n<p data-start=\"1677\" data-end=\"1766\"><strong data-start=\"1677\" data-end=\"1712\">Mix elektroniki 150 kg A\u2013B<\/strong> incluye productos de estado variable:<\/p>\n<ul data-start=\"1768\" data-end=\"1958\">\n<li data-section-id=\"1elyuiv\" data-start=\"1768\" data-end=\"1834\">\n<p data-start=\"1770\" data-end=\"1834\">predominio de productos nuevos o en muy buen estado visual<\/p>\n<\/li>\n<li data-section-id=\"1l5huug\" data-start=\"1835\" data-end=\"1875\">\n<p data-start=\"1837\" data-end=\"1875\">ligeras huellas de uso posibles<\/p>\n<\/li>\n<li data-section-id=\"1njuyt9\" data-start=\"1876\" data-end=\"1958\">\n<p data-start=\"1878\" data-end=\"1958\">mezcla permitida pero no garantizada de productos de clase C (hasta aproximadamente 5-7%)<\/p>\n<\/li>\n<\/ul>\n<p data-start=\"1960\" data-end=\"2062\">Taki poziom jako\u015bci umo\u017cliwia zachowanie optymalnego stosunku ceny zakupu do potencja\u0142u sprzeda\u017cowego.<\/p>\n<h2 data-section-id=\"118zx3t\" data-start=\"2069\" data-end=\"2125\">\ud83d\udcd0 Parametry techniczne \u2013 paleta elektroniki z Europy<\/h2>\n<ul data-start=\"2127\" data-end=\"2256\">\n<li data-section-id=\"rckeqa\" data-start=\"2127\" data-end=\"2158\">\n<p data-start=\"2129\" data-end=\"2158\">altura de la paleta: <strong data-start=\"2146\" data-end=\"2156\">1 metro<\/strong><\/p>\n<\/li>\n<li data-section-id=\"n26hge\" data-start=\"2159\" data-end=\"2185\">\n<p data-start=\"2161\" data-end=\"2185\">peso neto: <strong data-start=\"2173\" data-end=\"2183\">150 kg<\/strong><\/p>\n<\/li>\n<li data-section-id=\"a4rjmf\" data-start=\"2186\" data-end=\"2223\">\n<p data-start=\"2188\" data-end=\"2223\">surtido: aleatorio y variado<\/p>\n<\/li>\n<li data-section-id=\"ohjx4g\" data-start=\"2224\" data-end=\"2256\">\n<p data-start=\"2226\" data-end=\"2256\">cada paleta: composici\u00f3n \u00fanica<\/p>\n<\/li>\n<\/ul>\n<p data-start=\"2258\" data-end=\"2381\"><strong data-start=\"2258\" data-end=\"2289\">Mezcla de productos electr\u00f3nicos de la UE Europa<\/strong> nie posiada sta\u0142ej specyfikacji produktowej \u2014 zawarto\u015b\u0107 zale\u017cy od aktualnej partii dostawy.<\/p>\n<h2 data-section-id=\"adde93\" data-start=\"2388\" data-end=\"2443\">\ud83d\udcbc \u00bfPor qu\u00e9 elegir una combinaci\u00f3n de productos electr\u00f3nicos de la UE?<\/h2>\n<p data-start=\"2445\" data-end=\"2507\">La compra de un producto como <strong>paleta elektroniki A\u2013B<\/strong>\u00a0permite:<\/p>\n<ul data-start=\"2509\" data-end=\"2788\">\n<li data-section-id=\"i0zycv\" data-start=\"2509\" data-end=\"2551\">\n<p data-start=\"2511\" data-end=\"2551\">acceso a bienes por debajo del precio de mercado<\/p>\n<\/li>\n<li data-section-id=\"13qq7xx\" data-start=\"2552\" data-end=\"2606\">\n<p data-start=\"2554\" data-end=\"2606\">obtener un amplio surtido en una sola entrega<\/p>\n<\/li>\n<li data-section-id=\"v2np6n\" data-start=\"2607\" data-end=\"2674\">\n<p data-start=\"2609\" data-end=\"2674\">aumentar el potencial de ventas mediante la diversidad de productos<\/p>\n<\/li>\n<li data-section-id=\"22aq9j\" data-start=\"2675\" data-end=\"2739\">\n<p data-start=\"2677\" data-end=\"2739\">pruebas de diferentes categor\u00edas sin un gran desembolso financiero<\/p>\n<\/li>\n<li data-section-id=\"krsy5u\" data-start=\"2740\" data-end=\"2788\">\n<p data-start=\"2742\" data-end=\"2788\">rozw\u00f3j sprzeda\u017cy w kana\u0142ach online i offline<\/p>\n<\/li>\n<\/ul>\n<p data-start=\"2790\" data-end=\"2938\">Towar pochodzi ze zwrot\u00f3w konsumenckich oraz nadwy\u017cek magazynowych, dlatego ka\u017cda <strong data-start=\"2872\" data-end=\"2903\">paleta elektroniki z Europy<\/strong> stanowi unikalne \u017ar\u00f3d\u0142o produkt\u00f3w.<\/p>\n<h2 data-section-id=\"1nzb8um\" data-start=\"2048\" data-end=\"2088\">\ud83d\udcbc Uso en el comercio electr\u00f3nico y el comercio<\/h2>\n<p data-start=\"2090\" data-end=\"2179\">La paleta de productos electr\u00f3nicos de Amazon funciona bien con modelos de venta por volumen y rotaci\u00f3n:<\/p>\n<ul data-start=\"2181\" data-end=\"2344\">\n<li data-section-id=\"1c1wa51\" data-start=\"2181\" data-end=\"2224\">venta en <a href=\"https:\/\/allegro.pl\/\" target=\"_blank\" rel=\"noopener\">Allegro<\/a>, <a href=\"https:\/\/www.olx.pl\/\" target=\"_blank\" rel=\"noopener\">OLX<\/a>, <a href=\"https:\/\/www.ebay.com\/\" target=\"_blank\" rel=\"noopener\">eBay<\/a>, <a href=\"https:\/\/www.amazon.com\/\" target=\"_blank\" rel=\"noopener\">Amazon<\/a><\/li>\n<li data-section-id=\"1fmpn86\" data-start=\"2225\" data-end=\"2247\">tiendas en l\u00ednea<\/li>\n<li data-section-id=\"gynsj7\" data-start=\"2248\" data-end=\"2281\">venta al por menor y al por mayor<\/li>\n<li data-section-id=\"161gjv4\" data-start=\"2282\" data-end=\"2320\">desarrollo de un almac\u00e9n de productos propios<\/li>\n<li data-section-id=\"1fuo8gv\" data-start=\"2321\" data-end=\"2344\">ampliaci\u00f3n de la oferta<\/li>\n<\/ul>\n<p data-start=\"2346\" data-end=\"2462\">Esta soluci\u00f3n permite aumentar el n\u00famero de productos y mejorar el rendimiento de las ventas sin aumentar los costes unitarios.<\/p>\n<h2 data-section-id=\"8u5ilv\" data-start=\"2945\" data-end=\"2988\">\ud83d\ude9a Entrega - mezcla de electr\u00f3nica de Europa UE<\/h2>\n<ul data-start=\"2990\" data-end=\"3061\">\n<li data-section-id=\"1io1mk2\" data-start=\"2990\" data-end=\"3029\">\n<p data-start=\"2992\" data-end=\"3029\">env\u00edo r\u00e1pido desde un almac\u00e9n en Europa<\/p>\n<\/li>\n<li data-section-id=\"1w7s4ii\" data-start=\"3030\" data-end=\"3061\">\n<p data-start=\"3032\" data-end=\"3061\">tramitaci\u00f3n eficaz de los pedidos<\/p>\n<\/li>\n<\/ul>\n<h2 data-section-id=\"opmkg3\" data-start=\"3068\" data-end=\"3094\">\u2139\ufe0f Informaci\u00f3n adicional<\/h2>\n<p data-start=\"3096\" data-end=\"3197\">Los productos no se prueban individualmente.<br data-start=\"3132\" data-end=\"3135\" \/>Posible mezcla menor (hasta aproximadamente 5-7%) de productos de grado C.<\/p>\n<h2 data-section-id=\"1r63ysc\" data-start=\"3204\" data-end=\"3259\">\ud83d\udcf8 Fotos de ejemplo - mezcla de electr\u00f3nica de la UE Europa<\/h2>\n<p data-start=\"3261\" data-end=\"3348\">Przyk\u0142adowe zdj\u0119cia maj\u0105 charakter pogl\u0105dowy i przedstawiaj\u0105 typowy przekr\u00f3j produkt\u00f3w.<\/p>\n<p data-start=\"3350\" data-end=\"3476\">Cada <strong data-start=\"3356\" data-end=\"3387\">mezcla de electr\u00f3nica de la UE Europa<\/strong> pakowany jest losowo, dlatego zawarto\u015b\u0107 palety mo\u017ce r\u00f3\u017cni\u0107 si\u0119 od przedstawionych zdj\u0119\u0107.<\/p>\n<p data-start=\"3478\" data-end=\"3553\">El env\u00edo es aleatorio: cada pal\u00e9 es un conjunto \u00fanico de productos.<\/p>\n<p data-start=\"3478\" data-end=\"3553\">Todos los modelos de pal\u00e9s de Amazon <a href=\"https:\/\/stockify24.pl\/es\/sklep\/\"><strong>aqu\u00ed<\/strong>.<\/a><\/p>","protected":false},"excerpt":{"rendered":"<p class=\"p1\">\u26a1 Oko\u0142o 70\u201380% elektroniki<\/p>\n<p class=\"p1\">\ud83c\uddea\ud83c\uddfa EU<\/p>\n<p class=\"p1\">\ud83d\udd25 Amazon Returns<\/p>\n<p class=\"p1\" style=\"text-align: left;\">\u2714\ufe0f Jako\u015b\u0107 A\u2013B<\/p>","protected":false},"featured_media":50116,"comment_status":"open","ping_status":"closed","template":"","meta":{"_acf_changed":false},"product_brand":[],"product_cat":[1258,1273,1284],"product_tag":[1274],"class_list":{"0":"post-50168","1":"product","2":"type-product","3":"status-publish","4":"has-post-thumbnail","6":"product_cat-amazon-paleta","7":"product_cat-mix-elektroniki-eu-amazon-returns-ab","8":"product_cat-palety-dnia","9":"product_tag-paleta-mix-elektroniki-z-europy","11":"first","12":"instock","13":"sold-individually","14":"taxable","15":"shipping-taxable","16":"purchasable","17":"product-type-simple"},"acf":[],"_links":{"self":[{"href":"https:\/\/stockify24.pl\/es\/wp-json\/wp\/v2\/product\/50168","targetHints":{"allow":["GET"]}}],"collection":[{"href":"https:\/\/stockify24.pl\/es\/wp-json\/wp\/v2\/product"}],"about":[{"href":"https:\/\/stockify24.pl\/es\/wp-json\/wp\/v2\/types\/product"}],"replies":[{"embeddable":true,"href":"https:\/\/stockify24.pl\/es\/wp-json\/wp\/v2\/comments?post=50168"}],"wp:featuredmedia":[{"embeddable":true,"href":"https:\/\/stockify24.pl\/es\/wp-json\/wp\/v2\/media\/50116"}],"wp:attachment":[{"href":"https:\/\/stockify24.pl\/es\/wp-json\/wp\/v2\/media?parent=50168"}],"wp:term":[{"taxonomy":"product_brand","embeddable":true,"href":"https:\/\/stockify24.pl\/es\/wp-json\/wp\/v2\/product_brand?post=50168"},{"taxonomy":"product_cat","embeddable":true,"href":"https:\/\/stockify24.pl\/es\/wp-json\/wp\/v2\/product_cat?post=50168"},{"taxonomy":"product_tag","embeddable":true,"href":"https:\/\/stockify24.pl\/es\/wp-json\/wp\/v2\/product_tag?post=50168"}],"curies":[{"name":"wp","href":"https:\/\/api.w.org\/{rel}","templated":true}]}}