{"id":50169,"date":"2026-03-18T11:50:58","date_gmt":"2026-03-18T10:50:58","guid":{"rendered":"https:\/\/stockify24.pl\/?post_type=product&#038;p=50169"},"modified":"2026-03-30T10:18:57","modified_gmt":"2026-03-30T09:18:57","slug":"mix-elektroniki-z-europy-eu-80a-b160kg","status":"publish","type":"product","link":"https:\/\/stockify24.pl\/es\/producto\/mix-elektroniki-z-europy-eu-80a-b160kg\/","title":{"rendered":"Electr\u00f3nica mixta procedente de Europa (UE) |A-B| 160kg"},"content":{"rendered":"<h1 data-section-id=\"l5ax7s\" data-start=\"260\" data-end=\"326\">\ud83d\udce6 Mix elektroniki z Europy EU 160 kg \u2013 paleta A\u2013B, wysoko\u015b\u0107 1M<\/h1>\n<p data-start=\"328\" data-end=\"486\"><strong data-start=\"328\" data-end=\"366\">Mix elektroniki z Europy EU 160 kg<\/strong> to rozwi\u0105zanie przeznaczone dla sprzeda\u017cy hurtowej, e-commerce oraz budowania oferty w segmencie elektroniki u\u017cytkowej.<\/p>\n<p data-start=\"488\" data-end=\"772\">Paleta obejmuje zestaw produkt\u00f3w elektronicznych i akcesori\u00f3w, kt\u00f3re charakteryzuj\u0105 si\u0119 stabilnym popytem oraz mo\u017cliwo\u015bci\u0105 dalszej odsprzeda\u017cy. Dzi\u0119ki temu <strong data-start=\"644\" data-end=\"685\">paleta elektroniki 160 kg z Europy EU<\/strong> mo\u017ce by\u0107 wykorzystywana jako \u017ar\u00f3d\u0142o towaru w sprzeda\u017cy internetowej oraz stacjonarnej.<\/p>\n<p data-start=\"774\" data-end=\"1004\">Cada <strong data-start=\"780\" data-end=\"809\">mix elektroniki 160 kg EU<\/strong> pakowany jest losowo, dlatego zawarto\u015b\u0107 palety mo\u017ce r\u00f3\u017cni\u0107 si\u0119 od przedstawionych zdj\u0119\u0107. Wynika to z rotacji towaru oraz charakteru dostaw obejmuj\u0105cych zwroty konsumenckie i nadwy\u017cki magazynowe.<\/p>\n<p data-start=\"1006\" data-end=\"1081\">El env\u00edo es aleatorio: cada pal\u00e9 es un conjunto \u00fanico de productos.<\/p>\n<h2 data-section-id=\"r7tzgo\" data-start=\"1088\" data-end=\"1147\">\ud83d\udd0c Mezcla de productos electr\u00f3nicos de la UE - contenido del pal\u00e9<\/h2>\n<p data-start=\"1149\" data-end=\"1290\"><strong data-start=\"1149\" data-end=\"1190\">Paleta elektroniki z Europy EU<\/strong>\u00a0incluye productos de las categor\u00edas de electr\u00f3nica de consumo y accesorios para m\u00f3viles, entre otros:<\/p>\n<ul data-start=\"1292\" data-end=\"1546\">\n<li data-section-id=\"admbw2\" data-start=\"1292\" data-end=\"1319\">\n<p data-start=\"1294\" data-end=\"1319\">auriculares inal\u00e1mbricos<\/p>\n<\/li>\n<li data-section-id=\"18hl43c\" data-start=\"1320\" data-end=\"1358\">\n<p data-start=\"1322\" data-end=\"1358\">cargadores de red y powerbanks<\/p>\n<\/li>\n<li data-section-id=\"2cko63\" data-start=\"1359\" data-end=\"1376\">\n<p data-start=\"1361\" data-end=\"1376\">Accesorios GSM<\/p>\n<\/li>\n<li data-section-id=\"r5wtn7\" data-start=\"1377\" data-end=\"1407\">\n<p data-start=\"1379\" data-end=\"1407\">dispositivos dom\u00e9sticos inteligentes<\/p>\n<\/li>\n<li data-section-id=\"1ap55p8\" data-start=\"1408\" data-end=\"1472\">\n<p data-start=\"1410\" data-end=\"1472\">peque\u00f1os electrodom\u00e9sticos (por ejemplo, secadores de pelo, masajeadores y otros aparatos)<\/p>\n<\/li>\n<li data-section-id=\"31a3fm\" data-start=\"1473\" data-end=\"1514\">\n<p data-start=\"1475\" data-end=\"1514\">mandos y aparatos electr\u00f3nicos<\/p>\n<\/li>\n<li data-section-id=\"4egyp1\" data-start=\"1515\" data-end=\"1546\">\n<p data-start=\"1517\" data-end=\"1546\">otros productos electr\u00f3nicos<\/p>\n<\/li>\n<\/ul>\n<p data-start=\"1548\" data-end=\"1676\">\ud83d\udcca La cuota de la electr\u00f3nica es de aprox. <strong data-start=\"1583\" data-end=\"1611\">Contenido del pal\u00e9 70-80%<\/strong>, co wskazuje na koncentracj\u0119 na segmencie elektroniki u\u017cytkowej.<\/p>\n<h2 data-section-id=\"174uos8\" data-start=\"1683\" data-end=\"1728\">\ud83c\udd70\ufe0f\ud83c\udd71\ufe0f Jako\u015b\u0107 \u2013 mix elektroniki 160 kg A\u2013B<\/h2>\n<p data-start=\"1730\" data-end=\"1826\"><strong data-start=\"1730\" data-end=\"1772\">Mix elektroniki z Europy A\u2013B<\/strong> incluye productos de estado variable:<\/p>\n<ul data-start=\"1828\" data-end=\"2018\">\n<li data-section-id=\"1elyuiv\" data-start=\"1828\" data-end=\"1894\">\n<p data-start=\"1830\" data-end=\"1894\">predominio de productos nuevos o en muy buen estado visual<\/p>\n<\/li>\n<li data-section-id=\"1l5huug\" data-start=\"1895\" data-end=\"1935\">\n<p data-start=\"1897\" data-end=\"1935\">ligeras huellas de uso posibles<\/p>\n<\/li>\n<li data-section-id=\"1njuyt9\" data-start=\"1936\" data-end=\"2018\">\n<p data-start=\"1938\" data-end=\"2018\">mezcla permitida pero no garantizada de productos de clase C (hasta aproximadamente 5-7%)<\/p>\n<\/li>\n<\/ul>\n<p data-start=\"2020\" data-end=\"2116\">Taki poziom jako\u015bci pozwala zachowa\u0107 optymalny stosunek ceny zakupu do potencja\u0142u sprzeda\u017cowego.<\/p>\n<h2 data-section-id=\"vpgdwc\" data-start=\"2123\" data-end=\"2177\">\ud83d\udcd0 Parametry techniczne \u2013 paleta elektroniki<\/h2>\n<ul data-start=\"2179\" data-end=\"2308\">\n<li data-section-id=\"rckeqa\" data-start=\"2179\" data-end=\"2210\">\n<p data-start=\"2181\" data-end=\"2210\">altura de la paleta: <strong data-start=\"2198\" data-end=\"2208\">1 metro<\/strong><\/p>\n<\/li>\n<li data-section-id=\"14gil99\" data-start=\"2211\" data-end=\"2237\">\n<p data-start=\"2213\" data-end=\"2237\">peso neto: <strong data-start=\"2225\" data-end=\"2235\">160 kg<\/strong><\/p>\n<\/li>\n<li data-section-id=\"a4rjmf\" data-start=\"2238\" data-end=\"2275\">\n<p data-start=\"2240\" data-end=\"2275\">surtido: aleatorio y variado<\/p>\n<\/li>\n<li data-section-id=\"ohjx4g\" data-start=\"2276\" data-end=\"2308\">\n<p data-start=\"2278\" data-end=\"2308\">cada paleta: composici\u00f3n \u00fanica<\/p>\n<\/li>\n<\/ul>\n<p data-start=\"2310\" data-end=\"2428\"><strong data-start=\"2310\" data-end=\"2348\">Mix elektroniki z Europy EU 160 kg<\/strong> nie posiada sta\u0142ej specyfikacji \u2014 zawarto\u015b\u0107 zale\u017cy od aktualnej partii dostawy.<\/p>\n<h2 data-section-id=\"1y606gs\" data-start=\"2435\" data-end=\"2497\">\ud83d\udcbc Dlaczego warto wybra\u0107 mix elektroniki z Europy EU 160 kg<\/h2>\n<p data-start=\"2499\" data-end=\"2569\">La compra de un producto como <strong data-start=\"2525\" data-end=\"2558\">paleta elektroniki A\u2013B 160 kg<\/strong> permite:<\/p>\n<ul data-start=\"2571\" data-end=\"2850\">\n<li data-section-id=\"i0zycv\" data-start=\"2571\" data-end=\"2613\">\n<p data-start=\"2573\" data-end=\"2613\">acceso a bienes por debajo del precio de mercado<\/p>\n<\/li>\n<li data-section-id=\"13qq7xx\" data-start=\"2614\" data-end=\"2668\">\n<p data-start=\"2616\" data-end=\"2668\">obtener un amplio surtido en una sola entrega<\/p>\n<\/li>\n<li data-section-id=\"v2np6n\" data-start=\"2669\" data-end=\"2736\">\n<p data-start=\"2671\" data-end=\"2736\">aumentar el potencial de ventas mediante la diversidad de productos<\/p>\n<\/li>\n<li data-section-id=\"22aq9j\" data-start=\"2737\" data-end=\"2801\">\n<p data-start=\"2739\" data-end=\"2801\">pruebas de diferentes categor\u00edas sin un gran desembolso financiero<\/p>\n<\/li>\n<li data-section-id=\"krsy5u\" data-start=\"2802\" data-end=\"2850\">\n<p data-start=\"2804\" data-end=\"2850\">rozw\u00f3j sprzeda\u017cy w kana\u0142ach online i offline<\/p>\n<\/li>\n<\/ul>\n<p data-start=\"2852\" data-end=\"3007\">Towar pochodzi ze zwrot\u00f3w konsumenckich oraz nadwy\u017cek magazynowych, dlatego ka\u017cda <strong data-start=\"2934\" data-end=\"2972\">paleta elektroniki z Europy 160 kg<\/strong> stanowi unikalne \u017ar\u00f3d\u0142o produkt\u00f3w.<\/p>\n<h2 data-section-id=\"1nzb8um\" data-start=\"2048\" data-end=\"2088\">\ud83d\udcbc Uso en el comercio electr\u00f3nico y el comercio<\/h2>\n<p data-start=\"2090\" data-end=\"2179\">La paleta de productos electr\u00f3nicos de Amazon funciona bien con modelos de venta por volumen y rotaci\u00f3n:<\/p>\n<ul data-start=\"2181\" data-end=\"2344\">\n<li data-section-id=\"1c1wa51\" data-start=\"2181\" data-end=\"2224\">venta en <a href=\"https:\/\/allegro.pl\/\" target=\"_blank\" rel=\"noopener\">Allegro<\/a>, <a href=\"https:\/\/www.olx.pl\/\" target=\"_blank\" rel=\"noopener\">OLX<\/a>, <a href=\"https:\/\/www.ebay.com\/\" target=\"_blank\" rel=\"noopener\">eBay<\/a>, <a href=\"https:\/\/www.amazon.com\/\" target=\"_blank\" rel=\"noopener\">Amazon<\/a><\/li>\n<li data-section-id=\"1fmpn86\" data-start=\"2225\" data-end=\"2247\">tiendas en l\u00ednea<\/li>\n<li data-section-id=\"gynsj7\" data-start=\"2248\" data-end=\"2281\">venta al por menor y al por mayor<\/li>\n<li data-section-id=\"161gjv4\" data-start=\"2282\" data-end=\"2320\">desarrollo de un almac\u00e9n de productos propios<\/li>\n<li data-section-id=\"1fuo8gv\" data-start=\"2321\" data-end=\"2344\">ampliaci\u00f3n de la oferta<\/li>\n<\/ul>\n<p data-start=\"2346\" data-end=\"2462\">Esta soluci\u00f3n permite aumentar el n\u00famero de productos y mejorar el rendimiento de las ventas sin aumentar los costes unitarios.<\/p>\n<h2 data-section-id=\"u7cq0\" data-start=\"3014\" data-end=\"3064\">\ud83d\ude9a Dostawa \u2013 mix elektroniki z EU 160 kg<\/h2>\n<ul data-start=\"3066\" data-end=\"3137\">\n<li data-section-id=\"1io1mk2\" data-start=\"3066\" data-end=\"3105\">\n<p data-start=\"3068\" data-end=\"3105\">env\u00edo r\u00e1pido desde un almac\u00e9n en Europa<\/p>\n<\/li>\n<li data-section-id=\"1w7s4ii\" data-start=\"3106\" data-end=\"3137\">\n<p data-start=\"3108\" data-end=\"3137\">tramitaci\u00f3n eficaz de los pedidos<\/p>\n<\/li>\n<\/ul>\n<h2 data-section-id=\"opmkg3\" data-start=\"3144\" data-end=\"3170\">\u2139\ufe0f Informaci\u00f3n adicional<\/h2>\n<p data-start=\"3172\" data-end=\"3273\">Los productos no se prueban individualmente.<br data-start=\"3208\" data-end=\"3211\" \/>Posible mezcla menor (hasta aproximadamente 5-7%) de productos de grado C.<\/p>\n<h2 data-section-id=\"1iqc3ll\" data-start=\"3280\" data-end=\"3333\">\ud83d\udcf8 Przyk\u0142adowe zdj\u0119cia \u2013 mix elektroniki<\/h2>\n<p data-start=\"3335\" data-end=\"3422\">Przyk\u0142adowe zdj\u0119cia maj\u0105 charakter pogl\u0105dowy i przedstawiaj\u0105 typowy przekr\u00f3j produkt\u00f3w.<\/p>\n<p data-start=\"3424\" data-end=\"3557\">Cada <strong data-start=\"3430\" data-end=\"3468\">mezcla de productos electr\u00f3nicos procedentes de Europa<\/strong>\u00a0pakowany jest losowo, dlatego zawarto\u015b\u0107 palety mo\u017ce r\u00f3\u017cni\u0107 si\u0119 od przedstawionych zdj\u0119\u0107.<\/p>\n<p data-start=\"3559\" data-end=\"3634\">El env\u00edo es aleatorio: cada pal\u00e9 es un conjunto \u00fanico de productos.<\/p>\n<p data-start=\"3559\" data-end=\"3634\">Todos los modelos de pal\u00e9s de Amazon <a href=\"https:\/\/stockify24.pl\/es\/sklep\/\"><strong>aqu\u00ed<\/strong>.<\/a><\/p>","protected":false},"excerpt":{"rendered":"<p class=\"p1\">\u26a1 Oko\u0142o 70\u201380% elektroniki<\/p>\n<p class=\"p1\">\ud83c\uddea\ud83c\uddfa EU<\/p>\n<p class=\"p1\">\ud83d\udd25 Amazon Returns<\/p>\n<p class=\"p1\" style=\"text-align: left;\">\u2714\ufe0f Jako\u015b\u0107 A\u2013B<\/p>","protected":false},"featured_media":50117,"comment_status":"open","ping_status":"closed","template":"","meta":{"_acf_changed":false},"product_brand":[],"product_cat":[1258,1273,1284],"product_tag":[1274],"class_list":{"0":"post-50169","1":"product","2":"type-product","3":"status-publish","4":"has-post-thumbnail","6":"product_cat-amazon-paleta","7":"product_cat-mix-elektroniki-eu-amazon-returns-ab","8":"product_cat-palety-dnia","9":"product_tag-paleta-mix-elektroniki-z-europy","11":"first","12":"instock","13":"sold-individually","14":"taxable","15":"shipping-taxable","16":"purchasable","17":"product-type-simple"},"acf":[],"_links":{"self":[{"href":"https:\/\/stockify24.pl\/es\/wp-json\/wp\/v2\/product\/50169","targetHints":{"allow":["GET"]}}],"collection":[{"href":"https:\/\/stockify24.pl\/es\/wp-json\/wp\/v2\/product"}],"about":[{"href":"https:\/\/stockify24.pl\/es\/wp-json\/wp\/v2\/types\/product"}],"replies":[{"embeddable":true,"href":"https:\/\/stockify24.pl\/es\/wp-json\/wp\/v2\/comments?post=50169"}],"wp:featuredmedia":[{"embeddable":true,"href":"https:\/\/stockify24.pl\/es\/wp-json\/wp\/v2\/media\/50117"}],"wp:attachment":[{"href":"https:\/\/stockify24.pl\/es\/wp-json\/wp\/v2\/media?parent=50169"}],"wp:term":[{"taxonomy":"product_brand","embeddable":true,"href":"https:\/\/stockify24.pl\/es\/wp-json\/wp\/v2\/product_brand?post=50169"},{"taxonomy":"product_cat","embeddable":true,"href":"https:\/\/stockify24.pl\/es\/wp-json\/wp\/v2\/product_cat?post=50169"},{"taxonomy":"product_tag","embeddable":true,"href":"https:\/\/stockify24.pl\/es\/wp-json\/wp\/v2\/product_tag?post=50169"}],"curies":[{"name":"wp","href":"https:\/\/api.w.org\/{rel}","templated":true}]}}