{"id":50170,"date":"2026-03-18T12:24:39","date_gmt":"2026-03-18T11:24:39","guid":{"rendered":"https:\/\/stockify24.pl\/?post_type=product&#038;p=50170"},"modified":"2026-03-30T10:37:09","modified_gmt":"2026-03-30T09:37:09","slug":"mix-elektroniki-z-europy-eu-80a-b170kg","status":"publish","type":"product","link":"https:\/\/stockify24.pl\/es\/producto\/mix-elektroniki-z-europy-eu-80a-b170kg\/","title":{"rendered":"Electr\u00f3nica mixta de Europa (UE) |A-B| 170kg"},"content":{"rendered":"<h2 data-section-id=\"14eomsp\" data-start=\"248\" data-end=\"314\">\ud83d\udce6 Mix elektroniki z Europy EU 170 kg \u2013 paleta A\u2013B, wysoko\u015b\u0107 1M<\/h2>\n<p data-start=\"316\" data-end=\"474\"><strong data-start=\"316\" data-end=\"354\">Mix elektroniki z Europy EU 170 kg<\/strong> to rozwi\u0105zanie przeznaczone dla sprzeda\u017cy hurtowej, e-commerce oraz budowania oferty w segmencie elektroniki u\u017cytkowej.<\/p>\n<p data-start=\"476\" data-end=\"770\">Paleta obejmuje zestaw produkt\u00f3w elektronicznych i akcesori\u00f3w, kt\u00f3re charakteryzuj\u0105 si\u0119 stabilnym popytem oraz mo\u017cliwo\u015bci\u0105 dalszej odsprzeda\u017cy. Dzi\u0119ki temu <strong data-start=\"632\" data-end=\"673\">paleta elektroniki 170 kg z Europy EU<\/strong> mo\u017ce by\u0107 wykorzystywana jako \u017ar\u00f3d\u0142o towaru zar\u00f3wno w sprzeda\u017cy internetowej, jak i stacjonarnej.<\/p>\n<p data-start=\"772\" data-end=\"1002\">Cada <strong data-start=\"778\" data-end=\"807\">mix<\/strong>\u00a0pakowany jest losowo, dlatego zawarto\u015b\u0107 palety mo\u017ce r\u00f3\u017cni\u0107 si\u0119 od przedstawionych zdj\u0119\u0107. Wynika to z rotacji towaru oraz charakteru dostaw obejmuj\u0105cych zwroty konsumenckie i nadwy\u017cki magazynowe.<\/p>\n<p data-start=\"1004\" data-end=\"1079\">El env\u00edo es aleatorio: cada pal\u00e9 es un conjunto \u00fanico de productos.<\/p>\n<h2 data-section-id=\"1mtz8yx\" data-start=\"1086\" data-end=\"1145\">\ud83d\udd0c Mix elektroniki z Europy EU 170 kg \u2013 zawarto\u015b\u0107 palety<\/h2>\n<p data-start=\"1147\" data-end=\"1288\"><strong data-start=\"1147\" data-end=\"1188\">Paleta elektroniki z Europy EU 170 kg<\/strong> incluye productos de las categor\u00edas de electr\u00f3nica de consumo y accesorios para m\u00f3viles, entre otros:<\/p>\n<ul data-start=\"1290\" data-end=\"1544\">\n<li data-section-id=\"admbw2\" data-start=\"1290\" data-end=\"1317\">\n<p data-start=\"1292\" data-end=\"1317\">auriculares inal\u00e1mbricos<\/p>\n<\/li>\n<li data-section-id=\"18hl43c\" data-start=\"1318\" data-end=\"1356\">\n<p data-start=\"1320\" data-end=\"1356\">cargadores de red y powerbanks<\/p>\n<\/li>\n<li data-section-id=\"2cko63\" data-start=\"1357\" data-end=\"1374\">\n<p data-start=\"1359\" data-end=\"1374\">Accesorios GSM<\/p>\n<\/li>\n<li data-section-id=\"r5wtn7\" data-start=\"1375\" data-end=\"1405\">\n<p data-start=\"1377\" data-end=\"1405\">dispositivos dom\u00e9sticos inteligentes<\/p>\n<\/li>\n<li data-section-id=\"1ap55p8\" data-start=\"1406\" data-end=\"1470\">\n<p data-start=\"1408\" data-end=\"1470\">peque\u00f1os electrodom\u00e9sticos (por ejemplo, secadores de pelo, masajeadores y otros aparatos)<\/p>\n<\/li>\n<li data-section-id=\"31a3fm\" data-start=\"1471\" data-end=\"1512\">\n<p data-start=\"1473\" data-end=\"1512\">mandos y aparatos electr\u00f3nicos<\/p>\n<\/li>\n<li data-section-id=\"4egyp1\" data-start=\"1513\" data-end=\"1544\">\n<p data-start=\"1515\" data-end=\"1544\">otros productos electr\u00f3nicos<\/p>\n<\/li>\n<\/ul>\n<p data-start=\"1546\" data-end=\"1674\">\ud83d\udcca La cuota de la electr\u00f3nica es de aprox. <strong data-start=\"1581\" data-end=\"1609\">Contenido del pal\u00e9 70-80%<\/strong>, co wskazuje na koncentracj\u0119 na segmencie elektroniki u\u017cytkowej.<\/p>\n<h2 data-section-id=\"uqy0ft\" data-start=\"1681\" data-end=\"1726\">\ud83c\udd70\ufe0f\ud83c\udd71\ufe0f Jako\u015b\u0107 \u2013 mix elektroniki A\u2013B<\/h2>\n<p data-start=\"1728\" data-end=\"1824\"><strong data-start=\"1728\" data-end=\"1770\">Mix elektroniki z Europy EU 170 kg A\u2013B<\/strong> incluye productos de estado variable:<\/p>\n<ul data-start=\"1826\" data-end=\"2016\">\n<li data-section-id=\"1elyuiv\" data-start=\"1826\" data-end=\"1892\">\n<p data-start=\"1828\" data-end=\"1892\">predominio de productos nuevos o en muy buen estado visual<\/p>\n<\/li>\n<li data-section-id=\"1l5huug\" data-start=\"1893\" data-end=\"1933\">\n<p data-start=\"1895\" data-end=\"1933\">ligeras huellas de uso posibles<\/p>\n<\/li>\n<li data-section-id=\"1njuyt9\" data-start=\"1934\" data-end=\"2016\">\n<p data-start=\"1936\" data-end=\"2016\">mezcla permitida pero no garantizada de productos de clase C (hasta aproximadamente 5-7%)<\/p>\n<\/li>\n<\/ul>\n<p data-start=\"2018\" data-end=\"2114\">Taki poziom jako\u015bci pozwala utrzyma\u0107 optymalny stosunek ceny zakupu do potencja\u0142u sprzeda\u017cowego.<\/p>\n<h2 data-section-id=\"vrj1ul\" data-start=\"2121\" data-end=\"2175\">\ud83d\udcd0 Parametry techniczne \u2013 paleta elektroniki 170 kg<\/h2>\n<ul data-start=\"2177\" data-end=\"2306\">\n<li data-section-id=\"rckeqa\" data-start=\"2177\" data-end=\"2208\">\n<p data-start=\"2179\" data-end=\"2208\">altura de la paleta: <strong data-start=\"2196\" data-end=\"2206\">1 metro<\/strong><\/p>\n<\/li>\n<li data-section-id=\"k5ceos\" data-start=\"2209\" data-end=\"2235\">\n<p data-start=\"2211\" data-end=\"2235\">peso neto: <strong data-start=\"2223\" data-end=\"2233\">170 kg<\/strong><\/p>\n<\/li>\n<li data-section-id=\"a4rjmf\" data-start=\"2236\" data-end=\"2273\">\n<p data-start=\"2238\" data-end=\"2273\">surtido: aleatorio y variado<\/p>\n<\/li>\n<li data-section-id=\"ohjx4g\" data-start=\"2274\" data-end=\"2306\">\n<p data-start=\"2276\" data-end=\"2306\">cada paleta: composici\u00f3n \u00fanica<\/p>\n<\/li>\n<\/ul>\n<p data-start=\"2308\" data-end=\"2426\"><strong data-start=\"2308\" data-end=\"2346\">Mix elektroniki z Europy EU 170 kg<\/strong> nie posiada sta\u0142ej specyfikacji \u2014 zawarto\u015b\u0107 zale\u017cy od aktualnej partii dostawy.<\/p>\n<h2 data-section-id=\"1y5c9a5\" data-start=\"2433\" data-end=\"2495\">\ud83d\udcbc Dlaczego warto wybra\u0107 mix elektroniki z Europy EU 170 kg<\/h2>\n<p data-start=\"2497\" data-end=\"2567\">La compra de un producto como <strong data-start=\"2523\" data-end=\"2556\">paleta elektroniki A\u2013B 170 kg<\/strong> permite:<\/p>\n<ul data-start=\"2569\" data-end=\"2848\">\n<li data-section-id=\"i0zycv\" data-start=\"2569\" data-end=\"2611\">\n<p data-start=\"2571\" data-end=\"2611\">acceso a bienes por debajo del precio de mercado<\/p>\n<\/li>\n<li data-section-id=\"13qq7xx\" data-start=\"2612\" data-end=\"2666\">\n<p data-start=\"2614\" data-end=\"2666\">obtener un amplio surtido en una sola entrega<\/p>\n<\/li>\n<li data-section-id=\"v2np6n\" data-start=\"2667\" data-end=\"2734\">\n<p data-start=\"2669\" data-end=\"2734\">aumentar el potencial de ventas mediante la diversidad de productos<\/p>\n<\/li>\n<li data-section-id=\"22aq9j\" data-start=\"2735\" data-end=\"2799\">\n<p data-start=\"2737\" data-end=\"2799\">pruebas de diferentes categor\u00edas sin un gran desembolso financiero<\/p>\n<\/li>\n<li data-section-id=\"krsy5u\" data-start=\"2800\" data-end=\"2848\">\n<p data-start=\"2802\" data-end=\"2848\">rozw\u00f3j sprzeda\u017cy w kana\u0142ach online i offline<\/p>\n<\/li>\n<\/ul>\n<p data-start=\"2850\" data-end=\"3005\">Towar pochodzi ze zwrot\u00f3w konsumenckich oraz nadwy\u017cek magazynowych, dlatego ka\u017cda <strong data-start=\"2932\" data-end=\"2970\">paleta elektroniki z Europy 170 kg<\/strong> stanowi unikalne \u017ar\u00f3d\u0142o produkt\u00f3w.<\/p>\n<h2 data-section-id=\"3pcvsu\" data-start=\"2184\" data-end=\"2233\">\ud83d\udcbc Aplicaci\u00f3n: donde la paleta genera los resultados.<\/h2>\n<p data-start=\"2235\" data-end=\"2333\">La paleta de productos electr\u00f3nicos de Amazon es aplicable a los modelos de venta por volumen y por rotaci\u00f3n:<\/p>\n<ul data-start=\"2335\" data-end=\"2500\">\n<li data-section-id=\"zrt4k5\" data-start=\"2335\" data-end=\"2378\">venta en <a href=\"https:\/\/allegro.pl\/\" target=\"_blank\" rel=\"noopener\">Allegro<\/a>, <a href=\"https:\/\/www.olx.pl\/\" target=\"_blank\" rel=\"noopener\">OLX<\/a>, <a href=\"https:\/\/www.ebay.com\/\" target=\"_blank\" rel=\"noopener\">eBay<\/a>, <a href=\"https:\/\/www.amazon.com\/\" target=\"_blank\" rel=\"noopener\">Amazon<\/a><\/li>\n<li data-section-id=\"1fmpn86\" data-start=\"2379\" data-end=\"2401\">tiendas en l\u00ednea<\/li>\n<li data-section-id=\"gynsj7\" data-start=\"2402\" data-end=\"2435\">venta al por menor y al por mayor<\/li>\n<li data-section-id=\"10mfklz\" data-start=\"2436\" data-end=\"2464\">desarrollo de un almac\u00e9n propio<\/li>\n<li data-section-id=\"1q6osh7\" data-start=\"2465\" data-end=\"2500\">ampliaci\u00f3n de la gama de productos<\/li>\n<\/ul>\n<p data-start=\"2502\" data-end=\"2623\">Esta soluci\u00f3n permite aumentar r\u00e1pidamente el n\u00famero de ofertas y mejorar el rendimiento de las ventas sin incrementar los costes unitarios.<\/p>\n<h2 data-section-id=\"tjfjd\" data-start=\"3012\" data-end=\"3062\">\ud83d\ude9a Dostawa \u2013 mix elektroniki z Europy EU 170 kg<\/h2>\n<ul data-start=\"3064\" data-end=\"3135\">\n<li data-section-id=\"1io1mk2\" data-start=\"3064\" data-end=\"3103\">\n<p data-start=\"3066\" data-end=\"3103\">env\u00edo r\u00e1pido desde un almac\u00e9n en Europa<\/p>\n<\/li>\n<li data-section-id=\"1w7s4ii\" data-start=\"3104\" data-end=\"3135\">\n<p data-start=\"3106\" data-end=\"3135\">tramitaci\u00f3n eficaz de los pedidos<\/p>\n<\/li>\n<\/ul>\n<h2 data-section-id=\"opmkg3\" data-start=\"3142\" data-end=\"3168\">\u2139\ufe0f Informaci\u00f3n adicional<\/h2>\n<p data-start=\"3170\" data-end=\"3271\">Los productos no se prueban individualmente.<br data-start=\"3206\" data-end=\"3209\" \/>Posible mezcla menor (hasta aproximadamente 5-7%) de productos de grado C.<\/p>\n<h2 data-section-id=\"187zme0\" data-start=\"3278\" data-end=\"3331\">\ud83d\udcf8 Przyk\u0142adowe zdj\u0119cia \u2013 mix elektroniki 170 kg EU<\/h2>\n<p data-start=\"3333\" data-end=\"3420\">Przyk\u0142adowe zdj\u0119cia maj\u0105 charakter pogl\u0105dowy i przedstawiaj\u0105 typowy przekr\u00f3j produkt\u00f3w.<\/p>\n<p data-start=\"3422\" data-end=\"3555\">Cada <strong data-start=\"3428\" data-end=\"3466\">mix elektroniki z Europy EU 170 kg<\/strong> pakowany jest losowo, dlatego zawarto\u015b\u0107 palety mo\u017ce r\u00f3\u017cni\u0107 si\u0119 od przedstawionych zdj\u0119\u0107.<\/p>\n<p data-start=\"3557\" data-end=\"3632\">El env\u00edo es aleatorio: cada pal\u00e9 es un conjunto \u00fanico de productos.<\/p>\n<p data-start=\"3557\" data-end=\"3632\">Todos los modelos de pal\u00e9s de Amazon <a href=\"https:\/\/stockify24.pl\/es\/sklep\/\"><strong>aqu\u00ed<\/strong>.<\/a><\/p>","protected":false},"excerpt":{"rendered":"<p class=\"p1\">\u26a1 Oko\u0142o 70\u201380% elektroniki<\/p>\n<p class=\"p1\">\ud83c\uddea\ud83c\uddfa EU<\/p>\n<p class=\"p1\">\ud83d\udd25 Amazon Returns<\/p>\n<p class=\"p1\" style=\"text-align: left;\">\u2714\ufe0f Jako\u015b\u0107 A\u2013B<\/p>","protected":false},"featured_media":50113,"comment_status":"open","ping_status":"closed","template":"","meta":{"_acf_changed":false},"product_brand":[],"product_cat":[1258,1273,1284],"product_tag":[1274],"class_list":{"0":"post-50170","1":"product","2":"type-product","3":"status-publish","4":"has-post-thumbnail","6":"product_cat-amazon-paleta","7":"product_cat-mix-elektroniki-eu-amazon-returns-ab","8":"product_cat-palety-dnia","9":"product_tag-paleta-mix-elektroniki-z-europy","11":"first","12":"instock","13":"sold-individually","14":"taxable","15":"shipping-taxable","16":"purchasable","17":"product-type-simple"},"acf":[],"_links":{"self":[{"href":"https:\/\/stockify24.pl\/es\/wp-json\/wp\/v2\/product\/50170","targetHints":{"allow":["GET"]}}],"collection":[{"href":"https:\/\/stockify24.pl\/es\/wp-json\/wp\/v2\/product"}],"about":[{"href":"https:\/\/stockify24.pl\/es\/wp-json\/wp\/v2\/types\/product"}],"replies":[{"embeddable":true,"href":"https:\/\/stockify24.pl\/es\/wp-json\/wp\/v2\/comments?post=50170"}],"wp:featuredmedia":[{"embeddable":true,"href":"https:\/\/stockify24.pl\/es\/wp-json\/wp\/v2\/media\/50113"}],"wp:attachment":[{"href":"https:\/\/stockify24.pl\/es\/wp-json\/wp\/v2\/media?parent=50170"}],"wp:term":[{"taxonomy":"product_brand","embeddable":true,"href":"https:\/\/stockify24.pl\/es\/wp-json\/wp\/v2\/product_brand?post=50170"},{"taxonomy":"product_cat","embeddable":true,"href":"https:\/\/stockify24.pl\/es\/wp-json\/wp\/v2\/product_cat?post=50170"},{"taxonomy":"product_tag","embeddable":true,"href":"https:\/\/stockify24.pl\/es\/wp-json\/wp\/v2\/product_tag?post=50170"}],"curies":[{"name":"wp","href":"https:\/\/api.w.org\/{rel}","templated":true}]}}