{"id":50308,"date":"2026-03-19T11:12:53","date_gmt":"2026-03-19T10:12:53","guid":{"rendered":"https:\/\/stockify24.pl\/?post_type=product&#038;p=50308"},"modified":"2026-03-30T10:41:56","modified_gmt":"2026-03-30T09:41:56","slug":"paleta-mix-elektroniki-z-europy-eu-a-b-47","status":"publish","type":"product","link":"https:\/\/stockify24.pl\/es\/producto\/paleta-mix-elektroniki-z-europy-eu-a-b-47\/","title":{"rendered":"Paleta mixta electr\u00f3nica de Europa (UE) | A-B | #47"},"content":{"rendered":"<h2 data-section-id=\"x00wv3\" data-start=\"714\" data-end=\"770\">\ud83d\udce6 Pal\u00e9 mezcla electr\u00f3nica de Europa (UE) - mezcla A-B, 157 kg.<\/h2>\n<p data-start=\"772\" data-end=\"933\"><strong data-start=\"772\" data-end=\"805\">Mezcla de productos electr\u00f3nicos procedentes de Europa (UE)<\/strong> es una soluci\u00f3n llave en mano para mayoristas, comercio electr\u00f3nico y revendedores que buscan productos con alto potencial de reventa.<\/p>\n<p data-start=\"935\" data-end=\"1107\">La paleta de productos electr\u00f3nicos incluye productos procedentes de devoluciones de consumidores y excedentes de existencias, lo que permite acceder a productos electr\u00f3nicos a precios inferiores a los del mercado.<\/p>\n<p data-start=\"1109\" data-end=\"1245\">Cada <strong data-start=\"1115\" data-end=\"1143\">mezcla de productos electr\u00f3nicos procedentes de Europa<\/strong> tiene una composici\u00f3n aleatoria, lo que permite diversificar la gama de productos y aumentar el potencial de ventas.<\/p>\n<h2 data-section-id=\"59u7b7\" data-start=\"1252\" data-end=\"1301\">\ud83d\udd0c Mezcla de productos electr\u00f3nicos procedentes de Europa - contenido del pal\u00e9<\/h2>\n<p data-start=\"1303\" data-end=\"1388\">La paleta de productos electr\u00f3nicos incluye una amplia gama de productos del segmento de la electr\u00f3nica de consumo:<\/p>\n<ul data-start=\"1390\" data-end=\"1606\">\n<li data-section-id=\"admbw2\" data-start=\"1390\" data-end=\"1417\">\n<p data-start=\"1392\" data-end=\"1417\">auriculares inal\u00e1mbricos<\/p>\n<\/li>\n<li data-section-id=\"o98r3r\" data-start=\"1418\" data-end=\"1453\">\n<p data-start=\"1420\" data-end=\"1453\">cargadores de red y powerbanks<\/p>\n<\/li>\n<li data-section-id=\"2cko63\" data-start=\"1454\" data-end=\"1471\">\n<p data-start=\"1456\" data-end=\"1471\">Accesorios GSM<\/p>\n<\/li>\n<li data-section-id=\"129ryor\" data-start=\"1472\" data-end=\"1497\">\n<p data-start=\"1474\" data-end=\"1497\">dispositivos dom\u00e9sticos inteligentes<\/p>\n<\/li>\n<li data-section-id=\"17lzlbi\" data-start=\"1498\" data-end=\"1535\">\n<p data-start=\"1500\" data-end=\"1535\">peque\u00f1os electrodom\u00e9sticos (por ejemplo, secadores de pelo, masajeadores)<\/p>\n<\/li>\n<li data-section-id=\"i0l57x\" data-start=\"1536\" data-end=\"1574\">\n<p data-start=\"1538\" data-end=\"1574\">mandos y aparatos electr\u00f3nicos<\/p>\n<\/li>\n<li data-section-id=\"4egyp1\" data-start=\"1575\" data-end=\"1606\">\n<p data-start=\"1577\" data-end=\"1606\">otros productos electr\u00f3nicos<\/p>\n<\/li>\n<\/ul>\n<p data-start=\"1608\" data-end=\"1659\">\ud83d\udcca Cuota de electr\u00f3nica: <strong data-start=\"1631\" data-end=\"1659\">Contenido del pal\u00e9 70-80%<\/strong><\/p>\n<h2 data-section-id=\"1r3tdfh\" data-start=\"1666\" data-end=\"1713\">\ud83c\udd70\ufe0f\ud83c\udd71\ufe0f Calidad - una mezcla de electr\u00f3nica de Europa A-B<\/h2>\n<p data-start=\"1715\" data-end=\"1770\">Mezcla de productos electr\u00f3nicos procedentes de Europa (UE) en la clase de <strong data-start=\"1754\" data-end=\"1761\">A-B<\/strong> significa:<\/p>\n<ul data-start=\"1772\" data-end=\"1914\">\n<li data-section-id=\"v9mic9\" data-start=\"1772\" data-end=\"1828\">\n<p data-start=\"1774\" data-end=\"1828\">ventaja de los productos nuevos o en muy buen estado<\/p>\n<\/li>\n<li data-section-id=\"1l5huug\" data-start=\"1829\" data-end=\"1869\">\n<p data-start=\"1831\" data-end=\"1869\">ligeras huellas de uso posibles<\/p>\n<\/li>\n<li data-section-id=\"1i6avsg\" data-start=\"1870\" data-end=\"1914\">\n<p data-start=\"1872\" data-end=\"1914\">aditivo permitido de clase C (hasta 5-7%)<\/p>\n<\/li>\n<\/ul>\n<p data-start=\"1916\" data-end=\"2004\">Esta estructura de calidad garantiza un equilibrio \u00f3ptimo entre el precio de compra y el margen de venta.<\/p>\n<h2 data-section-id=\"1v9slaf\" data-start=\"2011\" data-end=\"2044\">\ud83d\udcd0 Especificaciones t\u00e9cnicas de la paleta<\/h2>\n<ul data-start=\"2046\" data-end=\"2166\">\n<li data-section-id=\"rckeqa\" data-start=\"2046\" data-end=\"2077\">\n<p data-start=\"2048\" data-end=\"2077\">altura de la paleta: <strong data-start=\"2065\" data-end=\"2075\">1 metro<\/strong><\/p>\n<\/li>\n<li data-section-id=\"1wcelbx\" data-start=\"2078\" data-end=\"2104\">\n<p data-start=\"2080\" data-end=\"2104\">peso neto: <strong data-start=\"2092\" data-end=\"2102\">157 kg<\/strong><\/p>\n<\/li>\n<li data-section-id=\"12vhqkz\" data-start=\"2105\" data-end=\"2131\">\n<p data-start=\"2107\" data-end=\"2131\">surtido: <strong data-start=\"2119\" data-end=\"2129\">al azar<\/strong><\/p>\n<\/li>\n<li data-section-id=\"cc7vqo\" data-start=\"2132\" data-end=\"2166\">\n<p data-start=\"2134\" data-end=\"2166\">cada paleta: <strong data-start=\"2148\" data-end=\"2166\">composici\u00f3n \u00fanica<\/strong><\/p>\n<\/li>\n<\/ul>\n<p data-start=\"2168\" data-end=\"2272\">La mezcla de productos electr\u00f3nicos procedentes de Europa no tiene una especificaci\u00f3n fija: el contenido depende del lote de entrega en curso.<\/p>\n<h2 data-section-id=\"1vlo26v\" data-start=\"2279\" data-end=\"2331\">\ud83d\udcbc \u00bfPor qu\u00e9 elegir una mezcla de electr\u00f3nica de Europa?<\/h2>\n<p data-start=\"2333\" data-end=\"2368\">La compra de una paleta de productos electr\u00f3nicos permite:<\/p>\n<ul data-start=\"2370\" data-end=\"2603\">\n<li data-section-id=\"i0zycv\" data-start=\"2370\" data-end=\"2412\">\n<p data-start=\"2372\" data-end=\"2412\">acceso a bienes por debajo del precio de mercado<\/p>\n<\/li>\n<li data-section-id=\"gvtpog\" data-start=\"2413\" data-end=\"2453\">\n<p data-start=\"2415\" data-end=\"2453\">amplio surtido en una sola entrega<\/p>\n<\/li>\n<li data-section-id=\"1w1cxvk\" data-start=\"2454\" data-end=\"2510\">\n<p data-start=\"2456\" data-end=\"2510\">aumentar las ventas gracias a la diversidad de productos<\/p>\n<\/li>\n<li data-section-id=\"daazkc\" data-start=\"2511\" data-end=\"2565\">\n<p data-start=\"2513\" data-end=\"2565\">probar diferentes categor\u00edas sin grandes inversiones<\/p>\n<\/li>\n<li data-section-id=\"lqu1wo\" data-start=\"2566\" data-end=\"2603\">\n<p data-start=\"2568\" data-end=\"2603\">desarrollo de las ventas en l\u00ednea y fuera de l\u00ednea<\/p>\n<\/li>\n<\/ul>\n<p data-start=\"2605\" data-end=\"2686\">Cada <strong data-start=\"2611\" data-end=\"2642\">mezcla de electr\u00f3nica de la UE Europa<\/strong> proporciona una fuente \u00fanica de bienes para las empresas.<\/p>\n<h2 data-section-id=\"1nzb8um\" data-start=\"2048\" data-end=\"2088\">\ud83d\udcbc Uso en el comercio electr\u00f3nico y el comercio<\/h2>\n<p data-start=\"2090\" data-end=\"2179\">La paleta de productos electr\u00f3nicos de Amazon funciona bien con modelos de venta por volumen y rotaci\u00f3n:<\/p>\n<ul data-start=\"2181\" data-end=\"2344\">\n<li data-section-id=\"1c1wa51\" data-start=\"2181\" data-end=\"2224\">venta en <a href=\"https:\/\/allegro.pl\/\" target=\"_blank\" rel=\"noopener\">Allegro<\/a>, <a href=\"https:\/\/www.olx.pl\/\" target=\"_blank\" rel=\"noopener\">OLX<\/a>, <a href=\"https:\/\/www.ebay.com\/\" target=\"_blank\" rel=\"noopener\">eBay<\/a>, <a href=\"https:\/\/www.amazon.com\/\" target=\"_blank\" rel=\"noopener\">Amazon<\/a><\/li>\n<li data-section-id=\"1fmpn86\" data-start=\"2225\" data-end=\"2247\">tiendas en l\u00ednea<\/li>\n<li data-section-id=\"gynsj7\" data-start=\"2248\" data-end=\"2281\">venta al por menor y al por mayor<\/li>\n<li data-section-id=\"161gjv4\" data-start=\"2282\" data-end=\"2320\">desarrollo de un almac\u00e9n de productos propios<\/li>\n<li data-section-id=\"1fuo8gv\" data-start=\"2321\" data-end=\"2344\">ampliaci\u00f3n de la oferta<\/li>\n<\/ul>\n<p data-start=\"2346\" data-end=\"2462\">Esta soluci\u00f3n permite aumentar el n\u00famero de productos y mejorar el rendimiento de las ventas sin aumentar los costes unitarios.<\/p>\n<h2 data-section-id=\"gfj1y1\" data-start=\"2693\" data-end=\"2706\">\ud83d\ude9a Entrega<\/h2>\n<ul data-start=\"2708\" data-end=\"2779\">\n<li data-section-id=\"1io1mk2\" data-start=\"2708\" data-end=\"2747\">\n<p data-start=\"2710\" data-end=\"2747\">env\u00edo r\u00e1pido desde un almac\u00e9n en Europa<\/p>\n<\/li>\n<li data-section-id=\"1w7s4ii\" data-start=\"2748\" data-end=\"2779\">\n<p data-start=\"2750\" data-end=\"2779\">tramitaci\u00f3n eficaz de los pedidos<\/p>\n<\/li>\n<\/ul>\n<h2 data-section-id=\"opmkg3\" data-start=\"2786\" data-end=\"2812\">\u2139\ufe0f Informaci\u00f3n adicional<\/h2>\n<ul data-start=\"2814\" data-end=\"2937\">\n<li data-section-id=\"cznzdc\" data-start=\"2814\" data-end=\"2853\">\n<p data-start=\"2816\" data-end=\"2853\">el producto no se somete a pruebas individuales<\/p>\n<\/li>\n<li data-section-id=\"iag8fx\" data-start=\"2854\" data-end=\"2893\">\n<p data-start=\"2856\" data-end=\"2893\">posible mezcla de Clase C (hasta 5-7%)<\/p>\n<\/li>\n<li data-section-id=\"z5gn8g\" data-start=\"2894\" data-end=\"2937\">\n<p data-start=\"2896\" data-end=\"2937\">env\u00edo aleatorio: cada paleta es diferente<\/p>\n<\/li>\n<\/ul>\n<h2 data-section-id=\"1915pio\" data-start=\"2944\" data-end=\"2966\">\ud83d\udcf8 Fotos del producto<\/h2>\n<p data-start=\"2968\" data-end=\"3054\">Las fotos son ilustrativas y muestran una mezcla de productos electr\u00f3nicos procedentes de Europa.<\/p>\n<p data-start=\"2968\" data-end=\"3054\">Todos los modelos de pal\u00e9s de Amazon <a href=\"https:\/\/stockify24.pl\/es\/sklep\/\"><strong>aqu\u00ed<\/strong>.<\/a><\/p>","protected":false},"excerpt":{"rendered":"<p class=\"p1\">\u26a1 Oko\u0142o 70\u201380% elektroniki<\/p>\n<p class=\"p1\">\ud83c\uddea\ud83c\uddfa EU<\/p>\n<p class=\"p1\">\ud83d\udd25 Amazon Returns<\/p>\n<p class=\"p1\" style=\"text-align: left;\">\u2714\ufe0f Jako\u015b\u0107 A\u2013B<\/p>","protected":false},"featured_media":50331,"comment_status":"open","ping_status":"closed","template":"","meta":{"_acf_changed":false},"product_brand":[],"product_cat":[1258,1273],"product_tag":[1274],"class_list":{"0":"post-50308","1":"product","2":"type-product","3":"status-publish","4":"has-post-thumbnail","6":"product_cat-amazon-paleta","7":"product_cat-mix-elektroniki-eu-amazon-returns-ab","8":"product_tag-paleta-mix-elektroniki-z-europy","10":"first","11":"instock","12":"sold-individually","13":"taxable","14":"shipping-taxable","15":"purchasable","16":"product-type-simple"},"acf":[],"_links":{"self":[{"href":"https:\/\/stockify24.pl\/es\/wp-json\/wp\/v2\/product\/50308","targetHints":{"allow":["GET"]}}],"collection":[{"href":"https:\/\/stockify24.pl\/es\/wp-json\/wp\/v2\/product"}],"about":[{"href":"https:\/\/stockify24.pl\/es\/wp-json\/wp\/v2\/types\/product"}],"replies":[{"embeddable":true,"href":"https:\/\/stockify24.pl\/es\/wp-json\/wp\/v2\/comments?post=50308"}],"wp:featuredmedia":[{"embeddable":true,"href":"https:\/\/stockify24.pl\/es\/wp-json\/wp\/v2\/media\/50331"}],"wp:attachment":[{"href":"https:\/\/stockify24.pl\/es\/wp-json\/wp\/v2\/media?parent=50308"}],"wp:term":[{"taxonomy":"product_brand","embeddable":true,"href":"https:\/\/stockify24.pl\/es\/wp-json\/wp\/v2\/product_brand?post=50308"},{"taxonomy":"product_cat","embeddable":true,"href":"https:\/\/stockify24.pl\/es\/wp-json\/wp\/v2\/product_cat?post=50308"},{"taxonomy":"product_tag","embeddable":true,"href":"https:\/\/stockify24.pl\/es\/wp-json\/wp\/v2\/product_tag?post=50308"}],"curies":[{"name":"wp","href":"https:\/\/api.w.org\/{rel}","templated":true}]}}