{"id":50332,"date":"2026-03-19T11:32:00","date_gmt":"2026-03-19T10:32:00","guid":{"rendered":"https:\/\/stockify24.pl\/?post_type=product&#038;p=50332"},"modified":"2026-03-30T10:44:16","modified_gmt":"2026-03-30T09:44:16","slug":"paleta-mix-elektroniki-z-europy-eu-a-b-45","status":"publish","type":"product","link":"https:\/\/stockify24.pl\/es\/producto\/paleta-mix-elektroniki-z-europy-eu-a-b-45\/","title":{"rendered":"Paleta mixta electr\u00f3nica de Europa (UE) | A-B | #45"},"content":{"rendered":"<h2 data-section-id=\"waios9\" data-start=\"654\" data-end=\"710\">\ud83d\udce6 Paleta mix elektroniki z Europy (EU) \u2013 A\u2013B, 166 kg<\/h2>\n<p data-start=\"712\" data-end=\"881\"><strong data-start=\"712\" data-end=\"745\">Paleta Mix elektroniki z Europy (EU)<\/strong> to rozwi\u0105zanie dla sprzeda\u017cy hurtowej, e-commerce oraz reseller\u00f3w poszukuj\u0105cych zr\u00f3\u017cnicowanego towaru o wysokim potencjale odsprzeda\u017cy.<\/p>\n<p data-start=\"883\" data-end=\"1044\">Paleta elektroniki zawiera produkty pochodz\u0105ce ze zwrot\u00f3w konsumenckich oraz nadwy\u017cek magazynowych, co umo\u017cliwia zakup elektroniki w cenach ni\u017cszych ni\u017c rynkowe.<\/p>\n<p data-start=\"1046\" data-end=\"1183\">Cada <strong data-start=\"1052\" data-end=\"1080\">mezcla de productos electr\u00f3nicos procedentes de Europa<\/strong> posiada losowy sk\u0142ad, co zwi\u0119ksza r\u00f3\u017cnorodno\u015b\u0107 asortymentu i pozwala lepiej dopasowa\u0107 ofert\u0119 do rynku.<\/p>\n<h2 data-section-id=\"dawekf\" data-start=\"1190\" data-end=\"1235\">\ud83d\udd0c Contenido de la paleta - electr\u00f3nica de consumo<\/h2>\n<p data-start=\"1237\" data-end=\"1294\">Paleta mix <strong data-start=\"712\" data-end=\"745\">elektroniki<\/strong> obejmuje szeroki zakres produkt\u00f3w elektronicznych:<\/p>\n<ul data-start=\"1296\" data-end=\"1512\">\n<li data-section-id=\"admbw2\" data-start=\"1296\" data-end=\"1323\">\n<p data-start=\"1298\" data-end=\"1323\">auriculares inal\u00e1mbricos<\/p>\n<\/li>\n<li data-section-id=\"o98r3r\" data-start=\"1324\" data-end=\"1359\">\n<p data-start=\"1326\" data-end=\"1359\">cargadores de red y powerbanks<\/p>\n<\/li>\n<li data-section-id=\"2cko63\" data-start=\"1360\" data-end=\"1377\">\n<p data-start=\"1362\" data-end=\"1377\">Accesorios GSM<\/p>\n<\/li>\n<li data-section-id=\"129ryor\" data-start=\"1378\" data-end=\"1403\">\n<p data-start=\"1380\" data-end=\"1403\">dispositivos dom\u00e9sticos inteligentes<\/p>\n<\/li>\n<li data-section-id=\"17lzlbi\" data-start=\"1404\" data-end=\"1441\">\n<p data-start=\"1406\" data-end=\"1441\">peque\u00f1os electrodom\u00e9sticos (por ejemplo, secadores de pelo, masajeadores)<\/p>\n<\/li>\n<li data-section-id=\"i0l57x\" data-start=\"1442\" data-end=\"1480\">\n<p data-start=\"1444\" data-end=\"1480\">mandos y aparatos electr\u00f3nicos<\/p>\n<\/li>\n<li data-section-id=\"4egyp1\" data-start=\"1481\" data-end=\"1512\">\n<p data-start=\"1483\" data-end=\"1512\">otros productos electr\u00f3nicos<\/p>\n<\/li>\n<\/ul>\n<p data-start=\"1514\" data-end=\"1565\">\ud83d\udcca Cuota de electr\u00f3nica: <strong data-start=\"1537\" data-end=\"1565\">Contenido del pal\u00e9 70-80%<\/strong><\/p>\n<h2 data-section-id=\"1vjjmw7\" data-start=\"1572\" data-end=\"1610\">\ud83c\udd70\ufe0f\ud83c\udd71\ufe0f Calidad del producto - clase A-B<\/h2>\n<p data-start=\"1612\" data-end=\"1667\">Paleta Mix elektroniki z Europy (EU) w klasie <strong data-start=\"1651\" data-end=\"1658\">A-B<\/strong> significa:<\/p>\n<ul data-start=\"1669\" data-end=\"1811\">\n<li data-section-id=\"v9mic9\" data-start=\"1669\" data-end=\"1725\">\n<p data-start=\"1671\" data-end=\"1725\">ventaja de los productos nuevos o en muy buen estado<\/p>\n<\/li>\n<li data-section-id=\"1l5huug\" data-start=\"1726\" data-end=\"1766\">\n<p data-start=\"1728\" data-end=\"1766\">ligeras huellas de uso posibles<\/p>\n<\/li>\n<li data-section-id=\"1i6avsg\" data-start=\"1767\" data-end=\"1811\">\n<p data-start=\"1769\" data-end=\"1811\">aditivo permitido de clase C (hasta 5-7%)<\/p>\n<\/li>\n<\/ul>\n<p data-start=\"1813\" data-end=\"1905\">Taki standard jako\u015bci pozwala osi\u0105gn\u0105\u0107 korzystny stosunek ceny zakupu do potencjalnej mar\u017cy.<\/p>\n<h2 data-section-id=\"6mpf3m\" data-start=\"1912\" data-end=\"1938\">Especificaciones t\u00e9cnicas<\/h2>\n<ul data-start=\"1940\" data-end=\"2075\">\n<li data-section-id=\"rckeqa\" data-start=\"1940\" data-end=\"1971\">\n<p data-start=\"1942\" data-end=\"1971\">altura de la paleta: <strong data-start=\"1959\" data-end=\"1969\">1 metro<\/strong><\/p>\n<\/li>\n<li data-section-id=\"2esp23\" data-start=\"1972\" data-end=\"1998\">\n<p data-start=\"1974\" data-end=\"1998\">peso neto: <strong data-start=\"1986\" data-end=\"1996\">166 kg<\/strong><\/p>\n<\/li>\n<li data-section-id=\"9s5onr\" data-start=\"1999\" data-end=\"2040\">\n<p data-start=\"2001\" data-end=\"2040\">surtido: <strong data-start=\"2013\" data-end=\"2038\">aleatorio y variado<\/strong><\/p>\n<\/li>\n<li data-section-id=\"cc7vqo\" data-start=\"2041\" data-end=\"2075\">\n<p data-start=\"2043\" data-end=\"2075\">cada paleta: <strong data-start=\"2057\" data-end=\"2075\">composici\u00f3n \u00fanica<\/strong><\/p>\n<\/li>\n<\/ul>\n<p data-start=\"2077\" data-end=\"2181\">La mezcla de productos electr\u00f3nicos procedentes de Europa no tiene una especificaci\u00f3n fija: el contenido depende del lote de entrega en curso.<\/p>\n<h2 data-section-id=\"1hlz59c\" data-start=\"2188\" data-end=\"2234\">\ud83d\udcbc \u00bfPor qu\u00e9 elegir la paleta electr\u00f3nica?<\/h2>\n<p data-section-id=\"waios9\" data-start=\"654\" data-end=\"710\"><strong>Paleta mix elektroniki umo\u017cliwia:<\/strong><\/p>\n<ul data-start=\"2280\" data-end=\"2509\">\n<li data-section-id=\"4240lw\" data-start=\"2280\" data-end=\"2318\">\n<p data-start=\"2282\" data-end=\"2318\">zakup towaru poni\u017cej ceny rynkowej<\/p>\n<\/li>\n<li data-section-id=\"gvtpog\" data-start=\"2319\" data-end=\"2359\">\n<p data-start=\"2321\" data-end=\"2359\">amplio surtido en una sola entrega<\/p>\n<\/li>\n<li data-section-id=\"1w1cxvk\" data-start=\"2360\" data-end=\"2416\">\n<p data-start=\"2362\" data-end=\"2416\">aumentar las ventas gracias a la diversidad de productos<\/p>\n<\/li>\n<li data-section-id=\"daazkc\" data-start=\"2417\" data-end=\"2471\">\n<p data-start=\"2419\" data-end=\"2471\">probar diferentes categor\u00edas sin grandes inversiones<\/p>\n<\/li>\n<li data-section-id=\"lqu1wo\" data-start=\"2472\" data-end=\"2509\">\n<p data-start=\"2474\" data-end=\"2509\">desarrollo de las ventas en l\u00ednea y fuera de l\u00ednea<\/p>\n<\/li>\n<\/ul>\n<p data-start=\"2511\" data-end=\"2616\">Paleta elektroniki stanowi efektywne \u017ar\u00f3d\u0142o towaru dla sklep\u00f3w internetowych oraz sprzeda\u017cy stacjonarnej.<\/p>\n<h2 data-section-id=\"3pcvsu\" data-start=\"2184\" data-end=\"2233\">\ud83d\udcbc Aplicaci\u00f3n: donde la paleta genera los resultados.<\/h2>\n<p data-start=\"2235\" data-end=\"2333\">La paleta de productos electr\u00f3nicos de Amazon es aplicable a los modelos de venta por volumen y por rotaci\u00f3n:<\/p>\n<ul data-start=\"2335\" data-end=\"2500\">\n<li data-section-id=\"zrt4k5\" data-start=\"2335\" data-end=\"2378\">venta en <a href=\"https:\/\/allegro.pl\/\" target=\"_blank\" rel=\"noopener\">Allegro<\/a>, <a href=\"https:\/\/www.olx.pl\/\" target=\"_blank\" rel=\"noopener\">OLX<\/a>, <a href=\"https:\/\/www.ebay.com\/\" target=\"_blank\" rel=\"noopener\">eBay<\/a>, <a href=\"https:\/\/www.amazon.com\/\" target=\"_blank\" rel=\"noopener\">Amazon<\/a><\/li>\n<li data-section-id=\"1fmpn86\" data-start=\"2379\" data-end=\"2401\">tiendas en l\u00ednea<\/li>\n<li data-section-id=\"gynsj7\" data-start=\"2402\" data-end=\"2435\">venta al por menor y al por mayor<\/li>\n<li data-section-id=\"10mfklz\" data-start=\"2436\" data-end=\"2464\">desarrollo de un almac\u00e9n propio<\/li>\n<li data-section-id=\"1q6osh7\" data-start=\"2465\" data-end=\"2500\">ampliaci\u00f3n de la gama de productos<\/li>\n<\/ul>\n<p data-start=\"2502\" data-end=\"2623\">Esta soluci\u00f3n permite aumentar r\u00e1pidamente el n\u00famero de ofertas y mejorar el rendimiento de las ventas sin incrementar los costes unitarios.<\/p>\n<h2 data-section-id=\"gfj1y1\" data-start=\"2623\" data-end=\"2636\">\ud83d\ude9a Entrega<\/h2>\n<ul data-start=\"2638\" data-end=\"2709\">\n<li data-section-id=\"1io1mk2\" data-start=\"2638\" data-end=\"2677\">\n<p data-start=\"2640\" data-end=\"2677\">env\u00edo r\u00e1pido desde un almac\u00e9n en Europa<\/p>\n<\/li>\n<li data-section-id=\"1w7s4ii\" data-start=\"2678\" data-end=\"2709\">\n<p data-start=\"2680\" data-end=\"2709\">tramitaci\u00f3n eficaz de los pedidos<\/p>\n<\/li>\n<\/ul>\n<h2 data-section-id=\"opmkg3\" data-start=\"2716\" data-end=\"2742\">\u2139\ufe0f Informaci\u00f3n adicional<\/h2>\n<ul data-start=\"2744\" data-end=\"2856\">\n<li data-section-id=\"cznzdc\" data-start=\"2744\" data-end=\"2783\">\n<p data-start=\"2746\" data-end=\"2783\">el producto no se somete a pruebas individuales<\/p>\n<\/li>\n<li data-section-id=\"iag8fx\" data-start=\"2784\" data-end=\"2823\">\n<p data-start=\"2786\" data-end=\"2823\">posible mezcla de Clase C (hasta 5-7%)<\/p>\n<\/li>\n<li data-section-id=\"zia6d9\" data-start=\"2824\" data-end=\"2856\">\n<p data-start=\"2826\" data-end=\"2856\">cada pal\u00e9 embalado aleatoriamente<\/p>\n<\/li>\n<\/ul>\n<h2 data-section-id=\"1915pio\" data-start=\"2863\" data-end=\"2885\">\ud83d\udcf8 Fotos del producto<\/h2>\n<p data-start=\"2887\" data-end=\"2977\">Las fotos son meramente ilustrativas y muestran un ejemplo de <strong data-start=\"2948\" data-end=\"2976\">mezcla de productos electr\u00f3nicos procedentes de Europa<\/strong>.<\/p>\n<p data-start=\"2887\" data-end=\"2977\">Todos los modelos de pal\u00e9s de Amazon <a href=\"https:\/\/stockify24.pl\/es\/sklep\/\"><strong>aqu\u00ed<\/strong>.<\/a><\/p>","protected":false},"excerpt":{"rendered":"<p class=\"p1\">\u26a1 Oko\u0142o 70\u201380% elektroniki<\/p>\n<p class=\"p1\">\ud83c\uddea\ud83c\uddfa EU<\/p>\n<p class=\"p1\">\ud83d\udd25 Amazon Returns<\/p>\n<p class=\"p1\" style=\"text-align: left;\">\u2714\ufe0f Jako\u015b\u0107 A\u2013B<\/p>","protected":false},"featured_media":50333,"comment_status":"open","ping_status":"closed","template":"","meta":{"_acf_changed":false},"product_brand":[],"product_cat":[1258,1273],"product_tag":[1274],"class_list":{"0":"post-50332","1":"product","2":"type-product","3":"status-publish","4":"has-post-thumbnail","6":"product_cat-amazon-paleta","7":"product_cat-mix-elektroniki-eu-amazon-returns-ab","8":"product_tag-paleta-mix-elektroniki-z-europy","10":"first","11":"instock","12":"sold-individually","13":"taxable","14":"shipping-taxable","15":"purchasable","16":"product-type-simple"},"acf":[],"_links":{"self":[{"href":"https:\/\/stockify24.pl\/es\/wp-json\/wp\/v2\/product\/50332","targetHints":{"allow":["GET"]}}],"collection":[{"href":"https:\/\/stockify24.pl\/es\/wp-json\/wp\/v2\/product"}],"about":[{"href":"https:\/\/stockify24.pl\/es\/wp-json\/wp\/v2\/types\/product"}],"replies":[{"embeddable":true,"href":"https:\/\/stockify24.pl\/es\/wp-json\/wp\/v2\/comments?post=50332"}],"wp:featuredmedia":[{"embeddable":true,"href":"https:\/\/stockify24.pl\/es\/wp-json\/wp\/v2\/media\/50333"}],"wp:attachment":[{"href":"https:\/\/stockify24.pl\/es\/wp-json\/wp\/v2\/media?parent=50332"}],"wp:term":[{"taxonomy":"product_brand","embeddable":true,"href":"https:\/\/stockify24.pl\/es\/wp-json\/wp\/v2\/product_brand?post=50332"},{"taxonomy":"product_cat","embeddable":true,"href":"https:\/\/stockify24.pl\/es\/wp-json\/wp\/v2\/product_cat?post=50332"},{"taxonomy":"product_tag","embeddable":true,"href":"https:\/\/stockify24.pl\/es\/wp-json\/wp\/v2\/product_tag?post=50332"}],"curies":[{"name":"wp","href":"https:\/\/api.w.org\/{rel}","templated":true}]}}