{"id":50343,"date":"2026-03-19T13:25:13","date_gmt":"2026-03-19T12:25:13","guid":{"rendered":"https:\/\/stockify24.pl\/?post_type=product&#038;p=50343"},"modified":"2026-03-30T11:14:18","modified_gmt":"2026-03-30T10:14:18","slug":"paleta-elektroniki-z-europy-eu-a-b-29","status":"publish","type":"product","link":"https:\/\/stockify24.pl\/es\/producto\/paleta-elektroniki-z-europy-eu-a-b-29\/","title":{"rendered":"Pal\u00e9 de electr\u00f3nica de Europa (UE) | A-B | #29"},"content":{"rendered":"<h2 data-section-id=\"wyp909\" data-start=\"694\" data-end=\"750\">\ud83d\udce6 Pal\u00e9 de productos electr\u00f3nicos procedentes de Europa (UE) - mezcla A-B, 155 kg<\/h2>\n<p data-start=\"752\" data-end=\"924\"><strong data-start=\"752\" data-end=\"785\">Mezcla de productos electr\u00f3nicos procedentes de Europa (UE)<\/strong> es una soluci\u00f3n para empresas, tiendas online y revendedores que necesitan mercanc\u00eda con gran variedad y potencial real de ventas.<\/p>\n<p data-start=\"926\" data-end=\"1121\">El pal\u00e9 contiene productos electr\u00f3nicos procedentes de devoluciones de consumidores y excedentes de existencias, lo que permite adquirir mercanc\u00edas a precios inferiores a los del mercado y aumentar la eficacia de las ventas.<\/p>\n<p data-start=\"1123\" data-end=\"1278\">Cada <strong data-start=\"1129\" data-end=\"1157\">mezcla de productos electr\u00f3nicos procedentes de Europa<\/strong> tiene una composici\u00f3n variable, lo que le permite construir una oferta adaptada a los distintos segmentos de clientes y a las necesidades actuales del mercado.<\/p>\n<h2 data-section-id=\"dawekf\" data-start=\"1285\" data-end=\"1330\">\ud83d\udd0c Contenido de la paleta - electr\u00f3nica de consumo<\/h2>\n<p data-start=\"1332\" data-end=\"1396\">La paleta incluye productos de varias categor\u00edas de electr\u00f3nica:<\/p>\n<ul data-start=\"1398\" data-end=\"1624\">\n<li data-section-id=\"admbw2\" data-start=\"1398\" data-end=\"1425\">\n<p data-start=\"1400\" data-end=\"1425\">auriculares inal\u00e1mbricos<\/p>\n<\/li>\n<li data-section-id=\"1jov1fg\" data-start=\"1426\" data-end=\"1476\">\n<p data-start=\"1428\" data-end=\"1476\">cargadores, powerbanks y accesorios el\u00e9ctricos<\/p>\n<\/li>\n<li data-section-id=\"2cko63\" data-start=\"1477\" data-end=\"1494\">\n<p data-start=\"1479\" data-end=\"1494\">Accesorios GSM<\/p>\n<\/li>\n<li data-section-id=\"129ryor\" data-start=\"1495\" data-end=\"1520\">\n<p data-start=\"1497\" data-end=\"1520\">dispositivos dom\u00e9sticos inteligentes<\/p>\n<\/li>\n<li data-section-id=\"17lzlbi\" data-start=\"1521\" data-end=\"1558\">\n<p data-start=\"1523\" data-end=\"1558\">peque\u00f1os electrodom\u00e9sticos (por ejemplo, secadores de pelo, masajeadores)<\/p>\n<\/li>\n<li data-section-id=\"i0l57x\" data-start=\"1559\" data-end=\"1597\">\n<p data-start=\"1561\" data-end=\"1597\">mandos y aparatos electr\u00f3nicos<\/p>\n<\/li>\n<li data-section-id=\"4fq00c\" data-start=\"1598\" data-end=\"1624\">\n<p data-start=\"1600\" data-end=\"1624\">otros productos de utilidad<\/p>\n<\/li>\n<\/ul>\n<p data-start=\"1626\" data-end=\"1677\">\ud83d\udcca Cuota de electr\u00f3nica: <strong data-start=\"1649\" data-end=\"1677\">Contenido del pal\u00e9 70-80%<\/strong><\/p>\n<h2 data-section-id=\"2jw31c\" data-start=\"1684\" data-end=\"1712\">\ud83c\udd70\ufe0f\ud83c\udd71\ufe0f Calidad - Clase A-B<\/h2>\n<p data-start=\"1714\" data-end=\"1774\">Mezcla de componentes electr\u00f3nicos europeos (UE) de serie <strong data-start=\"1758\" data-end=\"1765\">A-B<\/strong> significa:<\/p>\n<ul data-start=\"1776\" data-end=\"1924\">\n<li data-section-id=\"1998rpb\" data-start=\"1776\" data-end=\"1842\">\n<p data-start=\"1778\" data-end=\"1842\">ventaja de los productos nuevos o en muy buen estado visual<\/p>\n<\/li>\n<li data-section-id=\"jqrsyy\" data-start=\"1843\" data-end=\"1879\">\n<p data-start=\"1845\" data-end=\"1879\">peque\u00f1os signos de uso posibles<\/p>\n<\/li>\n<li data-section-id=\"1i6avsg\" data-start=\"1880\" data-end=\"1924\">\n<p data-start=\"1882\" data-end=\"1924\">aditivo permitido de clase C (hasta 5-7%)<\/p>\n<\/li>\n<\/ul>\n<p data-start=\"1926\" data-end=\"2027\">Este nivel de calidad mantiene una relaci\u00f3n favorable entre el coste de compra y el precio de venta potencial.<\/p>\n<h2 data-section-id=\"6mpf3m\" data-start=\"2034\" data-end=\"2060\">Especificaciones t\u00e9cnicas<\/h2>\n<ul data-start=\"2062\" data-end=\"2207\">\n<li data-section-id=\"rckeqa\" data-start=\"2062\" data-end=\"2093\">\n<p data-start=\"2064\" data-end=\"2093\">altura de la paleta: <strong data-start=\"2081\" data-end=\"2091\">1 metro<\/strong><\/p>\n<\/li>\n<li data-section-id=\"1d6rou3\" data-start=\"2094\" data-end=\"2120\">\n<p data-start=\"2096\" data-end=\"2120\">peso neto: <strong data-start=\"2108\" data-end=\"2118\">155 kg<\/strong><\/p>\n<\/li>\n<li data-section-id=\"ut13h4\" data-start=\"2121\" data-end=\"2157\">\n<p data-start=\"2123\" data-end=\"2157\">surtido: <strong data-start=\"2135\" data-end=\"2155\">aleatorio y variable<\/strong><\/p>\n<\/li>\n<li data-section-id=\"ixapqi\" data-start=\"2158\" data-end=\"2207\">\n<p data-start=\"2160\" data-end=\"2207\">cada paleta: <strong data-start=\"2174\" data-end=\"2207\">gama de productos a medida<\/strong><\/p>\n<\/li>\n<\/ul>\n<p data-start=\"2209\" data-end=\"2306\">La mezcla de productos electr\u00f3nicos procedentes de Europa no tiene una especificaci\u00f3n fija: el contenido depende de la entrega en curso.<\/p>\n<h2 data-section-id=\"h9rd6z\" data-start=\"2313\" data-end=\"2342\">\ud83d\udcbc Aplicaci\u00f3n pr\u00e1ctica<\/h2>\n<p data-start=\"2344\" data-end=\"2394\"><strong data-start=\"2344\" data-end=\"2375\">Mezcla de productos electr\u00f3nicos de la UE Europa<\/strong> funciona como:<\/p>\n<ul data-start=\"2396\" data-end=\"2568\">\n<li data-section-id=\"1wss2ja\" data-start=\"2396\" data-end=\"2430\">\n<p data-start=\"2398\" data-end=\"2430\">base de productos para el comercio electr\u00f3nico<\/p>\n<\/li>\n<li data-section-id=\"1bla79k\" data-start=\"2431\" data-end=\"2478\">\n<p data-start=\"2433\" data-end=\"2478\">oferta para mayoristas y minoristas<\/p>\n<\/li>\n<li data-section-id=\"1pfey90\" data-start=\"2479\" data-end=\"2524\">\n<p data-start=\"2481\" data-end=\"2524\">una forma de ampliar su cat\u00e1logo de productos<\/p>\n<\/li>\n<li data-section-id=\"1jr137s\" data-start=\"2525\" data-end=\"2568\">\n<p data-start=\"2527\" data-end=\"2568\">soluci\u00f3n para aumentar la rotaci\u00f3n de existencias<\/p>\n<\/li>\n<\/ul>\n<p data-start=\"2570\" data-end=\"2658\">La variada composici\u00f3n de la paleta permite responder mejor a los cambios en las tendencias de venta.<\/p>\n<h2 data-section-id=\"3pcvsu\" data-start=\"2184\" data-end=\"2233\">\ud83d\udcbc Aplicaci\u00f3n: donde la paleta genera los resultados.<\/h2>\n<p data-start=\"2235\" data-end=\"2333\">La paleta de productos electr\u00f3nicos de Amazon es aplicable a los modelos de venta por volumen y por rotaci\u00f3n:<\/p>\n<ul data-start=\"2335\" data-end=\"2500\">\n<li data-section-id=\"zrt4k5\" data-start=\"2335\" data-end=\"2378\">venta en <a href=\"https:\/\/allegro.pl\/\" target=\"_blank\" rel=\"noopener\">Allegro<\/a>, <a href=\"https:\/\/www.olx.pl\/\" target=\"_blank\" rel=\"noopener\">OLX<\/a>, <a href=\"https:\/\/www.ebay.com\/\" target=\"_blank\" rel=\"noopener\">eBay<\/a>, <a href=\"https:\/\/www.amazon.com\/\" target=\"_blank\" rel=\"noopener\">Amazon<\/a><\/li>\n<li data-section-id=\"1fmpn86\" data-start=\"2379\" data-end=\"2401\">tiendas en l\u00ednea<\/li>\n<li data-section-id=\"gynsj7\" data-start=\"2402\" data-end=\"2435\">venta al por menor y al por mayor<\/li>\n<li data-section-id=\"10mfklz\" data-start=\"2436\" data-end=\"2464\">desarrollo de un almac\u00e9n propio<\/li>\n<li data-section-id=\"1q6osh7\" data-start=\"2465\" data-end=\"2500\">ampliaci\u00f3n de la gama de productos<\/li>\n<\/ul>\n<p data-start=\"2502\" data-end=\"2623\">Esta soluci\u00f3n permite aumentar r\u00e1pidamente el n\u00famero de ofertas y mejorar el rendimiento de las ventas sin incrementar los costes unitarios.<\/p>\n<h2 data-section-id=\"gfj1y1\" data-start=\"2665\" data-end=\"2678\">\ud83d\ude9a Entrega<\/h2>\n<ul data-start=\"2680\" data-end=\"2743\">\n<li data-section-id=\"1j548yy\" data-start=\"2680\" data-end=\"2712\">\n<p data-start=\"2682\" data-end=\"2712\">env\u00edo desde almac\u00e9n en Europa<\/p>\n<\/li>\n<li data-section-id=\"igemay\" data-start=\"2713\" data-end=\"2743\">\n<p data-start=\"2715\" data-end=\"2743\">tramitaci\u00f3n r\u00e1pida de pedidos<\/p>\n<\/li>\n<\/ul>\n<h2 data-section-id=\"opmkg3\" data-start=\"2750\" data-end=\"2776\">\u2139\ufe0f Informaci\u00f3n adicional<\/h2>\n<ul data-start=\"2778\" data-end=\"2900\">\n<li data-section-id=\"cznzdc\" data-start=\"2778\" data-end=\"2817\">\n<p data-start=\"2780\" data-end=\"2817\">el producto no se somete a pruebas individuales<\/p>\n<\/li>\n<li data-section-id=\"1igfwsa\" data-start=\"2818\" data-end=\"2867\">\n<p data-start=\"2820\" data-end=\"2867\">posible mezcla de productos de clase C (hasta 5-7%)<\/p>\n<\/li>\n<li data-section-id=\"zia6d9\" data-start=\"2868\" data-end=\"2900\">\n<p data-start=\"2870\" data-end=\"2900\">cada pal\u00e9 embalado aleatoriamente<\/p>\n<\/li>\n<\/ul>\n<h2 data-section-id=\"1915pio\" data-start=\"2907\" data-end=\"2929\">\ud83d\udcf8 Fotos del producto<\/h2>\n<p data-start=\"2931\" data-end=\"3021\">Las fotos muestran un ejemplo de <strong data-start=\"2965\" data-end=\"2993\">mezcla de productos electr\u00f3nicos procedentes de Europa<\/strong> y s\u00f3lo tienen fines ilustrativos.<\/p>\n<p data-start=\"2931\" data-end=\"3021\">Todos los modelos de pal\u00e9s de Amazon <a href=\"https:\/\/stockify24.pl\/es\/sklep\/\"><strong>aqu\u00ed<\/strong>.<\/a><\/p>","protected":false},"excerpt":{"rendered":"<p class=\"p1\">\u26a1 Oko\u0142o 70\u201380% elektroniki<\/p>\n<p class=\"p1\">\ud83c\uddea\ud83c\uddfa EU<\/p>\n<p class=\"p1\">\ud83d\udd25 Amazon Returns<\/p>\n<p class=\"p1\" style=\"text-align: left;\">\u2714\ufe0f Jako\u015b\u0107 A\u2013B<\/p>","protected":false},"featured_media":50344,"comment_status":"open","ping_status":"closed","template":"","meta":{"_acf_changed":false},"product_brand":[],"product_cat":[1258,1273],"product_tag":[1274],"class_list":{"0":"post-50343","1":"product","2":"type-product","3":"status-publish","4":"has-post-thumbnail","6":"product_cat-amazon-paleta","7":"product_cat-mix-elektroniki-eu-amazon-returns-ab","8":"product_tag-paleta-mix-elektroniki-z-europy","10":"first","11":"instock","12":"sold-individually","13":"taxable","14":"shipping-taxable","15":"purchasable","16":"product-type-simple"},"acf":[],"_links":{"self":[{"href":"https:\/\/stockify24.pl\/es\/wp-json\/wp\/v2\/product\/50343","targetHints":{"allow":["GET"]}}],"collection":[{"href":"https:\/\/stockify24.pl\/es\/wp-json\/wp\/v2\/product"}],"about":[{"href":"https:\/\/stockify24.pl\/es\/wp-json\/wp\/v2\/types\/product"}],"replies":[{"embeddable":true,"href":"https:\/\/stockify24.pl\/es\/wp-json\/wp\/v2\/comments?post=50343"}],"wp:featuredmedia":[{"embeddable":true,"href":"https:\/\/stockify24.pl\/es\/wp-json\/wp\/v2\/media\/50344"}],"wp:attachment":[{"href":"https:\/\/stockify24.pl\/es\/wp-json\/wp\/v2\/media?parent=50343"}],"wp:term":[{"taxonomy":"product_brand","embeddable":true,"href":"https:\/\/stockify24.pl\/es\/wp-json\/wp\/v2\/product_brand?post=50343"},{"taxonomy":"product_cat","embeddable":true,"href":"https:\/\/stockify24.pl\/es\/wp-json\/wp\/v2\/product_cat?post=50343"},{"taxonomy":"product_tag","embeddable":true,"href":"https:\/\/stockify24.pl\/es\/wp-json\/wp\/v2\/product_tag?post=50343"}],"curies":[{"name":"wp","href":"https:\/\/api.w.org\/{rel}","templated":true}]}}