{"id":50387,"date":"2026-03-19T17:41:56","date_gmt":"2026-03-19T16:41:56","guid":{"rendered":"https:\/\/stockify24.pl\/?post_type=product&#038;p=50387"},"modified":"2026-03-30T12:02:28","modified_gmt":"2026-03-30T11:02:28","slug":"paleta-elektroniki-z-anglii-uk-a-b-6","status":"publish","type":"product","link":"https:\/\/stockify24.pl\/es\/producto\/paleta-elektroniki-z-anglii-uk-a-b-6\/","title":{"rendered":"Paleta de electr\u00f3nica de Inglaterra (Reino Unido) | A-B | #6"},"content":{"rendered":"<h2 data-section-id=\"1b7q3ze\" data-start=\"73\" data-end=\"128\">\ud83d\udce6 Paleta elektroniki z Anglii (UK) \u2013 mix A\u2013B, 84 kg<\/h2>\n<p data-start=\"130\" data-end=\"301\">Mix elektroniki z Anglii (UK) to wygodne rozwi\u0105zanie dla sprzeda\u017cy hurtowej, e-commerce oraz reseller\u00f3w, kt\u00f3rzy chc\u0105 sprzedawa\u0107 popularn\u0105 elektronik\u0119 z dobrym potencja\u0142em.<\/p>\n<p data-start=\"303\" data-end=\"462\">Paleta zawiera produkty ze zwrot\u00f3w konsumenckich oraz nadwy\u017cek magazynowych z rynku UK. Dzi\u0119ki temu mo\u017cesz kupi\u0107 towar w ni\u017cszej cenie i zwi\u0119kszy\u0107 swoj\u0105 mar\u017c\u0119.<\/p>\n<p data-start=\"464\" data-end=\"574\">Ka\u017cdy mix elektroniki z Anglii ma losowy sk\u0142ad, co daje szeroki wyb\u00f3r produkt\u00f3w i wi\u0119cej mo\u017cliwo\u015bci sprzeda\u017cy.<\/p>\n<h2 data-section-id=\"dawekf\" data-start=\"581\" data-end=\"626\">\ud83d\udd0c Contenido de la paleta - electr\u00f3nica de consumo<\/h2>\n<p data-start=\"628\" data-end=\"657\">La paleta puede incluir:<\/p>\n<ul data-start=\"659\" data-end=\"866\">\n<li data-section-id=\"admbw2\" data-start=\"659\" data-end=\"686\">\n<p data-start=\"661\" data-end=\"686\">auriculares inal\u00e1mbricos<\/p>\n<\/li>\n<li data-section-id=\"14yyb1b\" data-start=\"687\" data-end=\"713\">\n<p data-start=\"689\" data-end=\"713\">cargadores y powerbanks<\/p>\n<\/li>\n<li data-section-id=\"2cko63\" data-start=\"714\" data-end=\"731\">\n<p data-start=\"716\" data-end=\"731\">Accesorios GSM<\/p>\n<\/li>\n<li data-section-id=\"129ryor\" data-start=\"732\" data-end=\"757\">\n<p data-start=\"734\" data-end=\"757\">dispositivos dom\u00e9sticos inteligentes<\/p>\n<\/li>\n<li data-section-id=\"17lzlbi\" data-start=\"758\" data-end=\"795\">\n<p data-start=\"760\" data-end=\"795\">peque\u00f1os electrodom\u00e9sticos (por ejemplo, secadores de pelo, masajeadores)<\/p>\n<\/li>\n<li data-section-id=\"i0l57x\" data-start=\"796\" data-end=\"834\">\n<p data-start=\"798\" data-end=\"834\">mandos y aparatos electr\u00f3nicos<\/p>\n<\/li>\n<li data-section-id=\"4egyp1\" data-start=\"835\" data-end=\"866\">\n<p data-start=\"837\" data-end=\"866\">otros productos electr\u00f3nicos<\/p>\n<\/li>\n<\/ul>\n<p data-start=\"868\" data-end=\"923\">La electr\u00f3nica representa alrededor del <strong data-start=\"897\" data-end=\"923\">Contenido del pal\u00e9 100%<\/strong><\/p>\n<h2 data-section-id=\"1vjjmw7\" data-start=\"930\" data-end=\"968\">\ud83c\udd70\ufe0f\ud83c\udd71\ufe0f Calidad del producto - clase A-B<\/h2>\n<p data-start=\"970\" data-end=\"1021\">Mezcla de electr\u00f3nica de Inglaterra (Reino Unido) en medios de clase A-B:<\/p>\n<ul data-start=\"1023\" data-end=\"1180\">\n<li data-section-id=\"1ylt7oh\" data-start=\"1023\" data-end=\"1083\">\n<p data-start=\"1025\" data-end=\"1083\">la mayor\u00eda de los productos son nuevos o est\u00e1n en muy buen estado<\/p>\n<\/li>\n<li data-section-id=\"1ydnmn3\" data-start=\"1084\" data-end=\"1120\">\n<p data-start=\"1086\" data-end=\"1120\">ligeras huellas de uso posibles<\/p>\n<\/li>\n<li data-section-id=\"8bsrvp\" data-start=\"1121\" data-end=\"1180\">\n<p data-start=\"1123\" data-end=\"1180\">mo\u017cliwa niewielka domieszka produkt\u00f3w klasy C (do 5\u20137%)<\/p>\n<\/li>\n<\/ul>\n<p data-start=\"1182\" data-end=\"1243\">Taki poziom jako\u015bci pozwala na stabiln\u0105 i op\u0142acaln\u0105 sprzeda\u017c.<\/p>\n<h2 data-section-id=\"6mpf3m\" data-start=\"1250\" data-end=\"1276\">Especificaciones t\u00e9cnicas<\/h2>\n<ul data-start=\"1278\" data-end=\"1407\">\n<li data-section-id=\"1vvc679\" data-start=\"1278\" data-end=\"1308\">\n<p data-start=\"1280\" data-end=\"1308\">altura de la paleta: <strong data-start=\"1297\" data-end=\"1306\">60 cm<\/strong><\/p>\n<\/li>\n<li data-section-id=\"1dylhdy\" data-start=\"1309\" data-end=\"1334\">\n<p data-start=\"1311\" data-end=\"1334\">peso neto: <strong data-start=\"1323\" data-end=\"1332\">84 kg<\/strong><\/p>\n<\/li>\n<li data-section-id=\"9s5onr\" data-start=\"1335\" data-end=\"1376\">\n<p data-start=\"1337\" data-end=\"1376\">surtido: <strong data-start=\"1349\" data-end=\"1374\">aleatorio y variado<\/strong><\/p>\n<\/li>\n<li data-section-id=\"14taal3\" data-start=\"1377\" data-end=\"1407\">\n<p data-start=\"1379\" data-end=\"1407\">cada paleta: <strong data-start=\"1393\" data-end=\"1405\">\u00fanico<\/strong><\/p>\n<\/li>\n<\/ul>\n<p data-start=\"1409\" data-end=\"1447\">El contenido depende de la entrega actual.<\/p>\n<h2 data-section-id=\"1uul6na\" data-start=\"1454\" data-end=\"1484\">\ud83d\udcbc Solicitud de venta<\/h2>\n<p data-start=\"1486\" data-end=\"1534\">Una mezcla de m\u00fasica electr\u00f3nica de Inglaterra (Reino Unido) funciona bien como:<\/p>\n<ul data-start=\"1536\" data-end=\"1726\">\n<li data-section-id=\"paxddz\" data-start=\"1536\" data-end=\"1580\">\n<p data-start=\"1538\" data-end=\"1580\">pal\u00e9 de productos electr\u00f3nicos para la venta al por mayor<\/p>\n<\/li>\n<li data-section-id=\"22vnas\" data-start=\"1581\" data-end=\"1628\">\n<p data-start=\"1583\" data-end=\"1628\">productos para tiendas web y comercio electr\u00f3nico <a style=\"font-family: -apple-system, BlinkMacSystemFont, &#039;Segoe UI&#039;, Roboto, &#039;Helvetica Neue&#039;, Arial, &#039;Noto Sans&#039;, sans-serif, &#039;Apple Color Emoji&#039;, &#039;Segoe UI Emoji&#039;, &#039;Segoe UI Symbol&#039;, &#039;Noto Color Emoji&#039;;\" href=\"https:\/\/allegro.pl\/\" target=\"_blank\" rel=\"noopener\">Allegro<\/a><span style=\"font-family: -apple-system, BlinkMacSystemFont, 'Segoe UI', Roboto, 'Helvetica Neue', Arial, 'Noto Sans', sans-serif, 'Apple Color Emoji', 'Segoe UI Emoji', 'Segoe UI Symbol', 'Noto Color Emoji';\">, <\/span><a style=\"font-family: -apple-system, BlinkMacSystemFont, &#039;Segoe UI&#039;, Roboto, &#039;Helvetica Neue&#039;, Arial, &#039;Noto Sans&#039;, sans-serif, &#039;Apple Color Emoji&#039;, &#039;Segoe UI Emoji&#039;, &#039;Segoe UI Symbol&#039;, &#039;Noto Color Emoji&#039;;\" href=\"https:\/\/www.olx.pl\/\" target=\"_blank\" rel=\"noopener\">OLX<\/a><span style=\"font-family: -apple-system, BlinkMacSystemFont, 'Segoe UI', Roboto, 'Helvetica Neue', Arial, 'Noto Sans', sans-serif, 'Apple Color Emoji', 'Segoe UI Emoji', 'Segoe UI Symbol', 'Noto Color Emoji';\">, <\/span><a style=\"font-family: -apple-system, BlinkMacSystemFont, &#039;Segoe UI&#039;, Roboto, &#039;Helvetica Neue&#039;, Arial, &#039;Noto Sans&#039;, sans-serif, &#039;Apple Color Emoji&#039;, &#039;Segoe UI Emoji&#039;, &#039;Segoe UI Symbol&#039;, &#039;Noto Color Emoji&#039;;\" href=\"https:\/\/www.ebay.com\/\" target=\"_blank\" rel=\"noopener\">eBay<\/a><span style=\"font-family: -apple-system, BlinkMacSystemFont, 'Segoe UI', Roboto, 'Helvetica Neue', Arial, 'Noto Sans', sans-serif, 'Apple Color Emoji', 'Segoe UI Emoji', 'Segoe UI Symbol', 'Noto Color Emoji';\">, <\/span><a style=\"font-family: -apple-system, BlinkMacSystemFont, &#039;Segoe UI&#039;, Roboto, &#039;Helvetica Neue&#039;, Arial, &#039;Noto Sans&#039;, sans-serif, &#039;Apple Color Emoji&#039;, &#039;Segoe UI Emoji&#039;, &#039;Segoe UI Symbol&#039;, &#039;Noto Color Emoji&#039;;\" href=\"https:\/\/www.amazon.com\/\" target=\"_blank\" rel=\"noopener\">Amazon<\/a><\/p>\n<\/li>\n<li data-section-id=\"11pv0kx\" data-start=\"1629\" data-end=\"1663\">\n<p data-start=\"1631\" data-end=\"1663\">mezcla de productos electr\u00f3nicos para reventa<\/p>\n<\/li>\n<li data-section-id=\"c3btgi\" data-start=\"1664\" data-end=\"1695\">\n<p data-start=\"1666\" data-end=\"1695\">fuente de productos del mercado brit\u00e1nico<\/p>\n<\/li>\n<li data-section-id=\"b05b9y\" data-start=\"1696\" data-end=\"1726\">\n<p data-start=\"1698\" data-end=\"1726\">una soluci\u00f3n para revendedores<\/p>\n<\/li>\n<\/ul>\n<p data-start=\"1728\" data-end=\"1805\">La variedad de productos ayuda a aumentar las ventas y a entregar la mercanc\u00eda m\u00e1s r\u00e1pidamente.<\/p>\n<p data-start=\"1728\" data-end=\"1805\">Todos los modelos de pal\u00e9s de Amazon <a href=\"https:\/\/stockify24.pl\/es\/sklep\/\"><strong>aqu\u00ed<\/strong>.<\/a><\/p>\n<h2 data-section-id=\"gfj1y1\" data-start=\"1812\" data-end=\"1825\">\ud83d\ude9a Entrega<\/h2>\n<ul data-start=\"1827\" data-end=\"1890\">\n<li data-section-id=\"1j548yy\" data-start=\"1827\" data-end=\"1859\">\n<p data-start=\"1829\" data-end=\"1859\">env\u00edo desde almac\u00e9n en Europa<\/p>\n<\/li>\n<li data-section-id=\"igemay\" data-start=\"1860\" data-end=\"1890\">\n<p data-start=\"1862\" data-end=\"1890\">tramitaci\u00f3n r\u00e1pida de pedidos<\/p>\n<\/li>\n<\/ul>\n<h2 data-section-id=\"opmkg3\" data-start=\"1897\" data-end=\"1923\">\u2139\ufe0f Informaci\u00f3n adicional<\/h2>\n<ul data-start=\"1925\" data-end=\"2118\">\n<li data-section-id=\"cznzdc\" data-start=\"1925\" data-end=\"1964\">\n<p data-start=\"1927\" data-end=\"1964\">el producto no se somete a pruebas individuales<\/p>\n<\/li>\n<li data-section-id=\"1igfwsa\" data-start=\"1965\" data-end=\"2014\">\n<p data-start=\"1967\" data-end=\"2014\">posible mezcla de productos de clase C (hasta 5-7%)<\/p>\n<\/li>\n<li data-section-id=\"zia6d9\" data-start=\"2015\" data-end=\"2047\">\n<p data-start=\"2017\" data-end=\"2047\">cada pal\u00e9 embalado aleatoriamente<\/p>\n<\/li>\n<li data-section-id=\"1mkzsla\" data-start=\"2048\" data-end=\"2118\">\n<p data-start=\"2050\" data-end=\"2118\">los productos proceden de los rendimientos y excedentes de los consumidores<\/p>\n<\/li>\n<\/ul>\n<h2 data-section-id=\"1915pio\" data-start=\"2125\" data-end=\"2147\">\ud83d\udcf8 Fotos del producto<\/h2>\n<p data-start=\"2149\" data-end=\"2235\">Las fotos tienen fines ilustrativos y muestran una muestra de la electr\u00f3nica de Inglaterra.<\/p>","protected":false},"excerpt":{"rendered":"<p class=\"p1\">\u26a1 Oko\u0142o 100% elektroniki<\/p>\n<p class=\"p1\">\ud83c\uddec\ud83c\udde7 UK<\/p>\n<p class=\"p1\">\ud83d\udd25 Amazon Returns<\/p>\n<p class=\"p1\" style=\"text-align: left;\">\u2714\ufe0f Jako\u015b\u0107 A\u2013B<\/p>","protected":false},"featured_media":50388,"comment_status":"open","ping_status":"closed","template":"","meta":{"_acf_changed":false},"product_brand":[],"product_cat":[1258,1279],"product_tag":[1280],"class_list":{"0":"post-50387","1":"product","2":"type-product","3":"status-publish","4":"has-post-thumbnail","6":"product_cat-amazon-paleta","7":"product_cat-mix-elektroniki-uk-amazon-returns-ab","8":"product_tag-paleta-mix-elektroniki-z-anglii","10":"first","11":"instock","12":"sold-individually","13":"taxable","14":"shipping-taxable","15":"purchasable","16":"product-type-simple"},"acf":[],"_links":{"self":[{"href":"https:\/\/stockify24.pl\/es\/wp-json\/wp\/v2\/product\/50387","targetHints":{"allow":["GET"]}}],"collection":[{"href":"https:\/\/stockify24.pl\/es\/wp-json\/wp\/v2\/product"}],"about":[{"href":"https:\/\/stockify24.pl\/es\/wp-json\/wp\/v2\/types\/product"}],"replies":[{"embeddable":true,"href":"https:\/\/stockify24.pl\/es\/wp-json\/wp\/v2\/comments?post=50387"}],"wp:featuredmedia":[{"embeddable":true,"href":"https:\/\/stockify24.pl\/es\/wp-json\/wp\/v2\/media\/50388"}],"wp:attachment":[{"href":"https:\/\/stockify24.pl\/es\/wp-json\/wp\/v2\/media?parent=50387"}],"wp:term":[{"taxonomy":"product_brand","embeddable":true,"href":"https:\/\/stockify24.pl\/es\/wp-json\/wp\/v2\/product_brand?post=50387"},{"taxonomy":"product_cat","embeddable":true,"href":"https:\/\/stockify24.pl\/es\/wp-json\/wp\/v2\/product_cat?post=50387"},{"taxonomy":"product_tag","embeddable":true,"href":"https:\/\/stockify24.pl\/es\/wp-json\/wp\/v2\/product_tag?post=50387"}],"curies":[{"name":"wp","href":"https:\/\/api.w.org\/{rel}","templated":true}]}}