{"id":50460,"date":"2026-03-20T07:58:49","date_gmt":"2026-03-20T06:58:49","guid":{"rendered":"https:\/\/stockify24.pl\/?post_type=product&#038;p=50460"},"modified":"2026-03-30T12:05:37","modified_gmt":"2026-03-30T11:05:37","slug":"paleta-elektroniki-z-anglii-uk-a-b-1","status":"publish","type":"product","link":"https:\/\/stockify24.pl\/es\/producto\/paleta-elektroniki-z-anglii-uk-a-b-1\/","title":{"rendered":"Paleta de electr\u00f3nica de Inglaterra (Reino Unido) | A-B | #1"},"content":{"rendered":"<h2 data-section-id=\"1b7vg07\" data-start=\"113\" data-end=\"168\">\ud83d\udce6 Paleta elektroniki z Anglii (UK) \u2013 mix A\u2013B, 89 kg<\/h2>\n<p data-start=\"170\" data-end=\"339\">Mix elektroniki z Anglii (UK) to wygodne rozwi\u0105zanie dla sprzeda\u017cy hurtowej, e-commerce oraz reseller\u00f3w, kt\u00f3rzy chc\u0105 sprzedawa\u0107 elektronik\u0119 z rynku UK o wysokim popycie.<\/p>\n<p data-start=\"341\" data-end=\"488\">Paleta zawiera produkty ze zwrot\u00f3w konsumenckich oraz nadwy\u017cek magazynowych. Dzi\u0119ki temu mo\u017cesz kupi\u0107 towar w dobrej cenie i zwi\u0119kszy\u0107 swoj\u0105 mar\u017c\u0119.<\/p>\n<p data-start=\"490\" data-end=\"611\">Cada mezcla de productos electr\u00f3nicos procedentes de Inglaterra tiene una composici\u00f3n aleatoria, lo que nos permite ofrecer productos diferentes y adaptar mejor la oferta a los clientes.<\/p>\n<h2 data-section-id=\"dawekf\" data-start=\"618\" data-end=\"663\">\ud83d\udd0c Contenido de la paleta - electr\u00f3nica de consumo<\/h2>\n<p data-start=\"665\" data-end=\"694\">La paleta puede incluir:<\/p>\n<ul data-start=\"696\" data-end=\"903\">\n<li data-section-id=\"admbw2\" data-start=\"696\" data-end=\"723\">\n<p data-start=\"698\" data-end=\"723\">auriculares inal\u00e1mbricos<\/p>\n<\/li>\n<li data-section-id=\"14yyb1b\" data-start=\"724\" data-end=\"750\">\n<p data-start=\"726\" data-end=\"750\">cargadores y powerbanks<\/p>\n<\/li>\n<li data-section-id=\"2cko63\" data-start=\"751\" data-end=\"768\">\n<p data-start=\"753\" data-end=\"768\">Accesorios GSM<\/p>\n<\/li>\n<li data-section-id=\"129ryor\" data-start=\"769\" data-end=\"794\">\n<p data-start=\"771\" data-end=\"794\">dispositivos dom\u00e9sticos inteligentes<\/p>\n<\/li>\n<li data-section-id=\"17lzlbi\" data-start=\"795\" data-end=\"832\">\n<p data-start=\"797\" data-end=\"832\">peque\u00f1os electrodom\u00e9sticos (por ejemplo, secadores de pelo, masajeadores)<\/p>\n<\/li>\n<li data-section-id=\"i0l57x\" data-start=\"833\" data-end=\"871\">\n<p data-start=\"835\" data-end=\"871\">mandos y aparatos electr\u00f3nicos<\/p>\n<\/li>\n<li data-section-id=\"4egyp1\" data-start=\"872\" data-end=\"903\">\n<p data-start=\"874\" data-end=\"903\">otros productos electr\u00f3nicos<\/p>\n<\/li>\n<\/ul>\n<p data-start=\"905\" data-end=\"960\">La electr\u00f3nica representa alrededor del <strong data-start=\"934\" data-end=\"960\">Contenido del pal\u00e9 100%<\/strong><\/p>\n<h2 data-section-id=\"1vjjmw7\" data-start=\"967\" data-end=\"1005\">\ud83c\udd70\ufe0f\ud83c\udd71\ufe0f Calidad del producto - clase A-B<\/h2>\n<p data-start=\"1007\" data-end=\"1058\">Mezcla de electr\u00f3nica de Inglaterra (Reino Unido) en medios de clase A-B:<\/p>\n<ul data-start=\"1060\" data-end=\"1217\">\n<li data-section-id=\"1ylt7oh\" data-start=\"1060\" data-end=\"1120\">\n<p data-start=\"1062\" data-end=\"1120\">la mayor\u00eda de los productos son nuevos o est\u00e1n en muy buen estado<\/p>\n<\/li>\n<li data-section-id=\"jqrsyy\" data-start=\"1121\" data-end=\"1157\">\n<p data-start=\"1123\" data-end=\"1157\">peque\u00f1os signos de uso posibles<\/p>\n<\/li>\n<li data-section-id=\"8bsrvp\" data-start=\"1158\" data-end=\"1217\">\n<p data-start=\"1160\" data-end=\"1217\">mo\u017cliwa niewielka domieszka produkt\u00f3w klasy C (do 5\u20137%)<\/p>\n<\/li>\n<\/ul>\n<p data-start=\"1219\" data-end=\"1284\">Taki poziom jako\u015bci pozwala na stabiln\u0105 sprzeda\u017c i dobr\u0105 rotacj\u0119.<\/p>\n<h2 data-section-id=\"6mpf3m\" data-start=\"1291\" data-end=\"1317\">Especificaciones t\u00e9cnicas<\/h2>\n<ul data-start=\"1319\" data-end=\"1448\">\n<li data-section-id=\"1vvc679\" data-start=\"1319\" data-end=\"1349\">\n<p data-start=\"1321\" data-end=\"1349\">altura de la paleta: <strong data-start=\"1338\" data-end=\"1347\">60 cm<\/strong><\/p>\n<\/li>\n<li data-section-id=\"1n86v3f\" data-start=\"1350\" data-end=\"1375\">\n<p data-start=\"1352\" data-end=\"1375\">peso neto: <strong data-start=\"1364\" data-end=\"1373\">89 kg<\/strong><\/p>\n<\/li>\n<li data-section-id=\"9s5onr\" data-start=\"1376\" data-end=\"1417\">\n<p data-start=\"1378\" data-end=\"1417\">surtido: <strong data-start=\"1390\" data-end=\"1415\">aleatorio y variado<\/strong><\/p>\n<\/li>\n<li data-section-id=\"14taal3\" data-start=\"1418\" data-end=\"1448\">\n<p data-start=\"1420\" data-end=\"1448\">cada paleta: <strong data-start=\"1434\" data-end=\"1446\">\u00fanico<\/strong><\/p>\n<\/li>\n<\/ul>\n<p data-start=\"1450\" data-end=\"1488\">El contenido depende de la entrega actual.<\/p>\n<h2 data-section-id=\"1nzb8um\" data-start=\"2048\" data-end=\"2088\">\ud83d\udcbc Uso en el comercio electr\u00f3nico y el comercio<\/h2>\n<p data-start=\"2090\" data-end=\"2179\">La paleta de productos electr\u00f3nicos de Amazon funciona bien con modelos de venta por volumen y rotaci\u00f3n:<\/p>\n<ul data-start=\"2181\" data-end=\"2344\">\n<li data-section-id=\"1c1wa51\" data-start=\"2181\" data-end=\"2224\">venta en <a href=\"https:\/\/allegro.pl\/\" target=\"_blank\" rel=\"noopener\">Allegro<\/a>, <a href=\"https:\/\/www.olx.pl\/\" target=\"_blank\" rel=\"noopener\">OLX<\/a>, <a href=\"https:\/\/www.ebay.com\/\" target=\"_blank\" rel=\"noopener\">eBay<\/a>, <a href=\"https:\/\/www.amazon.com\/\" target=\"_blank\" rel=\"noopener\">Amazon<\/a><\/li>\n<li data-section-id=\"1fmpn86\" data-start=\"2225\" data-end=\"2247\">tiendas en l\u00ednea<\/li>\n<li data-section-id=\"gynsj7\" data-start=\"2248\" data-end=\"2281\">venta al por menor y al por mayor<\/li>\n<li data-section-id=\"161gjv4\" data-start=\"2282\" data-end=\"2320\">desarrollo de un almac\u00e9n de productos propios<\/li>\n<li data-section-id=\"1fuo8gv\" data-start=\"2321\" data-end=\"2344\">ampliaci\u00f3n de la oferta<\/li>\n<\/ul>\n<p data-start=\"2346\" data-end=\"2462\">Esta soluci\u00f3n permite aumentar el n\u00famero de productos y mejorar el rendimiento de las ventas sin aumentar los costes unitarios.<\/p>\n<p data-start=\"2346\" data-end=\"2462\">Todos los modelos de pal\u00e9s de Amazon <a href=\"https:\/\/stockify24.pl\/es\/sklep\/\"><strong>aqu\u00ed<\/strong>.<\/a><\/p>\n<h2 data-section-id=\"gfj1y1\" data-start=\"1854\" data-end=\"1867\">\ud83d\ude9a Entrega<\/h2>\n<ul data-start=\"1869\" data-end=\"1932\">\n<li data-section-id=\"1j548yy\" data-start=\"1869\" data-end=\"1901\">\n<p data-start=\"1871\" data-end=\"1901\">env\u00edo desde almac\u00e9n en Europa<\/p>\n<\/li>\n<li data-section-id=\"igemay\" data-start=\"1902\" data-end=\"1932\">\n<p data-start=\"1904\" data-end=\"1932\">tramitaci\u00f3n r\u00e1pida de pedidos<\/p>\n<\/li>\n<\/ul>\n<h2 data-section-id=\"opmkg3\" data-start=\"1939\" data-end=\"1965\">\u2139\ufe0f Informaci\u00f3n adicional<\/h2>\n<ul data-start=\"1967\" data-end=\"2160\">\n<li data-section-id=\"cznzdc\" data-start=\"1967\" data-end=\"2006\">\n<p data-start=\"1969\" data-end=\"2006\">el producto no se somete a pruebas individuales<\/p>\n<\/li>\n<li data-section-id=\"1igfwsa\" data-start=\"2007\" data-end=\"2056\">\n<p data-start=\"2009\" data-end=\"2056\">posible mezcla de productos de clase C (hasta 5-7%)<\/p>\n<\/li>\n<li data-section-id=\"zia6d9\" data-start=\"2057\" data-end=\"2089\">\n<p data-start=\"2059\" data-end=\"2089\">cada pal\u00e9 embalado aleatoriamente<\/p>\n<\/li>\n<li data-section-id=\"1mkzsla\" data-start=\"2090\" data-end=\"2160\">\n<p data-start=\"2092\" data-end=\"2160\">los productos proceden de los rendimientos y excedentes de los consumidores<\/p>\n<\/li>\n<\/ul>\n<h2 data-section-id=\"1915pio\" data-start=\"2167\" data-end=\"2189\">\ud83d\udcf8 Fotos del producto<\/h2>\n<p data-start=\"2191\" data-end=\"2277\">Las fotos tienen fines ilustrativos y muestran una muestra de la electr\u00f3nica de Inglaterra.<\/p>","protected":false},"excerpt":{"rendered":"<p class=\"p1\">\u26a1 Oko\u0142o 100% elektroniki<\/p>\n<p class=\"p1\">\ud83c\uddec\ud83c\udde7 UK<\/p>\n<p class=\"p1\">\ud83d\udd25 Amazon Returns<\/p>\n<p class=\"p1\" style=\"text-align: left;\">\u2714\ufe0f Jako\u015b\u0107 A\u2013B<\/p>","protected":false},"featured_media":50461,"comment_status":"open","ping_status":"closed","template":"","meta":{"_acf_changed":false},"product_brand":[],"product_cat":[1258,1279],"product_tag":[1280],"class_list":{"0":"post-50460","1":"product","2":"type-product","3":"status-publish","4":"has-post-thumbnail","6":"product_cat-amazon-paleta","7":"product_cat-mix-elektroniki-uk-amazon-returns-ab","8":"product_tag-paleta-mix-elektroniki-z-anglii","10":"first","11":"instock","12":"sold-individually","13":"taxable","14":"shipping-taxable","15":"purchasable","16":"product-type-simple"},"acf":[],"_links":{"self":[{"href":"https:\/\/stockify24.pl\/es\/wp-json\/wp\/v2\/product\/50460","targetHints":{"allow":["GET"]}}],"collection":[{"href":"https:\/\/stockify24.pl\/es\/wp-json\/wp\/v2\/product"}],"about":[{"href":"https:\/\/stockify24.pl\/es\/wp-json\/wp\/v2\/types\/product"}],"replies":[{"embeddable":true,"href":"https:\/\/stockify24.pl\/es\/wp-json\/wp\/v2\/comments?post=50460"}],"wp:featuredmedia":[{"embeddable":true,"href":"https:\/\/stockify24.pl\/es\/wp-json\/wp\/v2\/media\/50461"}],"wp:attachment":[{"href":"https:\/\/stockify24.pl\/es\/wp-json\/wp\/v2\/media?parent=50460"}],"wp:term":[{"taxonomy":"product_brand","embeddable":true,"href":"https:\/\/stockify24.pl\/es\/wp-json\/wp\/v2\/product_brand?post=50460"},{"taxonomy":"product_cat","embeddable":true,"href":"https:\/\/stockify24.pl\/es\/wp-json\/wp\/v2\/product_cat?post=50460"},{"taxonomy":"product_tag","embeddable":true,"href":"https:\/\/stockify24.pl\/es\/wp-json\/wp\/v2\/product_tag?post=50460"}],"curies":[{"name":"wp","href":"https:\/\/api.w.org\/{rel}","templated":true}]}}