{"id":50471,"date":"2026-03-20T10:11:48","date_gmt":"2026-03-20T09:11:48","guid":{"rendered":"https:\/\/stockify24.pl\/?post_type=product&#038;p=50471"},"modified":"2026-03-30T12:11:41","modified_gmt":"2026-03-30T11:11:41","slug":"paleta-elektroniki-premium-z-europy-31","status":"publish","type":"product","link":"https:\/\/stockify24.pl\/es\/producto\/paleta-elektroniki-premium-z-europy-31\/","title":{"rendered":"PREMIUM paleta electr\u00f3nica de Europa (UE) | A-B | #31"},"content":{"rendered":"<h2 data-section-id=\"78pon3\" data-start=\"119\" data-end=\"186\">\ud83d\udce6 Paleta elektroniki z Europy (EU) \u2013 AMAZON PREMIUM, A\u2013B, 93 kg<\/h2>\n<p data-start=\"188\" data-end=\"395\">Mix elektroniki z Europy (EU) AMAZON PREMIUM to profesjonalna oferta dla sprzeda\u017cy hurtowej, e-commerce oraz reseller\u00f3w, kt\u00f3rzy potrzebuj\u0105 towaru o wysokim udziale elektroniki i realnym potencjale sprzeda\u017cy.<\/p>\n<p data-start=\"397\" data-end=\"579\">Paleta pochodzi ze zwrot\u00f3w konsumenckich Amazon (Amazon Returns). Oko\u0142o <strong data-start=\"469\" data-end=\"516\">El contenido del 98% es electr\u00f3nica de consumo<\/strong>, co zwi\u0119ksza warto\u015b\u0107 handlow\u0105 i przyspiesza rotacj\u0119 produkt\u00f3w.<\/p>\n<p data-start=\"581\" data-end=\"686\">Towar jest niesortowany \u2014 ka\u017cda paleta zawiera losowy zestaw produkt\u00f3w i nie posiada sta\u0142ej specyfikacji.<\/p>\n<p data-start=\"581\" data-end=\"686\">Todos los modelos de pal\u00e9s de Amazon <a href=\"https:\/\/stockify24.pl\/es\/sklep\/\"><strong>aqu\u00ed<\/strong>.<\/a><\/p>\n<h2 data-section-id=\"5111e3\" data-start=\"693\" data-end=\"740\">\ud83d\udd0c Zawarto\u015b\u0107 palety \u2013 mix elektroniki Amazon<\/h2>\n<p data-start=\"742\" data-end=\"815\">El pal\u00e9 contiene aproximadamente <strong data-start=\"772\" data-end=\"807\">30\u201340 produkt\u00f3w elektronicznych<\/strong>, incluyendo:<\/p>\n<ul data-start=\"817\" data-end=\"1007\">\n<li data-section-id=\"admbw2\" data-start=\"817\" data-end=\"844\">\n<p data-start=\"819\" data-end=\"844\">auriculares inal\u00e1mbricos<\/p>\n<\/li>\n<li data-section-id=\"14yyb1b\" data-start=\"845\" data-end=\"871\">\n<p data-start=\"847\" data-end=\"871\">cargadores y powerbanks<\/p>\n<\/li>\n<li data-section-id=\"2cko63\" data-start=\"872\" data-end=\"889\">\n<p data-start=\"874\" data-end=\"889\">Accesorios GSM<\/p>\n<\/li>\n<li data-section-id=\"129ryor\" data-start=\"890\" data-end=\"915\">\n<p data-start=\"892\" data-end=\"915\">dispositivos dom\u00e9sticos inteligentes<\/p>\n<\/li>\n<li data-section-id=\"dys3xd\" data-start=\"916\" data-end=\"928\">\n<p data-start=\"918\" data-end=\"928\">peque\u00f1os electrodom\u00e9sticos<\/p>\n<\/li>\n<li data-section-id=\"i0l57x\" data-start=\"929\" data-end=\"967\">\n<p data-start=\"931\" data-end=\"967\">mandos y aparatos electr\u00f3nicos<\/p>\n<\/li>\n<li data-section-id=\"1s1m71p\" data-start=\"968\" data-end=\"1007\">\n<p data-start=\"970\" data-end=\"1007\">otros productos electr\u00f3nicos de consumo<\/p>\n<\/li>\n<\/ul>\n<p data-start=\"1009\" data-end=\"1063\">\ud83d\udcca Cuota de electr\u00f3nica: <strong data-start=\"1032\" data-end=\"1063\">oko\u0142o 98% zawarto\u015bci palety<\/strong><\/p>\n<h2 data-section-id=\"1s8xvs9\" data-start=\"1070\" data-end=\"1125\">\ud83c\udd70\ufe0f\ud83c\udd71\ufe0f Jako\u015b\u0107 produkt\u00f3w \u2013 klasa A\u2013B (Amazon Returns)<\/h2>\n<p data-start=\"1127\" data-end=\"1208\">Mix elektroniki z Europy (EU) AMAZON PREMIUM obejmuje produkty w standardzie A\u2013B:<\/p>\n<ul data-start=\"1210\" data-end=\"1357\">\n<li data-section-id=\"1ylt7oh\" data-start=\"1210\" data-end=\"1270\">\n<p data-start=\"1212\" data-end=\"1270\">la mayor\u00eda de los productos son nuevos o est\u00e1n en muy buen estado<\/p>\n<\/li>\n<li data-section-id=\"jqrsyy\" data-start=\"1271\" data-end=\"1307\">\n<p data-start=\"1273\" data-end=\"1307\">peque\u00f1os signos de uso posibles<\/p>\n<\/li>\n<li data-section-id=\"13485k2\" data-start=\"1308\" data-end=\"1357\">\n<p data-start=\"1310\" data-end=\"1357\">es posible una peque\u00f1a mezcla de Clase C (hasta 5-7%)<\/p>\n<\/li>\n<\/ul>\n<p data-start=\"1359\" data-end=\"1424\">Produkty pochodz\u0105 z niesprawdzonych zwrot\u00f3w konsumenckich Amazon.<\/p>\n<h2 data-section-id=\"1v9slaf\" data-start=\"1431\" data-end=\"1464\">\ud83d\udcd0 Especificaciones t\u00e9cnicas de la paleta<\/h2>\n<ul data-start=\"1466\" data-end=\"1637\">\n<li data-section-id=\"so9zmo\" data-start=\"1466\" data-end=\"1491\">\n<p data-start=\"1468\" data-end=\"1491\">peso neto: <strong data-start=\"1480\" data-end=\"1489\">93 kg<\/strong><\/p>\n<\/li>\n<li data-section-id=\"rckeqa\" data-start=\"1492\" data-end=\"1523\">\n<p data-start=\"1494\" data-end=\"1523\">altura de la paleta: <strong data-start=\"1511\" data-end=\"1521\">1 metro<\/strong><\/p>\n<\/li>\n<li data-section-id=\"6cyh5q\" data-start=\"1524\" data-end=\"1564\">\n<p data-start=\"1526\" data-end=\"1564\">n\u00famero de productos: <strong data-start=\"1543\" data-end=\"1562\">ok. 30\u201340 sztuk<\/strong><\/p>\n<\/li>\n<li data-section-id=\"9s5onr\" data-start=\"1565\" data-end=\"1606\">\n<p data-start=\"1567\" data-end=\"1606\">surtido: <strong data-start=\"1579\" data-end=\"1604\">aleatorio y variado<\/strong><\/p>\n<\/li>\n<li data-section-id=\"14taal3\" data-start=\"1607\" data-end=\"1637\">\n<p data-start=\"1609\" data-end=\"1637\">cada paleta: <strong data-start=\"1623\" data-end=\"1635\">\u00fanico<\/strong><\/p>\n<\/li>\n<\/ul>\n<p data-start=\"1639\" data-end=\"1684\">El contenido depende del lote de entrega actual.<\/p>\n<h2 data-section-id=\"kilpj5\" data-start=\"1691\" data-end=\"1738\">\ud83d\udcbc Aplicaci\u00f3n - Electr\u00f3nica para reventa<\/h2>\n<p data-start=\"1740\" data-end=\"1783\"><strong>Paleta AMAZON PREMIUM EU<\/strong> funciona como:<\/p>\n<ul data-start=\"1785\" data-end=\"1971\">\n<li data-section-id=\"1jlmfwm\" data-start=\"1785\" data-end=\"1835\">\n<p data-start=\"1787\" data-end=\"1835\">paleta elektroniki do e-commerce i marketplace (<a style=\"font-family: -apple-system, BlinkMacSystemFont, &#039;Segoe UI&#039;, Roboto, &#039;Helvetica Neue&#039;, Arial, &#039;Noto Sans&#039;, sans-serif, &#039;Apple Color Emoji&#039;, &#039;Segoe UI Emoji&#039;, &#039;Segoe UI Symbol&#039;, &#039;Noto Color Emoji&#039;;\" href=\"https:\/\/allegro.pl\/\" target=\"_blank\" rel=\"noopener\">Allegro<\/a><span style=\"font-family: -apple-system, BlinkMacSystemFont, 'Segoe UI', Roboto, 'Helvetica Neue', Arial, 'Noto Sans', sans-serif, 'Apple Color Emoji', 'Segoe UI Emoji', 'Segoe UI Symbol', 'Noto Color Emoji';\">, <\/span><a style=\"font-family: -apple-system, BlinkMacSystemFont, &#039;Segoe UI&#039;, Roboto, &#039;Helvetica Neue&#039;, Arial, &#039;Noto Sans&#039;, sans-serif, &#039;Apple Color Emoji&#039;, &#039;Segoe UI Emoji&#039;, &#039;Segoe UI Symbol&#039;, &#039;Noto Color Emoji&#039;;\" href=\"https:\/\/www.olx.pl\/\" target=\"_blank\" rel=\"noopener\">OLX<\/a><span style=\"font-family: -apple-system, BlinkMacSystemFont, 'Segoe UI', Roboto, 'Helvetica Neue', Arial, 'Noto Sans', sans-serif, 'Apple Color Emoji', 'Segoe UI Emoji', 'Segoe UI Symbol', 'Noto Color Emoji';\">, <\/span><a style=\"font-family: -apple-system, BlinkMacSystemFont, &#039;Segoe UI&#039;, Roboto, &#039;Helvetica Neue&#039;, Arial, &#039;Noto Sans&#039;, sans-serif, &#039;Apple Color Emoji&#039;, &#039;Segoe UI Emoji&#039;, &#039;Segoe UI Symbol&#039;, &#039;Noto Color Emoji&#039;;\" href=\"https:\/\/www.ebay.com\/\" target=\"_blank\" rel=\"noopener\">eBay<\/a><span style=\"font-family: -apple-system, BlinkMacSystemFont, 'Segoe UI', Roboto, 'Helvetica Neue', Arial, 'Noto Sans', sans-serif, 'Apple Color Emoji', 'Segoe UI Emoji', 'Segoe UI Symbol', 'Noto Color Emoji';\">, <\/span><a style=\"font-family: -apple-system, BlinkMacSystemFont, &#039;Segoe UI&#039;, Roboto, &#039;Helvetica Neue&#039;, Arial, &#039;Noto Sans&#039;, sans-serif, &#039;Apple Color Emoji&#039;, &#039;Segoe UI Emoji&#039;, &#039;Segoe UI Symbol&#039;, &#039;Noto Color Emoji&#039;;\" href=\"https:\/\/www.amazon.com\/\" target=\"_blank\" rel=\"noopener\">Amazon)<\/a><\/p>\n<\/li>\n<li data-section-id=\"1a4qeji\" data-start=\"1836\" data-end=\"1885\">\n<p data-start=\"1838\" data-end=\"1885\">mix elektroniki Amazon returns do odsprzeda\u017cy<\/p>\n<\/li>\n<li data-section-id=\"2z2ita\" data-start=\"1886\" data-end=\"1931\">\n<p data-start=\"1888\" data-end=\"1931\">towar do sprzeda\u017cy hurtowej i detalicznej<\/p>\n<\/li>\n<li data-section-id=\"179rid\" data-start=\"1932\" data-end=\"1971\">\n<p data-start=\"1934\" data-end=\"1971\">\u017ar\u00f3d\u0142o produkt\u00f3w o wysokiej rotacji<\/p>\n<\/li>\n<\/ul>\n<p data-start=\"1973\" data-end=\"2059\">Wysoki udzia\u0142 elektroniki zwi\u0119ksza szanse na szybk\u0105 sprzeda\u017c i stabilny obr\u00f3t towarem.<\/p>\n<h2 data-section-id=\"gfj1y1\" data-start=\"2066\" data-end=\"2079\">\ud83d\ude9a Entrega<\/h2>\n<ul data-start=\"2081\" data-end=\"2169\">\n<li data-section-id=\"1j548yy\" data-start=\"2081\" data-end=\"2113\">\n<p data-start=\"2083\" data-end=\"2113\">env\u00edo desde almac\u00e9n en Europa<\/p>\n<\/li>\n<li data-section-id=\"igemay\" data-start=\"2114\" data-end=\"2144\">\n<p data-start=\"2116\" data-end=\"2144\">tramitaci\u00f3n r\u00e1pida de pedidos<\/p>\n<\/li>\n<li data-section-id=\"1qo0dyy\" data-start=\"2145\" data-end=\"2169\">\n<p data-start=\"2147\" data-end=\"2169\">embalaje seguro<\/p>\n<\/li>\n<\/ul>\n<h2 data-section-id=\"opmkg3\" data-start=\"2176\" data-end=\"2202\">\u2139\ufe0f Informaci\u00f3n adicional<\/h2>\n<ul data-start=\"2204\" data-end=\"2389\">\n<li data-section-id=\"oo8lin\" data-start=\"2204\" data-end=\"2243\">\n<p data-start=\"2206\" data-end=\"2243\">Productos sin clasificar (Devoluciones de Amazon)<\/p>\n<\/li>\n<li data-section-id=\"23fumv\" data-start=\"2244\" data-end=\"2284\">\n<p data-start=\"2246\" data-end=\"2284\">los productos no se prueban individualmente<\/p>\n<\/li>\n<li data-section-id=\"iag8fx\" data-start=\"2285\" data-end=\"2324\">\n<p data-start=\"2287\" data-end=\"2324\">posible mezcla de Clase C (hasta 5-7%)<\/p>\n<\/li>\n<li data-section-id=\"zia6d9\" data-start=\"2325\" data-end=\"2357\">\n<p data-start=\"2327\" data-end=\"2357\">cada pal\u00e9 embalado aleatoriamente<\/p>\n<\/li>\n<li data-section-id=\"1qenv5x\" data-start=\"2358\" data-end=\"2389\">\n<p data-start=\"2360\" data-end=\"2389\">sin lista fija de productos<\/p>\n<\/li>\n<\/ul>\n<h2 data-section-id=\"1915pio\" data-start=\"2396\" data-end=\"2418\">\ud83d\udcf8 Fotos del producto<\/h2>\n<p data-start=\"2420\" data-end=\"2506\">Las fotos son ilustrativas y muestran una mezcla de productos electr\u00f3nicos procedentes de Europa.<\/p>","protected":false},"excerpt":{"rendered":"<p class=\"p1\">\u26a1 Oko\u0142o 100% elektroniki<\/p>\n<p class=\"p1\">\ud83c\uddea\ud83c\uddfa EU<\/p>\n<p class=\"p1\">\ud83d\udd25 Amazon Returns Premium<\/p>\n<p class=\"p1\" style=\"text-align: left;\">\u2714\ufe0f Jako\u015b\u0107 A\u2013B<\/p>","protected":false},"featured_media":50472,"comment_status":"open","ping_status":"closed","template":"","meta":{"_acf_changed":false},"product_brand":[],"product_cat":[1258,1281],"product_tag":[1274],"class_list":{"0":"post-50471","1":"product","2":"type-product","3":"status-publish","4":"has-post-thumbnail","6":"product_cat-amazon-paleta","7":"product_cat-premium-mix-elektroniki-eu-amazon-returns-ab","8":"product_tag-paleta-mix-elektroniki-z-europy","10":"first","11":"instock","12":"sold-individually","13":"taxable","14":"shipping-taxable","15":"purchasable","16":"product-type-simple"},"acf":[],"_links":{"self":[{"href":"https:\/\/stockify24.pl\/es\/wp-json\/wp\/v2\/product\/50471","targetHints":{"allow":["GET"]}}],"collection":[{"href":"https:\/\/stockify24.pl\/es\/wp-json\/wp\/v2\/product"}],"about":[{"href":"https:\/\/stockify24.pl\/es\/wp-json\/wp\/v2\/types\/product"}],"replies":[{"embeddable":true,"href":"https:\/\/stockify24.pl\/es\/wp-json\/wp\/v2\/comments?post=50471"}],"wp:featuredmedia":[{"embeddable":true,"href":"https:\/\/stockify24.pl\/es\/wp-json\/wp\/v2\/media\/50472"}],"wp:attachment":[{"href":"https:\/\/stockify24.pl\/es\/wp-json\/wp\/v2\/media?parent=50471"}],"wp:term":[{"taxonomy":"product_brand","embeddable":true,"href":"https:\/\/stockify24.pl\/es\/wp-json\/wp\/v2\/product_brand?post=50471"},{"taxonomy":"product_cat","embeddable":true,"href":"https:\/\/stockify24.pl\/es\/wp-json\/wp\/v2\/product_cat?post=50471"},{"taxonomy":"product_tag","embeddable":true,"href":"https:\/\/stockify24.pl\/es\/wp-json\/wp\/v2\/product_tag?post=50471"}],"curies":[{"name":"wp","href":"https:\/\/api.w.org\/{rel}","templated":true}]}}