{"id":50473,"date":"2026-03-20T10:42:04","date_gmt":"2026-03-20T09:42:04","guid":{"rendered":"https:\/\/stockify24.pl\/?post_type=product&#038;p=50473"},"modified":"2026-03-30T12:12:22","modified_gmt":"2026-03-30T11:12:22","slug":"paleta-elektroniki-premium-z-europy-4","status":"publish","type":"product","link":"https:\/\/stockify24.pl\/es\/producto\/paleta-elektroniki-premium-z-europy-4\/","title":{"rendered":"PREMIUM paleta electr\u00f3nica de Europa (UE) | A-B | #4"},"content":{"rendered":"<h2 data-section-id=\"78pon3\" data-start=\"124\" data-end=\"191\">\ud83d\udce6 Paleta elektroniki z Europy (EU) \u2013 AMAZON PREMIUM, A\u2013B, 93 kg<\/h2>\n<p data-start=\"193\" data-end=\"417\">Paleta elektroniki AMAZON PREMIUM z Europy (EU) to rozwi\u0105zanie dla reseller\u00f3w, sklep\u00f3w internetowych oraz sprzeda\u017cy hurtowej, kt\u00f3re zapewnia dost\u0119p do elektroniki o wysokim udziale w zawarto\u015bci i dobrym potencjale sprzeda\u017cy.<\/p>\n<p data-start=\"419\" data-end=\"615\">Towar pochodzi ze zwrot\u00f3w konsumenckich Amazon (Amazon Returns). Oko\u0142o <strong data-start=\"490\" data-end=\"544\">98% zawarto\u015bci palety stanowi elektronika u\u017cytkowa<\/strong>, co przek\u0142ada si\u0119 na wi\u0119ksz\u0105 warto\u015b\u0107 handlow\u0105 i \u0142atwiejsz\u0105 odsprzeda\u017c.<\/p>\n<p data-start=\"617\" data-end=\"708\">Ka\u017cda paleta jest niesortowana i posiada losowy sk\u0142ad \u2014 nie ma dw\u00f3ch identycznych zestaw\u00f3w.<\/p>\n<p data-start=\"617\" data-end=\"708\">Todos los modelos de pal\u00e9s de Amazon <a href=\"https:\/\/stockify24.pl\/es\/sklep\/\"><strong>aqu\u00ed<\/strong>.<\/a><\/p>\n<h2 data-section-id=\"15emhq8\" data-start=\"715\" data-end=\"759\">\ud83d\udd0c Co zawiera paleta \u2013 elektronika Amazon<\/h2>\n<p data-start=\"761\" data-end=\"823\">El pal\u00e9 contiene aproximadamente <strong data-start=\"791\" data-end=\"810\">30\u201340 produkt\u00f3w<\/strong>, como:<\/p>\n<ul data-start=\"825\" data-end=\"1035\">\n<li data-section-id=\"admbw2\" data-start=\"825\" data-end=\"852\">\n<p data-start=\"827\" data-end=\"852\">auriculares inal\u00e1mbricos<\/p>\n<\/li>\n<li data-section-id=\"1j12er6\" data-start=\"853\" data-end=\"886\">\n<p data-start=\"855\" data-end=\"886\">\u0142adowarki, kable i powerbanki<\/p>\n<\/li>\n<li data-section-id=\"2cko63\" data-start=\"887\" data-end=\"904\">\n<p data-start=\"889\" data-end=\"904\">Accesorios GSM<\/p>\n<\/li>\n<li data-section-id=\"129ryor\" data-start=\"905\" data-end=\"930\">\n<p data-start=\"907\" data-end=\"930\">dispositivos dom\u00e9sticos inteligentes<\/p>\n<\/li>\n<li data-section-id=\"10cgs2s\" data-start=\"931\" data-end=\"954\">\n<p data-start=\"933\" data-end=\"954\">ma\u0142e urz\u0105dzenia AGD<\/p>\n<\/li>\n<li data-section-id=\"i0l57x\" data-start=\"955\" data-end=\"993\">\n<p data-start=\"957\" data-end=\"993\">mandos y aparatos electr\u00f3nicos<\/p>\n<\/li>\n<li data-section-id=\"dco69a\" data-start=\"994\" data-end=\"1035\">\n<p data-start=\"996\" data-end=\"1035\">inne produkty z kategorii elektroniki<\/p>\n<\/li>\n<\/ul>\n<p data-start=\"1037\" data-end=\"1090\">La electr\u00f3nica representa alrededor del <strong data-start=\"1066\" data-end=\"1090\">98% ca\u0142ej zawarto\u015bci<\/strong><\/p>\n<h2 data-section-id=\"2jw31c\" data-start=\"1097\" data-end=\"1125\">\ud83c\udd70\ufe0f\ud83c\udd71\ufe0f Calidad - Clase A-B<\/h2>\n<p data-start=\"1127\" data-end=\"1170\">La paleta incluye productos est\u00e1ndar A-B:<\/p>\n<ul data-start=\"1172\" data-end=\"1314\">\n<li data-section-id=\"qqbmzl\" data-start=\"1172\" data-end=\"1228\">\n<p data-start=\"1174\" data-end=\"1228\">przewaga produkt\u00f3w nowych lub w bardzo dobrym stanie<\/p>\n<\/li>\n<li data-section-id=\"1l5huug\" data-start=\"1229\" data-end=\"1269\">\n<p data-start=\"1231\" data-end=\"1269\">ligeras huellas de uso posibles<\/p>\n<\/li>\n<li data-section-id=\"11nzhik\" data-start=\"1270\" data-end=\"1314\">\n<p data-start=\"1272\" data-end=\"1314\">Se permite el aditivo de clase C (hasta 5-7%)<\/p>\n<\/li>\n<\/ul>\n<p data-start=\"1316\" data-end=\"1380\">Towar nie jest testowany \u2014 s\u0105 to oryginalne zwroty konsumenckie.<\/p>\n<h2 data-section-id=\"1dsek5o\" data-start=\"1387\" data-end=\"1412\">\ud83d\udcd0 Especificaci\u00f3n de la paleta<\/h2>\n<ul data-start=\"1414\" data-end=\"1555\">\n<li data-section-id=\"so9zmo\" data-start=\"1414\" data-end=\"1439\">\n<p data-start=\"1416\" data-end=\"1439\">peso neto: <strong data-start=\"1428\" data-end=\"1437\">93 kg<\/strong><\/p>\n<\/li>\n<li data-section-id=\"lkouhz\" data-start=\"1440\" data-end=\"1464\">\n<p data-start=\"1442\" data-end=\"1464\">altitud: <strong data-start=\"1452\" data-end=\"1462\">1 metro<\/strong><\/p>\n<\/li>\n<li data-section-id=\"f0rf2v\" data-start=\"1465\" data-end=\"1506\">\n<p data-start=\"1467\" data-end=\"1506\">liczba produkt\u00f3w: <strong data-start=\"1485\" data-end=\"1504\">ok. 30\u201340 sztuk<\/strong><\/p>\n<\/li>\n<li data-section-id=\"1ojh24c\" data-start=\"1507\" data-end=\"1528\">\n<p data-start=\"1509\" data-end=\"1528\">composici\u00f3n: <strong data-start=\"1516\" data-end=\"1526\">al azar<\/strong><\/p>\n<\/li>\n<li data-section-id=\"dhswn8\" data-start=\"1529\" data-end=\"1555\">\n<p data-start=\"1531\" data-end=\"1555\">cada paleta: <strong data-start=\"1545\" data-end=\"1553\">otros<\/strong><\/p>\n<\/li>\n<\/ul>\n<p data-start=\"1557\" data-end=\"1594\">El contenido depende de la entrega actual.<\/p>\n<h2 data-section-id=\"18ipwxx\" data-start=\"1601\" data-end=\"1636\">\ud83d\udcbc Do czego nadaje si\u0119 ta paleta<\/h2>\n<p data-start=\"1638\" data-end=\"1695\">Mix elektroniki AMAZON PREMIUM EU mo\u017cna wykorzysta\u0107 jako:<\/p>\n<ul data-start=\"1697\" data-end=\"1884\">\n<li data-section-id=\"145twc\" data-start=\"1697\" data-end=\"1755\">\n<p data-start=\"1699\" data-end=\"1755\">productos en venta en l\u00ednea <a style=\"font-family: -apple-system, BlinkMacSystemFont, &#039;Segoe UI&#039;, Roboto, &#039;Helvetica Neue&#039;, Arial, &#039;Noto Sans&#039;, sans-serif, &#039;Apple Color Emoji&#039;, &#039;Segoe UI Emoji&#039;, &#039;Segoe UI Symbol&#039;, &#039;Noto Color Emoji&#039;;\" href=\"https:\/\/allegro.pl\/\" target=\"_blank\" rel=\"noopener\">Allegro<\/a><span style=\"font-family: -apple-system, BlinkMacSystemFont, 'Segoe UI', Roboto, 'Helvetica Neue', Arial, 'Noto Sans', sans-serif, 'Apple Color Emoji', 'Segoe UI Emoji', 'Segoe UI Symbol', 'Noto Color Emoji';\">, <\/span><a style=\"font-family: -apple-system, BlinkMacSystemFont, &#039;Segoe UI&#039;, Roboto, &#039;Helvetica Neue&#039;, Arial, &#039;Noto Sans&#039;, sans-serif, &#039;Apple Color Emoji&#039;, &#039;Segoe UI Emoji&#039;, &#039;Segoe UI Symbol&#039;, &#039;Noto Color Emoji&#039;;\" href=\"https:\/\/www.olx.pl\/\" target=\"_blank\" rel=\"noopener\">OLX<\/a><span style=\"font-family: -apple-system, BlinkMacSystemFont, 'Segoe UI', Roboto, 'Helvetica Neue', Arial, 'Noto Sans', sans-serif, 'Apple Color Emoji', 'Segoe UI Emoji', 'Segoe UI Symbol', 'Noto Color Emoji';\">, <\/span><a style=\"font-family: -apple-system, BlinkMacSystemFont, &#039;Segoe UI&#039;, Roboto, &#039;Helvetica Neue&#039;, Arial, &#039;Noto Sans&#039;, sans-serif, &#039;Apple Color Emoji&#039;, &#039;Segoe UI Emoji&#039;, &#039;Segoe UI Symbol&#039;, &#039;Noto Color Emoji&#039;;\" href=\"https:\/\/www.ebay.com\/\" target=\"_blank\" rel=\"noopener\">eBay<\/a><span style=\"font-family: -apple-system, BlinkMacSystemFont, 'Segoe UI', Roboto, 'Helvetica Neue', Arial, 'Noto Sans', sans-serif, 'Apple Color Emoji', 'Segoe UI Emoji', 'Segoe UI Symbol', 'Noto Color Emoji';\">, <\/span><a style=\"font-family: -apple-system, BlinkMacSystemFont, &#039;Segoe UI&#039;, Roboto, &#039;Helvetica Neue&#039;, Arial, &#039;Noto Sans&#039;, sans-serif, &#039;Apple Color Emoji&#039;, &#039;Segoe UI Emoji&#039;, &#039;Segoe UI Symbol&#039;, &#039;Noto Color Emoji&#039;;\" href=\"https:\/\/www.amazon.com\/\" target=\"_blank\" rel=\"noopener\">Amazon<\/a><\/p>\n<\/li>\n<li data-section-id=\"1rn79fk\" data-start=\"1756\" data-end=\"1793\">\n<p data-start=\"1758\" data-end=\"1793\">paleta elektroniki do odsprzeda\u017cy<\/p>\n<\/li>\n<li data-section-id=\"t6hkg6\" data-start=\"1794\" data-end=\"1836\">\n<p data-start=\"1796\" data-end=\"1836\">baza produkt\u00f3w do sklepu internetowego<\/p>\n<\/li>\n<li data-section-id=\"1bla79k\" data-start=\"1837\" data-end=\"1884\">\n<p data-start=\"1839\" data-end=\"1884\">oferta para mayoristas y minoristas<\/p>\n<\/li>\n<\/ul>\n<p data-start=\"1886\" data-end=\"1950\">Du\u017cy udzia\u0142 elektroniki zwi\u0119ksza szanse na szybki obr\u00f3t towarem.<\/p>\n<h2 data-section-id=\"gfj1y1\" data-start=\"1957\" data-end=\"1970\">\ud83d\ude9a Entrega<\/h2>\n<ul data-start=\"1972\" data-end=\"2057\">\n<li data-section-id=\"1j548yy\" data-start=\"1972\" data-end=\"2004\">\n<p data-start=\"1974\" data-end=\"2004\">env\u00edo desde almac\u00e9n en Europa<\/p>\n<\/li>\n<li data-section-id=\"wz2p5c\" data-start=\"2005\" data-end=\"2026\">\n<p data-start=\"2007\" data-end=\"2026\">r\u00e1pida aplicaci\u00f3n<\/p>\n<\/li>\n<li data-section-id=\"1j8kcmu\" data-start=\"2027\" data-end=\"2057\">\n<p data-start=\"2029\" data-end=\"2057\">bezpieczne pakowanie palet<\/p>\n<\/li>\n<\/ul>\n<h2 data-section-id=\"opmkg3\" data-start=\"2064\" data-end=\"2090\">\u2139\ufe0f Informaci\u00f3n adicional<\/h2>\n<ul data-start=\"2092\" data-end=\"2266\">\n<li data-section-id=\"oo8lin\" data-start=\"2092\" data-end=\"2131\">\n<p data-start=\"2094\" data-end=\"2131\">Productos sin clasificar (Devoluciones de Amazon)<\/p>\n<\/li>\n<li data-section-id=\"1tr3r5o\" data-start=\"2132\" data-end=\"2161\">\n<p data-start=\"2134\" data-end=\"2161\">sin pruebas de producto<\/p>\n<\/li>\n<li data-section-id=\"iag8fx\" data-start=\"2162\" data-end=\"2201\">\n<p data-start=\"2164\" data-end=\"2201\">posible mezcla de Clase C (hasta 5-7%)<\/p>\n<\/li>\n<li data-section-id=\"zia6d9\" data-start=\"2202\" data-end=\"2234\">\n<p data-start=\"2204\" data-end=\"2234\">cada pal\u00e9 embalado aleatoriamente<\/p>\n<\/li>\n<li data-section-id=\"1qenv5x\" data-start=\"2235\" data-end=\"2266\">\n<p data-start=\"2237\" data-end=\"2266\">sin lista fija de productos<\/p>\n<\/li>\n<\/ul>\n<h2 data-section-id=\"1915pio\" data-start=\"2273\" data-end=\"2295\">\ud83d\udcf8 Fotos del producto<\/h2>\n<p data-start=\"2297\" data-end=\"2374\">Zdj\u0119cia przedstawiaj\u0105 przyk\u0142adowy mix elektroniki i maj\u0105 charakter pogl\u0105dowy.<\/p>","protected":false},"excerpt":{"rendered":"<p class=\"p1\">\u26a1 Oko\u0142o 100% elektroniki<\/p>\n<p class=\"p1\">\ud83c\uddea\ud83c\uddfa EU<\/p>\n<p class=\"p1\">\ud83d\udd25 Amazon Returns Premium<\/p>\n<p class=\"p1\" style=\"text-align: left;\">\u2714\ufe0f Jako\u015b\u0107 A\u2013B<\/p>","protected":false},"featured_media":50482,"comment_status":"open","ping_status":"closed","template":"","meta":{"_acf_changed":false},"product_brand":[],"product_cat":[1258,1281],"product_tag":[1274],"class_list":{"0":"post-50473","1":"product","2":"type-product","3":"status-publish","4":"has-post-thumbnail","6":"product_cat-amazon-paleta","7":"product_cat-premium-mix-elektroniki-eu-amazon-returns-ab","8":"product_tag-paleta-mix-elektroniki-z-europy","10":"first","11":"instock","12":"sold-individually","13":"taxable","14":"shipping-taxable","15":"purchasable","16":"product-type-simple"},"acf":[],"_links":{"self":[{"href":"https:\/\/stockify24.pl\/es\/wp-json\/wp\/v2\/product\/50473","targetHints":{"allow":["GET"]}}],"collection":[{"href":"https:\/\/stockify24.pl\/es\/wp-json\/wp\/v2\/product"}],"about":[{"href":"https:\/\/stockify24.pl\/es\/wp-json\/wp\/v2\/types\/product"}],"replies":[{"embeddable":true,"href":"https:\/\/stockify24.pl\/es\/wp-json\/wp\/v2\/comments?post=50473"}],"wp:featuredmedia":[{"embeddable":true,"href":"https:\/\/stockify24.pl\/es\/wp-json\/wp\/v2\/media\/50482"}],"wp:attachment":[{"href":"https:\/\/stockify24.pl\/es\/wp-json\/wp\/v2\/media?parent=50473"}],"wp:term":[{"taxonomy":"product_brand","embeddable":true,"href":"https:\/\/stockify24.pl\/es\/wp-json\/wp\/v2\/product_brand?post=50473"},{"taxonomy":"product_cat","embeddable":true,"href":"https:\/\/stockify24.pl\/es\/wp-json\/wp\/v2\/product_cat?post=50473"},{"taxonomy":"product_tag","embeddable":true,"href":"https:\/\/stockify24.pl\/es\/wp-json\/wp\/v2\/product_tag?post=50473"}],"curies":[{"name":"wp","href":"https:\/\/api.w.org\/{rel}","templated":true}]}}