{"id":50476,"date":"2026-03-20T10:58:34","date_gmt":"2026-03-20T09:58:34","guid":{"rendered":"https:\/\/stockify24.pl\/?post_type=product&#038;p=50476"},"modified":"2026-03-30T12:13:27","modified_gmt":"2026-03-30T11:13:27","slug":"paleta-elektroniki-z-europy-eu-a-b-1","status":"publish","type":"product","link":"https:\/\/stockify24.pl\/es\/producto\/paleta-elektroniki-z-europy-eu-a-b-1\/","title":{"rendered":"Pal\u00e9 de electr\u00f3nica desde Europa (UE) - AMAZON PREMIUM, A-B"},"content":{"rendered":"<h2 data-section-id=\"5crxv9\" data-start=\"136\" data-end=\"196\">\ud83d\udce6 Paleta de electr\u00f3nica de Europa (UE) - AMAZON PREMIUM, A-B<\/h2>\n<p data-start=\"198\" data-end=\"380\">Paleta elektroniki z Europy (EU) AMAZON PREMIUM to oferta dla e-commerce, sprzeda\u017cy hurtowej oraz reseller\u00f3w, kt\u00f3rzy chc\u0105 pracowa\u0107 na elektronice z wysokim popytem i szybkim obrotem.<\/p>\n<p data-start=\"382\" data-end=\"572\">Towar pochodzi ze zwrot\u00f3w konsumenckich Amazon (Amazon Returns). Oko\u0142o <strong data-start=\"453\" data-end=\"507\">98% zawarto\u015bci palety stanowi elektronika u\u017cytkowa<\/strong>, co zwi\u0119ksza atrakcyjno\u015b\u0107 produktu i jego potencja\u0142 sprzeda\u017cowy.<\/p>\n<p data-start=\"574\" data-end=\"682\">Ka\u017cda paleta jest niesortowana i wysy\u0142ana losowo \u2014 sk\u0142ad nie jest powtarzalny i zale\u017cy od aktualnej dostawy.<\/p>\n<p data-start=\"574\" data-end=\"682\">Todos los modelos de pal\u00e9s de Amazon <a href=\"https:\/\/stockify24.pl\/es\/sklep\/\"><strong>aqu\u00ed<\/strong>.<\/a><\/p>\n<h2 data-section-id=\"w7msci\" data-start=\"689\" data-end=\"730\">\ud83d\udd0c Co zawiera paleta \u2013 mix elektroniki<\/h2>\n<p data-start=\"732\" data-end=\"798\">W zestawie znajduj\u0105 si\u0119 r\u00f3\u017cne produkty elektroniczne, najcz\u0119\u015bciej:<\/p>\n<ul data-start=\"800\" data-end=\"1010\">\n<li data-section-id=\"admbw2\" data-start=\"800\" data-end=\"827\">\n<p data-start=\"802\" data-end=\"827\">auriculares inal\u00e1mbricos<\/p>\n<\/li>\n<li data-section-id=\"af8joy\" data-start=\"828\" data-end=\"861\">\n<p data-start=\"830\" data-end=\"861\">cargadores, powerbanks y cables<\/p>\n<\/li>\n<li data-section-id=\"2cko63\" data-start=\"862\" data-end=\"879\">\n<p data-start=\"864\" data-end=\"879\">Accesorios GSM<\/p>\n<\/li>\n<li data-section-id=\"129ryor\" data-start=\"880\" data-end=\"905\">\n<p data-start=\"882\" data-end=\"905\">dispositivos dom\u00e9sticos inteligentes<\/p>\n<\/li>\n<li data-section-id=\"10cgs2s\" data-start=\"906\" data-end=\"929\">\n<p data-start=\"908\" data-end=\"929\">ma\u0142e urz\u0105dzenia AGD<\/p>\n<\/li>\n<li data-section-id=\"i0l57x\" data-start=\"930\" data-end=\"968\">\n<p data-start=\"932\" data-end=\"968\">mandos y aparatos electr\u00f3nicos<\/p>\n<\/li>\n<li data-section-id=\"dco69a\" data-start=\"969\" data-end=\"1010\">\n<p data-start=\"971\" data-end=\"1010\">inne produkty z kategorii elektroniki<\/p>\n<\/li>\n<\/ul>\n<p data-start=\"1012\" data-end=\"1066\">La electr\u00f3nica representa alrededor del <strong data-start=\"1041\" data-end=\"1066\">98% zawarto\u015bci palety<\/strong><\/p>\n<h2 data-section-id=\"1f8ysg2\" data-start=\"1073\" data-end=\"1105\">\ud83c\udd70\ufe0f\ud83c\udd71\ufe0f Standard jako\u015bci \u2013 A\u2013B<\/h2>\n<p data-start=\"1107\" data-end=\"1145\">Paleta obejmuje produkty w klasie A\u2013B:<\/p>\n<ul data-start=\"1147\" data-end=\"1281\">\n<li data-section-id=\"1krq1a5\" data-start=\"1147\" data-end=\"1200\">\n<p data-start=\"1149\" data-end=\"1200\">dominuj\u0105 produkty nowe lub w bardzo dobrym stanie<\/p>\n<\/li>\n<li data-section-id=\"1l5huug\" data-start=\"1201\" data-end=\"1241\">\n<p data-start=\"1203\" data-end=\"1241\">ligeras huellas de uso posibles<\/p>\n<\/li>\n<li data-section-id=\"iag8fx\" data-start=\"1242\" data-end=\"1281\">\n<p data-start=\"1244\" data-end=\"1281\">posible mezcla de Clase C (hasta 5-7%)<\/p>\n<\/li>\n<\/ul>\n<p data-start=\"1283\" data-end=\"1354\">Towar nie jest testowany \u2014 s\u0105 to oryginalne zwroty konsumenckie Amazon.<\/p>\n<h2 data-section-id=\"1dsek5o\" data-start=\"1361\" data-end=\"1386\">\ud83d\udcd0 Especificaci\u00f3n de la paleta<\/h2>\n<ul data-start=\"1388\" data-end=\"1508\">\n<li data-section-id=\"lkouhz\" data-start=\"1388\" data-end=\"1412\">\n<p data-start=\"1390\" data-end=\"1412\">altitud: <strong data-start=\"1400\" data-end=\"1410\">1 metro<\/strong><\/p>\n<\/li>\n<li data-section-id=\"1ekcd3m\" data-start=\"1413\" data-end=\"1454\">\n<p data-start=\"1415\" data-end=\"1454\">liczba produkt\u00f3w: <strong data-start=\"1433\" data-end=\"1452\">aprox. 30-45 piezas<\/strong><\/p>\n<\/li>\n<li data-section-id=\"12vhqkz\" data-start=\"1455\" data-end=\"1481\">\n<p data-start=\"1457\" data-end=\"1481\">surtido: <strong data-start=\"1469\" data-end=\"1479\">al azar<\/strong><\/p>\n<\/li>\n<li data-section-id=\"dhswn8\" data-start=\"1482\" data-end=\"1508\">\n<p data-start=\"1484\" data-end=\"1508\">cada paleta: <strong data-start=\"1498\" data-end=\"1506\">otros<\/strong><\/p>\n<\/li>\n<\/ul>\n<p data-start=\"1510\" data-end=\"1554\">Zawarto\u015b\u0107 zale\u017cy od bie\u017c\u0105cej partii dostawy.<\/p>\n<h2 data-section-id=\"18ipwxx\" data-start=\"1561\" data-end=\"1596\">\ud83d\udcbc Do czego nadaje si\u0119 ta paleta<\/h2>\n<p data-start=\"1598\" data-end=\"1650\">Mix elektroniki AMAZON PREMIUM EU sprawdza si\u0119 jako:<\/p>\n<ul data-start=\"1652\" data-end=\"1828\">\n<li data-section-id=\"1nciuj\" data-start=\"1652\" data-end=\"1695\">\n<p data-start=\"1654\" data-end=\"1695\">towar do sprzeda\u017cy online i marketplace (<a style=\"font-family: -apple-system, BlinkMacSystemFont, &#039;Segoe UI&#039;, Roboto, &#039;Helvetica Neue&#039;, Arial, &#039;Noto Sans&#039;, sans-serif, &#039;Apple Color Emoji&#039;, &#039;Segoe UI Emoji&#039;, &#039;Segoe UI Symbol&#039;, &#039;Noto Color Emoji&#039;;\" href=\"https:\/\/allegro.pl\/\" target=\"_blank\" rel=\"noopener\">Allegro<\/a><span style=\"font-family: -apple-system, BlinkMacSystemFont, 'Segoe UI', Roboto, 'Helvetica Neue', Arial, 'Noto Sans', sans-serif, 'Apple Color Emoji', 'Segoe UI Emoji', 'Segoe UI Symbol', 'Noto Color Emoji';\">, <\/span><a style=\"font-family: -apple-system, BlinkMacSystemFont, &#039;Segoe UI&#039;, Roboto, &#039;Helvetica Neue&#039;, Arial, &#039;Noto Sans&#039;, sans-serif, &#039;Apple Color Emoji&#039;, &#039;Segoe UI Emoji&#039;, &#039;Segoe UI Symbol&#039;, &#039;Noto Color Emoji&#039;;\" href=\"https:\/\/www.olx.pl\/\" target=\"_blank\" rel=\"noopener\">OLX<\/a><span style=\"font-family: -apple-system, BlinkMacSystemFont, 'Segoe UI', Roboto, 'Helvetica Neue', Arial, 'Noto Sans', sans-serif, 'Apple Color Emoji', 'Segoe UI Emoji', 'Segoe UI Symbol', 'Noto Color Emoji';\">, <\/span><a style=\"font-family: -apple-system, BlinkMacSystemFont, &#039;Segoe UI&#039;, Roboto, &#039;Helvetica Neue&#039;, Arial, &#039;Noto Sans&#039;, sans-serif, &#039;Apple Color Emoji&#039;, &#039;Segoe UI Emoji&#039;, &#039;Segoe UI Symbol&#039;, &#039;Noto Color Emoji&#039;;\" href=\"https:\/\/www.ebay.com\/\" target=\"_blank\" rel=\"noopener\">eBay<\/a><span style=\"font-family: -apple-system, BlinkMacSystemFont, 'Segoe UI', Roboto, 'Helvetica Neue', Arial, 'Noto Sans', sans-serif, 'Apple Color Emoji', 'Segoe UI Emoji', 'Segoe UI Symbol', 'Noto Color Emoji';\">, <\/span><a style=\"font-family: -apple-system, BlinkMacSystemFont, &#039;Segoe UI&#039;, Roboto, &#039;Helvetica Neue&#039;, Arial, &#039;Noto Sans&#039;, sans-serif, &#039;Apple Color Emoji&#039;, &#039;Segoe UI Emoji&#039;, &#039;Segoe UI Symbol&#039;, &#039;Noto Color Emoji&#039;;\" href=\"https:\/\/www.amazon.com\/\" target=\"_blank\" rel=\"noopener\">Amazon)<\/a><\/p>\n<\/li>\n<li data-section-id=\"1rn79fk\" data-start=\"1696\" data-end=\"1733\">\n<p data-start=\"1698\" data-end=\"1733\">paleta elektroniki do odsprzeda\u017cy<\/p>\n<\/li>\n<li data-section-id=\"qrll0g\" data-start=\"1734\" data-end=\"1780\">\n<p data-start=\"1736\" data-end=\"1780\">\u017ar\u00f3d\u0142o produkt\u00f3w dla sklep\u00f3w internetowych<\/p>\n<\/li>\n<li data-section-id=\"1bla79k\" data-start=\"1781\" data-end=\"1828\">\n<p data-start=\"1783\" data-end=\"1828\">oferta para mayoristas y minoristas<\/p>\n<\/li>\n<\/ul>\n<p data-start=\"1830\" data-end=\"1909\">La gran proporci\u00f3n de productos electr\u00f3nicos permite venderlos m\u00e1s r\u00e1pidamente y aumentar el volumen de negocio.<\/p>\n<h2 data-section-id=\"gfj1y1\" data-start=\"1916\" data-end=\"1929\">\ud83d\ude9a Entrega<\/h2>\n<ul data-start=\"1931\" data-end=\"2010\">\n<li data-section-id=\"1j548yy\" data-start=\"1931\" data-end=\"1963\">\n<p data-start=\"1933\" data-end=\"1963\">env\u00edo desde almac\u00e9n en Europa<\/p>\n<\/li>\n<li data-section-id=\"wz2p5c\" data-start=\"1964\" data-end=\"1985\">\n<p data-start=\"1966\" data-end=\"1985\">r\u00e1pida aplicaci\u00f3n<\/p>\n<\/li>\n<li data-section-id=\"1qo0dyy\" data-start=\"1986\" data-end=\"2010\">\n<p data-start=\"1988\" data-end=\"2010\">embalaje seguro<\/p>\n<\/li>\n<\/ul>\n<h2 data-section-id=\"opmkg3\" data-start=\"2017\" data-end=\"2043\">\u2139\ufe0f Informaci\u00f3n adicional<\/h2>\n<ul data-start=\"2045\" data-end=\"2219\">\n<li data-section-id=\"oo8lin\" data-start=\"2045\" data-end=\"2084\">\n<p data-start=\"2047\" data-end=\"2084\">Productos sin clasificar (Devoluciones de Amazon)<\/p>\n<\/li>\n<li data-section-id=\"1tr3r5o\" data-start=\"2085\" data-end=\"2114\">\n<p data-start=\"2087\" data-end=\"2114\">sin pruebas de producto<\/p>\n<\/li>\n<li data-section-id=\"iag8fx\" data-start=\"2115\" data-end=\"2154\">\n<p data-start=\"2117\" data-end=\"2154\">posible mezcla de Clase C (hasta 5-7%)<\/p>\n<\/li>\n<li data-section-id=\"zia6d9\" data-start=\"2155\" data-end=\"2187\">\n<p data-start=\"2157\" data-end=\"2187\">cada pal\u00e9 embalado aleatoriamente<\/p>\n<\/li>\n<li data-section-id=\"1qenv5x\" data-start=\"2188\" data-end=\"2219\">\n<p data-start=\"2190\" data-end=\"2219\">sin lista fija de productos<\/p>\n<\/li>\n<\/ul>\n<h2 data-section-id=\"1915pio\" data-start=\"2226\" data-end=\"2248\">\ud83d\udcf8 Fotos del producto<\/h2>\n<p data-start=\"2250\" data-end=\"2327\">Zdj\u0119cia przedstawiaj\u0105 przyk\u0142adowy mix elektroniki i maj\u0105 charakter pogl\u0105dowy.<\/p>","protected":false},"excerpt":{"rendered":"<p class=\"p1\">\u26a1 Oko\u0142o 100% elektroniki<\/p>\n<p class=\"p1\">\ud83c\uddea\ud83c\uddfa EU<\/p>\n<p class=\"p1\">\ud83d\udd25 Amazon Returns Premium<\/p>\n<p class=\"p1\" style=\"text-align: left;\">\u2714\ufe0f Jako\u015b\u0107 A\u2013B<\/p>","protected":false},"featured_media":50062,"comment_status":"open","ping_status":"closed","template":"","meta":{"_acf_changed":false},"product_brand":[],"product_cat":[1258,1281],"product_tag":[1274],"class_list":{"0":"post-50476","1":"product","2":"type-product","3":"status-publish","4":"has-post-thumbnail","6":"product_cat-amazon-paleta","7":"product_cat-premium-mix-elektroniki-eu-amazon-returns-ab","8":"product_tag-paleta-mix-elektroniki-z-europy","10":"first","11":"instock","12":"sold-individually","13":"taxable","14":"shipping-taxable","15":"purchasable","16":"product-type-simple"},"acf":[],"_links":{"self":[{"href":"https:\/\/stockify24.pl\/es\/wp-json\/wp\/v2\/product\/50476","targetHints":{"allow":["GET"]}}],"collection":[{"href":"https:\/\/stockify24.pl\/es\/wp-json\/wp\/v2\/product"}],"about":[{"href":"https:\/\/stockify24.pl\/es\/wp-json\/wp\/v2\/types\/product"}],"replies":[{"embeddable":true,"href":"https:\/\/stockify24.pl\/es\/wp-json\/wp\/v2\/comments?post=50476"}],"wp:featuredmedia":[{"embeddable":true,"href":"https:\/\/stockify24.pl\/es\/wp-json\/wp\/v2\/media\/50062"}],"wp:attachment":[{"href":"https:\/\/stockify24.pl\/es\/wp-json\/wp\/v2\/media?parent=50476"}],"wp:term":[{"taxonomy":"product_brand","embeddable":true,"href":"https:\/\/stockify24.pl\/es\/wp-json\/wp\/v2\/product_brand?post=50476"},{"taxonomy":"product_cat","embeddable":true,"href":"https:\/\/stockify24.pl\/es\/wp-json\/wp\/v2\/product_cat?post=50476"},{"taxonomy":"product_tag","embeddable":true,"href":"https:\/\/stockify24.pl\/es\/wp-json\/wp\/v2\/product_tag?post=50476"}],"curies":[{"name":"wp","href":"https:\/\/api.w.org\/{rel}","templated":true}]}}