{"id":50478,"date":"2026-03-20T11:09:09","date_gmt":"2026-03-20T10:09:09","guid":{"rendered":"https:\/\/stockify24.pl\/?post_type=product&#038;p=50478"},"modified":"2026-03-30T12:15:25","modified_gmt":"2026-03-30T11:15:25","slug":"paleta-elektroniki-z-europy-eu-amazon-premium-klasa-a-b","status":"publish","type":"product","link":"https:\/\/stockify24.pl\/es\/producto\/paleta-elektroniki-z-europy-eu-amazon-premium-klasa-a-b\/","title":{"rendered":"Pal\u00e9 para electr\u00f3nica procedente de Europa (UE) - AMAZON PREMIUM Clase A-B"},"content":{"rendered":"<h2 data-section-id=\"1l5ou1c\" data-start=\"2193\" data-end=\"2256\">\ud83d\udce6 Paleta elektroniki z Europy (EU) \u2013 AMAZON PREMIUM, klasa A\u2013B<\/h2>\n<p data-start=\"2258\" data-end=\"2388\">Mix elektroniki AMAZON PREMIUM EU to \u017ar\u00f3d\u0142o towaru dla e-commerce i reseller\u00f3w, kt\u00f3rzy chc\u0105 sprzedawa\u0107 produkty o wysokim popycie.<\/p>\n<p data-start=\"2390\" data-end=\"2505\">Palety zawieraj\u0105 niesortowane zwroty konsumenckie Amazon, gdzie elektronika stanowi oko\u0142o <strong data-start=\"2480\" data-end=\"2504\">98% ca\u0142ej zawarto\u015bci<\/strong>.<\/p>\n<p data-start=\"2507\" data-end=\"2580\">Zmienny sk\u0142ad palety pozwala budowa\u0107 szerok\u0105 ofert\u0119 i zwi\u0119ksza\u0107 sprzeda\u017c.<\/p>\n<p data-start=\"3557\" data-end=\"3632\">El env\u00edo es aleatorio: cada pal\u00e9 es un conjunto \u00fanico de productos.<\/p>\n<h2 data-section-id=\"110narz\" data-start=\"2582\" data-end=\"2598\">\ud83d\udd0c Zawarto\u015b\u0107<\/h2>\n<p data-start=\"955\" data-end=\"1109\"><strong data-start=\"955\" data-end=\"986\">Mezcla de productos electr\u00f3nicos de la UE Europa<\/strong> obejmuje produkty z kategorii elektroniki u\u017cytkowej oraz akcesori\u00f3w mobilnych. Na palecie znajduje si\u0119 oko\u0142o <strong data-start=\"762\" data-end=\"797\">30\u201345 produkt\u00f3w elektronicznych<\/strong>, incluyendo:<\/p>\n<ul>\n<li data-section-id=\"admbw2\" data-start=\"1111\" data-end=\"1138\">\n<p data-start=\"1113\" data-end=\"1138\">auriculares inal\u00e1mbricos<\/p>\n<\/li>\n<li data-section-id=\"1bohi34\" data-start=\"1139\" data-end=\"1168\">\n<p data-start=\"1141\" data-end=\"1168\">cargadores y powerbanks<\/p>\n<\/li>\n<li data-section-id=\"2cko63\" data-start=\"1169\" data-end=\"1186\">\n<p data-start=\"1171\" data-end=\"1186\">Accesorios GSM<\/p>\n<\/li>\n<li data-section-id=\"r5wtn7\" data-start=\"1187\" data-end=\"1217\">\n<p data-start=\"1189\" data-end=\"1217\">dispositivos dom\u00e9sticos inteligentes<\/p>\n<\/li>\n<li data-section-id=\"1mvb28j\" data-start=\"1218\" data-end=\"1285\">\n<p data-start=\"1220\" data-end=\"1285\">peque\u00f1os electrodom\u00e9sticos (por ejemplo, secadores de pelo, masajeadores y otros aparatos)<\/p>\n<\/li>\n<li data-section-id=\"31a3fm\" data-start=\"1286\" data-end=\"1327\">\n<p data-start=\"1288\" data-end=\"1327\">mandos y aparatos electr\u00f3nicos<\/p>\n<\/li>\n<li data-section-id=\"4egyp1\" data-start=\"1328\" data-end=\"1359\">\n<p data-start=\"1330\" data-end=\"1359\">otros productos electr\u00f3nicos<\/p>\n<\/li>\n<\/ul>\n<p><img decoding=\"async\" class=\"emoji\" role=\"img\" draggable=\"false\" src=\"https:\/\/s.w.org\/images\/core\/emoji\/17.0.2\/svg\/1f4ca.svg\" alt=\"\ud83d\udcca\" \/>\u00a0Udzia\u0142 elektroniki wynosi oko\u0142o\u00a0<strong data-start=\"1396\" data-end=\"1424\">Contenido del pal\u00e9 70-80%<\/strong>, lo que implica centrarse en el segmento de la electr\u00f3nica.<\/p>\n<h2 data-section-id=\"1htc5ot\" data-start=\"1482\" data-end=\"1532\"><img decoding=\"async\" class=\"emoji\" role=\"img\" draggable=\"false\" src=\"https:\/\/s.w.org\/images\/core\/emoji\/17.0.2\/svg\/1f170.svg\" alt=\"\ud83c\udd70\ufe0f\" \/><img decoding=\"async\" class=\"emoji\" role=\"img\" draggable=\"false\" src=\"https:\/\/s.w.org\/images\/core\/emoji\/17.0.2\/svg\/1f171.svg\" alt=\"\ud83c\udd71\ufe0f\" \/> Jako\u015b\u0107 \u2013 paleta elektroniki z Europy (EU)<\/h2>\n<p data-start=\"1534\" data-end=\"1633\">Se ofrece\u00a0<strong data-start=\"1544\" data-end=\"1575\">mezcla de electr\u00f3nica de la UE Europa<\/strong>\u00a0incluye productos de la categor\u00eda de calidad\u00a0<strong data-start=\"1613\" data-end=\"1620\">A-B<\/strong>, lo que significa:<\/p>\n<ul data-start=\"1635\" data-end=\"1804\">\n<li data-section-id=\"v9mic9\" data-start=\"1635\" data-end=\"1691\">\n<p data-start=\"1637\" data-end=\"1691\">ventaja de los productos nuevos o en muy buen estado<\/p>\n<\/li>\n<li data-section-id=\"1l5huug\" data-start=\"1692\" data-end=\"1732\">\n<p data-start=\"1694\" data-end=\"1732\">ligeras huellas de uso posibles<\/p>\n<\/li>\n<li data-section-id=\"1en3z4q\" data-start=\"1733\" data-end=\"1804\">\n<p data-start=\"1735\" data-end=\"1804\">aditivo de clase C permitido pero no garantizado (hasta aproximadamente 5-7%)<\/p>\n<\/li>\n<\/ul>\n<p data-start=\"1806\" data-end=\"1913\">Esta estructura de calidad mantiene una relaci\u00f3n adecuada entre el precio de compra y el valor potencial de venta.<\/p>\n<h2 data-start=\"1806\" data-end=\"1913\"><img decoding=\"async\" class=\"emoji\" style=\"background-color: #ffffff; font-family: -apple-system, BlinkMacSystemFont, 'Segoe UI', Roboto, 'Helvetica Neue', Arial, 'Noto Sans', sans-serif, 'Apple Color Emoji', 'Segoe UI Emoji', 'Segoe UI Symbol', 'Noto Color Emoji';\" role=\"img\" draggable=\"false\" src=\"https:\/\/s.w.org\/images\/core\/emoji\/17.0.2\/svg\/1f4bc.svg\" alt=\"\ud83d\udcbc\" \/><span style=\"font-family: -apple-system, BlinkMacSystemFont, 'Segoe UI', Roboto, 'Helvetica Neue', Arial, 'Noto Sans', sans-serif, 'Apple Color Emoji', 'Segoe UI Emoji', 'Segoe UI Symbol', 'Noto Color Emoji';\">\u00a0Dlaczego warto wybra\u0107 mix elektroniki z Europy EU<\/span><\/h2>\n<p data-start=\"2303\" data-end=\"2371\">La compra de un producto como\u00a0<strong data-start=\"2329\" data-end=\"2360\">paleta elektroniki z Europy EU<\/strong>\u00a0permite:<\/p>\n<ul data-start=\"2373\" data-end=\"2661\">\n<li data-section-id=\"d6n9ym\" data-start=\"2373\" data-end=\"2421\">\n<p data-start=\"2375\" data-end=\"2421\">acceso a bienes a un precio inferior al de mercado<\/p>\n<\/li>\n<li data-section-id=\"13qq7xx\" data-start=\"2422\" data-end=\"2476\">\n<p data-start=\"2424\" data-end=\"2476\">obtener un amplio surtido en una sola entrega<\/p>\n<\/li>\n<li data-section-id=\"v2np6n\" data-start=\"2477\" data-end=\"2544\">\n<p data-start=\"2479\" data-end=\"2544\">aumentar el potencial de ventas mediante la diversidad de productos<\/p>\n<\/li>\n<li data-section-id=\"22aq9j\" data-start=\"2545\" data-end=\"2609\">\n<p data-start=\"2547\" data-end=\"2609\">pruebas de diferentes categor\u00edas sin un gran desembolso financiero<\/p>\n<\/li>\n<li data-section-id=\"ssfc0t\" data-start=\"2610\" data-end=\"2661\">\n<p data-start=\"2612\" data-end=\"2661\">desarrollo de las ventas en los canales en l\u00ednea y fuera de l\u00ednea<\/p>\n<\/li>\n<\/ul>\n<p data-start=\"2663\" data-end=\"2843\">Los pal\u00e9s proceden de devoluciones de consumidores y excedentes de existencias. Cada\u00a0<strong data-start=\"2738\" data-end=\"2769\">mezcla de electr\u00f3nica de la UE Europa<\/strong>\u00a0incluye un conjunto \u00fanico de productos adaptados a distintos modelos de venta.<\/p>\n<h2 data-section-id=\"hfboyg\" data-start=\"1920\" data-end=\"1976\"><img decoding=\"async\" class=\"emoji\" role=\"img\" draggable=\"false\" src=\"https:\/\/s.w.org\/images\/core\/emoji\/17.0.2\/svg\/1f4d0.svg\" alt=\"\ud83d\udcd0\" \/> Parametry techniczne \u2013 paleta elektroniki z Europy EU<\/h2>\n<ul data-start=\"1978\" data-end=\"2123\">\n<li data-section-id=\"rckeqa\" data-start=\"1978\" data-end=\"2009\">\n<p data-start=\"1980\" data-end=\"2009\">altura de la paleta:\u00a0<strong data-start=\"1997\" data-end=\"2007\">1 metro<\/strong><\/p>\n<\/li>\n<li data-section-id=\"oz499p\" data-start=\"2043\" data-end=\"2079\">\n<p data-start=\"2045\" data-end=\"2079\">surtido aleatorio y variado<\/p>\n<\/li>\n<li data-section-id=\"15fvv3b\" data-start=\"2080\" data-end=\"2123\">\n<p data-start=\"2082\" data-end=\"2123\">cada paleta tiene una composici\u00f3n individual<\/p>\n<\/li>\n<\/ul>\n<p data-start=\"2125\" data-end=\"2239\"><strong data-start=\"2125\" data-end=\"2156\">Mezcla de productos electr\u00f3nicos de la UE Europa<\/strong>\u00a0no tiene una lista fija de productos: el contenido depende del lote de entrega actual.<\/p>\n<h2 data-section-id=\"8u5ilv\" data-start=\"2850\" data-end=\"2893\"><img decoding=\"async\" class=\"emoji\" role=\"img\" draggable=\"false\" src=\"https:\/\/s.w.org\/images\/core\/emoji\/17.0.2\/svg\/1f69a.svg\" alt=\"\ud83d\ude9a\" \/>\u00a0Dostawa \u2013 mix elektroniki z Europy EU<\/h2>\n<ul data-start=\"2895\" data-end=\"2966\">\n<li data-section-id=\"1io1mk2\" data-start=\"2895\" data-end=\"2934\">\n<p data-start=\"2897\" data-end=\"2934\">env\u00edo r\u00e1pido desde un almac\u00e9n en Europa<\/p>\n<\/li>\n<li data-section-id=\"1w7s4ii\" data-start=\"2935\" data-end=\"2966\">\n<p data-start=\"2937\" data-end=\"2966\">tramitaci\u00f3n eficaz de los pedidos<\/p>\n<\/li>\n<\/ul>\n<h2 data-section-id=\"opmkg3\" data-start=\"2973\" data-end=\"2999\"><img decoding=\"async\" class=\"emoji\" role=\"img\" draggable=\"false\" src=\"https:\/\/s.w.org\/images\/core\/emoji\/17.0.2\/svg\/2139.svg\" alt=\"\u2139\ufe0f\" \/>\u00a0Informaci\u00f3n adicional<\/h2>\n<p data-start=\"3001\" data-end=\"3102\">Los productos no se prueban individualmente.<br data-start=\"3037\" data-end=\"3040\" \/>Posible mezcla menor (hasta aproximadamente 5-7%) de productos de grado C.<\/p>\n<h2 data-section-id=\"1nzb8um\" data-start=\"2048\" data-end=\"2088\">\ud83d\udcbc Uso en el comercio electr\u00f3nico y el comercio<\/h2>\n<p data-start=\"2090\" data-end=\"2179\">La paleta de productos electr\u00f3nicos de Amazon funciona bien con modelos de venta por volumen y rotaci\u00f3n:<\/p>\n<ul data-start=\"2181\" data-end=\"2344\">\n<li data-section-id=\"1c1wa51\" data-start=\"2181\" data-end=\"2224\">venta en <a href=\"https:\/\/allegro.pl\/\" target=\"_blank\" rel=\"noopener\">Allegro<\/a>, <a href=\"https:\/\/www.olx.pl\/\" target=\"_blank\" rel=\"noopener\">OLX<\/a>, <a href=\"https:\/\/www.ebay.com\/\" target=\"_blank\" rel=\"noopener\">eBay<\/a>, <a href=\"https:\/\/www.amazon.com\/\" target=\"_blank\" rel=\"noopener\">Amazon<\/a><\/li>\n<li data-section-id=\"1fmpn86\" data-start=\"2225\" data-end=\"2247\">tiendas en l\u00ednea<\/li>\n<li data-section-id=\"gynsj7\" data-start=\"2248\" data-end=\"2281\">venta al por menor y al por mayor<\/li>\n<li data-section-id=\"161gjv4\" data-start=\"2282\" data-end=\"2320\">desarrollo de un almac\u00e9n de productos propios<\/li>\n<li data-section-id=\"1fuo8gv\" data-start=\"2321\" data-end=\"2344\">ampliaci\u00f3n de la oferta<\/li>\n<\/ul>\n<p data-start=\"2346\" data-end=\"2462\">Esta soluci\u00f3n permite aumentar el n\u00famero de productos y mejorar el rendimiento de las ventas sin aumentar los costes unitarios.<\/p>\n<h2 data-section-id=\"b7pmy1\" data-start=\"3109\" data-end=\"3171\"><img decoding=\"async\" class=\"emoji\" role=\"img\" draggable=\"false\" src=\"https:\/\/s.w.org\/images\/core\/emoji\/17.0.2\/svg\/1f4f8.svg\" alt=\"\ud83d\udcf8\" \/>\u00a0Przyk\u0142adowe zdj\u0119cia palety \u2013 mix elektroniki z Europy EU<\/h2>\n<p data-start=\"3173\" data-end=\"3311\">Las fotos de ejemplo del pal\u00e9 son meramente ilustrativas y muestran el tipo y la estructura reales de los productos del env\u00edo.<\/p>\n<p data-start=\"3313\" data-end=\"3555\">Cada\u00a0<strong data-start=\"3319\" data-end=\"3350\">mezcla de electr\u00f3nica de la UE Europa<\/strong>\u00a0se embala aleatoriamente, por lo que el contenido de un pal\u00e9 puede diferir de las im\u00e1genes mostradas. Las diferencias se deben a la rotaci\u00f3n de la mercanc\u00eda y a la naturaleza de las entregas, que incluyen devoluciones de consumidores y excedentes de existencias.<\/p>\n<p data-start=\"3557\" data-end=\"3632\">El env\u00edo es aleatorio: cada pal\u00e9 es un conjunto \u00fanico de productos.<\/p>\n<p data-start=\"3557\" data-end=\"3632\">Todos los modelos de pal\u00e9s de Amazon <a href=\"https:\/\/stockify24.pl\/es\/sklep\/\"><strong>aqu\u00ed<\/strong>.<\/a><\/p>","protected":false},"excerpt":{"rendered":"<p class=\"p1\">\u26a1 Oko\u0142o 100% elektroniki<\/p>\n<p class=\"p1\">\ud83c\uddea\ud83c\uddfa EU<\/p>\n<p class=\"p1\">\ud83d\udd25 Amazon Returns Premium<\/p>\n<p class=\"p1\" style=\"text-align: left;\">\u2714\ufe0f Jako\u015b\u0107 A\u2013B<\/p>","protected":false},"featured_media":50479,"comment_status":"open","ping_status":"closed","template":"","meta":{"_acf_changed":false},"product_brand":[],"product_cat":[1258,1281],"product_tag":[1274],"class_list":{"0":"post-50478","1":"product","2":"type-product","3":"status-publish","4":"has-post-thumbnail","6":"product_cat-amazon-paleta","7":"product_cat-premium-mix-elektroniki-eu-amazon-returns-ab","8":"product_tag-paleta-mix-elektroniki-z-europy","10":"first","11":"instock","12":"sold-individually","13":"taxable","14":"shipping-taxable","15":"purchasable","16":"product-type-simple"},"acf":[],"_links":{"self":[{"href":"https:\/\/stockify24.pl\/es\/wp-json\/wp\/v2\/product\/50478","targetHints":{"allow":["GET"]}}],"collection":[{"href":"https:\/\/stockify24.pl\/es\/wp-json\/wp\/v2\/product"}],"about":[{"href":"https:\/\/stockify24.pl\/es\/wp-json\/wp\/v2\/types\/product"}],"replies":[{"embeddable":true,"href":"https:\/\/stockify24.pl\/es\/wp-json\/wp\/v2\/comments?post=50478"}],"wp:featuredmedia":[{"embeddable":true,"href":"https:\/\/stockify24.pl\/es\/wp-json\/wp\/v2\/media\/50479"}],"wp:attachment":[{"href":"https:\/\/stockify24.pl\/es\/wp-json\/wp\/v2\/media?parent=50478"}],"wp:term":[{"taxonomy":"product_brand","embeddable":true,"href":"https:\/\/stockify24.pl\/es\/wp-json\/wp\/v2\/product_brand?post=50478"},{"taxonomy":"product_cat","embeddable":true,"href":"https:\/\/stockify24.pl\/es\/wp-json\/wp\/v2\/product_cat?post=50478"},{"taxonomy":"product_tag","embeddable":true,"href":"https:\/\/stockify24.pl\/es\/wp-json\/wp\/v2\/product_tag?post=50478"}],"curies":[{"name":"wp","href":"https:\/\/api.w.org\/{rel}","templated":true}]}}