{"id":50480,"date":"2026-03-20T11:31:41","date_gmt":"2026-03-20T10:31:41","guid":{"rendered":"https:\/\/stockify24.pl\/?post_type=product&#038;p=50480"},"modified":"2026-03-30T12:24:17","modified_gmt":"2026-03-30T11:24:17","slug":"paleta-elektroniki-z-europy-eu-amazon-premium-a-b-4","status":"publish","type":"product","link":"https:\/\/stockify24.pl\/es\/producto\/paleta-elektroniki-z-europy-eu-amazon-premium-a-b-4\/","title":{"rendered":"Pal\u00e9 de electr\u00f3nica desde Europa (UE) - AMAZON PREMIUM, A-B"},"content":{"rendered":"<h2 data-section-id=\"5crxv9\" data-start=\"132\" data-end=\"192\">\ud83d\udce6 Paleta de electr\u00f3nica de Europa (UE) - AMAZON PREMIUM, A-B<\/h2>\n<p data-start=\"194\" data-end=\"384\"><strong>Electr\u00f3nica mixta de Europa (UE) AMAZON PREMIUM<\/strong> es una oferta para revendedores, tiendas online y mayoristas que quieran vender productos electr\u00f3nicos con un alto volumen de negocio y una demanda estable.<\/p>\n<p data-start=\"386\" data-end=\"567\">El pal\u00e9 contiene devoluciones de consumidores de Amazon (Amazon Returns) sin clasificar. Acerca de <strong data-start=\"465\" data-end=\"512\">El contenido del 98% es electr\u00f3nica de consumo<\/strong>, lo que aumenta el valor de los bienes y facilita su reventa.<\/p>\n<p data-start=\"569\" data-end=\"638\">Cada paleta es aleatoria: no hay repetibilidad ni especificaci\u00f3n fija.<\/p>\n<p data-start=\"569\" data-end=\"638\">Todos los modelos de pal\u00e9s de Amazon <a href=\"https:\/\/stockify24.pl\/es\/sklep\/\"><strong>aqu\u00ed<\/strong>.<\/a><\/p>\n<h2 data-section-id=\"100tucs\" data-start=\"645\" data-end=\"694\">\ud83d\udd0c Contenido de la paleta - electr\u00f3nica para la venta<\/h2>\n<p data-start=\"696\" data-end=\"755\">La paleta incluye una variedad de productos electr\u00f3nicos, entre ellos:<\/p>\n<ul data-start=\"757\" data-end=\"968\">\n<li data-section-id=\"admbw2\" data-start=\"757\" data-end=\"784\">\n<p data-start=\"759\" data-end=\"784\">auriculares inal\u00e1mbricos<\/p>\n<\/li>\n<li data-section-id=\"ip62i3\" data-start=\"785\" data-end=\"821\">\n<p data-start=\"787\" data-end=\"821\">cargadores, powerbanks y cables<\/p>\n<\/li>\n<li data-section-id=\"2cko63\" data-start=\"822\" data-end=\"839\">\n<p data-start=\"824\" data-end=\"839\">Accesorios GSM<\/p>\n<\/li>\n<li data-section-id=\"129ryor\" data-start=\"840\" data-end=\"865\">\n<p data-start=\"842\" data-end=\"865\">dispositivos dom\u00e9sticos inteligentes<\/p>\n<\/li>\n<li data-section-id=\"dys3xd\" data-start=\"866\" data-end=\"878\">\n<p data-start=\"868\" data-end=\"878\">peque\u00f1os electrodom\u00e9sticos<\/p>\n<\/li>\n<li data-section-id=\"x30ali\" data-start=\"879\" data-end=\"916\">\n<p data-start=\"881\" data-end=\"916\">aparatos y accesorios electr\u00f3nicos<\/p>\n<\/li>\n<li data-section-id=\"1ny92u\" data-start=\"917\" data-end=\"968\">\n<p data-start=\"919\" data-end=\"968\">otros productos de la categor\u00eda electr\u00f3nica de consumo<\/p>\n<\/li>\n<\/ul>\n<p data-start=\"970\" data-end=\"1017\">\ud83d\udcca Cuota de electr\u00f3nica: <strong data-start=\"993\" data-end=\"1017\">sobre el contenido 98%<\/strong><\/p>\n<h2 data-section-id=\"bso61a\" data-start=\"1024\" data-end=\"1069\">\ud83c\udd70\ufe0f\ud83c\udd71\ufe0f Calidad - Grado A-B (Devoluciones Amazon)<\/h2>\n<p data-start=\"1071\" data-end=\"1114\">La paleta incluye productos est\u00e1ndar A-B:<\/p>\n<ul data-start=\"1116\" data-end=\"1258\">\n<li data-section-id=\"1ylt7oh\" data-start=\"1116\" data-end=\"1176\">\n<p data-start=\"1118\" data-end=\"1176\">la mayor\u00eda de los productos son nuevos o est\u00e1n en muy buen estado<\/p>\n<\/li>\n<li data-section-id=\"jqrsyy\" data-start=\"1177\" data-end=\"1213\">\n<p data-start=\"1179\" data-end=\"1213\">peque\u00f1os signos de uso posibles<\/p>\n<\/li>\n<li data-section-id=\"11nzhik\" data-start=\"1214\" data-end=\"1258\">\n<p data-start=\"1216\" data-end=\"1258\">Se permite el aditivo de clase C (hasta 5-7%)<\/p>\n<\/li>\n<\/ul>\n<p data-start=\"1260\" data-end=\"1327\">Los productos no han sido probados y proceden directamente de devoluciones de Amazon.<\/p>\n<h2 data-section-id=\"fo6i20\" data-start=\"1334\" data-end=\"1356\">\ud83d\udcd0 Par\u00e1metros de la paleta<\/h2>\n<ul data-start=\"1358\" data-end=\"1498\">\n<li data-section-id=\"lkouhz\" data-start=\"1358\" data-end=\"1382\">\n<p data-start=\"1360\" data-end=\"1382\">altitud: <strong data-start=\"1370\" data-end=\"1380\">1 metro<\/strong><\/p>\n<\/li>\n<li data-section-id=\"6653iz\" data-start=\"1383\" data-end=\"1423\">\n<p data-start=\"1385\" data-end=\"1423\">n\u00famero de productos: <strong data-start=\"1402\" data-end=\"1421\">aprox. 30-45 piezas<\/strong><\/p>\n<\/li>\n<li data-section-id=\"ut13h4\" data-start=\"1424\" data-end=\"1460\">\n<p data-start=\"1426\" data-end=\"1460\">surtido: <strong data-start=\"1438\" data-end=\"1458\">aleatorio y variable<\/strong><\/p>\n<\/li>\n<li data-section-id=\"1s5z1oh\" data-start=\"1461\" data-end=\"1498\">\n<p data-start=\"1463\" data-end=\"1498\">cada paleta: <strong data-start=\"1477\" data-end=\"1496\">conjunto \u00fanico<\/strong><\/p>\n<\/li>\n<\/ul>\n<p data-start=\"1500\" data-end=\"1537\">El contenido depende de la entrega actual.<\/p>\n<h2 data-section-id=\"5ow4ck\" data-start=\"1544\" data-end=\"1598\">\ud83d\udcbc Aplicaci\u00f3n - paleta electr\u00f3nica para reventa.<\/h2>\n<p data-start=\"1600\" data-end=\"1652\">La paleta AMAZON PREMIUM EU puede utilizarse como:<\/p>\n<ul data-start=\"1654\" data-end=\"1818\">\n<li data-section-id=\"1qlsqin\" data-start=\"1654\" data-end=\"1691\">\n<p data-start=\"1656\" data-end=\"1691\">towar do e-commerce i marketplace (<a style=\"font-family: -apple-system, BlinkMacSystemFont, &#039;Segoe UI&#039;, Roboto, &#039;Helvetica Neue&#039;, Arial, &#039;Noto Sans&#039;, sans-serif, &#039;Apple Color Emoji&#039;, &#039;Segoe UI Emoji&#039;, &#039;Segoe UI Symbol&#039;, &#039;Noto Color Emoji&#039;;\" href=\"https:\/\/allegro.pl\/\" target=\"_blank\" rel=\"noopener\">Allegro<\/a><span style=\"font-family: -apple-system, BlinkMacSystemFont, 'Segoe UI', Roboto, 'Helvetica Neue', Arial, 'Noto Sans', sans-serif, 'Apple Color Emoji', 'Segoe UI Emoji', 'Segoe UI Symbol', 'Noto Color Emoji';\">, <\/span><a style=\"font-family: -apple-system, BlinkMacSystemFont, &#039;Segoe UI&#039;, Roboto, &#039;Helvetica Neue&#039;, Arial, &#039;Noto Sans&#039;, sans-serif, &#039;Apple Color Emoji&#039;, &#039;Segoe UI Emoji&#039;, &#039;Segoe UI Symbol&#039;, &#039;Noto Color Emoji&#039;;\" href=\"https:\/\/www.olx.pl\/\" target=\"_blank\" rel=\"noopener\">OLX<\/a><span style=\"font-family: -apple-system, BlinkMacSystemFont, 'Segoe UI', Roboto, 'Helvetica Neue', Arial, 'Noto Sans', sans-serif, 'Apple Color Emoji', 'Segoe UI Emoji', 'Segoe UI Symbol', 'Noto Color Emoji';\">, <\/span><a style=\"font-family: -apple-system, BlinkMacSystemFont, &#039;Segoe UI&#039;, Roboto, &#039;Helvetica Neue&#039;, Arial, &#039;Noto Sans&#039;, sans-serif, &#039;Apple Color Emoji&#039;, &#039;Segoe UI Emoji&#039;, &#039;Segoe UI Symbol&#039;, &#039;Noto Color Emoji&#039;;\" href=\"https:\/\/www.ebay.com\/\" target=\"_blank\" rel=\"noopener\">eBay<\/a><span style=\"font-family: -apple-system, BlinkMacSystemFont, 'Segoe UI', Roboto, 'Helvetica Neue', Arial, 'Noto Sans', sans-serif, 'Apple Color Emoji', 'Segoe UI Emoji', 'Segoe UI Symbol', 'Noto Color Emoji';\">, <\/span><a style=\"font-family: -apple-system, BlinkMacSystemFont, &#039;Segoe UI&#039;, Roboto, &#039;Helvetica Neue&#039;, Arial, &#039;Noto Sans&#039;, sans-serif, &#039;Apple Color Emoji&#039;, &#039;Segoe UI Emoji&#039;, &#039;Segoe UI Symbol&#039;, &#039;Noto Color Emoji&#039;;\" href=\"https:\/\/www.amazon.com\/\" target=\"_blank\" rel=\"noopener\">Amazon)<\/a><\/p>\n<\/li>\n<li data-section-id=\"11pv0kx\" data-start=\"1692\" data-end=\"1726\">\n<p data-start=\"1694\" data-end=\"1726\">mezcla de productos electr\u00f3nicos para reventa<\/p>\n<\/li>\n<li data-section-id=\"1pmuls4\" data-start=\"1727\" data-end=\"1770\">\n<p data-start=\"1729\" data-end=\"1770\">base de datos de productos para una tienda en l\u00ednea<\/p>\n<\/li>\n<li data-section-id=\"1bla79k\" data-start=\"1771\" data-end=\"1818\">\n<p data-start=\"1773\" data-end=\"1818\">oferta para mayoristas y minoristas<\/p>\n<\/li>\n<\/ul>\n<p data-start=\"1820\" data-end=\"1905\">La elevada proporci\u00f3n de productos electr\u00f3nicos aumenta el ritmo de ventas y permite una rotaci\u00f3n m\u00e1s r\u00e1pida de las mercanc\u00edas.<\/p>\n<h2 data-section-id=\"gfj1y1\" data-start=\"1912\" data-end=\"1925\">\ud83d\ude9a Entrega<\/h2>\n<ul data-start=\"1927\" data-end=\"2031\">\n<li data-section-id=\"1j548yy\" data-start=\"1927\" data-end=\"1959\">\n<p data-start=\"1929\" data-end=\"1959\">env\u00edo desde almac\u00e9n en Europa<\/p>\n<\/li>\n<li data-section-id=\"wz2p5c\" data-start=\"1960\" data-end=\"1981\">\n<p data-start=\"1962\" data-end=\"1981\">r\u00e1pida aplicaci\u00f3n<\/p>\n<\/li>\n<li data-section-id=\"1mz4vo5\" data-start=\"1982\" data-end=\"2031\">\n<p data-start=\"1984\" data-end=\"2031\">preparaci\u00f3n segura del pal\u00e9 para el transporte<\/p>\n<\/li>\n<\/ul>\n<h2 data-section-id=\"opmkg3\" data-start=\"2038\" data-end=\"2064\">\u2139\ufe0f Informaci\u00f3n adicional<\/h2>\n<ul data-start=\"2066\" data-end=\"2240\">\n<li data-section-id=\"oo8lin\" data-start=\"2066\" data-end=\"2105\">\n<p data-start=\"2068\" data-end=\"2105\">Productos sin clasificar (Devoluciones de Amazon)<\/p>\n<\/li>\n<li data-section-id=\"1tr3r5o\" data-start=\"2106\" data-end=\"2135\">\n<p data-start=\"2108\" data-end=\"2135\">sin pruebas de producto<\/p>\n<\/li>\n<li data-section-id=\"iag8fx\" data-start=\"2136\" data-end=\"2175\">\n<p data-start=\"2138\" data-end=\"2175\">posible mezcla de Clase C (hasta 5-7%)<\/p>\n<\/li>\n<li data-section-id=\"zia6d9\" data-start=\"2176\" data-end=\"2208\">\n<p data-start=\"2178\" data-end=\"2208\">cada pal\u00e9 embalado aleatoriamente<\/p>\n<\/li>\n<li data-section-id=\"1qenv5x\" data-start=\"2209\" data-end=\"2240\">\n<p data-start=\"2211\" data-end=\"2240\">sin lista fija de productos<\/p>\n<\/li>\n<\/ul>\n<h2 data-section-id=\"1915pio\" data-start=\"2247\" data-end=\"2269\">\ud83d\udcf8 Fotos del producto<\/h2>\n<p data-start=\"2271\" data-end=\"2357\">Las fotos son ilustrativas y muestran una mezcla de productos electr\u00f3nicos procedentes de Europa.<\/p>","protected":false},"excerpt":{"rendered":"<p class=\"p1\">\u26a1 Oko\u0142o 100% elektroniki<\/p>\n<p class=\"p1\">\ud83c\uddea\ud83c\uddfa EU<\/p>\n<p class=\"p1\">\ud83d\udd25 Amazon Returns Premium<\/p>\n<p class=\"p1\" style=\"text-align: left;\">\u2714\ufe0f Jako\u015b\u0107 A\u2013B<\/p>","protected":false},"featured_media":50481,"comment_status":"open","ping_status":"closed","template":"","meta":{"_acf_changed":false},"product_brand":[],"product_cat":[1258,1281],"product_tag":[1274],"class_list":{"0":"post-50480","1":"product","2":"type-product","3":"status-publish","4":"has-post-thumbnail","6":"product_cat-amazon-paleta","7":"product_cat-premium-mix-elektroniki-eu-amazon-returns-ab","8":"product_tag-paleta-mix-elektroniki-z-europy","10":"first","11":"instock","12":"sold-individually","13":"taxable","14":"shipping-taxable","15":"purchasable","16":"product-type-simple"},"acf":[],"_links":{"self":[{"href":"https:\/\/stockify24.pl\/es\/wp-json\/wp\/v2\/product\/50480","targetHints":{"allow":["GET"]}}],"collection":[{"href":"https:\/\/stockify24.pl\/es\/wp-json\/wp\/v2\/product"}],"about":[{"href":"https:\/\/stockify24.pl\/es\/wp-json\/wp\/v2\/types\/product"}],"replies":[{"embeddable":true,"href":"https:\/\/stockify24.pl\/es\/wp-json\/wp\/v2\/comments?post=50480"}],"wp:featuredmedia":[{"embeddable":true,"href":"https:\/\/stockify24.pl\/es\/wp-json\/wp\/v2\/media\/50481"}],"wp:attachment":[{"href":"https:\/\/stockify24.pl\/es\/wp-json\/wp\/v2\/media?parent=50480"}],"wp:term":[{"taxonomy":"product_brand","embeddable":true,"href":"https:\/\/stockify24.pl\/es\/wp-json\/wp\/v2\/product_brand?post=50480"},{"taxonomy":"product_cat","embeddable":true,"href":"https:\/\/stockify24.pl\/es\/wp-json\/wp\/v2\/product_cat?post=50480"},{"taxonomy":"product_tag","embeddable":true,"href":"https:\/\/stockify24.pl\/es\/wp-json\/wp\/v2\/product_tag?post=50480"}],"curies":[{"name":"wp","href":"https:\/\/api.w.org\/{rel}","templated":true}]}}