{"id":50483,"date":"2026-03-20T12:12:09","date_gmt":"2026-03-20T11:12:09","guid":{"rendered":"https:\/\/stockify24.pl\/?post_type=product&#038;p=50483"},"modified":"2026-03-30T12:25:11","modified_gmt":"2026-03-30T11:25:11","slug":"paleta-elektroniki-z-anglii-uk-mix-a-b","status":"publish","type":"product","link":"https:\/\/stockify24.pl\/es\/producto\/paleta-elektroniki-z-anglii-uk-mix-a-b\/","title":{"rendered":"Pal\u00e9 de electr\u00f3nica procedente de Inglaterra (Reino Unido) - mezcla A-B"},"content":{"rendered":"<h2 data-section-id=\"1fs3luu\" data-start=\"133\" data-end=\"181\">\ud83d\udce6 Paleta electr\u00f3nica de Inglaterra (Reino Unido) - mezcla A-B<\/h2>\n<p data-start=\"183\" data-end=\"358\">Mix elektroniki z Anglii (UK) to oferta dla sprzeda\u017cy hurtowej, e-commerce oraz reseller\u00f3w, kt\u00f3rzy chc\u0105 pracowa\u0107 na elektronice z rynku UK o wysokim popycie i szybkim obrocie.<\/p>\n<p data-start=\"360\" data-end=\"535\">Paleta obejmuje produkty pochodz\u0105ce ze zwrot\u00f3w konsumenckich oraz nadwy\u017cek magazynowych. Pozwala to na zakup towaru w ni\u017cszej cenie i zwi\u0119kszenie mar\u017cy przy dalszej sprzeda\u017cy.<\/p>\n<p data-start=\"537\" data-end=\"668\">Ka\u017cda paleta posiada losowy sk\u0142ad \u2014 brak sta\u0142ej specyfikacji daje szeroki i zr\u00f3\u017cnicowany asortyment dopasowany do r\u00f3\u017cnych klient\u00f3w.<\/p>\n<h2 data-section-id=\"1twme8n\" data-start=\"675\" data-end=\"714\">\ud83d\udd0c Zawarto\u015b\u0107 palety \u2013 elektronika UK<\/h2>\n<p data-start=\"716\" data-end=\"789\">W palecie znajduj\u0105 si\u0119 produkty z kategorii elektroniki u\u017cytkowej, w tym:<\/p>\n<ul data-start=\"791\" data-end=\"1019\">\n<li data-section-id=\"admbw2\" data-start=\"791\" data-end=\"818\">\n<p data-start=\"793\" data-end=\"818\">auriculares inal\u00e1mbricos<\/p>\n<\/li>\n<li data-section-id=\"1tz600j\" data-start=\"819\" data-end=\"866\">\n<p data-start=\"821\" data-end=\"866\">\u0142adowarki, powerbanki i akcesoria zasilania<\/p>\n<\/li>\n<li data-section-id=\"2cko63\" data-start=\"867\" data-end=\"884\">\n<p data-start=\"869\" data-end=\"884\">Accesorios GSM<\/p>\n<\/li>\n<li data-section-id=\"129ryor\" data-start=\"885\" data-end=\"910\">\n<p data-start=\"887\" data-end=\"910\">dispositivos dom\u00e9sticos inteligentes<\/p>\n<\/li>\n<li data-section-id=\"17lzlbi\" data-start=\"911\" data-end=\"948\">\n<p data-start=\"913\" data-end=\"948\">peque\u00f1os electrodom\u00e9sticos (por ejemplo, secadores de pelo, masajeadores)<\/p>\n<\/li>\n<li data-section-id=\"i0l57x\" data-start=\"949\" data-end=\"987\">\n<p data-start=\"951\" data-end=\"987\">mandos y aparatos electr\u00f3nicos<\/p>\n<\/li>\n<li data-section-id=\"4egyp1\" data-start=\"988\" data-end=\"1019\">\n<p data-start=\"990\" data-end=\"1019\">otros productos electr\u00f3nicos<\/p>\n<\/li>\n<\/ul>\n<p data-start=\"1021\" data-end=\"1076\">La electr\u00f3nica representa alrededor del <strong data-start=\"1050\" data-end=\"1076\">Contenido del pal\u00e9 100%<\/strong><\/p>\n<h2 data-section-id=\"r54748\" data-start=\"1083\" data-end=\"1124\">\ud83c\udd70\ufe0f\ud83c\udd71\ufe0f Jako\u015b\u0107 produkt\u00f3w \u2013 standard A\u2013B<\/h2>\n<p data-start=\"1126\" data-end=\"1177\">Mezcla de electr\u00f3nica de Inglaterra (Reino Unido) en medios de clase A-B:<\/p>\n<ul data-start=\"1179\" data-end=\"1338\">\n<li data-section-id=\"1irt2ii\" data-start=\"1179\" data-end=\"1246\">\n<p data-start=\"1181\" data-end=\"1246\">predominio de productos nuevos o en muy buen estado visual<\/p>\n<\/li>\n<li data-section-id=\"1ydnmn3\" data-start=\"1247\" data-end=\"1283\">\n<p data-start=\"1249\" data-end=\"1283\">ligeras huellas de uso posibles<\/p>\n<\/li>\n<li data-section-id=\"xddb07\" data-start=\"1284\" data-end=\"1338\">\n<p data-start=\"1286\" data-end=\"1338\">mezcla permitida de productos de clase C (hasta 5-7%)<\/p>\n<\/li>\n<\/ul>\n<p data-start=\"1340\" data-end=\"1397\">Taki standard zapewnia dobr\u0105 rotacj\u0119 i stabiln\u0105 sprzeda\u017c.<\/p>\n<h2 data-section-id=\"6mpf3m\" data-start=\"1404\" data-end=\"1430\">Especificaciones t\u00e9cnicas<\/h2>\n<ul data-start=\"1432\" data-end=\"1552\">\n<li data-section-id=\"1vvc679\" data-start=\"1432\" data-end=\"1462\">\n<p data-start=\"1434\" data-end=\"1462\">altura de la paleta: <strong data-start=\"1451\" data-end=\"1460\">60 cm<\/strong><\/p>\n<\/li>\n<li data-section-id=\"9s5onr\" data-start=\"1463\" data-end=\"1504\">\n<p data-start=\"1465\" data-end=\"1504\">surtido: <strong data-start=\"1477\" data-end=\"1502\">aleatorio y variado<\/strong><\/p>\n<\/li>\n<li data-section-id=\"va9cxy\" data-start=\"1505\" data-end=\"1552\">\n<p data-start=\"1507\" data-end=\"1552\">cada paleta: <strong data-start=\"1521\" data-end=\"1550\">un conjunto \u00fanico de productos<\/strong><\/p>\n<\/li>\n<\/ul>\n<p data-start=\"1554\" data-end=\"1599\">El contenido depende del lote de entrega actual.<\/p>\n<h2 data-section-id=\"kilpj5\" data-start=\"1606\" data-end=\"1653\">\ud83d\udcbc Aplicaci\u00f3n - Electr\u00f3nica para reventa<\/h2>\n<p data-start=\"1655\" data-end=\"1706\">Paleta elektroniki z Anglii (UK) sprawdza si\u0119 jako:<\/p>\n<ul data-start=\"1708\" data-end=\"1888\">\n<li data-section-id=\"paxddz\" data-start=\"1708\" data-end=\"1752\">\n<p data-start=\"1710\" data-end=\"1752\">pal\u00e9 de productos electr\u00f3nicos para la venta al por mayor<\/p>\n<\/li>\n<li data-section-id=\"1qlsqin\" data-start=\"1753\" data-end=\"1790\">\n<p data-start=\"1755\" data-end=\"1790\">towar do e-commerce i marketplace (<a style=\"font-family: -apple-system, BlinkMacSystemFont, &#039;Segoe UI&#039;, Roboto, &#039;Helvetica Neue&#039;, Arial, &#039;Noto Sans&#039;, sans-serif, &#039;Apple Color Emoji&#039;, &#039;Segoe UI Emoji&#039;, &#039;Segoe UI Symbol&#039;, &#039;Noto Color Emoji&#039;;\" href=\"https:\/\/allegro.pl\/\" target=\"_blank\" rel=\"noopener\">Allegro<\/a><span style=\"font-family: -apple-system, BlinkMacSystemFont, 'Segoe UI', Roboto, 'Helvetica Neue', Arial, 'Noto Sans', sans-serif, 'Apple Color Emoji', 'Segoe UI Emoji', 'Segoe UI Symbol', 'Noto Color Emoji';\">, <\/span><a style=\"font-family: -apple-system, BlinkMacSystemFont, &#039;Segoe UI&#039;, Roboto, &#039;Helvetica Neue&#039;, Arial, &#039;Noto Sans&#039;, sans-serif, &#039;Apple Color Emoji&#039;, &#039;Segoe UI Emoji&#039;, &#039;Segoe UI Symbol&#039;, &#039;Noto Color Emoji&#039;;\" href=\"https:\/\/www.olx.pl\/\" target=\"_blank\" rel=\"noopener\">OLX<\/a><span style=\"font-family: -apple-system, BlinkMacSystemFont, 'Segoe UI', Roboto, 'Helvetica Neue', Arial, 'Noto Sans', sans-serif, 'Apple Color Emoji', 'Segoe UI Emoji', 'Segoe UI Symbol', 'Noto Color Emoji';\">, <\/span><a style=\"font-family: -apple-system, BlinkMacSystemFont, &#039;Segoe UI&#039;, Roboto, &#039;Helvetica Neue&#039;, Arial, &#039;Noto Sans&#039;, sans-serif, &#039;Apple Color Emoji&#039;, &#039;Segoe UI Emoji&#039;, &#039;Segoe UI Symbol&#039;, &#039;Noto Color Emoji&#039;;\" href=\"https:\/\/www.ebay.com\/\" target=\"_blank\" rel=\"noopener\">eBay<\/a><span style=\"font-family: -apple-system, BlinkMacSystemFont, 'Segoe UI', Roboto, 'Helvetica Neue', Arial, 'Noto Sans', sans-serif, 'Apple Color Emoji', 'Segoe UI Emoji', 'Segoe UI Symbol', 'Noto Color Emoji';\">, <\/span><a style=\"font-family: -apple-system, BlinkMacSystemFont, &#039;Segoe UI&#039;, Roboto, &#039;Helvetica Neue&#039;, Arial, &#039;Noto Sans&#039;, sans-serif, &#039;Apple Color Emoji&#039;, &#039;Segoe UI Emoji&#039;, &#039;Segoe UI Symbol&#039;, &#039;Noto Color Emoji&#039;;\" href=\"https:\/\/www.amazon.com\/\" target=\"_blank\" rel=\"noopener\">Amazon)<\/a><\/p>\n<\/li>\n<li data-section-id=\"11pv0kx\" data-start=\"1791\" data-end=\"1825\">\n<p data-start=\"1793\" data-end=\"1825\">mezcla de productos electr\u00f3nicos para reventa<\/p>\n<\/li>\n<li data-section-id=\"c3btgi\" data-start=\"1826\" data-end=\"1857\">\n<p data-start=\"1828\" data-end=\"1857\">fuente de productos del mercado brit\u00e1nico<\/p>\n<\/li>\n<li data-section-id=\"b05b9y\" data-start=\"1858\" data-end=\"1888\">\n<p data-start=\"1860\" data-end=\"1888\">una soluci\u00f3n para revendedores<\/p>\n<\/li>\n<\/ul>\n<p data-start=\"1890\" data-end=\"1973\">Szeroki zakres produkt\u00f3w zwi\u0119ksza mo\u017cliwo\u015bci sprzeda\u017cy i przyspiesza obr\u00f3t towarem.<\/p>\n<p data-start=\"1890\" data-end=\"1973\">Todos los modelos de pal\u00e9s de Amazon <a href=\"https:\/\/stockify24.pl\/es\/sklep\/\"><strong>aqu\u00ed<\/strong>.<\/a><\/p>\n<h2 data-section-id=\"gfj1y1\" data-start=\"1980\" data-end=\"1993\">\ud83d\ude9a Entrega<\/h2>\n<ul data-start=\"1995\" data-end=\"2058\">\n<li data-section-id=\"1j548yy\" data-start=\"1995\" data-end=\"2027\">\n<p data-start=\"1997\" data-end=\"2027\">env\u00edo desde almac\u00e9n en Europa<\/p>\n<\/li>\n<li data-section-id=\"igemay\" data-start=\"2028\" data-end=\"2058\">\n<p data-start=\"2030\" data-end=\"2058\">tramitaci\u00f3n r\u00e1pida de pedidos<\/p>\n<\/li>\n<\/ul>\n<h2 data-section-id=\"opmkg3\" data-start=\"2065\" data-end=\"2091\">\u2139\ufe0f Informaci\u00f3n adicional<\/h2>\n<ul data-start=\"2093\" data-end=\"2276\">\n<li data-section-id=\"cznzdc\" data-start=\"2093\" data-end=\"2132\">\n<p data-start=\"2095\" data-end=\"2132\">el producto no se somete a pruebas individuales<\/p>\n<\/li>\n<li data-section-id=\"iag8fx\" data-start=\"2133\" data-end=\"2172\">\n<p data-start=\"2135\" data-end=\"2172\">posible mezcla de Clase C (hasta 5-7%)<\/p>\n<\/li>\n<li data-section-id=\"zia6d9\" data-start=\"2173\" data-end=\"2205\">\n<p data-start=\"2175\" data-end=\"2205\">cada pal\u00e9 embalado aleatoriamente<\/p>\n<\/li>\n<li data-section-id=\"1mkzsla\" data-start=\"2206\" data-end=\"2276\">\n<p data-start=\"2208\" data-end=\"2276\">los productos proceden de los rendimientos y excedentes de los consumidores<\/p>\n<\/li>\n<\/ul>\n<h2 data-section-id=\"1915pio\" data-start=\"2283\" data-end=\"2305\">\ud83d\udcf8 Fotos del producto<\/h2>\n<p data-start=\"2307\" data-end=\"2393\">Las fotos tienen fines ilustrativos y muestran una muestra de la electr\u00f3nica de Inglaterra.<\/p>","protected":false},"excerpt":{"rendered":"<p class=\"p1\">\u26a1 Oko\u0142o 100% elektroniki<\/p>\n<p class=\"p1\">\ud83c\uddec\ud83c\udde7 UK<\/p>\n<p class=\"p1\">\ud83d\udd25 Amazon Returns<\/p>\n<p class=\"p1\" style=\"text-align: left;\">\u2714\ufe0f Jako\u015b\u0107 A\u2013B<\/p>","protected":false},"featured_media":50409,"comment_status":"open","ping_status":"closed","template":"","meta":{"_acf_changed":false},"product_brand":[],"product_cat":[1258,1279],"product_tag":[1280],"class_list":{"0":"post-50483","1":"product","2":"type-product","3":"status-publish","4":"has-post-thumbnail","6":"product_cat-amazon-paleta","7":"product_cat-mix-elektroniki-uk-amazon-returns-ab","8":"product_tag-paleta-mix-elektroniki-z-anglii","10":"first","11":"instock","12":"sold-individually","13":"taxable","14":"shipping-taxable","15":"purchasable","16":"product-type-simple"},"acf":[],"_links":{"self":[{"href":"https:\/\/stockify24.pl\/es\/wp-json\/wp\/v2\/product\/50483","targetHints":{"allow":["GET"]}}],"collection":[{"href":"https:\/\/stockify24.pl\/es\/wp-json\/wp\/v2\/product"}],"about":[{"href":"https:\/\/stockify24.pl\/es\/wp-json\/wp\/v2\/types\/product"}],"replies":[{"embeddable":true,"href":"https:\/\/stockify24.pl\/es\/wp-json\/wp\/v2\/comments?post=50483"}],"wp:featuredmedia":[{"embeddable":true,"href":"https:\/\/stockify24.pl\/es\/wp-json\/wp\/v2\/media\/50409"}],"wp:attachment":[{"href":"https:\/\/stockify24.pl\/es\/wp-json\/wp\/v2\/media?parent=50483"}],"wp:term":[{"taxonomy":"product_brand","embeddable":true,"href":"https:\/\/stockify24.pl\/es\/wp-json\/wp\/v2\/product_brand?post=50483"},{"taxonomy":"product_cat","embeddable":true,"href":"https:\/\/stockify24.pl\/es\/wp-json\/wp\/v2\/product_cat?post=50483"},{"taxonomy":"product_tag","embeddable":true,"href":"https:\/\/stockify24.pl\/es\/wp-json\/wp\/v2\/product_tag?post=50483"}],"curies":[{"name":"wp","href":"https:\/\/api.w.org\/{rel}","templated":true}]}}