{"id":50486,"date":"2026-03-20T12:45:31","date_gmt":"2026-03-20T11:45:31","guid":{"rendered":"https:\/\/stockify24.pl\/?post_type=product&#038;p=50486"},"modified":"2026-03-30T12:26:49","modified_gmt":"2026-03-30T11:26:49","slug":"paleta-elektroniki-z-anglii-uk-mix-a-b-4","status":"publish","type":"product","link":"https:\/\/stockify24.pl\/es\/producto\/paleta-elektroniki-z-anglii-uk-mix-a-b-4\/","title":{"rendered":"Pal\u00e9 de electr\u00f3nica procedente de Inglaterra (Reino Unido) - mezcla A-B"},"content":{"rendered":"<h2 data-section-id=\"1fs3luu\" data-start=\"113\" data-end=\"161\">\ud83d\udce6 Paleta electr\u00f3nica de Inglaterra (Reino Unido) - mezcla A-B<\/h2>\n<p data-start=\"163\" data-end=\"337\">Mixto Electr\u00f3nica de Inglaterra (Reino Unido) es para el comercio electr\u00f3nico, mayoristas y revendedores que quieren vender electr\u00f3nica del mercado del Reino Unido con alta demanda y r\u00e1pida rotaci\u00f3n.<\/p>\n<p data-start=\"339\" data-end=\"515\">El pal\u00e9 contiene productos procedentes de devoluciones de consumidores y excedentes de existencias. Esto permite comprar productos por debajo del precio de mercado y aumentar el margen en la reventa.<\/p>\n<p data-start=\"517\" data-end=\"638\">Cada paleta tiene una composici\u00f3n aleatoria: la ausencia de una lista fija de productos garantiza una gama diversa y mayores oportunidades de venta.<\/p>\n<p data-start=\"517\" data-end=\"638\">Todos los modelos de pal\u00e9s de Amazon <a href=\"https:\/\/stockify24.pl\/es\/sklep\/\"><strong>aqu\u00ed<\/strong>.<\/a><\/p>\n<h2 data-section-id=\"dawekf\" data-start=\"645\" data-end=\"690\">\ud83d\udd0c Contenido de la paleta - electr\u00f3nica de consumo<\/h2>\n<p data-start=\"692\" data-end=\"751\">La paleta incluye una variedad de productos electr\u00f3nicos, entre ellos:<\/p>\n<ul data-start=\"753\" data-end=\"950\">\n<li data-section-id=\"admbw2\" data-start=\"753\" data-end=\"780\">\n<p data-start=\"755\" data-end=\"780\">auriculares inal\u00e1mbricos<\/p>\n<\/li>\n<li data-section-id=\"af8joy\" data-start=\"781\" data-end=\"814\">\n<p data-start=\"783\" data-end=\"814\">cargadores, powerbanks y cables<\/p>\n<\/li>\n<li data-section-id=\"2cko63\" data-start=\"815\" data-end=\"832\">\n<p data-start=\"817\" data-end=\"832\">Accesorios GSM<\/p>\n<\/li>\n<li data-section-id=\"129ryor\" data-start=\"833\" data-end=\"858\">\n<p data-start=\"835\" data-end=\"858\">dispositivos dom\u00e9sticos inteligentes<\/p>\n<\/li>\n<li data-section-id=\"dys3xd\" data-start=\"859\" data-end=\"871\">\n<p data-start=\"861\" data-end=\"871\">peque\u00f1os electrodom\u00e9sticos<\/p>\n<\/li>\n<li data-section-id=\"i0l57x\" data-start=\"872\" data-end=\"910\">\n<p data-start=\"874\" data-end=\"910\">mandos y aparatos electr\u00f3nicos<\/p>\n<\/li>\n<li data-section-id=\"1s1m71p\" data-start=\"911\" data-end=\"950\">\n<p data-start=\"913\" data-end=\"950\">otros productos electr\u00f3nicos de consumo<\/p>\n<\/li>\n<\/ul>\n<p data-start=\"952\" data-end=\"1007\">La electr\u00f3nica representa alrededor del <strong data-start=\"981\" data-end=\"1007\">Contenido del pal\u00e9 100%<\/strong><\/p>\n<h2 data-section-id=\"2jw31c\" data-start=\"1014\" data-end=\"1042\">\ud83c\udd70\ufe0f\ud83c\udd71\ufe0f Calidad - Clase A-B<\/h2>\n<p data-start=\"1044\" data-end=\"1110\">La mezcla de productos electr\u00f3nicos procedentes de Inglaterra (Reino Unido) incluye productos est\u00e1ndar A-B:<\/p>\n<ul data-start=\"1112\" data-end=\"1259\">\n<li data-section-id=\"1ylt7oh\" data-start=\"1112\" data-end=\"1172\">\n<p data-start=\"1114\" data-end=\"1172\">la mayor\u00eda de los productos son nuevos o est\u00e1n en muy buen estado<\/p>\n<\/li>\n<li data-section-id=\"1ydnmn3\" data-start=\"1173\" data-end=\"1209\">\n<p data-start=\"1175\" data-end=\"1209\">ligeras huellas de uso posibles<\/p>\n<\/li>\n<li data-section-id=\"13485k2\" data-start=\"1210\" data-end=\"1259\">\n<p data-start=\"1212\" data-end=\"1259\">es posible una peque\u00f1a mezcla de Clase C (hasta 5-7%)<\/p>\n<\/li>\n<\/ul>\n<p data-start=\"1261\" data-end=\"1322\">Los productos no han sido probados y proceden de devoluciones de consumidores.<\/p>\n<h2 data-section-id=\"fo6i20\" data-start=\"1329\" data-end=\"1351\">\ud83d\udcd0 Par\u00e1metros de la paleta<\/h2>\n<ul data-start=\"1353\" data-end=\"1455\">\n<li data-section-id=\"xuv6uu\" data-start=\"1353\" data-end=\"1382\">\n<p data-start=\"1355\" data-end=\"1382\">altitud: <strong data-start=\"1365\" data-end=\"1380\">oko\u0142o 60 cm<\/strong><\/p>\n<\/li>\n<li data-section-id=\"9s5onr\" data-start=\"1383\" data-end=\"1424\">\n<p data-start=\"1385\" data-end=\"1424\">surtido: <strong data-start=\"1397\" data-end=\"1422\">aleatorio y variado<\/strong><\/p>\n<\/li>\n<li data-section-id=\"14taal3\" data-start=\"1425\" data-end=\"1455\">\n<p data-start=\"1427\" data-end=\"1455\">cada paleta: <strong data-start=\"1441\" data-end=\"1453\">\u00fanico<\/strong><\/p>\n<\/li>\n<\/ul>\n<p data-start=\"1457\" data-end=\"1502\">El contenido depende del lote de entrega actual.<\/p>\n<h2 data-section-id=\"kilpj5\" data-start=\"1509\" data-end=\"1556\">\ud83d\udcbc Aplicaci\u00f3n - Electr\u00f3nica para reventa<\/h2>\n<p data-start=\"1558\" data-end=\"1618\">Un pal\u00e9 de productos electr\u00f3nicos procedente de Inglaterra (Reino Unido) puede utilizarse como:<\/p>\n<ul data-start=\"1620\" data-end=\"1782\">\n<li data-section-id=\"1nciuj\" data-start=\"1620\" data-end=\"1663\">\n<p data-start=\"1622\" data-end=\"1663\">towar do sprzeda\u017cy online i marketplace (<a style=\"font-family: -apple-system, BlinkMacSystemFont, &#039;Segoe UI&#039;, Roboto, &#039;Helvetica Neue&#039;, Arial, &#039;Noto Sans&#039;, sans-serif, &#039;Apple Color Emoji&#039;, &#039;Segoe UI Emoji&#039;, &#039;Segoe UI Symbol&#039;, &#039;Noto Color Emoji&#039;;\" href=\"https:\/\/allegro.pl\/\" target=\"_blank\" rel=\"noopener\">Allegro<\/a><span style=\"font-family: -apple-system, BlinkMacSystemFont, 'Segoe UI', Roboto, 'Helvetica Neue', Arial, 'Noto Sans', sans-serif, 'Apple Color Emoji', 'Segoe UI Emoji', 'Segoe UI Symbol', 'Noto Color Emoji';\">, <\/span><a style=\"font-family: -apple-system, BlinkMacSystemFont, &#039;Segoe UI&#039;, Roboto, &#039;Helvetica Neue&#039;, Arial, &#039;Noto Sans&#039;, sans-serif, &#039;Apple Color Emoji&#039;, &#039;Segoe UI Emoji&#039;, &#039;Segoe UI Symbol&#039;, &#039;Noto Color Emoji&#039;;\" href=\"https:\/\/www.olx.pl\/\" target=\"_blank\" rel=\"noopener\">OLX<\/a><span style=\"font-family: -apple-system, BlinkMacSystemFont, 'Segoe UI', Roboto, 'Helvetica Neue', Arial, 'Noto Sans', sans-serif, 'Apple Color Emoji', 'Segoe UI Emoji', 'Segoe UI Symbol', 'Noto Color Emoji';\">, <\/span><a style=\"font-family: -apple-system, BlinkMacSystemFont, &#039;Segoe UI&#039;, Roboto, &#039;Helvetica Neue&#039;, Arial, &#039;Noto Sans&#039;, sans-serif, &#039;Apple Color Emoji&#039;, &#039;Segoe UI Emoji&#039;, &#039;Segoe UI Symbol&#039;, &#039;Noto Color Emoji&#039;;\" href=\"https:\/\/www.ebay.com\/\" target=\"_blank\" rel=\"noopener\">eBay<\/a><span style=\"font-family: -apple-system, BlinkMacSystemFont, 'Segoe UI', Roboto, 'Helvetica Neue', Arial, 'Noto Sans', sans-serif, 'Apple Color Emoji', 'Segoe UI Emoji', 'Segoe UI Symbol', 'Noto Color Emoji';\">, <\/span><a style=\"font-family: -apple-system, BlinkMacSystemFont, &#039;Segoe UI&#039;, Roboto, &#039;Helvetica Neue&#039;, Arial, &#039;Noto Sans&#039;, sans-serif, &#039;Apple Color Emoji&#039;, &#039;Segoe UI Emoji&#039;, &#039;Segoe UI Symbol&#039;, &#039;Noto Color Emoji&#039;;\" href=\"https:\/\/www.amazon.com\/\" target=\"_blank\" rel=\"noopener\">Amazon)<\/a><\/p>\n<\/li>\n<li data-section-id=\"1bla79k\" data-start=\"1664\" data-end=\"1711\">\n<p data-start=\"1666\" data-end=\"1711\">oferta para mayoristas y minoristas<\/p>\n<\/li>\n<li data-section-id=\"11pv0kx\" data-start=\"1712\" data-end=\"1746\">\n<p data-start=\"1714\" data-end=\"1746\">mezcla de productos electr\u00f3nicos para reventa<\/p>\n<\/li>\n<li data-section-id=\"umddpi\" data-start=\"1747\" data-end=\"1782\">\n<p data-start=\"1749\" data-end=\"1782\">fuente de productos para revendedores<\/p>\n<\/li>\n<\/ul>\n<p data-start=\"1784\" data-end=\"1863\">La gran proporci\u00f3n de productos electr\u00f3nicos permite venderlos m\u00e1s r\u00e1pidamente y aumentar el volumen de negocio.<\/p>\n<h2 data-section-id=\"gfj1y1\" data-start=\"1870\" data-end=\"1883\">\ud83d\ude9a Entrega<\/h2>\n<ul data-start=\"1885\" data-end=\"1973\">\n<li data-section-id=\"1j548yy\" data-start=\"1885\" data-end=\"1917\">\n<p data-start=\"1887\" data-end=\"1917\">env\u00edo desde almac\u00e9n en Europa<\/p>\n<\/li>\n<li data-section-id=\"igemay\" data-start=\"1918\" data-end=\"1948\">\n<p data-start=\"1920\" data-end=\"1948\">tramitaci\u00f3n r\u00e1pida de pedidos<\/p>\n<\/li>\n<li data-section-id=\"1qo0dyy\" data-start=\"1949\" data-end=\"1973\">\n<p data-start=\"1951\" data-end=\"1973\">embalaje seguro<\/p>\n<\/li>\n<\/ul>\n<h2 data-section-id=\"opmkg3\" data-start=\"1980\" data-end=\"2006\">\u2139\ufe0f Informaci\u00f3n adicional<\/h2>\n<ul data-start=\"2008\" data-end=\"2173\">\n<li data-section-id=\"1u1q0wx\" data-start=\"2008\" data-end=\"2030\">\n<p data-start=\"2010\" data-end=\"2030\">mercanc\u00edas sin clasificar<\/p>\n<\/li>\n<li data-section-id=\"23fumv\" data-start=\"2031\" data-end=\"2071\">\n<p data-start=\"2033\" data-end=\"2071\">los productos no se prueban individualmente<\/p>\n<\/li>\n<li data-section-id=\"iag8fx\" data-start=\"2072\" data-end=\"2111\">\n<p data-start=\"2074\" data-end=\"2111\">posible mezcla de Clase C (hasta 5-7%)<\/p>\n<\/li>\n<li data-section-id=\"zia6d9\" data-start=\"2112\" data-end=\"2144\">\n<p data-start=\"2114\" data-end=\"2144\">cada pal\u00e9 embalado aleatoriamente<\/p>\n<\/li>\n<li data-section-id=\"15zrc3k\" data-start=\"2145\" data-end=\"2173\">\n<p data-start=\"2147\" data-end=\"2173\">sin especificaci\u00f3n fija<\/p>\n<\/li>\n<\/ul>\n<h2 data-section-id=\"1915pio\" data-start=\"2180\" data-end=\"2202\">\ud83d\udcf8 Fotos del producto<\/h2>\n<p data-start=\"2204\" data-end=\"2290\">Las fotos tienen fines ilustrativos y muestran una muestra de la electr\u00f3nica de Inglaterra.<\/p>","protected":false},"excerpt":{"rendered":"<p class=\"p1\">\u26a1 Oko\u0142o 100% elektroniki<\/p>\n<p class=\"p1\">\ud83c\uddec\ud83c\udde7 UK<\/p>\n<p class=\"p1\">\ud83d\udd25 Amazon Returns<\/p>\n<p class=\"p1\" style=\"text-align: left;\">\u2714\ufe0f Jako\u015b\u0107 A\u2013B<\/p>","protected":false},"featured_media":50394,"comment_status":"open","ping_status":"closed","template":"","meta":{"_acf_changed":false},"product_brand":[],"product_cat":[1258,1279],"product_tag":[1280],"class_list":{"0":"post-50486","1":"product","2":"type-product","3":"status-publish","4":"has-post-thumbnail","6":"product_cat-amazon-paleta","7":"product_cat-mix-elektroniki-uk-amazon-returns-ab","8":"product_tag-paleta-mix-elektroniki-z-anglii","10":"first","11":"instock","12":"sold-individually","13":"taxable","14":"shipping-taxable","15":"purchasable","16":"product-type-simple"},"acf":[],"_links":{"self":[{"href":"https:\/\/stockify24.pl\/es\/wp-json\/wp\/v2\/product\/50486","targetHints":{"allow":["GET"]}}],"collection":[{"href":"https:\/\/stockify24.pl\/es\/wp-json\/wp\/v2\/product"}],"about":[{"href":"https:\/\/stockify24.pl\/es\/wp-json\/wp\/v2\/types\/product"}],"replies":[{"embeddable":true,"href":"https:\/\/stockify24.pl\/es\/wp-json\/wp\/v2\/comments?post=50486"}],"wp:featuredmedia":[{"embeddable":true,"href":"https:\/\/stockify24.pl\/es\/wp-json\/wp\/v2\/media\/50394"}],"wp:attachment":[{"href":"https:\/\/stockify24.pl\/es\/wp-json\/wp\/v2\/media?parent=50486"}],"wp:term":[{"taxonomy":"product_brand","embeddable":true,"href":"https:\/\/stockify24.pl\/es\/wp-json\/wp\/v2\/product_brand?post=50486"},{"taxonomy":"product_cat","embeddable":true,"href":"https:\/\/stockify24.pl\/es\/wp-json\/wp\/v2\/product_cat?post=50486"},{"taxonomy":"product_tag","embeddable":true,"href":"https:\/\/stockify24.pl\/es\/wp-json\/wp\/v2\/product_tag?post=50486"}],"curies":[{"name":"wp","href":"https:\/\/api.w.org\/{rel}","templated":true}]}}