{"id":50493,"date":"2026-03-20T13:50:41","date_gmt":"2026-03-20T12:50:41","guid":{"rendered":"https:\/\/stockify24.pl\/?post_type=product&#038;p=50493"},"modified":"2026-03-30T12:27:27","modified_gmt":"2026-03-30T11:27:27","slug":"drobna-elektronika-uk-a-b-24","status":"publish","type":"product","link":"https:\/\/stockify24.pl\/es\/producto\/drobna-elektronika-uk-a-b-24\/","title":{"rendered":"Peque\u00f1a electr\u00f3nica (UK) | A-B | #24"},"content":{"rendered":"<h2 data-section-id=\"1tqq9za\" data-start=\"142\" data-end=\"209\">\ud83d\udce6 Peque\u00f1a electr\u00f3nica de Inglaterra (Reino Unido) - Amazon Devoluciones, A-B, 97 kg.<\/h2>\n<p data-start=\"211\" data-end=\"404\">Mix of small electronics from England (UK) es una oferta para el comercio electr\u00f3nico, mayoristas y revendedores que desean trabajar con mercanc\u00edas de r\u00e1pida rotaci\u00f3n y un gran n\u00famero de productos por pal\u00e9.<\/p>\n<p data-start=\"406\" data-end=\"595\">El pal\u00e9 procede de devoluciones de consumidores de Amazon (Amazon Returns) y contiene peque\u00f1os aparatos electr\u00f3nicos de consumo. Esto permite comprar la mercanc\u00eda a un precio m\u00e1s bajo y venderla m\u00e1s adelante con margen.<\/p>\n<p data-start=\"597\" data-end=\"686\">Cada pal\u00e9 est\u00e1 sin clasificar: la composici\u00f3n es aleatoria y var\u00eda seg\u00fan la entrega.<\/p>\n<p data-start=\"597\" data-end=\"686\">Todos los modelos de pal\u00e9s de Amazon <a href=\"https:\/\/stockify24.pl\/es\/sklep\/\"><strong>aqu\u00ed<\/strong>.<\/a><\/p>\n<h2 data-section-id=\"oxe877\" data-start=\"693\" data-end=\"739\">\ud83d\udd0c Contenido de la paleta - electr\u00f3nica peque\u00f1a UK<\/h2>\n<p data-start=\"741\" data-end=\"805\">El pal\u00e9 contiene aproximadamente <strong data-start=\"771\" data-end=\"792\">150-200 productos<\/strong>, como:<\/p>\n<ul data-start=\"807\" data-end=\"966\">\n<li data-section-id=\"2cko63\" data-start=\"807\" data-end=\"824\">\n<p data-start=\"809\" data-end=\"824\">Accesorios GSM<\/p>\n<\/li>\n<li data-section-id=\"caapl8\" data-start=\"825\" data-end=\"856\">\n<p data-start=\"827\" data-end=\"856\">cargadores, cables y adaptadores<\/p>\n<\/li>\n<li data-section-id=\"x5tve1\" data-start=\"857\" data-end=\"875\">\n<p data-start=\"859\" data-end=\"875\">Dispositivos USB<\/p>\n<\/li>\n<li data-section-id=\"6uw8kl\" data-start=\"876\" data-end=\"901\">\n<p data-start=\"878\" data-end=\"901\">aparatos electr\u00f3nicos<\/p>\n<\/li>\n<li data-section-id=\"1lxu5gy\" data-start=\"902\" data-end=\"928\">\n<p data-start=\"904\" data-end=\"928\">accesorios telef\u00f3nicos<\/p>\n<\/li>\n<li data-section-id=\"12yzxov\" data-start=\"929\" data-end=\"966\">\n<p data-start=\"931\" data-end=\"966\">otros productos electr\u00f3nicos peque\u00f1os<\/p>\n<\/li>\n<\/ul>\n<p data-start=\"968\" data-end=\"1023\">La electr\u00f3nica representa alrededor del <strong data-start=\"997\" data-end=\"1023\">Contenido del pal\u00e9 100%<\/strong><\/p>\n<p data-start=\"1025\" data-end=\"1038\">\ud83d\udd0c Fuente de alimentaci\u00f3n:<\/p>\n<ul data-start=\"1039\" data-end=\"1126\">\n<li data-section-id=\"1vi9vlz\" data-start=\"1039\" data-end=\"1080\">\n<p data-start=\"1041\" data-end=\"1080\">Acerca de <strong data-start=\"1047\" data-end=\"1078\">10-25% productos enchufables<\/strong><\/p>\n<\/li>\n<li data-section-id=\"11zh2gy\" data-start=\"1081\" data-end=\"1126\">\n<p data-start=\"1083\" data-end=\"1126\">otros equipos suministrados por <strong data-start=\"1119\" data-end=\"1126\">USB<\/strong><\/p>\n<\/li>\n<\/ul>\n<h2 data-section-id=\"2jw31c\" data-start=\"1133\" data-end=\"1161\">\ud83c\udd70\ufe0f\ud83c\udd71\ufe0f Calidad - Clase A-B<\/h2>\n<p data-start=\"1163\" data-end=\"1229\">La mezcla de productos electr\u00f3nicos procedentes de Inglaterra (Reino Unido) incluye productos est\u00e1ndar A-B:<\/p>\n<ul data-start=\"1231\" data-end=\"1373\">\n<li data-section-id=\"1br12vd\" data-start=\"1231\" data-end=\"1286\">\n<p data-start=\"1233\" data-end=\"1286\">la mayor\u00eda de los productos nuevos o en muy buen estado<\/p>\n<\/li>\n<li data-section-id=\"1ydnmn3\" data-start=\"1287\" data-end=\"1323\">\n<p data-start=\"1289\" data-end=\"1323\">ligeras huellas de uso posibles<\/p>\n<\/li>\n<li data-section-id=\"13485k2\" data-start=\"1324\" data-end=\"1373\">\n<p data-start=\"1326\" data-end=\"1373\">es posible una peque\u00f1a mezcla de Clase C (hasta 5-7%)<\/p>\n<\/li>\n<\/ul>\n<p data-start=\"1375\" data-end=\"1442\">Los productos no han sido probados y proceden directamente de devoluciones de Amazon.<\/p>\n<h2 data-section-id=\"6mpf3m\" data-start=\"1449\" data-end=\"1475\">Especificaciones t\u00e9cnicas<\/h2>\n<ul data-start=\"1477\" data-end=\"1655\">\n<li data-section-id=\"1eqqyw4\" data-start=\"1477\" data-end=\"1502\">\n<p data-start=\"1479\" data-end=\"1502\">peso neto: <strong data-start=\"1491\" data-end=\"1500\">97 kg<\/strong><\/p>\n<\/li>\n<li data-section-id=\"usyt7n\" data-start=\"1503\" data-end=\"1539\">\n<p data-start=\"1505\" data-end=\"1539\">altura de la paleta:<strong data-start=\"1522\" data-end=\"1537\">\u00a060 cm<\/strong><\/p>\n<\/li>\n<li data-section-id=\"y43syn\" data-start=\"1540\" data-end=\"1582\">\n<p data-start=\"1542\" data-end=\"1582\">n\u00famero de productos: <strong data-start=\"1559\" data-end=\"1580\">aprox. 150-200 piezas<\/strong><\/p>\n<\/li>\n<li data-section-id=\"9s5onr\" data-start=\"1583\" data-end=\"1624\">\n<p data-start=\"1585\" data-end=\"1624\">surtido: <strong data-start=\"1597\" data-end=\"1622\">aleatorio y variado<\/strong><\/p>\n<\/li>\n<li data-section-id=\"14taal3\" data-start=\"1625\" data-end=\"1655\">\n<p data-start=\"1627\" data-end=\"1655\">cada paleta: <strong data-start=\"1641\" data-end=\"1653\">\u00fanico<\/strong><\/p>\n<\/li>\n<\/ul>\n<p data-start=\"1657\" data-end=\"1702\">El contenido depende del lote de entrega actual.<\/p>\n<h2 data-section-id=\"q6esnp\" data-start=\"1709\" data-end=\"1763\">\ud83d\udcbc Aplicaci\u00f3n - Peque\u00f1a electr\u00f3nica para reventa<\/h2>\n<p data-start=\"1765\" data-end=\"1813\">La peque\u00f1a paleta electr\u00f3nica del Reino Unido funciona bien como:<\/p>\n<ul data-start=\"1815\" data-end=\"1973\">\n<li data-section-id=\"1nciuj\" data-start=\"1815\" data-end=\"1858\">\n<p data-start=\"1817\" data-end=\"1858\">towar do sprzeda\u017cy online i marketplace (<a style=\"font-family: -apple-system, BlinkMacSystemFont, &#039;Segoe UI&#039;, Roboto, &#039;Helvetica Neue&#039;, Arial, &#039;Noto Sans&#039;, sans-serif, &#039;Apple Color Emoji&#039;, &#039;Segoe UI Emoji&#039;, &#039;Segoe UI Symbol&#039;, &#039;Noto Color Emoji&#039;;\" href=\"https:\/\/allegro.pl\/\" target=\"_blank\" rel=\"noopener\">Allegro<\/a><span style=\"font-family: -apple-system, BlinkMacSystemFont, 'Segoe UI', Roboto, 'Helvetica Neue', Arial, 'Noto Sans', sans-serif, 'Apple Color Emoji', 'Segoe UI Emoji', 'Segoe UI Symbol', 'Noto Color Emoji';\">, <\/span><a style=\"font-family: -apple-system, BlinkMacSystemFont, &#039;Segoe UI&#039;, Roboto, &#039;Helvetica Neue&#039;, Arial, &#039;Noto Sans&#039;, sans-serif, &#039;Apple Color Emoji&#039;, &#039;Segoe UI Emoji&#039;, &#039;Segoe UI Symbol&#039;, &#039;Noto Color Emoji&#039;;\" href=\"https:\/\/www.olx.pl\/\" target=\"_blank\" rel=\"noopener\">OLX<\/a><span style=\"font-family: -apple-system, BlinkMacSystemFont, 'Segoe UI', Roboto, 'Helvetica Neue', Arial, 'Noto Sans', sans-serif, 'Apple Color Emoji', 'Segoe UI Emoji', 'Segoe UI Symbol', 'Noto Color Emoji';\">, <\/span><a style=\"font-family: -apple-system, BlinkMacSystemFont, &#039;Segoe UI&#039;, Roboto, &#039;Helvetica Neue&#039;, Arial, &#039;Noto Sans&#039;, sans-serif, &#039;Apple Color Emoji&#039;, &#039;Segoe UI Emoji&#039;, &#039;Segoe UI Symbol&#039;, &#039;Noto Color Emoji&#039;;\" href=\"https:\/\/www.ebay.com\/\" target=\"_blank\" rel=\"noopener\">eBay<\/a><span style=\"font-family: -apple-system, BlinkMacSystemFont, 'Segoe UI', Roboto, 'Helvetica Neue', Arial, 'Noto Sans', sans-serif, 'Apple Color Emoji', 'Segoe UI Emoji', 'Segoe UI Symbol', 'Noto Color Emoji';\">, <\/span><a style=\"font-family: -apple-system, BlinkMacSystemFont, &#039;Segoe UI&#039;, Roboto, &#039;Helvetica Neue&#039;, Arial, &#039;Noto Sans&#039;, sans-serif, &#039;Apple Color Emoji&#039;, &#039;Segoe UI Emoji&#039;, &#039;Segoe UI Symbol&#039;, &#039;Noto Color Emoji&#039;;\" href=\"https:\/\/www.amazon.com\/\" target=\"_blank\" rel=\"noopener\">Amazon)<\/a><\/p>\n<\/li>\n<li data-section-id=\"1q45md9\" data-start=\"1859\" data-end=\"1891\">\n<p data-start=\"1861\" data-end=\"1891\">mezcla de productos para reventa<\/p>\n<\/li>\n<li data-section-id=\"px6x4d\" data-start=\"1892\" data-end=\"1926\">\n<p data-start=\"1894\" data-end=\"1926\">base para tiendas en l\u00ednea<\/p>\n<\/li>\n<li data-section-id=\"11o6chf\" data-start=\"1927\" data-end=\"1973\">\n<p data-start=\"1929\" data-end=\"1973\">oferta para revendedores y mayoristas<\/p>\n<\/li>\n<\/ul>\n<p data-start=\"1975\" data-end=\"2047\">El gran n\u00famero de productos permite aumentar r\u00e1pidamente las ventas y la rotaci\u00f3n de mercanc\u00edas.<\/p>\n<h2 data-section-id=\"gfj1y1\" data-start=\"2054\" data-end=\"2067\">\ud83d\ude9a Entrega<\/h2>\n<ul data-start=\"2069\" data-end=\"2157\">\n<li data-section-id=\"1j548yy\" data-start=\"2069\" data-end=\"2101\">\n<p data-start=\"2071\" data-end=\"2101\">env\u00edo desde almac\u00e9n en Europa<\/p>\n<\/li>\n<li data-section-id=\"igemay\" data-start=\"2102\" data-end=\"2132\">\n<p data-start=\"2104\" data-end=\"2132\">tramitaci\u00f3n r\u00e1pida de pedidos<\/p>\n<\/li>\n<li data-section-id=\"1qo0dyy\" data-start=\"2133\" data-end=\"2157\">\n<p data-start=\"2135\" data-end=\"2157\">embalaje seguro<\/p>\n<\/li>\n<\/ul>\n<h2 data-section-id=\"opmkg3\" data-start=\"2164\" data-end=\"2190\">\u2139\ufe0f Informaci\u00f3n adicional<\/h2>\n<ul data-start=\"2192\" data-end=\"2377\">\n<li data-section-id=\"oo8lin\" data-start=\"2192\" data-end=\"2231\">\n<p data-start=\"2194\" data-end=\"2231\">Productos sin clasificar (Devoluciones de Amazon)<\/p>\n<\/li>\n<li data-section-id=\"23fumv\" data-start=\"2232\" data-end=\"2272\">\n<p data-start=\"2234\" data-end=\"2272\">los productos no se prueban individualmente<\/p>\n<\/li>\n<li data-section-id=\"iag8fx\" data-start=\"2273\" data-end=\"2312\">\n<p data-start=\"2275\" data-end=\"2312\">posible mezcla de Clase C (hasta 5-7%)<\/p>\n<\/li>\n<li data-section-id=\"zia6d9\" data-start=\"2313\" data-end=\"2345\">\n<p data-start=\"2315\" data-end=\"2345\">cada pal\u00e9 embalado aleatoriamente<\/p>\n<\/li>\n<li data-section-id=\"1qenv5x\" data-start=\"2346\" data-end=\"2377\">\n<p data-start=\"2348\" data-end=\"2377\">sin lista fija de productos<\/p>\n<\/li>\n<\/ul>\n<h2 data-section-id=\"1915pio\" data-start=\"2384\" data-end=\"2406\">\ud83d\udcf8 Fotos del producto<\/h2>\n<p data-start=\"2408\" data-end=\"2502\">Las fotos son ilustrativas y muestran una muestra de electr\u00f3nica de calidad procedente de Inglaterra.<\/p>","protected":false},"excerpt":{"rendered":"<p class=\"p1\">\u26a1 Oko\u0142o 100% elektroniki<\/p>\n<p class=\"p1\">\ud83c\uddec\ud83c\udde7 UK<\/p>\n<p class=\"p1\">\ud83d\udd25 Amazon Returns<\/p>\n<p class=\"p1\" style=\"text-align: left;\">\u2714\ufe0f Jako\u015b\u0107 A\u2013B<\/p>","protected":false},"featured_media":50494,"comment_status":"open","ping_status":"closed","template":"","meta":{"_acf_changed":false},"product_brand":[],"product_cat":[1258,1282],"product_tag":[1280],"class_list":{"0":"post-50493","1":"product","2":"type-product","3":"status-publish","4":"has-post-thumbnail","6":"product_cat-amazon-paleta","7":"product_cat-drobna-elektronika-uk-amazon-returns-ab","8":"product_tag-paleta-mix-elektroniki-z-anglii","10":"first","11":"instock","12":"sold-individually","13":"taxable","14":"shipping-taxable","15":"purchasable","16":"product-type-simple"},"acf":[],"_links":{"self":[{"href":"https:\/\/stockify24.pl\/es\/wp-json\/wp\/v2\/product\/50493","targetHints":{"allow":["GET"]}}],"collection":[{"href":"https:\/\/stockify24.pl\/es\/wp-json\/wp\/v2\/product"}],"about":[{"href":"https:\/\/stockify24.pl\/es\/wp-json\/wp\/v2\/types\/product"}],"replies":[{"embeddable":true,"href":"https:\/\/stockify24.pl\/es\/wp-json\/wp\/v2\/comments?post=50493"}],"wp:featuredmedia":[{"embeddable":true,"href":"https:\/\/stockify24.pl\/es\/wp-json\/wp\/v2\/media\/50494"}],"wp:attachment":[{"href":"https:\/\/stockify24.pl\/es\/wp-json\/wp\/v2\/media?parent=50493"}],"wp:term":[{"taxonomy":"product_brand","embeddable":true,"href":"https:\/\/stockify24.pl\/es\/wp-json\/wp\/v2\/product_brand?post=50493"},{"taxonomy":"product_cat","embeddable":true,"href":"https:\/\/stockify24.pl\/es\/wp-json\/wp\/v2\/product_cat?post=50493"},{"taxonomy":"product_tag","embeddable":true,"href":"https:\/\/stockify24.pl\/es\/wp-json\/wp\/v2\/product_tag?post=50493"}],"curies":[{"name":"wp","href":"https:\/\/api.w.org\/{rel}","templated":true}]}}