{"id":50497,"date":"2026-03-20T14:00:59","date_gmt":"2026-03-20T13:00:59","guid":{"rendered":"https:\/\/stockify24.pl\/?post_type=product&#038;p=50497"},"modified":"2026-03-30T12:32:29","modified_gmt":"2026-03-30T11:32:29","slug":"drobna-elektronika-uk-a-b-19","status":"publish","type":"product","link":"https:\/\/stockify24.pl\/es\/producto\/drobna-elektronika-uk-a-b-19\/","title":{"rendered":"Peque\u00f1a electr\u00f3nica (UK) | A-B | #19"},"content":{"rendered":"<h2 data-section-id=\"xfa22l\" data-start=\"136\" data-end=\"204\">\ud83d\udce6 Drobna elektronika z Anglii (UK) \u2013 Amazon Returns, A\u2013B, 104 kg<\/h2>\n<p data-start=\"206\" data-end=\"376\">Mix drobnej elektroniki z Anglii (UK) to rozwi\u0105zanie dla e-commerce, sprzeda\u017cy hurtowej oraz reseller\u00f3w, kt\u00f3rzy chc\u0105 sprzedawa\u0107 produkty z du\u017c\u0105 rotacj\u0105 i szybkim obrotem.<\/p>\n<p data-start=\"378\" data-end=\"558\">Paleta pochodzi ze zwrot\u00f3w konsumenckich Amazon (Amazon Returns) i zawiera du\u017c\u0105 ilo\u015b\u0107 drobnej elektroniki. Dzi\u0119ki temu mo\u017cesz kupi\u0107 towar w ni\u017cszej cenie i sprzedawa\u0107 go z zyskiem.<\/p>\n<p data-start=\"560\" data-end=\"621\">Ka\u017cda paleta ma losowy sk\u0142ad \u2014 nie ma sta\u0142ej listy produkt\u00f3w.<\/p>\n<p data-start=\"560\" data-end=\"621\">Todos los modelos de pal\u00e9s de Amazon <a href=\"https:\/\/stockify24.pl\/es\/sklep\/\"><strong>aqu\u00ed<\/strong>.<\/a><\/p>\n<h2 data-section-id=\"1mxdqrh\" data-start=\"628\" data-end=\"671\">\ud83d\udd0c Zawarto\u015b\u0107 palety \u2013 Drobna elektronika (UK)<\/h2>\n<p data-start=\"673\" data-end=\"736\">El pal\u00e9 contiene aproximadamente <strong data-start=\"702\" data-end=\"723\">150-200 productos<\/strong>, como:<\/p>\n<ul data-start=\"738\" data-end=\"912\">\n<li data-section-id=\"2cko63\" data-start=\"738\" data-end=\"755\">\n<p data-start=\"740\" data-end=\"755\">Accesorios GSM<\/p>\n<\/li>\n<li data-section-id=\"caapl8\" data-start=\"756\" data-end=\"787\">\n<p data-start=\"758\" data-end=\"787\">cargadores, cables y adaptadores<\/p>\n<\/li>\n<li data-section-id=\"l9fl3s\" data-start=\"788\" data-end=\"802\">\n<p data-start=\"790\" data-end=\"802\">powerbanks<\/p>\n<\/li>\n<li data-section-id=\"x5tve1\" data-start=\"803\" data-end=\"821\">\n<p data-start=\"805\" data-end=\"821\">Dispositivos USB<\/p>\n<\/li>\n<li data-section-id=\"6uw8kl\" data-start=\"822\" data-end=\"847\">\n<p data-start=\"824\" data-end=\"847\">aparatos electr\u00f3nicos<\/p>\n<\/li>\n<li data-section-id=\"1lxu5gy\" data-start=\"848\" data-end=\"874\">\n<p data-start=\"850\" data-end=\"874\">accesorios telef\u00f3nicos<\/p>\n<\/li>\n<li data-section-id=\"12yzxov\" data-start=\"875\" data-end=\"912\">\n<p data-start=\"877\" data-end=\"912\">otros productos electr\u00f3nicos peque\u00f1os<\/p>\n<\/li>\n<\/ul>\n<p data-start=\"914\" data-end=\"969\">La electr\u00f3nica representa alrededor del <strong data-start=\"943\" data-end=\"969\">Contenido del pal\u00e9 100%<\/strong><\/p>\n<p data-start=\"971\" data-end=\"984\">\ud83d\udd0c Fuente de alimentaci\u00f3n:<\/p>\n<ul data-start=\"985\" data-end=\"1061\">\n<li data-section-id=\"1vi9vlz\" data-start=\"985\" data-end=\"1026\">\n<p data-start=\"987\" data-end=\"1026\">Acerca de <strong data-start=\"993\" data-end=\"1024\">10-25% productos enchufables<\/strong><\/p>\n<\/li>\n<li data-section-id=\"1y7vxq2\" data-start=\"1027\" data-end=\"1061\">\n<p data-start=\"1029\" data-end=\"1061\">otros operan a trav\u00e9s de <strong data-start=\"1054\" data-end=\"1061\">USB<\/strong><\/p>\n<\/li>\n<\/ul>\n<h2 data-section-id=\"1ez4tzo\" data-start=\"1068\" data-end=\"1090\">\ud83c\udd70\ufe0f\ud83c\udd71\ufe0f Calidad - A-B<\/h2>\n<p data-start=\"1092\" data-end=\"1126\">Los productos de esta paleta son principalmente:<\/p>\n<ul data-start=\"1128\" data-end=\"1256\">\n<li data-section-id=\"45617g\" data-start=\"1128\" data-end=\"1163\">\n<p data-start=\"1130\" data-end=\"1163\">nuevo o en muy buen estado<\/p>\n<\/li>\n<li data-section-id=\"1ydnmn3\" data-start=\"1164\" data-end=\"1200\">\n<p data-start=\"1166\" data-end=\"1200\">ligeras huellas de uso posibles<\/p>\n<\/li>\n<li data-section-id=\"fy9i6y\" data-start=\"1201\" data-end=\"1256\">\n<p data-start=\"1203\" data-end=\"1256\">peque\u00f1a cantidad de productos de clase C posible (hasta 5-7%)<\/p>\n<\/li>\n<\/ul>\n<p data-start=\"1258\" data-end=\"1283\">La mercanc\u00eda no ha sido probada.<\/p>\n<h2 data-section-id=\"1mp0th9\" data-start=\"1290\" data-end=\"1305\">Par\u00e1metros<\/h2>\n<ul data-start=\"1307\" data-end=\"1477\">\n<li data-section-id=\"svifbz\" data-start=\"1307\" data-end=\"1333\">\n<p data-start=\"1309\" data-end=\"1333\">peso neto: <strong data-start=\"1321\" data-end=\"1331\">104 kg<\/strong><\/p>\n<\/li>\n<li data-section-id=\"usyt7n\" data-start=\"1334\" data-end=\"1370\">\n<p data-start=\"1336\" data-end=\"1370\">altura de la paleta: <strong data-start=\"1353\" data-end=\"1368\">oko\u0142o 60 cm<\/strong><\/p>\n<\/li>\n<li data-section-id=\"y43syn\" data-start=\"1371\" data-end=\"1413\">\n<p data-start=\"1373\" data-end=\"1413\">n\u00famero de productos: <strong data-start=\"1390\" data-end=\"1411\">aprox. 150-200 piezas<\/strong><\/p>\n<\/li>\n<li data-section-id=\"1p3t42g\" data-start=\"1414\" data-end=\"1450\">\n<p data-start=\"1416\" data-end=\"1450\">composici\u00f3n: <strong data-start=\"1423\" data-end=\"1448\">aleatorio y variado<\/strong><\/p>\n<\/li>\n<li data-section-id=\"dhswn8\" data-start=\"1451\" data-end=\"1477\">\n<p data-start=\"1453\" data-end=\"1477\">cada paleta: <strong data-start=\"1467\" data-end=\"1475\">otros<\/strong><\/p>\n<\/li>\n<\/ul>\n<p data-start=\"1479\" data-end=\"1507\">El contenido depende de la entrega.<\/p>\n<h2 data-section-id=\"1nzb8um\" data-start=\"2048\" data-end=\"2088\">\ud83d\udcbc Uso en el comercio electr\u00f3nico y el comercio<\/h2>\n<p data-start=\"2090\" data-end=\"2179\">La paleta de productos electr\u00f3nicos de Amazon funciona bien con modelos de venta por volumen y rotaci\u00f3n:<\/p>\n<ul data-start=\"2181\" data-end=\"2344\">\n<li data-section-id=\"1c1wa51\" data-start=\"2181\" data-end=\"2224\">venta en <a href=\"https:\/\/allegro.pl\/\" target=\"_blank\" rel=\"noopener\">Allegro<\/a>, <a href=\"https:\/\/www.olx.pl\/\" target=\"_blank\" rel=\"noopener\">OLX<\/a>, <a href=\"https:\/\/www.ebay.com\/\" target=\"_blank\" rel=\"noopener\">eBay<\/a>, <a href=\"https:\/\/www.amazon.com\/\" target=\"_blank\" rel=\"noopener\">Amazon<\/a><\/li>\n<li data-section-id=\"1fmpn86\" data-start=\"2225\" data-end=\"2247\">tiendas en l\u00ednea<\/li>\n<li data-section-id=\"gynsj7\" data-start=\"2248\" data-end=\"2281\">venta al por menor y al por mayor<\/li>\n<li data-section-id=\"161gjv4\" data-start=\"2282\" data-end=\"2320\">desarrollo de un almac\u00e9n de productos propios<\/li>\n<li data-section-id=\"1fuo8gv\" data-start=\"2321\" data-end=\"2344\">ampliaci\u00f3n de la oferta<\/li>\n<\/ul>\n<p data-start=\"2346\" data-end=\"2462\">Esta soluci\u00f3n permite aumentar el n\u00famero de productos y mejorar el rendimiento de las ventas sin aumentar los costes unitarios.<\/p>\n<h2 data-section-id=\"gfj1y1\" data-start=\"1814\" data-end=\"1827\">\ud83d\ude9a Entrega<\/h2>\n<ul data-start=\"1829\" data-end=\"1896\">\n<li data-section-id=\"10nvshm\" data-start=\"1829\" data-end=\"1849\">\n<p data-start=\"1831\" data-end=\"1849\">env\u00edo desde Europa<\/p>\n<\/li>\n<li data-section-id=\"wz2p5c\" data-start=\"1850\" data-end=\"1871\">\n<p data-start=\"1852\" data-end=\"1871\">r\u00e1pida aplicaci\u00f3n<\/p>\n<\/li>\n<li data-section-id=\"1qo0dyy\" data-start=\"1872\" data-end=\"1896\">\n<p data-start=\"1874\" data-end=\"1896\">embalaje seguro<\/p>\n<\/li>\n<\/ul>\n<h2 data-section-id=\"opmkg3\" data-start=\"1903\" data-end=\"1929\">\u2139\ufe0f Informaci\u00f3n adicional<\/h2>\n<ul data-start=\"1931\" data-end=\"2073\">\n<li data-section-id=\"oo8lin\" data-start=\"1931\" data-end=\"1970\">\n<p data-start=\"1933\" data-end=\"1970\">Productos sin clasificar (Devoluciones de Amazon)<\/p>\n<\/li>\n<li data-section-id=\"1tr3r5o\" data-start=\"1971\" data-end=\"2000\">\n<p data-start=\"1973\" data-end=\"2000\">sin pruebas de producto<\/p>\n<\/li>\n<li data-section-id=\"iag8fx\" data-start=\"2001\" data-end=\"2040\">\n<p data-start=\"2003\" data-end=\"2040\">posible mezcla de Clase C (hasta 5-7%)<\/p>\n<\/li>\n<li data-section-id=\"zia6d9\" data-start=\"2041\" data-end=\"2073\">\n<p data-start=\"2043\" data-end=\"2073\">cada pal\u00e9 embalado aleatoriamente<\/p>\n<\/li>\n<\/ul>\n<h2 data-section-id=\"1915pio\" data-start=\"2080\" data-end=\"2102\">\ud83d\udcf8 Fotos del producto<\/h2>\n<p data-start=\"2104\" data-end=\"2181\">Las fotos son ilustrativas y muestran una mezcla de muestra de electr\u00f3nica fina de Inglaterra.<\/p>","protected":false},"excerpt":{"rendered":"<p class=\"p1\">\u26a1 Oko\u0142o 100% elektroniki<\/p>\n<p class=\"p1\">\ud83c\uddec\ud83c\udde7 UK<\/p>\n<p class=\"p1\">\ud83d\udd25 Amazon Returns<\/p>\n<p class=\"p1\" style=\"text-align: left;\">\u2714\ufe0f Jako\u015b\u0107 A\u2013B<\/p>","protected":false},"featured_media":50498,"comment_status":"open","ping_status":"closed","template":"","meta":{"_acf_changed":false},"product_brand":[],"product_cat":[1258,1282],"product_tag":[1280],"class_list":{"0":"post-50497","1":"product","2":"type-product","3":"status-publish","4":"has-post-thumbnail","6":"product_cat-amazon-paleta","7":"product_cat-drobna-elektronika-uk-amazon-returns-ab","8":"product_tag-paleta-mix-elektroniki-z-anglii","10":"first","11":"instock","12":"sold-individually","13":"taxable","14":"shipping-taxable","15":"purchasable","16":"product-type-simple"},"acf":[],"_links":{"self":[{"href":"https:\/\/stockify24.pl\/es\/wp-json\/wp\/v2\/product\/50497","targetHints":{"allow":["GET"]}}],"collection":[{"href":"https:\/\/stockify24.pl\/es\/wp-json\/wp\/v2\/product"}],"about":[{"href":"https:\/\/stockify24.pl\/es\/wp-json\/wp\/v2\/types\/product"}],"replies":[{"embeddable":true,"href":"https:\/\/stockify24.pl\/es\/wp-json\/wp\/v2\/comments?post=50497"}],"wp:featuredmedia":[{"embeddable":true,"href":"https:\/\/stockify24.pl\/es\/wp-json\/wp\/v2\/media\/50498"}],"wp:attachment":[{"href":"https:\/\/stockify24.pl\/es\/wp-json\/wp\/v2\/media?parent=50497"}],"wp:term":[{"taxonomy":"product_brand","embeddable":true,"href":"https:\/\/stockify24.pl\/es\/wp-json\/wp\/v2\/product_brand?post=50497"},{"taxonomy":"product_cat","embeddable":true,"href":"https:\/\/stockify24.pl\/es\/wp-json\/wp\/v2\/product_cat?post=50497"},{"taxonomy":"product_tag","embeddable":true,"href":"https:\/\/stockify24.pl\/es\/wp-json\/wp\/v2\/product_tag?post=50497"}],"curies":[{"name":"wp","href":"https:\/\/api.w.org\/{rel}","templated":true}]}}