{"id":50500,"date":"2026-03-20T14:14:33","date_gmt":"2026-03-20T13:14:33","guid":{"rendered":"https:\/\/stockify24.pl\/?post_type=product&#038;p=50500"},"modified":"2026-03-30T12:34:47","modified_gmt":"2026-03-30T11:34:47","slug":"drobna-elektronika-uk-a-b-18","status":"publish","type":"product","link":"https:\/\/stockify24.pl\/es\/producto\/drobna-elektronika-uk-a-b-18\/","title":{"rendered":"Minor electronics (UK) | A-B | #18"},"content":{"rendered":"<h2 data-section-id=\"xfcbdq\" data-start=\"115\" data-end=\"183\">\ud83d\udce6 Drobna elektronika z Anglii (UK) \u2013 Amazon Returns, A\u2013B, 107 kg<\/h2>\n<p data-start=\"185\" data-end=\"325\">Mix drobnej elektroniki z Anglii (UK) to dobra opcja dla os\u00f3b, kt\u00f3re sprzedaj\u0105 online lub chc\u0105 zacz\u0105\u0107 handel elektronik\u0105 z szybk\u0105 sprzeda\u017c\u0105.<\/p>\n<p data-start=\"327\" data-end=\"516\">El pal\u00e9 procede de las devoluciones de Amazon (Amazon Returns) y contiene un gran n\u00famero de peque\u00f1os productos electr\u00f3nicos. Esto le permite comprar m\u00e1s productos a un precio m\u00e1s bajo y venderlos con beneficio.<\/p>\n<p data-start=\"518\" data-end=\"572\">Ka\u017cda paleta jest inna \u2014 produkty dobierane s\u0105 <strong>al azar<\/strong>.<\/p>\n<p data-start=\"518\" data-end=\"572\">Todos los modelos de pal\u00e9s de Amazon <a href=\"https:\/\/stockify24.pl\/es\/sklep\/\"><strong>aqu\u00ed<\/strong>.<\/a><\/p>\n<h2 data-section-id=\"1qdu6nw\" data-start=\"579\" data-end=\"608\">\ud83d\udd0c Co znajdziesz w palecie Drobna elektronika z Anglii (UK)<\/h2>\n<p data-start=\"610\" data-end=\"665\">W \u015brodku jest oko\u0142o <strong data-start=\"630\" data-end=\"651\">150-200 productos<\/strong>, najcz\u0119\u015bciej:<\/p>\n<ul data-start=\"667\" data-end=\"805\">\n<li data-section-id=\"1lxu5gy\" data-start=\"667\" data-end=\"693\">\n<p data-start=\"669\" data-end=\"693\">accesorios telef\u00f3nicos<\/p>\n<\/li>\n<li data-section-id=\"1i9syxa\" data-start=\"694\" data-end=\"715\">\n<p data-start=\"696\" data-end=\"715\">cargadores y cables<\/p>\n<\/li>\n<li data-section-id=\"l9fl3s\" data-start=\"716\" data-end=\"730\">\n<p data-start=\"718\" data-end=\"730\">powerbanks<\/p>\n<\/li>\n<li data-section-id=\"10koiea\" data-start=\"731\" data-end=\"754\">\n<p data-start=\"733\" data-end=\"754\">ma\u0142e urz\u0105dzenia USB<\/p>\n<\/li>\n<li data-section-id=\"6uw8kl\" data-start=\"755\" data-end=\"780\">\n<p data-start=\"757\" data-end=\"780\">aparatos electr\u00f3nicos<\/p>\n<\/li>\n<li data-section-id=\"get86m\" data-start=\"781\" data-end=\"805\">\n<p data-start=\"783\" data-end=\"805\">otros productos peque\u00f1os<\/p>\n<\/li>\n<\/ul>\n<p data-start=\"807\" data-end=\"850\">\ud83d\udcca Elektronika to oko\u0142o <strong data-start=\"831\" data-end=\"850\">Contenido 100%<\/strong><\/p>\n<p data-start=\"852\" data-end=\"865\">\ud83d\udd0c Fuente de alimentaci\u00f3n:<\/p>\n<ul data-start=\"866\" data-end=\"937\">\n<li data-section-id=\"m85ubn\" data-start=\"866\" data-end=\"916\">\n<p data-start=\"868\" data-end=\"916\">cz\u0119\u015b\u0107 produkt\u00f3w dzia\u0142a na wtyczk\u0119 (ok. 10\u201325%)<\/p>\n<\/li>\n<li data-section-id=\"61iwgw\" data-start=\"917\" data-end=\"937\">\n<p data-start=\"919\" data-end=\"937\">reszta przez USB<\/p>\n<\/li>\n<\/ul>\n<h2 data-section-id=\"uwzduz\" data-start=\"944\" data-end=\"968\">\ud83c\udd70\ufe0f\ud83c\udd71\ufe0f Estado del producto<\/h2>\n<p data-start=\"970\" data-end=\"995\">Los productos son de calidad A-B:<\/p>\n<ul data-start=\"997\" data-end=\"1127\">\n<li data-section-id=\"1c63r4l\" data-start=\"997\" data-end=\"1036\">\n<p data-start=\"999\" data-end=\"1036\">wi\u0119kszo\u015b\u0107 jest nowa lub prawie nowa<\/p>\n<\/li>\n<li data-section-id=\"1h8i7ao\" data-start=\"1037\" data-end=\"1075\">\n<p data-start=\"1039\" data-end=\"1075\">mog\u0105 mie\u0107 lekkie \u015blady u\u017cytkowania<\/p>\n<\/li>\n<li data-section-id=\"1adlt7s\" data-start=\"1076\" data-end=\"1127\">\n<p data-start=\"1078\" data-end=\"1127\">czasami trafiaj\u0105 si\u0119 produkty klasy C (do 5\u20137%)<\/p>\n<\/li>\n<\/ul>\n<p data-start=\"1129\" data-end=\"1166\">Towar nie jest sprawdzany pojedynczo.<\/p>\n<h2 data-section-id=\"1mp0th9\" data-start=\"1173\" data-end=\"1188\">Par\u00e1metros<\/h2>\n<ul data-start=\"1190\" data-end=\"1304\">\n<li data-section-id=\"15uld08\" data-start=\"1190\" data-end=\"1210\">\n<p data-start=\"1192\" data-end=\"1210\">peso: <strong data-start=\"1198\" data-end=\"1208\">107 kg<\/strong><\/p>\n<\/li>\n<li data-section-id=\"usyt7n\" data-start=\"1211\" data-end=\"1247\">\n<p data-start=\"1213\" data-end=\"1247\">altura de la paleta:<strong data-start=\"1230\" data-end=\"1245\">\u00a060 cm<\/strong><\/p>\n<\/li>\n<li data-section-id=\"5442hg\" data-start=\"1248\" data-end=\"1282\">\n<p data-start=\"1250\" data-end=\"1282\">ilo\u015b\u0107: <strong data-start=\"1257\" data-end=\"1280\">aproximadamente 150-200 piezas<\/strong><\/p>\n<\/li>\n<li data-section-id=\"1ojh24c\" data-start=\"1283\" data-end=\"1304\">\n<p data-start=\"1285\" data-end=\"1304\">composici\u00f3n: <strong data-start=\"1292\" data-end=\"1302\">al azar<\/strong><\/p>\n<\/li>\n<\/ul>\n<p data-start=\"1306\" data-end=\"1335\">Ka\u017cda paleta wygl\u0105da inaczej.<\/p>\n<h2 data-section-id=\"12z5qn1\" data-start=\"1342\" data-end=\"1367\">\ud83d\udcbc Para qu\u00e9 sirve<\/h2>\n<ul>\n<li>Ta oferta b\u0119dzie dla Ciebie odpowiednia, je\u015bli:<\/li>\n<li>sprzedajesz na <a href=\"https:\/\/allegro.pl\/\" target=\"_blank\" rel=\"noopener\">Allegro<\/a>, <a href=\"https:\/\/www.olx.pl\/\" target=\"_blank\" rel=\"noopener\">OLX<\/a>, <a href=\"https:\/\/www.ebay.com\/\" target=\"_blank\" rel=\"noopener\">eBay<\/a>, <a href=\"https:\/\/www.amazon.com\/\" target=\"_blank\" rel=\"noopener\">Amazon <\/a>i innych platformach handlowych<\/li>\n<li>tiene una tienda online<\/li>\n<li>desea vender productos individuales con un margen<\/li>\n<li>szukasz towaru na start<\/li>\n<li>Du\u017ca liczba niewielkich produkt\u00f3w = szybka sprzeda\u017c.<\/li>\n<\/ul>\n<h2 data-section-id=\"gfj1y1\" data-start=\"1608\" data-end=\"1621\">\ud83d\ude9a Entrega<\/h2>\n<ul data-start=\"1623\" data-end=\"1690\">\n<li data-section-id=\"10nvshm\" data-start=\"1623\" data-end=\"1643\">\n<p data-start=\"1625\" data-end=\"1643\">env\u00edo desde Europa<\/p>\n<\/li>\n<li data-section-id=\"wz2p5c\" data-start=\"1644\" data-end=\"1665\">\n<p data-start=\"1646\" data-end=\"1665\">r\u00e1pida aplicaci\u00f3n<\/p>\n<\/li>\n<li data-section-id=\"1qo0dyy\" data-start=\"1666\" data-end=\"1690\">\n<p data-start=\"1668\" data-end=\"1690\">embalaje seguro<\/p>\n<\/li>\n<\/ul>\n<h2 data-section-id=\"p6kgem\" data-start=\"1697\" data-end=\"1719\">\u2139\ufe0f Informaci\u00f3n importante<\/h2>\n<ul data-start=\"1721\" data-end=\"1863\">\n<li data-section-id=\"oo8lin\" data-start=\"1721\" data-end=\"1760\">\n<p data-start=\"1723\" data-end=\"1760\">Productos sin clasificar (Devoluciones de Amazon)<\/p>\n<\/li>\n<li data-section-id=\"1bi9krm\" data-start=\"1761\" data-end=\"1790\">\n<p data-start=\"1763\" data-end=\"1790\">los productos no se someten a pruebas<\/p>\n<\/li>\n<li data-section-id=\"iag8fx\" data-start=\"1791\" data-end=\"1830\">\n<p data-start=\"1793\" data-end=\"1830\">posible mezcla de Clase C (hasta 5-7%)<\/p>\n<\/li>\n<li data-section-id=\"zia6d9\" data-start=\"1831\" data-end=\"1863\">\n<p data-start=\"1833\" data-end=\"1863\">cada pal\u00e9 embalado aleatoriamente<\/p>\n<\/li>\n<\/ul>\n<h2 data-section-id=\"1915pio\" data-start=\"1870\" data-end=\"1892\">\ud83d\udcf8 Fotos del producto<\/h2>\n<p data-start=\"1894\" data-end=\"1964\">Zdj\u0119cia s\u0105 przyk\u0142adowe i pokazuj\u0105, jak mo\u017ce wygl\u0105da\u0107 zawarto\u015b\u0107 palety.<\/p>","protected":false},"excerpt":{"rendered":"<p class=\"p1\">\u26a1 Oko\u0142o 100% elektroniki<\/p>\n<p class=\"p1\">\ud83c\uddec\ud83c\udde7 UK<\/p>\n<p class=\"p1\">\ud83d\udd25 Amazon Returns<\/p>\n<p class=\"p1\" style=\"text-align: left;\">\u2714\ufe0f Jako\u015b\u0107 A\u2013B<\/p>","protected":false},"featured_media":50499,"comment_status":"open","ping_status":"closed","template":"","meta":{"_acf_changed":false},"product_brand":[],"product_cat":[1258,1282],"product_tag":[1280],"class_list":{"0":"post-50500","1":"product","2":"type-product","3":"status-publish","4":"has-post-thumbnail","6":"product_cat-amazon-paleta","7":"product_cat-drobna-elektronika-uk-amazon-returns-ab","8":"product_tag-paleta-mix-elektroniki-z-anglii","10":"first","11":"instock","12":"sold-individually","13":"taxable","14":"shipping-taxable","15":"purchasable","16":"product-type-simple"},"acf":[],"_links":{"self":[{"href":"https:\/\/stockify24.pl\/es\/wp-json\/wp\/v2\/product\/50500","targetHints":{"allow":["GET"]}}],"collection":[{"href":"https:\/\/stockify24.pl\/es\/wp-json\/wp\/v2\/product"}],"about":[{"href":"https:\/\/stockify24.pl\/es\/wp-json\/wp\/v2\/types\/product"}],"replies":[{"embeddable":true,"href":"https:\/\/stockify24.pl\/es\/wp-json\/wp\/v2\/comments?post=50500"}],"wp:featuredmedia":[{"embeddable":true,"href":"https:\/\/stockify24.pl\/es\/wp-json\/wp\/v2\/media\/50499"}],"wp:attachment":[{"href":"https:\/\/stockify24.pl\/es\/wp-json\/wp\/v2\/media?parent=50500"}],"wp:term":[{"taxonomy":"product_brand","embeddable":true,"href":"https:\/\/stockify24.pl\/es\/wp-json\/wp\/v2\/product_brand?post=50500"},{"taxonomy":"product_cat","embeddable":true,"href":"https:\/\/stockify24.pl\/es\/wp-json\/wp\/v2\/product_cat?post=50500"},{"taxonomy":"product_tag","embeddable":true,"href":"https:\/\/stockify24.pl\/es\/wp-json\/wp\/v2\/product_tag?post=50500"}],"curies":[{"name":"wp","href":"https:\/\/api.w.org\/{rel}","templated":true}]}}