{"id":50679,"date":"2026-03-23T11:03:02","date_gmt":"2026-03-23T10:03:02","guid":{"rendered":"https:\/\/stockify24.pl\/?post_type=product&#038;p=50679"},"modified":"2026-03-30T12:43:06","modified_gmt":"2026-03-30T11:43:06","slug":"palety-amazon-mix-a-b-1","status":"publish","type":"product","link":"https:\/\/stockify24.pl\/es\/producto\/palety-amazon-mix-a-b-1\/","title":{"rendered":"Amazon MIX Palets | A-B | #1"},"content":{"rendered":"<div class=\"flex flex-col text-sm pb-25\">\n<section class=\"text-token-text-primary w-full focus:outline-none [--shadow-height:45px] has-data-writing-block:pointer-events-none has-data-writing-block:-mt-(--shadow-height) has-data-writing-block:pt-(--shadow-height) [&amp;:has([data-writing-block])&gt;*]:pointer-events-auto scroll-mt-[calc(var(--header-height)+min(200px,max(70px,20svh)))]\" dir=\"auto\" data-turn-id=\"request-69b8245d-0030-838e-b654-ccb872ba6f51-25\" data-testid=\"conversation-turn-200\" data-scroll-anchor=\"true\" data-turn=\"assistant\">\n<div class=\"text-base my-auto mx-auto pb-10 [--thread-content-margin:var(--thread-content-margin-xs,calc(var(--spacing)*4))] @w-sm\/main:[--thread-content-margin:var(--thread-content-margin-sm,calc(var(--spacing)*6))] @w-lg\/main:[--thread-content-margin:var(--thread-content-margin-lg,calc(var(--spacing)*16))] px-(--thread-content-margin)\">\n<div class=\"[--thread-content-max-width:40rem] @w-lg\/main:[--thread-content-max-width:48rem] mx-auto max-w-(--thread-content-max-width) flex-1 group\/turn-messages focus-visible:outline-hidden relative flex w-full min-w-0 flex-col agent-turn\">\n<div class=\"flex max-w-full flex-col gap-4 grow\">\n<div class=\"min-h-8 text-message relative flex w-full flex-col items-end gap-2 text-start break-words whitespace-normal outline-none keyboard-focused:focus-ring [.text-message+&amp;]:mt-1\" dir=\"auto\" tabindex=\"0\" data-message-author-role=\"assistant\" data-message-id=\"ed8abcdd-be0d-4615-88f1-9a47a52c2d16\" data-message-model-slug=\"gpt-5-3\" data-turn-start-message=\"true\">\n<div class=\"flex w-full flex-col gap-1 empty:hidden\">\n<div class=\"markdown prose dark:prose-invert w-full wrap-break-word dark markdown-new-styling\">\n<div class=\"flex h-svh w-screen flex-col\">\n<div class=\"relative z-0 flex min-h-0 w-full flex-1\">\n<div class=\"relative flex min-h-0 w-full flex-1\">\n<div class=\"@container\/main relative flex min-w-0 flex-1 flex-col -translate-y-[calc(env(safe-area-inset-bottom,0px)\/2)] pt-[calc(env(safe-area-inset-bottom,0px)\/2)]\">\n<div class=\"@w-sm\/main:[scrollbar-gutter:var(--stage-scroll-gutter)] touch:[scrollbar-width:none] group\/scroll-root relative flex min-h-0 min-w-0 flex-1 flex-col [scrollbar-gutter:stable] not-print:overflow-x-clip not-print:overflow-y-auto group-data-stream-active\/scroll-root:[overflow-anchor:none] scroll-pt-(--header-height) [--sticky-padding-top:var(--header-height)] [--sticky-padding-bottom:0px] [--scroll-root-safe-area-inset-top:calc(var(--sticky-padding-top)+env(safe-area-inset-top,0px))] [--scroll-root-safe-area-inset-bottom:calc(var(--sticky-padding-bottom)+var(--screen-keyboard-height,0px)+env(safe-area-inset-bottom,0px))] [--scroll-root-safe-area-height:calc(100lvh-var(--scroll-root-safe-area-inset-top)-var(--scroll-root-safe-area-inset-bottom))] has-data-[fixed-header=less-than-xl]:@w-xl\/main:scroll-pt-0 has-data-[fixed-header=less-than-xl]:@w-xl\/main:[--sticky-padding-top:0px] has-data-[fixed-header=less-than-xxl]:@w-2xl\/main:scroll-pt-0 has-data-[fixed-header=less-than-xxl]:@w-2xl\/main:[--sticky-padding-top:0px]\" data-scroll-root=\"\" data-scroll-from-top=\"\">\n<div class=\"relative basis-auto flex-col -mb-(--composer-overlap-px) pb-(--composer-overlap-px) [--composer-overlap-px:28px] grow flex\">\n<div class=\"flex flex-col text-sm\">\n<section class=\"text-token-text-primary w-full focus:outline-none [--shadow-height:45px] has-data-writing-block:pointer-events-none has-data-writing-block:-mt-(--shadow-height) has-data-writing-block:pt-(--shadow-height) [&amp;:has([data-writing-block])&gt;*]:pointer-events-auto scroll-mt-[calc(var(--header-height)+min(200px,max(70px,20svh)))]\" dir=\"auto\" data-turn-id=\"request-WEB:cc509de0-714c-4653-ad32-6b5e125a8411-7\" data-testid=\"conversation-turn-10\" data-scroll-anchor=\"true\" data-turn=\"assistant\">\n<div class=\"text-base my-auto mx-auto pb-10 [--thread-content-margin:var(--thread-content-margin-xs,calc(var(--spacing)*4))] @w-sm\/main:[--thread-content-margin:var(--thread-content-margin-sm,calc(var(--spacing)*6))] @w-lg\/main:[--thread-content-margin:var(--thread-content-margin-lg,calc(var(--spacing)*16))] px-(--thread-content-margin)\">\n<div class=\"[--thread-content-max-width:40rem] @w-lg\/main:[--thread-content-max-width:48rem] mx-auto max-w-(--thread-content-max-width) flex-1 group\/turn-messages focus-visible:outline-hidden relative flex w-full min-w-0 flex-col agent-turn\">\n<div class=\"flex max-w-full flex-col gap-4 grow\">\n<div class=\"min-h-8 text-message relative flex w-full flex-col items-end gap-2 text-start break-words whitespace-normal outline-none keyboard-focused:focus-ring [.text-message+&amp;]:mt-1\" dir=\"auto\" tabindex=\"0\" data-message-author-role=\"assistant\" data-message-id=\"cfa6deea-8ce4-4542-9cf9-48a3b1cdbe9a\" data-message-model-slug=\"gpt-5-3\" data-turn-start-message=\"true\">\n<div class=\"flex w-full flex-col gap-1 empty:hidden\">\n<div class=\"markdown prose dark:prose-invert w-full wrap-break-word dark markdown-new-styling\">\n<h2 data-section-id=\"1ao84bb\" data-start=\"0\" data-end=\"83\">\ud83d\udd25 Palety Amazon MIX 115 kg \u2013 60% elektronika | mix kategorii A\u2013B do odsprzeda\u017cy<\/h2>\n<p data-start=\"85\" data-end=\"438\"><strong data-start=\"85\" data-end=\"113\">Paleta Amazon MIX 115 kg<\/strong> to rozwi\u0105zanie dla e-commerce, sprzeda\u017cy hurtowej oraz reseller\u00f3w, kt\u00f3rzy potrzebuj\u0105 towaru o wysokiej rotacji i szerokim zakresie sprzeda\u017cy. Struktura palety obejmuje oko\u0142o 60% elektroniki u\u017cytkowej oraz 40% produkt\u00f3w z r\u00f3\u017cnych kategorii, co pozwala na efektywne rozszerzenie oferty i zwi\u0119kszenie sprzeda\u017cy.<\/p>\n<p data-start=\"440\" data-end=\"682\">Towar pochodzi z Amazon Returns (zwroty konsumenckie Amazon) i dostarczany jest w formie palet o losowym, zmiennym sk\u0142adzie. Brak sta\u0142ej listy produkt\u00f3w umo\u017cliwia dywersyfikacj\u0119 asortymentu oraz testowanie r\u00f3\u017cnych segment\u00f3w rynku.<\/p>\n<p data-start=\"440\" data-end=\"682\">Wszystkie modele palet Amazon mo\u017cna znale\u017a\u0107 <a href=\"https:\/\/stockify24.pl\/sklep\/\"><strong>tutaj<\/strong>.<\/a><\/p>\n<h2 data-section-id=\"12dhnn5\" data-start=\"689\" data-end=\"741\">\ud83d\udce6 Zawarto\u015b\u0107 palety \u2013 elektronika i mix produkt\u00f3w<\/h2>\n<p data-start=\"743\" data-end=\"824\">Ka\u017cda <strong data-start=\"749\" data-end=\"777\">paleta Amazon MIX 115 kg<\/strong> zawiera szeroki wyb\u00f3r produkt\u00f3w konsumenckich:<\/p>\n<ul data-start=\"826\" data-end=\"1033\">\n<li data-section-id=\"s7jikq\" data-start=\"826\" data-end=\"957\">elektronika u\u017cytkowa (ok. 60%): akcesoria do telefon\u00f3w, \u0142adowarki, kable, urz\u0105dzenia USB, powerbanki, gad\u017cety elektroniczne<\/li>\n<li data-section-id=\"1l9jzmm\" data-start=\"958\" data-end=\"1033\">mix kategorii (ok. 40%): produkty z r\u00f3\u017cnych segment\u00f3w sprzeda\u017cowych<\/li>\n<\/ul>\n<p data-start=\"1035\" data-end=\"1151\">\ud83d\udcca Zr\u00f3\u017cnicowany sk\u0142ad palety pozwala zwi\u0119kszy\u0107 liczb\u0119 ofert i elastycznie dopasowa\u0107 sprzeda\u017c do r\u00f3\u017cnych kana\u0142\u00f3w.<\/p>\n<h2 data-section-id=\"1ytwfss\" data-start=\"1158\" data-end=\"1194\">\ud83c\udd70\ufe0f\ud83c\udd71\ufe0f Stan produkt\u00f3w \u2013 klasa A\u2013B<\/h2>\n<ul data-start=\"1196\" data-end=\"1350\">\n<li data-section-id=\"clit29\" data-start=\"1196\" data-end=\"1260\">wi\u0119kszo\u015b\u0107 produkt\u00f3w jest nowa lub w bardzo dobrym stanie<\/li>\n<li data-section-id=\"mp434v\" data-start=\"1261\" data-end=\"1301\">mo\u017cliwe lekkie \u015blady u\u017cytkowania<\/li>\n<li data-section-id=\"wszw4s\" data-start=\"1302\" data-end=\"1350\">dopuszczalna domieszka klasy C (do 5\u20137%)<\/li>\n<\/ul>\n<p data-start=\"1352\" data-end=\"1406\">\ud83d\udccc Produkty pochodz\u0105 ze zwrot\u00f3w i nie s\u0105 testowane<\/p>\n<h2 data-section-id=\"1ql8frp\" data-start=\"1413\" data-end=\"1445\">\ud83d\udcd0 Specyfikacja palety<\/h2>\n<ul data-start=\"1447\" data-end=\"1606\">\n<li data-section-id=\"1riaqo4\" data-start=\"1447\" data-end=\"1478\">waga netto:<strong data-start=\"1462\" data-end=\"1476\">\u00a0115 kg<\/strong><\/li>\n<li data-section-id=\"13r9f5k\" data-start=\"1479\" data-end=\"1514\">wysoko\u015b\u0107 palety: <strong data-start=\"1498\" data-end=\"1512\">ok. 100 cm<\/strong><\/li>\n<li data-section-id=\"17l6cbc\" data-start=\"1515\" data-end=\"1569\">struktura: <strong data-start=\"1528\" data-end=\"1567\">60% elektronika \/ 40% mix kategorii<\/strong><\/li>\n<li data-section-id=\"1p3t42g\" data-start=\"1570\" data-end=\"1606\">sk\u0142ad: <strong data-start=\"1579\" data-end=\"1604\">losowy i zr\u00f3\u017cnicowany<\/strong><\/li>\n<\/ul>\n<p data-start=\"1608\" data-end=\"1671\">Ka\u017cda paleta jest <strong data-start=\"1626\" data-end=\"1638\">unikalna<\/strong> i zawiera inny zestaw produkt\u00f3w.<\/p>\n<h2 data-section-id=\"1hou7wg\" data-start=\"1678\" data-end=\"1728\">\ud83d\udcbc Zastosowanie \u2013 sprzeda\u017c i skalowanie biznesu<\/h2>\n<p data-start=\"1730\" data-end=\"1798\"><strong data-start=\"1730\" data-end=\"1758\">Palety Amazon MIX 115 kg<\/strong> s\u0105 odpowiednie dla sprzedawc\u00f3w, kt\u00f3rzy:<\/p>\n<ul data-start=\"1800\" data-end=\"1970\">\n<li data-section-id=\"mngdxq\" data-start=\"1800\" data-end=\"1840\">dzia\u0142aj\u0105 na <a href=\"https:\/\/allegro.pl\/\" target=\"_blank\" rel=\"noopener\">Allegro<\/a>, <a href=\"https:\/\/www.olx.pl\/\" target=\"_blank\" rel=\"noopener\">OLX<\/a>, <a href=\"https:\/\/www.ebay.com\/\" target=\"_blank\" rel=\"noopener\">eBay<\/a>, <a href=\"https:\/\/www.amazon.com\/\" target=\"_blank\" rel=\"noopener\">Amazon<\/a><\/li>\n<li data-section-id=\"1hxtzkm\" data-start=\"1841\" data-end=\"1876\">prowadz\u0105 sklepy internetowe<\/li>\n<li data-section-id=\"1iq6lz2\" data-start=\"1877\" data-end=\"1922\">sprzedaj\u0105 produkty pojedynczo z mar\u017c\u0105<\/li>\n<li data-section-id=\"9iwne9\" data-start=\"1923\" data-end=\"1970\">poszukuj\u0105 towaru do dalszej odsprzeda\u017cy<\/li>\n<\/ul>\n<p data-start=\"1972\" data-end=\"2088\">Po\u0142\u0105czenie elektroniki i produkt\u00f3w z r\u00f3\u017cnych kategorii pozwala na zwi\u0119kszenie rotacji towaru i rozw\u00f3j sprzeda\u017cy.<\/p>\n<h2 data-section-id=\"3aysx5\" data-start=\"2095\" data-end=\"2120\">\ud83d\ude9a Logistyka i dostawa<\/h2>\n<ul data-start=\"2122\" data-end=\"2216\">\n<li data-section-id=\"1j548yy\" data-start=\"2122\" data-end=\"2154\">wysy\u0142ka z magazynu w Europie<\/li>\n<li data-section-id=\"igemay\" data-start=\"2155\" data-end=\"2185\">szybka realizacja zam\u00f3wie\u0144<\/li>\n<li data-section-id=\"1j8kcmu\" data-start=\"2186\" data-end=\"2216\">bezpieczne pakowanie palet<\/li>\n<\/ul>\n<h2 data-section-id=\"p6kgem\" data-start=\"2223\" data-end=\"2245\">\u2139\ufe0f Wa\u017cne informacje<\/h2>\n<ul data-start=\"2247\" data-end=\"2410\">\n<li data-section-id=\"1muxdyt\" data-start=\"2247\" data-end=\"2295\">towar typu Amazon Returns \u2013 niesortowany<\/li>\n<li data-section-id=\"vpxobm\" data-start=\"2296\" data-end=\"2329\">produkty nie s\u0105 testowane<\/li>\n<li data-section-id=\"4a0pj1\" data-start=\"2330\" data-end=\"2373\">mo\u017cliwa domieszka klasy C (do 5\u20137%)<\/li>\n<li data-section-id=\"yrpjul\" data-start=\"2374\" data-end=\"2410\">ka\u017cda paleta pakowana <strong data-start=\"2398\" data-end=\"2408\">losowo<\/strong><\/li>\n<\/ul>\n<h2 data-section-id=\"1915pio\" data-start=\"2417\" data-end=\"2439\">\ud83d\udcf8 Zdj\u0119cia produktu<\/h2>\n<p data-start=\"2441\" data-end=\"2522\">Zdj\u0119cia maj\u0105 charakter pogl\u0105dowy i przedstawiaj\u0105 przyk\u0142adow\u0105 zawarto\u015b\u0107 palet.<\/p>\n<\/div>\n<\/div>\n<\/div>\n<\/div>\n<\/div>\n<\/div>\n<\/section>\n<\/div>\n<\/div>\n<\/div>\n<\/div>\n<\/div>\n<\/div>\n<\/div>\n<\/div>\n<\/div>\n<\/div>\n<\/div>\n<\/div>\n<\/div>\n<\/section>\n<\/div>\n","protected":false},"excerpt":{"rendered":"<p class=\"p1\">\u26a1 Oko\u0142o 60% elektroniki, mix kategorii (ok. 40%)<\/p>\n<p class=\"p1\">\ud83d\udd25 Amazon Returns<\/p>\n<p class=\"p1\" style=\"text-align: left;\">\u2714\ufe0f Jako\u015b\u0107 A\u2013B<\/p>","protected":false},"featured_media":50680,"comment_status":"open","ping_status":"closed","template":"","meta":{"_acf_changed":false},"product_brand":[],"product_cat":[1287],"product_tag":[1294],"class_list":{"0":"post-50679","1":"product","2":"type-product","3":"status-publish","4":"has-post-thumbnail","6":"product_cat-amazon-mix","7":"product_tag-amazon-mix","9":"first","10":"instock","11":"sold-individually","12":"taxable","13":"shipping-taxable","14":"purchasable","15":"product-type-simple"},"acf":[],"_links":{"self":[{"href":"https:\/\/stockify24.pl\/es\/wp-json\/wp\/v2\/product\/50679","targetHints":{"allow":["GET"]}}],"collection":[{"href":"https:\/\/stockify24.pl\/es\/wp-json\/wp\/v2\/product"}],"about":[{"href":"https:\/\/stockify24.pl\/es\/wp-json\/wp\/v2\/types\/product"}],"replies":[{"embeddable":true,"href":"https:\/\/stockify24.pl\/es\/wp-json\/wp\/v2\/comments?post=50679"}],"wp:featuredmedia":[{"embeddable":true,"href":"https:\/\/stockify24.pl\/es\/wp-json\/wp\/v2\/media\/50680"}],"wp:attachment":[{"href":"https:\/\/stockify24.pl\/es\/wp-json\/wp\/v2\/media?parent=50679"}],"wp:term":[{"taxonomy":"product_brand","embeddable":true,"href":"https:\/\/stockify24.pl\/es\/wp-json\/wp\/v2\/product_brand?post=50679"},{"taxonomy":"product_cat","embeddable":true,"href":"https:\/\/stockify24.pl\/es\/wp-json\/wp\/v2\/product_cat?post=50679"},{"taxonomy":"product_tag","embeddable":true,"href":"https:\/\/stockify24.pl\/es\/wp-json\/wp\/v2\/product_tag?post=50679"}],"curies":[{"name":"wp","href":"https:\/\/api.w.org\/{rel}","templated":true}]}}