{"id":50693,"date":"2026-03-23T12:16:01","date_gmt":"2026-03-23T11:16:01","guid":{"rendered":"https:\/\/stockify24.pl\/?post_type=product&#038;p=50693"},"modified":"2026-03-30T12:46:04","modified_gmt":"2026-03-30T11:46:04","slug":"palety-amazon-mix-a-b-79-kopia","status":"publish","type":"product","link":"https:\/\/stockify24.pl\/es\/producto\/palety-amazon-mix-a-b-79-kopia\/","title":{"rendered":"Amazon MIX | A-B | palets"},"content":{"rendered":"<div class=\"flex flex-col text-sm pb-25\">\n<section class=\"text-token-text-primary w-full focus:outline-none [--shadow-height:45px] has-data-writing-block:pointer-events-none has-data-writing-block:-mt-(--shadow-height) has-data-writing-block:pt-(--shadow-height) [&amp;:has([data-writing-block])&gt;*]:pointer-events-auto scroll-mt-[calc(var(--header-height)+min(200px,max(70px,20svh)))]\" dir=\"auto\" data-turn-id=\"request-69b8245d-0030-838e-b654-ccb872ba6f51-25\" data-testid=\"conversation-turn-200\" data-scroll-anchor=\"true\" data-turn=\"assistant\">\n<div class=\"text-base my-auto mx-auto pb-10 [--thread-content-margin:var(--thread-content-margin-xs,calc(var(--spacing)*4))] @w-sm\/main:[--thread-content-margin:var(--thread-content-margin-sm,calc(var(--spacing)*6))] @w-lg\/main:[--thread-content-margin:var(--thread-content-margin-lg,calc(var(--spacing)*16))] px-(--thread-content-margin)\">\n<div class=\"[--thread-content-max-width:40rem] @w-lg\/main:[--thread-content-max-width:48rem] mx-auto max-w-(--thread-content-max-width) flex-1 group\/turn-messages focus-visible:outline-hidden relative flex w-full min-w-0 flex-col agent-turn\">\n<div class=\"flex max-w-full flex-col gap-4 grow\">\n<div class=\"min-h-8 text-message relative flex w-full flex-col items-end gap-2 text-start break-words whitespace-normal outline-none keyboard-focused:focus-ring [.text-message+&amp;]:mt-1\" dir=\"auto\" tabindex=\"0\" data-message-author-role=\"assistant\" data-message-id=\"ed8abcdd-be0d-4615-88f1-9a47a52c2d16\" data-message-model-slug=\"gpt-5-3\" data-turn-start-message=\"true\">\n<div class=\"flex w-full flex-col gap-1 empty:hidden\">\n<div class=\"markdown prose dark:prose-invert w-full wrap-break-word dark markdown-new-styling\">\n<div class=\"flex h-svh w-screen flex-col\">\n<div class=\"relative z-0 flex min-h-0 w-full flex-1\">\n<div class=\"relative flex min-h-0 w-full flex-1\">\n<div class=\"@container\/main relative flex min-w-0 flex-1 flex-col -translate-y-[calc(env(safe-area-inset-bottom,0px)\/2)] pt-[calc(env(safe-area-inset-bottom,0px)\/2)]\">\n<div class=\"@w-sm\/main:[scrollbar-gutter:var(--stage-scroll-gutter)] touch:[scrollbar-width:none] group\/scroll-root relative flex min-h-0 min-w-0 flex-1 flex-col [scrollbar-gutter:stable] not-print:overflow-x-clip not-print:overflow-y-auto group-data-stream-active\/scroll-root:[overflow-anchor:none] scroll-pt-(--header-height) [--sticky-padding-top:var(--header-height)] [--sticky-padding-bottom:0px] [--scroll-root-safe-area-inset-top:calc(var(--sticky-padding-top)+env(safe-area-inset-top,0px))] [--scroll-root-safe-area-inset-bottom:calc(var(--sticky-padding-bottom)+var(--screen-keyboard-height,0px)+env(safe-area-inset-bottom,0px))] [--scroll-root-safe-area-height:calc(100lvh-var(--scroll-root-safe-area-inset-top)-var(--scroll-root-safe-area-inset-bottom))] has-data-[fixed-header=less-than-xl]:@w-xl\/main:scroll-pt-0 has-data-[fixed-header=less-than-xl]:@w-xl\/main:[--sticky-padding-top:0px] has-data-[fixed-header=less-than-xxl]:@w-2xl\/main:scroll-pt-0 has-data-[fixed-header=less-than-xxl]:@w-2xl\/main:[--sticky-padding-top:0px]\" data-scroll-root=\"\" data-scroll-from-top=\"\">\n<div class=\"relative basis-auto flex-col -mb-(--composer-overlap-px) pb-(--composer-overlap-px) [--composer-overlap-px:28px] grow flex\">\n<div class=\"flex flex-col text-sm\">\n<section class=\"text-token-text-primary w-full focus:outline-none [--shadow-height:45px] has-data-writing-block:pointer-events-none has-data-writing-block:-mt-(--shadow-height) has-data-writing-block:pt-(--shadow-height) [&amp;:has([data-writing-block])&gt;*]:pointer-events-auto scroll-mt-[calc(var(--header-height)+min(200px,max(70px,20svh)))]\" dir=\"auto\" data-turn-id=\"request-WEB:cc509de0-714c-4653-ad32-6b5e125a8411-7\" data-testid=\"conversation-turn-10\" data-scroll-anchor=\"true\" data-turn=\"assistant\">\n<div class=\"text-base my-auto mx-auto pb-10 [--thread-content-margin:var(--thread-content-margin-xs,calc(var(--spacing)*4))] @w-sm\/main:[--thread-content-margin:var(--thread-content-margin-sm,calc(var(--spacing)*6))] @w-lg\/main:[--thread-content-margin:var(--thread-content-margin-lg,calc(var(--spacing)*16))] px-(--thread-content-margin)\">\n<div class=\"[--thread-content-max-width:40rem] @w-lg\/main:[--thread-content-max-width:48rem] mx-auto max-w-(--thread-content-max-width) flex-1 group\/turn-messages focus-visible:outline-hidden relative flex w-full min-w-0 flex-col agent-turn\">\n<div class=\"flex max-w-full flex-col gap-4 grow\">\n<div class=\"min-h-8 text-message relative flex w-full flex-col items-end gap-2 text-start break-words whitespace-normal outline-none keyboard-focused:focus-ring [.text-message+&amp;]:mt-1\" dir=\"auto\" tabindex=\"0\" data-message-author-role=\"assistant\" data-message-id=\"cfa6deea-8ce4-4542-9cf9-48a3b1cdbe9a\" data-message-model-slug=\"gpt-5-3\" data-turn-start-message=\"true\">\n<div class=\"flex w-full flex-col gap-1 empty:hidden\">\n<div class=\"markdown prose dark:prose-invert w-full wrap-break-word dark markdown-new-styling\">\n<h2 data-section-id=\"6qys6m\" data-start=\"0\" data-end=\"76\">\ud83d\udd25 Palety Amazon MIX \u2013 60% elektronika | mix kategorii A\u2013B do odsprzeda\u017cy<\/h2>\n<p data-start=\"78\" data-end=\"417\"><strong data-start=\"78\" data-end=\"99\">Palety Amazon MIX<\/strong> to rozwi\u0105zanie dla e-commerce, sprzeda\u017cy hurtowej i reseller\u00f3w, kt\u00f3rzy potrzebuj\u0105 towaru o szybkiej rotacji i stabilnym popycie.<\/p>\n<p data-start=\"78\" data-end=\"417\">Struktura obejmuje oko\u0142o 60% elektroniki u\u017cytkowej oraz 40% produkt\u00f3w z r\u00f3\u017cnych kategorii, co umo\u017cliwia zwi\u0119kszenie liczby ofert i sprzeda\u017c w wielu segmentach jednocze\u015bnie.<\/p>\n<p data-start=\"419\" data-end=\"635\">Towar pochodzi z Amazon Returns (zwroty konsumenckie Amazon) i dost\u0119pny jest jako palety niesortowane. Ka\u017cda paleta ma <strong data-start=\"546\" data-end=\"562\">losowy sk\u0142ad<\/strong>, bez listy produkt\u00f3w, co zwi\u0119ksza r\u00f3\u017cnorodno\u015b\u0107 i mo\u017cliwo\u015bci sprzeda\u017cowe.<\/p>\n<p data-start=\"419\" data-end=\"635\">Wszystkie modele palet Amazon mo\u017cna znale\u017a\u0107 <a href=\"https:\/\/stockify24.pl\/sklep\/\"><strong>tutaj<\/strong>.<\/a><\/p>\n<h2 data-section-id=\"187z8g\" data-start=\"642\" data-end=\"674\">\ud83d\udce6 Zawarto\u015b\u0107 palet Amazon MIX<\/h2>\n<p data-start=\"676\" data-end=\"736\">Ka\u017cda paleta zawiera mix produkt\u00f3w konsumenckich, w tym:<\/p>\n<h3 data-section-id=\"19f8jx4\" data-start=\"738\" data-end=\"775\">\ud83d\udd0c Elektronika u\u017cytkowa \u2013 ok. 60%<\/h3>\n<ul data-start=\"776\" data-end=\"901\">\n<li data-section-id=\"1lxu5gy\" data-start=\"776\" data-end=\"802\">akcesoria do telefon\u00f3w<\/li>\n<li data-section-id=\"1i9syxa\" data-start=\"803\" data-end=\"824\">\u0142adowarki i kable<\/li>\n<li data-section-id=\"10gmz6c\" data-start=\"825\" data-end=\"841\">przewody USB<\/li>\n<li data-section-id=\"l9fl3s\" data-start=\"842\" data-end=\"856\">powerbanki<\/li>\n<li data-section-id=\"x5tve1\" data-start=\"857\" data-end=\"875\">urz\u0105dzenia USB<\/li>\n<li data-section-id=\"6uw8kl\" data-start=\"876\" data-end=\"901\">gad\u017cety elektroniczne<\/li>\n<\/ul>\n<h3 data-section-id=\"nd0a9k\" data-start=\"903\" data-end=\"933\">\ud83d\udce6 Mix kategorii \u2013 ok. 40%<\/h3>\n<ul data-start=\"934\" data-end=\"980\">\n<li data-section-id=\"1xmewib\" data-start=\"934\" data-end=\"980\">produkty z r\u00f3\u017cnych segment\u00f3w sprzeda\u017cowych<\/li>\n<\/ul>\n<p data-start=\"982\" data-end=\"1098\">\ud83d\udcca Zr\u00f3\u017cnicowany asortyment pozwala zwi\u0119kszy\u0107 liczb\u0119 ofert i prowadzi\u0107 sprzeda\u017c w wielu kategoriach jednocze\u015bnie.<\/p>\n<h2 data-section-id=\"1ytwfss\" data-start=\"1105\" data-end=\"1141\">\ud83c\udd70\ufe0f\ud83c\udd71\ufe0f Stan produkt\u00f3w \u2013 klasa A\u2013B<\/h2>\n<ul data-start=\"1143\" data-end=\"1292\">\n<li data-section-id=\"clit29\" data-start=\"1143\" data-end=\"1207\">wi\u0119kszo\u015b\u0107 produkt\u00f3w jest <strong data-start=\"1170\" data-end=\"1205\">nowa lub w bardzo dobrym stanie<\/strong><\/li>\n<li data-section-id=\"mp434v\" data-start=\"1208\" data-end=\"1248\">mo\u017cliwe lekkie \u015blady u\u017cytkowania<\/li>\n<li data-section-id=\"4a0pj1\" data-start=\"1249\" data-end=\"1292\">mo\u017cliwa domieszka klasy C (do 5\u20137%)<\/li>\n<\/ul>\n<p data-start=\"1294\" data-end=\"1348\">\ud83d\udccc Produkty pochodz\u0105 ze zwrot\u00f3w i nie s\u0105 testowane<\/p>\n<h2 data-section-id=\"1493qs5\" data-start=\"1355\" data-end=\"1379\">\ud83d\udcd0 Specyfikacja palet<\/h2>\n<ul data-start=\"1381\" data-end=\"1503\">\n<li data-section-id=\"13r9f5k\" data-start=\"1381\" data-end=\"1416\">wysoko\u015b\u0107 palety: <strong data-start=\"1400\" data-end=\"1414\">ok. 100 cm<\/strong><\/li>\n<li data-section-id=\"17l6cbc\" data-start=\"1417\" data-end=\"1471\">struktura: <strong data-start=\"1430\" data-end=\"1469\">60% elektronika \/ 40% mix kategorii<\/strong><\/li>\n<li data-section-id=\"p80nlj\" data-start=\"1472\" data-end=\"1503\">sk\u0142ad: <strong data-start=\"1481\" data-end=\"1501\">losowy i zmienny<\/strong><\/li>\n<\/ul>\n<p data-start=\"1505\" data-end=\"1568\">Ka\u017cda paleta jest <strong data-start=\"1523\" data-end=\"1535\">unikalna<\/strong> i zawiera inny zestaw produkt\u00f3w.<\/p>\n<h2 data-section-id=\"l5lpbi\" data-start=\"1575\" data-end=\"1617\">\ud83d\udcbc Zastosowanie \u2013 sprzeda\u017c i odsprzeda\u017c<\/h2>\n<p data-start=\"1619\" data-end=\"1681\"><strong data-start=\"1619\" data-end=\"1640\">Palety Amazon MIX<\/strong> s\u0105 przeznaczone dla sprzedawc\u00f3w, kt\u00f3rzy:<\/p>\n<ul data-start=\"1683\" data-end=\"1890\">\n<li data-section-id=\"4yq4hc\" data-start=\"1683\" data-end=\"1724\">sprzedaj\u0105 na <a href=\"https:\/\/allegro.pl\/\" target=\"_blank\" rel=\"noopener\">Allegro<\/a>, <a href=\"https:\/\/www.olx.pl\/\" target=\"_blank\" rel=\"noopener\">OLX<\/a>, <a href=\"https:\/\/www.ebay.com\/\" target=\"_blank\" rel=\"noopener\">eBay<\/a>, <a href=\"https:\/\/www.amazon.com\/\" target=\"_blank\" rel=\"noopener\">Amazon<\/a><\/li>\n<li data-section-id=\"1hxtzkm\" data-start=\"1725\" data-end=\"1760\">prowadz\u0105 sklepy internetowe<\/li>\n<li data-section-id=\"1iq6lz2\" data-start=\"1761\" data-end=\"1806\">sprzedaj\u0105 produkty pojedynczo z mar\u017c\u0105<\/li>\n<li data-section-id=\"1006u0q\" data-start=\"1807\" data-end=\"1848\">rozwijaj\u0105 dzia\u0142alno\u015b\u0107 resellersk\u0105<\/li>\n<li data-section-id=\"1agummb\" data-start=\"1849\" data-end=\"1890\">szukaj\u0105 towaru o wysokiej rotacji<\/li>\n<\/ul>\n<p data-start=\"1892\" data-end=\"1975\">Du\u017ca liczba drobnych produkt\u00f3w pozwala szybko zwi\u0119kszy\u0107 sprzeda\u017c i skalowa\u0107 biznes.<\/p>\n<h2 data-section-id=\"14nr1um\" data-start=\"1982\" data-end=\"2008\">\ud83d\udcc8 Korzy\u015bci sprzeda\u017cowe<\/h2>\n<ul data-start=\"2010\" data-end=\"2220\">\n<li data-section-id=\"npsbna\" data-start=\"2010\" data-end=\"2071\">dost\u0119p do towaru z Amazon Returns w atrakcyjnej cenie<\/li>\n<li data-section-id=\"om4fxq\" data-start=\"2072\" data-end=\"2115\">mo\u017cliwo\u015b\u0107 sprzeda\u017cy w wielu kategoriach<\/li>\n<li data-section-id=\"8esk74\" data-start=\"2116\" data-end=\"2158\">zwi\u0119kszenie liczby ofert sprzeda\u017cowych<\/li>\n<li data-section-id=\"spduiy\" data-start=\"2159\" data-end=\"2195\">elastyczne ustalanie cen i mar\u017cy<\/li>\n<li data-section-id=\"1h1bown\" data-start=\"2196\" data-end=\"2220\">szybki obr\u00f3t towarem<\/li>\n<\/ul>\n<h2 data-section-id=\"pkeej4\" data-start=\"2227\" data-end=\"2253\">\ud83d\ude9a Dostawa i realizacja<\/h2>\n<ul data-start=\"2255\" data-end=\"2349\">\n<li data-section-id=\"1j548yy\" data-start=\"2255\" data-end=\"2287\">wysy\u0142ka z magazynu w Europie<\/li>\n<li data-section-id=\"igemay\" data-start=\"2288\" data-end=\"2318\">szybka realizacja zam\u00f3wie\u0144<\/li>\n<li data-section-id=\"1j8kcmu\" data-start=\"2319\" data-end=\"2349\">bezpieczne pakowanie palet<\/li>\n<\/ul>\n<h2 data-section-id=\"p6kgem\" data-start=\"2356\" data-end=\"2378\">\u2139\ufe0f Wa\u017cne informacje<\/h2>\n<ul data-start=\"2380\" data-end=\"2584\">\n<li data-section-id=\"1muxdyt\" data-start=\"2380\" data-end=\"2428\">towar typu Amazon Returns \u2013 niesortowany<\/li>\n<li data-section-id=\"vpxobm\" data-start=\"2429\" data-end=\"2462\">produkty nie s\u0105 testowane<\/li>\n<li data-section-id=\"4a0pj1\" data-start=\"2463\" data-end=\"2506\">mo\u017cliwa domieszka klasy C (do 5\u20137%)<\/li>\n<li data-section-id=\"mo09xk\" data-start=\"2507\" data-end=\"2547\">brak gwarancji konkretnej zawarto\u015bci<\/li>\n<li data-section-id=\"yrpjul\" data-start=\"2548\" data-end=\"2584\">ka\u017cda paleta pakowana <strong data-start=\"2572\" data-end=\"2582\">losowo<\/strong><\/li>\n<\/ul>\n<h2 data-section-id=\"1915pio\" data-start=\"2591\" data-end=\"2613\">\ud83d\udcf8 Zdj\u0119cia produktu<\/h2>\n<p data-start=\"2615\" data-end=\"2696\">Zdj\u0119cia maj\u0105 charakter pogl\u0105dowy i przedstawiaj\u0105 przyk\u0142adow\u0105 zawarto\u015b\u0107 palet.<\/p>\n<\/div>\n<\/div>\n<\/div>\n<\/div>\n<\/div>\n<\/div>\n<\/section>\n<\/div>\n<\/div>\n<\/div>\n<\/div>\n<\/div>\n<\/div>\n<\/div>\n<\/div>\n<\/div>\n<\/div>\n<\/div>\n<\/div>\n<\/div>\n<\/section>\n<\/div>\n","protected":false},"excerpt":{"rendered":"<p class=\"p1\">\u26a1 Oko\u0142o 60% elektroniki, mix kategorii (ok. 40%)<\/p>\n<p class=\"p1\">\ud83d\udd25 Amazon Returns<\/p>\n<p class=\"p1\" style=\"text-align: left;\">\u2714\ufe0f Jako\u015b\u0107 A\u2013B<\/p>","protected":false},"featured_media":50692,"comment_status":"open","ping_status":"closed","template":"","meta":{"_acf_changed":false},"product_brand":[],"product_cat":[1287],"product_tag":[1294],"class_list":{"0":"post-50693","1":"product","2":"type-product","3":"status-publish","4":"has-post-thumbnail","6":"product_cat-amazon-mix","7":"product_tag-amazon-mix","9":"first","10":"instock","11":"sold-individually","12":"taxable","13":"shipping-taxable","14":"purchasable","15":"product-type-simple"},"acf":[],"_links":{"self":[{"href":"https:\/\/stockify24.pl\/es\/wp-json\/wp\/v2\/product\/50693","targetHints":{"allow":["GET"]}}],"collection":[{"href":"https:\/\/stockify24.pl\/es\/wp-json\/wp\/v2\/product"}],"about":[{"href":"https:\/\/stockify24.pl\/es\/wp-json\/wp\/v2\/types\/product"}],"replies":[{"embeddable":true,"href":"https:\/\/stockify24.pl\/es\/wp-json\/wp\/v2\/comments?post=50693"}],"wp:featuredmedia":[{"embeddable":true,"href":"https:\/\/stockify24.pl\/es\/wp-json\/wp\/v2\/media\/50692"}],"wp:attachment":[{"href":"https:\/\/stockify24.pl\/es\/wp-json\/wp\/v2\/media?parent=50693"}],"wp:term":[{"taxonomy":"product_brand","embeddable":true,"href":"https:\/\/stockify24.pl\/es\/wp-json\/wp\/v2\/product_brand?post=50693"},{"taxonomy":"product_cat","embeddable":true,"href":"https:\/\/stockify24.pl\/es\/wp-json\/wp\/v2\/product_cat?post=50693"},{"taxonomy":"product_tag","embeddable":true,"href":"https:\/\/stockify24.pl\/es\/wp-json\/wp\/v2\/product_tag?post=50693"}],"curies":[{"name":"wp","href":"https:\/\/api.w.org\/{rel}","templated":true}]}}