{"id":50714,"date":"2026-03-23T15:21:41","date_gmt":"2026-03-23T14:21:41","guid":{"rendered":"https:\/\/stockify24.pl\/?post_type=product&#038;p=50714"},"modified":"2026-03-30T12:56:05","modified_gmt":"2026-03-30T11:56:05","slug":"palety-oswietlenie-eglo-led-200-kg-2","status":"publish","type":"product","link":"https:\/\/stockify24.pl\/es\/producto\/palety-oswietlenie-eglo-led-200-kg-2\/","title":{"rendered":"EGLO LED paletas de iluminaci\u00f3n | Categor\u00eda A | 200 kg"},"content":{"rendered":"<div class=\"flex flex-col text-sm pb-25\">\n<section class=\"text-token-text-primary w-full focus:outline-none [--shadow-height:45px] has-data-writing-block:pointer-events-none has-data-writing-block:-mt-(--shadow-height) has-data-writing-block:pt-(--shadow-height) [&amp;:has([data-writing-block])&gt;*]:pointer-events-auto scroll-mt-[calc(var(--header-height)+min(200px,max(70px,20svh)))]\" dir=\"auto\" data-turn-id=\"request-69b8245d-0030-838e-b654-ccb872ba6f51-25\" data-testid=\"conversation-turn-200\" data-scroll-anchor=\"true\" data-turn=\"assistant\">\n<div class=\"text-base my-auto mx-auto pb-10 [--thread-content-margin:var(--thread-content-margin-xs,calc(var(--spacing)*4))] @w-sm\/main:[--thread-content-margin:var(--thread-content-margin-sm,calc(var(--spacing)*6))] @w-lg\/main:[--thread-content-margin:var(--thread-content-margin-lg,calc(var(--spacing)*16))] px-(--thread-content-margin)\">\n<div class=\"[--thread-content-max-width:40rem] @w-lg\/main:[--thread-content-max-width:48rem] mx-auto max-w-(--thread-content-max-width) flex-1 group\/turn-messages focus-visible:outline-hidden relative flex w-full min-w-0 flex-col agent-turn\">\n<div class=\"flex max-w-full flex-col gap-4 grow\">\n<div class=\"min-h-8 text-message relative flex w-full flex-col items-end gap-2 text-start break-words whitespace-normal outline-none keyboard-focused:focus-ring [.text-message+&amp;]:mt-1\" dir=\"auto\" tabindex=\"0\" data-message-author-role=\"assistant\" data-message-id=\"ed8abcdd-be0d-4615-88f1-9a47a52c2d16\" data-message-model-slug=\"gpt-5-3\" data-turn-start-message=\"true\">\n<div class=\"flex w-full flex-col gap-1 empty:hidden\">\n<div class=\"markdown prose dark:prose-invert w-full wrap-break-word dark markdown-new-styling\">\n<div class=\"flex h-svh w-screen flex-col\">\n<div class=\"relative z-0 flex min-h-0 w-full flex-1\">\n<div class=\"relative flex min-h-0 w-full flex-1\">\n<div class=\"@container\/main relative flex min-w-0 flex-1 flex-col -translate-y-[calc(env(safe-area-inset-bottom,0px)\/2)] pt-[calc(env(safe-area-inset-bottom,0px)\/2)]\">\n<div class=\"@w-sm\/main:[scrollbar-gutter:var(--stage-scroll-gutter)] touch:[scrollbar-width:none] group\/scroll-root relative flex min-h-0 min-w-0 flex-1 flex-col [scrollbar-gutter:stable] not-print:overflow-x-clip not-print:overflow-y-auto group-data-stream-active\/scroll-root:[overflow-anchor:none] scroll-pt-(--header-height) [--sticky-padding-top:var(--header-height)] [--sticky-padding-bottom:0px] [--scroll-root-safe-area-inset-top:calc(var(--sticky-padding-top)+env(safe-area-inset-top,0px))] [--scroll-root-safe-area-inset-bottom:calc(var(--sticky-padding-bottom)+var(--screen-keyboard-height,0px)+env(safe-area-inset-bottom,0px))] [--scroll-root-safe-area-height:calc(100lvh-var(--scroll-root-safe-area-inset-top)-var(--scroll-root-safe-area-inset-bottom))] has-data-[fixed-header=less-than-xl]:@w-xl\/main:scroll-pt-0 has-data-[fixed-header=less-than-xl]:@w-xl\/main:[--sticky-padding-top:0px] has-data-[fixed-header=less-than-xxl]:@w-2xl\/main:scroll-pt-0 has-data-[fixed-header=less-than-xxl]:@w-2xl\/main:[--sticky-padding-top:0px]\" data-scroll-root=\"\" data-scroll-from-top=\"\">\n<div class=\"relative basis-auto flex-col -mb-(--composer-overlap-px) pb-(--composer-overlap-px) [--composer-overlap-px:28px] grow flex\">\n<div class=\"flex flex-col text-sm\">\n<section class=\"text-token-text-primary w-full focus:outline-none [--shadow-height:45px] has-data-writing-block:pointer-events-none has-data-writing-block:-mt-(--shadow-height) has-data-writing-block:pt-(--shadow-height) [&amp;:has([data-writing-block])&gt;*]:pointer-events-auto scroll-mt-[calc(var(--header-height)+min(200px,max(70px,20svh)))]\" dir=\"auto\" data-turn-id=\"request-WEB:cc509de0-714c-4653-ad32-6b5e125a8411-7\" data-testid=\"conversation-turn-10\" data-scroll-anchor=\"true\" data-turn=\"assistant\">\n<div class=\"text-base my-auto mx-auto pb-10 [--thread-content-margin:var(--thread-content-margin-xs,calc(var(--spacing)*4))] @w-sm\/main:[--thread-content-margin:var(--thread-content-margin-sm,calc(var(--spacing)*6))] @w-lg\/main:[--thread-content-margin:var(--thread-content-margin-lg,calc(var(--spacing)*16))] px-(--thread-content-margin)\">\n<div class=\"[--thread-content-max-width:40rem] @w-lg\/main:[--thread-content-max-width:48rem] mx-auto max-w-(--thread-content-max-width) flex-1 group\/turn-messages focus-visible:outline-hidden relative flex w-full min-w-0 flex-col agent-turn\">\n<div class=\"flex max-w-full flex-col gap-4 grow\">\n<div class=\"min-h-8 text-message relative flex w-full flex-col items-end gap-2 text-start break-words whitespace-normal outline-none keyboard-focused:focus-ring [.text-message+&amp;]:mt-1\" dir=\"auto\" tabindex=\"0\" data-message-author-role=\"assistant\" data-message-id=\"cfa6deea-8ce4-4542-9cf9-48a3b1cdbe9a\" data-message-model-slug=\"gpt-5-3\" data-turn-start-message=\"true\">\n<div class=\"flex w-full flex-col gap-1 empty:hidden\">\n<div class=\"markdown prose dark:prose-invert w-full wrap-break-word dark markdown-new-styling\">\n<h2 data-section-id=\"1u8ooj2\" data-start=\"0\" data-end=\"57\">\u2728\ud83d\udca1 Palety O\u015bwietlenie | Kategoria A | EGLO LED 200 kg<\/h2>\n<p data-start=\"59\" data-end=\"432\"><strong data-start=\"59\" data-end=\"90\">Palety EGLO LED<\/strong> to gotowy asortyment dla e-commerce, sprzeda\u017cy hurtowej oraz reseller\u00f3w, kt\u00f3rzy rozwijaj\u0105 ofert\u0119 w kategorii o\u015bwietlenie LED do domu, mieszka\u0144 i przestrzeni u\u017cytkowych.<\/p>\n<p data-start=\"59\" data-end=\"432\">Marka EGLO jest rozpoznawalna na rynku europejskim, a jej produkty s\u0105 cz\u0119sto wybierane przez klient\u00f3w, co u\u0142atwia ich wprowadzenie do sprzeda\u017cy online oraz offline.<\/p>\n<p data-start=\"434\" data-end=\"687\">Oferta obejmuje o\u015bwietlenie LED do r\u00f3\u017cnych zastosowa\u0144, w tym do wn\u0119trz mieszkalnych, biur oraz przestrzeni komercyjnych. Produkty tej kategorii s\u0105 stale obecne w sprzeda\u017cy, co pozwala budowa\u0107 ofert\u0119 dopasowan\u0105 do aktualnego zapotrzebowania klient\u00f3w.<\/p>\n<h2 data-section-id=\"x40d8l\" data-start=\"694\" data-end=\"738\">\ud83d\udce6 Zawarto\u015b\u0107 palet<\/h2>\n<p data-start=\"740\" data-end=\"843\">Palety zawieraj\u0105 <strong data-start=\"757\" data-end=\"791\">mix o\u015bwietlenia marki EGLO<\/strong>, kt\u00f3ry mo\u017cna sprzedawa\u0107 pojedynczo lub w zestawach:<\/p>\n<ul data-start=\"845\" data-end=\"1008\">\n<li data-section-id=\"1nuldik\" data-start=\"845\" data-end=\"867\">lampy sufitowe LED<\/li>\n<li data-section-id=\"1e2hhy5\" data-start=\"868\" data-end=\"889\">lampy \u015bcienne LED<\/li>\n<li data-section-id=\"1ad0ohx\" data-start=\"890\" data-end=\"918\">lampy sto\u0142owe i biurkowe<\/li>\n<li data-section-id=\"7vpss5\" data-start=\"919\" data-end=\"946\">o\u015bwietlenie dekoracyjne<\/li>\n<li data-section-id=\"62vbtu\" data-start=\"947\" data-end=\"971\">oprawy o\u015bwietleniowe<\/li>\n<li data-section-id=\"wkm4xj\" data-start=\"972\" data-end=\"1008\">inne produkty o\u015bwietleniowe EGLO<\/li>\n<\/ul>\n<p data-start=\"1010\" data-end=\"1151\">Zawarto\u015b\u0107 obejmuje produkty przeznaczone zar\u00f3wno do u\u017cytku domowego, jak i komercyjnego, co pozwala kierowa\u0107 ofert\u0119 do r\u00f3\u017cnych grup klient\u00f3w.<\/p>\n<p data-start=\"1153\" data-end=\"1290\">\ud83d\udcca O\u015bwietlenie LED nale\u017cy do najcz\u0119\u015bciej wybieranych kategorii w wyposa\u017ceniu wn\u0119trz, co zwi\u0119ksza mo\u017cliwo\u015bci sprzeda\u017cy w wielu segmentach.<\/p>\n<h2 data-section-id=\"1vt43bp\" data-start=\"1297\" data-end=\"1318\">\u2705 Tylko nowy towar<\/h2>\n<ul data-start=\"1320\" data-end=\"1424\">\n<li data-section-id=\"117odhy\" data-start=\"1320\" data-end=\"1363\">wszystkie produkty s\u0105 nowe i nieu\u017cywane<\/li>\n<li data-section-id=\"j9q8b8\" data-start=\"1364\" data-end=\"1391\">brak \u015blad\u00f3w u\u017cytkowania<\/li>\n<li data-section-id=\"can2dy\" data-start=\"1392\" data-end=\"1424\">produkty gotowe do sprzeda\u017cy<\/li>\n<\/ul>\n<p data-start=\"1426\" data-end=\"1530\">Towar nie pochodzi ze zwrot\u00f3w \u2013 jest to pe\u0142nowarto\u015bciowy asortyment przeznaczony do dalszej dystrybucji.<\/p>\n<h2 data-section-id=\"1eguqcd\" data-start=\"1537\" data-end=\"1553\">\u2b50 Kategoria A<\/h2>\n<ul data-start=\"1555\" data-end=\"1636\">\n<li data-section-id=\"29s75j\" data-start=\"1555\" data-end=\"1584\">produkty pe\u0142nowarto\u015bciowe<\/li>\n<li data-section-id=\"gkk5cw\" data-start=\"1585\" data-end=\"1612\">wysoka jako\u015b\u0107 wykonania<\/li>\n<li data-section-id=\"1ruhaj0\" data-start=\"1613\" data-end=\"1636\">standard detaliczny<\/li>\n<\/ul>\n<p data-start=\"1638\" data-end=\"1707\">Produkty spe\u0142niaj\u0105 wymagania sprzeda\u017cy detalicznej oraz internetowej.<\/p>\n<h2 data-section-id=\"1dsek5o\" data-start=\"1714\" data-end=\"1739\">\ud83d\udcd0 Specyfikacja palety<\/h2>\n<p data-start=\"1741\" data-end=\"1786\">\ud83d\udccf Paleta 2 m<br data-start=\"1754\" data-end=\"1757\" \/>\u2696\ufe0f Waga netto: oko\u0142o 200 kg<\/p>\n<p data-start=\"1788\" data-end=\"1877\">Du\u017ca ilo\u015b\u0107 produkt\u00f3w w jednej palecie umo\u017cliwia szybkie rozszerzenie oferty sprzeda\u017cowej.<\/p>\n<h2 data-section-id=\"l5lpbi\" data-start=\"1884\" data-end=\"1926\">\ud83d\udcbc Zastosowanie \u2013 sprzeda\u017c i odsprzeda\u017c<\/h2>\n<p data-start=\"1928\" data-end=\"1995\">Palety O\u015bwietlenie EGLO LED s\u0105 odpowiednie dla sprzedawc\u00f3w, kt\u00f3rzy:<\/p>\n<ul data-start=\"1997\" data-end=\"2200\">\n<li data-section-id=\"pz6hm8\" data-start=\"1997\" data-end=\"2034\">sprzedaj\u0105 na <a href=\"https:\/\/allegro.pl\/\" target=\"_blank\" rel=\"noopener\">Allegro<\/a>, <a href=\"https:\/\/www.olx.pl\/\" target=\"_blank\" rel=\"noopener\">OLX<\/a>, <a href=\"https:\/\/www.ebay.com\/\" target=\"_blank\" rel=\"noopener\">eBay<\/a>, <a href=\"https:\/\/www.amazon.com\/\" target=\"_blank\" rel=\"noopener\">Amazon<\/a><\/li>\n<li data-section-id=\"1epy72u\" data-start=\"2035\" data-end=\"2066\">prowadz\u0105 sklepy internetowe<\/li>\n<li data-section-id=\"1ay80xw\" data-start=\"2067\" data-end=\"2102\">zajmuj\u0105 si\u0119 wyposa\u017ceniem wn\u0119trz<\/li>\n<li data-section-id=\"j6c92j\" data-start=\"2103\" data-end=\"2150\">oferuj\u0105 produkty pojedynczo lub w zestawach<\/li>\n<li data-section-id=\"1v983fi\" data-start=\"2151\" data-end=\"2200\">rozwijaj\u0105 dzia\u0142alno\u015b\u0107 w bran\u017cy o\u015bwietleniowej<\/li>\n<\/ul>\n<p data-start=\"2202\" data-end=\"2333\">Produkty EGLO znajduj\u0105 zastosowanie w r\u00f3\u017cnych przestrzeniach, co pozwala kierowa\u0107 sprzeda\u017c do klient\u00f3w indywidualnych i biznesowych.<\/p>\n<h2 data-section-id=\"14nr1um\" data-start=\"2340\" data-end=\"2366\">\ud83d\udcc8 Korzy\u015bci sprzeda\u017cowe<\/h2>\n<ul data-start=\"2368\" data-end=\"2585\">\n<li data-section-id=\"tnvfr3\" data-start=\"2368\" data-end=\"2407\">dost\u0119p do markowego o\u015bwietlenia LED<\/li>\n<li data-section-id=\"p42b8b\" data-start=\"2408\" data-end=\"2452\">szeroki wyb\u00f3r produkt\u00f3w w jednej palecie<\/li>\n<li data-section-id=\"368yim\" data-start=\"2453\" data-end=\"2501\">mo\u017cliwo\u015b\u0107 sprzeda\u017cy w wielu segmentach rynku<\/li>\n<li data-section-id=\"1wxo4uc\" data-start=\"2502\" data-end=\"2541\">zwi\u0119kszenie liczby dost\u0119pnych ofert<\/li>\n<li data-section-id=\"1cnfs9l\" data-start=\"2542\" data-end=\"2585\">dopasowanie oferty do r\u00f3\u017cnych odbiorc\u00f3w<\/li>\n<\/ul>\n<p data-start=\"2587\" data-end=\"2657\">Palety pozwalaj\u0105 szybko rozbudowa\u0107 asortyment w kategorii o\u015bwietlenia.<\/p>\n<h2 data-section-id=\"m785xy\" data-start=\"2664\" data-end=\"2690\">\ud83d\uded2 Mo\u017cliwo\u015bci sprzeda\u017cy<\/h2>\n<p data-start=\"2692\" data-end=\"2718\">Zawarto\u015b\u0107 palet umo\u017cliwia:<\/p>\n<ul data-start=\"2720\" data-end=\"2872\">\n<li data-section-id=\"w32ofp\" data-start=\"2720\" data-end=\"2758\">sprzeda\u017c pojedynczych lamp i opraw<\/li>\n<li data-section-id=\"m8ecam\" data-start=\"2759\" data-end=\"2797\">tworzenie zestaw\u00f3w o\u015bwietleniowych<\/li>\n<li data-section-id=\"1px1sp5\" data-start=\"2798\" data-end=\"2841\">sprzeda\u017c w kategorii wyposa\u017cenia wn\u0119trz<\/li>\n<li data-section-id=\"w6hf6u\" data-start=\"2842\" data-end=\"2872\">uzupe\u0142nianie oferty sklepu<\/li>\n<\/ul>\n<p data-start=\"2874\" data-end=\"2953\">Dzi\u0119ki temu mo\u017cliwe jest prowadzenie sprzeda\u017cy w r\u00f3\u017cnych kana\u0142ach jednocze\u015bnie.<\/p>\n<h2 data-section-id=\"78zdcb\" data-start=\"2960\" data-end=\"2991\">\ud83d\udcca Zastosowanie w e-commerce<\/h2>\n<p data-start=\"2993\" data-end=\"3046\">Produkty z palet EGLO LED sprawdzaj\u0105 si\u0119 w sprzeda\u017cy:<\/p>\n<ul data-start=\"3048\" data-end=\"3136\">\n<li data-section-id=\"c9k76t\" data-start=\"3048\" data-end=\"3086\">marketplace<\/li>\n<li data-section-id=\"1fmpn86\" data-start=\"3087\" data-end=\"3109\">sklepy internetowe<\/li>\n<li data-section-id=\"1di29sp\" data-start=\"3110\" data-end=\"3136\">sprzeda\u017c wielokana\u0142owa<\/li>\n<\/ul>\n<p data-start=\"3138\" data-end=\"3234\">O\u015bwietlenie LED to uniwersalna kategoria, kt\u00f3ra dobrze funkcjonuje w r\u00f3\u017cnych modelach sprzeda\u017cy.<\/p>\n<h2 data-section-id=\"pkeej4\" data-start=\"3241\" data-end=\"3267\">\ud83d\ude9a Dostawa i realizacja<\/h2>\n<ul data-start=\"3269\" data-end=\"3363\">\n<li data-section-id=\"1j548yy\" data-start=\"3269\" data-end=\"3301\">wysy\u0142ka z magazynu w Europie<\/li>\n<li data-section-id=\"igemay\" data-start=\"3302\" data-end=\"3332\">szybka realizacja zam\u00f3wie\u0144<\/li>\n<li data-section-id=\"1j8kcmu\" data-start=\"3333\" data-end=\"3363\">bezpieczne pakowanie palet<\/li>\n<\/ul>\n<h2 data-section-id=\"p6kgem\" data-start=\"3370\" data-end=\"3392\">\u2139\ufe0f Wa\u017cne informacje<\/h2>\n<ul data-start=\"3394\" data-end=\"3547\">\n<li data-section-id=\"1jdlte4\" data-start=\"3394\" data-end=\"3435\">towar nowy \u2013 niepochodz\u0105cy ze zwrot\u00f3w<\/li>\n<li data-section-id=\"1shj1ol\" data-start=\"3436\" data-end=\"3462\">produkty w kategorii A<\/li>\n<li data-section-id=\"1z023eq\" data-start=\"3463\" data-end=\"3508\">brak uszkodze\u0144 wynikaj\u0105cych z u\u017cytkowania<\/li>\n<li data-section-id=\"aol8ta\" data-start=\"3509\" data-end=\"3547\">ka\u017cda paleta zawiera mix produkt\u00f3w<\/li>\n<\/ul>\n<h2 data-section-id=\"1915pio\" data-start=\"3554\" data-end=\"3576\">\ud83d\udcf8 Zdj\u0119cia produktu<\/h2>\n<p data-start=\"3578\" data-end=\"3656\" data-is-last-node=\"\" data-is-only-node=\"\">Zdj\u0119cia maj\u0105 charakter pogl\u0105dowy i przedstawiaj\u0105 przyk\u0142adowe produkty z palet.<\/p>\n<p data-start=\"3578\" data-end=\"3656\" data-is-last-node=\"\" data-is-only-node=\"\">Wszystkie modele palet Amazon mo\u017cna znale\u017a\u0107 <a href=\"https:\/\/stockify24.pl\/sklep\/\"><strong>tutaj<\/strong>.<\/a><\/p>\n<\/div>\n<\/div>\n<\/div>\n<\/div>\n<\/div>\n<\/div>\n<\/section>\n<\/div>\n<\/div>\n<\/div>\n<\/div>\n<\/div>\n<\/div>\n<\/div>\n<\/div>\n<\/div>\n<\/div>\n<\/div>\n<\/div>\n<\/div>\n<\/section>\n<\/div>\n","protected":false},"excerpt":{"rendered":"<p class=\"p1\">\u26a1<span role=\"text\">Palety O\u015bwietlenie EGLO LED<\/span><\/p>\n<p class=\"p1\">\ud83d\udd25 Amazon Returns<\/p>\n<p class=\"p1\" style=\"text-align: left;\">\u2714\ufe0f Jako\u015b\u0107 A<\/p>","protected":false},"featured_media":50715,"comment_status":"open","ping_status":"closed","template":"","meta":{"_acf_changed":false},"product_brand":[],"product_cat":[1289],"product_tag":[1296],"class_list":{"0":"post-50714","1":"product","2":"type-product","3":"status-publish","4":"has-post-thumbnail","6":"product_cat-oswietlenie-eglo","7":"product_tag-oswietlenie-eglo","9":"first","10":"instock","11":"sold-individually","12":"taxable","13":"shipping-taxable","14":"purchasable","15":"product-type-simple"},"acf":[],"_links":{"self":[{"href":"https:\/\/stockify24.pl\/es\/wp-json\/wp\/v2\/product\/50714","targetHints":{"allow":["GET"]}}],"collection":[{"href":"https:\/\/stockify24.pl\/es\/wp-json\/wp\/v2\/product"}],"about":[{"href":"https:\/\/stockify24.pl\/es\/wp-json\/wp\/v2\/types\/product"}],"replies":[{"embeddable":true,"href":"https:\/\/stockify24.pl\/es\/wp-json\/wp\/v2\/comments?post=50714"}],"wp:featuredmedia":[{"embeddable":true,"href":"https:\/\/stockify24.pl\/es\/wp-json\/wp\/v2\/media\/50715"}],"wp:attachment":[{"href":"https:\/\/stockify24.pl\/es\/wp-json\/wp\/v2\/media?parent=50714"}],"wp:term":[{"taxonomy":"product_brand","embeddable":true,"href":"https:\/\/stockify24.pl\/es\/wp-json\/wp\/v2\/product_brand?post=50714"},{"taxonomy":"product_cat","embeddable":true,"href":"https:\/\/stockify24.pl\/es\/wp-json\/wp\/v2\/product_cat?post=50714"},{"taxonomy":"product_tag","embeddable":true,"href":"https:\/\/stockify24.pl\/es\/wp-json\/wp\/v2\/product_tag?post=50714"}],"curies":[{"name":"wp","href":"https:\/\/api.w.org\/{rel}","templated":true}]}}