{"id":50728,"date":"2026-03-23T16:56:26","date_gmt":"2026-03-23T15:56:26","guid":{"rendered":"https:\/\/stockify24.pl\/?post_type=product&#038;p=50728"},"modified":"2026-03-30T13:00:02","modified_gmt":"2026-03-30T12:00:02","slug":"palety-edko-produkty-do-domu-i-ogrodu-3","status":"publish","type":"product","link":"https:\/\/stockify24.pl\/es\/producto\/palety-edko-produkty-do-domu-i-ogrodu-3\/","title":{"rendered":"Palets EDKO - productos para el hogar y el jard\u00edn | Categor\u00eda A | Palets EDKO"},"content":{"rendered":"<div class=\"flex flex-col text-sm pb-25\">\n<section class=\"text-token-text-primary w-full focus:outline-none [--shadow-height:45px] has-data-writing-block:pointer-events-none has-data-writing-block:-mt-(--shadow-height) has-data-writing-block:pt-(--shadow-height) [&amp;:has([data-writing-block])&gt;*]:pointer-events-auto scroll-mt-[calc(var(--header-height)+min(200px,max(70px,20svh)))]\" dir=\"auto\" data-turn-id=\"request-69b8245d-0030-838e-b654-ccb872ba6f51-25\" data-testid=\"conversation-turn-200\" data-scroll-anchor=\"true\" data-turn=\"assistant\">\n<div class=\"text-base my-auto mx-auto pb-10 [--thread-content-margin:var(--thread-content-margin-xs,calc(var(--spacing)*4))] @w-sm\/main:[--thread-content-margin:var(--thread-content-margin-sm,calc(var(--spacing)*6))] @w-lg\/main:[--thread-content-margin:var(--thread-content-margin-lg,calc(var(--spacing)*16))] px-(--thread-content-margin)\">\n<div class=\"[--thread-content-max-width:40rem] @w-lg\/main:[--thread-content-max-width:48rem] mx-auto max-w-(--thread-content-max-width) flex-1 group\/turn-messages focus-visible:outline-hidden relative flex w-full min-w-0 flex-col agent-turn\">\n<div class=\"flex max-w-full flex-col gap-4 grow\">\n<div class=\"min-h-8 text-message relative flex w-full flex-col items-end gap-2 text-start break-words whitespace-normal outline-none keyboard-focused:focus-ring [.text-message+&amp;]:mt-1\" dir=\"auto\" tabindex=\"0\" data-message-author-role=\"assistant\" data-message-id=\"ed8abcdd-be0d-4615-88f1-9a47a52c2d16\" data-message-model-slug=\"gpt-5-3\" data-turn-start-message=\"true\">\n<div class=\"flex w-full flex-col gap-1 empty:hidden\">\n<div class=\"markdown prose dark:prose-invert w-full wrap-break-word dark markdown-new-styling\">\n<div class=\"flex h-svh w-screen flex-col\">\n<div class=\"relative z-0 flex min-h-0 w-full flex-1\">\n<div class=\"relative flex min-h-0 w-full flex-1\">\n<div class=\"@container\/main relative flex min-w-0 flex-1 flex-col -translate-y-[calc(env(safe-area-inset-bottom,0px)\/2)] pt-[calc(env(safe-area-inset-bottom,0px)\/2)]\">\n<div class=\"@w-sm\/main:[scrollbar-gutter:var(--stage-scroll-gutter)] touch:[scrollbar-width:none] group\/scroll-root relative flex min-h-0 min-w-0 flex-1 flex-col [scrollbar-gutter:stable] not-print:overflow-x-clip not-print:overflow-y-auto group-data-stream-active\/scroll-root:[overflow-anchor:none] scroll-pt-(--header-height) [--sticky-padding-top:var(--header-height)] [--sticky-padding-bottom:0px] [--scroll-root-safe-area-inset-top:calc(var(--sticky-padding-top)+env(safe-area-inset-top,0px))] [--scroll-root-safe-area-inset-bottom:calc(var(--sticky-padding-bottom)+var(--screen-keyboard-height,0px)+env(safe-area-inset-bottom,0px))] [--scroll-root-safe-area-height:calc(100lvh-var(--scroll-root-safe-area-inset-top)-var(--scroll-root-safe-area-inset-bottom))] has-data-[fixed-header=less-than-xl]:@w-xl\/main:scroll-pt-0 has-data-[fixed-header=less-than-xl]:@w-xl\/main:[--sticky-padding-top:0px] has-data-[fixed-header=less-than-xxl]:@w-2xl\/main:scroll-pt-0 has-data-[fixed-header=less-than-xxl]:@w-2xl\/main:[--sticky-padding-top:0px]\" data-scroll-root=\"\" data-scroll-from-top=\"\">\n<div class=\"relative basis-auto flex-col -mb-(--composer-overlap-px) pb-(--composer-overlap-px) [--composer-overlap-px:28px] grow flex\">\n<div class=\"flex flex-col text-sm\">\n<section class=\"text-token-text-primary w-full focus:outline-none [--shadow-height:45px] has-data-writing-block:pointer-events-none has-data-writing-block:-mt-(--shadow-height) has-data-writing-block:pt-(--shadow-height) [&amp;:has([data-writing-block])&gt;*]:pointer-events-auto scroll-mt-[calc(var(--header-height)+min(200px,max(70px,20svh)))]\" dir=\"auto\" data-turn-id=\"request-WEB:cc509de0-714c-4653-ad32-6b5e125a8411-7\" data-testid=\"conversation-turn-10\" data-scroll-anchor=\"true\" data-turn=\"assistant\">\n<div class=\"text-base my-auto mx-auto pb-10 [--thread-content-margin:var(--thread-content-margin-xs,calc(var(--spacing)*4))] @w-sm\/main:[--thread-content-margin:var(--thread-content-margin-sm,calc(var(--spacing)*6))] @w-lg\/main:[--thread-content-margin:var(--thread-content-margin-lg,calc(var(--spacing)*16))] px-(--thread-content-margin)\">\n<div class=\"[--thread-content-max-width:40rem] @w-lg\/main:[--thread-content-max-width:48rem] mx-auto max-w-(--thread-content-max-width) flex-1 group\/turn-messages focus-visible:outline-hidden relative flex w-full min-w-0 flex-col agent-turn\">\n<div class=\"flex max-w-full flex-col gap-4 grow\">\n<div class=\"min-h-8 text-message relative flex w-full flex-col items-end gap-2 text-start break-words whitespace-normal outline-none keyboard-focused:focus-ring [.text-message+&amp;]:mt-1\" dir=\"auto\" tabindex=\"0\" data-message-author-role=\"assistant\" data-message-id=\"cfa6deea-8ce4-4542-9cf9-48a3b1cdbe9a\" data-message-model-slug=\"gpt-5-3\" data-turn-start-message=\"true\">\n<div class=\"flex w-full flex-col gap-1 empty:hidden\">\n<div class=\"markdown prose dark:prose-invert w-full wrap-break-word dark markdown-new-styling\">\n<h2 data-section-id=\"p5kmzl\" data-start=\"0\" data-end=\"61\">\ud83c\udfe1\ud83c\udf3f Palety EDKO \u2013 dom i ogr\u00f3d | nowy towar, mix produkt\u00f3w<\/h2>\n<p data-start=\"63\" data-end=\"337\"><strong data-start=\"63\" data-end=\"92\">Palety EDKO \u2013 dom i ogr\u00f3d<\/strong> to opcja dla e-commerce, sprzeda\u017cy hurtowej oraz reseller\u00f3w, kt\u00f3rzy rozwijaj\u0105 ofert\u0119 w kategorii wyposa\u017cenia domu i przestrzeni zewn\u0119trznych. Asortyment obejmuje szeroki wyb\u00f3r produkt\u00f3w u\u017cytkowych przeznaczonych do codziennego zastosowania.<\/p>\n<p data-start=\"339\" data-end=\"485\">Ka\u017cda paleta przygotowywana jest <strong>losowo<\/strong>, bez listy produkt\u00f3w, co oznacza zmienny sk\u0142ad i mo\u017cliwo\u015b\u0107 regularnego uzupe\u0142niania oferty o nowe pozycje.<\/p>\n<p data-start=\"339\" data-end=\"485\">Wszystkie modele palet Amazon mo\u017cna znale\u017a\u0107 <a href=\"https:\/\/stockify24.pl\/sklep\/\"><strong>tutaj<\/strong>.<\/a><\/p>\n<h2 data-section-id=\"1wfana3\" data-start=\"492\" data-end=\"527\">\ud83d\udce6 Zawarto\u015b\u0107 palet \u2013 dom i ogr\u00f3d<\/h2>\n<p data-start=\"529\" data-end=\"632\">Palety zawieraj\u0105 <strong data-start=\"546\" data-end=\"580\">mix produkt\u00f3w do domu i ogrodu<\/strong>, kt\u00f3re mo\u017cna sprzedawa\u0107 pojedynczo lub w zestawach:<\/p>\n<ul data-start=\"634\" data-end=\"799\">\n<li data-section-id=\"180godi\" data-start=\"634\" data-end=\"667\">akcesoria do wyposa\u017cenia domu<\/li>\n<li data-section-id=\"1ny3vry\" data-start=\"668\" data-end=\"689\">produkty ogrodowe<\/li>\n<li data-section-id=\"1fjt3xu\" data-start=\"690\" data-end=\"712\">akcesoria sezonowe<\/li>\n<li data-section-id=\"uatqa2\" data-start=\"713\" data-end=\"762\">wyposa\u017cenie wn\u0119trz i przestrzeni zewn\u0119trznych<\/li>\n<li data-section-id=\"1mbisaf\" data-start=\"763\" data-end=\"799\">inne produkty codziennego u\u017cytku<\/li>\n<\/ul>\n<p data-start=\"801\" data-end=\"917\">\ud83d\udcca Asortyment obejmuje produkty cz\u0119sto wybierane przez klient\u00f3w, co pozwala prowadzi\u0107 sprzeda\u017c w r\u00f3\u017cnych segmentach.<\/p>\n<h2 data-section-id=\"l0olhn\" data-start=\"924\" data-end=\"953\">\u2705 Kategoria A \u2013 nowy towar<\/h2>\n<ul data-start=\"955\" data-end=\"1059\">\n<li data-section-id=\"117odhy\" data-start=\"955\" data-end=\"998\">wszystkie produkty s\u0105 nowe i nieu\u017cywane<\/li>\n<li data-section-id=\"j9q8b8\" data-start=\"999\" data-end=\"1026\">brak \u015blad\u00f3w u\u017cytkowania<\/li>\n<li data-section-id=\"can2dy\" data-start=\"1027\" data-end=\"1059\">produkty gotowe do sprzeda\u017cy<\/li>\n<\/ul>\n<p data-start=\"1061\" data-end=\"1121\">Towar spe\u0142nia standard sprzeda\u017cy detalicznej i internetowej.<\/p>\n<h2 data-section-id=\"1mla25t\" data-start=\"1128\" data-end=\"1149\">\ud83d\udcd0 Parametry palet<\/h2>\n<p data-start=\"1151\" data-end=\"1206\">\ud83d\udccf <strong>Wysoko\u015b\u0107 palety<\/strong>: 2 m<br data-start=\"1174\" data-end=\"1177\" \/>\u2696\ufe0f <strong>Waga netto<\/strong>: oko\u0142o 250 kg<\/p>\n<p data-start=\"1208\" data-end=\"1279\">Du\u017ca ilo\u015b\u0107 produkt\u00f3w umo\u017cliwia szybkie poszerzenie oferty sprzeda\u017cowej.<\/p>\n<h2 data-section-id=\"l5lpbi\" data-start=\"1286\" data-end=\"1328\">\ud83d\udcbc Zastosowanie \u2013 sprzeda\u017c i odsprzeda\u017c<\/h2>\n<p data-start=\"1330\" data-end=\"1373\">Palety EDKO s\u0105 odpowiednie dla os\u00f3b, kt\u00f3re:<\/p>\n<ul data-start=\"1375\" data-end=\"1558\">\n<li data-section-id=\"pz6hm8\" data-start=\"1375\" data-end=\"1412\">sprzedaj\u0105 na Allegro, OLX, Amazon<\/li>\n<li data-section-id=\"1epy72u\" data-start=\"1413\" data-end=\"1444\">prowadz\u0105 sklepy internetowe<\/li>\n<li data-section-id=\"1mxb40z\" data-start=\"1445\" data-end=\"1476\">oferuj\u0105 produkty pojedynczo<\/li>\n<li data-section-id=\"1diyfzu\" data-start=\"1477\" data-end=\"1514\">rozwijaj\u0105 dzia\u0142alno\u015b\u0107 resellersk\u0105<\/li>\n<li data-section-id=\"o16zch\" data-start=\"1515\" data-end=\"1558\">poszukuj\u0105 towaru do dalszej odsprzeda\u017cy<\/li>\n<\/ul>\n<p data-start=\"1560\" data-end=\"1635\">Szeroki zakres produkt\u00f3w pozwala dopasowa\u0107 ofert\u0119 do r\u00f3\u017cnych grup klient\u00f3w.<\/p>\n<h2 data-section-id=\"14nr1um\" data-start=\"1642\" data-end=\"1668\">\ud83d\udcc8 Korzy\u015bci sprzeda\u017cowe<\/h2>\n<ul data-start=\"1670\" data-end=\"1878\">\n<li data-section-id=\"m6d77a\" data-start=\"1670\" data-end=\"1712\">du\u017ca liczba produkt\u00f3w w jednej palecie<\/li>\n<li data-section-id=\"om4fxq\" data-start=\"1713\" data-end=\"1756\">mo\u017cliwo\u015b\u0107 sprzeda\u017cy w wielu kategoriach<\/li>\n<li data-section-id=\"8esk74\" data-start=\"1757\" data-end=\"1799\">zwi\u0119kszenie liczby ofert sprzeda\u017cowych<\/li>\n<li data-section-id=\"fez5qn\" data-start=\"1800\" data-end=\"1836\">dopasowanie asortymentu do rynku<\/li>\n<li data-section-id=\"1vwyyds\" data-start=\"1837\" data-end=\"1878\">rozw\u00f3j sprzeda\u017cy w r\u00f3\u017cnych segmentach<\/li>\n<\/ul>\n<p data-start=\"1880\" data-end=\"1966\">Palety umo\u017cliwiaj\u0105 rozszerzenie oferty bez konieczno\u015bci zakupu pojedynczych produkt\u00f3w.<\/p>\n<h2 data-section-id=\"m785xy\" data-start=\"1973\" data-end=\"1999\">\ud83d\uded2 Mo\u017cliwo\u015bci sprzeda\u017cy<\/h2>\n<p data-start=\"2001\" data-end=\"2027\">Zawarto\u015b\u0107 palet umo\u017cliwia:<\/p>\n<ul data-start=\"2029\" data-end=\"2157\">\n<li data-section-id=\"eaedyo\" data-start=\"2029\" data-end=\"2064\">sprzeda\u017c pojedynczych produkt\u00f3w<\/li>\n<li data-section-id=\"ec8lq9\" data-start=\"2065\" data-end=\"2087\">tworzenie zestaw\u00f3w<\/li>\n<li data-section-id=\"1cpnu2w\" data-start=\"2088\" data-end=\"2126\">sprzeda\u017c w kategoriach dom i ogr\u00f3d<\/li>\n<li data-section-id=\"w6hf6u\" data-start=\"2127\" data-end=\"2157\">uzupe\u0142nianie oferty sklepu<\/li>\n<\/ul>\n<p data-start=\"2159\" data-end=\"2218\">Sprzeda\u017c mo\u017ce by\u0107 prowadzona r\u00f3wnolegle w r\u00f3\u017cnych kana\u0142ach.<\/p>\n<h2 data-section-id=\"78zdcb\" data-start=\"2225\" data-end=\"2256\">\ud83d\udcca Zastosowanie w e-commerce<\/h2>\n<p data-start=\"2258\" data-end=\"2300\"><strong>Palety EDKO<\/strong> wspieraj\u0105 sprzeda\u017c w modelach:<\/p>\n<ul data-start=\"2302\" data-end=\"2367\">\n<li data-section-id=\"egt62f\" data-start=\"2302\" data-end=\"2317\">marketplace (<a href=\"https:\/\/allegro.pl\/\" target=\"_blank\" rel=\"noopener\">Allegro<\/a>, <a href=\"https:\/\/www.olx.pl\/\" target=\"_blank\" rel=\"noopener\">OLX<\/a>, <a href=\"https:\/\/www.ebay.com\/\" target=\"_blank\" rel=\"noopener\">eBay<\/a>, <a href=\"https:\/\/www.amazon.com\/\" target=\"_blank\" rel=\"noopener\">Amazon)<\/a><\/li>\n<li data-section-id=\"1fmpn86\" data-start=\"2318\" data-end=\"2340\">sklepy internetowe<\/li>\n<li data-section-id=\"1di29sp\" data-start=\"2341\" data-end=\"2367\">sprzeda\u017c wielokana\u0142owa<\/li>\n<\/ul>\n<p data-start=\"2369\" data-end=\"2439\">Losowy sk\u0142ad pozwala dostosowa\u0107 ofert\u0119 do aktualnych potrzeb klient\u00f3w.<\/p>\n<h2 data-section-id=\"pkeej4\" data-start=\"2446\" data-end=\"2472\">\ud83d\ude9a Dostawa i realizacja<\/h2>\n<ul data-start=\"2474\" data-end=\"2568\">\n<li data-section-id=\"1j548yy\" data-start=\"2474\" data-end=\"2506\">wysy\u0142ka z magazynu w Europie<\/li>\n<li data-section-id=\"igemay\" data-start=\"2507\" data-end=\"2537\">szybka realizacja zam\u00f3wie\u0144<\/li>\n<li data-section-id=\"1j8kcmu\" data-start=\"2538\" data-end=\"2568\">bezpieczne pakowanie palet<\/li>\n<\/ul>\n<h2 data-section-id=\"p6kgem\" data-start=\"2575\" data-end=\"2597\">\u2139\ufe0f Wa\u017cne informacje<\/h2>\n<ul data-start=\"2599\" data-end=\"2767\">\n<li data-section-id=\"1d53tc2\" data-start=\"2599\" data-end=\"2656\">cz\u0119\u015b\u0107 towaru pochodzi z Amazon Returns \u2013 niesortowany<\/li>\n<li data-section-id=\"1bi9krm\" data-start=\"2657\" data-end=\"2686\">produkty nie s\u0105 testowane<\/li>\n<li data-section-id=\"rpolgn\" data-start=\"2687\" data-end=\"2734\">mo\u017cliwa domieszka produkt\u00f3w o r\u00f3\u017cnym stanie<\/li>\n<li data-section-id=\"zia6d9\" data-start=\"2735\" data-end=\"2767\">ka\u017cda paleta pakowana <strong>losowo<\/strong><\/li>\n<\/ul>\n<h2 data-section-id=\"1915pio\" data-start=\"2774\" data-end=\"2796\">\ud83d\udcf8 Zdj\u0119cia produktu<\/h2>\n<p data-start=\"2798\" data-end=\"2875\" data-is-last-node=\"\" data-is-only-node=\"\">Zdj\u0119cia maj\u0105 charakter pogl\u0105dowy i przedstawiaj\u0105 przyk\u0142adow\u0105 zawarto\u015b\u0107 palet.<\/p>\n<\/div>\n<\/div>\n<\/div>\n<\/div>\n<\/div>\n<\/div>\n<\/section>\n<\/div>\n<\/div>\n<\/div>\n<\/div>\n<\/div>\n<\/div>\n<\/div>\n<\/div>\n<\/div>\n<\/div>\n<\/div>\n<\/div>\n<\/div>\n<\/section>\n<\/div>\n","protected":false},"excerpt":{"rendered":"<p class=\"p1\">\u26a1 Palety EDKO, produkty do domu i ogrodu<\/p>\n<p class=\"p1\">\u2714\ufe0f Nowy towar<\/p>\n<p class=\"p1\">\ud83d\udd25 Amazon Returns<\/p>\n<p class=\"p1\" style=\"text-align: left;\">\u2714\ufe0f Jako\u015b\u0107 A<\/p>","protected":false},"featured_media":50729,"comment_status":"open","ping_status":"closed","template":"","meta":{"_acf_changed":false},"product_brand":[],"product_cat":[1288],"product_tag":[1295],"class_list":{"0":"post-50728","1":"product","2":"type-product","3":"status-publish","4":"has-post-thumbnail","6":"product_cat-home-mix-eu-uk-amazon-returns-ab","7":"product_tag-tekstylia-domowe","9":"first","10":"instock","11":"sold-individually","12":"taxable","13":"shipping-taxable","14":"purchasable","15":"product-type-simple"},"acf":[],"_links":{"self":[{"href":"https:\/\/stockify24.pl\/es\/wp-json\/wp\/v2\/product\/50728","targetHints":{"allow":["GET"]}}],"collection":[{"href":"https:\/\/stockify24.pl\/es\/wp-json\/wp\/v2\/product"}],"about":[{"href":"https:\/\/stockify24.pl\/es\/wp-json\/wp\/v2\/types\/product"}],"replies":[{"embeddable":true,"href":"https:\/\/stockify24.pl\/es\/wp-json\/wp\/v2\/comments?post=50728"}],"wp:featuredmedia":[{"embeddable":true,"href":"https:\/\/stockify24.pl\/es\/wp-json\/wp\/v2\/media\/50729"}],"wp:attachment":[{"href":"https:\/\/stockify24.pl\/es\/wp-json\/wp\/v2\/media?parent=50728"}],"wp:term":[{"taxonomy":"product_brand","embeddable":true,"href":"https:\/\/stockify24.pl\/es\/wp-json\/wp\/v2\/product_brand?post=50728"},{"taxonomy":"product_cat","embeddable":true,"href":"https:\/\/stockify24.pl\/es\/wp-json\/wp\/v2\/product_cat?post=50728"},{"taxonomy":"product_tag","embeddable":true,"href":"https:\/\/stockify24.pl\/es\/wp-json\/wp\/v2\/product_tag?post=50728"}],"curies":[{"name":"wp","href":"https:\/\/api.w.org\/{rel}","templated":true}]}}