{"id":50749,"date":"2026-03-24T11:47:50","date_gmt":"2026-03-24T10:47:50","guid":{"rendered":"https:\/\/stockify24.pl\/?post_type=product&#038;p=50749"},"modified":"2026-03-24T11:51:14","modified_gmt":"2026-03-24T10:51:14","slug":"paleta-przemyslowa-z-anglii-uk-100-elektronika-a-b-2","status":"publish","type":"product","link":"https:\/\/stockify24.pl\/es\/producto\/paleta-przemyslowa-z-anglii-uk-100-elektronika-a-b-2\/","title":{"rendered":"Paleta industrial de Inglaterra (Reino Unido) | 100% electronics | A-B"},"content":{"rendered":"<div class=\"flex flex-col text-sm pb-25\">\n<section class=\"text-token-text-primary w-full focus:outline-none [--shadow-height:45px] has-data-writing-block:pointer-events-none has-data-writing-block:-mt-(--shadow-height) has-data-writing-block:pt-(--shadow-height) [&amp;:has([data-writing-block])&gt;*]:pointer-events-auto scroll-mt-[calc(var(--header-height)+min(200px,max(70px,20svh)))]\" dir=\"auto\" data-turn-id=\"request-69b8245d-0030-838e-b654-ccb872ba6f51-25\" data-testid=\"conversation-turn-200\" data-scroll-anchor=\"true\" data-turn=\"assistant\">\n<div class=\"text-base my-auto mx-auto pb-10 [--thread-content-margin:var(--thread-content-margin-xs,calc(var(--spacing)*4))] @w-sm\/main:[--thread-content-margin:var(--thread-content-margin-sm,calc(var(--spacing)*6))] @w-lg\/main:[--thread-content-margin:var(--thread-content-margin-lg,calc(var(--spacing)*16))] px-(--thread-content-margin)\">\n<div class=\"[--thread-content-max-width:40rem] @w-lg\/main:[--thread-content-max-width:48rem] mx-auto max-w-(--thread-content-max-width) flex-1 group\/turn-messages focus-visible:outline-hidden relative flex w-full min-w-0 flex-col agent-turn\">\n<div class=\"flex max-w-full flex-col gap-4 grow\">\n<div class=\"min-h-8 text-message relative flex w-full flex-col items-end gap-2 text-start break-words whitespace-normal outline-none keyboard-focused:focus-ring [.text-message+&amp;]:mt-1\" dir=\"auto\" tabindex=\"0\" data-message-author-role=\"assistant\" data-message-id=\"ed8abcdd-be0d-4615-88f1-9a47a52c2d16\" data-message-model-slug=\"gpt-5-3\" data-turn-start-message=\"true\">\n<div class=\"flex w-full flex-col gap-1 empty:hidden\">\n<div class=\"markdown prose dark:prose-invert w-full wrap-break-word dark markdown-new-styling\">\n<div class=\"flex h-svh w-screen flex-col\">\n<div class=\"relative z-0 flex min-h-0 w-full flex-1\">\n<div class=\"relative flex min-h-0 w-full flex-1\">\n<div class=\"@container\/main relative flex min-w-0 flex-1 flex-col -translate-y-[calc(env(safe-area-inset-bottom,0px)\/2)] pt-[calc(env(safe-area-inset-bottom,0px)\/2)]\">\n<div class=\"@w-sm\/main:[scrollbar-gutter:var(--stage-scroll-gutter)] touch:[scrollbar-width:none] group\/scroll-root relative flex min-h-0 min-w-0 flex-1 flex-col [scrollbar-gutter:stable] not-print:overflow-x-clip not-print:overflow-y-auto group-data-stream-active\/scroll-root:[overflow-anchor:none] scroll-pt-(--header-height) [--sticky-padding-top:var(--header-height)] [--sticky-padding-bottom:0px] [--scroll-root-safe-area-inset-top:calc(var(--sticky-padding-top)+env(safe-area-inset-top,0px))] [--scroll-root-safe-area-inset-bottom:calc(var(--sticky-padding-bottom)+var(--screen-keyboard-height,0px)+env(safe-area-inset-bottom,0px))] [--scroll-root-safe-area-height:calc(100lvh-var(--scroll-root-safe-area-inset-top)-var(--scroll-root-safe-area-inset-bottom))] has-data-[fixed-header=less-than-xl]:@w-xl\/main:scroll-pt-0 has-data-[fixed-header=less-than-xl]:@w-xl\/main:[--sticky-padding-top:0px] has-data-[fixed-header=less-than-xxl]:@w-2xl\/main:scroll-pt-0 has-data-[fixed-header=less-than-xxl]:@w-2xl\/main:[--sticky-padding-top:0px]\" data-scroll-root=\"\" data-scroll-from-top=\"\">\n<div class=\"flex flex-col text-sm pb-25\">\n<section class=\"text-token-text-primary w-full focus:outline-none [--shadow-height:45px] has-data-writing-block:pointer-events-none has-data-writing-block:-mt-(--shadow-height) has-data-writing-block:pt-(--shadow-height) [&amp;:has([data-writing-block])&gt;*]:pointer-events-auto scroll-mt-[calc(var(--header-height)+min(200px,max(70px,20svh)))]\" dir=\"auto\" data-turn-id=\"request-69c0fd5d-0d28-832e-81ee-0163d066819a-23\" data-testid=\"conversation-turn-56\" data-scroll-anchor=\"true\" data-turn=\"assistant\">\n<div class=\"text-base my-auto mx-auto pb-10 [--thread-content-margin:var(--thread-content-margin-xs,calc(var(--spacing)*4))] @w-sm\/main:[--thread-content-margin:var(--thread-content-margin-sm,calc(var(--spacing)*6))] @w-lg\/main:[--thread-content-margin:var(--thread-content-margin-lg,calc(var(--spacing)*16))] px-(--thread-content-margin)\">\n<div class=\"[--thread-content-max-width:40rem] @w-lg\/main:[--thread-content-max-width:48rem] mx-auto max-w-(--thread-content-max-width) flex-1 group\/turn-messages focus-visible:outline-hidden relative flex w-full min-w-0 flex-col agent-turn\">\n<div class=\"flex max-w-full flex-col gap-4 grow\">\n<div class=\"min-h-8 text-message relative flex w-full flex-col items-end gap-2 text-start break-words whitespace-normal outline-none keyboard-focused:focus-ring [.text-message+&amp;]:mt-1\" dir=\"auto\" tabindex=\"0\" data-message-author-role=\"assistant\" data-message-id=\"ff361c2b-3d4f-4400-9220-f184e859b235\" data-message-model-slug=\"gpt-5-3\" data-turn-start-message=\"true\">\n<div class=\"flex w-full flex-col gap-1 empty:hidden\">\n<div class=\"markdown prose dark:prose-invert w-full wrap-break-word dark markdown-new-styling\">\n<div class=\"flex flex-col text-sm pb-25\">\n<section class=\"text-token-text-primary w-full focus:outline-none [--shadow-height:45px] has-data-writing-block:pointer-events-none has-data-writing-block:-mt-(--shadow-height) has-data-writing-block:pt-(--shadow-height) [&amp;:has([data-writing-block])&gt;*]:pointer-events-auto scroll-mt-[calc(var(--header-height)+min(200px,max(70px,20svh)))]\" dir=\"auto\" data-turn-id=\"request-69c0fd5d-0d28-832e-81ee-0163d066819a-0\" data-testid=\"conversation-turn-66\" data-scroll-anchor=\"true\" data-turn=\"assistant\">\n<div class=\"text-base my-auto mx-auto pb-10 [--thread-content-margin:var(--thread-content-margin-xs,calc(var(--spacing)*4))] @w-sm\/main:[--thread-content-margin:var(--thread-content-margin-sm,calc(var(--spacing)*6))] @w-lg\/main:[--thread-content-margin:var(--thread-content-margin-lg,calc(var(--spacing)*16))] px-(--thread-content-margin)\">\n<div class=\"[--thread-content-max-width:40rem] @w-lg\/main:[--thread-content-max-width:48rem] mx-auto max-w-(--thread-content-max-width) flex-1 group\/turn-messages focus-visible:outline-hidden relative flex w-full min-w-0 flex-col agent-turn\">\n<div class=\"flex max-w-full flex-col gap-4 grow\">\n<div class=\"min-h-8 text-message relative flex w-full flex-col items-end gap-2 text-start break-words whitespace-normal outline-none keyboard-focused:focus-ring [.text-message+&amp;]:mt-1\" dir=\"auto\" tabindex=\"0\" data-message-author-role=\"assistant\" data-message-id=\"3da9a6c1-b0ca-42d7-aeb8-551da1895539\" data-message-model-slug=\"gpt-5-3\" data-turn-start-message=\"true\">\n<div class=\"flex w-full flex-col gap-1 empty:hidden\">\n<div class=\"markdown prose dark:prose-invert w-full wrap-break-word dark markdown-new-styling\">\n<h2 data-section-id=\"1nrdlqr\" data-start=\"0\" data-end=\"75\">\ud83d\udd25\ud83d\udce6 Paleta przemys\u0142owa elektronika z Anglii (UK) | 100% elektronika A\u2013B<\/h2>\n<p data-start=\"77\" data-end=\"387\"><strong data-start=\"77\" data-end=\"113\">Paleta elektroniki z Anglii (UK)<\/strong> to rozwi\u0105zanie dla e-commerce, sprzeda\u017cy online i reseller\u00f3w, kt\u00f3rzy chc\u0105 rozwija\u0107 ofert\u0119 w kategorii elektronika u\u017cytkowa.<\/p>\n<p data-start=\"77\" data-end=\"387\">Zawarto\u015b\u0107 obejmuje wy\u0142\u0105cznie produkty elektroniczne, co umo\u017cliwia budow\u0119 sp\u00f3jnej oferty w jednej, cz\u0119sto wyszukiwanej kategorii sprzeda\u017cowej.<\/p>\n<p data-start=\"389\" data-end=\"650\">Towar dost\u0119pny jest jako <strong data-start=\"414\" data-end=\"476\">paleta niesortowana (Amazon Returns \/ zwroty konsumenckie)<\/strong> o <strong data-start=\"479\" data-end=\"499\">losowym sk\u0142adzie<\/strong>, bez listy produkt\u00f3w. Ka\u017cda dostawa r\u00f3\u017cni si\u0119 zawarto\u015bci\u0105, co pozwala regularnie od\u015bwie\u017ca\u0107 ofert\u0119 i zwi\u0119ksza\u0107 liczb\u0119 produkt\u00f3w dost\u0119pnych w sprzeda\u017cy.<\/p>\n<h2 data-section-id=\"1mxdqrh\" data-start=\"657\" data-end=\"700\">\ud83d\udd0c Zawarto\u015b\u0107 palety \u2013 drobna elektronika<\/h2>\n<p data-start=\"702\" data-end=\"768\">Paleta zawiera <strong data-start=\"717\" data-end=\"755\">kilkaset produkt\u00f3w elektronicznych<\/strong>, takich jak:<\/p>\n<ul data-start=\"770\" data-end=\"920\">\n<li data-section-id=\"1lxu5gy\" data-start=\"770\" data-end=\"796\">akcesoria do telefon\u00f3w<\/li>\n<li data-section-id=\"1o3dgrb\" data-start=\"797\" data-end=\"821\">\u0142adowarki i przewody<\/li>\n<li data-section-id=\"x5tve1\" data-start=\"822\" data-end=\"840\">urz\u0105dzenia USB<\/li>\n<li data-section-id=\"l9fl3s\" data-start=\"841\" data-end=\"855\">powerbanki<\/li>\n<li data-section-id=\"6uw8kl\" data-start=\"856\" data-end=\"881\">gad\u017cety elektroniczne<\/li>\n<li data-section-id=\"1twfs51\" data-start=\"882\" data-end=\"920\">inne drobne produkty elektroniczne<\/li>\n<\/ul>\n<p data-start=\"922\" data-end=\"977\">\ud83d\udcca <strong data-start=\"925\" data-end=\"977\">Elektronika stanowi oko\u0142o 100% zawarto\u015bci palety<\/strong><\/p>\n<h2 data-section-id=\"1ythrlp\" data-start=\"984\" data-end=\"1016\">\u26a1 Charakterystyka asortymentu<\/h2>\n<ul data-start=\"1018\" data-end=\"1110\">\n<li data-section-id=\"10g02i8\" data-start=\"1018\" data-end=\"1052\">produkty do codziennego u\u017cytku<\/li>\n<li data-section-id=\"1er7het\" data-start=\"1053\" data-end=\"1078\">szerokie zastosowanie<\/li>\n<li data-section-id=\"edmg7a\" data-start=\"1079\" data-end=\"1110\">r\u00f3\u017cnorodno\u015b\u0107 modeli i typ\u00f3w<\/li>\n<\/ul>\n<p data-start=\"1112\" data-end=\"1196\">Zmienny sk\u0142ad pozwala dopasowa\u0107 ofert\u0119 do r\u00f3\u017cnych grup klient\u00f3w i kana\u0142\u00f3w sprzeda\u017cy.<\/p>\n<h2 data-section-id=\"1ytwfss\" data-start=\"1203\" data-end=\"1239\">\ud83c\udd70\ufe0f\ud83c\udd71\ufe0f Stan produkt\u00f3w \u2013 klasa A\u2013B<\/h2>\n<ul data-start=\"1241\" data-end=\"1390\">\n<li data-section-id=\"clit29\" data-start=\"1241\" data-end=\"1305\">wi\u0119kszo\u015b\u0107 produkt\u00f3w jest <strong data-start=\"1268\" data-end=\"1303\">nowa lub w bardzo dobrym stanie<\/strong><\/li>\n<li data-section-id=\"mp434v\" data-start=\"1306\" data-end=\"1346\">mo\u017cliwe lekkie \u015blady u\u017cytkowania<\/li>\n<li data-section-id=\"4a0pj1\" data-start=\"1347\" data-end=\"1390\">mo\u017cliwa domieszka klasy C (do 5\u20137%)<\/li>\n<\/ul>\n<p data-start=\"1392\" data-end=\"1420\">\ud83d\udccc Produkty nie s\u0105 testowane<\/p>\n<h2 data-section-id=\"fo6i20\" data-start=\"1427\" data-end=\"1449\">\ud83d\udcd0 Parametry palety<\/h2>\n<ul data-start=\"1451\" data-end=\"1577\">\n<li data-section-id=\"132amfj\" data-start=\"1451\" data-end=\"1481\">wysoko\u015b\u0107 palety: ok. 60 cm<\/li>\n<li data-section-id=\"1cng5k6\" data-start=\"1482\" data-end=\"1517\">ilo\u015b\u0107 produkt\u00f3w: oko\u0142o 400 sztuk<\/li>\n<li data-section-id=\"1ru7x3w\" data-start=\"1518\" data-end=\"1549\">struktura: 100% elektronika<\/li>\n<li data-section-id=\"luw4jb\" data-start=\"1550\" data-end=\"1577\">sk\u0142ad: <strong>losowy<\/strong> i zmienny<\/li>\n<\/ul>\n<p data-start=\"1579\" data-end=\"1622\">Ka\u017cda paleta zawiera inny zestaw produkt\u00f3w.<\/p>\n<h2 data-section-id=\"l5lpbi\" data-start=\"1629\" data-end=\"1671\">\ud83d\udcbc Zastosowanie \u2013 sprzeda\u017c i odsprzeda\u017c<\/h2>\n<p data-start=\"1673\" data-end=\"1713\">Oferta jest odpowiednia dla os\u00f3b, kt\u00f3re:<\/p>\n<ul data-start=\"1715\" data-end=\"1864\">\n<li data-section-id=\"4yq4hc\" data-start=\"1715\" data-end=\"1756\">sprzedaj\u0105 na Allegro, OLX, Amazon<\/li>\n<li data-section-id=\"1hxtzkm\" data-start=\"1757\" data-end=\"1792\">prowadz\u0105 sklepy internetowe<\/li>\n<li data-section-id=\"1mxb40z\" data-start=\"1793\" data-end=\"1824\">oferuj\u0105 produkty pojedynczo<\/li>\n<li data-section-id=\"1v3oqzj\" data-start=\"1825\" data-end=\"1864\">zajmuj\u0105 si\u0119 odsprzeda\u017c\u0105 elektroniki<\/li>\n<\/ul>\n<p data-start=\"1866\" data-end=\"1939\">Du\u017ca liczba produkt\u00f3w pozwala zwi\u0119kszy\u0107 liczb\u0119 ofert i rozwija\u0107 sprzeda\u017c.<\/p>\n<h2 data-section-id=\"14nr1um\" data-start=\"1946\" data-end=\"1972\">\ud83d\udcc8 Korzy\u015bci sprzeda\u017cowe<\/h2>\n<ul data-start=\"1974\" data-end=\"2196\">\n<li data-section-id=\"136kal3\" data-start=\"1974\" data-end=\"2020\">szeroki wyb\u00f3r elektroniki w jednej palecie<\/li>\n<li data-section-id=\"klzsnl\" data-start=\"2021\" data-end=\"2075\">mo\u017cliwo\u015b\u0107 sprzeda\u017cy w jednej kategorii produktowej<\/li>\n<li data-section-id=\"tfqkdy\" data-start=\"2076\" data-end=\"2118\">zwi\u0119kszenie liczby produkt\u00f3w w ofercie<\/li>\n<li data-section-id=\"1skjpgr\" data-start=\"2119\" data-end=\"2159\">dost\u0119p do towaru typu Amazon Returns<\/li>\n<li data-section-id=\"fez5qn\" data-start=\"2160\" data-end=\"2196\">dopasowanie asortymentu do rynku<\/li>\n<\/ul>\n<h2 data-section-id=\"m785xy\" data-start=\"2203\" data-end=\"2229\">\ud83d\uded2 Mo\u017cliwo\u015bci sprzeda\u017cy<\/h2>\n<p data-start=\"2231\" data-end=\"2258\">Zawarto\u015b\u0107 palety umo\u017cliwia:<\/p>\n<ul data-start=\"2260\" data-end=\"2386\">\n<li data-section-id=\"eaedyo\" data-start=\"2260\" data-end=\"2295\">sprzeda\u017c pojedynczych produkt\u00f3w<\/li>\n<li data-section-id=\"ec8lq9\" data-start=\"2296\" data-end=\"2318\">tworzenie zestaw\u00f3w<\/li>\n<li data-section-id=\"1fs9kzu\" data-start=\"2319\" data-end=\"2355\">sprzeda\u017c w kategorii elektronika<\/li>\n<li data-section-id=\"w6hf6u\" data-start=\"2356\" data-end=\"2386\">uzupe\u0142nianie oferty sklepu<\/li>\n<\/ul>\n<h2 data-section-id=\"78zdcb\" data-start=\"2393\" data-end=\"2424\">\ud83d\udcca Zastosowanie w e-commerce<\/h2>\n<p data-start=\"2426\" data-end=\"2467\">Paleta sprawdzi si\u0119 w modelach sprzeda\u017cy:<\/p>\n<ul data-start=\"2469\" data-end=\"2557\">\n<li data-section-id=\"c9k76t\" data-start=\"2469\" data-end=\"2507\">marketplace<\/li>\n<li data-section-id=\"1fmpn86\" data-start=\"2508\" data-end=\"2530\">sklepy internetowe<\/li>\n<li data-section-id=\"1di29sp\" data-start=\"2531\" data-end=\"2557\">sprzeda\u017c wielokana\u0142owa<\/li>\n<\/ul>\n<h2 data-section-id=\"gfj1y1\" data-start=\"2564\" data-end=\"2577\">\ud83d\ude9a Dostawa<\/h2>\n<ul data-start=\"2579\" data-end=\"2661\">\n<li data-section-id=\"10nvshm\" data-start=\"2579\" data-end=\"2599\">wysy\u0142ka z Europy<\/li>\n<li data-section-id=\"igemay\" data-start=\"2600\" data-end=\"2630\">szybka realizacja zam\u00f3wie\u0144<\/li>\n<li data-section-id=\"1j8kcmu\" data-start=\"2631\" data-end=\"2661\">bezpieczne pakowanie palet<\/li>\n<\/ul>\n<h2 data-section-id=\"p6kgem\" data-start=\"2668\" data-end=\"2690\">\u2139\ufe0f Wa\u017cne informacje<\/h2>\n<ul data-start=\"2692\" data-end=\"2864\">\n<li data-section-id=\"16dgf2r\" data-start=\"2692\" data-end=\"2736\">towar niesortowany (zwroty konsumenckie)<\/li>\n<li data-section-id=\"1rrf97y\" data-start=\"2737\" data-end=\"2761\">brak listy produkt\u00f3w<\/li>\n<li data-section-id=\"1bi9krm\" data-start=\"2762\" data-end=\"2791\">produkty nie s\u0105 testowane<\/li>\n<li data-section-id=\"iag8fx\" data-start=\"2792\" data-end=\"2831\">mo\u017cliwa domieszka klasy C (do 5\u20137%)<\/li>\n<li data-section-id=\"zia6d9\" data-start=\"2832\" data-end=\"2864\">ka\u017cda paleta pakowana <strong>losowo<\/strong><\/li>\n<\/ul>\n<h2 data-section-id=\"1915pio\" data-start=\"2871\" data-end=\"2893\">\ud83d\udcf8 Zdj\u0119cia produktu<\/h2>\n<p data-start=\"2895\" data-end=\"2972\">Zdj\u0119cia maj\u0105 charakter pogl\u0105dowy i przedstawiaj\u0105 przyk\u0142adow\u0105 zawarto\u015b\u0107 palet.<\/p>\n<\/div>\n<\/div>\n<\/div>\n<\/div>\n<\/div>\n<\/div>\n<\/section>\n<\/div>\n<\/div>\n<\/div>\n<\/div>\n<\/div>\n<\/div>\n<\/div>\n<\/section>\n<\/div>\n<\/div>\n<\/div>\n<\/div>\n<\/div>\n<\/div>\n<\/div>\n<\/div>\n<\/div>\n<\/div>\n<\/div>\n<\/div>\n<\/section>\n<\/div>\n","protected":false},"excerpt":{"rendered":"<p class=\"p1\">\u26a1 Oko\u0142o 100% elektroniki<\/p>\n<p class=\"p1\">\ud83c\uddec\ud83c\udde7 UK<\/p>\n<p class=\"p1\">\ud83d\udd25 Amazon Returns<\/p>\n<p class=\"p1\" style=\"text-align: left;\">\u2714\ufe0f Jako\u015b\u0107 A\u2013B<\/p>","protected":false},"featured_media":50743,"comment_status":"open","ping_status":"closed","template":"","meta":{"_acf_changed":false},"product_brand":[],"product_cat":[1258,1298],"product_tag":[1299],"class_list":{"0":"post-50749","1":"product","2":"type-product","3":"status-publish","4":"has-post-thumbnail","6":"product_cat-amazon-paleta","7":"product_cat-paleta-przemyslowa-elektronika-z-anglii","8":"product_tag-paleta-przemyslowa-elektronika-z-anglii-uk","10":"first","11":"instock","12":"sold-individually","13":"taxable","14":"shipping-taxable","15":"purchasable","16":"product-type-simple"},"acf":[],"_links":{"self":[{"href":"https:\/\/stockify24.pl\/es\/wp-json\/wp\/v2\/product\/50749","targetHints":{"allow":["GET"]}}],"collection":[{"href":"https:\/\/stockify24.pl\/es\/wp-json\/wp\/v2\/product"}],"about":[{"href":"https:\/\/stockify24.pl\/es\/wp-json\/wp\/v2\/types\/product"}],"replies":[{"embeddable":true,"href":"https:\/\/stockify24.pl\/es\/wp-json\/wp\/v2\/comments?post=50749"}],"wp:featuredmedia":[{"embeddable":true,"href":"https:\/\/stockify24.pl\/es\/wp-json\/wp\/v2\/media\/50743"}],"wp:attachment":[{"href":"https:\/\/stockify24.pl\/es\/wp-json\/wp\/v2\/media?parent=50749"}],"wp:term":[{"taxonomy":"product_brand","embeddable":true,"href":"https:\/\/stockify24.pl\/es\/wp-json\/wp\/v2\/product_brand?post=50749"},{"taxonomy":"product_cat","embeddable":true,"href":"https:\/\/stockify24.pl\/es\/wp-json\/wp\/v2\/product_cat?post=50749"},{"taxonomy":"product_tag","embeddable":true,"href":"https:\/\/stockify24.pl\/es\/wp-json\/wp\/v2\/product_tag?post=50749"}],"curies":[{"name":"wp","href":"https:\/\/api.w.org\/{rel}","templated":true}]}}