{"id":50750,"date":"2026-03-24T11:51:24","date_gmt":"2026-03-24T10:51:24","guid":{"rendered":"https:\/\/stockify24.pl\/?post_type=product&#038;p=50750"},"modified":"2026-03-24T11:53:52","modified_gmt":"2026-03-24T10:53:52","slug":"paleta-przemyslowa-z-anglii-uk-100-elektronika-a-b-3","status":"publish","type":"product","link":"https:\/\/stockify24.pl\/es\/producto\/paleta-przemyslowa-z-anglii-uk-100-elektronika-a-b-3\/","title":{"rendered":"Paleta industrial de Inglaterra (Reino Unido) | 100% electronics | A-B"},"content":{"rendered":"<div class=\"flex flex-col text-sm pb-25\">\n<section class=\"text-token-text-primary w-full focus:outline-none [--shadow-height:45px] has-data-writing-block:pointer-events-none has-data-writing-block:-mt-(--shadow-height) has-data-writing-block:pt-(--shadow-height) [&amp;:has([data-writing-block])&gt;*]:pointer-events-auto scroll-mt-[calc(var(--header-height)+min(200px,max(70px,20svh)))]\" dir=\"auto\" data-turn-id=\"request-69b8245d-0030-838e-b654-ccb872ba6f51-25\" data-testid=\"conversation-turn-200\" data-scroll-anchor=\"true\" data-turn=\"assistant\">\n<div class=\"text-base my-auto mx-auto pb-10 [--thread-content-margin:var(--thread-content-margin-xs,calc(var(--spacing)*4))] @w-sm\/main:[--thread-content-margin:var(--thread-content-margin-sm,calc(var(--spacing)*6))] @w-lg\/main:[--thread-content-margin:var(--thread-content-margin-lg,calc(var(--spacing)*16))] px-(--thread-content-margin)\">\n<div class=\"[--thread-content-max-width:40rem] @w-lg\/main:[--thread-content-max-width:48rem] mx-auto max-w-(--thread-content-max-width) flex-1 group\/turn-messages focus-visible:outline-hidden relative flex w-full min-w-0 flex-col agent-turn\">\n<div class=\"flex max-w-full flex-col gap-4 grow\">\n<div class=\"min-h-8 text-message relative flex w-full flex-col items-end gap-2 text-start break-words whitespace-normal outline-none keyboard-focused:focus-ring [.text-message+&amp;]:mt-1\" dir=\"auto\" tabindex=\"0\" data-message-author-role=\"assistant\" data-message-id=\"ed8abcdd-be0d-4615-88f1-9a47a52c2d16\" data-message-model-slug=\"gpt-5-3\" data-turn-start-message=\"true\">\n<div class=\"flex w-full flex-col gap-1 empty:hidden\">\n<div class=\"markdown prose dark:prose-invert w-full wrap-break-word dark markdown-new-styling\">\n<div class=\"flex h-svh w-screen flex-col\">\n<div class=\"relative z-0 flex min-h-0 w-full flex-1\">\n<div class=\"relative flex min-h-0 w-full flex-1\">\n<div class=\"@container\/main relative flex min-w-0 flex-1 flex-col -translate-y-[calc(env(safe-area-inset-bottom,0px)\/2)] pt-[calc(env(safe-area-inset-bottom,0px)\/2)]\">\n<div class=\"@w-sm\/main:[scrollbar-gutter:var(--stage-scroll-gutter)] touch:[scrollbar-width:none] group\/scroll-root relative flex min-h-0 min-w-0 flex-1 flex-col [scrollbar-gutter:stable] not-print:overflow-x-clip not-print:overflow-y-auto group-data-stream-active\/scroll-root:[overflow-anchor:none] scroll-pt-(--header-height) [--sticky-padding-top:var(--header-height)] [--sticky-padding-bottom:0px] [--scroll-root-safe-area-inset-top:calc(var(--sticky-padding-top)+env(safe-area-inset-top,0px))] [--scroll-root-safe-area-inset-bottom:calc(var(--sticky-padding-bottom)+var(--screen-keyboard-height,0px)+env(safe-area-inset-bottom,0px))] [--scroll-root-safe-area-height:calc(100lvh-var(--scroll-root-safe-area-inset-top)-var(--scroll-root-safe-area-inset-bottom))] has-data-[fixed-header=less-than-xl]:@w-xl\/main:scroll-pt-0 has-data-[fixed-header=less-than-xl]:@w-xl\/main:[--sticky-padding-top:0px] has-data-[fixed-header=less-than-xxl]:@w-2xl\/main:scroll-pt-0 has-data-[fixed-header=less-than-xxl]:@w-2xl\/main:[--sticky-padding-top:0px]\" data-scroll-root=\"\" data-scroll-from-top=\"\">\n<div class=\"flex flex-col text-sm pb-25\">\n<section class=\"text-token-text-primary w-full focus:outline-none [--shadow-height:45px] has-data-writing-block:pointer-events-none has-data-writing-block:-mt-(--shadow-height) has-data-writing-block:pt-(--shadow-height) [&amp;:has([data-writing-block])&gt;*]:pointer-events-auto scroll-mt-[calc(var(--header-height)+min(200px,max(70px,20svh)))]\" dir=\"auto\" data-turn-id=\"request-69c0fd5d-0d28-832e-81ee-0163d066819a-23\" data-testid=\"conversation-turn-56\" data-scroll-anchor=\"true\" data-turn=\"assistant\">\n<div class=\"text-base my-auto mx-auto pb-10 [--thread-content-margin:var(--thread-content-margin-xs,calc(var(--spacing)*4))] @w-sm\/main:[--thread-content-margin:var(--thread-content-margin-sm,calc(var(--spacing)*6))] @w-lg\/main:[--thread-content-margin:var(--thread-content-margin-lg,calc(var(--spacing)*16))] px-(--thread-content-margin)\">\n<div class=\"[--thread-content-max-width:40rem] @w-lg\/main:[--thread-content-max-width:48rem] mx-auto max-w-(--thread-content-max-width) flex-1 group\/turn-messages focus-visible:outline-hidden relative flex w-full min-w-0 flex-col agent-turn\">\n<div class=\"flex max-w-full flex-col gap-4 grow\">\n<div class=\"min-h-8 text-message relative flex w-full flex-col items-end gap-2 text-start break-words whitespace-normal outline-none keyboard-focused:focus-ring [.text-message+&amp;]:mt-1\" dir=\"auto\" tabindex=\"0\" data-message-author-role=\"assistant\" data-message-id=\"ff361c2b-3d4f-4400-9220-f184e859b235\" data-message-model-slug=\"gpt-5-3\" data-turn-start-message=\"true\">\n<div class=\"flex w-full flex-col gap-1 empty:hidden\">\n<div class=\"markdown prose dark:prose-invert w-full wrap-break-word dark markdown-new-styling\">\n<div class=\"flex flex-col text-sm pb-25\">\n<section class=\"text-token-text-primary w-full focus:outline-none [--shadow-height:45px] has-data-writing-block:pointer-events-none has-data-writing-block:-mt-(--shadow-height) has-data-writing-block:pt-(--shadow-height) [&amp;:has([data-writing-block])&gt;*]:pointer-events-auto scroll-mt-[calc(var(--header-height)+min(200px,max(70px,20svh)))]\" dir=\"auto\" data-turn-id=\"request-69c0fd5d-0d28-832e-81ee-0163d066819a-0\" data-testid=\"conversation-turn-66\" data-scroll-anchor=\"true\" data-turn=\"assistant\">\n<div class=\"text-base my-auto mx-auto pb-10 [--thread-content-margin:var(--thread-content-margin-xs,calc(var(--spacing)*4))] @w-sm\/main:[--thread-content-margin:var(--thread-content-margin-sm,calc(var(--spacing)*6))] @w-lg\/main:[--thread-content-margin:var(--thread-content-margin-lg,calc(var(--spacing)*16))] px-(--thread-content-margin)\">\n<div class=\"[--thread-content-max-width:40rem] @w-lg\/main:[--thread-content-max-width:48rem] mx-auto max-w-(--thread-content-max-width) flex-1 group\/turn-messages focus-visible:outline-hidden relative flex w-full min-w-0 flex-col agent-turn\">\n<div class=\"flex max-w-full flex-col gap-4 grow\">\n<div class=\"min-h-8 text-message relative flex w-full flex-col items-end gap-2 text-start break-words whitespace-normal outline-none keyboard-focused:focus-ring [.text-message+&amp;]:mt-1\" dir=\"auto\" tabindex=\"0\" data-message-author-role=\"assistant\" data-message-id=\"3da9a6c1-b0ca-42d7-aeb8-551da1895539\" data-message-model-slug=\"gpt-5-3\" data-turn-start-message=\"true\">\n<div class=\"flex w-full flex-col gap-1 empty:hidden\">\n<div class=\"markdown prose dark:prose-invert w-full wrap-break-word dark markdown-new-styling\">\n<h2 data-section-id=\"14yulf4\" data-start=\"0\" data-end=\"63\">\ud83d\udd25\ud83d\udce6 Paleta przemys\u0142owa z Anglii (UK) | 100% elektronika A\u2013B<\/h2>\n<p data-start=\"65\" data-end=\"363\"><strong data-start=\"65\" data-end=\"113\">Paleta przemys\u0142owa elektroniki z Anglii (UK)<\/strong> to rozwi\u0105zanie dla e-commerce, sprzeda\u017cy online oraz reseller\u00f3w, kt\u00f3rzy rozwijaj\u0105 ofert\u0119 w kategorii elektronika u\u017cytkowa.<\/p>\n<p data-start=\"65\" data-end=\"363\">Zawarto\u015b\u0107 obejmuje wy\u0142\u0105cznie elektronik\u0119, co umo\u017cliwia prowadzenie sprzeda\u017cy w jednej, popularnej kategorii produkt\u00f3w.<\/p>\n<p data-start=\"365\" data-end=\"589\">Towar dost\u0119pny jest jako <strong data-start=\"390\" data-end=\"432\">paleta niesortowana o losowym sk\u0142adzie<\/strong>, bez listy produkt\u00f3w. Ka\u017cda dostawa r\u00f3\u017cni si\u0119 zawarto\u015bci\u0105, co pozwala systematycznie uzupe\u0142nia\u0107 asortyment i dopasowywa\u0107 ofert\u0119 do aktualnych potrzeb rynku.<\/p>\n<h2 data-section-id=\"etdj8p\" data-start=\"596\" data-end=\"632\">\ud83d\udd0c Zawarto\u015b\u0107 palety \u2013 elektronika<\/h2>\n<p data-start=\"634\" data-end=\"685\">Paleta zawiera oko\u0142o <strong data-start=\"655\" data-end=\"672\">400 produkt\u00f3w<\/strong>, takich jak:<\/p>\n<ul data-start=\"687\" data-end=\"823\">\n<li data-section-id=\"1po1ax\" data-start=\"687\" data-end=\"714\">akcesoria elektroniczne<\/li>\n<li data-section-id=\"1o3dgrb\" data-start=\"715\" data-end=\"739\">\u0142adowarki i przewody<\/li>\n<li data-section-id=\"x5tve1\" data-start=\"740\" data-end=\"758\">urz\u0105dzenia USB<\/li>\n<li data-section-id=\"1t1wub9\" data-start=\"759\" data-end=\"791\">drobne gad\u017cety elektroniczne<\/li>\n<li data-section-id=\"4egyp1\" data-start=\"792\" data-end=\"823\">inne produkty elektroniczne<\/li>\n<\/ul>\n<p data-start=\"825\" data-end=\"880\">\ud83d\udcca <strong data-start=\"828\" data-end=\"880\">Elektronika stanowi oko\u0142o 100% zawarto\u015bci palety<\/strong><\/p>\n<h2 data-section-id=\"fsllnj\" data-start=\"887\" data-end=\"917\">\u26a1 Charakterystyka produkt\u00f3w<\/h2>\n<ul data-start=\"919\" data-end=\"1003\">\n<li data-section-id=\"10g02i8\" data-start=\"919\" data-end=\"953\">produkty do codziennego u\u017cytku<\/li>\n<li data-section-id=\"1er7het\" data-start=\"954\" data-end=\"979\">szerokie zastosowanie<\/li>\n<li data-section-id=\"btm4ly\" data-start=\"980\" data-end=\"1003\">r\u00f3\u017cnorodno\u015b\u0107 modeli<\/li>\n<\/ul>\n<p data-start=\"1005\" data-end=\"1073\">Zmienny sk\u0142ad umo\u017cliwia dopasowanie oferty do r\u00f3\u017cnych grup klient\u00f3w.<\/p>\n<h2 data-section-id=\"1ytwfss\" data-start=\"1080\" data-end=\"1116\">\ud83c\udd70\ufe0f\ud83c\udd71\ufe0f Stan produkt\u00f3w \u2013 klasa A\u2013B<\/h2>\n<ul data-start=\"1118\" data-end=\"1268\">\n<li data-section-id=\"1ylt7oh\" data-start=\"1118\" data-end=\"1178\">wi\u0119kszo\u015b\u0107 produkt\u00f3w jest <strong>nowa lub w bardzo dobrym stanie<\/strong><\/li>\n<li data-section-id=\"1ydnmn3\" data-start=\"1179\" data-end=\"1215\">mo\u017cliwe lekkie \u015blady u\u017cytkowania<\/li>\n<li data-section-id=\"1vv4xnt\" data-start=\"1216\" data-end=\"1268\">mo\u017cliwa domieszka klasy C (do 5\u20137%, opcjonalnie)<\/li>\n<\/ul>\n<p data-start=\"1270\" data-end=\"1298\">\ud83d\udccc Produkty nie s\u0105 testowane<\/p>\n<h2 data-section-id=\"fo6i20\" data-start=\"1305\" data-end=\"1327\">\ud83d\udcd0 Parametry palety<\/h2>\n<p data-start=\"1329\" data-end=\"1477\">\ud83d\udccf Wysoko\u015b\u0107 palety: 60 cm<br data-start=\"1354\" data-end=\"1357\" \/>\ud83d\udce6 Paleta: 120\/100<br data-start=\"1375\" data-end=\"1378\" \/>\ud83d\udce6 Ilo\u015b\u0107 produkt\u00f3w: oko\u0142o 400 sztuk<br data-start=\"1413\" data-end=\"1416\" \/>\ud83d\udd0c Struktura: 100% elektronika<br data-start=\"1446\" data-end=\"1449\" \/>\ud83d\udce6 Sk\u0142ad: <strong>losowy<\/strong> i zmienny<\/p>\n<p data-start=\"1479\" data-end=\"1538\">Ka\u017cda paleta jest unikalna i zawiera inny zestaw produkt\u00f3w.<\/p>\n<h2 data-section-id=\"l5lpbi\" data-start=\"1545\" data-end=\"1587\">\ud83d\udcbc Zastosowanie \u2013 sprzeda\u017c i odsprzeda\u017c<\/h2>\n<p data-start=\"1589\" data-end=\"1625\">Oferta przeznaczona dla os\u00f3b, kt\u00f3re:<\/p>\n<ul data-start=\"1627\" data-end=\"1768\">\n<li data-section-id=\"pz6hm8\" data-start=\"1627\" data-end=\"1664\">sprzedaj\u0105 na Allegro, OLX, Amazon<\/li>\n<li data-section-id=\"1epy72u\" data-start=\"1665\" data-end=\"1696\">prowadz\u0105 sklepy internetowe<\/li>\n<li data-section-id=\"1mxb40z\" data-start=\"1697\" data-end=\"1728\">oferuj\u0105 produkty pojedynczo<\/li>\n<li data-section-id=\"1v3oqzj\" data-start=\"1729\" data-end=\"1768\">zajmuj\u0105 si\u0119 odsprzeda\u017c\u0105 elektroniki<\/li>\n<\/ul>\n<p data-start=\"1770\" data-end=\"1843\">Du\u017ca liczba produkt\u00f3w pozwala zwi\u0119kszy\u0107 liczb\u0119 ofert i rozwija\u0107 sprzeda\u017c.<\/p>\n<h2 data-section-id=\"14nr1um\" data-start=\"1850\" data-end=\"1876\">\ud83d\udcc8 Korzy\u015bci sprzeda\u017cowe<\/h2>\n<ul data-start=\"1878\" data-end=\"2078\">\n<li data-section-id=\"136kal3\" data-start=\"1878\" data-end=\"1924\">szeroki wyb\u00f3r elektroniki w jednej palecie<\/li>\n<li data-section-id=\"4d36xx\" data-start=\"1925\" data-end=\"1967\">mo\u017cliwo\u015b\u0107 sprzeda\u017cy w jednej kategorii<\/li>\n<li data-section-id=\"tfqkdy\" data-start=\"1968\" data-end=\"2010\">zwi\u0119kszenie liczby produkt\u00f3w w ofercie<\/li>\n<li data-section-id=\"1eh5xd\" data-start=\"2011\" data-end=\"2050\">dopasowanie asortymentu do klient\u00f3w<\/li>\n<li data-section-id=\"zf24dc\" data-start=\"2051\" data-end=\"2078\">rozw\u00f3j sprzeda\u017cy online<\/li>\n<\/ul>\n<h2 data-section-id=\"gfj1y1\" data-start=\"2085\" data-end=\"2098\">\ud83d\ude9a Dostawa<\/h2>\n<ul data-start=\"2100\" data-end=\"2182\">\n<li data-section-id=\"10nvshm\" data-start=\"2100\" data-end=\"2120\">wysy\u0142ka z Europy<\/li>\n<li data-section-id=\"igemay\" data-start=\"2121\" data-end=\"2151\">szybka realizacja zam\u00f3wie\u0144<\/li>\n<li data-section-id=\"1j8kcmu\" data-start=\"2152\" data-end=\"2182\">bezpieczne pakowanie palet<\/li>\n<\/ul>\n<h2 data-section-id=\"p6kgem\" data-start=\"2189\" data-end=\"2211\">\u2139\ufe0f Wa\u017cne informacje<\/h2>\n<ul data-start=\"2213\" data-end=\"2363\">\n<li data-section-id=\"1u1q0wx\" data-start=\"2213\" data-end=\"2235\">towar niesortowany<\/li>\n<li data-section-id=\"1rrf97y\" data-start=\"2236\" data-end=\"2260\">brak listy produkt\u00f3w<\/li>\n<li data-section-id=\"1bi9krm\" data-start=\"2261\" data-end=\"2290\">produkty nie s\u0105 testowane<\/li>\n<li data-section-id=\"iag8fx\" data-start=\"2291\" data-end=\"2330\">mo\u017cliwa domieszka klasy C (do 5\u20137%)<\/li>\n<li data-section-id=\"zia6d9\" data-start=\"2331\" data-end=\"2363\">ka\u017cda paleta pakowana <strong>losowo<\/strong><\/li>\n<\/ul>\n<h2 data-section-id=\"1915pio\" data-start=\"2370\" data-end=\"2392\">\ud83d\udcf8 Zdj\u0119cia produktu<\/h2>\n<p data-start=\"2394\" data-end=\"2472\" data-is-last-node=\"\" data-is-only-node=\"\">Zdj\u0119cia maj\u0105 charakter pogl\u0105dowy i przedstawiaj\u0105 przyk\u0142adow\u0105 zawarto\u015b\u0107 palety.<\/p>\n<\/div>\n<\/div>\n<\/div>\n<\/div>\n<\/div>\n<\/div>\n<\/section>\n<\/div>\n<\/div>\n<\/div>\n<\/div>\n<\/div>\n<\/div>\n<\/div>\n<\/section>\n<\/div>\n<\/div>\n<\/div>\n<\/div>\n<\/div>\n<\/div>\n<\/div>\n<\/div>\n<\/div>\n<\/div>\n<\/div>\n<\/div>\n<\/section>\n<\/div>\n","protected":false},"excerpt":{"rendered":"<p class=\"p1\">\u26a1 Oko\u0142o 100% elektroniki<\/p>\n<p class=\"p1\">\ud83c\uddec\ud83c\udde7 UK<\/p>\n<p class=\"p1\">\ud83d\udd25 Amazon Returns<\/p>\n<p class=\"p1\" style=\"text-align: left;\">\u2714\ufe0f Jako\u015b\u0107 A\u2013B<\/p>","protected":false},"featured_media":50745,"comment_status":"open","ping_status":"closed","template":"","meta":{"_acf_changed":false},"product_brand":[],"product_cat":[1258,1298],"product_tag":[1299],"class_list":{"0":"post-50750","1":"product","2":"type-product","3":"status-publish","4":"has-post-thumbnail","6":"product_cat-amazon-paleta","7":"product_cat-paleta-przemyslowa-elektronika-z-anglii","8":"product_tag-paleta-przemyslowa-elektronika-z-anglii-uk","10":"first","11":"instock","12":"sold-individually","13":"taxable","14":"shipping-taxable","15":"purchasable","16":"product-type-simple"},"acf":[],"_links":{"self":[{"href":"https:\/\/stockify24.pl\/es\/wp-json\/wp\/v2\/product\/50750","targetHints":{"allow":["GET"]}}],"collection":[{"href":"https:\/\/stockify24.pl\/es\/wp-json\/wp\/v2\/product"}],"about":[{"href":"https:\/\/stockify24.pl\/es\/wp-json\/wp\/v2\/types\/product"}],"replies":[{"embeddable":true,"href":"https:\/\/stockify24.pl\/es\/wp-json\/wp\/v2\/comments?post=50750"}],"wp:featuredmedia":[{"embeddable":true,"href":"https:\/\/stockify24.pl\/es\/wp-json\/wp\/v2\/media\/50745"}],"wp:attachment":[{"href":"https:\/\/stockify24.pl\/es\/wp-json\/wp\/v2\/media?parent=50750"}],"wp:term":[{"taxonomy":"product_brand","embeddable":true,"href":"https:\/\/stockify24.pl\/es\/wp-json\/wp\/v2\/product_brand?post=50750"},{"taxonomy":"product_cat","embeddable":true,"href":"https:\/\/stockify24.pl\/es\/wp-json\/wp\/v2\/product_cat?post=50750"},{"taxonomy":"product_tag","embeddable":true,"href":"https:\/\/stockify24.pl\/es\/wp-json\/wp\/v2\/product_tag?post=50750"}],"curies":[{"name":"wp","href":"https:\/\/api.w.org\/{rel}","templated":true}]}}