{"id":50777,"date":"2026-03-24T14:42:29","date_gmt":"2026-03-24T13:42:29","guid":{"rendered":"https:\/\/stockify24.pl\/?post_type=product&#038;p=50777"},"modified":"2026-03-24T14:49:15","modified_gmt":"2026-03-24T13:49:15","slug":"paleta-mix-elektroniki-z-europy-eu-a-b-172kg","status":"publish","type":"product","link":"https:\/\/stockify24.pl\/es\/producto\/paleta-mix-elektroniki-z-europy-eu-a-b-172kg\/","title":{"rendered":"Paleta de electr\u00f3nica mixta de Europa (UE) | A-B |"},"content":{"rendered":"<h2 data-section-id=\"1sajm12\" data-start=\"0\" data-end=\"80\">\ud83d\udce6 Paleta mix elektroniki z Europy (EU) | A\u2013B | 172 kg<\/h2>\n<p data-start=\"82\" data-end=\"393\"><strong data-start=\"82\" data-end=\"118\">Gama electr\u00f3nica de Europa (UE)<\/strong> to rozwi\u0105zanie dla e-commerce, sprzeda\u017cy hurtowej oraz reseller\u00f3w, kt\u00f3rzy rozwijaj\u0105 ofert\u0119 w kategorii elektronika u\u017cytkowa. Zawarto\u015b\u0107 obejmuje zr\u00f3\u017cnicowany asortyment produkt\u00f3w elektronicznych, co umo\u017cliwia budowanie szerokiej oferty sprzeda\u017cowej w jednej dostawie.<\/p>\n<p data-start=\"395\" data-end=\"766\">Towar pochodzi ze <strong data-start=\"413\" data-end=\"465\">zwrot\u00f3w konsumenckich oraz nadwy\u017cek magazynowych<\/strong>, co pozwala uzyska\u0107 dost\u0119p do produkt\u00f3w w r\u00f3\u017cnych wariantach i konfiguracjach.<\/p>\n<p data-start=\"395\" data-end=\"766\">Paleta oferowana jest jako <strong data-start=\"572\" data-end=\"610\">mix elektroniki o losowym sk\u0142adzie<\/strong>, bez listy produkt\u00f3w. Ka\u017cda dostawa zawiera inny zestaw, co umo\u017cliwia regularne uzupe\u0142nianie asortymentu i dostosowanie oferty do aktualnych potrzeb rynku.<\/p>\n<h2 data-section-id=\"dawekf\" data-start=\"773\" data-end=\"818\">\ud83d\udd0c Contenido de la paleta - electr\u00f3nica de consumo<\/h2>\n<p data-start=\"820\" data-end=\"920\">Paleta zawiera <strong data-start=\"835\" data-end=\"868\">mix produkt\u00f3w elektronicznych<\/strong>, kt\u00f3re mo\u017cna sprzedawa\u0107 pojedynczo lub w zestawach:<\/p>\n<ul data-start=\"922\" data-end=\"1129\">\n<li data-section-id=\"admbw2\" data-start=\"922\" data-end=\"949\">auriculares inal\u00e1mbricos<\/li>\n<li data-section-id=\"14yyb1b\" data-start=\"950\" data-end=\"976\">cargadores y powerbanks<\/li>\n<li data-section-id=\"2cko63\" data-start=\"977\" data-end=\"994\">Accesorios GSM<\/li>\n<li data-section-id=\"129ryor\" data-start=\"995\" data-end=\"1020\">dispositivos dom\u00e9sticos inteligentes<\/li>\n<li data-section-id=\"17lzlbi\" data-start=\"1021\" data-end=\"1058\">peque\u00f1os electrodom\u00e9sticos (por ejemplo, secadores de pelo, masajeadores)<\/li>\n<li data-section-id=\"i0l57x\" data-start=\"1059\" data-end=\"1097\">mandos y aparatos electr\u00f3nicos<\/li>\n<li data-section-id=\"4egyp1\" data-start=\"1098\" data-end=\"1129\">otros productos electr\u00f3nicos<\/li>\n<\/ul>\n<p data-start=\"1131\" data-end=\"1188\">\ud83d\udcca <strong data-start=\"1134\" data-end=\"1188\">Elektronika stanowi oko\u0142o 70\u201380% zawarto\u015bci palety<\/strong><\/p>\n<p data-start=\"1190\" data-end=\"1288\">Zr\u00f3\u017cnicowany sk\u0142ad pozwala prowadzi\u0107 sprzeda\u017c w r\u00f3\u017cnych segmentach kategorii elektronika u\u017cytkowa.<\/p>\n<h2 data-section-id=\"1vjjmw7\" data-start=\"1295\" data-end=\"1333\">\ud83c\udd70\ufe0f\ud83c\udd71\ufe0f Calidad del producto - clase A-B<\/h2>\n<ul data-start=\"1335\" data-end=\"1484\">\n<li data-section-id=\"clit29\" data-start=\"1335\" data-end=\"1399\">la mayor\u00eda de los productos son <strong data-start=\"1362\" data-end=\"1397\">nuevo o en muy buen estado<\/strong><\/li>\n<li data-section-id=\"1t32ewa\" data-start=\"1400\" data-end=\"1440\">peque\u00f1os signos de uso posibles<\/li>\n<li data-section-id=\"4a0pj1\" data-start=\"1441\" data-end=\"1484\">posible mezcla de Clase C (hasta 5-7%)<\/li>\n<\/ul>\n<p data-start=\"1486\" data-end=\"1570\">Taki standard jako\u015bci umo\u017cliwia sprzeda\u017c produkt\u00f3w w r\u00f3\u017cnych kana\u0142ach sprzeda\u017cowych.<\/p>\n<p data-start=\"1572\" data-end=\"1611\">\ud83d\udccc Produkty nie s\u0105 testowane pojedynczo<\/p>\n<h2 data-section-id=\"fo6i20\" data-start=\"1618\" data-end=\"1640\">\ud83d\udcd0 Par\u00e1metros de la paleta<\/h2>\n<p data-start=\"1642\" data-end=\"1798\">\ud83d\udccf <strong>Wysoko\u015b\u0107 palety:<\/strong> 1,5 metra<br \/>\n\u2696\ufe0f <strong>Waga netto:<\/strong> 172 kg<br data-start=\"1677\" data-end=\"1680\" \/>\ud83d\udce6 <strong>Asortyment:<\/strong> aleatorio y variado<br data-start=\"1716\" data-end=\"1719\" \/>\ud83d\udce6 <strong>Struktura:<\/strong> mix elektroniki u\u017cytkowej<br data-start=\"1758\" data-end=\"1761\" \/>\ud83d\udce6 <strong>Sk\u0142ad:<\/strong> zmienny w ka\u017cdej dostawie<\/p>\n<p data-start=\"1800\" data-end=\"1843\">Ka\u017cda paleta zawiera inny zestaw produkt\u00f3w.<\/p>\n<h2 data-section-id=\"l5lpbi\" data-start=\"1850\" data-end=\"1892\">\ud83d\udcbc Zastosowanie \u2013 sprzeda\u017c i odsprzeda\u017c<\/h2>\n<p data-start=\"1894\" data-end=\"1951\"><strong>Gama electr\u00f3nica de Europa<\/strong> sprawdzi si\u0119 dla os\u00f3b, kt\u00f3re:<\/p>\n<ul data-start=\"1953\" data-end=\"2144\">\n<li data-section-id=\"4yq4hc\" data-start=\"1953\" data-end=\"1994\">venden en Allegro, OLX, Amazon<\/li>\n<li data-section-id=\"1hxtzkm\" data-start=\"1995\" data-end=\"2030\">prowadz\u0105 sklepy internetowe<\/li>\n<li data-section-id=\"1r17kb8\" data-start=\"2031\" data-end=\"2068\">zajmuj\u0105 si\u0119 sprzeda\u017c\u0105 elektroniki<\/li>\n<li data-section-id=\"1mxb40z\" data-start=\"2069\" data-end=\"2100\">oferuj\u0105 produkty pojedynczo<\/li>\n<li data-section-id=\"o16zch\" data-start=\"2101\" data-end=\"2144\">buscan bienes para la reventa<\/li>\n<\/ul>\n<p data-start=\"2146\" data-end=\"2233\">R\u00f3\u017cnorodno\u015b\u0107 produkt\u00f3w pozwala rozwija\u0107 ofert\u0119 i dopasowa\u0107 j\u0105 do r\u00f3\u017cnych grup klient\u00f3w.<\/p>\n<h2 data-section-id=\"14nr1um\" data-start=\"2240\" data-end=\"2266\">\ud83d\udcc8 Korzy\u015bci sprzeda\u017cowe<\/h2>\n<ul data-start=\"2268\" data-end=\"2478\">\n<li data-section-id=\"1wwbg87\" data-start=\"2268\" data-end=\"2310\">dost\u0119p do elektroniki w jednej palecie<\/li>\n<li data-section-id=\"1klopph\" data-start=\"2311\" data-end=\"2353\">mo\u017cliwo\u015b\u0107 sprzeda\u017cy w wielu segmentach<\/li>\n<li data-section-id=\"tfqkdy\" data-start=\"2354\" data-end=\"2396\">zwi\u0119kszenie liczby produkt\u00f3w w ofercie<\/li>\n<li data-section-id=\"1eh5xd\" data-start=\"2397\" data-end=\"2436\">dopasowanie asortymentu do klient\u00f3w<\/li>\n<li data-section-id=\"1vtk23a\" data-start=\"2437\" data-end=\"2478\">rozw\u00f3j sprzeda\u017cy online i marketplace<\/li>\n<\/ul>\n<p data-start=\"2480\" data-end=\"2564\">Paleta umo\u017cliwia rozszerzenie oferty bez konieczno\u015bci zakupu pojedynczych produkt\u00f3w.<\/p>\n<h2 data-section-id=\"m785xy\" data-start=\"2571\" data-end=\"2597\">\ud83d\uded2 Mo\u017cliwo\u015bci sprzeda\u017cy<\/h2>\n<p data-start=\"2599\" data-end=\"2626\">Zawarto\u015b\u0107 palety umo\u017cliwia:<\/p>\n<ul data-start=\"2628\" data-end=\"2785\">\n<li data-section-id=\"eaedyo\" data-start=\"2628\" data-end=\"2663\">sprzeda\u017c pojedynczych produkt\u00f3w<\/li>\n<li data-section-id=\"z4kbot\" data-start=\"2664\" data-end=\"2702\">tworzenie zestaw\u00f3w elektronicznych<\/li>\n<li data-section-id=\"1qgjmhh\" data-start=\"2703\" data-end=\"2744\">rozw\u00f3j kategorii elektronika u\u017cytkowa<\/li>\n<li data-section-id=\"rttp6p\" data-start=\"2745\" data-end=\"2785\">uzupe\u0142nianie aktualnej oferty sklepu<\/li>\n<\/ul>\n<p data-start=\"2787\" data-end=\"2866\">Dzi\u0119ki temu mo\u017cliwe jest prowadzenie sprzeda\u017cy w r\u00f3\u017cnych kana\u0142ach jednocze\u015bnie.<\/p>\n<h2 data-section-id=\"78zdcb\" data-start=\"2873\" data-end=\"2904\">\ud83d\udcca Zastosowanie w e-commerce<\/h2>\n<p data-start=\"2906\" data-end=\"2968\">Paleta elektroniki z Europy sprawdzi si\u0119 w modelach sprzeda\u017cy:<\/p>\n<ul data-start=\"2970\" data-end=\"3058\">\n<li data-section-id=\"c9k76t\" data-start=\"2970\" data-end=\"3008\">marketplace<\/li>\n<li data-section-id=\"1fmpn86\" data-start=\"3009\" data-end=\"3031\">tiendas en l\u00ednea<\/li>\n<li data-section-id=\"1di29sp\" data-start=\"3032\" data-end=\"3058\">sprzeda\u017c wielokana\u0142owa<\/li>\n<\/ul>\n<p data-start=\"3060\" data-end=\"3134\">Zmienny sk\u0142ad umo\u017cliwia dopasowanie oferty do aktualnych potrzeb klient\u00f3w.<\/p>\n<h2 data-section-id=\"gfj1y1\" data-start=\"3141\" data-end=\"3154\">\ud83d\ude9a Entrega<\/h2>\n<ul data-start=\"3156\" data-end=\"3250\">\n<li data-section-id=\"1j548yy\" data-start=\"3156\" data-end=\"3188\">env\u00edo desde almac\u00e9n en Europa<\/li>\n<li data-section-id=\"igemay\" data-start=\"3189\" data-end=\"3219\">tramitaci\u00f3n r\u00e1pida de pedidos<\/li>\n<li data-section-id=\"1j8kcmu\" data-start=\"3220\" data-end=\"3250\">bezpieczne pakowanie palet<\/li>\n<\/ul>\n<h2 data-section-id=\"p6kgem\" data-start=\"3257\" data-end=\"3279\">\u2139\ufe0f Informaci\u00f3n importante<\/h2>\n<ul data-start=\"3281\" data-end=\"3487\">\n<li data-section-id=\"i908zb\" data-start=\"3281\" data-end=\"3348\">towar pochodzi ze zwrot\u00f3w konsumenckich i nadwy\u017cek magazynowych<\/li>\n<li data-section-id=\"23fumv\" data-start=\"3349\" data-end=\"3389\">los productos no se prueban individualmente<\/li>\n<li data-section-id=\"iag8fx\" data-start=\"3390\" data-end=\"3429\">posible mezcla de Clase C (hasta 5-7%)<\/li>\n<li data-section-id=\"zia6d9\" data-start=\"3430\" data-end=\"3462\">cada pal\u00e9 embalado aleatoriamente<\/li>\n<li data-section-id=\"1rrf97y\" data-start=\"3463\" data-end=\"3487\">brak listy produkt\u00f3w<\/li>\n<\/ul>\n<h2 data-section-id=\"1915pio\" data-start=\"3494\" data-end=\"3516\">\ud83d\udcf8 Fotos del producto<\/h2>\n<p data-start=\"3518\" data-end=\"3607\">Zdj\u0119cia maj\u0105 charakter pogl\u0105dowy i przedstawiaj\u0105 przyk\u0142adow\u0105 zawarto\u015b\u0107 palet elektroniki.<\/p>","protected":false},"excerpt":{"rendered":"<p class=\"p1\">\u26a1 Oko\u0142o 70\u201380% elektroniki<\/p>\n<p class=\"p1\">\ud83c\uddea\ud83c\uddfa EU<\/p>\n<p class=\"p1\">\ud83d\udd25 Amazon Returns<\/p>\n<p class=\"p1\" style=\"text-align: left;\">\u2714\ufe0f Jako\u015b\u0107 A\u2013B<\/p>","protected":false},"featured_media":50778,"comment_status":"open","ping_status":"closed","template":"","meta":{"_acf_changed":false},"product_brand":[],"product_cat":[1258,1273,1284],"product_tag":[1274],"class_list":{"0":"post-50777","1":"product","2":"type-product","3":"status-publish","4":"has-post-thumbnail","6":"product_cat-amazon-paleta","7":"product_cat-mix-elektroniki-eu-amazon-returns-ab","8":"product_cat-palety-dnia","9":"product_tag-paleta-mix-elektroniki-z-europy","11":"first","12":"instock","13":"sold-individually","14":"taxable","15":"shipping-taxable","16":"purchasable","17":"product-type-simple"},"acf":[],"_links":{"self":[{"href":"https:\/\/stockify24.pl\/es\/wp-json\/wp\/v2\/product\/50777","targetHints":{"allow":["GET"]}}],"collection":[{"href":"https:\/\/stockify24.pl\/es\/wp-json\/wp\/v2\/product"}],"about":[{"href":"https:\/\/stockify24.pl\/es\/wp-json\/wp\/v2\/types\/product"}],"replies":[{"embeddable":true,"href":"https:\/\/stockify24.pl\/es\/wp-json\/wp\/v2\/comments?post=50777"}],"wp:featuredmedia":[{"embeddable":true,"href":"https:\/\/stockify24.pl\/es\/wp-json\/wp\/v2\/media\/50778"}],"wp:attachment":[{"href":"https:\/\/stockify24.pl\/es\/wp-json\/wp\/v2\/media?parent=50777"}],"wp:term":[{"taxonomy":"product_brand","embeddable":true,"href":"https:\/\/stockify24.pl\/es\/wp-json\/wp\/v2\/product_brand?post=50777"},{"taxonomy":"product_cat","embeddable":true,"href":"https:\/\/stockify24.pl\/es\/wp-json\/wp\/v2\/product_cat?post=50777"},{"taxonomy":"product_tag","embeddable":true,"href":"https:\/\/stockify24.pl\/es\/wp-json\/wp\/v2\/product_tag?post=50777"}],"curies":[{"name":"wp","href":"https:\/\/api.w.org\/{rel}","templated":true}]}}