{"id":50822,"date":"2026-03-25T12:51:45","date_gmt":"2026-03-25T11:51:45","guid":{"rendered":"https:\/\/stockify24.pl\/?post_type=product&#038;p=50822"},"modified":"2026-03-27T17:24:43","modified_gmt":"2026-03-27T16:24:43","slug":"dostawy-amazon-16-palet-mix-elektroniki-eu","status":"publish","type":"product","link":"https:\/\/stockify24.pl\/es\/producto\/dostawy-amazon-16-palet-mix-elektroniki-eu\/","title":{"rendered":"Entregas Amazon - 16 palets | EU electronics mix"},"content":{"rendered":"<div class=\"flex flex-col text-sm pb-25\">\n<section class=\"text-token-text-primary w-full focus:outline-none [--shadow-height:45px] has-data-writing-block:pointer-events-none has-data-writing-block:-mt-(--shadow-height) has-data-writing-block:pt-(--shadow-height) [&amp;:has([data-writing-block])&gt;*]:pointer-events-auto scroll-mt-[calc(var(--header-height)+min(200px,max(70px,20svh)))]\" dir=\"auto\" data-turn-id=\"request-69b8245d-0030-838e-b654-ccb872ba6f51-25\" data-testid=\"conversation-turn-200\" data-scroll-anchor=\"true\" data-turn=\"assistant\">\n<div class=\"text-base my-auto mx-auto pb-10 [--thread-content-margin:var(--thread-content-margin-xs,calc(var(--spacing)*4))] @w-sm\/main:[--thread-content-margin:var(--thread-content-margin-sm,calc(var(--spacing)*6))] @w-lg\/main:[--thread-content-margin:var(--thread-content-margin-lg,calc(var(--spacing)*16))] px-(--thread-content-margin)\">\n<div class=\"[--thread-content-max-width:40rem] @w-lg\/main:[--thread-content-max-width:48rem] mx-auto max-w-(--thread-content-max-width) flex-1 group\/turn-messages focus-visible:outline-hidden relative flex w-full min-w-0 flex-col agent-turn\">\n<div class=\"flex max-w-full flex-col gap-4 grow\">\n<div class=\"min-h-8 text-message relative flex w-full flex-col items-end gap-2 text-start break-words whitespace-normal outline-none keyboard-focused:focus-ring [.text-message+&amp;]:mt-1\" dir=\"auto\" tabindex=\"0\" data-message-author-role=\"assistant\" data-message-id=\"ed8abcdd-be0d-4615-88f1-9a47a52c2d16\" data-message-model-slug=\"gpt-5-3\" data-turn-start-message=\"true\">\n<div class=\"flex w-full flex-col gap-1 empty:hidden\">\n<div class=\"markdown prose dark:prose-invert w-full wrap-break-word dark markdown-new-styling\">\n<div class=\"flex h-svh w-screen flex-col\">\n<div class=\"relative z-0 flex min-h-0 w-full flex-1\">\n<div class=\"relative flex min-h-0 w-full flex-1\">\n<div class=\"@container\/main relative flex min-w-0 flex-1 flex-col -translate-y-[calc(env(safe-area-inset-bottom,0px)\/2)] pt-[calc(env(safe-area-inset-bottom,0px)\/2)]\">\n<div class=\"@w-sm\/main:[scrollbar-gutter:var(--stage-scroll-gutter)] touch:[scrollbar-width:none] group\/scroll-root relative flex min-h-0 min-w-0 flex-1 flex-col [scrollbar-gutter:stable] not-print:overflow-x-clip not-print:overflow-y-auto group-data-stream-active\/scroll-root:[overflow-anchor:none] scroll-pt-(--header-height) [--sticky-padding-top:var(--header-height)] [--sticky-padding-bottom:0px] [--scroll-root-safe-area-inset-top:calc(var(--sticky-padding-top)+env(safe-area-inset-top,0px))] [--scroll-root-safe-area-inset-bottom:calc(var(--sticky-padding-bottom)+var(--screen-keyboard-height,0px)+env(safe-area-inset-bottom,0px))] [--scroll-root-safe-area-height:calc(100lvh-var(--scroll-root-safe-area-inset-top)-var(--scroll-root-safe-area-inset-bottom))] has-data-[fixed-header=less-than-xl]:@w-xl\/main:scroll-pt-0 has-data-[fixed-header=less-than-xl]:@w-xl\/main:[--sticky-padding-top:0px] has-data-[fixed-header=less-than-xxl]:@w-2xl\/main:scroll-pt-0 has-data-[fixed-header=less-than-xxl]:@w-2xl\/main:[--sticky-padding-top:0px]\" data-scroll-root=\"\" data-scroll-from-top=\"\">\n<div class=\"flex flex-col text-sm pb-25\">\n<section class=\"text-token-text-primary w-full focus:outline-none [--shadow-height:45px] has-data-writing-block:pointer-events-none has-data-writing-block:-mt-(--shadow-height) has-data-writing-block:pt-(--shadow-height) [&amp;:has([data-writing-block])&gt;*]:pointer-events-auto scroll-mt-[calc(var(--header-height)+min(200px,max(70px,20svh)))]\" dir=\"auto\" data-turn-id=\"request-69c0fd5d-0d28-832e-81ee-0163d066819a-23\" data-testid=\"conversation-turn-56\" data-scroll-anchor=\"true\" data-turn=\"assistant\">\n<div class=\"text-base my-auto mx-auto pb-10 [--thread-content-margin:var(--thread-content-margin-xs,calc(var(--spacing)*4))] @w-sm\/main:[--thread-content-margin:var(--thread-content-margin-sm,calc(var(--spacing)*6))] @w-lg\/main:[--thread-content-margin:var(--thread-content-margin-lg,calc(var(--spacing)*16))] px-(--thread-content-margin)\">\n<div class=\"[--thread-content-max-width:40rem] @w-lg\/main:[--thread-content-max-width:48rem] mx-auto max-w-(--thread-content-max-width) flex-1 group\/turn-messages focus-visible:outline-hidden relative flex w-full min-w-0 flex-col agent-turn\">\n<div class=\"flex max-w-full flex-col gap-4 grow\">\n<div class=\"min-h-8 text-message relative flex w-full flex-col items-end gap-2 text-start break-words whitespace-normal outline-none keyboard-focused:focus-ring [.text-message+&amp;]:mt-1\" dir=\"auto\" tabindex=\"0\" data-message-author-role=\"assistant\" data-message-id=\"ff361c2b-3d4f-4400-9220-f184e859b235\" data-message-model-slug=\"gpt-5-3\" data-turn-start-message=\"true\">\n<div class=\"flex w-full flex-col gap-1 empty:hidden\">\n<div class=\"markdown prose dark:prose-invert w-full wrap-break-word dark markdown-new-styling\">\n<div class=\"flex flex-col text-sm pb-25\">\n<section class=\"text-token-text-primary w-full focus:outline-none [--shadow-height:45px] has-data-writing-block:pointer-events-none has-data-writing-block:-mt-(--shadow-height) has-data-writing-block:pt-(--shadow-height) [&amp;:has([data-writing-block])&gt;*]:pointer-events-auto scroll-mt-[calc(var(--header-height)+min(200px,max(70px,20svh)))]\" dir=\"auto\" data-turn-id=\"request-69c0fd5d-0d28-832e-81ee-0163d066819a-0\" data-testid=\"conversation-turn-66\" data-scroll-anchor=\"true\" data-turn=\"assistant\">\n<div class=\"text-base my-auto mx-auto pb-10 [--thread-content-margin:var(--thread-content-margin-xs,calc(var(--spacing)*4))] @w-sm\/main:[--thread-content-margin:var(--thread-content-margin-sm,calc(var(--spacing)*6))] @w-lg\/main:[--thread-content-margin:var(--thread-content-margin-lg,calc(var(--spacing)*16))] px-(--thread-content-margin)\">\n<div class=\"[--thread-content-max-width:40rem] @w-lg\/main:[--thread-content-max-width:48rem] mx-auto max-w-(--thread-content-max-width) flex-1 group\/turn-messages focus-visible:outline-hidden relative flex w-full min-w-0 flex-col agent-turn\">\n<div class=\"flex max-w-full flex-col gap-4 grow\">\n<div class=\"min-h-8 text-message relative flex w-full flex-col items-end gap-2 text-start break-words whitespace-normal outline-none keyboard-focused:focus-ring [.text-message+&amp;]:mt-1\" dir=\"auto\" tabindex=\"0\" data-message-author-role=\"assistant\" data-message-id=\"3da9a6c1-b0ca-42d7-aeb8-551da1895539\" data-message-model-slug=\"gpt-5-3\" data-turn-start-message=\"true\">\n<div class=\"flex w-full flex-col gap-1 empty:hidden\">\n<div class=\"markdown prose dark:prose-invert w-full wrap-break-word dark markdown-new-styling\">\n<h1 data-section-id=\"1nxnvgj\" data-start=\"339\" data-end=\"386\">Dostawy Amazon \u2013 16 palet | mix elektroniki EU A\u2013B, hurtowy wolumen dla e-commerce<\/h1>\n<h2 data-section-id=\"1nxnvgj\" data-start=\"339\" data-end=\"386\">Dostawy Amazon 16 palet \u2013 czym s\u0105 i dla kogo?<\/h2>\n<p data-start=\"388\" data-end=\"622\"><strong>Dostawy Amazon 16 palet<\/strong> to model zakupu niesortowanego towaru z kategorii elektroniki u\u017cytkowej i produkt\u00f3w konsumenckich, przeznaczony dla sprzedawc\u00f3w, kt\u00f3rzy chc\u0105 zwi\u0119kszy\u0107 wolumen sprzeda\u017cy i pracowa\u0107 na wi\u0119kszej liczbie produkt\u00f3w.<\/p>\n<p data-start=\"624\" data-end=\"801\">Towar pochodzi ze zwrot\u00f3w konsumenckich oraz nadwy\u017cek magazynowych w Europie (Amazon Returns EU).<\/p>\n<p data-start=\"624\" data-end=\"801\">Ka\u017cda paleta zawiera <strong>losowy zestaw<\/strong> produkt\u00f3w i nie posiada sta\u0142ej specyfikacji.<\/p>\n<h2 data-section-id=\"196u3eo\" data-start=\"808\" data-end=\"845\">Co zawiera dostawa Amazon 16 palet?<\/h2>\n<p data-start=\"847\" data-end=\"913\">Dostawa obejmuje zestaw 16 palet z przewag\u0105 elektroniki u\u017cytkowej.<\/p>\n<h3 data-section-id=\"1q7nfly\" data-start=\"915\" data-end=\"937\">Struktura dostawy:<\/h3>\n<ul data-start=\"938\" data-end=\"1025\">\n<li data-section-id=\"g81jky\" data-start=\"938\" data-end=\"975\">oko\u0142o 70\u201380% elektronika u\u017cytkowa<\/li>\n<li data-section-id=\"1k7wqab\" data-start=\"976\" data-end=\"1025\">pozosta\u0142a cz\u0119\u015b\u0107 \u2013 mix produkt\u00f3w konsumenckich<\/li>\n<\/ul>\n<h2 data-section-id=\"7xcym7\" data-start=\"1032\" data-end=\"1074\">Jakie produkty znajduj\u0105 si\u0119 w paletach?<\/h2>\n<p data-start=\"1076\" data-end=\"1094\">Najcz\u0119\u015bciej s\u0105 to:<\/p>\n<ul data-start=\"1096\" data-end=\"1288\">\n<li data-section-id=\"admbw2\" data-start=\"1096\" data-end=\"1123\">s\u0142uchawki bezprzewodowe<\/li>\n<li data-section-id=\"14yyb1b\" data-start=\"1124\" data-end=\"1150\">\u0142adowarki i powerbanki<\/li>\n<li data-section-id=\"2cko63\" data-start=\"1151\" data-end=\"1168\">akcesoria GSM<\/li>\n<li data-section-id=\"gtd3pv\" data-start=\"1169\" data-end=\"1196\">przewody USB i adaptery<\/li>\n<li data-section-id=\"129ryor\" data-start=\"1197\" data-end=\"1222\">urz\u0105dzenia smart home<\/li>\n<li data-section-id=\"isey0l\" data-start=\"1223\" data-end=\"1262\">drobne AGD (np. suszarki, masa\u017cery)<\/li>\n<li data-section-id=\"6uw8kl\" data-start=\"1263\" data-end=\"1288\">gad\u017cety elektroniczne<\/li>\n<\/ul>\n<p data-start=\"1290\" data-end=\"1339\">Zawarto\u015b\u0107 mo\u017ce si\u0119 r\u00f3\u017cni\u0107 w zale\u017cno\u015bci od partii.<\/p>\n<h2 data-section-id=\"hygirb\" data-start=\"1346\" data-end=\"1373\">Jaki jest stan produkt\u00f3w?<\/h2>\n<p data-start=\"1375\" data-end=\"1404\">Produkty nale\u017c\u0105 do klasy A\u2013B:<\/p>\n<ul data-start=\"1406\" data-end=\"1542\">\n<li data-section-id=\"1pxbzbg\" data-start=\"1406\" data-end=\"1463\">wi\u0119kszo\u015b\u0107 towaru jest nowa lub w bardzo dobrym stanie<\/li>\n<li data-section-id=\"1p08uj0\" data-start=\"1464\" data-end=\"1496\">mo\u017cliwe s\u0105 \u015blady u\u017cytkowania<\/li>\n<li data-section-id=\"wfike3\" data-start=\"1497\" data-end=\"1542\">mo\u017cliwa domieszka klasy C (do oko\u0142o 5\u20137%)<\/li>\n<\/ul>\n<p data-start=\"1544\" data-end=\"1581\">Produkty nie s\u0105 testowane pojedynczo.<\/p>\n<h2 data-section-id=\"8vjgz0\" data-start=\"1588\" data-end=\"1622\">Jak dzia\u0142a model Amazon Returns?<\/h2>\n<p data-start=\"1624\" data-end=\"1697\">Amazon Returns to towary zwr\u00f3cone przez klient\u00f3w lub nadwy\u017cki magazynowe.<\/p>\n<p data-start=\"1699\" data-end=\"1721\">W praktyce oznacza to:<\/p>\n<ul data-start=\"1723\" data-end=\"1848\">\n<li data-section-id=\"nqi75c\" data-start=\"1723\" data-end=\"1752\">brak sortowania produkt\u00f3w<\/li>\n<li data-section-id=\"hvjgax\" data-start=\"1753\" data-end=\"1785\">brak listy zawarto\u015bci palety<\/li>\n<li data-section-id=\"1py6lzp\" data-start=\"1786\" data-end=\"1816\">ka\u017cda paleta ma inny sk\u0142ad<\/li>\n<li data-section-id=\"odl5bv\" data-start=\"1817\" data-end=\"1848\">du\u017ca r\u00f3\u017cnorodno\u015b\u0107 produkt\u00f3w<\/li>\n<\/ul>\n<p data-start=\"1850\" data-end=\"1909\">To model wykorzystywany w handlu resellerskim i e-commerce.<\/p>\n<h2 data-section-id=\"1ymehk5\" data-start=\"1916\" data-end=\"1963\">Dlaczego warto kupi\u0107 dostaw\u0119 Amazon 16 palet?<\/h2>\n<p data-start=\"1965\" data-end=\"2005\">Zakup 16 palet daje przewag\u0119 operacyjn\u0105:<\/p>\n<ul data-start=\"2007\" data-end=\"2199\">\n<li data-section-id=\"b4c2dz\" data-start=\"2007\" data-end=\"2056\">ni\u017cszy koszt zakupu w przeliczeniu na produkt<\/li>\n<li data-section-id=\"54zmzl\" data-start=\"2057\" data-end=\"2087\">lepsze warunki logistyczne<\/li>\n<li data-section-id=\"ky53pt\" data-start=\"2088\" data-end=\"2129\">wi\u0119ksza liczba produkt\u00f3w do sprzeda\u017cy<\/li>\n<li data-section-id=\"15sb24l\" data-start=\"2130\" data-end=\"2172\">mo\u017cliwo\u015b\u0107 szybkiego zwi\u0119kszenia oferty<\/li>\n<li data-section-id=\"1hup7ui\" data-start=\"2173\" data-end=\"2199\">stabilne \u017ar\u00f3d\u0142o towaru<\/li>\n<\/ul>\n<p data-start=\"2201\" data-end=\"2266\">To poziom, kt\u00f3ry pozwala przej\u015b\u0107 z ma\u0142ej sprzeda\u017cy do skalowania.<\/p>\n<h2 data-section-id=\"1jrxpdu\" data-start=\"2273\" data-end=\"2312\">Dla kogo jest oferta 16 palet Amazon?<\/h2>\n<h3 data-section-id=\"1bjjfht\" data-start=\"2314\" data-end=\"2386\">1. Sprzedawcy, kt\u00f3rzy chc\u0105 wi\u0119kszy wolumen i lepsze warunki zakupowe<\/h3>\n<p data-start=\"2387\" data-end=\"2466\">Wi\u0119ksza dostawa oznacza lepszy koszt jednostkowy i wi\u0119kszy potencja\u0142 sprzeda\u017cy.<\/p>\n<h3 data-section-id=\"1p5mbwt\" data-start=\"2473\" data-end=\"2533\">2. Osoby, kt\u00f3re wol\u0105 miks kategorii zamiast jednej niszy<\/h3>\n<p data-start=\"2534\" data-end=\"2603\">Mix produkt\u00f3w pozwala sprzedawa\u0107 w r\u00f3\u017cnych segmentach bez ogranicze\u0144.<\/p>\n<h3 data-section-id=\"s0sm9r\" data-start=\"2610\" data-end=\"2662\">3. Klienci, kt\u00f3rzy chc\u0105 szybciej rotowa\u0107 towarem<\/h3>\n<p data-start=\"2663\" data-end=\"2748\">Du\u017ca liczba produkt\u00f3w umo\u017cliwia ci\u0105g\u0142e dodawanie nowych ofert i utrzymanie sprzeda\u017cy.<\/p>\n<h2 data-section-id=\"je8r0o\" data-start=\"2755\" data-end=\"2802\">Jak mo\u017cna sprzedawa\u0107 produkty z palet Amazon?<\/h2>\n<p data-start=\"2804\" data-end=\"2838\">Najcz\u0119\u015bciej wykorzystywane kana\u0142y:<\/p>\n<ul data-start=\"2840\" data-end=\"2921\">\n<li data-section-id=\"1c1wa51\" data-start=\"2181\" data-end=\"2224\"><a href=\"https:\/\/allegro.pl\/\" target=\"_blank\" rel=\"noopener\">Allegro<\/a><\/li>\n<li data-section-id=\"1gr8el2\" data-start=\"2840\" data-end=\"2851\"><a href=\"https:\/\/www.ebay.com\/\" target=\"_blank\" rel=\"noopener\">eBay<\/a><\/li>\n<li data-section-id=\"1ls0se6\" data-start=\"2852\" data-end=\"2862\"><a href=\"https:\/\/www.amazon.com\/\" target=\"_blank\" rel=\"noopener\">Amazon<\/a><\/li>\n<li data-section-id=\"16txjn7\" data-start=\"2863\" data-end=\"2870\"><a href=\"https:\/\/www.olx.pl\/\" target=\"_blank\" rel=\"noopener\">OLX<\/a><\/li>\n<li data-section-id=\"1d4qn16\" data-start=\"2871\" data-end=\"2900\">w\u0142asne sklepy internetowe<\/li>\n<li data-section-id=\"v7r6ad\" data-start=\"2901\" data-end=\"2921\">sprzeda\u017c lokalna<\/li>\n<\/ul>\n<p data-start=\"2923\" data-end=\"2978\">Model polega na sprzeda\u017cy produkt\u00f3w pojedynczo z mar\u017c\u0105.<\/p>\n<h2 data-section-id=\"1jrpv7d\" data-start=\"2985\" data-end=\"3022\">Jakie s\u0105 g\u0142\u00f3wne korzy\u015bci biznesowe?<\/h2>\n<p data-start=\"3024\" data-end=\"3058\">Dostawy Amazon 16 palet pozwalaj\u0105:<\/p>\n<ul data-start=\"3060\" data-end=\"3264\">\n<li data-section-id=\"lcg1nd\" data-start=\"3060\" data-end=\"3100\">zwi\u0119kszy\u0107 liczb\u0119 ofert sprzeda\u017cowych<\/li>\n<li data-section-id=\"1989x48\" data-start=\"3101\" data-end=\"3140\">testowa\u0107 r\u00f3\u017cne produkty i kategorie<\/li>\n<li data-section-id=\"7bmfmv\" data-start=\"3141\" data-end=\"3193\">zwi\u0119kszy\u0107 przych\u00f3d bez zmiany modelu biznesowego<\/li>\n<li data-section-id=\"12y03jf\" data-start=\"3194\" data-end=\"3228\">pracowa\u0107 na du\u017cym asortymencie<\/li>\n<li data-section-id=\"1u2fmwu\" data-start=\"3229\" data-end=\"3264\">skalowa\u0107 sprzeda\u017c krok po kroku<\/li>\n<\/ul>\n<h2 data-section-id=\"lnamuf\" data-start=\"3271\" data-end=\"3293\">Jak wygl\u0105da dostawa?<\/h2>\n<ul data-start=\"3295\" data-end=\"3388\">\n<li data-section-id=\"1j548yy\" data-start=\"3295\" data-end=\"3327\">wysy\u0142ka z magazynu w Europie<\/li>\n<li data-section-id=\"wz2p5c\" data-start=\"3328\" data-end=\"3349\">szybka realizacja<\/li>\n<li data-section-id=\"cshv9j\" data-start=\"3350\" data-end=\"3388\">palety zabezpieczone do transportu<\/li>\n<\/ul>\n<p data-start=\"3390\" data-end=\"3439\">Dostawa jest przygotowana do dalszej odsprzeda\u017cy.<\/p>\n<h2 data-section-id=\"ft59xq\" data-start=\"3446\" data-end=\"3480\">Czy ka\u017cda paleta jest taka sama?<\/h2>\n<p data-start=\"3482\" data-end=\"3486\">Nie.<\/p>\n<p data-start=\"3488\" data-end=\"3501\">Ka\u017cda paleta:<\/p>\n<ul data-start=\"3503\" data-end=\"3585\">\n<li data-section-id=\"ynau8a\" data-start=\"3503\" data-end=\"3522\">ma losowy sk\u0142ad<\/li>\n<li data-section-id=\"1b811nx\" data-start=\"3523\" data-end=\"3548\">zawiera inne produkty<\/li>\n<li data-section-id=\"11qqq84\" data-start=\"3549\" data-end=\"3585\">r\u00f3\u017cni si\u0119 w zale\u017cno\u015bci od partii<\/li>\n<\/ul>\n<p data-start=\"3587\" data-end=\"3618\">To standard dla Amazon Returns.<\/p>\n<h2 data-section-id=\"nyxe35\" data-start=\"3625\" data-end=\"3653\">Czy produkty s\u0105 testowane?<\/h2>\n<p data-start=\"3655\" data-end=\"3659\">Nie.<\/p>\n<p data-start=\"3661\" data-end=\"3670\">Produkty:<\/p>\n<ul data-start=\"3672\" data-end=\"3758\">\n<li data-section-id=\"1umkdoi\" data-start=\"3672\" data-end=\"3706\">nie s\u0105 testowane indywidualnie<\/li>\n<li data-section-id=\"b0cmtz\" data-start=\"3707\" data-end=\"3730\">pochodz\u0105 ze zwrot\u00f3w<\/li>\n<li data-section-id=\"108jpx7\" data-start=\"3731\" data-end=\"3758\">sprzedawane s\u0105 jako mix<\/li>\n<\/ul>\n<h2 data-section-id=\"166jplj\" data-start=\"3765\" data-end=\"3792\">FAQ \u2013 najcz\u0119stsze pytania<\/h2>\n<h3 data-section-id=\"udwah5\" data-start=\"3794\" data-end=\"3833\">Czy mo\u017cna wybra\u0107 produkty w palecie?<\/h3>\n<p data-start=\"3834\" data-end=\"3882\">Nie. Palety s\u0105 niesortowane i maj\u0105 losowy sk\u0142ad.<\/p>\n<h3 data-section-id=\"1tsg5vq\" data-start=\"3889\" data-end=\"3926\">Czy towar nadaje si\u0119 do sprzeda\u017cy?<\/h3>\n<p data-start=\"3927\" data-end=\"3989\">Tak. Wi\u0119kszo\u015b\u0107 produkt\u00f3w jest nowa lub w bardzo dobrym stanie.<\/p>\n<h3 data-section-id=\"14bke26\" data-start=\"3996\" data-end=\"4024\">Czy mo\u017cna na tym zarobi\u0107?<\/h3>\n<p data-start=\"4025\" data-end=\"4101\">Model opiera si\u0119 na zakupie w ni\u017cszej cenie i sprzeda\u017cy detalicznej z mar\u017c\u0105.<\/p>\n<h2 data-section-id=\"cllmoj\" data-start=\"4108\" data-end=\"4147\">Czy dostawa 16 palet to dobry start?<\/h2>\n<p data-start=\"4148\" data-end=\"4219\">Tak. To poziom pozwalaj\u0105cy przej\u015b\u0107 z ma\u0142ej sprzeda\u017cy do wi\u0119kszej skali.<\/p>\n<h2 data-section-id=\"1yqp19y\" data-start=\"4122\" data-end=\"4158\">Jaki wolumen palet Amazon wybra\u0107?<\/h2>\n<ul data-start=\"4160\" data-end=\"4280\">\n<li data-section-id=\"1rke6se\" data-start=\"4160\" data-end=\"4199\"><a href=\"https:\/\/stockify24.pl\/produkt\/dostawy-amazon-16-palet-mix-elektroniki-eu\/\">16 palet \u2013 start i rozw\u00f3j sprzeda\u017cy<\/a><\/li>\n<li data-section-id=\"1lcmw4d\" data-start=\"4200\" data-end=\"4234\"><a href=\"https:\/\/stockify24.pl\/produkt\/dostawy-amazon-32-palety-mix-elektroniki-eu\/\">32 palety \u2013 skalowanie biznesu<\/a><\/li>\n<li data-section-id=\"jx1qit\" data-start=\"4235\" data-end=\"4280\"><a href=\"https:\/\/stockify24.pl\/produkt\/dostawy-amazon-66-palet-mix-elektroniki-eu\/\">66 palet \u2013 sprzeda\u017c hurtowa i dystrybucja<\/a><\/li>\n<\/ul>\n<h2 data-section-id=\"gqemrx\" data-start=\"4226\" data-end=\"4240\">Podsumowanie<\/h2>\n<p data-start=\"4242\" data-end=\"4413\"><strong>Dostawy Amazon 16 palet<\/strong> to rozwi\u0105zanie dla sprzedawc\u00f3w, kt\u00f3rzy chc\u0105 zwi\u0119kszy\u0107 skal\u0119 dzia\u0142alno\u015bci, pracowa\u0107 na wi\u0119kszym wolumenie i sprzedawa\u0107 produkty z r\u00f3\u017cnych kategorii.<\/p>\n<p data-start=\"4415\" data-end=\"4554\">Model oparty na Amazon Returns zapewnia dost\u0119p do szerokiego asortymentu oraz mo\u017cliwo\u015b\u0107 rozwijania sprzeda\u017cy w wielu kana\u0142ach jednocze\u015bnie.<\/p>\n<\/div>\n<\/div>\n<\/div>\n<\/div>\n<\/div>\n<\/div>\n<\/section>\n<\/div>\n<\/div>\n<\/div>\n<\/div>\n<\/div>\n<\/div>\n<\/div>\n<\/section>\n<\/div>\n<\/div>\n<\/div>\n<\/div>\n<\/div>\n<\/div>\n<\/div>\n<\/div>\n<\/div>\n<\/div>\n<\/div>\n<\/div>\n<\/section>\n<\/div>\n","protected":false},"excerpt":{"rendered":"<p class=\"p1\">\u26a1 Dostawy Amazon Mix<\/p>\n<p class=\"p1\">\ud83d\udd25 Amazon Returns<\/p>\n<p class=\"p1\" style=\"text-align: left;\">\u2714\ufe0f Jako\u015b\u0107 A\u2013B<\/p>","protected":false},"featured_media":50811,"comment_status":"open","ping_status":"closed","template":"","meta":{"_acf_changed":false},"product_brand":[],"product_cat":[1283],"product_tag":[1303],"class_list":{"0":"post-50822","1":"product","2":"type-product","3":"status-publish","4":"has-post-thumbnail","6":"product_cat-dostawy-amazon","7":"product_tag-dostawy-amazon","9":"first","10":"instock","11":"taxable","12":"shipping-taxable","13":"purchasable","14":"product-type-simple"},"acf":[],"_links":{"self":[{"href":"https:\/\/stockify24.pl\/es\/wp-json\/wp\/v2\/product\/50822","targetHints":{"allow":["GET"]}}],"collection":[{"href":"https:\/\/stockify24.pl\/es\/wp-json\/wp\/v2\/product"}],"about":[{"href":"https:\/\/stockify24.pl\/es\/wp-json\/wp\/v2\/types\/product"}],"replies":[{"embeddable":true,"href":"https:\/\/stockify24.pl\/es\/wp-json\/wp\/v2\/comments?post=50822"}],"wp:featuredmedia":[{"embeddable":true,"href":"https:\/\/stockify24.pl\/es\/wp-json\/wp\/v2\/media\/50811"}],"wp:attachment":[{"href":"https:\/\/stockify24.pl\/es\/wp-json\/wp\/v2\/media?parent=50822"}],"wp:term":[{"taxonomy":"product_brand","embeddable":true,"href":"https:\/\/stockify24.pl\/es\/wp-json\/wp\/v2\/product_brand?post=50822"},{"taxonomy":"product_cat","embeddable":true,"href":"https:\/\/stockify24.pl\/es\/wp-json\/wp\/v2\/product_cat?post=50822"},{"taxonomy":"product_tag","embeddable":true,"href":"https:\/\/stockify24.pl\/es\/wp-json\/wp\/v2\/product_tag?post=50822"}],"curies":[{"name":"wp","href":"https:\/\/api.w.org\/{rel}","templated":true}]}}