{"id":50823,"date":"2026-03-25T13:01:44","date_gmt":"2026-03-25T12:01:44","guid":{"rendered":"https:\/\/stockify24.pl\/?post_type=product&#038;p=50823"},"modified":"2026-03-27T17:23:42","modified_gmt":"2026-03-27T16:23:42","slug":"dostawy-amazon-32-palety-mix-elektroniki-eu","status":"publish","type":"product","link":"https:\/\/stockify24.pl\/es\/producto\/dostawy-amazon-32-palety-mix-elektroniki-eu\/","title":{"rendered":"Entregas Amazon - 32 palets | EU electronics mix"},"content":{"rendered":"<div class=\"flex flex-col text-sm pb-25\">\n<section class=\"text-token-text-primary w-full focus:outline-none [--shadow-height:45px] has-data-writing-block:pointer-events-none has-data-writing-block:-mt-(--shadow-height) has-data-writing-block:pt-(--shadow-height) [&amp;:has([data-writing-block])&gt;*]:pointer-events-auto scroll-mt-[calc(var(--header-height)+min(200px,max(70px,20svh)))]\" dir=\"auto\" data-turn-id=\"request-69b8245d-0030-838e-b654-ccb872ba6f51-25\" data-testid=\"conversation-turn-200\" data-scroll-anchor=\"true\" data-turn=\"assistant\">\n<div class=\"text-base my-auto mx-auto pb-10 [--thread-content-margin:var(--thread-content-margin-xs,calc(var(--spacing)*4))] @w-sm\/main:[--thread-content-margin:var(--thread-content-margin-sm,calc(var(--spacing)*6))] @w-lg\/main:[--thread-content-margin:var(--thread-content-margin-lg,calc(var(--spacing)*16))] px-(--thread-content-margin)\">\n<div class=\"[--thread-content-max-width:40rem] @w-lg\/main:[--thread-content-max-width:48rem] mx-auto max-w-(--thread-content-max-width) flex-1 group\/turn-messages focus-visible:outline-hidden relative flex w-full min-w-0 flex-col agent-turn\">\n<div class=\"flex max-w-full flex-col gap-4 grow\">\n<div class=\"min-h-8 text-message relative flex w-full flex-col items-end gap-2 text-start break-words whitespace-normal outline-none keyboard-focused:focus-ring [.text-message+&amp;]:mt-1\" dir=\"auto\" tabindex=\"0\" data-message-author-role=\"assistant\" data-message-id=\"ed8abcdd-be0d-4615-88f1-9a47a52c2d16\" data-message-model-slug=\"gpt-5-3\" data-turn-start-message=\"true\">\n<div class=\"flex w-full flex-col gap-1 empty:hidden\">\n<div class=\"markdown prose dark:prose-invert w-full wrap-break-word dark markdown-new-styling\">\n<div class=\"flex h-svh w-screen flex-col\">\n<div class=\"relative z-0 flex min-h-0 w-full flex-1\">\n<div class=\"relative flex min-h-0 w-full flex-1\">\n<div class=\"@container\/main relative flex min-w-0 flex-1 flex-col -translate-y-[calc(env(safe-area-inset-bottom,0px)\/2)] pt-[calc(env(safe-area-inset-bottom,0px)\/2)]\">\n<div class=\"@w-sm\/main:[scrollbar-gutter:var(--stage-scroll-gutter)] touch:[scrollbar-width:none] group\/scroll-root relative flex min-h-0 min-w-0 flex-1 flex-col [scrollbar-gutter:stable] not-print:overflow-x-clip not-print:overflow-y-auto group-data-stream-active\/scroll-root:[overflow-anchor:none] scroll-pt-(--header-height) [--sticky-padding-top:var(--header-height)] [--sticky-padding-bottom:0px] [--scroll-root-safe-area-inset-top:calc(var(--sticky-padding-top)+env(safe-area-inset-top,0px))] [--scroll-root-safe-area-inset-bottom:calc(var(--sticky-padding-bottom)+var(--screen-keyboard-height,0px)+env(safe-area-inset-bottom,0px))] [--scroll-root-safe-area-height:calc(100lvh-var(--scroll-root-safe-area-inset-top)-var(--scroll-root-safe-area-inset-bottom))] has-data-[fixed-header=less-than-xl]:@w-xl\/main:scroll-pt-0 has-data-[fixed-header=less-than-xl]:@w-xl\/main:[--sticky-padding-top:0px] has-data-[fixed-header=less-than-xxl]:@w-2xl\/main:scroll-pt-0 has-data-[fixed-header=less-than-xxl]:@w-2xl\/main:[--sticky-padding-top:0px]\" data-scroll-root=\"\" data-scroll-from-top=\"\">\n<div class=\"flex flex-col text-sm pb-25\">\n<section class=\"text-token-text-primary w-full focus:outline-none [--shadow-height:45px] has-data-writing-block:pointer-events-none has-data-writing-block:-mt-(--shadow-height) has-data-writing-block:pt-(--shadow-height) [&amp;:has([data-writing-block])&gt;*]:pointer-events-auto scroll-mt-[calc(var(--header-height)+min(200px,max(70px,20svh)))]\" dir=\"auto\" data-turn-id=\"request-69c0fd5d-0d28-832e-81ee-0163d066819a-23\" data-testid=\"conversation-turn-56\" data-scroll-anchor=\"true\" data-turn=\"assistant\">\n<div class=\"text-base my-auto mx-auto pb-10 [--thread-content-margin:var(--thread-content-margin-xs,calc(var(--spacing)*4))] @w-sm\/main:[--thread-content-margin:var(--thread-content-margin-sm,calc(var(--spacing)*6))] @w-lg\/main:[--thread-content-margin:var(--thread-content-margin-lg,calc(var(--spacing)*16))] px-(--thread-content-margin)\">\n<div class=\"[--thread-content-max-width:40rem] @w-lg\/main:[--thread-content-max-width:48rem] mx-auto max-w-(--thread-content-max-width) flex-1 group\/turn-messages focus-visible:outline-hidden relative flex w-full min-w-0 flex-col agent-turn\">\n<div class=\"flex max-w-full flex-col gap-4 grow\">\n<div class=\"min-h-8 text-message relative flex w-full flex-col items-end gap-2 text-start break-words whitespace-normal outline-none keyboard-focused:focus-ring [.text-message+&amp;]:mt-1\" dir=\"auto\" tabindex=\"0\" data-message-author-role=\"assistant\" data-message-id=\"ff361c2b-3d4f-4400-9220-f184e859b235\" data-message-model-slug=\"gpt-5-3\" data-turn-start-message=\"true\">\n<div class=\"flex w-full flex-col gap-1 empty:hidden\">\n<div class=\"markdown prose dark:prose-invert w-full wrap-break-word dark markdown-new-styling\">\n<div class=\"flex flex-col text-sm pb-25\">\n<section class=\"text-token-text-primary w-full focus:outline-none [--shadow-height:45px] has-data-writing-block:pointer-events-none has-data-writing-block:-mt-(--shadow-height) has-data-writing-block:pt-(--shadow-height) [&amp;:has([data-writing-block])&gt;*]:pointer-events-auto scroll-mt-[calc(var(--header-height)+min(200px,max(70px,20svh)))]\" dir=\"auto\" data-turn-id=\"request-69c0fd5d-0d28-832e-81ee-0163d066819a-0\" data-testid=\"conversation-turn-66\" data-scroll-anchor=\"true\" data-turn=\"assistant\">\n<div class=\"text-base my-auto mx-auto pb-10 [--thread-content-margin:var(--thread-content-margin-xs,calc(var(--spacing)*4))] @w-sm\/main:[--thread-content-margin:var(--thread-content-margin-sm,calc(var(--spacing)*6))] @w-lg\/main:[--thread-content-margin:var(--thread-content-margin-lg,calc(var(--spacing)*16))] px-(--thread-content-margin)\">\n<div class=\"[--thread-content-max-width:40rem] @w-lg\/main:[--thread-content-max-width:48rem] mx-auto max-w-(--thread-content-max-width) flex-1 group\/turn-messages focus-visible:outline-hidden relative flex w-full min-w-0 flex-col agent-turn\">\n<div class=\"flex max-w-full flex-col gap-4 grow\">\n<div class=\"min-h-8 text-message relative flex w-full flex-col items-end gap-2 text-start break-words whitespace-normal outline-none keyboard-focused:focus-ring [.text-message+&amp;]:mt-1\" dir=\"auto\" tabindex=\"0\" data-message-author-role=\"assistant\" data-message-id=\"3da9a6c1-b0ca-42d7-aeb8-551da1895539\" data-message-model-slug=\"gpt-5-3\" data-turn-start-message=\"true\">\n<div class=\"flex w-full flex-col gap-1 empty:hidden\">\n<div class=\"markdown prose dark:prose-invert w-full wrap-break-word dark markdown-new-styling\">\n<h1 data-section-id=\"kvr5zw\" data-start=\"175\" data-end=\"245\">Dostawy Amazon 32 palety \u2013 czym s\u0105 i kiedy warto wybra\u0107 ten wolumen?<\/h1>\n<p data-start=\"247\" data-end=\"472\"><strong>Dostawy Amazon 32 palety<\/strong> to model zakupu niesortowanego towaru z Europy (Amazon Returns EU), przeznaczony dla sprzedawc\u00f3w, kt\u00f3rzy chc\u0105 zwi\u0119kszy\u0107 skal\u0119 dzia\u0142alno\u015bci i pracowa\u0107 na wi\u0119kszym asortymencie w jednym cyklu zakupowym.<\/p>\n<p data-start=\"474\" data-end=\"721\">Wariant <strong>32 palet<\/strong> jest wykorzystywany przez sprzedawc\u00f3w, kt\u00f3rzy przeszli etap test\u00f3w i chc\u0105 przej\u015b\u0107 na poziom stabilnej, powtarzalnej sprzeda\u017cy. Wi\u0119kszy wolumen oznacza wi\u0119ksz\u0105 dost\u0119pno\u015b\u0107 produkt\u00f3w oraz mo\u017cliwo\u015b\u0107 optymalizacji koszt\u00f3w operacyjnych.<\/p>\n<h2 data-section-id=\"16bexkp\" data-start=\"728\" data-end=\"767\">Co obejmuje dostawa Amazon 32 palety?<\/h2>\n<p data-start=\"769\" data-end=\"865\">Dostawa sk\u0142ada si\u0119 z 32 palet zawieraj\u0105cych mix elektroniki u\u017cytkowej i produkt\u00f3w konsumenckich.<\/p>\n<h3 data-section-id=\"thnm79\" data-start=\"867\" data-end=\"881\">Struktura:<\/h3>\n<ul data-start=\"882\" data-end=\"950\">\n<li data-section-id=\"g81jky\" data-start=\"882\" data-end=\"919\">oko\u0142o 70\u201380% elektronika u\u017cytkowa<\/li>\n<li data-section-id=\"14njyv8\" data-start=\"920\" data-end=\"950\">oko\u0142o 20\u201330% mix kategorii<\/li>\n<\/ul>\n<h2 data-section-id=\"7xcym7\" data-start=\"957\" data-end=\"999\">Jakie produkty znajduj\u0105 si\u0119 w paletach?<\/h2>\n<p data-start=\"1001\" data-end=\"1055\">W dostawach Amazon 32 palety najcz\u0119\u015bciej znajduj\u0105 si\u0119:<\/p>\n<ul data-start=\"1057\" data-end=\"1221\">\n<li data-section-id=\"1v79hfq\" data-start=\"1057\" data-end=\"1088\">s\u0142uchawki i akcesoria audio<\/li>\n<li data-section-id=\"caapl8\" data-start=\"1089\" data-end=\"1120\">\u0142adowarki, kable i adaptery<\/li>\n<li data-section-id=\"l9fl3s\" data-start=\"1121\" data-end=\"1135\">powerbanki<\/li>\n<li data-section-id=\"2cko63\" data-start=\"1136\" data-end=\"1153\">akcesoria GSM<\/li>\n<li data-section-id=\"129ryor\" data-start=\"1154\" data-end=\"1179\">urz\u0105dzenia smart home<\/li>\n<li data-section-id=\"l9mk7u\" data-start=\"1180\" data-end=\"1194\">drobne AGD<\/li>\n<li data-section-id=\"1e6808q\" data-start=\"1195\" data-end=\"1221\">gad\u017cety technologiczne<\/li>\n<\/ul>\n<p data-start=\"1223\" data-end=\"1282\">Zawarto\u015b\u0107 jest zmienna i zale\u017cy od aktualnej partii towaru.<\/p>\n<h2 data-section-id=\"yahf0k\" data-start=\"1289\" data-end=\"1318\">Jaka jest jako\u015b\u0107 produkt\u00f3w?<\/h2>\n<p data-start=\"1320\" data-end=\"1349\">Produkty nale\u017c\u0105 do klasy A\u2013B:<\/p>\n<ul data-start=\"1351\" data-end=\"1490\">\n<li data-section-id=\"qqbmzl\" data-start=\"1351\" data-end=\"1407\">przewaga produkt\u00f3w nowych lub w bardzo dobrym stanie<\/li>\n<li data-section-id=\"1ydnmn3\" data-start=\"1408\" data-end=\"1444\">mo\u017cliwe lekkie \u015blady u\u017cytkowania<\/li>\n<li data-section-id=\"wfike3\" data-start=\"1445\" data-end=\"1490\">mo\u017cliwa domieszka klasy C (do oko\u0142o 5\u20137%)<\/li>\n<\/ul>\n<p data-start=\"1492\" data-end=\"1565\">Produkty nie s\u0105 testowane pojedynczo i pochodz\u0105 ze zwrot\u00f3w konsumenckich.<\/p>\n<h2 data-section-id=\"1pbd36e\" data-start=\"1572\" data-end=\"1613\">Jak dzia\u0142a model dostaw Amazon Returns?<\/h2>\n<p data-start=\"1615\" data-end=\"1696\">Amazon Returns to model oparty na zwrotach klient\u00f3w oraz nadwy\u017ckach magazynowych.<\/p>\n<p data-start=\"1698\" data-end=\"1720\">W praktyce oznacza to:<\/p>\n<ul data-start=\"1722\" data-end=\"1839\">\n<li data-section-id=\"1rgp0jf\" data-start=\"1722\" data-end=\"1747\">brak sortowania palet<\/li>\n<li data-section-id=\"1rrf97y\" data-start=\"1748\" data-end=\"1772\">brak listy produkt\u00f3w<\/li>\n<li data-section-id=\"1py6lzp\" data-start=\"1773\" data-end=\"1803\">ka\u017cda paleta ma inny sk\u0142ad<\/li>\n<li data-section-id=\"dxiaul\" data-start=\"1804\" data-end=\"1839\">wysoka r\u00f3\u017cnorodno\u015b\u0107 asortymentu<\/li>\n<\/ul>\n<p data-start=\"1841\" data-end=\"1899\">To rozwi\u0105zanie stosowane w handlu e-commerce i resellerce.<\/p>\n<h2 data-section-id=\"1kv23f1\" data-start=\"1906\" data-end=\"1947\">Dlaczego warto wybra\u0107 dostaw\u0119 32 palet?<\/h2>\n<p data-start=\"1949\" data-end=\"2017\">Dostawa 32 palet daje wyra\u017ane przewagi wzgl\u0119dem mniejszych zam\u00f3wie\u0144:<\/p>\n<ul data-start=\"2019\" data-end=\"2240\">\n<li data-section-id=\"jzs0y3\" data-start=\"2019\" data-end=\"2056\">ni\u017cszy koszt jednostkowy produktu<\/li>\n<li data-section-id=\"s6sd6q\" data-start=\"2057\" data-end=\"2109\">wi\u0119ksza liczba produkt\u00f3w dost\u0119pnych jednocze\u015bnie<\/li>\n<li data-section-id=\"16psfse\" data-start=\"2110\" data-end=\"2160\">mo\u017cliwo\u015b\u0107 rozwijania wielu kategorii sprzeda\u017cy<\/li>\n<li data-section-id=\"ztpsnw\" data-start=\"2161\" data-end=\"2198\">stabilno\u015b\u0107 dostaw i zatowarowania<\/li>\n<li data-section-id=\"1rqoieu\" data-start=\"2199\" data-end=\"2240\">efektywniejsze wykorzystanie magazynu<\/li>\n<\/ul>\n<p data-start=\"2242\" data-end=\"2316\">To poziom dla sprzedawc\u00f3w, kt\u00f3rzy chc\u0105 przej\u015b\u0107 na skalowanie dzia\u0142alno\u015bci.<\/p>\n<h2 data-section-id=\"q3d6l9\" data-start=\"2323\" data-end=\"2363\">Dla kogo jest oferta Amazon 32 palety?<\/h2>\n<h3 data-section-id=\"14dv09m\" data-start=\"2365\" data-end=\"2410\">1. Sprzedawcy rozwijaj\u0105cy skal\u0119 sprzeda\u017cy<\/h3>\n<p data-start=\"2411\" data-end=\"2486\">Osoby i firmy, kt\u00f3re chc\u0105 zwi\u0119kszy\u0107 wolumen i poprawi\u0107 efektywno\u015b\u0107 zakup\u00f3w.<\/p>\n<h3 data-section-id=\"skq2o\" data-start=\"2493\" data-end=\"2539\">2. Klienci pracuj\u0105cy na wi\u0119kszym magazynie<\/h3>\n<p data-start=\"2540\" data-end=\"2619\">Wariant 32 palet pozwala utrzyma\u0107 wi\u0119kszy stan magazynowy i ci\u0105g\u0142o\u015b\u0107 sprzeda\u017cy.<\/p>\n<h3 data-section-id=\"ozjjs5\" data-start=\"2626\" data-end=\"2671\">3. Sprzedawcy dzia\u0142aj\u0105cy w wielu kana\u0142ach<\/h3>\n<p data-start=\"2672\" data-end=\"2741\">Mix produkt\u00f3w umo\u017cliwia sprzeda\u017c na r\u00f3\u017cnych platformach jednocze\u015bnie.<\/p>\n<h2 data-section-id=\"74h80s\" data-start=\"2748\" data-end=\"2799\">Jak mo\u017cna sprzedawa\u0107 produkty z dostawy 32 palet?<\/h2>\n<p data-start=\"2801\" data-end=\"2845\">Najcz\u0119\u015bciej wykorzystywane kana\u0142y sprzeda\u017cy:<\/p>\n<ul data-start=\"2847\" data-end=\"2928\">\n<li data-section-id=\"1c1wa51\" data-start=\"2181\" data-end=\"2224\"><a href=\"https:\/\/allegro.pl\/\" target=\"_blank\" rel=\"noopener\">Allegro<\/a><\/li>\n<li data-section-id=\"1gr8el2\" data-start=\"2847\" data-end=\"2858\"><a href=\"https:\/\/www.ebay.com\/\" target=\"_blank\" rel=\"noopener\">eBay<\/a><\/li>\n<li data-section-id=\"1ls0se6\" data-start=\"2859\" data-end=\"2869\"><a href=\"https:\/\/www.amazon.com\/\" target=\"_blank\" rel=\"noopener\">Amazon<\/a><\/li>\n<li data-section-id=\"16txjn7\" data-start=\"2870\" data-end=\"2877\"><a href=\"https:\/\/www.olx.pl\/\" target=\"_blank\" rel=\"noopener\">OLX<\/a><\/li>\n<li data-section-id=\"1d4qn16\" data-start=\"2878\" data-end=\"2907\">w\u0142asne sklepy internetowe<\/li>\n<li data-section-id=\"v7r6ad\" data-start=\"2908\" data-end=\"2928\">sprzeda\u017c lokalna<\/li>\n<\/ul>\n<p data-start=\"2930\" data-end=\"3005\">Model sprzeda\u017cy polega na dystrybucji produkt\u00f3w pojedynczo lub w zestawach.<\/p>\n<h2 data-section-id=\"1unphph\" data-start=\"3012\" data-end=\"3051\">Jakie s\u0105 kluczowe korzy\u015bci biznesowe?<\/h2>\n<p data-start=\"3053\" data-end=\"3088\">Dostawy Amazon 32 palety pozwalaj\u0105:<\/p>\n<ul data-start=\"3090\" data-end=\"3281\">\n<li data-section-id=\"lcg1nd\" data-start=\"3090\" data-end=\"3130\">zwi\u0119kszy\u0107 liczb\u0119 ofert sprzeda\u017cowych<\/li>\n<li data-section-id=\"119robj\" data-start=\"3131\" data-end=\"3158\">poprawi\u0107 rotacj\u0119 towaru<\/li>\n<li data-section-id=\"4y6lml\" data-start=\"3159\" data-end=\"3200\">rozwija\u0107 sprzeda\u017c w wielu kategoriach<\/li>\n<li data-section-id=\"1y4hxn3\" data-start=\"3201\" data-end=\"3244\">optymalizowa\u0107 koszty zakupu i logistyki<\/li>\n<li data-section-id=\"o78c8i\" data-start=\"3245\" data-end=\"3281\">budowa\u0107 stabilny model sprzeda\u017cy<\/li>\n<\/ul>\n<p data-start=\"3283\" data-end=\"3345\">To rozwi\u0105zanie dla firm, kt\u00f3re chc\u0105 systemowo rozwija\u0107 biznes.<\/p>\n<h2 data-section-id=\"1qfx91z\" data-start=\"3352\" data-end=\"3386\">Jak wygl\u0105da dostawa i logistyka?<\/h2>\n<ul data-start=\"3388\" data-end=\"3520\">\n<li data-section-id=\"h014kb\" data-start=\"3388\" data-end=\"3421\">wysy\u0142ka z magazyn\u00f3w w Europie<\/li>\n<li data-section-id=\"i7eus2\" data-start=\"3422\" data-end=\"3448\">dostawa w formie palet<\/li>\n<li data-section-id=\"1w2jv0b\" data-start=\"3449\" data-end=\"3488\">zabezpieczenie towaru do transportu<\/li>\n<li data-section-id=\"1w7s4ii\" data-start=\"3489\" data-end=\"3520\">sprawna realizacja zam\u00f3wie\u0144<\/li>\n<\/ul>\n<p data-start=\"3522\" data-end=\"3578\">Wi\u0119kszy wolumen pozwala ograniczy\u0107 cz\u0119stotliwo\u015b\u0107 dostaw.<\/p>\n<h2 data-section-id=\"ft59xq\" data-start=\"3585\" data-end=\"3619\">Czy ka\u017cda paleta jest taka sama?<\/h2>\n<p data-start=\"3621\" data-end=\"3625\">Nie.<\/p>\n<p data-start=\"3627\" data-end=\"3640\">Ka\u017cda paleta:<\/p>\n<ul data-start=\"3642\" data-end=\"3736\">\n<li data-section-id=\"1mrubj6\" data-start=\"3642\" data-end=\"3675\">zawiera inny zestaw produkt\u00f3w<\/li>\n<li data-section-id=\"1tfnjpn\" data-start=\"3676\" data-end=\"3700\">jest pakowana losowo<\/li>\n<li data-section-id=\"1xq17cp\" data-start=\"3701\" data-end=\"3736\">nie posiada sta\u0142ej specyfikacji<\/li>\n<\/ul>\n<p data-start=\"3738\" data-end=\"3774\">To standard w modelu Amazon Returns.<\/p>\n<h2 data-section-id=\"nyxe35\" data-start=\"3781\" data-end=\"3809\">Czy produkty s\u0105 testowane?<\/h2>\n<p data-start=\"3811\" data-end=\"3815\">Nie.<\/p>\n<p data-start=\"3817\" data-end=\"3826\">Produkty:<\/p>\n<ul data-start=\"3828\" data-end=\"3921\">\n<li data-section-id=\"1fvcs39\" data-start=\"3828\" data-end=\"3863\">nie s\u0105 sprawdzane indywidualnie<\/li>\n<li data-section-id=\"ramicc\" data-start=\"3864\" data-end=\"3893\">mog\u0105 pochodzi\u0107 ze zwrot\u00f3w<\/li>\n<li data-section-id=\"108jpx7\" data-start=\"3894\" data-end=\"3921\">sprzedawane s\u0105 jako mix<\/li>\n<\/ul>\n<h2 data-section-id=\"166jplj\" data-start=\"3928\" data-end=\"3955\">FAQ \u2013 najcz\u0119stsze pytania<\/h2>\n<h3 data-section-id=\"839f5k\" data-start=\"3957\" data-end=\"3997\">Czy mo\u017cna wybra\u0107 produkty w paletach?<\/h3>\n<p data-start=\"3998\" data-end=\"4046\">Nie. Zawarto\u015b\u0107 jest losowa i zale\u017cna od dostawy.<\/p>\n<h3 data-section-id=\"fmk3nd\" data-start=\"4053\" data-end=\"4092\">Czy dostawa 32 palet jest op\u0142acalna?<\/h3>\n<p data-start=\"4093\" data-end=\"4177\">Tak. Wi\u0119kszy wolumen oznacza ni\u017cszy koszt jednostkowy i wi\u0119kszy potencja\u0142 sprzeda\u017cy.<\/p>\n<h3 data-section-id=\"om33mk\" data-start=\"4184\" data-end=\"4225\">Czy mo\u017cna sprzedawa\u0107 produkty od razu?<\/h3>\n<p data-start=\"4226\" data-end=\"4279\">Tak. Produkty s\u0105 przeznaczone do dalszej odsprzeda\u017cy.<\/p>\n<h3 data-section-id=\"uoiumt\" data-start=\"4286\" data-end=\"4335\">Czym r\u00f3\u017cni si\u0119 32 palety od mniejszych dostaw?<\/h3>\n<p data-start=\"4336\" data-end=\"4416\">Wi\u0119kszy wolumen oznacza lepsz\u0105 efektywno\u015b\u0107 operacyjn\u0105 i wi\u0119ksz\u0105 skal\u0119 sprzeda\u017cy.<\/p>\n<h2 data-section-id=\"1yqp19y\" data-start=\"4122\" data-end=\"4158\">Jaki wolumen palet Amazon wybra\u0107?<\/h2>\n<ul data-start=\"4160\" data-end=\"4280\">\n<li data-section-id=\"1rke6se\" data-start=\"4160\" data-end=\"4199\"><a href=\"https:\/\/stockify24.pl\/produkt\/dostawy-amazon-16-palet-mix-elektroniki-eu\/\">16 palet \u2013 start i rozw\u00f3j sprzeda\u017cy<\/a><\/li>\n<li data-section-id=\"1lcmw4d\" data-start=\"4200\" data-end=\"4234\"><a href=\"https:\/\/stockify24.pl\/produkt\/dostawy-amazon-32-palety-mix-elektroniki-eu\/\">32 palety \u2013 skalowanie biznesu<\/a><\/li>\n<li data-section-id=\"jx1qit\" data-start=\"4235\" data-end=\"4280\"><a href=\"https:\/\/stockify24.pl\/produkt\/dostawy-amazon-66-palet-mix-elektroniki-eu\/\">66 palet \u2013 sprzeda\u017c hurtowa i dystrybucja<\/a><\/li>\n<\/ul>\n<h3 data-section-id=\"gqemrx\" data-start=\"4423\" data-end=\"4437\">Podsumowanie<\/h3>\n<p data-start=\"4439\" data-end=\"4621\"><strong>Dostawy Amazon 32 palety<\/strong> to rozwi\u0105zanie dla sprzedawc\u00f3w, kt\u00f3rzy chc\u0105 przej\u015b\u0107 na wy\u017cszy poziom dzia\u0142alno\u015bci, zwi\u0119kszy\u0107 wolumen sprzeda\u017cy i pracowa\u0107 na szerokim asortymencie produkt\u00f3w.<\/p>\n<p data-start=\"4623\" data-end=\"4749\">Model oparty na <strong>Amazon Returns<\/strong> zapewnia r\u00f3\u017cnorodno\u015b\u0107 towaru oraz mo\u017cliwo\u015b\u0107 rozwijania sprzeda\u017cy w wielu kana\u0142ach jednocze\u015bnie.<\/p>\n<\/div>\n<\/div>\n<\/div>\n<\/div>\n<\/div>\n<\/div>\n<\/section>\n<\/div>\n<\/div>\n<\/div>\n<\/div>\n<\/div>\n<\/div>\n<\/div>\n<\/section>\n<\/div>\n<\/div>\n<\/div>\n<\/div>\n<\/div>\n<\/div>\n<\/div>\n<\/div>\n<\/div>\n<\/div>\n<\/div>\n<\/div>\n<\/section>\n<\/div>\n","protected":false},"excerpt":{"rendered":"<p class=\"p1\">\u26a1 Dostawy Amazon Mix<\/p>\n<p class=\"p1\">\ud83d\udd25 Amazon Returns<\/p>\n<p class=\"p1\" style=\"text-align: left;\">\u2714\ufe0f Jako\u015b\u0107 A\u2013B<\/p>","protected":false},"featured_media":50812,"comment_status":"open","ping_status":"closed","template":"","meta":{"_acf_changed":false},"product_brand":[],"product_cat":[1283],"product_tag":[1303],"class_list":{"0":"post-50823","1":"product","2":"type-product","3":"status-publish","4":"has-post-thumbnail","6":"product_cat-dostawy-amazon","7":"product_tag-dostawy-amazon","9":"first","10":"instock","11":"taxable","12":"shipping-taxable","13":"purchasable","14":"product-type-simple"},"acf":[],"_links":{"self":[{"href":"https:\/\/stockify24.pl\/es\/wp-json\/wp\/v2\/product\/50823","targetHints":{"allow":["GET"]}}],"collection":[{"href":"https:\/\/stockify24.pl\/es\/wp-json\/wp\/v2\/product"}],"about":[{"href":"https:\/\/stockify24.pl\/es\/wp-json\/wp\/v2\/types\/product"}],"replies":[{"embeddable":true,"href":"https:\/\/stockify24.pl\/es\/wp-json\/wp\/v2\/comments?post=50823"}],"wp:featuredmedia":[{"embeddable":true,"href":"https:\/\/stockify24.pl\/es\/wp-json\/wp\/v2\/media\/50812"}],"wp:attachment":[{"href":"https:\/\/stockify24.pl\/es\/wp-json\/wp\/v2\/media?parent=50823"}],"wp:term":[{"taxonomy":"product_brand","embeddable":true,"href":"https:\/\/stockify24.pl\/es\/wp-json\/wp\/v2\/product_brand?post=50823"},{"taxonomy":"product_cat","embeddable":true,"href":"https:\/\/stockify24.pl\/es\/wp-json\/wp\/v2\/product_cat?post=50823"},{"taxonomy":"product_tag","embeddable":true,"href":"https:\/\/stockify24.pl\/es\/wp-json\/wp\/v2\/product_tag?post=50823"}],"curies":[{"name":"wp","href":"https:\/\/api.w.org\/{rel}","templated":true}]}}