{"id":50824,"date":"2026-03-25T13:08:33","date_gmt":"2026-03-25T12:08:33","guid":{"rendered":"https:\/\/stockify24.pl\/?post_type=product&#038;p=50824"},"modified":"2026-03-27T17:22:11","modified_gmt":"2026-03-27T16:22:11","slug":"dostawy-amazon-66-palet-mix-elektroniki-eu","status":"publish","type":"product","link":"https:\/\/stockify24.pl\/es\/producto\/dostawy-amazon-66-palet-mix-elektroniki-eu\/","title":{"rendered":"Env\u00edos de Amazon - 66 pal\u00e9s | Mezcla de productos electr\u00f3nicos de la UE"},"content":{"rendered":"<div class=\"flex flex-col text-sm pb-25\">\n<section class=\"text-token-text-primary w-full focus:outline-none [--shadow-height:45px] has-data-writing-block:pointer-events-none has-data-writing-block:-mt-(--shadow-height) has-data-writing-block:pt-(--shadow-height) [&amp;:has([data-writing-block])&gt;*]:pointer-events-auto scroll-mt-[calc(var(--header-height)+min(200px,max(70px,20svh)))]\" dir=\"auto\" data-turn-id=\"request-69b8245d-0030-838e-b654-ccb872ba6f51-25\" data-testid=\"conversation-turn-200\" data-scroll-anchor=\"true\" data-turn=\"assistant\">\n<div class=\"text-base my-auto mx-auto pb-10 [--thread-content-margin:var(--thread-content-margin-xs,calc(var(--spacing)*4))] @w-sm\/main:[--thread-content-margin:var(--thread-content-margin-sm,calc(var(--spacing)*6))] @w-lg\/main:[--thread-content-margin:var(--thread-content-margin-lg,calc(var(--spacing)*16))] px-(--thread-content-margin)\">\n<div class=\"[--thread-content-max-width:40rem] @w-lg\/main:[--thread-content-max-width:48rem] mx-auto max-w-(--thread-content-max-width) flex-1 group\/turn-messages focus-visible:outline-hidden relative flex w-full min-w-0 flex-col agent-turn\">\n<div class=\"flex max-w-full flex-col gap-4 grow\">\n<div class=\"min-h-8 text-message relative flex w-full flex-col items-end gap-2 text-start break-words whitespace-normal outline-none keyboard-focused:focus-ring [.text-message+&amp;]:mt-1\" dir=\"auto\" tabindex=\"0\" data-message-author-role=\"assistant\" data-message-id=\"ed8abcdd-be0d-4615-88f1-9a47a52c2d16\" data-message-model-slug=\"gpt-5-3\" data-turn-start-message=\"true\">\n<div class=\"flex w-full flex-col gap-1 empty:hidden\">\n<div class=\"markdown prose dark:prose-invert w-full wrap-break-word dark markdown-new-styling\">\n<div class=\"flex h-svh w-screen flex-col\">\n<div class=\"relative z-0 flex min-h-0 w-full flex-1\">\n<div class=\"relative flex min-h-0 w-full flex-1\">\n<div class=\"@container\/main relative flex min-w-0 flex-1 flex-col -translate-y-[calc(env(safe-area-inset-bottom,0px)\/2)] pt-[calc(env(safe-area-inset-bottom,0px)\/2)]\">\n<div class=\"@w-sm\/main:[scrollbar-gutter:var(--stage-scroll-gutter)] touch:[scrollbar-width:none] group\/scroll-root relative flex min-h-0 min-w-0 flex-1 flex-col [scrollbar-gutter:stable] not-print:overflow-x-clip not-print:overflow-y-auto group-data-stream-active\/scroll-root:[overflow-anchor:none] scroll-pt-(--header-height) [--sticky-padding-top:var(--header-height)] [--sticky-padding-bottom:0px] [--scroll-root-safe-area-inset-top:calc(var(--sticky-padding-top)+env(safe-area-inset-top,0px))] [--scroll-root-safe-area-inset-bottom:calc(var(--sticky-padding-bottom)+var(--screen-keyboard-height,0px)+env(safe-area-inset-bottom,0px))] [--scroll-root-safe-area-height:calc(100lvh-var(--scroll-root-safe-area-inset-top)-var(--scroll-root-safe-area-inset-bottom))] has-data-[fixed-header=less-than-xl]:@w-xl\/main:scroll-pt-0 has-data-[fixed-header=less-than-xl]:@w-xl\/main:[--sticky-padding-top:0px] has-data-[fixed-header=less-than-xxl]:@w-2xl\/main:scroll-pt-0 has-data-[fixed-header=less-than-xxl]:@w-2xl\/main:[--sticky-padding-top:0px]\" data-scroll-root=\"\" data-scroll-from-top=\"\">\n<div class=\"flex flex-col text-sm pb-25\">\n<section class=\"text-token-text-primary w-full focus:outline-none [--shadow-height:45px] has-data-writing-block:pointer-events-none has-data-writing-block:-mt-(--shadow-height) has-data-writing-block:pt-(--shadow-height) [&amp;:has([data-writing-block])&gt;*]:pointer-events-auto scroll-mt-[calc(var(--header-height)+min(200px,max(70px,20svh)))]\" dir=\"auto\" data-turn-id=\"request-69c0fd5d-0d28-832e-81ee-0163d066819a-23\" data-testid=\"conversation-turn-56\" data-scroll-anchor=\"true\" data-turn=\"assistant\">\n<div class=\"text-base my-auto mx-auto pb-10 [--thread-content-margin:var(--thread-content-margin-xs,calc(var(--spacing)*4))] @w-sm\/main:[--thread-content-margin:var(--thread-content-margin-sm,calc(var(--spacing)*6))] @w-lg\/main:[--thread-content-margin:var(--thread-content-margin-lg,calc(var(--spacing)*16))] px-(--thread-content-margin)\">\n<div class=\"[--thread-content-max-width:40rem] @w-lg\/main:[--thread-content-max-width:48rem] mx-auto max-w-(--thread-content-max-width) flex-1 group\/turn-messages focus-visible:outline-hidden relative flex w-full min-w-0 flex-col agent-turn\">\n<div class=\"flex max-w-full flex-col gap-4 grow\">\n<div class=\"min-h-8 text-message relative flex w-full flex-col items-end gap-2 text-start break-words whitespace-normal outline-none keyboard-focused:focus-ring [.text-message+&amp;]:mt-1\" dir=\"auto\" tabindex=\"0\" data-message-author-role=\"assistant\" data-message-id=\"ff361c2b-3d4f-4400-9220-f184e859b235\" data-message-model-slug=\"gpt-5-3\" data-turn-start-message=\"true\">\n<div class=\"flex w-full flex-col gap-1 empty:hidden\">\n<div class=\"markdown prose dark:prose-invert w-full wrap-break-word dark markdown-new-styling\">\n<div class=\"flex flex-col text-sm pb-25\">\n<section class=\"text-token-text-primary w-full focus:outline-none [--shadow-height:45px] has-data-writing-block:pointer-events-none has-data-writing-block:-mt-(--shadow-height) has-data-writing-block:pt-(--shadow-height) [&amp;:has([data-writing-block])&gt;*]:pointer-events-auto scroll-mt-[calc(var(--header-height)+min(200px,max(70px,20svh)))]\" dir=\"auto\" data-turn-id=\"request-69c0fd5d-0d28-832e-81ee-0163d066819a-0\" data-testid=\"conversation-turn-66\" data-scroll-anchor=\"true\" data-turn=\"assistant\">\n<div class=\"text-base my-auto mx-auto pb-10 [--thread-content-margin:var(--thread-content-margin-xs,calc(var(--spacing)*4))] @w-sm\/main:[--thread-content-margin:var(--thread-content-margin-sm,calc(var(--spacing)*6))] @w-lg\/main:[--thread-content-margin:var(--thread-content-margin-lg,calc(var(--spacing)*16))] px-(--thread-content-margin)\">\n<div class=\"[--thread-content-max-width:40rem] @w-lg\/main:[--thread-content-max-width:48rem] mx-auto max-w-(--thread-content-max-width) flex-1 group\/turn-messages focus-visible:outline-hidden relative flex w-full min-w-0 flex-col agent-turn\">\n<div class=\"flex max-w-full flex-col gap-4 grow\">\n<div class=\"min-h-8 text-message relative flex w-full flex-col items-end gap-2 text-start break-words whitespace-normal outline-none keyboard-focused:focus-ring [.text-message+&amp;]:mt-1\" dir=\"auto\" tabindex=\"0\" data-message-author-role=\"assistant\" data-message-id=\"3da9a6c1-b0ca-42d7-aeb8-551da1895539\" data-message-model-slug=\"gpt-5-3\" data-turn-start-message=\"true\">\n<div class=\"flex w-full flex-col gap-1 empty:hidden\">\n<div class=\"markdown prose dark:prose-invert w-full wrap-break-word dark markdown-new-styling\">\n<h1 data-section-id=\"15gyxg9\" data-start=\"326\" data-end=\"396\">Dostawy Amazon \u2013 66 palet | mix elektroniki EU<\/h1>\n<h2 data-section-id=\"15gyxg9\" data-start=\"326\" data-end=\"396\">Dostawy Amazon 66 palet \u2013 maksymalny wolumen dla hurtu i dystrybucji<\/h2>\n<p data-start=\"398\" data-end=\"607\"><strong>Dostawy Amazon 66 palet<\/strong> to model zakupu niesortowanego towaru z Europy (Amazon Returns EU), przeznaczony dla firm, kt\u00f3re dzia\u0142aj\u0105 w du\u017cej skali i potrzebuj\u0105 sta\u0142ego dost\u0119pu do szerokiego asortymentu produkt\u00f3w.<\/p>\n<p data-start=\"609\" data-end=\"820\">Wariant <strong>66 palet<\/strong> wykorzystywany jest w sprzeda\u017cy hurtowej, dystrybucji oraz w rozwini\u0119tych modelach e-commerce. Pozwala na jednorazowe zatowarowanie magazynu i utrzymanie ci\u0105g\u0142o\u015bci sprzeda\u017cy bez cz\u0119stych dostaw.<\/p>\n<h1 data-section-id=\"1j80rlz\" data-start=\"827\" data-end=\"864\">Co zawiera dostawa Amazon 66 palet?<\/h1>\n<p data-start=\"866\" data-end=\"937\">Dostawa obejmuje 66 palet z dominuj\u0105cym udzia\u0142em elektroniki u\u017cytkowej.<\/p>\n<h3 data-section-id=\"thnm79\" data-start=\"939\" data-end=\"953\">Struktura:<\/h3>\n<ul data-start=\"954\" data-end=\"1013\">\n<li data-section-id=\"hhb1g4\" data-start=\"954\" data-end=\"982\">oko\u0142o 70\u201380% elektronika<\/li>\n<li data-section-id=\"14njyv8\" data-start=\"983\" data-end=\"1013\">oko\u0142o 20\u201330% mix kategorii<\/li>\n<\/ul>\n<h2 data-section-id=\"7xcym7\" data-start=\"1020\" data-end=\"1062\">Jakie produkty znajduj\u0105 si\u0119 w paletach?<\/h2>\n<p data-start=\"1064\" data-end=\"1117\">W dostawach Amazon 66 palet najcz\u0119\u015bciej znajduj\u0105 si\u0119:<\/p>\n<ul data-start=\"1119\" data-end=\"1283\">\n<li data-section-id=\"admbw2\" data-start=\"1119\" data-end=\"1146\">s\u0142uchawki bezprzewodowe<\/li>\n<li data-section-id=\"1c3ifi8\" data-start=\"1147\" data-end=\"1183\">\u0142adowarki i akcesoria zasilaj\u0105ce<\/li>\n<li data-section-id=\"2cko63\" data-start=\"1184\" data-end=\"1201\">akcesoria GSM<\/li>\n<li data-section-id=\"l9fl3s\" data-start=\"1202\" data-end=\"1216\">powerbanki<\/li>\n<li data-section-id=\"129ryor\" data-start=\"1217\" data-end=\"1242\">urz\u0105dzenia smart home<\/li>\n<li data-section-id=\"l9mk7u\" data-start=\"1243\" data-end=\"1257\">drobne AGD<\/li>\n<li data-section-id=\"6uw8kl\" data-start=\"1258\" data-end=\"1283\">gad\u017cety elektroniczne<\/li>\n<\/ul>\n<p data-start=\"1285\" data-end=\"1327\">Zawarto\u015b\u0107 jest zmienna i zale\u017cy od partii.<\/p>\n<h2 data-section-id=\"yahf0k\" data-start=\"1334\" data-end=\"1363\">Jaka jest jako\u015b\u0107 produkt\u00f3w?<\/h2>\n<p data-start=\"1365\" data-end=\"1394\">Produkty nale\u017c\u0105 do klasy A\u2013B:<\/p>\n<ul data-start=\"1396\" data-end=\"1519\">\n<li data-section-id=\"1qqnphi\" data-start=\"1396\" data-end=\"1446\">wi\u0119kszo\u015b\u0107 jest <strong>nowa lub w bardzo dobrym stanie<\/strong><\/li>\n<li data-section-id=\"1p08uj0\" data-start=\"1447\" data-end=\"1479\">mo\u017cliwe s\u0105 \u015blady u\u017cytkowania<\/li>\n<li data-section-id=\"iag8fx\" data-start=\"1480\" data-end=\"1519\">mo\u017cliwa domieszka klasy C (do 5\u20137%)<\/li>\n<\/ul>\n<p data-start=\"1521\" data-end=\"1558\">Produkty nie s\u0105 testowane pojedynczo.<\/p>\n<h2 data-section-id=\"8vjgz0\" data-start=\"1565\" data-end=\"1599\">Jak dzia\u0142a model Amazon Returns?<\/h2>\n<p data-start=\"1601\" data-end=\"1625\">Amazon Returns obejmuje:<\/p>\n<ul data-start=\"1627\" data-end=\"1674\">\n<li data-section-id=\"zf1w7v\" data-start=\"1627\" data-end=\"1650\">zwroty konsumenckie<\/li>\n<li data-section-id=\"ka3tzd\" data-start=\"1651\" data-end=\"1674\">nadwy\u017cki magazynowe<\/li>\n<\/ul>\n<p data-start=\"1676\" data-end=\"1687\">W praktyce:<\/p>\n<ul data-start=\"1689\" data-end=\"1782\">\n<li data-section-id=\"17tnl13\" data-start=\"1689\" data-end=\"1708\">brak sortowania<\/li>\n<li data-section-id=\"1rrf97y\" data-start=\"1709\" data-end=\"1733\">brak listy produkt\u00f3w<\/li>\n<li data-section-id=\"1bpyk1i\" data-start=\"1734\" data-end=\"1760\">ka\u017cda paleta jest inna<\/li>\n<li data-section-id=\"x7z130\" data-start=\"1761\" data-end=\"1782\">du\u017ca r\u00f3\u017cnorodno\u015b\u0107<\/li>\n<\/ul>\n<h2 data-section-id=\"y2643w\" data-start=\"1789\" data-end=\"1830\">Dlaczego warto wybra\u0107 dostaw\u0119 66 palet?<\/h2>\n<p data-start=\"1832\" data-end=\"1887\">Najwi\u0119ksze korzy\u015bci pojawiaj\u0105 si\u0119 przy du\u017cym wolumenie:<\/p>\n<ul data-start=\"1889\" data-end=\"2077\">\n<li data-section-id=\"f14ty0\" data-start=\"1889\" data-end=\"1927\">najni\u017cszy koszt jednostkowy zakupu<\/li>\n<li data-section-id=\"14anmgo\" data-start=\"1928\" data-end=\"1979\">maksymalna liczba produkt\u00f3w w jednym zam\u00f3wieniu<\/li>\n<li data-section-id=\"18mrq7j\" data-start=\"1980\" data-end=\"2008\">stabilno\u015b\u0107 zatowarowania<\/li>\n<li data-section-id=\"1sr30se\" data-start=\"2009\" data-end=\"2042\">mo\u017cliwo\u015b\u0107 dalszej dystrybucji<\/li>\n<li data-section-id=\"14smcf\" data-start=\"2043\" data-end=\"2077\">wysoka efektywno\u015b\u0107 logistyczna<\/li>\n<\/ul>\n<p data-start=\"2079\" data-end=\"2130\">To rozwi\u0105zanie dla biznes\u00f3w dzia\u0142aj\u0105cych systemowo.<\/p>\n<h2 data-section-id=\"f80mc3\" data-start=\"2137\" data-end=\"2169\">Dla kogo jest oferta 66 palet?<\/h2>\n<h3 data-section-id=\"ilmigt\" data-start=\"2171\" data-end=\"2205\">1. Hurtownie i dystrybutorzy<\/h3>\n<p data-start=\"2206\" data-end=\"2259\">Firmy zajmuj\u0105ce si\u0119 dalsz\u0105 odsprzeda\u017c\u0105 w du\u017cej skali.<\/p>\n<h3 data-section-id=\"16wsmp9\" data-start=\"2266\" data-end=\"2308\">2. Sprzedawcy z rozwini\u0119t\u0105 logistyk\u0105<\/h3>\n<p data-start=\"2309\" data-end=\"2356\">Biznesy posiadaj\u0105ce magazyn i system sprzeda\u017cy.<\/p>\n<h3 data-section-id=\"1njiihc\" data-start=\"2363\" data-end=\"2403\">3. Firmy operuj\u0105ce du\u017cym wolumenem<\/h3>\n<p data-start=\"2404\" data-end=\"2454\">Podmioty, kt\u00f3re potrzebuj\u0105 sta\u0142ego dop\u0142ywu towaru.<\/p>\n<h2 data-section-id=\"oedstr\" data-start=\"2461\" data-end=\"2498\">Jak sprzedawa\u0107 produkty z 66 palet?<\/h2>\n<p data-start=\"2500\" data-end=\"2519\">Najcz\u0119stsze modele:<\/p>\n<ul data-start=\"2521\" data-end=\"2619\">\n<li data-section-id=\"1uzf4d9\" data-start=\"2521\" data-end=\"2541\">sprzeda\u017c hurtowa<\/li>\n<li data-section-id=\"iinmcv\" data-start=\"2542\" data-end=\"2569\">sprzeda\u017c na marketplace (<a href=\"https:\/\/allegro.pl\/\" target=\"_blank\" rel=\"noopener\">Allegro<\/a>, <a href=\"https:\/\/www.olx.pl\/\" target=\"_blank\" rel=\"noopener\">OLX<\/a>, <a href=\"https:\/\/www.ebay.com\/\" target=\"_blank\" rel=\"noopener\">eBay<\/a>, <a href=\"https:\/\/www.amazon.com\/\" target=\"_blank\" rel=\"noopener\">Amazon)<\/a><\/li>\n<li data-section-id=\"1ut6tb1\" data-start=\"2570\" data-end=\"2595\">sprzeda\u017c w e-commerce<\/li>\n<li data-section-id=\"1s3jrho\" data-start=\"2596\" data-end=\"2619\">dystrybucja lokalna<\/li>\n<\/ul>\n<h2 data-section-id=\"12cbheo\" data-start=\"2626\" data-end=\"2655\">Kluczowe korzy\u015bci biznesowe<\/h2>\n<p data-start=\"2657\" data-end=\"2684\">Dostawy 66 palet pozwalaj\u0105:<\/p>\n<ul data-start=\"2686\" data-end=\"2852\">\n<li data-section-id=\"rsm1nl\" data-start=\"2686\" data-end=\"2719\">skalowa\u0107 biznes na du\u017c\u0105 skal\u0119<\/li>\n<li data-section-id=\"1qtn93q\" data-start=\"2720\" data-end=\"2754\">zwi\u0119kszy\u0107 dost\u0119pno\u015b\u0107 produkt\u00f3w<\/li>\n<li data-section-id=\"k6bo8i\" data-start=\"2755\" data-end=\"2784\">obni\u017cy\u0107 koszty operacyjne<\/li>\n<li data-section-id=\"we6lfk\" data-start=\"2785\" data-end=\"2820\">zarz\u0105dza\u0107 szerokim asortymentem<\/li>\n<li data-section-id=\"17xafk4\" data-start=\"2821\" data-end=\"2852\">utrzyma\u0107 ci\u0105g\u0142o\u015b\u0107 sprzeda\u017cy<\/li>\n<\/ul>\n<h2 data-section-id=\"lnamuf\" data-start=\"2859\" data-end=\"2881\">Jak wygl\u0105da dostawa?<\/h2>\n<ul data-start=\"2883\" data-end=\"2974\">\n<li data-section-id=\"10nvshm\" data-start=\"2883\" data-end=\"2903\">wysy\u0142ka z Europy<\/li>\n<li data-section-id=\"19xkmp2\" data-start=\"2904\" data-end=\"2926\">transport paletowy<\/li>\n<li data-section-id=\"ni3x7q\" data-start=\"2927\" data-end=\"2952\">zabezpieczenie towaru<\/li>\n<li data-section-id=\"wz2p5c\" data-start=\"2953\" data-end=\"2974\">szybka realizacja<\/li>\n<\/ul>\n<h2 data-section-id=\"ft59xq\" data-start=\"2981\" data-end=\"3015\">Czy ka\u017cda paleta jest taka sama?<\/h2>\n<p data-start=\"3017\" data-end=\"3021\">Nie.<\/p>\n<ul data-start=\"3023\" data-end=\"3100\">\n<li data-section-id=\"g0576f\" data-start=\"3023\" data-end=\"3051\">ka\u017cda paleta jest losowa<\/li>\n<li data-section-id=\"e7gidq\" data-start=\"3052\" data-end=\"3071\">sk\u0142ad si\u0119 r\u00f3\u017cni<\/li>\n<li data-section-id=\"15zrc3k\" data-start=\"3072\" data-end=\"3100\">brak sta\u0142ej specyfikacji<\/li>\n<\/ul>\n<h2 data-section-id=\"166jplj\" data-start=\"3107\" data-end=\"3134\">FAQ \u2013 najcz\u0119stsze pytania<\/h2>\n<h3 data-section-id=\"1cufyw9\" data-start=\"3136\" data-end=\"3165\">Czy mo\u017cna wybra\u0107 produkty?<\/h3>\n<p data-start=\"3166\" data-end=\"3194\">Nie. Palety s\u0105 niesortowane.<\/p>\n<h3 data-section-id=\"11j07fe\" data-start=\"3201\" data-end=\"3242\">Czy to rozwi\u0105zanie dla pocz\u0105tkuj\u0105cych?<\/h3>\n<p data-start=\"3243\" data-end=\"3293\">Nie. 66 palet to poziom dla rozwini\u0119tych biznes\u00f3w.<\/p>\n<h3 data-section-id=\"1tsg5vq\" data-start=\"3300\" data-end=\"3337\">Czy towar nadaje si\u0119 do sprzeda\u017cy?<\/h3>\n<p data-start=\"3338\" data-end=\"3381\">Tak, wi\u0119kszo\u015b\u0107 produkt\u00f3w jest w stanie A\u2013B.<\/p>\n<h3 data-section-id=\"1168jb0\" data-start=\"3388\" data-end=\"3431\">Czy mo\u017cna skalowa\u0107 biznes na tym modelu?<\/h3>\n<p data-start=\"3432\" data-end=\"3488\">Tak. To jeden z g\u0142\u00f3wnych modeli skalowania w e-commerce.<\/p>\n<h2 data-section-id=\"1yqp19y\" data-start=\"4122\" data-end=\"4158\">Jaki wolumen palet Amazon wybra\u0107?<\/h2>\n<ul data-start=\"4160\" data-end=\"4280\">\n<li data-section-id=\"1rke6se\" data-start=\"4160\" data-end=\"4199\"><a href=\"https:\/\/stockify24.pl\/produkt\/dostawy-amazon-16-palet-mix-elektroniki-eu\/\">16 palet \u2013 start i rozw\u00f3j sprzeda\u017cy<\/a><\/li>\n<li data-section-id=\"1lcmw4d\" data-start=\"4200\" data-end=\"4234\"><a href=\"https:\/\/stockify24.pl\/produkt\/dostawy-amazon-32-palety-mix-elektroniki-eu\/\">32 palety \u2013 skalowanie biznesu<\/a><\/li>\n<li data-section-id=\"jx1qit\" data-start=\"4235\" data-end=\"4280\"><a href=\"https:\/\/stockify24.pl\/produkt\/dostawy-amazon-66-palet-mix-elektroniki-eu\/\">66 palet \u2013 sprzeda\u017c hurtowa i dystrybucja<\/a><\/li>\n<\/ul>\n<h2 data-section-id=\"132lgn5\" data-start=\"4272\" data-end=\"4305\">\ud83c\udf10 Sprawd\u017a inne dost\u0119pne opcje<\/h2>\n<p data-start=\"4307\" data-end=\"4359\">Je\u015bli chcesz por\u00f3wna\u0107 dost\u0119pne warianty, przejd\u017a do:<\/p>\n<p data-start=\"4361\" data-end=\"4482\">Wszystkie modele palet Amazon mo\u017cna znale\u017a\u0107 <a href=\"https:\/\/stockify24.pl\/sklep\/\"><strong>tutaj<\/strong>.<\/a><\/p>\n<p data-start=\"4484\" data-end=\"4574\">Dzi\u0119ki temu mo\u017cesz dobra\u0107 rozwi\u0105zanie dopasowane do Twojego bud\u017cetu i strategii sprzeda\u017cy.<\/p>\n<h2 data-section-id=\"gqemrx\" data-start=\"3495\" data-end=\"3509\">Podsumowanie<\/h2>\n<p data-start=\"3511\" data-end=\"3667\"><strong>Dostawy Amazon 66 palet<\/strong> to rozwi\u0105zanie dla firm, kt\u00f3re dzia\u0142aj\u0105 na du\u017c\u0105 skal\u0119 i potrzebuj\u0105 stabilnych dostaw, szerokiego asortymentu i efektywnej logistyki.<\/p>\n<\/div>\n<\/div>\n<\/div>\n<\/div>\n<\/div>\n<\/div>\n<\/section>\n<\/div>\n<\/div>\n<\/div>\n<\/div>\n<\/div>\n<\/div>\n<\/div>\n<\/section>\n<\/div>\n<\/div>\n<\/div>\n<\/div>\n<\/div>\n<\/div>\n<\/div>\n<\/div>\n<\/div>\n<\/div>\n<\/div>\n<\/div>\n<\/section>\n<\/div>\n","protected":false},"excerpt":{"rendered":"<p class=\"p1\">\u26a1 Dostawy Amazon Mix<\/p>\n<p class=\"p1\">\ud83d\udd25 Amazon Returns<\/p>\n<p class=\"p1\" style=\"text-align: left;\">\u2714\ufe0f Jako\u015b\u0107 A\u2013B<\/p>","protected":false},"featured_media":50806,"comment_status":"open","ping_status":"closed","template":"","meta":{"_acf_changed":false},"product_brand":[],"product_cat":[1283],"product_tag":[1303],"class_list":{"0":"post-50824","1":"product","2":"type-product","3":"status-publish","4":"has-post-thumbnail","6":"product_cat-dostawy-amazon","7":"product_tag-dostawy-amazon","9":"first","10":"instock","11":"taxable","12":"shipping-taxable","13":"purchasable","14":"product-type-simple"},"acf":[],"_links":{"self":[{"href":"https:\/\/stockify24.pl\/es\/wp-json\/wp\/v2\/product\/50824","targetHints":{"allow":["GET"]}}],"collection":[{"href":"https:\/\/stockify24.pl\/es\/wp-json\/wp\/v2\/product"}],"about":[{"href":"https:\/\/stockify24.pl\/es\/wp-json\/wp\/v2\/types\/product"}],"replies":[{"embeddable":true,"href":"https:\/\/stockify24.pl\/es\/wp-json\/wp\/v2\/comments?post=50824"}],"wp:featuredmedia":[{"embeddable":true,"href":"https:\/\/stockify24.pl\/es\/wp-json\/wp\/v2\/media\/50806"}],"wp:attachment":[{"href":"https:\/\/stockify24.pl\/es\/wp-json\/wp\/v2\/media?parent=50824"}],"wp:term":[{"taxonomy":"product_brand","embeddable":true,"href":"https:\/\/stockify24.pl\/es\/wp-json\/wp\/v2\/product_brand?post=50824"},{"taxonomy":"product_cat","embeddable":true,"href":"https:\/\/stockify24.pl\/es\/wp-json\/wp\/v2\/product_cat?post=50824"},{"taxonomy":"product_tag","embeddable":true,"href":"https:\/\/stockify24.pl\/es\/wp-json\/wp\/v2\/product_tag?post=50824"}],"curies":[{"name":"wp","href":"https:\/\/api.w.org\/{rel}","templated":true}]}}