{"id":51101,"date":"2026-03-31T11:19:16","date_gmt":"2026-03-31T10:19:16","guid":{"rendered":"https:\/\/stockify24.pl\/?post_type=product&#038;p=51101"},"modified":"2026-03-31T13:12:51","modified_gmt":"2026-03-31T12:12:51","slug":"fotele-ogrodowe-kokon","status":"publish","type":"product","link":"https:\/\/stockify24.pl\/es\/producto\/fotele-ogrodowe-kokon\/","title":{"rendered":"Fotele ogrodowe kokon | Kategoria A |"},"content":{"rendered":"<div class=\"flex flex-col text-sm pb-25\">\n<section class=\"text-token-text-primary w-full focus:outline-none [--shadow-height:45px] has-data-writing-block:pointer-events-none has-data-writing-block:-mt-(--shadow-height) has-data-writing-block:pt-(--shadow-height) [&amp;:has([data-writing-block])&gt;*]:pointer-events-auto scroll-mt-[calc(var(--header-height)+min(200px,max(70px,20svh)))]\" dir=\"auto\" data-turn-id=\"request-69b8245d-0030-838e-b654-ccb872ba6f51-25\" data-testid=\"conversation-turn-200\" data-scroll-anchor=\"true\" data-turn=\"assistant\">\n<div class=\"text-base my-auto mx-auto pb-10 [--thread-content-margin:var(--thread-content-margin-xs,calc(var(--spacing)*4))] @w-sm\/main:[--thread-content-margin:var(--thread-content-margin-sm,calc(var(--spacing)*6))] @w-lg\/main:[--thread-content-margin:var(--thread-content-margin-lg,calc(var(--spacing)*16))] px-(--thread-content-margin)\">\n<div class=\"[--thread-content-max-width:40rem] @w-lg\/main:[--thread-content-max-width:48rem] mx-auto max-w-(--thread-content-max-width) flex-1 group\/turn-messages focus-visible:outline-hidden relative flex w-full min-w-0 flex-col agent-turn\">\n<div class=\"flex max-w-full flex-col gap-4 grow\">\n<div class=\"min-h-8 text-message relative flex w-full flex-col items-end gap-2 text-start break-words whitespace-normal outline-none keyboard-focused:focus-ring [.text-message+&amp;]:mt-1\" dir=\"auto\" tabindex=\"0\" data-message-author-role=\"assistant\" data-message-id=\"ed8abcdd-be0d-4615-88f1-9a47a52c2d16\" data-message-model-slug=\"gpt-5-3\" data-turn-start-message=\"true\">\n<div class=\"flex w-full flex-col gap-1 empty:hidden\">\n<div class=\"markdown prose dark:prose-invert w-full wrap-break-word dark markdown-new-styling\">\n<div class=\"flex h-svh w-screen flex-col\">\n<div class=\"relative z-0 flex min-h-0 w-full flex-1\">\n<div class=\"relative flex min-h-0 w-full flex-1\">\n<div class=\"@container\/main relative flex min-w-0 flex-1 flex-col -translate-y-[calc(env(safe-area-inset-bottom,0px)\/2)] pt-[calc(env(safe-area-inset-bottom,0px)\/2)]\">\n<div class=\"@w-sm\/main:[scrollbar-gutter:var(--stage-scroll-gutter)] touch:[scrollbar-width:none] group\/scroll-root relative flex min-h-0 min-w-0 flex-1 flex-col [scrollbar-gutter:stable] not-print:overflow-x-clip not-print:overflow-y-auto group-data-stream-active\/scroll-root:[overflow-anchor:none] scroll-pt-(--header-height) [--sticky-padding-top:var(--header-height)] [--sticky-padding-bottom:0px] [--scroll-root-safe-area-inset-top:calc(var(--sticky-padding-top)+env(safe-area-inset-top,0px))] [--scroll-root-safe-area-inset-bottom:calc(var(--sticky-padding-bottom)+var(--screen-keyboard-height,0px)+env(safe-area-inset-bottom,0px))] [--scroll-root-safe-area-height:calc(100lvh-var(--scroll-root-safe-area-inset-top)-var(--scroll-root-safe-area-inset-bottom))] has-data-[fixed-header=less-than-xl]:@w-xl\/main:scroll-pt-0 has-data-[fixed-header=less-than-xl]:@w-xl\/main:[--sticky-padding-top:0px] has-data-[fixed-header=less-than-xxl]:@w-2xl\/main:scroll-pt-0 has-data-[fixed-header=less-than-xxl]:@w-2xl\/main:[--sticky-padding-top:0px]\" data-scroll-root=\"\" data-scroll-from-top=\"\">\n<div class=\"relative basis-auto flex-col -mb-(--composer-overlap-px) pb-(--composer-overlap-px) [--composer-overlap-px:28px] grow flex\">\n<div class=\"flex flex-col text-sm\">\n<section class=\"text-token-text-primary w-full focus:outline-none [--shadow-height:45px] has-data-writing-block:pointer-events-none has-data-writing-block:-mt-(--shadow-height) has-data-writing-block:pt-(--shadow-height) [&amp;:has([data-writing-block])&gt;*]:pointer-events-auto scroll-mt-[calc(var(--header-height)+min(200px,max(70px,20svh)))]\" dir=\"auto\" data-turn-id=\"request-WEB:cc509de0-714c-4653-ad32-6b5e125a8411-7\" data-testid=\"conversation-turn-10\" data-scroll-anchor=\"true\" data-turn=\"assistant\">\n<div class=\"text-base my-auto mx-auto pb-10 [--thread-content-margin:var(--thread-content-margin-xs,calc(var(--spacing)*4))] @w-sm\/main:[--thread-content-margin:var(--thread-content-margin-sm,calc(var(--spacing)*6))] @w-lg\/main:[--thread-content-margin:var(--thread-content-margin-lg,calc(var(--spacing)*16))] px-(--thread-content-margin)\">\n<div class=\"[--thread-content-max-width:40rem] @w-lg\/main:[--thread-content-max-width:48rem] mx-auto max-w-(--thread-content-max-width) flex-1 group\/turn-messages focus-visible:outline-hidden relative flex w-full min-w-0 flex-col agent-turn\">\n<div class=\"flex max-w-full flex-col gap-4 grow\">\n<div class=\"min-h-8 text-message relative flex w-full flex-col items-end gap-2 text-start break-words whitespace-normal outline-none keyboard-focused:focus-ring [.text-message+&amp;]:mt-1\" dir=\"auto\" tabindex=\"0\" data-message-author-role=\"assistant\" data-message-id=\"cfa6deea-8ce4-4542-9cf9-48a3b1cdbe9a\" data-message-model-slug=\"gpt-5-3\" data-turn-start-message=\"true\">\n<div class=\"flex w-full flex-col gap-1 empty:hidden\">\n<div class=\"markdown prose dark:prose-invert w-full wrap-break-word dark markdown-new-styling\">\n<h1 data-section-id=\"18y5myv\" data-start=\"0\" data-end=\"74\">\ud83c\udf1e Fotele ogrodowe kokon \u2013 produkt sezonowy o wysokiej sprzeda\u017cy i mar\u017cy<\/h1>\n<p data-start=\"76\" data-end=\"467\"><strong>Fotele ogrodowe kokon<\/strong> to jeden z najmocniejszych produkt\u00f3w sezonowych w segmencie wyposa\u017cenia ogrodu i stref relaksu. Wysoki popyt, atrakcyjny wygl\u0105d i funkcjonalno\u015b\u0107 sprawiaj\u0105, \u017ce ten typ produktu sprzedaje si\u0119 szybko i regularnie w okresie wiosenno-letnim. Sk\u0142ad oferty jest zawsze unikalny i nie powtarza si\u0119, co pozwala wyr\u00f3\u017cni\u0107 si\u0119 na rynku i ograniczy\u0107 bezpo\u015bredni\u0105 konkurencj\u0119 cenow\u0105.<\/p>\n<p data-start=\"469\" data-end=\"609\">To rozwi\u0105zanie dla sprzedawc\u00f3w, kt\u00f3rzy chc\u0105 wykorzysta\u0107 sezonowy trend i wprowadzi\u0107 do swojej oferty produkt o wysokim potencjale konwersji.<\/p>\n<h2 data-section-id=\"zbywil\" data-start=\"616\" data-end=\"652\">\ud83e\ude91 Czym s\u0105 fotele ogrodowe kokon?<\/h2>\n<p data-start=\"654\" data-end=\"880\">Fotele ogrodowe kokon to nowoczesne siedziska zaprojektowane z my\u015bl\u0105 o relaksie i komforcie u\u017cytkownika. Charakteryzuj\u0105 si\u0119 charakterystyczn\u0105, zamkni\u0119t\u0105 form\u0105 przypominaj\u0105c\u0105 kokon, kt\u00f3ra zapewnia wygod\u0119 i poczucie prywatno\u015bci.<\/p>\n<p data-start=\"882\" data-end=\"925\">Produkty tego typu znajduj\u0105 zastosowanie w:<\/p>\n<ul data-start=\"927\" data-end=\"1076\">\n<li data-section-id=\"1wjwuou\" data-start=\"927\" data-end=\"952\">ogrodach przydomowych<\/li>\n<li data-section-id=\"qkj9q0\" data-start=\"953\" data-end=\"968\">na tarasach<\/li>\n<li data-section-id=\"zw0ljc\" data-start=\"969\" data-end=\"985\">na balkonach<\/li>\n<li data-section-id=\"w05st\" data-start=\"986\" data-end=\"1015\">w strefach wypoczynkowych<\/li>\n<li data-section-id=\"j88m6v\" data-start=\"1016\" data-end=\"1076\">w przestrzeniach komercyjnych (hotele, apartamenty, SPA)<\/li>\n<\/ul>\n<p data-start=\"1078\" data-end=\"1145\">Ich uniwersalno\u015b\u0107 sprawia, \u017ce trafiaj\u0105 do szerokiej grupy klient\u00f3w.<\/p>\n<h2 data-section-id=\"6si36d\" data-start=\"1152\" data-end=\"1199\">\ud83d\udcc8 Dlaczego fotele kokon to HIT sprzeda\u017cowy?<\/h2>\n<p data-start=\"1201\" data-end=\"1361\">Fotele ogrodowe kokon nale\u017c\u0105 do produkt\u00f3w o wysokim zainteresowaniu w sezonie wiosenno-letnim. Klienci szukaj\u0105 rozwi\u0105za\u0144, kt\u00f3re \u0142\u0105cz\u0105 funkcjonalno\u015b\u0107 z estetyk\u0105.<\/p>\n<p data-start=\"1363\" data-end=\"1398\">Najwa\u017cniejsze czynniki sprzeda\u017cowe:<\/p>\n<p data-start=\"1400\" data-end=\"1525\"><strong data-start=\"1400\" data-end=\"1424\">Silny trend sezonowy<\/strong><br data-start=\"1424\" data-end=\"1427\" \/>Produkty ogrodowe generuj\u0105 wysok\u0105 sprzeda\u017c w okre\u015blonym czasie, co pozwala szybko osi\u0105gn\u0105\u0107 wyniki.<\/p>\n<p data-start=\"1527\" data-end=\"1629\"><strong data-start=\"1527\" data-end=\"1556\">Wysoka konwersja wizualna<\/strong><br data-start=\"1556\" data-end=\"1559\" \/>Nowoczesny design przyci\u0105ga uwag\u0119 i zwi\u0119ksza liczb\u0119 klikni\u0119\u0107 w ofert\u0119.<\/p>\n<p data-start=\"1631\" data-end=\"1729\"><strong data-start=\"1631\" data-end=\"1657\">Szeroka grupa docelowa<\/strong><br data-start=\"1657\" data-end=\"1660\" \/>Produkt trafia zar\u00f3wno do klient\u00f3w indywidualnych, jak i biznesowych.<\/p>\n<p data-start=\"1731\" data-end=\"1836\"><strong data-start=\"1731\" data-end=\"1759\">\u0141atwo\u015b\u0107 sprzeda\u017cy online<\/strong><br data-start=\"1759\" data-end=\"1762\" \/>Produkt dobrze prezentuje si\u0119 na zdj\u0119ciach, co zwi\u0119ksza skuteczno\u015b\u0107 ofert.<\/p>\n<h2 data-section-id=\"1du81ky\" data-start=\"1843\" data-end=\"1872\">\ud83c\udfaf Kluczowe cechy produktu<\/h2>\n<p data-start=\"1874\" data-end=\"1983\">Fotele ogrodowe kokon wyr\u00f3\u017cniaj\u0105 si\u0119 zestawem cech, kt\u00f3re bezpo\u015brednio wp\u0142ywaj\u0105 na decyzje zakupowe klient\u00f3w:<\/p>\n<p data-start=\"1985\" data-end=\"2064\"><strong data-start=\"1985\" data-end=\"2006\">Nowoczesny design<\/strong><br data-start=\"2006\" data-end=\"2009\" \/>Forma kokonu wpisuje si\u0119 w aktualne trendy aran\u017cacyjne.<\/p>\n<p data-start=\"2066\" data-end=\"2159\"><strong data-start=\"2066\" data-end=\"2096\">Wysoki komfort u\u017cytkowania<\/strong><br data-start=\"2096\" data-end=\"2099\" \/>Ergonomiczna konstrukcja zapewnia wygod\u0119 podczas odpoczynku.<\/p>\n<p data-start=\"2161\" data-end=\"2266\"><strong data-start=\"2161\" data-end=\"2184\">Trwa\u0142o\u015b\u0107 materia\u0142\u00f3w<\/strong><br data-start=\"2184\" data-end=\"2187\" \/>Konstrukcja odporna na warunki atmosferyczne umo\u017cliwia u\u017cytkowanie na zewn\u0105trz.<\/p>\n<p data-start=\"2268\" data-end=\"2358\"><strong data-start=\"2268\" data-end=\"2296\">Uniwersalne zastosowanie<\/strong><br data-start=\"2296\" data-end=\"2299\" \/>Produkt sprawdza si\u0119 zar\u00f3wno w ogrodzie, jak i na balkonie.<\/p>\n<p data-start=\"2360\" data-end=\"2443\"><strong data-start=\"2360\" data-end=\"2391\">Stabilno\u015b\u0107 i bezpiecze\u0144stwo<\/strong><br data-start=\"2391\" data-end=\"2394\" \/>Solidna konstrukcja zapewnia komfort u\u017cytkowania.<\/p>\n<h2 data-section-id=\"1djnmpy\" data-start=\"2450\" data-end=\"2479\">\u2696\ufe0f Specyfikacja techniczna<\/h2>\n<ul data-start=\"2481\" data-end=\"2720\">\n<li data-section-id=\"rd7h79\" data-start=\"2481\" data-end=\"2514\">maksymalne obci\u0105\u017cenie: 150 kg<\/li>\n<li data-section-id=\"2086md\" data-start=\"2515\" data-end=\"2562\">zastosowanie: ogr\u00f3d, taras, balkon, wn\u0119trza<\/li>\n<li data-section-id=\"iycshn\" data-start=\"2563\" data-end=\"2600\">konstrukcja: stalowa lub metalowa<\/li>\n<li data-section-id=\"b0woru\" data-start=\"2601\" data-end=\"2681\">materia\u0142 siedziska: technorattan \/ tworzywo odporne na warunki atmosferyczne<\/li>\n<li data-section-id=\"b4wmv2\" data-start=\"2682\" data-end=\"2720\">przeznaczenie: relaks i wypoczynek<\/li>\n<\/ul>\n<p data-start=\"2722\" data-end=\"2804\">Parametry te odpowiadaj\u0105 oczekiwaniom klient\u00f3w i zwi\u0119kszaj\u0105 atrakcyjno\u015b\u0107 produktu.<\/p>\n<h2 data-section-id=\"4iosay\" data-start=\"2811\" data-end=\"2843\">\ud83d\udcbc Dla kogo jest ten produkt?<\/h2>\n<p data-start=\"2845\" data-end=\"2940\">Fotele ogrodowe kokon to rozwi\u0105zanie dla sprzedawc\u00f3w dzia\u0142aj\u0105cych w r\u00f3\u017cnych modelach sprzeda\u017cy:<\/p>\n<ul data-start=\"2942\" data-end=\"3103\">\n<li data-section-id=\"1fmpn86\" data-start=\"2942\" data-end=\"2964\">sklepy internetowe<\/li>\n<li data-section-id=\"tskgl5\" data-start=\"2965\" data-end=\"3016\">sprzeda\u017c na marketplace (<a href=\"https:\/\/allegro.pl\/\" target=\"_blank\" rel=\"noopener\">Allegro<\/a>, <a href=\"https:\/\/www.olx.pl\/\" target=\"_blank\" rel=\"noopener\">OLX<\/a>, <a href=\"https:\/\/www.ebay.com\/\" target=\"_blank\" rel=\"noopener\">eBay<\/a>, <a href=\"https:\/\/www.amazon.com\/\" target=\"_blank\" rel=\"noopener\">Amazon<\/a>)<\/li>\n<li data-section-id=\"1y5dz5k\" data-start=\"3017\" data-end=\"3040\">sprzeda\u017c detaliczna<\/li>\n<li data-section-id=\"1m79q7m\" data-start=\"3041\" data-end=\"3081\">wyposa\u017cenie przestrzeni komercyjnych<\/li>\n<li data-section-id=\"nuvw23\" data-start=\"3082\" data-end=\"3103\">sprzeda\u017c sezonowa<\/li>\n<\/ul>\n<p data-start=\"3105\" data-end=\"3173\">Produkt pozwala szybko wej\u015b\u0107 w sprzeda\u017c sezonow\u0105 i zwi\u0119kszy\u0107 obroty.<\/p>\n<h2 data-section-id=\"ljinsn\" data-start=\"3180\" data-end=\"3234\">\ud83d\udcca Dlaczego warto wprowadzi\u0107 ten produkt do oferty?<\/h2>\n<p data-start=\"3236\" data-end=\"3328\"><strong data-start=\"3236\" data-end=\"3264\">Wysoka rotacja w sezonie<\/strong><br data-start=\"3264\" data-end=\"3267\" \/>Produkty ogrodowe sprzedaj\u0105 si\u0119 intensywnie w kr\u00f3tkim czasie.<\/p>\n<p data-start=\"3330\" data-end=\"3422\"><strong data-start=\"3330\" data-end=\"3354\">Du\u017cy potencja\u0142 mar\u017cy<\/strong><br data-start=\"3354\" data-end=\"3357\" \/>Zakup bezpo\u015brednio od importera pozwala kontrolowa\u0107 cen\u0119 ko\u0144cow\u0105.<\/p>\n<p data-start=\"3424\" data-end=\"3510\"><strong data-start=\"3424\" data-end=\"3449\">Atrakcyjno\u015b\u0107 wizualna<\/strong><br data-start=\"3449\" data-end=\"3452\" \/>Produkt przyci\u0105ga uwag\u0119 i zwi\u0119ksza zainteresowanie ofert\u0105.<\/p>\n<p data-start=\"3512\" data-end=\"3590\"><strong data-start=\"3512\" data-end=\"3532\">\u0141atwo\u015b\u0107 promocji<\/strong><br data-start=\"3532\" data-end=\"3535\" \/>Idealny do reklam w social media i kampanii sezonowych.<\/p>\n<p data-start=\"3592\" data-end=\"3655\"><strong data-start=\"3592\" data-end=\"3609\">Uniwersalno\u015b\u0107<\/strong><br data-start=\"3609\" data-end=\"3612\" \/>Produkt trafia do szerokiej grupy klient\u00f3w.<\/p>\n<h2 data-section-id=\"pvuzwk\" data-start=\"3662\" data-end=\"3689\">\ud83d\ude80 Potencja\u0142 sprzeda\u017cowy<\/h2>\n<p data-start=\"3691\" data-end=\"3774\">Fotele ogrodowe kokon to produkt, kt\u00f3ry pozwala osi\u0105ga\u0107 szybkie wyniki sprzeda\u017cowe.<\/p>\n<p data-start=\"3776\" data-end=\"3801\">Najwa\u017cniejsze mo\u017cliwo\u015bci:<\/p>\n<ul data-start=\"3803\" data-end=\"3982\">\n<li data-section-id=\"q9q0qg\" data-start=\"3803\" data-end=\"3842\">szybkie zwi\u0119kszenie liczby zam\u00f3wie\u0144<\/li>\n<li data-section-id=\"2dxj3o\" data-start=\"3843\" data-end=\"3882\">wysoka konwersja w sprzeda\u017cy online<\/li>\n<li data-section-id=\"868opd\" data-start=\"3883\" data-end=\"3934\">mo\u017cliwo\u015b\u0107 sprzeda\u017cy zestaw\u00f3w (np. z poduszkami)<\/li>\n<li data-section-id=\"1bia3ya\" data-start=\"3935\" data-end=\"3982\">wykorzystanie sezonowych trend\u00f3w zakupowych<\/li>\n<\/ul>\n<p data-start=\"3984\" data-end=\"4060\">Produkt dobrze sprawdza si\u0119 zar\u00f3wno w sprzeda\u017cy detalicznej, jak i hurtowej.<\/p>\n<h2 data-section-id=\"ujxw0p\" data-start=\"4067\" data-end=\"4093\">\ud83d\udce6 Logistyka i sprzeda\u017c<\/h2>\n<p data-start=\"4095\" data-end=\"4226\">Fotele s\u0105 przygotowane do transportu i sprzeda\u017cy bez dodatkowych proces\u00f3w. Konstrukcja umo\u017cliwia \u0142atwe magazynowanie i dystrybucj\u0119.<\/p>\n<p data-start=\"4228\" data-end=\"4316\">Dzi\u0119ki temu mo\u017cna szybko wprowadzi\u0107 produkt do oferty i rozpocz\u0105\u0107 sprzeda\u017c bez op\u00f3\u017anie\u0144.<\/p>\n<h2 data-section-id=\"l9gqdl\" data-start=\"4323\" data-end=\"4351\">\ud83c\udfaf Przewaga konkurencyjna<\/h2>\n<p data-start=\"4353\" data-end=\"4524\">Fotele ogrodowe kokon wyr\u00f3\u017cniaj\u0105 si\u0119 na tle standardowych produkt\u00f3w ogrodowych. Ich design i funkcjonalno\u015b\u0107 przyci\u0105gaj\u0105 uwag\u0119 klient\u00f3w i zwi\u0119kszaj\u0105 zainteresowanie ofert\u0105.<\/p>\n<p data-start=\"4526\" data-end=\"4549\">Najwa\u017cniejsze przewagi:<\/p>\n<ul data-start=\"4551\" data-end=\"4654\">\n<li data-section-id=\"yq8itp\" data-start=\"4551\" data-end=\"4572\">nowoczesny wygl\u0105d<\/li>\n<li data-section-id=\"giqsxq\" data-start=\"4573\" data-end=\"4598\">wysoka funkcjonalno\u015b\u0107<\/li>\n<li data-section-id=\"1twqnss\" data-start=\"4599\" data-end=\"4625\">dopasowanie do trend\u00f3w<\/li>\n<li data-section-id=\"128mkmy\" data-start=\"4626\" data-end=\"4654\">\u0142atwo\u015b\u0107 sprzeda\u017cy online<\/li>\n<\/ul>\n<p data-start=\"4656\" data-end=\"4788\">Dodatkowo sk\u0142ad oferty jest zawsze unikalny i nie powtarza si\u0119, co pozwala ograniczy\u0107 konkurencj\u0119 i zwi\u0119kszy\u0107 skuteczno\u015b\u0107 sprzeda\u017cy.<\/p>\n<h2 data-section-id=\"estmrb\" data-start=\"4795\" data-end=\"4850\">\ud83d\uded2 Podsumowanie \u2013 czy warto sprzedawa\u0107 fotele kokon?<\/h2>\n<p data-start=\"4852\" data-end=\"4983\">Fotele ogrodowe kokon to produkt o wysokim potencjale sprzeda\u017cowym, kt\u00f3ry \u0142\u0105czy atrakcyjny wygl\u0105d, funkcjonalno\u015b\u0107 i sezonowy popyt.<\/p>\n<p data-start=\"4985\" data-end=\"5029\">To rozwi\u0105zanie dla sprzedawc\u00f3w, kt\u00f3rzy chc\u0105:<\/p>\n<ul data-start=\"5031\" data-end=\"5184\">\n<li data-section-id=\"1m7xvw7\" data-start=\"5031\" data-end=\"5061\">wykorzysta\u0107 trend sezonowy<\/li>\n<li data-section-id=\"29hy8v\" data-start=\"5062\" data-end=\"5101\">zwi\u0119kszy\u0107 sprzeda\u017c w kr\u00f3tkim czasie<\/li>\n<li data-section-id=\"iqaoxd\" data-start=\"5102\" data-end=\"5146\">pracowa\u0107 na produkcie z wysok\u0105 konwersj\u0105<\/li>\n<li data-section-id=\"cwkgi1\" data-start=\"5147\" data-end=\"5184\">osi\u0105ga\u0107 realne wyniki sprzeda\u017cowe<\/li>\n<\/ul>\n<p data-start=\"5186\" data-end=\"5416\" data-is-last-node=\"\" data-is-only-node=\"\">W sprzeda\u017cy sezonowej kluczowe s\u0105 produkt i timing. Fotele ogrodowe kokon spe\u0142niaj\u0105 oba te warunki, a dodatkowo sk\u0142ad oferty jest zawsze unikalny i nie powtarza si\u0119, co daje przewag\u0119 konkurencyjn\u0105 i zwi\u0119ksza skuteczno\u015b\u0107 sprzeda\u017cy.<\/p>\n<p data-start=\"5186\" data-end=\"5416\" data-is-last-node=\"\" data-is-only-node=\"\"><strong>Ca\u0142y asortyment kategorii \u201eDom\u201d mo\u017cna obejrze\u0107 <a href=\"https:\/\/stockify24.pl\/kategoria-produktu\/home-mix-eu-uk-amazon-returns-ab\/\">tutaj<\/a><\/strong><\/p>\n<\/div>\n<\/div>\n<\/div>\n<\/div>\n<\/div>\n<\/div>\n<\/section>\n<\/div>\n<\/div>\n<\/div>\n<\/div>\n<\/div>\n<\/div>\n<\/div>\n<\/div>\n<\/div>\n<\/div>\n<\/div>\n<\/div>\n<\/div>\n<\/section>\n<\/div>\n","protected":false},"excerpt":{"rendered":"<p class=\"p1\">\u26a1 Produkty do domu i ogrodu<\/p>\n<p class=\"p1\">\u2714\ufe0f Nowy towar<\/p>\n<p class=\"p1\">\ud83d\udd25 Amazon Returns<\/p>\n<p class=\"p1\" style=\"text-align: left;\">\u2714\ufe0f Jako\u015b\u0107 A<\/p>","protected":false},"featured_media":51102,"comment_status":"open","ping_status":"closed","template":"","meta":{"_acf_changed":false},"product_brand":[],"product_cat":[1288],"product_tag":[1308],"class_list":{"0":"post-51101","1":"product","2":"type-product","3":"status-publish","4":"has-post-thumbnail","6":"product_cat-home-mix-eu-uk-amazon-returns-ab","7":"product_tag-fotele-ogrodowe-kokon","8":"product_shipping_class-fotele-ogrodowe-kokon","10":"first","11":"instock","12":"taxable","13":"shipping-taxable","14":"purchasable","15":"product-type-simple"},"acf":[],"_links":{"self":[{"href":"https:\/\/stockify24.pl\/es\/wp-json\/wp\/v2\/product\/51101","targetHints":{"allow":["GET"]}}],"collection":[{"href":"https:\/\/stockify24.pl\/es\/wp-json\/wp\/v2\/product"}],"about":[{"href":"https:\/\/stockify24.pl\/es\/wp-json\/wp\/v2\/types\/product"}],"replies":[{"embeddable":true,"href":"https:\/\/stockify24.pl\/es\/wp-json\/wp\/v2\/comments?post=51101"}],"wp:featuredmedia":[{"embeddable":true,"href":"https:\/\/stockify24.pl\/es\/wp-json\/wp\/v2\/media\/51102"}],"wp:attachment":[{"href":"https:\/\/stockify24.pl\/es\/wp-json\/wp\/v2\/media?parent=51101"}],"wp:term":[{"taxonomy":"product_brand","embeddable":true,"href":"https:\/\/stockify24.pl\/es\/wp-json\/wp\/v2\/product_brand?post=51101"},{"taxonomy":"product_cat","embeddable":true,"href":"https:\/\/stockify24.pl\/es\/wp-json\/wp\/v2\/product_cat?post=51101"},{"taxonomy":"product_tag","embeddable":true,"href":"https:\/\/stockify24.pl\/es\/wp-json\/wp\/v2\/product_tag?post=51101"}],"curies":[{"name":"wp","href":"https:\/\/api.w.org\/{rel}","templated":true}]}}