{"id":51299,"date":"2026-04-16T05:14:52","date_gmt":"2026-04-16T04:14:52","guid":{"rendered":"https:\/\/stockify24.pl\/?post_type=product&#038;p=51299"},"modified":"2026-04-24T15:34:32","modified_gmt":"2026-04-24T14:34:32","slug":"paleta-elektroniki-z-europy-eu-a-b-229","status":"publish","type":"product","link":"https:\/\/stockify24.pl\/es\/producto\/paleta-elektroniki-z-europy-eu-a-b-229\/","title":{"rendered":"Paleta electr\u00f3nica de Europa (UE) |A-B| #235"},"content":{"rendered":"<section class=\"text-token-text-primary w-full focus:outline-none [--shadow-height:45px] has-data-writing-block:pointer-events-none has-data-writing-block:-mt-(--shadow-height) has-data-writing-block:pt-(--shadow-height) [&amp;:has([data-writing-block])&gt;*]:pointer-events-auto [content-visibility:auto] supports-[content-visibility:auto]:[contain-intrinsic-size:auto_100lvh] R6Vx5W_threadScrollVars scroll-mb-[calc(var(--scroll-root-safe-area-inset-bottom,0px)+var(--thread-response-height))] scroll-mt-[calc(var(--header-height)+min(200px,max(70px,20svh)))]\" dir=\"auto\" data-turn-id=\"request-69c65452-e37c-8386-b18d-56272d59cc8a-2\" data-testid=\"conversation-turn-182\" data-scroll-anchor=\"false\" data-turn=\"assistant\">\n<div class=\"text-base my-auto mx-auto pb-10 [--thread-content-margin:var(--thread-content-margin-xs,calc(var(--spacing)*4))] @w-sm\/main:[--thread-content-margin:var(--thread-content-margin-sm,calc(var(--spacing)*6))] @w-lg\/main:[--thread-content-margin:var(--thread-content-margin-lg,calc(var(--spacing)*16))] px-(--thread-content-margin)\">\n<div class=\"[--thread-content-max-width:40rem] @w-lg\/main:[--thread-content-max-width:48rem] mx-auto max-w-(--thread-content-max-width) flex-1 group\/turn-messages focus-visible:outline-hidden relative flex w-full min-w-0 flex-col agent-turn\">\n<div class=\"flex max-w-full flex-col gap-4 grow\">\n<div class=\"min-h-8 text-message relative flex w-full flex-col items-end gap-2 text-start break-words whitespace-normal outline-none keyboard-focused:focus-ring [.text-message+&amp;]:mt-1\" dir=\"auto\" tabindex=\"0\" data-message-author-role=\"assistant\" data-message-id=\"d85b2cda-9e84-4202-a0e8-91a8c5659274\" data-message-model-slug=\"gpt-5-3\" data-turn-start-message=\"true\">\n<div class=\"flex w-full flex-col gap-1 empty:hidden\">\n<div class=\"markdown prose dark:prose-invert w-full wrap-break-word dark markdown-new-styling\">\n<h1 data-section-id=\"nrrls4\" data-start=\"241\" data-end=\"330\"><span role=\"text\"><strong data-start=\"243\" data-end=\"330\">Paleta elektroniki z Europy EU \u2013 mix A\u2013B | 70\u201380% elektronika u\u017cytkowa do sprzeda\u017cy<\/strong><\/span><\/h1>\n<h2 data-section-id=\"1x7693t\" data-start=\"332\" data-end=\"393\">Nowa dostawa \u2013 realne zwi\u0119kszenie sprzeda\u017cy i liczby ofert<\/h2>\n<p data-start=\"395\" data-end=\"712\">Paleta elektroniki z Europy EU w standardzie A\u2013B to rozwi\u0105zanie dla sprzedawc\u00f3w, kt\u00f3rzy chc\u0105 zwi\u0119kszy\u0107 sprzeda\u017c poprzez szybkie rozszerzenie asortymentu o produkty o wysokiej rotacji. Tego typu dostawa pozwala natychmiast wprowadzi\u0107 do sprzeda\u017cy du\u017c\u0105 liczb\u0119 produkt\u00f3w bez konieczno\u015bci ich indywidualnego pozyskiwania.<\/p>\n<p data-start=\"714\" data-end=\"978\">Struktura zawarto\u015bci obejmuje oko\u0142o 70\u201380% elektroniki u\u017cytkowej, co umo\u017cliwia skoncentrowanie dzia\u0142a\u0144 sprzeda\u017cowych na kategorii generuj\u0105cej najwi\u0119kszy popyt. Dzi\u0119ki temu mo\u017cliwe jest szybkie osi\u0105ganie wynik\u00f3w sprzeda\u017cowych oraz efektywne skalowanie dzia\u0142alno\u015bci.<\/p>\n<p data-start=\"980\" data-end=\"1143\">Ka\u017cda paleta ma losowy sk\u0142ad, co oznacza brak powtarzalno\u015bci produkt\u00f3w. Taki model pozwala stale odnawia\u0107 ofert\u0119 i dostosowywa\u0107 j\u0105 do aktualnych trend\u00f3w rynkowych.<\/p>\n<h2 data-section-id=\"mx2zid\" data-start=\"1150\" data-end=\"1214\">Zawarto\u015b\u0107 palety \u2013 elektronika o wysokim potencjale sprzeda\u017cy<\/h2>\n<p data-start=\"1216\" data-end=\"1337\">Mix obejmuje produkty elektroniczne oraz akcesoria, kt\u00f3re nale\u017c\u0105 do najcz\u0119\u015bciej sprzedaj\u0105cych si\u0119 kategorii w e-commerce.<\/p>\n<p data-start=\"1339\" data-end=\"1376\">W sk\u0142ad palety wchodz\u0105 mi\u0119dzy innymi:<\/p>\n<ul data-start=\"1378\" data-end=\"1616\">\n<li data-section-id=\"7o5oyv\" data-start=\"1378\" data-end=\"1418\">s\u0142uchawki bezprzewodowe i przewodowe<\/li>\n<li data-section-id=\"1lmjs9w\" data-start=\"1419\" data-end=\"1458\">\u0142adowarki, przewody oraz powerbanki<\/li>\n<li data-section-id=\"2cko63\" data-start=\"1459\" data-end=\"1476\">akcesoria GSM<\/li>\n<li data-section-id=\"r5wtn7\" data-start=\"1477\" data-end=\"1507\">urz\u0105dzenia typu smart home<\/li>\n<li data-section-id=\"isey0l\" data-start=\"1508\" data-end=\"1547\">drobne AGD (np. suszarki, masa\u017cery)<\/li>\n<li data-section-id=\"31a3fm\" data-start=\"1548\" data-end=\"1589\">kontrolery oraz gad\u017cety elektroniczne<\/li>\n<li data-section-id=\"4fq00c\" data-start=\"1590\" data-end=\"1616\">inne produkty u\u017cytkowe<\/li>\n<\/ul>\n<p data-start=\"1618\" data-end=\"1762\">Zr\u00f3\u017cnicowany asortyment pozwala prowadzi\u0107 sprzeda\u017c w wielu segmentach jednocze\u015bnie, co zwi\u0119ksza rotacj\u0119 produkt\u00f3w i poprawia wyniki sprzeda\u017cowe.<\/p>\n<h2 data-section-id=\"1c00r92\" data-start=\"1769\" data-end=\"1820\">Parametry techniczne<\/h2>\n<ul data-start=\"1822\" data-end=\"1994\">\n<li data-section-id=\"pdbh1u\" data-start=\"1822\" data-end=\"1849\">wysoko\u015b\u0107 palety: 1 metr<\/li>\n<li data-section-id=\"1qvruu2\" data-start=\"1850\" data-end=\"1872\">waga netto: 130 kg<\/li>\n<li data-section-id=\"6ry0ec\" data-start=\"1873\" data-end=\"1913\">struktura: mix elektroniki u\u017cytkowej<\/li>\n<li data-section-id=\"1hlaiqg\" data-start=\"1914\" data-end=\"1946\">asortyment: losowy i zmienny<\/li>\n<li data-section-id=\"10hkle2\" data-start=\"1947\" data-end=\"1994\">ka\u017cda paleta: indywidualny zestaw produkt\u00f3w<\/li>\n<\/ul>\n<p data-start=\"1996\" data-end=\"2082\">Paleta nie posiada sta\u0142ej listy produkt\u00f3w \u2014 jej zawarto\u015b\u0107 zale\u017cy od aktualnej dostawy.<\/p>\n<h2 data-section-id=\"1vgh4gp\" data-start=\"2089\" data-end=\"2143\">Dlaczego elektronika u\u017cytkowa daje stabilne wyniki?<\/h2>\n<p data-start=\"2145\" data-end=\"2326\">Elektronika u\u017cytkowa to segment, kt\u00f3ry utrzymuje wysoki poziom sprzeda\u017cy przez ca\u0142y rok. Produkty z tej kategorii maj\u0105 szerokie zastosowanie i s\u0105 regularnie kupowane przez klient\u00f3w.<\/p>\n<p data-start=\"2328\" data-end=\"2351\">Najwa\u017cniejsze przewagi:<\/p>\n<ul data-start=\"2353\" data-end=\"2519\">\n<li data-section-id=\"1g2zt93\" data-start=\"2353\" data-end=\"2381\">szybka rotacja produkt\u00f3w<\/li>\n<li data-section-id=\"1wvhamp\" data-start=\"2382\" data-end=\"2404\">du\u017cy popyt rynkowy<\/li>\n<li data-section-id=\"6183qw\" data-start=\"2405\" data-end=\"2432\">szeroka grupa odbiorc\u00f3w<\/li>\n<li data-section-id=\"rxhyt2\" data-start=\"2433\" data-end=\"2482\">mo\u017cliwo\u015b\u0107 sprzeda\u017cy pojedynczej i w zestawach<\/li>\n<li data-section-id=\"1klqnf\" data-start=\"2483\" data-end=\"2519\">\u0142atwa sprzeda\u017c w kana\u0142ach online<\/li>\n<\/ul>\n<p data-start=\"2521\" data-end=\"2634\">Dzi\u0119ki tym cechom paleta elektroniki z Europy EU umo\u017cliwia budowanie sprzeda\u017cy w spos\u00f3b stabilny i przewidywalny.<\/p>\n<h2 data-section-id=\"9hjp8p\" data-start=\"2641\" data-end=\"2675\">Jako\u015b\u0107 produkt\u00f3w \u2013 standard A\u2013B<\/h2>\n<p data-start=\"2677\" data-end=\"2806\">Palety w standardzie A\u2013B obejmuj\u0105 produkty o zr\u00f3\u017cnicowanym stanie, jednak z przewag\u0105 towar\u00f3w nadaj\u0105cych si\u0119 do dalszej sprzeda\u017cy.<\/p>\n<p data-start=\"2808\" data-end=\"2832\">Charakterystyka jako\u015bci:<\/p>\n<ul data-start=\"2834\" data-end=\"2989\">\n<li data-section-id=\"1bepxp6\" data-start=\"2834\" data-end=\"2891\">wi\u0119kszo\u015b\u0107 produkt\u00f3w w bardzo dobrym stanie lub nowych<\/li>\n<li data-section-id=\"jqrsyy\" data-start=\"2892\" data-end=\"2928\">mo\u017cliwe drobne \u015blady u\u017cytkowania<\/li>\n<li data-section-id=\"9474dx\" data-start=\"2929\" data-end=\"2989\">dopuszczalna niewielka domieszka klasy C (do oko\u0142o 5\u20137%)<\/li>\n<\/ul>\n<p data-start=\"2991\" data-end=\"3077\">Taki poziom jako\u015bci pozwala utrzyma\u0107 korzystny stosunek ceny zakupu do ceny sprzeda\u017cy.<\/p>\n<p data-start=\"3079\" data-end=\"3170\">Produkty nie s\u0105 testowane indywidualnie, co jest standardem dla dostaw typu Amazon Returns.<\/p>\n<h2 data-section-id=\"6vba26\" data-start=\"3177\" data-end=\"3222\">Model sprzeda\u017cy \u2013 jak pracowa\u0107 na palecie?<\/h2>\n<p data-start=\"3224\" data-end=\"3369\">Sprzeda\u017c oparta na paletach polega na pracy na ilo\u015bci produkt\u00f3w oraz ich rotacji. Kluczowe znaczenie ma szybkie wprowadzenie towaru do sprzeda\u017cy.<\/p>\n<p data-start=\"3371\" data-end=\"3389\">Schemat dzia\u0142ania:<\/p>\n<ol data-start=\"3391\" data-end=\"3513\">\n<li data-section-id=\"1sbhdx6\" data-start=\"3391\" data-end=\"3408\">zakup palety<\/li>\n<li data-section-id=\"1h5xpxe\" data-start=\"3409\" data-end=\"3432\">selekcja produkt\u00f3w<\/li>\n<li data-section-id=\"bwh49e\" data-start=\"3433\" data-end=\"3454\">publikacja ofert<\/li>\n<li data-section-id=\"1gl09dc\" data-start=\"3455\" data-end=\"3485\">sprzeda\u017c w wielu kana\u0142ach<\/li>\n<li data-section-id=\"1u65gb1\" data-start=\"3486\" data-end=\"3513\">reinwestowanie \u015brodk\u00f3w<\/li>\n<\/ol>\n<p data-start=\"3515\" data-end=\"3583\">Taki model pozwala rozwija\u0107 dzia\u0142alno\u015b\u0107 i zwi\u0119ksza\u0107 skal\u0119 sprzeda\u017cy.<\/p>\n<h2 data-section-id=\"dcajmo\" data-start=\"3619\" data-end=\"3657\">Gdzie sprzedawa\u0107 produkty z palety?<\/h2>\n<p data-start=\"3653\" data-end=\"3724\">Paleta EU sprawdza si\u0119 w wielu kana\u0142ach sprzeda\u017cy:<\/p>\n<ul data-start=\"3777\" data-end=\"3846\">\n<li data-section-id=\"1gr8el2\" data-start=\"3777\" data-end=\"3788\"><a href=\"https:\/\/allegro.pl\/\" target=\"_blank\" rel=\"noopener\">Allegro<\/a><\/li>\n<li data-section-id=\"16txjn7\" data-start=\"3789\" data-end=\"3796\"><a href=\"https:\/\/www.olx.pl\/\" target=\"_blank\" rel=\"noopener\">OLX<\/a><\/li>\n<li data-section-id=\"1b2mlzr\" data-start=\"3797\" data-end=\"3805\"><a href=\"https:\/\/www.ebay.com\/\" target=\"_blank\" rel=\"noopener\">eBay<\/a><\/li>\n<li data-section-id=\"1ls0se6\" data-start=\"3806\" data-end=\"3816\"><a href=\"https:\/\/www.amazon.com\/\" target=\"_blank\" rel=\"noopener\">Amazon<\/a><\/li>\n<li data-section-id=\"1d4qn16\" data-start=\"3817\" data-end=\"3846\">w\u0142asne sklepy internetowe<\/li>\n<\/ul>\n<p data-start=\"3775\" data-end=\"3857\">Sprzeda\u017c wielokana\u0142owa pozwala zwi\u0119kszy\u0107 zasi\u0119g i przyspieszy\u0107 sprzeda\u017c produkt\u00f3w.<\/p>\n<h2 data-section-id=\"1mopser\" data-start=\"3864\" data-end=\"3891\">Korzy\u015bci dla sprzedawc\u00f3w<\/h2>\n<p data-start=\"3893\" data-end=\"4015\">Zakup palety elektroniki to rozwi\u0105zanie, kt\u00f3re umo\u017cliwia szybki rozw\u00f3j sprzeda\u017cy i zwi\u0119kszenie liczby produkt\u00f3w w ofercie.<\/p>\n<p data-start=\"4017\" data-end=\"4040\">Najwa\u017cniejsze korzy\u015bci:<\/p>\n<ul data-start=\"4042\" data-end=\"4234\">\n<li data-section-id=\"gvtpog\" data-start=\"4042\" data-end=\"4082\">szeroki asortyment w jednej dostawie<\/li>\n<li data-section-id=\"1e0drbc\" data-start=\"4083\" data-end=\"4119\">szybkie zwi\u0119kszenie liczby ofert<\/li>\n<li data-section-id=\"1b4o0oo\" data-start=\"4120\" data-end=\"4148\">elastyczne ustalanie cen<\/li>\n<li data-section-id=\"1nkifgh\" data-start=\"4149\" data-end=\"4191\">dost\u0119p do produkt\u00f3w w korzystnej cenie<\/li>\n<li data-section-id=\"x4575q\" data-start=\"4192\" data-end=\"4234\">mo\u017cliwo\u015b\u0107 testowania r\u00f3\u017cnych kategorii<\/li>\n<\/ul>\n<p data-start=\"4236\" data-end=\"4298\">To rozwi\u0105zanie daje przewag\u0119 konkurencyjn\u0105 w sprzeda\u017cy online.<\/p>\n<h2 data-section-id=\"f1xuem\" data-start=\"4305\" data-end=\"4327\">Logistyka i dostawa<\/h2>\n<p data-start=\"4329\" data-end=\"4413\">Palety wysy\u0142ane s\u0105 z magazynu w Europie, co umo\u017cliwia szybkie rozpocz\u0119cie sprzeda\u017cy.<\/p>\n<p data-start=\"4415\" data-end=\"4431\">Proces obejmuje:<\/p>\n<ul data-start=\"4433\" data-end=\"4506\">\n<li data-section-id=\"7znjh2\" data-start=\"4433\" data-end=\"4461\">przygotowanie zam\u00f3wienia<\/li>\n<li data-section-id=\"1qo0dyy\" data-start=\"4462\" data-end=\"4486\">bezpieczne pakowanie<\/li>\n<li data-section-id=\"a3em40\" data-start=\"4487\" data-end=\"4506\">sprawn\u0105 wysy\u0142k\u0119<\/li>\n<\/ul>\n<p data-start=\"4508\" data-end=\"4574\">Dzi\u0119ki temu mo\u017cliwe jest szybkie wdro\u017cenie produkt\u00f3w do sprzeda\u017cy.<\/p>\n<h2 data-section-id=\"m7gcpp\" data-start=\"4581\" data-end=\"4608\">Informacje przed zakupem<\/h2>\n<ul data-start=\"4610\" data-end=\"4822\">\n<li data-section-id=\"1odlefs\" data-start=\"4610\" data-end=\"4680\">towar pochodzi ze zwrot\u00f3w konsumenckich oraz nadwy\u017cek magazynowych<\/li>\n<li data-section-id=\"196h1iw\" data-start=\"4681\" data-end=\"4724\">produkty nie s\u0105 testowane indywidualnie<\/li>\n<li data-section-id=\"1st3k7w\" data-start=\"4725\" data-end=\"4764\">mo\u017cliwa niewielka domieszka klasy C<\/li>\n<li data-section-id=\"1jh6vg4\" data-start=\"4765\" data-end=\"4797\">ka\u017cda paleta ma losowy sk\u0142ad<\/li>\n<li data-section-id=\"1rrf97y\" data-start=\"4798\" data-end=\"4822\">brak listy produkt\u00f3w<\/li>\n<\/ul>\n<p data-start=\"4824\" data-end=\"4904\">Zmienno\u015b\u0107 zawarto\u015bci pozwala stale odnawia\u0107 ofert\u0119 i zwi\u0119ksza\u0107 jej atrakcyjno\u015b\u0107.<\/p>\n<h2 data-section-id=\"1p9idgo\" data-start=\"4911\" data-end=\"4952\">Podsumowanie \u2013 czy warto kupi\u0107 palet\u0119?<\/h2>\n<p data-start=\"4954\" data-end=\"5094\">Paleta elektroniki z Europy EU to rozwi\u0105zanie dla sprzedawc\u00f3w, kt\u00f3rzy chc\u0105 rozwija\u0107 sprzeda\u017c w oparciu o rotacj\u0119, r\u00f3\u017cnorodno\u015b\u0107 i skalowanie.<\/p>\n<p data-start=\"5096\" data-end=\"5116\">Model ten umo\u017cliwia:<\/p>\n<ul data-start=\"5118\" data-end=\"5261\">\n<li data-section-id=\"q7uix1\" data-start=\"5118\" data-end=\"5158\">szybkie zwi\u0119kszenie liczby produkt\u00f3w<\/li>\n<li data-section-id=\"685pbr\" data-start=\"5159\" data-end=\"5196\">rozw\u00f3j sprzeda\u017cy w wielu kana\u0142ach<\/li>\n<li data-section-id=\"2e2gk9\" data-start=\"5197\" data-end=\"5228\">dopasowanie oferty do rynku<\/li>\n<li data-section-id=\"nord47\" data-start=\"5229\" data-end=\"5261\">osi\u0105ganie stabilnych wynik\u00f3w<\/li>\n<\/ul>\n<p data-start=\"5263\" data-end=\"5429\">W e-commerce przewag\u0119 osi\u0105gaj\u0105 ci, kt\u00f3rzy dzia\u0142aj\u0105 szybko i posiadaj\u0105 szeroki asortyment. Paleta elektroniki z Europy EU daje realne mo\u017cliwo\u015bci osi\u0105gni\u0119cia tego celu.<\/p>\n<p data-start=\"5505\" data-end=\"5558\" data-is-last-node=\"\" data-is-only-node=\"\">\ud83d\udc49 Wszystkie modele palet Amazon mo\u017cna znale\u017a\u0107 <a href=\"https:\/\/stockify24.pl\/sklep\/\"><strong>tutaj<\/strong>.<\/a><\/p>\n<\/div>\n<\/div>\n<\/div>\n<\/div>\n<\/div>\n<\/div>\n<\/section>\n","protected":false},"excerpt":{"rendered":"<p class=\"p1\">\u26a1 Oko\u0142o 70\u201380% elektroniki<\/p>\n<p class=\"p1\">\ud83c\uddea\ud83c\uddfa EU<\/p>\n<p class=\"p1\">\ud83d\udd25 Amazon Returns<\/p>\n<p class=\"p1\" style=\"text-align: left;\">\u2714\ufe0f Jako\u015b\u0107 A\u2013B<\/p>","protected":false},"featured_media":51895,"comment_status":"open","ping_status":"closed","template":"","meta":{"_acf_changed":false},"product_brand":[],"product_cat":[1258,1273,1284],"product_tag":[1274],"class_list":{"0":"post-51299","1":"product","2":"type-product","3":"status-publish","4":"has-post-thumbnail","6":"product_cat-amazon-paleta","7":"product_cat-mix-elektroniki-eu-amazon-returns-ab","8":"product_cat-palety-dnia","9":"product_tag-paleta-mix-elektroniki-z-europy","11":"first","12":"instock","13":"sold-individually","14":"taxable","15":"shipping-taxable","16":"purchasable","17":"product-type-simple"},"acf":[],"_links":{"self":[{"href":"https:\/\/stockify24.pl\/es\/wp-json\/wp\/v2\/product\/51299","targetHints":{"allow":["GET"]}}],"collection":[{"href":"https:\/\/stockify24.pl\/es\/wp-json\/wp\/v2\/product"}],"about":[{"href":"https:\/\/stockify24.pl\/es\/wp-json\/wp\/v2\/types\/product"}],"replies":[{"embeddable":true,"href":"https:\/\/stockify24.pl\/es\/wp-json\/wp\/v2\/comments?post=51299"}],"wp:featuredmedia":[{"embeddable":true,"href":"https:\/\/stockify24.pl\/es\/wp-json\/wp\/v2\/media\/51895"}],"wp:attachment":[{"href":"https:\/\/stockify24.pl\/es\/wp-json\/wp\/v2\/media?parent=51299"}],"wp:term":[{"taxonomy":"product_brand","embeddable":true,"href":"https:\/\/stockify24.pl\/es\/wp-json\/wp\/v2\/product_brand?post=51299"},{"taxonomy":"product_cat","embeddable":true,"href":"https:\/\/stockify24.pl\/es\/wp-json\/wp\/v2\/product_cat?post=51299"},{"taxonomy":"product_tag","embeddable":true,"href":"https:\/\/stockify24.pl\/es\/wp-json\/wp\/v2\/product_tag?post=51299"}],"curies":[{"name":"wp","href":"https:\/\/api.w.org\/{rel}","templated":true}]}}