{"id":51303,"date":"2026-04-16T10:24:19","date_gmt":"2026-04-16T09:24:19","guid":{"rendered":"https:\/\/stockify24.pl\/?post_type=product&#038;p=51303"},"modified":"2026-04-24T15:31:37","modified_gmt":"2026-04-24T14:31:37","slug":"paleta-elektroniki-z-europy-eu-a-b-237","status":"publish","type":"product","link":"https:\/\/stockify24.pl\/es\/producto\/paleta-elektroniki-z-europy-eu-a-b-237\/","title":{"rendered":"Paleta electr\u00f3nica de Europa (UE) |A-B| #237"},"content":{"rendered":"<section class=\"text-token-text-primary w-full focus:outline-none [--shadow-height:45px] has-data-writing-block:pointer-events-none has-data-writing-block:-mt-(--shadow-height) has-data-writing-block:pt-(--shadow-height) [&amp;:has([data-writing-block])&gt;*]:pointer-events-auto [content-visibility:auto] supports-[content-visibility:auto]:[contain-intrinsic-size:auto_100lvh] R6Vx5W_threadScrollVars scroll-mb-[calc(var(--scroll-root-safe-area-inset-bottom,0px)+var(--thread-response-height))] scroll-mt-[calc(var(--header-height)+min(200px,max(70px,20svh)))]\" dir=\"auto\" data-turn-id=\"request-69c65452-e37c-8386-b18d-56272d59cc8a-2\" data-testid=\"conversation-turn-182\" data-scroll-anchor=\"false\" data-turn=\"assistant\">\n<div class=\"text-base my-auto mx-auto pb-10 [--thread-content-margin:var(--thread-content-margin-xs,calc(var(--spacing)*4))] @w-sm\/main:[--thread-content-margin:var(--thread-content-margin-sm,calc(var(--spacing)*6))] @w-lg\/main:[--thread-content-margin:var(--thread-content-margin-lg,calc(var(--spacing)*16))] px-(--thread-content-margin)\">\n<div class=\"[--thread-content-max-width:40rem] @w-lg\/main:[--thread-content-max-width:48rem] mx-auto max-w-(--thread-content-max-width) flex-1 group\/turn-messages focus-visible:outline-hidden relative flex w-full min-w-0 flex-col agent-turn\">\n<div class=\"flex max-w-full flex-col gap-4 grow\">\n<div class=\"min-h-8 text-message relative flex w-full flex-col items-end gap-2 text-start break-words whitespace-normal outline-none keyboard-focused:focus-ring [.text-message+&amp;]:mt-1\" dir=\"auto\" tabindex=\"0\" data-message-author-role=\"assistant\" data-message-id=\"d85b2cda-9e84-4202-a0e8-91a8c5659274\" data-message-model-slug=\"gpt-5-3\" data-turn-start-message=\"true\">\n<div class=\"flex w-full flex-col gap-1 empty:hidden\">\n<div class=\"markdown prose dark:prose-invert w-full wrap-break-word dark markdown-new-styling\">\n<h1 data-section-id=\"nrrls4\" data-start=\"272\" data-end=\"361\"><span role=\"text\"><strong data-start=\"274\" data-end=\"361\">Paleta elektroniki z Europy EU \u2013 mix A\u2013B | 70\u201380% elektronika u\u017cytkowa do sprzeda\u017cy<\/strong><\/span><\/h1>\n<h2 data-section-id=\"g1o6gd\" data-start=\"363\" data-end=\"417\">Dostawa dla e-commerce \u2013 szybkie zwi\u0119kszenie obrotu<\/h2>\n<p data-start=\"419\" data-end=\"705\">Paleta elektroniki z Europy EU w standardzie A\u2013B to rozwi\u0105zanie dla sprzedawc\u00f3w, kt\u00f3rzy chc\u0105 zwi\u0119kszy\u0107 obr\u00f3t poprzez szybkie rozszerzenie oferty o produkty o wysokiej rotacji. Zakup palety umo\u017cliwia prac\u0119 na du\u017cej liczbie produkt\u00f3w bez konieczno\u015bci kompletowania asortymentu pojedynczo.<\/p>\n<p data-start=\"707\" data-end=\"966\">Struktura zawarto\u015bci obejmuje oko\u0142o 70\u201380% elektroniki u\u017cytkowej, co pozwala skoncentrowa\u0107 dzia\u0142ania sprzeda\u017cowe na jednej z najbardziej stabilnych kategorii rynku. Dzi\u0119ki temu mo\u017cliwe jest szybsze generowanie sprzeda\u017cy oraz efektywne skalowanie dzia\u0142alno\u015bci.<\/p>\n<p data-start=\"968\" data-end=\"1152\">Ka\u017cda paleta posiada losowy sk\u0142ad, co oznacza brak powtarzalno\u015bci produkt\u00f3w. Taki model umo\u017cliwia regularne od\u015bwie\u017canie oferty i lepsze dopasowanie do aktualnych trend\u00f3w sprzeda\u017cowych.<\/p>\n<h2 data-section-id=\"h3jkz5\" data-start=\"1159\" data-end=\"1212\">Co znajduje si\u0119 w palecie elektroniki z Europy EU?<\/h2>\n<p data-start=\"1214\" data-end=\"1340\">Mix obejmuje produkty elektroniczne oraz akcesoria, kt\u00f3re dobrze sprzedaj\u0105 si\u0119 w kana\u0142ach online i maj\u0105 szerokie zastosowanie.<\/p>\n<p data-start=\"1342\" data-end=\"1379\">W sk\u0142ad palety wchodz\u0105 mi\u0119dzy innymi:<\/p>\n<ul data-start=\"1381\" data-end=\"1616\">\n<li data-section-id=\"iz16co\" data-start=\"1381\" data-end=\"1424\">s\u0142uchawki bezprzewodowe oraz przewodowe<\/li>\n<li data-section-id=\"om8off\" data-start=\"1425\" data-end=\"1461\">\u0142adowarki, przewody i powerbanki<\/li>\n<li data-section-id=\"2cko63\" data-start=\"1462\" data-end=\"1479\">akcesoria GSM<\/li>\n<li data-section-id=\"r5wtn7\" data-start=\"1480\" data-end=\"1510\">urz\u0105dzenia typu smart home<\/li>\n<li data-section-id=\"isey0l\" data-start=\"1511\" data-end=\"1550\">drobne AGD (np. suszarki, masa\u017cery)<\/li>\n<li data-section-id=\"i0l57x\" data-start=\"1551\" data-end=\"1589\">kontrolery i gad\u017cety elektroniczne<\/li>\n<li data-section-id=\"4fq00c\" data-start=\"1590\" data-end=\"1616\">inne produkty u\u017cytkowe<\/li>\n<\/ul>\n<p data-start=\"1618\" data-end=\"1762\">Zr\u00f3\u017cnicowany asortyment pozwala prowadzi\u0107 sprzeda\u017c w wielu segmentach jednocze\u015bnie, co zwi\u0119ksza rotacj\u0119 produkt\u00f3w i poprawia wyniki sprzeda\u017cowe.<\/p>\n<h2 data-section-id=\"1bzctvb\" data-start=\"1769\" data-end=\"1820\">Parametry techniczne<\/h2>\n<ul data-start=\"1822\" data-end=\"1994\">\n<li data-section-id=\"pdbh1u\" data-start=\"1822\" data-end=\"1849\">wysoko\u015b\u0107 palety: 1 metr<\/li>\n<li data-section-id=\"1iqrgyj\" data-start=\"1850\" data-end=\"1872\">waga netto: 146 kg<\/li>\n<li data-section-id=\"6ry0ec\" data-start=\"1873\" data-end=\"1913\">struktura: mix elektroniki u\u017cytkowej<\/li>\n<li data-section-id=\"1hlaiqg\" data-start=\"1914\" data-end=\"1946\">asortyment: losowy i zmienny<\/li>\n<li data-section-id=\"10hkle2\" data-start=\"1947\" data-end=\"1994\">ka\u017cda paleta: indywidualny zestaw produkt\u00f3w<\/li>\n<\/ul>\n<p data-start=\"1996\" data-end=\"2089\">Paleta nie posiada sta\u0142ej listy produkt\u00f3w \u2014 jej zawarto\u015b\u0107 zale\u017cy od aktualnej partii dostawy.<\/p>\n<h2 data-section-id=\"6z2273\" data-start=\"2096\" data-end=\"2163\">Dlaczego elektronika u\u017cytkowa zapewnia sta\u0142y przep\u0142yw sprzeda\u017cy?<\/h2>\n<p data-start=\"2165\" data-end=\"2323\">Elektronika u\u017cytkowa to jedna z najbardziej przewidywalnych kategorii sprzeda\u017cowych. Produkty z tej grupy s\u0105 regularnie kupowane i maj\u0105 szerokie zastosowanie.<\/p>\n<p data-start=\"2325\" data-end=\"2348\">Najwa\u017cniejsze przewagi:<\/p>\n<ul data-start=\"2350\" data-end=\"2513\">\n<li data-section-id=\"1g2zt93\" data-start=\"2350\" data-end=\"2378\">szybka rotacja produkt\u00f3w<\/li>\n<li data-section-id=\"1cxxa8s\" data-start=\"2379\" data-end=\"2397\">stabilny popyt<\/li>\n<li data-section-id=\"6183qw\" data-start=\"2398\" data-end=\"2425\">szeroka grupa odbiorc\u00f3w<\/li>\n<li data-section-id=\"1thzro9\" data-start=\"2426\" data-end=\"2478\">mo\u017cliwo\u015b\u0107 sprzeda\u017cy pojedynczej oraz w zestawach<\/li>\n<li data-section-id=\"1o7q6th\" data-start=\"2479\" data-end=\"2513\">\u0142atwa dystrybucja w e-commerce<\/li>\n<\/ul>\n<p data-start=\"2515\" data-end=\"2625\">Dzi\u0119ki tym cechom paleta elektroniki z Europy EU umo\u017cliwia budowanie sprzeda\u017cy w spos\u00f3b stabilny i skalowalny.<\/p>\n<h2 data-section-id=\"9hjp8p\" data-start=\"2632\" data-end=\"2666\">Jako\u015b\u0107 produkt\u00f3w \u2013 standard A\u2013B<\/h2>\n<p data-start=\"2668\" data-end=\"2797\">Palety w standardzie A\u2013B obejmuj\u0105 produkty o zr\u00f3\u017cnicowanym stanie, jednak z przewag\u0105 towar\u00f3w nadaj\u0105cych si\u0119 do dalszej sprzeda\u017cy.<\/p>\n<p data-start=\"2799\" data-end=\"2823\">Charakterystyka jako\u015bci:<\/p>\n<ul data-start=\"2825\" data-end=\"2980\">\n<li data-section-id=\"1bepxp6\" data-start=\"2825\" data-end=\"2882\">wi\u0119kszo\u015b\u0107 produkt\u00f3w w bardzo dobrym stanie lub nowych<\/li>\n<li data-section-id=\"jqrsyy\" data-start=\"2883\" data-end=\"2919\">mo\u017cliwe drobne \u015blady u\u017cytkowania<\/li>\n<li data-section-id=\"9474dx\" data-start=\"2920\" data-end=\"2980\">dopuszczalna niewielka domieszka klasy C (do oko\u0142o 5\u20137%)<\/li>\n<\/ul>\n<p data-start=\"2982\" data-end=\"3081\">Taki poziom jako\u015bci pozwala utrzyma\u0107 korzystny stosunek ceny zakupu do potencjalnej ceny sprzeda\u017cy.<\/p>\n<p data-start=\"3083\" data-end=\"3174\">Produkty nie s\u0105 testowane indywidualnie, co jest standardem dla dostaw typu Amazon Returns.<\/p>\n<h2 data-section-id=\"15rjzjc\" data-start=\"3181\" data-end=\"3223\">Jak dzia\u0142a sprzeda\u017c oparta na paletach?<\/h2>\n<p data-start=\"3225\" data-end=\"3363\">Model sprzeda\u017cy oparty na paletach polega na pracy na liczbie produkt\u00f3w oraz ich rotacji. Kluczowe znaczenie ma szybkie wystawienie ofert.<\/p>\n<p data-start=\"3365\" data-end=\"3383\">Schemat dzia\u0142ania:<\/p>\n<ol data-start=\"3385\" data-end=\"3507\">\n<li data-section-id=\"1sbhdx6\" data-start=\"3385\" data-end=\"3402\">zakup palety<\/li>\n<li data-section-id=\"1h5xpxe\" data-start=\"3403\" data-end=\"3426\">selekcja produkt\u00f3w<\/li>\n<li data-section-id=\"bwh49e\" data-start=\"3427\" data-end=\"3448\">publikacja ofert<\/li>\n<li data-section-id=\"1gl09dc\" data-start=\"3449\" data-end=\"3479\">sprzeda\u017c w wielu kana\u0142ach<\/li>\n<li data-section-id=\"1u65gb1\" data-start=\"3480\" data-end=\"3507\">reinwestowanie \u015brodk\u00f3w<\/li>\n<\/ol>\n<p data-start=\"3509\" data-end=\"3572\">Taki model pozwala systematycznie zwi\u0119ksza\u0107 skal\u0119 dzia\u0142alno\u015bci.<\/p>\n<h2 data-section-id=\"dcajmo\" data-start=\"3619\" data-end=\"3657\">Gdzie sprzedawa\u0107 produkty z palety?<\/h2>\n<p data-start=\"3653\" data-end=\"3724\">Paleta EU sprawdza si\u0119 w wielu kana\u0142ach sprzeda\u017cy:<\/p>\n<ul data-start=\"3777\" data-end=\"3846\">\n<li data-section-id=\"1gr8el2\" data-start=\"3777\" data-end=\"3788\"><a href=\"https:\/\/allegro.pl\/\" target=\"_blank\" rel=\"noopener\">Allegro<\/a><\/li>\n<li data-section-id=\"16txjn7\" data-start=\"3789\" data-end=\"3796\"><a href=\"https:\/\/www.olx.pl\/\" target=\"_blank\" rel=\"noopener\">OLX<\/a><\/li>\n<li data-section-id=\"1b2mlzr\" data-start=\"3797\" data-end=\"3805\"><a href=\"https:\/\/www.ebay.com\/\" target=\"_blank\" rel=\"noopener\">eBay<\/a><\/li>\n<li data-section-id=\"1ls0se6\" data-start=\"3806\" data-end=\"3816\"><a href=\"https:\/\/www.amazon.com\/\" target=\"_blank\" rel=\"noopener\">Amazon<\/a><\/li>\n<li data-section-id=\"1d4qn16\" data-start=\"3817\" data-end=\"3846\">w\u0142asne sklepy internetowe<\/li>\n<\/ul>\n<p data-start=\"3775\" data-end=\"3857\">Sprzeda\u017c wielokana\u0142owa pozwala zwi\u0119kszy\u0107 zasi\u0119g i przyspieszy\u0107 rotacj\u0119 produkt\u00f3w.<\/p>\n<h2 data-section-id=\"1mopser\" data-start=\"3854\" data-end=\"3881\">Korzy\u015bci dla sprzedawc\u00f3w<\/h2>\n<p data-start=\"3883\" data-end=\"3964\">Zakup palety elektroniki to rozwi\u0105zanie, kt\u00f3re umo\u017cliwia szybki rozw\u00f3j sprzeda\u017cy.<\/p>\n<p data-start=\"3966\" data-end=\"3989\">Najwa\u017cniejsze korzy\u015bci:<\/p>\n<ul data-start=\"3991\" data-end=\"4178\">\n<li data-section-id=\"gvtpog\" data-start=\"3991\" data-end=\"4031\">szeroki asortyment w jednej dostawie<\/li>\n<li data-section-id=\"1e0drbc\" data-start=\"4032\" data-end=\"4068\">szybkie zwi\u0119kszenie liczby ofert<\/li>\n<li data-section-id=\"y5oxsb\" data-start=\"4069\" data-end=\"4092\">elastyczno\u015b\u0107 cenowa<\/li>\n<li data-section-id=\"1nkifgh\" data-start=\"4093\" data-end=\"4135\">dost\u0119p do produkt\u00f3w w korzystnej cenie<\/li>\n<li data-section-id=\"x4575q\" data-start=\"4136\" data-end=\"4178\">mo\u017cliwo\u015b\u0107 testowania r\u00f3\u017cnych kategorii<\/li>\n<\/ul>\n<p data-start=\"4180\" data-end=\"4223\">To rozwi\u0105zanie daje przewag\u0119 konkurencyjn\u0105.<\/p>\n<h2 data-section-id=\"f1xuem\" data-start=\"4230\" data-end=\"4252\">Logistyka i dostawa<\/h2>\n<p data-start=\"4254\" data-end=\"4338\">Palety wysy\u0142ane s\u0105 z magazynu w Europie, co umo\u017cliwia szybkie rozpocz\u0119cie sprzeda\u017cy.<\/p>\n<p data-start=\"4340\" data-end=\"4356\">Proces obejmuje:<\/p>\n<ul data-start=\"4358\" data-end=\"4431\">\n<li data-section-id=\"7znjh2\" data-start=\"4358\" data-end=\"4386\">przygotowanie zam\u00f3wienia<\/li>\n<li data-section-id=\"1qo0dyy\" data-start=\"4387\" data-end=\"4411\">bezpieczne pakowanie<\/li>\n<li data-section-id=\"a3em40\" data-start=\"4412\" data-end=\"4431\">sprawn\u0105 wysy\u0142k\u0119<\/li>\n<\/ul>\n<p data-start=\"4433\" data-end=\"4499\">Dzi\u0119ki temu mo\u017cliwe jest szybkie wdro\u017cenie produkt\u00f3w do sprzeda\u017cy.<\/p>\n<h2 data-section-id=\"m7gcpp\" data-start=\"4506\" data-end=\"4533\">Informacje przed zakupem<\/h2>\n<ul data-start=\"4535\" data-end=\"4747\">\n<li data-section-id=\"1odlefs\" data-start=\"4535\" data-end=\"4605\">towar pochodzi ze zwrot\u00f3w konsumenckich oraz nadwy\u017cek magazynowych<\/li>\n<li data-section-id=\"196h1iw\" data-start=\"4606\" data-end=\"4649\">produkty nie s\u0105 testowane indywidualnie<\/li>\n<li data-section-id=\"1st3k7w\" data-start=\"4650\" data-end=\"4689\">mo\u017cliwa niewielka domieszka klasy C<\/li>\n<li data-section-id=\"1jh6vg4\" data-start=\"4690\" data-end=\"4722\">ka\u017cda paleta ma losowy sk\u0142ad<\/li>\n<li data-section-id=\"1rrf97y\" data-start=\"4723\" data-end=\"4747\">brak listy produkt\u00f3w<\/li>\n<\/ul>\n<p data-start=\"4749\" data-end=\"4829\">Zmienno\u015b\u0107 zawarto\u015bci pozwala stale odnawia\u0107 ofert\u0119 i zwi\u0119ksza\u0107 jej atrakcyjno\u015b\u0107.<\/p>\n<h2 data-section-id=\"1xa3dgd\" data-start=\"4836\" data-end=\"4870\">Podsumowanie \u2013 czy warto kupi\u0107?<\/h2>\n<p data-start=\"4872\" data-end=\"5012\">Paleta elektroniki z Europy EU to rozwi\u0105zanie dla sprzedawc\u00f3w, kt\u00f3rzy chc\u0105 rozwija\u0107 sprzeda\u017c w oparciu o rotacj\u0119, r\u00f3\u017cnorodno\u015b\u0107 i skalowanie.<\/p>\n<p data-start=\"5014\" data-end=\"5034\">Model ten umo\u017cliwia:<\/p>\n<ul data-start=\"5036\" data-end=\"5179\">\n<li data-section-id=\"q7uix1\" data-start=\"5036\" data-end=\"5076\">szybkie zwi\u0119kszenie liczby produkt\u00f3w<\/li>\n<li data-section-id=\"685pbr\" data-start=\"5077\" data-end=\"5114\">rozw\u00f3j sprzeda\u017cy w wielu kana\u0142ach<\/li>\n<li data-section-id=\"2e2gk9\" data-start=\"5115\" data-end=\"5146\">dopasowanie oferty do rynku<\/li>\n<li data-section-id=\"nord47\" data-start=\"5147\" data-end=\"5179\">osi\u0105ganie stabilnych wynik\u00f3w<\/li>\n<\/ul>\n<p data-start=\"5181\" data-end=\"5347\">W e-commerce przewag\u0119 osi\u0105gaj\u0105 ci, kt\u00f3rzy dzia\u0142aj\u0105 szybko i posiadaj\u0105 szeroki asortyment. Paleta elektroniki z Europy EU daje realne mo\u017cliwo\u015bci osi\u0105gni\u0119cia tego celu.<\/p>\n<p data-start=\"5505\" data-end=\"5558\" data-is-last-node=\"\" data-is-only-node=\"\">\ud83d\udc49 Wszystkie modele palet Amazon mo\u017cna znale\u017a\u0107 <a href=\"https:\/\/stockify24.pl\/sklep\/\"><strong>tutaj<\/strong>.<\/a><\/p>\n<\/div>\n<\/div>\n<\/div>\n<\/div>\n<\/div>\n<\/div>\n<\/section>\n","protected":false},"excerpt":{"rendered":"<p class=\"p1\">\u26a1 Oko\u0142o 70\u201380% elektroniki<\/p>\n<p class=\"p1\">\ud83c\uddea\ud83c\uddfa EU<\/p>\n<p class=\"p1\">\ud83d\udd25 Amazon Returns<\/p>\n<p class=\"p1\" style=\"text-align: left;\">\u2714\ufe0f Jako\u015b\u0107 A\u2013B<\/p>","protected":false},"featured_media":51893,"comment_status":"open","ping_status":"closed","template":"","meta":{"_acf_changed":false},"product_brand":[],"product_cat":[1258,1273,1284],"product_tag":[1274],"class_list":{"0":"post-51303","1":"product","2":"type-product","3":"status-publish","4":"has-post-thumbnail","6":"product_cat-amazon-paleta","7":"product_cat-mix-elektroniki-eu-amazon-returns-ab","8":"product_cat-palety-dnia","9":"product_tag-paleta-mix-elektroniki-z-europy","11":"first","12":"instock","13":"sold-individually","14":"taxable","15":"shipping-taxable","16":"purchasable","17":"product-type-simple"},"acf":[],"_links":{"self":[{"href":"https:\/\/stockify24.pl\/es\/wp-json\/wp\/v2\/product\/51303","targetHints":{"allow":["GET"]}}],"collection":[{"href":"https:\/\/stockify24.pl\/es\/wp-json\/wp\/v2\/product"}],"about":[{"href":"https:\/\/stockify24.pl\/es\/wp-json\/wp\/v2\/types\/product"}],"replies":[{"embeddable":true,"href":"https:\/\/stockify24.pl\/es\/wp-json\/wp\/v2\/comments?post=51303"}],"wp:featuredmedia":[{"embeddable":true,"href":"https:\/\/stockify24.pl\/es\/wp-json\/wp\/v2\/media\/51893"}],"wp:attachment":[{"href":"https:\/\/stockify24.pl\/es\/wp-json\/wp\/v2\/media?parent=51303"}],"wp:term":[{"taxonomy":"product_brand","embeddable":true,"href":"https:\/\/stockify24.pl\/es\/wp-json\/wp\/v2\/product_brand?post=51303"},{"taxonomy":"product_cat","embeddable":true,"href":"https:\/\/stockify24.pl\/es\/wp-json\/wp\/v2\/product_cat?post=51303"},{"taxonomy":"product_tag","embeddable":true,"href":"https:\/\/stockify24.pl\/es\/wp-json\/wp\/v2\/product_tag?post=51303"}],"curies":[{"name":"wp","href":"https:\/\/api.w.org\/{rel}","templated":true}]}}