{"id":51313,"date":"2026-04-16T11:39:29","date_gmt":"2026-04-16T10:39:29","guid":{"rendered":"https:\/\/stockify24.pl\/?post_type=product&#038;p=51313"},"modified":"2026-04-24T15:08:13","modified_gmt":"2026-04-24T14:08:13","slug":"paleta-elektroniki-z-europy-eu-a-b-243","status":"publish","type":"product","link":"https:\/\/stockify24.pl\/es\/producto\/paleta-elektroniki-z-europy-eu-a-b-243\/","title":{"rendered":"Paleta electr\u00f3nica de Europa (UE) |A-B| #243"},"content":{"rendered":"<section class=\"text-token-text-primary w-full focus:outline-none [--shadow-height:45px] has-data-writing-block:pointer-events-none has-data-writing-block:-mt-(--shadow-height) has-data-writing-block:pt-(--shadow-height) [&amp;:has([data-writing-block])&gt;*]:pointer-events-auto [content-visibility:auto] supports-[content-visibility:auto]:[contain-intrinsic-size:auto_100lvh] R6Vx5W_threadScrollVars scroll-mb-[calc(var(--scroll-root-safe-area-inset-bottom,0px)+var(--thread-response-height))] scroll-mt-[calc(var(--header-height)+min(200px,max(70px,20svh)))]\" dir=\"auto\" data-turn-id=\"request-69c65452-e37c-8386-b18d-56272d59cc8a-2\" data-testid=\"conversation-turn-182\" data-scroll-anchor=\"false\" data-turn=\"assistant\">\n<div class=\"text-base my-auto mx-auto pb-10 [--thread-content-margin:var(--thread-content-margin-xs,calc(var(--spacing)*4))] @w-sm\/main:[--thread-content-margin:var(--thread-content-margin-sm,calc(var(--spacing)*6))] @w-lg\/main:[--thread-content-margin:var(--thread-content-margin-lg,calc(var(--spacing)*16))] px-(--thread-content-margin)\">\n<div class=\"[--thread-content-max-width:40rem] @w-lg\/main:[--thread-content-max-width:48rem] mx-auto max-w-(--thread-content-max-width) flex-1 group\/turn-messages focus-visible:outline-hidden relative flex w-full min-w-0 flex-col agent-turn\">\n<div class=\"flex max-w-full flex-col gap-4 grow\">\n<div class=\"min-h-8 text-message relative flex w-full flex-col items-end gap-2 text-start break-words whitespace-normal outline-none keyboard-focused:focus-ring [.text-message+&amp;]:mt-1\" dir=\"auto\" tabindex=\"0\" data-message-author-role=\"assistant\" data-message-id=\"d85b2cda-9e84-4202-a0e8-91a8c5659274\" data-message-model-slug=\"gpt-5-3\" data-turn-start-message=\"true\">\n<div class=\"flex w-full flex-col gap-1 empty:hidden\">\n<div class=\"markdown prose dark:prose-invert w-full wrap-break-word dark markdown-new-styling\">\n<h1 data-section-id=\"nrrls4\" data-start=\"251\" data-end=\"340\"><span role=\"text\"><strong data-start=\"253\" data-end=\"340\">Paleta elektroniki z Europy EU \u2013 mix A\u2013B | 70\u201380% elektronika u\u017cytkowa do sprzeda\u017cy<\/strong><\/span><\/h1>\n<h2 data-section-id=\"1cjosjq\" data-start=\"342\" data-end=\"410\">Dostawa dla reseller\u00f3w \u2013 zwi\u0119ksz sprzeda\u017c bez zwi\u0119kszania koszt\u00f3w<\/h2>\n<p data-start=\"412\" data-end=\"703\">Paleta elektroniki z Europy EU w standardzie A\u2013B to rozwi\u0105zanie dla sprzedawc\u00f3w, kt\u00f3rzy chc\u0105 zwi\u0119kszy\u0107 sprzeda\u017c poprzez rozszerzenie oferty o produkty o wysokim popycie. Zakup jednej palety pozwala uzyska\u0107 dost\u0119p do szerokiego asortymentu bez konieczno\u015bci inwestowania w pojedyncze produkty.<\/p>\n<p data-start=\"705\" data-end=\"927\">Struktura zawarto\u015bci obejmuje oko\u0142o 70\u201380% elektroniki u\u017cytkowej, co pozwala skupi\u0107 si\u0119 na kategorii generuj\u0105cej stabilny obr\u00f3t. Dzi\u0119ki temu mo\u017cliwe jest szybkie zwi\u0119kszenie liczby ofert oraz poprawa wynik\u00f3w sprzeda\u017cowych.<\/p>\n<p data-start=\"929\" data-end=\"1091\">Ka\u017cda paleta posiada losowy sk\u0142ad. Oznacza to, \u017ce zawarto\u015b\u0107 ka\u017cdej dostawy jest inna, co pozwala stale odnawia\u0107 ofert\u0119 i utrzymywa\u0107 jej atrakcyjno\u015b\u0107 dla klient\u00f3w.<\/p>\n<h2 data-section-id=\"uq7php\" data-start=\"1098\" data-end=\"1143\">Co zawiera paleta elektroniki z Europy EU?<\/h2>\n<p data-start=\"1145\" data-end=\"1269\">Mix elektroniki obejmuje produkty u\u017cytkowe i akcesoria, kt\u00f3re nale\u017c\u0105 do najcz\u0119\u015bciej kupowanych kategorii w sprzeda\u017cy online.<\/p>\n<p data-start=\"1271\" data-end=\"1308\">W sk\u0142ad palety wchodz\u0105 mi\u0119dzy innymi:<\/p>\n<ul data-start=\"1310\" data-end=\"1543\">\n<li data-section-id=\"iz16co\" data-start=\"1310\" data-end=\"1353\">s\u0142uchawki bezprzewodowe oraz przewodowe<\/li>\n<li data-section-id=\"1mxpf6l\" data-start=\"1354\" data-end=\"1390\">\u0142adowarki, kable oraz powerbanki<\/li>\n<li data-section-id=\"2cko63\" data-start=\"1391\" data-end=\"1408\">akcesoria GSM<\/li>\n<li data-section-id=\"129ryor\" data-start=\"1409\" data-end=\"1434\">urz\u0105dzenia smart home<\/li>\n<li data-section-id=\"isey0l\" data-start=\"1435\" data-end=\"1474\">drobne AGD (np. suszarki, masa\u017cery)<\/li>\n<li data-section-id=\"31a3fm\" data-start=\"1475\" data-end=\"1516\">kontrolery oraz gad\u017cety elektroniczne<\/li>\n<li data-section-id=\"4fq00c\" data-start=\"1517\" data-end=\"1543\">inne produkty u\u017cytkowe<\/li>\n<\/ul>\n<p data-start=\"1545\" data-end=\"1702\">Zr\u00f3\u017cnicowany asortyment umo\u017cliwia prowadzenie sprzeda\u017cy w wielu segmentach jednocze\u015bnie, co zwi\u0119ksza rotacj\u0119 produkt\u00f3w i pozwala szybciej generowa\u0107 przych\u00f3d.<\/p>\n<h2 data-section-id=\"1c03u5u\" data-start=\"1709\" data-end=\"1760\">Parametry techniczne<\/h2>\n<ul data-start=\"1762\" data-end=\"1935\">\n<li data-section-id=\"pdbh1u\" data-start=\"1762\" data-end=\"1789\">wysoko\u015b\u0107 palety: 1 metr<\/li>\n<li data-section-id=\"1oaktb2\" data-start=\"1790\" data-end=\"1812\">waga netto: 159 kg<\/li>\n<li data-section-id=\"a4rjmf\" data-start=\"1813\" data-end=\"1850\">asortyment: losowy i zr\u00f3\u017cnicowany<\/li>\n<li data-section-id=\"6ry0ec\" data-start=\"1851\" data-end=\"1891\">struktura: mix elektroniki u\u017cytkowej<\/li>\n<li data-section-id=\"qcmq4m\" data-start=\"1892\" data-end=\"1935\">ka\u017cda paleta: unikalny zestaw produkt\u00f3w<\/li>\n<\/ul>\n<p data-start=\"1937\" data-end=\"2026\">Paleta nie posiada sta\u0142ej listy produkt\u00f3w \u2014 zawarto\u015b\u0107 zale\u017cy od aktualnej partii dostawy.<\/p>\n<h2 data-section-id=\"1hbvyzz\" data-start=\"2033\" data-end=\"2090\">Dlaczego elektronika u\u017cytkowa sprzedaje si\u0119 najlepiej?<\/h2>\n<p data-start=\"2092\" data-end=\"2258\">Elektronika u\u017cytkowa to segment, kt\u00f3ry utrzymuje wysoki poziom sprzeda\u017cy przez ca\u0142y rok. Produkty z tej kategorii s\u0105 regularnie kupowane i maj\u0105 szerokie zastosowanie.<\/p>\n<p data-start=\"2260\" data-end=\"2283\">Najwa\u017cniejsze przewagi:<\/p>\n<ul data-start=\"2285\" data-end=\"2453\">\n<li data-section-id=\"cgm9gn\" data-start=\"2285\" data-end=\"2311\">szybki obr\u00f3t produkt\u00f3w<\/li>\n<li data-section-id=\"17ppg8j\" data-start=\"2312\" data-end=\"2338\">stabilny popyt rynkowy<\/li>\n<li data-section-id=\"4t3bcn\" data-start=\"2339\" data-end=\"2365\">szeroka grupa klient\u00f3w<\/li>\n<li data-section-id=\"1thzro9\" data-start=\"2366\" data-end=\"2418\">mo\u017cliwo\u015b\u0107 sprzeda\u017cy pojedynczej oraz w zestawach<\/li>\n<li data-section-id=\"1o7q6th\" data-start=\"2419\" data-end=\"2453\">\u0142atwa dystrybucja w e-commerce<\/li>\n<\/ul>\n<p data-start=\"2455\" data-end=\"2546\">Dzi\u0119ki temu paleta elektroniki z Europy EU stanowi solidn\u0105 podstaw\u0119 do budowania sprzeda\u017cy.<\/p>\n<h2 data-section-id=\"9hjp8p\" data-start=\"2553\" data-end=\"2587\">Jako\u015b\u0107 produkt\u00f3w \u2013 standard A\u2013B<\/h2>\n<p data-start=\"2589\" data-end=\"2718\">Palety w standardzie A\u2013B obejmuj\u0105 produkty o zr\u00f3\u017cnicowanym stanie, jednak z przewag\u0105 towar\u00f3w nadaj\u0105cych si\u0119 do dalszej sprzeda\u017cy.<\/p>\n<p data-start=\"2720\" data-end=\"2744\">Charakterystyka jako\u015bci:<\/p>\n<ul data-start=\"2746\" data-end=\"2889\">\n<li data-section-id=\"1br12vd\" data-start=\"2746\" data-end=\"2801\">wi\u0119kszo\u015b\u0107 produkt\u00f3w nowa lub w bardzo dobrym stanie<\/li>\n<li data-section-id=\"jqrsyy\" data-start=\"2802\" data-end=\"2838\">mo\u017cliwe drobne \u015blady u\u017cytkowania<\/li>\n<li data-section-id=\"1k5dwq2\" data-start=\"2839\" data-end=\"2889\">dopuszczalna domieszka klasy C (do oko\u0142o 5\u20137%)<\/li>\n<\/ul>\n<p data-start=\"2891\" data-end=\"2977\">Taki poziom jako\u015bci pozwala utrzyma\u0107 optymalny stosunek ceny zakupu do ceny sprzeda\u017cy.<\/p>\n<p data-start=\"2979\" data-end=\"3070\">Produkty nie s\u0105 testowane indywidualnie, co jest standardem dla dostaw typu Amazon Returns.<\/p>\n<h2 data-section-id=\"16bvfjd\" data-start=\"3077\" data-end=\"3120\">Model sprzeda\u017cy \u2013 jak dzia\u0142a w praktyce?<\/h2>\n<p data-start=\"3122\" data-end=\"3270\">Sprzeda\u017c oparta na paletach polega na pracy na ilo\u015bci produkt\u00f3w oraz ich rotacji. Kluczowe znaczenie ma szybkie wprowadzenie produkt\u00f3w do sprzeda\u017cy.<\/p>\n<p data-start=\"3272\" data-end=\"3290\">Schemat dzia\u0142ania:<\/p>\n<ol data-start=\"3292\" data-end=\"3414\">\n<li data-section-id=\"1sbhdx6\" data-start=\"3292\" data-end=\"3309\">zakup palety<\/li>\n<li data-section-id=\"1h5xpxe\" data-start=\"3310\" data-end=\"3333\">selekcja produkt\u00f3w<\/li>\n<li data-section-id=\"bwh49e\" data-start=\"3334\" data-end=\"3355\">publikacja ofert<\/li>\n<li data-section-id=\"1gl09dc\" data-start=\"3356\" data-end=\"3386\">sprzeda\u017c w wielu kana\u0142ach<\/li>\n<li data-section-id=\"1u65gb1\" data-start=\"3387\" data-end=\"3414\">reinwestowanie \u015brodk\u00f3w<\/li>\n<\/ol>\n<p data-start=\"3416\" data-end=\"3484\">Taki model pozwala rozwija\u0107 dzia\u0142alno\u015b\u0107 i zwi\u0119ksza\u0107 skal\u0119 sprzeda\u017cy.<\/p>\n<h2 data-section-id=\"dcajmo\" data-start=\"3619\" data-end=\"3657\">Gdzie sprzedawa\u0107 produkty z palety?<\/h2>\n<p data-start=\"3673\" data-end=\"3746\">Paleta elektroniki z Europy EU sprawdza si\u0119 w r\u00f3\u017cnych kana\u0142ach sprzeda\u017cy:<\/p>\n<ul data-start=\"3777\" data-end=\"3846\">\n<li data-section-id=\"1gr8el2\" data-start=\"3777\" data-end=\"3788\"><a href=\"https:\/\/allegro.pl\/\" target=\"_blank\" rel=\"noopener\">Allegro<\/a><\/li>\n<li data-section-id=\"16txjn7\" data-start=\"3789\" data-end=\"3796\"><a href=\"https:\/\/www.olx.pl\/\" target=\"_blank\" rel=\"noopener\">OLX<\/a><\/li>\n<li data-section-id=\"1b2mlzr\" data-start=\"3797\" data-end=\"3805\"><a href=\"https:\/\/www.ebay.com\/\" target=\"_blank\" rel=\"noopener\">eBay<\/a><\/li>\n<li data-section-id=\"1ls0se6\" data-start=\"3806\" data-end=\"3816\"><a href=\"https:\/\/www.amazon.com\/\" target=\"_blank\" rel=\"noopener\">Amazon<\/a><\/li>\n<li data-section-id=\"1d4qn16\" data-start=\"3817\" data-end=\"3846\">w\u0142asne sklepy internetowe<\/li>\n<\/ul>\n<p data-start=\"3678\" data-end=\"3749\">Sprzeda\u017c wielokana\u0142owa zwi\u0119ksza zasi\u0119g i przyspiesza rotacj\u0119 produkt\u00f3w.<\/p>\n<h2 data-section-id=\"1c6f4ol\" data-start=\"3756\" data-end=\"3777\">Korzy\u015bci biznesowe<\/h2>\n<p data-start=\"3779\" data-end=\"3867\">Zakup palety elektroniki to rozwi\u0105zanie, kt\u00f3re pozwala szybko zwi\u0119kszy\u0107 skal\u0119 sprzeda\u017cy.<\/p>\n<p data-start=\"3869\" data-end=\"3892\">Najwa\u017cniejsze korzy\u015bci:<\/p>\n<ul data-start=\"3894\" data-end=\"4106\">\n<li data-section-id=\"8efjsm\" data-start=\"3894\" data-end=\"3948\">dost\u0119p do szerokiego asortymentu w jednej dostawie<\/li>\n<li data-section-id=\"1e0drbc\" data-start=\"3949\" data-end=\"3985\">szybkie zwi\u0119kszenie liczby ofert<\/li>\n<li data-section-id=\"1b4o0oo\" data-start=\"3986\" data-end=\"4014\">elastyczne ustalanie cen<\/li>\n<li data-section-id=\"1nkifgh\" data-start=\"4015\" data-end=\"4057\">dost\u0119p do produkt\u00f3w w korzystnej cenie<\/li>\n<li data-section-id=\"rntfer\" data-start=\"4058\" data-end=\"4106\">mo\u017cliwo\u015b\u0107 testowania r\u00f3\u017cnych segment\u00f3w rynku<\/li>\n<\/ul>\n<p data-start=\"4108\" data-end=\"4170\">To rozwi\u0105zanie daje przewag\u0119 konkurencyjn\u0105 w sprzeda\u017cy online.<\/p>\n<h2 data-section-id=\"f1xuem\" data-start=\"4298\" data-end=\"4320\">Logistyka i dostawa<\/h2>\n<p data-start=\"4322\" data-end=\"4406\">Palety wysy\u0142ane s\u0105 z magazynu w Europie, co umo\u017cliwia szybkie rozpocz\u0119cie sprzeda\u017cy.<\/p>\n<p data-start=\"4408\" data-end=\"4424\">Proces obejmuje:<\/p>\n<ul data-start=\"4426\" data-end=\"4499\">\n<li data-section-id=\"7znjh2\" data-start=\"4426\" data-end=\"4454\">przygotowanie zam\u00f3wienia<\/li>\n<li data-section-id=\"1qo0dyy\" data-start=\"4455\" data-end=\"4479\">bezpieczne pakowanie<\/li>\n<li data-section-id=\"a3em40\" data-start=\"4480\" data-end=\"4499\">sprawn\u0105 wysy\u0142k\u0119<\/li>\n<\/ul>\n<p data-start=\"4501\" data-end=\"4567\">Dzi\u0119ki temu mo\u017cliwe jest szybkie wdro\u017cenie produkt\u00f3w do sprzeda\u017cy.<\/p>\n<h2 data-section-id=\"m7gcpp\" data-start=\"4574\" data-end=\"4601\">Informacje przed zakupem<\/h2>\n<ul data-start=\"4603\" data-end=\"4815\">\n<li data-section-id=\"1odlefs\" data-start=\"4603\" data-end=\"4673\">towar pochodzi ze zwrot\u00f3w konsumenckich oraz nadwy\u017cek magazynowych<\/li>\n<li data-section-id=\"196h1iw\" data-start=\"4674\" data-end=\"4717\">produkty nie s\u0105 testowane indywidualnie<\/li>\n<li data-section-id=\"1st3k7w\" data-start=\"4718\" data-end=\"4757\">mo\u017cliwa niewielka domieszka klasy C<\/li>\n<li data-section-id=\"1jh6vg4\" data-start=\"4758\" data-end=\"4790\">ka\u017cda paleta ma losowy sk\u0142ad<\/li>\n<li data-section-id=\"1rrf97y\" data-start=\"4791\" data-end=\"4815\">brak listy produkt\u00f3w<\/li>\n<\/ul>\n<p data-start=\"4817\" data-end=\"4897\">Zmienno\u015b\u0107 zawarto\u015bci pozwala stale odnawia\u0107 ofert\u0119 i zwi\u0119ksza\u0107 jej atrakcyjno\u015b\u0107.<\/p>\n<h2 data-section-id=\"1xa3dgd\" data-start=\"4767\" data-end=\"4801\">Podsumowanie \u2013 czy warto kupi\u0107?<\/h2>\n<p data-start=\"4803\" data-end=\"4940\">Paleta elektroniki z Europy EU to rozwi\u0105zanie dla sprzedawc\u00f3w, kt\u00f3rzy chc\u0105 budowa\u0107 sprzeda\u017c w oparciu o rotacj\u0119 i r\u00f3\u017cnorodno\u015b\u0107 produkt\u00f3w.<\/p>\n<p data-start=\"4942\" data-end=\"4962\">Model ten umo\u017cliwia:<\/p>\n<ul data-start=\"4964\" data-end=\"5107\">\n<li data-section-id=\"q7uix1\" data-start=\"4964\" data-end=\"5004\">szybkie zwi\u0119kszenie liczby produkt\u00f3w<\/li>\n<li data-section-id=\"685pbr\" data-start=\"5005\" data-end=\"5042\">rozw\u00f3j sprzeda\u017cy w wielu kana\u0142ach<\/li>\n<li data-section-id=\"2e2gk9\" data-start=\"5043\" data-end=\"5074\">dopasowanie oferty do rynku<\/li>\n<li data-section-id=\"nord47\" data-start=\"5075\" data-end=\"5107\">osi\u0105ganie stabilnych wynik\u00f3w<\/li>\n<\/ul>\n<p data-start=\"5109\" data-end=\"5271\">W e-commerce wygrywaj\u0105 ci, kt\u00f3rzy dzia\u0142aj\u0105 szybko i maj\u0105 szeroki asortyment. Paleta elektroniki z Europy EU daje realne mo\u017cliwo\u015bci budowania skalowalnego biznesu.<\/p>\n<p data-start=\"5505\" data-end=\"5558\" data-is-last-node=\"\" data-is-only-node=\"\">\ud83d\udc49 Wszystkie modele palet Amazon mo\u017cna znale\u017a\u0107 <a href=\"https:\/\/stockify24.pl\/sklep\/\"><strong>tutaj<\/strong>.<\/a><\/p>\n<\/div>\n<\/div>\n<\/div>\n<\/div>\n<\/div>\n<\/div>\n<\/section>\n","protected":false},"excerpt":{"rendered":"<p class=\"p1\">\u26a1 Oko\u0142o 70\u201380% elektroniki<\/p>\n<p class=\"p1\">\ud83c\uddea\ud83c\uddfa EU<\/p>\n<p class=\"p1\">\ud83d\udd25 Amazon Returns<\/p>\n<p class=\"p1\" style=\"text-align: left;\">\u2714\ufe0f Jako\u015b\u0107 A\u2013B<\/p>","protected":false},"featured_media":51887,"comment_status":"open","ping_status":"closed","template":"","meta":{"_acf_changed":false},"product_brand":[],"product_cat":[1258,1273,1284],"product_tag":[1274],"class_list":{"0":"post-51313","1":"product","2":"type-product","3":"status-publish","4":"has-post-thumbnail","6":"product_cat-amazon-paleta","7":"product_cat-mix-elektroniki-eu-amazon-returns-ab","8":"product_cat-palety-dnia","9":"product_tag-paleta-mix-elektroniki-z-europy","11":"first","12":"instock","13":"sold-individually","14":"taxable","15":"shipping-taxable","16":"purchasable","17":"product-type-simple"},"acf":[],"_links":{"self":[{"href":"https:\/\/stockify24.pl\/es\/wp-json\/wp\/v2\/product\/51313","targetHints":{"allow":["GET"]}}],"collection":[{"href":"https:\/\/stockify24.pl\/es\/wp-json\/wp\/v2\/product"}],"about":[{"href":"https:\/\/stockify24.pl\/es\/wp-json\/wp\/v2\/types\/product"}],"replies":[{"embeddable":true,"href":"https:\/\/stockify24.pl\/es\/wp-json\/wp\/v2\/comments?post=51313"}],"wp:featuredmedia":[{"embeddable":true,"href":"https:\/\/stockify24.pl\/es\/wp-json\/wp\/v2\/media\/51887"}],"wp:attachment":[{"href":"https:\/\/stockify24.pl\/es\/wp-json\/wp\/v2\/media?parent=51313"}],"wp:term":[{"taxonomy":"product_brand","embeddable":true,"href":"https:\/\/stockify24.pl\/es\/wp-json\/wp\/v2\/product_brand?post=51313"},{"taxonomy":"product_cat","embeddable":true,"href":"https:\/\/stockify24.pl\/es\/wp-json\/wp\/v2\/product_cat?post=51313"},{"taxonomy":"product_tag","embeddable":true,"href":"https:\/\/stockify24.pl\/es\/wp-json\/wp\/v2\/product_tag?post=51313"}],"curies":[{"name":"wp","href":"https:\/\/api.w.org\/{rel}","templated":true}]}}