{"id":51345,"date":"2026-04-16T14:33:02","date_gmt":"2026-04-16T13:33:02","guid":{"rendered":"https:\/\/stockify24.pl\/?post_type=product&#038;p=51345"},"modified":"2026-04-24T14:54:32","modified_gmt":"2026-04-24T13:54:32","slug":"paleta-elektroniki-z-europy-eu-a-b-264","status":"publish","type":"product","link":"https:\/\/stockify24.pl\/es\/producto\/paleta-elektroniki-z-europy-eu-a-b-264\/","title":{"rendered":"Paleta electr\u00f3nica de Europa (UE) |A-B| #264"},"content":{"rendered":"<section class=\"text-token-text-primary w-full focus:outline-none [--shadow-height:45px] has-data-writing-block:pointer-events-none has-data-writing-block:-mt-(--shadow-height) has-data-writing-block:pt-(--shadow-height) [&amp;:has([data-writing-block])&gt;*]:pointer-events-auto [content-visibility:auto] supports-[content-visibility:auto]:[contain-intrinsic-size:auto_100lvh] R6Vx5W_threadScrollVars scroll-mb-[calc(var(--scroll-root-safe-area-inset-bottom,0px)+var(--thread-response-height))] scroll-mt-[calc(var(--header-height)+min(200px,max(70px,20svh)))]\" dir=\"auto\" data-turn-id=\"request-69c65452-e37c-8386-b18d-56272d59cc8a-2\" data-testid=\"conversation-turn-182\" data-scroll-anchor=\"false\" data-turn=\"assistant\">\n<div class=\"text-base my-auto mx-auto pb-10 [--thread-content-margin:var(--thread-content-margin-xs,calc(var(--spacing)*4))] @w-sm\/main:[--thread-content-margin:var(--thread-content-margin-sm,calc(var(--spacing)*6))] @w-lg\/main:[--thread-content-margin:var(--thread-content-margin-lg,calc(var(--spacing)*16))] px-(--thread-content-margin)\">\n<div class=\"[--thread-content-max-width:40rem] @w-lg\/main:[--thread-content-max-width:48rem] mx-auto max-w-(--thread-content-max-width) flex-1 group\/turn-messages focus-visible:outline-hidden relative flex w-full min-w-0 flex-col agent-turn\">\n<div class=\"flex max-w-full flex-col gap-4 grow\">\n<div class=\"min-h-8 text-message relative flex w-full flex-col items-end gap-2 text-start break-words whitespace-normal outline-none keyboard-focused:focus-ring [.text-message+&amp;]:mt-1\" dir=\"auto\" tabindex=\"0\" data-message-author-role=\"assistant\" data-message-id=\"d85b2cda-9e84-4202-a0e8-91a8c5659274\" data-message-model-slug=\"gpt-5-3\" data-turn-start-message=\"true\">\n<div class=\"flex w-full flex-col gap-1 empty:hidden\">\n<div class=\"markdown prose dark:prose-invert w-full wrap-break-word dark markdown-new-styling\">\n<h1 data-section-id=\"nrrls4\" data-start=\"237\" data-end=\"326\"><span role=\"text\"><strong data-start=\"239\" data-end=\"326\">Paleta elektroniki z Europy EU \u2013 mix A\u2013B | 70\u201380% elektronika u\u017cytkowa do sprzeda\u017cy<\/strong><\/span><\/h1>\n<h2 data-section-id=\"1l602fn\" data-start=\"328\" data-end=\"391\">Nowa partia \u2013 szybkie wej\u015bcie w sprzeda\u017c i skalowanie oferty<\/h2>\n<p data-start=\"393\" data-end=\"700\">Paleta elektroniki z Europy EU w standardzie A\u2013B to rozwi\u0105zanie dla sprzedawc\u00f3w, kt\u00f3rzy chc\u0105 rozwija\u0107 sprzeda\u017c poprzez zwi\u0119kszenie liczby dost\u0119pnych produkt\u00f3w oraz przyspieszenie rotacji towaru. Jedna paleta umo\u017cliwia natychmiastowe rozszerzenie oferty i rozpocz\u0119cie sprzeda\u017cy w wielu kana\u0142ach jednocze\u015bnie.<\/p>\n<p data-start=\"702\" data-end=\"987\">Struktura zawarto\u015bci obejmuje oko\u0142o 70\u201380% elektroniki u\u017cytkowej. Oznacza to koncentracj\u0119 na kategorii, kt\u00f3ra generuje stabilny popyt i pozwala osi\u0105ga\u0107 przewidywalne wyniki sprzeda\u017cowe. Dzi\u0119ki temu mo\u017cliwe jest szybkie budowanie przychodu oraz rozw\u00f3j dzia\u0142alno\u015bci w modelu skalowalnym.<\/p>\n<p data-start=\"989\" data-end=\"1146\">Ka\u017cda paleta przygotowywana jest losowo. Brak powtarzalno\u015bci produkt\u00f3w pozwala regularnie od\u015bwie\u017ca\u0107 ofert\u0119 i dostosowywa\u0107 j\u0105 do aktualnych trend\u00f3w rynkowych.<\/p>\n<h2 data-section-id=\"uq7php\" data-start=\"1153\" data-end=\"1198\">Co zawiera paleta elektroniki z Europy EU?<\/h2>\n<p data-start=\"1200\" data-end=\"1318\">Mix elektroniki obejmuje szeroki zakres produkt\u00f3w i akcesori\u00f3w, kt\u00f3re s\u0105 regularnie kupowane przez klient\u00f3w ko\u0144cowych.<\/p>\n<p data-start=\"1320\" data-end=\"1357\">W sk\u0142ad palety wchodz\u0105 mi\u0119dzy innymi:<\/p>\n<ul data-start=\"1359\" data-end=\"1591\">\n<li data-section-id=\"7o5oyv\" data-start=\"1359\" data-end=\"1399\">s\u0142uchawki bezprzewodowe i przewodowe<\/li>\n<li data-section-id=\"1mxpf6l\" data-start=\"1400\" data-end=\"1436\">\u0142adowarki, kable oraz powerbanki<\/li>\n<li data-section-id=\"2cko63\" data-start=\"1437\" data-end=\"1454\">akcesoria GSM<\/li>\n<li data-section-id=\"r5wtn7\" data-start=\"1455\" data-end=\"1485\">urz\u0105dzenia typu smart home<\/li>\n<li data-section-id=\"isey0l\" data-start=\"1486\" data-end=\"1525\">drobne AGD (np. suszarki, masa\u017cery)<\/li>\n<li data-section-id=\"i0l57x\" data-start=\"1526\" data-end=\"1564\">kontrolery i gad\u017cety elektroniczne<\/li>\n<li data-section-id=\"4fq00c\" data-start=\"1565\" data-end=\"1591\">inne produkty u\u017cytkowe<\/li>\n<\/ul>\n<p data-start=\"1593\" data-end=\"1738\">Zr\u00f3\u017cnicowany asortyment umo\u017cliwia prowadzenie sprzeda\u017cy w wielu segmentach jednocze\u015bnie, co bezpo\u015brednio wp\u0142ywa na zwi\u0119kszenie rotacji produkt\u00f3w.<\/p>\n<h2 data-section-id=\"1bzedip\" data-start=\"1745\" data-end=\"1796\">Parametry techniczne<\/h2>\n<ul data-start=\"1798\" data-end=\"1966\">\n<li data-section-id=\"pdbh1u\" data-start=\"1798\" data-end=\"1825\">wysoko\u015b\u0107 palety: 1 metr<\/li>\n<li data-section-id=\"1ev4sf1\" data-start=\"1826\" data-end=\"1848\">waga netto: 140 kg<\/li>\n<li data-section-id=\"6ry0ec\" data-start=\"1849\" data-end=\"1889\">struktura: mix elektroniki u\u017cytkowej<\/li>\n<li data-section-id=\"1hlaiqg\" data-start=\"1890\" data-end=\"1922\">asortyment: losowy i zmienny<\/li>\n<li data-section-id=\"qcmq4m\" data-start=\"1923\" data-end=\"1966\">ka\u017cda paleta: unikalny zestaw produkt\u00f3w<\/li>\n<\/ul>\n<p data-start=\"1968\" data-end=\"2061\">Paleta nie posiada sta\u0142ej listy produkt\u00f3w \u2014 jej zawarto\u015b\u0107 zale\u017cy od aktualnej partii dostawy.<\/p>\n<h2 data-section-id=\"13b7185\" data-start=\"2068\" data-end=\"2133\">Dlaczego elektronika u\u017cytkowa zapewnia przewidywaln\u0105 sprzeda\u017c?<\/h2>\n<p data-start=\"2135\" data-end=\"2302\">Elektronika u\u017cytkowa to jedna z najbardziej stabilnych kategorii w e-commerce. Produkty z tej grupy s\u0105 kupowane przez ca\u0142y rok i trafiaj\u0105 do szerokiego grona klient\u00f3w.<\/p>\n<p data-start=\"2304\" data-end=\"2327\">Najwa\u017cniejsze przewagi:<\/p>\n<ul data-start=\"2329\" data-end=\"2483\">\n<li data-section-id=\"1lkjhwq\" data-start=\"2329\" data-end=\"2352\">szybki obr\u00f3t towaru<\/li>\n<li data-section-id=\"1wi0ouw\" data-start=\"2353\" data-end=\"2376\">sta\u0142y popyt rynkowy<\/li>\n<li data-section-id=\"6183qw\" data-start=\"2377\" data-end=\"2404\">szeroka grupa odbiorc\u00f3w<\/li>\n<li data-section-id=\"rxhyt2\" data-start=\"2405\" data-end=\"2454\">mo\u017cliwo\u015b\u0107 sprzeda\u017cy pojedynczej i w zestawach<\/li>\n<li data-section-id=\"p37voo\" data-start=\"2455\" data-end=\"2483\">\u0142atwa dystrybucja online<\/li>\n<\/ul>\n<p data-start=\"2485\" data-end=\"2600\">Dzi\u0119ki tym cechom paleta elektroniki z Europy EU stanowi solidn\u0105 podstaw\u0119 do budowania stabilnego modelu sprzeda\u017cy.<\/p>\n<h2 data-section-id=\"1lg826e\" data-start=\"2607\" data-end=\"2655\">Standard jako\u015bci A\u2013B \u2013 co oznacza w praktyce?<\/h2>\n<p data-start=\"2657\" data-end=\"2794\">Palety w standardzie A\u2013B obejmuj\u0105 produkty o zr\u00f3\u017cnicowanym stanie, jednak z wyra\u017an\u0105 przewag\u0105 towar\u00f3w nadaj\u0105cych si\u0119 do dalszej sprzeda\u017cy.<\/p>\n<p data-start=\"2796\" data-end=\"2820\">Charakterystyka jako\u015bci:<\/p>\n<ul data-start=\"2822\" data-end=\"2977\">\n<li data-section-id=\"1bepxp6\" data-start=\"2822\" data-end=\"2879\">wi\u0119kszo\u015b\u0107 produkt\u00f3w w bardzo dobrym stanie lub nowych<\/li>\n<li data-section-id=\"jqrsyy\" data-start=\"2880\" data-end=\"2916\">mo\u017cliwe drobne \u015blady u\u017cytkowania<\/li>\n<li data-section-id=\"9474dx\" data-start=\"2917\" data-end=\"2977\">dopuszczalna niewielka domieszka klasy C (do oko\u0142o 5\u20137%)<\/li>\n<\/ul>\n<p data-start=\"2979\" data-end=\"3079\">Taki poziom jako\u015bci pozwala utrzyma\u0107 korzystny balans mi\u0119dzy cen\u0105 zakupu a potencja\u0142em sprzeda\u017cowym.<\/p>\n<p data-start=\"3081\" data-end=\"3187\">Produkty nie s\u0105 testowane indywidualnie, co jest standardem dla dostaw opartych na zwrotach konsumenckich.<\/p>\n<h2 data-section-id=\"jmg55t\" data-start=\"3194\" data-end=\"3245\">Model sprzeda\u017cy \u2013 efektywne wykorzystanie palety<\/h2>\n<p data-start=\"3247\" data-end=\"3390\">Model oparty na paletach koncentruje si\u0119 na liczbie produkt\u00f3w oraz ich rotacji. Kluczowe znaczenie ma szybkie wprowadzenie towaru do sprzeda\u017cy.<\/p>\n<p data-start=\"3392\" data-end=\"3410\">Schemat dzia\u0142ania:<\/p>\n<ol data-start=\"3412\" data-end=\"3534\">\n<li data-section-id=\"1sbhdx6\" data-start=\"3412\" data-end=\"3429\">zakup palety<\/li>\n<li data-section-id=\"1h5xpxe\" data-start=\"3430\" data-end=\"3453\">selekcja produkt\u00f3w<\/li>\n<li data-section-id=\"bwh49e\" data-start=\"3454\" data-end=\"3475\">publikacja ofert<\/li>\n<li data-section-id=\"1gl09dc\" data-start=\"3476\" data-end=\"3506\">sprzeda\u017c w wielu kana\u0142ach<\/li>\n<li data-section-id=\"1u65gb1\" data-start=\"3507\" data-end=\"3534\">reinwestowanie \u015brodk\u00f3w<\/li>\n<\/ol>\n<p data-start=\"3536\" data-end=\"3621\">Taki model umo\u017cliwia systematyczny rozw\u00f3j dzia\u0142alno\u015bci i zwi\u0119kszanie skali sprzeda\u017cy.<\/p>\n<h2 data-section-id=\"11cjqy5\" data-start=\"3600\" data-end=\"3651\">Kana\u0142y sprzeda\u017cy \u2013 gdzie sprzedawa\u0107 elektronik\u0119?<\/h2>\n<p data-start=\"3653\" data-end=\"3726\">Paleta elektroniki z Europy EU sprawdza si\u0119 w r\u00f3\u017cnych kana\u0142ach sprzeda\u017cy:<\/p>\n<ul data-start=\"3777\" data-end=\"3846\">\n<li data-section-id=\"1gr8el2\" data-start=\"3777\" data-end=\"3788\"><a href=\"https:\/\/allegro.pl\/\" target=\"_blank\" rel=\"noopener\">Allegro<\/a><\/li>\n<li data-section-id=\"16txjn7\" data-start=\"3789\" data-end=\"3796\"><a href=\"https:\/\/www.olx.pl\/\" target=\"_blank\" rel=\"noopener\">OLX<\/a><\/li>\n<li data-section-id=\"1b2mlzr\" data-start=\"3797\" data-end=\"3805\"><a href=\"https:\/\/www.ebay.com\/\" target=\"_blank\" rel=\"noopener\">eBay<\/a><\/li>\n<li data-section-id=\"1ls0se6\" data-start=\"3806\" data-end=\"3816\"><a href=\"https:\/\/www.amazon.com\/\" target=\"_blank\" rel=\"noopener\">Amazon<\/a><\/li>\n<li data-section-id=\"1d4qn16\" data-start=\"3817\" data-end=\"3846\">w\u0142asne sklepy internetowe<\/li>\n<\/ul>\n<p data-start=\"3765\" data-end=\"3847\">Sprzeda\u017c wielokana\u0142owa pozwala zwi\u0119kszy\u0107 zasi\u0119g i przyspieszy\u0107 sprzeda\u017c produkt\u00f3w.<\/p>\n<h2 data-section-id=\"1c6f4ol\" data-start=\"3906\" data-end=\"3927\">Korzy\u015bci biznesowe<\/h2>\n<p data-start=\"3929\" data-end=\"4030\">Zakup palety elektroniki to rozwi\u0105zanie, kt\u00f3re pozwala szybko zwi\u0119kszy\u0107 sprzeda\u017c i rozszerzy\u0107 ofert\u0119.<\/p>\n<p data-start=\"4032\" data-end=\"4055\">Najwa\u017cniejsze korzy\u015bci:<\/p>\n<ul data-start=\"4057\" data-end=\"4255\">\n<li data-section-id=\"gvtpog\" data-start=\"4057\" data-end=\"4097\">szeroki asortyment w jednej dostawie<\/li>\n<li data-section-id=\"1e0drbc\" data-start=\"4098\" data-end=\"4134\">szybkie zwi\u0119kszenie liczby ofert<\/li>\n<li data-section-id=\"1qnntmy\" data-start=\"4135\" data-end=\"4168\">elastyczne zarz\u0105dzanie cenami<\/li>\n<li data-section-id=\"16h5c6m\" data-start=\"4169\" data-end=\"4212\">dost\u0119p do produkt\u00f3w w atrakcyjnej cenie<\/li>\n<li data-section-id=\"1cx1izc\" data-start=\"4213\" data-end=\"4255\">mo\u017cliwo\u015b\u0107 testowania r\u00f3\u017cnych segment\u00f3w<\/li>\n<\/ul>\n<p data-start=\"4257\" data-end=\"4324\">To rozwi\u0105zanie pozwala budowa\u0107 przewag\u0119 konkurencyjn\u0105 w e-commerce.<\/p>\n<h2 data-section-id=\"f1xuem\" data-start=\"4132\" data-end=\"4154\">Logistyka i dostawa<\/h2>\n<p data-start=\"4156\" data-end=\"4240\">Palety wysy\u0142ane s\u0105 z magazynu w Europie, co umo\u017cliwia szybkie rozpocz\u0119cie sprzeda\u017cy.<\/p>\n<p data-start=\"4242\" data-end=\"4258\">Proces obejmuje:<\/p>\n<ul data-start=\"4260\" data-end=\"4333\">\n<li data-section-id=\"7znjh2\" data-start=\"4260\" data-end=\"4288\">przygotowanie zam\u00f3wienia<\/li>\n<li data-section-id=\"1qo0dyy\" data-start=\"4289\" data-end=\"4313\">bezpieczne pakowanie<\/li>\n<li data-section-id=\"a3em40\" data-start=\"4314\" data-end=\"4333\">sprawn\u0105 wysy\u0142k\u0119<\/li>\n<\/ul>\n<p data-start=\"4335\" data-end=\"4401\">Dzi\u0119ki temu mo\u017cliwe jest szybkie wdro\u017cenie produkt\u00f3w do sprzeda\u017cy.<\/p>\n<h2 data-section-id=\"8sbul8\" data-start=\"4631\" data-end=\"4664\">Wa\u017cne informacje przed zakupem<\/h2>\n<ul data-start=\"4666\" data-end=\"4880\">\n<li data-section-id=\"i908zb\" data-start=\"4666\" data-end=\"4733\">towar pochodzi ze zwrot\u00f3w konsumenckich i nadwy\u017cek magazynowych<\/li>\n<li data-section-id=\"196h1iw\" data-start=\"4734\" data-end=\"4777\">produkty nie s\u0105 testowane indywidualnie<\/li>\n<li data-section-id=\"1st3k7w\" data-start=\"4778\" data-end=\"4817\">mo\u017cliwa niewielka domieszka klasy C<\/li>\n<li data-section-id=\"1tgztll\" data-start=\"4818\" data-end=\"4855\">ka\u017cda paleta posiada losowy sk\u0142ad<\/li>\n<li data-section-id=\"1rrf97y\" data-start=\"4856\" data-end=\"4880\">brak listy produkt\u00f3w<\/li>\n<\/ul>\n<p data-start=\"4882\" data-end=\"4984\">Zmienno\u015b\u0107 zawarto\u015bci to naturalny element tego modelu i jego przewaga \u2014 pozwala stale odnawia\u0107 ofert\u0119.<\/p>\n<h2 data-section-id=\"65wcl7\" data-start=\"4991\" data-end=\"5045\">Podsumowanie \u2013 czy warto wybra\u0107 palet\u0119 elektroniki?<\/h2>\n<p data-start=\"5047\" data-end=\"5188\">Paleta elektroniki z Europy EU to rozwi\u0105zanie dla sprzedawc\u00f3w, kt\u00f3rzy chc\u0105 budowa\u0107 sprzeda\u017c opart\u0105 na rotacji, r\u00f3\u017cnorodno\u015bci i skalowalno\u015bci.<\/p>\n<p data-start=\"5190\" data-end=\"5210\">Model ten umo\u017cliwia:<\/p>\n<ul data-start=\"5212\" data-end=\"5366\">\n<li data-section-id=\"q7uix1\" data-start=\"5212\" data-end=\"5252\">szybkie zwi\u0119kszenie liczby produkt\u00f3w<\/li>\n<li data-section-id=\"685pbr\" data-start=\"5253\" data-end=\"5290\">rozw\u00f3j sprzeda\u017cy w wielu kana\u0142ach<\/li>\n<li data-section-id=\"18gcnrx\" data-start=\"5291\" data-end=\"5333\">elastyczne dopasowanie oferty do rynku<\/li>\n<li data-section-id=\"nord47\" data-start=\"5334\" data-end=\"5366\">osi\u0105ganie stabilnych wynik\u00f3w<\/li>\n<\/ul>\n<p data-start=\"5368\" data-end=\"5546\">W e-commerce wygrywaj\u0105 ci, kt\u00f3rzy dzia\u0142aj\u0105 szybko i oferuj\u0105 szeroki asortyment. Paleta elektroniki z Europy EU daje realne mo\u017cliwo\u015bci budowania stabilnego i skalowalnego biznesu.<\/p>\n<p data-start=\"5505\" data-end=\"5558\" data-is-last-node=\"\" data-is-only-node=\"\">\ud83d\udc49 Wszystkie modele palet Amazon mo\u017cna znale\u017a\u0107 <a href=\"https:\/\/stockify24.pl\/sklep\/\"><strong>tutaj<\/strong>.<\/a><\/p>\n<\/div>\n<\/div>\n<\/div>\n<\/div>\n<\/div>\n<\/div>\n<\/section>\n","protected":false},"excerpt":{"rendered":"<p class=\"p1\">\u26a1 Oko\u0142o 70\u201380% elektroniki<\/p>\n<p class=\"p1\">\ud83c\uddea\ud83c\uddfa EU<\/p>\n<p class=\"p1\">\ud83d\udd25 Amazon Returns<\/p>\n<p class=\"p1\" style=\"text-align: left;\">\u2714\ufe0f Jako\u015b\u0107 A\u2013B<\/p>","protected":false},"featured_media":51869,"comment_status":"open","ping_status":"closed","template":"","meta":{"_acf_changed":false},"product_brand":[],"product_cat":[1258,1273,1284],"product_tag":[1274],"class_list":{"0":"post-51345","1":"product","2":"type-product","3":"status-publish","4":"has-post-thumbnail","6":"product_cat-amazon-paleta","7":"product_cat-mix-elektroniki-eu-amazon-returns-ab","8":"product_cat-palety-dnia","9":"product_tag-paleta-mix-elektroniki-z-europy","11":"first","12":"instock","13":"sold-individually","14":"taxable","15":"shipping-taxable","16":"purchasable","17":"product-type-simple"},"acf":[],"_links":{"self":[{"href":"https:\/\/stockify24.pl\/es\/wp-json\/wp\/v2\/product\/51345","targetHints":{"allow":["GET"]}}],"collection":[{"href":"https:\/\/stockify24.pl\/es\/wp-json\/wp\/v2\/product"}],"about":[{"href":"https:\/\/stockify24.pl\/es\/wp-json\/wp\/v2\/types\/product"}],"replies":[{"embeddable":true,"href":"https:\/\/stockify24.pl\/es\/wp-json\/wp\/v2\/comments?post=51345"}],"wp:featuredmedia":[{"embeddable":true,"href":"https:\/\/stockify24.pl\/es\/wp-json\/wp\/v2\/media\/51869"}],"wp:attachment":[{"href":"https:\/\/stockify24.pl\/es\/wp-json\/wp\/v2\/media?parent=51345"}],"wp:term":[{"taxonomy":"product_brand","embeddable":true,"href":"https:\/\/stockify24.pl\/es\/wp-json\/wp\/v2\/product_brand?post=51345"},{"taxonomy":"product_cat","embeddable":true,"href":"https:\/\/stockify24.pl\/es\/wp-json\/wp\/v2\/product_cat?post=51345"},{"taxonomy":"product_tag","embeddable":true,"href":"https:\/\/stockify24.pl\/es\/wp-json\/wp\/v2\/product_tag?post=51345"}],"curies":[{"name":"wp","href":"https:\/\/api.w.org\/{rel}","templated":true}]}}