{"id":51519,"date":"2026-04-23T13:04:33","date_gmt":"2026-04-23T12:04:33","guid":{"rendered":"https:\/\/stockify24.pl\/?post_type=product&#038;p=51519"},"modified":"2026-04-23T13:16:43","modified_gmt":"2026-04-23T12:16:43","slug":"box-butow-18-par-obuwie-premium-4","status":"publish","type":"product","link":"https:\/\/stockify24.pl\/es\/producto\/box-butow-18-par-obuwie-premium-4\/","title":{"rendered":"Caja de zapatos - 18 pares (calzado Premium) | #4"},"content":{"rendered":"<div class=\"flex flex-col text-sm pb-25\">\n<section class=\"text-token-text-primary w-full focus:outline-none [--shadow-height:45px] has-data-writing-block:pointer-events-none has-data-writing-block:-mt-(--shadow-height) has-data-writing-block:pt-(--shadow-height) [&amp;:has([data-writing-block])&gt;*]:pointer-events-auto scroll-mt-[calc(var(--header-height)+min(200px,max(70px,20svh)))]\" dir=\"auto\" data-turn-id=\"request-69b8245d-0030-838e-b654-ccb872ba6f51-25\" data-testid=\"conversation-turn-200\" data-scroll-anchor=\"true\" data-turn=\"assistant\">\n<div class=\"text-base my-auto mx-auto pb-10 [--thread-content-margin:var(--thread-content-margin-xs,calc(var(--spacing)*4))] @w-sm\/main:[--thread-content-margin:var(--thread-content-margin-sm,calc(var(--spacing)*6))] @w-lg\/main:[--thread-content-margin:var(--thread-content-margin-lg,calc(var(--spacing)*16))] px-(--thread-content-margin)\">\n<div class=\"[--thread-content-max-width:40rem] @w-lg\/main:[--thread-content-max-width:48rem] mx-auto max-w-(--thread-content-max-width) flex-1 group\/turn-messages focus-visible:outline-hidden relative flex w-full min-w-0 flex-col agent-turn\">\n<div class=\"flex max-w-full flex-col gap-4 grow\">\n<div class=\"min-h-8 text-message relative flex w-full flex-col items-end gap-2 text-start break-words whitespace-normal outline-none keyboard-focused:focus-ring [.text-message+&amp;]:mt-1\" dir=\"auto\" tabindex=\"0\" data-message-author-role=\"assistant\" data-message-id=\"ed8abcdd-be0d-4615-88f1-9a47a52c2d16\" data-message-model-slug=\"gpt-5-3\" data-turn-start-message=\"true\">\n<div class=\"flex w-full flex-col gap-1 empty:hidden\">\n<div class=\"markdown prose dark:prose-invert w-full wrap-break-word dark markdown-new-styling\">\n<div class=\"flex h-svh w-screen flex-col\">\n<div class=\"relative z-0 flex min-h-0 w-full flex-1\">\n<div class=\"relative flex min-h-0 w-full flex-1\">\n<div class=\"@container\/main relative flex min-w-0 flex-1 flex-col -translate-y-[calc(env(safe-area-inset-bottom,0px)\/2)] pt-[calc(env(safe-area-inset-bottom,0px)\/2)]\">\n<div class=\"@w-sm\/main:[scrollbar-gutter:var(--stage-scroll-gutter)] touch:[scrollbar-width:none] group\/scroll-root relative flex min-h-0 min-w-0 flex-1 flex-col [scrollbar-gutter:stable] not-print:overflow-x-clip not-print:overflow-y-auto group-data-stream-active\/scroll-root:[overflow-anchor:none] scroll-pt-(--header-height) [--sticky-padding-top:var(--header-height)] [--sticky-padding-bottom:0px] [--scroll-root-safe-area-inset-top:calc(var(--sticky-padding-top)+env(safe-area-inset-top,0px))] [--scroll-root-safe-area-inset-bottom:calc(var(--sticky-padding-bottom)+var(--screen-keyboard-height,0px)+env(safe-area-inset-bottom,0px))] [--scroll-root-safe-area-height:calc(100lvh-var(--scroll-root-safe-area-inset-top)-var(--scroll-root-safe-area-inset-bottom))] has-data-[fixed-header=less-than-xl]:@w-xl\/main:scroll-pt-0 has-data-[fixed-header=less-than-xl]:@w-xl\/main:[--sticky-padding-top:0px] has-data-[fixed-header=less-than-xxl]:@w-2xl\/main:scroll-pt-0 has-data-[fixed-header=less-than-xxl]:@w-2xl\/main:[--sticky-padding-top:0px]\" data-scroll-root=\"\" data-scroll-from-top=\"\">\n<div class=\"relative basis-auto flex-col -mb-(--composer-overlap-px) pb-(--composer-overlap-px) [--composer-overlap-px:28px] grow flex\">\n<div class=\"flex flex-col text-sm\">\n<section class=\"text-token-text-primary w-full focus:outline-none [--shadow-height:45px] has-data-writing-block:pointer-events-none has-data-writing-block:-mt-(--shadow-height) has-data-writing-block:pt-(--shadow-height) [&amp;:has([data-writing-block])&gt;*]:pointer-events-auto scroll-mt-[calc(var(--header-height)+min(200px,max(70px,20svh)))]\" dir=\"auto\" data-turn-id=\"request-WEB:cc509de0-714c-4653-ad32-6b5e125a8411-7\" data-testid=\"conversation-turn-10\" data-scroll-anchor=\"true\" data-turn=\"assistant\">\n<div class=\"text-base my-auto mx-auto pb-10 [--thread-content-margin:var(--thread-content-margin-xs,calc(var(--spacing)*4))] @w-sm\/main:[--thread-content-margin:var(--thread-content-margin-sm,calc(var(--spacing)*6))] @w-lg\/main:[--thread-content-margin:var(--thread-content-margin-lg,calc(var(--spacing)*16))] px-(--thread-content-margin)\">\n<div class=\"[--thread-content-max-width:40rem] @w-lg\/main:[--thread-content-max-width:48rem] mx-auto max-w-(--thread-content-max-width) flex-1 group\/turn-messages focus-visible:outline-hidden relative flex w-full min-w-0 flex-col agent-turn\">\n<div class=\"flex max-w-full flex-col gap-4 grow\">\n<div class=\"min-h-8 text-message relative flex w-full flex-col items-end gap-2 text-start break-words whitespace-normal outline-none keyboard-focused:focus-ring [.text-message+&amp;]:mt-1\" dir=\"auto\" tabindex=\"0\" data-message-author-role=\"assistant\" data-message-id=\"cfa6deea-8ce4-4542-9cf9-48a3b1cdbe9a\" data-message-model-slug=\"gpt-5-3\" data-turn-start-message=\"true\">\n<div class=\"flex w-full flex-col gap-1 empty:hidden\">\n<div class=\"markdown prose dark:prose-invert w-full wrap-break-word dark markdown-new-styling\">\n<div class=\"flex flex-col text-sm pb-25\">\n<section class=\"text-token-text-primary w-full focus:outline-none [--shadow-height:45px] has-data-writing-block:pointer-events-none has-data-writing-block:-mt-(--shadow-height) has-data-writing-block:pt-(--shadow-height) [&amp;:has([data-writing-block])&gt;*]:pointer-events-auto scroll-mt-[calc(var(--header-height)+min(200px,max(70px,20svh)))]\" dir=\"auto\" data-turn-id=\"request-69c2a6c3-14c8-8392-ab91-845727832df6-4\" data-testid=\"conversation-turn-40\" data-scroll-anchor=\"true\" data-turn=\"assistant\">\n<div class=\"text-base my-auto mx-auto pb-10 [--thread-content-margin:var(--thread-content-margin-xs,calc(var(--spacing)*4))] @w-sm\/main:[--thread-content-margin:var(--thread-content-margin-sm,calc(var(--spacing)*6))] @w-lg\/main:[--thread-content-margin:var(--thread-content-margin-lg,calc(var(--spacing)*16))] px-(--thread-content-margin)\">\n<div class=\"[--thread-content-max-width:40rem] @w-lg\/main:[--thread-content-max-width:48rem] mx-auto max-w-(--thread-content-max-width) flex-1 group\/turn-messages focus-visible:outline-hidden relative flex w-full min-w-0 flex-col agent-turn\">\n<div class=\"flex max-w-full flex-col gap-4 grow\">\n<div class=\"min-h-8 text-message relative flex w-full flex-col items-end gap-2 text-start break-words whitespace-normal outline-none keyboard-focused:focus-ring [.text-message+&amp;]:mt-1\" dir=\"auto\" tabindex=\"0\" data-message-author-role=\"assistant\" data-message-id=\"59380e2e-6df9-44e0-8276-a27663961a62\" data-message-model-slug=\"gpt-5-3\" data-turn-start-message=\"true\">\n<div class=\"flex w-full flex-col gap-1 empty:hidden\">\n<div class=\"markdown prose dark:prose-invert w-full wrap-break-word dark markdown-new-styling\">\n<section class=\"text-token-text-primary w-full focus:outline-none [--shadow-height:45px] has-data-writing-block:pointer-events-none has-data-writing-block:-mt-(--shadow-height) has-data-writing-block:pt-(--shadow-height) [&amp;:has([data-writing-block])&gt;*]:pointer-events-auto R6Vx5W_threadScrollVars scroll-mb-[calc(var(--scroll-root-safe-area-inset-bottom,0px)+var(--thread-response-height))] scroll-mt-(--header-height)\" dir=\"auto\" data-turn-id=\"a2cb1661-1453-464f-a8de-40a178c6d895\" data-testid=\"conversation-turn-1\" data-scroll-anchor=\"false\" data-turn=\"user\"><\/section>\n<section class=\"text-token-text-primary w-full focus:outline-none [--shadow-height:45px] has-data-writing-block:pointer-events-none has-data-writing-block:-mt-(--shadow-height) has-data-writing-block:pt-(--shadow-height) [&amp;:has([data-writing-block])&gt;*]:pointer-events-auto [content-visibility:auto] supports-[content-visibility:auto]:[contain-intrinsic-size:auto_100lvh] R6Vx5W_threadScrollVars scroll-mb-[calc(var(--scroll-root-safe-area-inset-bottom,0px)+var(--thread-response-height))] scroll-mt-[calc(var(--header-height)+min(200px,max(70px,20svh)))]\" dir=\"auto\" data-turn-id=\"request-WEB:176b9ba8-3f2b-431d-879f-1681a5545642-1\" data-testid=\"conversation-turn-2\" data-scroll-anchor=\"false\" data-turn=\"assistant\">\n<div class=\"text-base my-auto mx-auto pb-10 [--thread-content-margin:var(--thread-content-margin-xs,calc(var(--spacing)*4))] @w-sm\/main:[--thread-content-margin:var(--thread-content-margin-sm,calc(var(--spacing)*6))] @w-lg\/main:[--thread-content-margin:var(--thread-content-margin-lg,calc(var(--spacing)*16))] px-(--thread-content-margin)\">\n<div class=\"[--thread-content-max-width:40rem] @w-lg\/main:[--thread-content-max-width:48rem] mx-auto max-w-(--thread-content-max-width) flex-1 group\/turn-messages focus-visible:outline-hidden relative flex w-full min-w-0 flex-col agent-turn\">\n<div class=\"flex max-w-full flex-col gap-4 grow\">\n<div class=\"min-h-8 text-message relative flex w-full flex-col items-end gap-2 text-start break-words whitespace-normal outline-none keyboard-focused:focus-ring [.text-message+&amp;]:mt-1\" dir=\"auto\" tabindex=\"0\" data-message-author-role=\"assistant\" data-message-id=\"35903f6b-eedf-4e72-9a6d-0b8cd34b1111\" data-message-model-slug=\"gpt-5-3\" data-turn-start-message=\"true\">\n<div class=\"flex w-full flex-col gap-1 empty:hidden\">\n<div class=\"markdown prose dark:prose-invert w-full wrap-break-word dark markdown-new-styling\">\n<h2 data-section-id=\"qou5au\" data-start=\"0\" data-end=\"53\">\ud83d\udce6 Box but\u00f3w \u2013 18 par | Obuwie Premium Strefa Mody<\/h2>\n<h3 data-section-id=\"1n2pluu\" data-start=\"55\" data-end=\"114\">Gotowy mix obuwia premium do sprzeda\u017cy w wielu kana\u0142ach<\/h3>\n<p data-start=\"116\" data-end=\"398\">Box but\u00f3w \u2013 to produkt zaprojektowany pod realn\u0105 sprzeda\u017c, umo\u017cliwiaj\u0105cy szybkie wprowadzenie do oferty <strong data-start=\"227\" data-end=\"245\">obuwia premium<\/strong> bez potrzeby selekcji pojedynczych modeli. Zestaw oparty jest na mixie marek i fason\u00f3w w gatunku A, co oznacza nowy towar gotowy do dalszej odsprzeda\u017cy.<\/p>\n<p data-start=\"400\" data-end=\"640\">Oferta zosta\u0142a przygotowana z my\u015bl\u0105 o efektywnym wykorzystaniu w e-commerce, marketplace oraz sprzeda\u017cy stacjonarnej. Zr\u00f3\u017cnicowanie modeli oraz sezonowy mix zwi\u0119kszaj\u0105 potencja\u0142 sprzeda\u017cowy i pozwalaj\u0105 dotrze\u0107 do r\u00f3\u017cnych segment\u00f3w klient\u00f3w.<\/p>\n<h3 data-section-id=\"16ueo1i\" data-start=\"647\" data-end=\"675\">\ud83d\udcca Specyfikacja produktu<\/h3>\n<ul data-start=\"677\" data-end=\"903\">\n<li data-section-id=\"1gkufo5\" data-start=\"677\" data-end=\"712\"><strong data-start=\"679\" data-end=\"691\">Produkt:<\/strong> Box but\u00f3w \u2013 18 par<\/li>\n<li data-section-id=\"13fh6tf\" data-start=\"713\" data-end=\"750\"><strong data-start=\"715\" data-end=\"729\">Kategoria:<\/strong> Obuwie \u2b50 PREMIUM \u2b50<\/li>\n<li data-section-id=\"1aohbba\" data-start=\"751\" data-end=\"776\"><strong data-start=\"753\" data-end=\"765\">Gatunek:<\/strong> A (nowe)<\/li>\n<li data-section-id=\"v5wchl\" data-start=\"777\" data-end=\"811\"><strong data-start=\"779\" data-end=\"790\">Rodzaj:<\/strong> Mix marek i modeli<\/li>\n<li data-section-id=\"16g546b\" data-start=\"812\" data-end=\"830\"><strong data-start=\"814\" data-end=\"824\">Sezon:<\/strong> Mix<\/li>\n<li data-section-id=\"wip2j5\" data-start=\"831\" data-end=\"866\"><strong data-start=\"833\" data-end=\"857\">Jednostka sprzeda\u017cy:<\/strong> sztuki<\/li>\n<li data-section-id=\"eyt5b7\" data-start=\"867\" data-end=\"903\"><strong data-start=\"869\" data-end=\"894\">Minimalne zam\u00f3wienie:<\/strong> 18 par<\/li>\n<li><strong data-start=\"941\" data-end=\"950\">Cena:<\/strong> 142 z\u0142 netto \/ para<\/li>\n<\/ul>\n<h3 data-section-id=\"10pnm1\" data-start=\"910\" data-end=\"952\">\ud83d\udcb0 Strategia sprzeda\u017cy oparta na mixie<\/h3>\n<p data-start=\"954\" data-end=\"1126\">Box but\u00f3w \u2013 wykorzystuje model sprzeda\u017cy oparty na r\u00f3\u017cnorodno\u015bci. Mix modeli pozwala zwi\u0119kszy\u0107 skuteczno\u015b\u0107 oferty bez konieczno\u015bci inwestowania w jeden typ produktu.<\/p>\n<p data-start=\"1128\" data-end=\"1151\"><strong data-start=\"1128\" data-end=\"1151\">Korzy\u015bci biznesowe:<\/strong><\/p>\n<ul data-start=\"1153\" data-end=\"1355\">\n<li data-section-id=\"fu3wkw\" data-start=\"1153\" data-end=\"1189\">wi\u0119ksza elastyczno\u015b\u0107 sprzeda\u017cowa<\/li>\n<li data-section-id=\"18lc0cx\" data-start=\"1190\" data-end=\"1224\">lepsze dopasowanie do klient\u00f3w<\/li>\n<li data-section-id=\"49gl1z\" data-start=\"1225\" data-end=\"1261\">redukcja ryzyka zalegania towaru<\/li>\n<li data-section-id=\"ma3245\" data-start=\"1262\" data-end=\"1309\">mo\u017cliwo\u015b\u0107 testowania r\u00f3\u017cnych grup odbiorc\u00f3w<\/li>\n<li data-section-id=\"1gkk3g7\" data-start=\"1310\" data-end=\"1355\">stabilniejsza sprzeda\u017c w d\u0142u\u017cszym okresie<\/li>\n<\/ul>\n<p data-start=\"1357\" data-end=\"1438\">Segment premium umo\u017cliwia budowanie wy\u017cszej warto\u015bci koszyka i zwi\u0119kszenie mar\u017cy.<\/p>\n<h3 data-section-id=\"i7d1qa\" data-start=\"1445\" data-end=\"1481\">\u26a1 Szybkie wdro\u017cenie do sprzeda\u017cy<\/h3>\n<p data-start=\"1483\" data-end=\"1628\">Produkt jest gotowy do natychmiastowego wykorzystania. Po zakupie boxa mo\u017cna od razu rozpocz\u0105\u0107 sprzeda\u017c bez dodatkowych dzia\u0142a\u0144 przygotowawczych.<\/p>\n<p data-start=\"1630\" data-end=\"1791\">To rozwi\u0105zanie eliminuje czas potrzebny na wyb\u00f3r i kompletowanie produkt\u00f3w. Dzi\u0119ki temu sprzedawca mo\u017ce skupi\u0107 si\u0119 na sprzeda\u017cy, promocji i optymalizacji oferty.<\/p>\n<h3 data-section-id=\"5lq9w7\" data-start=\"1798\" data-end=\"1841\">\ud83d\udecd Zawarto\u015b\u0107 boxa \u2013 r\u00f3\u017cnorodno\u015b\u0107 modeli<\/h3>\n<p data-start=\"1843\" data-end=\"2003\">Ka\u017cdy box zawiera mix obuwia, kt\u00f3ry zmienia si\u0119 w zale\u017cno\u015bci od dostawy. Brak powtarzalno\u015bci zwi\u0119ksza atrakcyjno\u015b\u0107 oferty i daje wi\u0119ksze mo\u017cliwo\u015bci sprzeda\u017cowe.<\/p>\n<p data-start=\"2005\" data-end=\"2035\">W zestawie mog\u0105 znajdowa\u0107 si\u0119:<\/p>\n<ul data-start=\"2037\" data-end=\"2121\">\n<li data-section-id=\"1e7z9w0\" data-start=\"2037\" data-end=\"2057\">obuwie codzienne<\/li>\n<li data-section-id=\"g0zcxe\" data-start=\"2058\" data-end=\"2077\">modele sezonowe<\/li>\n<li data-section-id=\"1g6zdnw\" data-start=\"2078\" data-end=\"2102\">r\u00f3\u017cne style i fasony<\/li>\n<li data-section-id=\"r3wz1z\" data-start=\"2103\" data-end=\"2121\">r\u00f3\u017cne rozmiary<\/li>\n<\/ul>\n<p data-start=\"2123\" data-end=\"2275\">Prezentowane modele maj\u0105 charakter pogl\u0105dowy. Faktyczna zawarto\u015b\u0107 mo\u017ce si\u0119 r\u00f3\u017cni\u0107, co pozwala budowa\u0107 unikaln\u0105 ofert\u0119 i wyr\u00f3\u017cni\u0107 si\u0119 na tle konkurencji.<\/p>\n<h3 data-section-id=\"15td330\" data-start=\"2282\" data-end=\"2325\">\ud83d\udcc8 Zastosowanie w praktyce sprzeda\u017cowej<\/h3>\n<p data-start=\"2327\" data-end=\"2489\">Box but\u00f3w \u2013 jest rozwi\u0105zaniem uniwersalnym, kt\u00f3re sprawdza si\u0119 w r\u00f3\u017cnych modelach biznesowych. Mix modeli umo\u017cliwia sprzeda\u017c w wielu kana\u0142ach jednocze\u015bnie.<\/p>\n<p data-start=\"2491\" data-end=\"2515\"><strong data-start=\"2491\" data-end=\"2515\">G\u0142\u00f3wne zastosowania:<\/strong><\/p>\n<ul data-start=\"2517\" data-end=\"2669\">\n<li data-section-id=\"1t38xga\" data-start=\"2517\" data-end=\"2556\">sprzeda\u017c na platformach marketplace (<a style=\"font-family: -apple-system, BlinkMacSystemFont, &#039;Segoe UI&#039;, Roboto, &#039;Helvetica Neue&#039;, Arial, &#039;Noto Sans&#039;, sans-serif, &#039;Apple Color Emoji&#039;, &#039;Segoe UI Emoji&#039;, &#039;Segoe UI Symbol&#039;, &#039;Noto Color Emoji&#039;; font-size: 16px;\" href=\"https:\/\/allegro.pl\/\" target=\"_blank\" rel=\"noopener\">Allegro<\/a>, <a style=\"font-family: -apple-system, BlinkMacSystemFont, &#039;Segoe UI&#039;, Roboto, &#039;Helvetica Neue&#039;, Arial, &#039;Noto Sans&#039;, sans-serif, &#039;Apple Color Emoji&#039;, &#039;Segoe UI Emoji&#039;, &#039;Segoe UI Symbol&#039;, &#039;Noto Color Emoji&#039;; font-size: 16px;\" href=\"https:\/\/www.olx.pl\/\" target=\"_blank\" rel=\"noopener\">OLX<\/a>, <a style=\"font-family: -apple-system, BlinkMacSystemFont, &#039;Segoe UI&#039;, Roboto, &#039;Helvetica Neue&#039;, Arial, &#039;Noto Sans&#039;, sans-serif, &#039;Apple Color Emoji&#039;, &#039;Segoe UI Emoji&#039;, &#039;Segoe UI Symbol&#039;, &#039;Noto Color Emoji&#039;; font-size: 16px;\" href=\"https:\/\/www.ebay.com\/\" target=\"_blank\" rel=\"noopener\">eBay<\/a>, <a style=\"font-family: -apple-system, BlinkMacSystemFont, &#039;Segoe UI&#039;, Roboto, &#039;Helvetica Neue&#039;, Arial, &#039;Noto Sans&#039;, sans-serif, &#039;Apple Color Emoji&#039;, &#039;Segoe UI Emoji&#039;, &#039;Segoe UI Symbol&#039;, &#039;Noto Color Emoji&#039;; font-size: 16px;\" href=\"https:\/\/www.amazon.com\/\" target=\"_blank\" rel=\"noopener\">Amazon<\/a>)<\/li>\n<li data-section-id=\"1fmpn86\" data-start=\"2557\" data-end=\"2579\">sklepy internetowe<\/li>\n<li data-section-id=\"13wbqgd\" data-start=\"2580\" data-end=\"2604\">sprzeda\u017c stacjonarna<\/li>\n<li data-section-id=\"4mfzoe\" data-start=\"2605\" data-end=\"2631\">dzia\u0142alno\u015b\u0107 reseller\u00f3w<\/li>\n<li data-section-id=\"1s9s94o\" data-start=\"2632\" data-end=\"2669\">rozpocz\u0119cie sprzeda\u017cy detalicznej<\/li>\n<\/ul>\n<p data-start=\"2671\" data-end=\"2776\">R\u00f3wnoleg\u0142e wykorzystanie kilku kana\u0142\u00f3w sprzeda\u017cy zwi\u0119ksza widoczno\u015b\u0107 oferty i przyspiesza rotacj\u0119 towaru.<\/p>\n<h3 data-section-id=\"qh57pf\" data-start=\"2783\" data-end=\"2819\">\u26a1 Optymalizacja wej\u015bcia na rynek<\/h3>\n<p data-start=\"2821\" data-end=\"3025\">Decyduj\u0105c si\u0119 na box but\u00f3w, skracasz czas potrzebny na rozpocz\u0119cie sprzeda\u017cy. Gotowy mix pozwala natychmiast przetestowa\u0107 r\u00f3\u017cne segmenty rynku bez konieczno\u015bci inwestowania w pojedyncze produkty.<\/p>\n<p data-start=\"3027\" data-end=\"3133\">To podej\u015bcie pozwala ograniczy\u0107 ryzyko oraz zwi\u0119kszy\u0107 efektywno\u015b\u0107 dzia\u0142a\u0144 sprzeda\u017cowych od pierwszych dni.<\/p>\n<h3 data-section-id=\"111su16\" data-start=\"3140\" data-end=\"3166\">\ud83d\ude9a Logistyka i dostawa<\/h3>\n<p data-start=\"3168\" data-end=\"3298\">Towar dostarczany jest na terenie Polski oraz za granic\u0119. Koszt transportu nie jest wliczony w cen\u0119 i ustalany jest indywidualnie.<\/p>\n<ul data-start=\"3300\" data-end=\"3431\">\n<li data-section-id=\"1xvp6fn\" data-start=\"3300\" data-end=\"3336\">wysy\u0142ka krajowa i mi\u0119dzynarodowa<\/li>\n<li data-section-id=\"1ijslrm\" data-start=\"3337\" data-end=\"3367\">mo\u017cliwo\u015b\u0107 eksportu poza UE<\/li>\n<li data-section-id=\"mkmwbf\" data-start=\"3368\" data-end=\"3399\">indywidualna wycena dostawy<\/li>\n<li data-section-id=\"1w7s4ii\" data-start=\"3400\" data-end=\"3431\">sprawna realizacja zam\u00f3wie\u0144<\/li>\n<\/ul>\n<p data-start=\"3433\" data-end=\"3515\">Elastyczna logistyka umo\u017cliwia dopasowanie warunk\u00f3w do skali dzia\u0142alno\u015bci klienta.<\/p>\n<h3 data-section-id=\"1epoq77\" data-start=\"3522\" data-end=\"3547\">\ud83c\udfa5 Materia\u0142y z dostaw<\/h3>\n<p data-start=\"3549\" data-end=\"3687\">Dla klient\u00f3w dost\u0119pna jest mo\u017cliwo\u015b\u0107 otrzymania materia\u0142\u00f3w z ostatnich dostaw. Pozwala to na ocen\u0119 jako\u015bci i struktury mixu przed zakupem.<\/p>\n<ul data-start=\"3689\" data-end=\"3774\">\n<li data-section-id=\"1ahf2wf\" data-start=\"3689\" data-end=\"3724\">zdj\u0119cia rzeczywistych produkt\u00f3w<\/li>\n<li data-section-id=\"1d1dzph\" data-start=\"3725\" data-end=\"3743\">nagrania wideo<\/li>\n<li data-section-id=\"1w9ri0h\" data-start=\"3744\" data-end=\"3774\">realny podgl\u0105d asortymentu<\/li>\n<\/ul>\n<p data-start=\"3776\" data-end=\"3850\">To rozwi\u0105zanie zwi\u0119ksza przejrzysto\u015b\u0107 i wspiera \u015bwiadome decyzje zakupowe.<\/p>\n<h3 data-section-id=\"1l2nz0f\" data-start=\"3857\" data-end=\"3886\">\u26a0\ufe0f Informacje sprzeda\u017cowe<\/h3>\n<ul data-start=\"3888\" data-end=\"4059\">\n<li data-section-id=\"y27cgk\" data-start=\"3888\" data-end=\"3926\">modele prezentowane s\u0105 przyk\u0142adowe<\/li>\n<li data-section-id=\"1d1toho\" data-start=\"3927\" data-end=\"3959\">sk\u0142ad boxa zale\u017cy od dostawy<\/li>\n<li data-section-id=\"1ewf4dp\" data-start=\"3960\" data-end=\"3993\">oferta obejmuje mix produkt\u00f3w<\/li>\n<li data-section-id=\"19ov0rw\" data-start=\"3994\" data-end=\"4032\">minimalne zam\u00f3wienie wynosi 18 par<\/li>\n<li data-section-id=\"2kc65o\" data-start=\"4033\" data-end=\"4059\">ceny podawane s\u0105 netto<\/li>\n<\/ul>\n<h3 data-section-id=\"1cyjstw\" data-start=\"4066\" data-end=\"4093\">\ud83d\udcde Zam\u00f3wienia i kontakt<\/h3>\n<p data-start=\"4095\" data-end=\"4229\">W celu uzyskania aktualnych informacji o dost\u0119pno\u015bci oraz szczeg\u00f3\u0142owych warunk\u00f3w zam\u00f3wienia zalecany jest kontakt z dzia\u0142em handlowym.<\/p>\n<p data-start=\"4231\" data-end=\"4302\">Zam\u00f3wienia realizowane s\u0105 na bie\u017c\u0105co, zgodnie z dost\u0119pno\u015bci\u0105 produkt\u00f3w.<\/p>\n<h3 data-section-id=\"tf0oic\" data-start=\"4309\" data-end=\"4362\">\ud83d\udd11 Podsumowanie \u2013 sprzeda\u017c oparta na efektywno\u015bci<\/h3>\n<p data-start=\"4364\" data-end=\"4567\">Box but\u00f3w to narz\u0119dzie sprzeda\u017cowe stworzone z my\u015bl\u0105 o efektywno\u015bci. \u0141\u0105czy nowy towar w gatunku A, r\u00f3\u017cnorodno\u015b\u0107 modeli oraz segment premium, co umo\u017cliwia budowanie stabilnej i dochodowej oferty.<\/p>\n<p data-start=\"4569\" data-end=\"4685\">To rozwi\u0105zanie pozwala dzia\u0142a\u0107 szybciej, ogranicza\u0107 koszty operacyjne i zwi\u0119ksza\u0107 sprzeda\u017c bez zb\u0119dnych komplikacji.<\/p>\n<h3 data-section-id=\"hiqry4\" data-start=\"4867\" data-end=\"4889\">\ud83d\udd17 Rozszerz ofert\u0119<\/h3>\n<p data-start=\"4891\" data-end=\"5053\" data-is-last-node=\"\" data-is-only-node=\"\">Zobacz r\u00f3wnie\u017c inne kategorie w <strong><a href=\"https:\/\/stockify24.pl\/kategoria-produktu\/strefa-mody\/\">Strefie Mody<\/a><\/strong> oraz dost\u0119pne boxy i palety produktowe.<br data-start=\"4975\" data-end=\"4978\" \/>Aktualne informacje i wskaz\u00f3wki sprzeda\u017cowe znajdziesz <a href=\"https:\/\/stockify24.pl\/blog-stockify24-pl\/\"><strong>na blogu Stockify24<\/strong><\/a>.<\/p>\n<\/div>\n<\/div>\n<\/div>\n<\/div>\n<\/div>\n<\/div>\n<\/section>\n<\/div>\n<\/div>\n<\/div>\n<\/div>\n<\/div>\n<\/div>\n<\/section>\n<\/div>\n<\/div>\n<\/div>\n<\/div>\n<\/div>\n<\/div>\n<\/div>\n<\/section>\n<\/div>\n<\/div>\n<\/div>\n<\/div>\n<\/div>\n<\/div>\n<\/div>\n<\/div>\n<\/div>\n<\/div>\n<\/div>\n<\/div>\n<\/div>\n<\/section>\n<\/div>\n","protected":false},"excerpt":{"rendered":"<p class=\"p1\">\u26a1 Towar ma charakter mixu<\/p>\n<p class=\"p1\">\ud83d\udd25 Amazon Returns<\/p>\n<p class=\"p1\" style=\"text-align: left;\">\u2714\ufe0f Jako\u015b\u0107 <strong>A<\/strong><\/p>","protected":false},"featured_media":51520,"comment_status":"open","ping_status":"closed","template":"","meta":{"_acf_changed":false},"product_brand":[],"product_cat":[1316],"product_tag":[1321,1320],"class_list":{"0":"post-51519","1":"product","2":"type-product","3":"status-publish","4":"has-post-thumbnail","6":"product_cat-obuwie","7":"product_tag-amazon-returns","8":"product_tag-obuwie-premium","10":"first","11":"instock","12":"sold-individually","13":"taxable","14":"shipping-taxable","15":"purchasable","16":"product-type-simple"},"acf":[],"_links":{"self":[{"href":"https:\/\/stockify24.pl\/es\/wp-json\/wp\/v2\/product\/51519","targetHints":{"allow":["GET"]}}],"collection":[{"href":"https:\/\/stockify24.pl\/es\/wp-json\/wp\/v2\/product"}],"about":[{"href":"https:\/\/stockify24.pl\/es\/wp-json\/wp\/v2\/types\/product"}],"replies":[{"embeddable":true,"href":"https:\/\/stockify24.pl\/es\/wp-json\/wp\/v2\/comments?post=51519"}],"wp:featuredmedia":[{"embeddable":true,"href":"https:\/\/stockify24.pl\/es\/wp-json\/wp\/v2\/media\/51520"}],"wp:attachment":[{"href":"https:\/\/stockify24.pl\/es\/wp-json\/wp\/v2\/media?parent=51519"}],"wp:term":[{"taxonomy":"product_brand","embeddable":true,"href":"https:\/\/stockify24.pl\/es\/wp-json\/wp\/v2\/product_brand?post=51519"},{"taxonomy":"product_cat","embeddable":true,"href":"https:\/\/stockify24.pl\/es\/wp-json\/wp\/v2\/product_cat?post=51519"},{"taxonomy":"product_tag","embeddable":true,"href":"https:\/\/stockify24.pl\/es\/wp-json\/wp\/v2\/product_tag?post=51519"}],"curies":[{"name":"wp","href":"https:\/\/api.w.org\/{rel}","templated":true}]}}