{"id":51853,"date":"2026-04-24T12:55:50","date_gmt":"2026-04-24T11:55:50","guid":{"rendered":"https:\/\/stockify24.pl\/?post_type=product&#038;p=51853"},"modified":"2026-04-24T13:00:20","modified_gmt":"2026-04-24T12:00:20","slug":"box-odziezy-20-kg-odziez-premium-5","status":"publish","type":"product","link":"https:\/\/stockify24.pl\/es\/producto\/box-odziezy-20-kg-odziez-premium-5\/","title":{"rendered":"Box odzie\u017cy \u2013 20 kg | Odzie\u017c Premium |#5"},"content":{"rendered":"<div class=\"flex flex-col text-sm pb-25\">\n<section class=\"text-token-text-primary w-full focus:outline-none [--shadow-height:45px] has-data-writing-block:pointer-events-none has-data-writing-block:-mt-(--shadow-height) has-data-writing-block:pt-(--shadow-height) [&amp;:has([data-writing-block])&gt;*]:pointer-events-auto scroll-mt-[calc(var(--header-height)+min(200px,max(70px,20svh)))]\" dir=\"auto\" data-turn-id=\"request-69b8245d-0030-838e-b654-ccb872ba6f51-25\" data-testid=\"conversation-turn-200\" data-scroll-anchor=\"true\" data-turn=\"assistant\">\n<div class=\"text-base my-auto mx-auto pb-10 [--thread-content-margin:var(--thread-content-margin-xs,calc(var(--spacing)*4))] @w-sm\/main:[--thread-content-margin:var(--thread-content-margin-sm,calc(var(--spacing)*6))] @w-lg\/main:[--thread-content-margin:var(--thread-content-margin-lg,calc(var(--spacing)*16))] px-(--thread-content-margin)\">\n<div class=\"[--thread-content-max-width:40rem] @w-lg\/main:[--thread-content-max-width:48rem] mx-auto max-w-(--thread-content-max-width) flex-1 group\/turn-messages focus-visible:outline-hidden relative flex w-full min-w-0 flex-col agent-turn\">\n<div class=\"flex max-w-full flex-col gap-4 grow\">\n<div class=\"min-h-8 text-message relative flex w-full flex-col items-end gap-2 text-start break-words whitespace-normal outline-none keyboard-focused:focus-ring [.text-message+&amp;]:mt-1\" dir=\"auto\" tabindex=\"0\" data-message-author-role=\"assistant\" data-message-id=\"ed8abcdd-be0d-4615-88f1-9a47a52c2d16\" data-message-model-slug=\"gpt-5-3\" data-turn-start-message=\"true\">\n<div class=\"flex w-full flex-col gap-1 empty:hidden\">\n<div class=\"markdown prose dark:prose-invert w-full wrap-break-word dark markdown-new-styling\">\n<div class=\"flex h-svh w-screen flex-col\">\n<div class=\"relative z-0 flex min-h-0 w-full flex-1\">\n<div class=\"relative flex min-h-0 w-full flex-1\">\n<div class=\"@container\/main relative flex min-w-0 flex-1 flex-col -translate-y-[calc(env(safe-area-inset-bottom,0px)\/2)] pt-[calc(env(safe-area-inset-bottom,0px)\/2)]\">\n<div class=\"@w-sm\/main:[scrollbar-gutter:var(--stage-scroll-gutter)] touch:[scrollbar-width:none] group\/scroll-root relative flex min-h-0 min-w-0 flex-1 flex-col [scrollbar-gutter:stable] not-print:overflow-x-clip not-print:overflow-y-auto group-data-stream-active\/scroll-root:[overflow-anchor:none] scroll-pt-(--header-height) [--sticky-padding-top:var(--header-height)] [--sticky-padding-bottom:0px] [--scroll-root-safe-area-inset-top:calc(var(--sticky-padding-top)+env(safe-area-inset-top,0px))] [--scroll-root-safe-area-inset-bottom:calc(var(--sticky-padding-bottom)+var(--screen-keyboard-height,0px)+env(safe-area-inset-bottom,0px))] [--scroll-root-safe-area-height:calc(100lvh-var(--scroll-root-safe-area-inset-top)-var(--scroll-root-safe-area-inset-bottom))] has-data-[fixed-header=less-than-xl]:@w-xl\/main:scroll-pt-0 has-data-[fixed-header=less-than-xl]:@w-xl\/main:[--sticky-padding-top:0px] has-data-[fixed-header=less-than-xxl]:@w-2xl\/main:scroll-pt-0 has-data-[fixed-header=less-than-xxl]:@w-2xl\/main:[--sticky-padding-top:0px]\" data-scroll-root=\"\" data-scroll-from-top=\"\">\n<div class=\"relative basis-auto flex-col -mb-(--composer-overlap-px) pb-(--composer-overlap-px) [--composer-overlap-px:28px] grow flex\">\n<div class=\"flex flex-col text-sm\">\n<section class=\"text-token-text-primary w-full focus:outline-none [--shadow-height:45px] has-data-writing-block:pointer-events-none has-data-writing-block:-mt-(--shadow-height) has-data-writing-block:pt-(--shadow-height) [&amp;:has([data-writing-block])&gt;*]:pointer-events-auto scroll-mt-[calc(var(--header-height)+min(200px,max(70px,20svh)))]\" dir=\"auto\" data-turn-id=\"request-WEB:cc509de0-714c-4653-ad32-6b5e125a8411-7\" data-testid=\"conversation-turn-10\" data-scroll-anchor=\"true\" data-turn=\"assistant\">\n<div class=\"text-base my-auto mx-auto pb-10 [--thread-content-margin:var(--thread-content-margin-xs,calc(var(--spacing)*4))] @w-sm\/main:[--thread-content-margin:var(--thread-content-margin-sm,calc(var(--spacing)*6))] @w-lg\/main:[--thread-content-margin:var(--thread-content-margin-lg,calc(var(--spacing)*16))] px-(--thread-content-margin)\">\n<div class=\"[--thread-content-max-width:40rem] @w-lg\/main:[--thread-content-max-width:48rem] mx-auto max-w-(--thread-content-max-width) flex-1 group\/turn-messages focus-visible:outline-hidden relative flex w-full min-w-0 flex-col agent-turn\">\n<div class=\"flex max-w-full flex-col gap-4 grow\">\n<div class=\"min-h-8 text-message relative flex w-full flex-col items-end gap-2 text-start break-words whitespace-normal outline-none keyboard-focused:focus-ring [.text-message+&amp;]:mt-1\" dir=\"auto\" tabindex=\"0\" data-message-author-role=\"assistant\" data-message-id=\"cfa6deea-8ce4-4542-9cf9-48a3b1cdbe9a\" data-message-model-slug=\"gpt-5-3\" data-turn-start-message=\"true\">\n<div class=\"flex w-full flex-col gap-1 empty:hidden\">\n<div class=\"markdown prose dark:prose-invert w-full wrap-break-word dark markdown-new-styling\">\n<div class=\"flex flex-col text-sm pb-25\">\n<section class=\"text-token-text-primary w-full focus:outline-none [--shadow-height:45px] has-data-writing-block:pointer-events-none has-data-writing-block:-mt-(--shadow-height) has-data-writing-block:pt-(--shadow-height) [&amp;:has([data-writing-block])&gt;*]:pointer-events-auto scroll-mt-[calc(var(--header-height)+min(200px,max(70px,20svh)))]\" dir=\"auto\" data-turn-id=\"request-69c2a6c3-14c8-8392-ab91-845727832df6-4\" data-testid=\"conversation-turn-40\" data-scroll-anchor=\"true\" data-turn=\"assistant\">\n<div class=\"text-base my-auto mx-auto pb-10 [--thread-content-margin:var(--thread-content-margin-xs,calc(var(--spacing)*4))] @w-sm\/main:[--thread-content-margin:var(--thread-content-margin-sm,calc(var(--spacing)*6))] @w-lg\/main:[--thread-content-margin:var(--thread-content-margin-lg,calc(var(--spacing)*16))] px-(--thread-content-margin)\">\n<div class=\"[--thread-content-max-width:40rem] @w-lg\/main:[--thread-content-max-width:48rem] mx-auto max-w-(--thread-content-max-width) flex-1 group\/turn-messages focus-visible:outline-hidden relative flex w-full min-w-0 flex-col agent-turn\">\n<div class=\"flex max-w-full flex-col gap-4 grow\">\n<div class=\"min-h-8 text-message relative flex w-full flex-col items-end gap-2 text-start break-words whitespace-normal outline-none keyboard-focused:focus-ring [.text-message+&amp;]:mt-1\" dir=\"auto\" tabindex=\"0\" data-message-author-role=\"assistant\" data-message-id=\"59380e2e-6df9-44e0-8276-a27663961a62\" data-message-model-slug=\"gpt-5-3\" data-turn-start-message=\"true\">\n<div class=\"flex w-full flex-col gap-1 empty:hidden\">\n<div class=\"markdown prose dark:prose-invert w-full wrap-break-word dark markdown-new-styling\">\n<section class=\"text-token-text-primary w-full focus:outline-none [--shadow-height:45px] has-data-writing-block:pointer-events-none has-data-writing-block:-mt-(--shadow-height) has-data-writing-block:pt-(--shadow-height) [&amp;:has([data-writing-block])&gt;*]:pointer-events-auto R6Vx5W_threadScrollVars scroll-mb-[calc(var(--scroll-root-safe-area-inset-bottom,0px)+var(--thread-response-height))] scroll-mt-(--header-height)\" dir=\"auto\" data-turn-id=\"a2cb1661-1453-464f-a8de-40a178c6d895\" data-testid=\"conversation-turn-1\" data-scroll-anchor=\"false\" data-turn=\"user\"><\/section>\n<section class=\"text-token-text-primary w-full focus:outline-none [--shadow-height:45px] has-data-writing-block:pointer-events-none has-data-writing-block:-mt-(--shadow-height) has-data-writing-block:pt-(--shadow-height) [&amp;:has([data-writing-block])&gt;*]:pointer-events-auto [content-visibility:auto] supports-[content-visibility:auto]:[contain-intrinsic-size:auto_100lvh] R6Vx5W_threadScrollVars scroll-mb-[calc(var(--scroll-root-safe-area-inset-bottom,0px)+var(--thread-response-height))] scroll-mt-[calc(var(--header-height)+min(200px,max(70px,20svh)))]\" dir=\"auto\" data-turn-id=\"request-WEB:176b9ba8-3f2b-431d-879f-1681a5545642-1\" data-testid=\"conversation-turn-2\" data-scroll-anchor=\"false\" data-turn=\"assistant\">\n<div class=\"text-base my-auto mx-auto pb-10 [--thread-content-margin:var(--thread-content-margin-xs,calc(var(--spacing)*4))] @w-sm\/main:[--thread-content-margin:var(--thread-content-margin-sm,calc(var(--spacing)*6))] @w-lg\/main:[--thread-content-margin:var(--thread-content-margin-lg,calc(var(--spacing)*16))] px-(--thread-content-margin)\">\n<div class=\"[--thread-content-max-width:40rem] @w-lg\/main:[--thread-content-max-width:48rem] mx-auto max-w-(--thread-content-max-width) flex-1 group\/turn-messages focus-visible:outline-hidden relative flex w-full min-w-0 flex-col agent-turn\">\n<div class=\"flex max-w-full flex-col gap-4 grow\">\n<div class=\"min-h-8 text-message relative flex w-full flex-col items-end gap-2 text-start break-words whitespace-normal outline-none keyboard-focused:focus-ring [.text-message+&amp;]:mt-1\" dir=\"auto\" tabindex=\"0\" data-message-author-role=\"assistant\" data-message-id=\"35903f6b-eedf-4e72-9a6d-0b8cd34b1111\" data-message-model-slug=\"gpt-5-3\" data-turn-start-message=\"true\">\n<div class=\"flex w-full flex-col gap-1 empty:hidden\">\n<div class=\"markdown prose dark:prose-invert w-full wrap-break-word dark markdown-new-styling\">\n<h2 data-section-id=\"b1pkv4\" data-start=\"0\" data-end=\"54\">\ud83d\udce6 Box odzie\u017cy \u2013 20 kg | Odzie\u017c Premium Strefa Mody<\/h2>\n<h3 data-section-id=\"x0jx58\" data-start=\"56\" data-end=\"111\">Hurtowy mix odzie\u017cy premium do skalowania sprzeda\u017cy<\/h3>\n<p data-start=\"113\" data-end=\"378\">Box odzie\u017cy \u2013 20 kg to rozwi\u0105zanie dla sprzedawc\u00f3w, kt\u00f3rzy chc\u0105 szybko rozszerzy\u0107 ofert\u0119 o <strong data-start=\"204\" data-end=\"222\">odzie\u017c premium<\/strong> bez konieczno\u015bci selekcji pojedynczych produkt\u00f3w. Zestaw oparty jest na mixie marek w gatunku A, co oznacza nowy towar przeznaczony do dalszej odsprzeda\u017cy.<\/p>\n<p data-start=\"380\" data-end=\"605\">Oferta zosta\u0142a zaprojektowana z my\u015bl\u0105 o realnych wynikach sprzeda\u017cowych. Zr\u00f3\u017cnicowanie modeli oraz sezonowy mix zwi\u0119kszaj\u0105 dopasowanie do klient\u00f3w ko\u0144cowych, co bezpo\u015brednio wp\u0142ywa na rotacj\u0119 towaru oraz stabilno\u015b\u0107 sprzeda\u017cy.<\/p>\n<h3 data-section-id=\"yqzjci\" data-start=\"612\" data-end=\"637\">\ud83d\udcca Parametry produktu<\/h3>\n<ul data-start=\"639\" data-end=\"908\">\n<li data-section-id=\"1wwlu5d\" data-start=\"639\" data-end=\"675\"><strong data-start=\"641\" data-end=\"653\">Produkt:<\/strong> Box odzie\u017cy \u2013 20 kg<\/li>\n<li data-section-id=\"j72uch\" data-start=\"676\" data-end=\"713\"><strong data-start=\"678\" data-end=\"692\">Kategoria:<\/strong> Odzie\u017c \u2b50 PREMIUM \u2b50<\/li>\n<li data-section-id=\"1aohbba\" data-start=\"714\" data-end=\"739\"><strong data-start=\"716\" data-end=\"728\">Gatunek:<\/strong> A (nowe)<\/li>\n<li data-section-id=\"vbrbk6\" data-start=\"740\" data-end=\"759\"><strong data-start=\"742\" data-end=\"753\">Rodzaj:<\/strong> Mix<\/li>\n<li data-section-id=\"16g546b\" data-start=\"760\" data-end=\"778\"><strong data-start=\"762\" data-end=\"772\">Sezon:<\/strong> Mix<\/li>\n<li data-section-id=\"109fipm\" data-start=\"779\" data-end=\"808\"><strong data-start=\"781\" data-end=\"795\">Producent:<\/strong> MIX TO PRM<\/li>\n<li data-section-id=\"f04gtz\" data-start=\"809\" data-end=\"840\"><strong data-start=\"811\" data-end=\"835\">Jednostka sprzeda\u017cy:<\/strong> kg<\/li>\n<li data-section-id=\"1i7xpew\" data-start=\"841\" data-end=\"876\"><strong data-start=\"843\" data-end=\"868\">Minimalne zam\u00f3wienie:<\/strong> 20 kg<\/li>\n<li data-section-id=\"c6iziz\" data-start=\"877\" data-end=\"908\"><strong data-start=\"879\" data-end=\"888\">Cena:<\/strong> 197 z\u0142 netto \/ kg<\/li>\n<\/ul>\n<h3 data-section-id=\"tt95mz\" data-start=\"915\" data-end=\"971\">\ud83d\udcb0 Odzie\u017c premium \u2013 stabilna sprzeda\u017c i wy\u017csza mar\u017ca<\/h3>\n<p data-start=\"973\" data-end=\"1170\">Box odzie\u017cy obejmuje produkty z segmentu premium, kt\u00f3re wyr\u00f3\u017cniaj\u0105 si\u0119 jako\u015bci\u0105 materia\u0142\u00f3w oraz estetyk\u0105 wykonania. Tego typu asortyment przyci\u0105ga klient\u00f3w i zwi\u0119ksza skuteczno\u015b\u0107 sprzeda\u017cy.<\/p>\n<p data-start=\"1172\" data-end=\"1310\">Segment premium pozwala budowa\u0107 wy\u017csz\u0105 warto\u015b\u0107 koszyka oraz zwi\u0119ksza\u0107 rentowno\u015b\u0107 sprzeda\u017cy bez konieczno\u015bci zwi\u0119kszania wolumenu zam\u00f3wie\u0144.<\/p>\n<p data-start=\"1312\" data-end=\"1339\"><strong data-start=\"1312\" data-end=\"1339\">Najwa\u017cniejsze korzy\u015bci:<\/strong><\/p>\n<ul data-start=\"1341\" data-end=\"1489\">\n<li data-section-id=\"btv4rm\" data-start=\"1341\" data-end=\"1369\">wysoka jako\u015b\u0107 materia\u0142\u00f3w<\/li>\n<li data-section-id=\"k6c1xg\" data-start=\"1370\" data-end=\"1391\">ponadczasowy styl<\/li>\n<li data-section-id=\"gyxe9r\" data-start=\"1392\" data-end=\"1423\">wi\u0119ksza atrakcyjno\u015b\u0107 oferty<\/li>\n<li data-section-id=\"1bruqh7\" data-start=\"1424\" data-end=\"1451\">wy\u017csza warto\u015b\u0107 zam\u00f3wie\u0144<\/li>\n<li data-section-id=\"1v7iqoh\" data-start=\"1452\" data-end=\"1489\">mo\u017cliwo\u015b\u0107 uzyskania wy\u017cszej mar\u017cy<\/li>\n<\/ul>\n<h3 data-section-id=\"1vk82f3\" data-start=\"1496\" data-end=\"1543\">\u26a1 Model sprzeda\u017cy oparty na mixie produkt\u00f3w<\/h3>\n<p data-start=\"1545\" data-end=\"1707\">Box odzie\u017cy wykorzystuje strategi\u0119 sprzeda\u017cy opart\u0105 na r\u00f3\u017cnorodno\u015bci. Mix produkt\u00f3w pozwala ograniczy\u0107 ryzyko i jednocze\u015bnie zwi\u0119kszy\u0107 skuteczno\u015b\u0107 oferty.<\/p>\n<p data-start=\"1709\" data-end=\"1835\">Zamiast inwestowa\u0107 w jeden typ odzie\u017cy, otrzymujesz zr\u00f3\u017cnicowany zestaw umo\u017cliwiaj\u0105cy testowanie r\u00f3\u017cnych preferencji klient\u00f3w.<\/p>\n<p data-start=\"1837\" data-end=\"1858\"><strong data-start=\"1837\" data-end=\"1858\">Efekty biznesowe:<\/strong><\/p>\n<ul data-start=\"1860\" data-end=\"2011\">\n<li data-section-id=\"1wckti7\" data-start=\"1860\" data-end=\"1891\">lepsze dopasowanie do rynku<\/li>\n<li data-section-id=\"2trk5x\" data-start=\"1892\" data-end=\"1921\">szybsza rotacja produkt\u00f3w<\/li>\n<li data-section-id=\"1np2how\" data-start=\"1922\" data-end=\"1956\">wi\u0119ksza elastyczno\u015b\u0107 sprzeda\u017cy<\/li>\n<li data-section-id=\"183pp5y\" data-start=\"1957\" data-end=\"1981\">stabilniejsze wyniki<\/li>\n<li data-section-id=\"1l7lwf9\" data-start=\"1982\" data-end=\"2011\">optymalizacja asortymentu<\/li>\n<\/ul>\n<h3 data-section-id=\"1xl903l\" data-start=\"2018\" data-end=\"2061\">\u26a1 Natychmiastowe wdro\u017cenie do sprzeda\u017cy<\/h3>\n<p data-start=\"2063\" data-end=\"2235\">Box odzie\u017cy to gotowy zestaw, kt\u00f3ry mo\u017cna od razu wprowadzi\u0107 do sprzeda\u017cy. Brak konieczno\u015bci selekcji produkt\u00f3w upraszcza proces i skraca czas przygotowania oferty.<\/p>\n<p data-start=\"2237\" data-end=\"2327\">To rozwi\u0105zanie pozwala skoncentrowa\u0107 si\u0119 na dzia\u0142aniach sprzeda\u017cowych oraz marketingowych.<\/p>\n<h3 data-section-id=\"1r9qrqd\" data-start=\"2334\" data-end=\"2394\">\ud83d\udecd Zawarto\u015b\u0107 boxa \u2013 dynamiczny i zr\u00f3\u017cnicowany asortyment<\/h3>\n<p data-start=\"2396\" data-end=\"2551\">Ka\u017cdy box zawiera mix odzie\u017cy, kt\u00f3rego sk\u0142ad zale\u017cy od aktualnej dostawy. Zmienno\u015b\u0107 produkt\u00f3w zwi\u0119ksza atrakcyjno\u015b\u0107 oferty i pozwala wyr\u00f3\u017cni\u0107 si\u0119 na rynku.<\/p>\n<p data-start=\"2553\" data-end=\"2583\">W zestawie mog\u0105 znajdowa\u0107 si\u0119:<\/p>\n<ul data-start=\"2585\" data-end=\"2679\">\n<li data-section-id=\"1rqlet2\" data-start=\"2585\" data-end=\"2605\">odzie\u017c codzienna<\/li>\n<li data-section-id=\"g0zcxe\" data-start=\"2606\" data-end=\"2625\">modele sezonowe<\/li>\n<li data-section-id=\"hg7c18\" data-start=\"2626\" data-end=\"2650\">r\u00f3\u017cne fasony i style<\/li>\n<li data-section-id=\"1xwtaij\" data-start=\"2651\" data-end=\"2679\">szeroki zakres rozmiar\u00f3w<\/li>\n<\/ul>\n<p data-start=\"2681\" data-end=\"2763\">Prezentowane modele maj\u0105 charakter pogl\u0105dowy. Faktyczna zawarto\u015b\u0107 mo\u017ce si\u0119 r\u00f3\u017cni\u0107.<\/p>\n<h3 data-section-id=\"1l6b5vf\" data-start=\"2770\" data-end=\"2826\">\ud83d\udcc8 Sprzeda\u017c wielokana\u0142owa \u2013 wi\u0119kszy zasi\u0119g i rotacja<\/h3>\n<p data-start=\"2828\" data-end=\"2994\">Box odzie\u017cy zosta\u0142 przygotowany do sprzeda\u017cy w wielu kana\u0142ach jednocze\u015bnie. Mix produkt\u00f3w umo\u017cliwia r\u00f3wnoleg\u0142e dzia\u0142anie na r\u00f3\u017cnych platformach sprzeda\u017cowych.<\/p>\n<p data-start=\"2996\" data-end=\"3022\"><strong data-start=\"2996\" data-end=\"3022\">Zastosowanie produktu:<\/strong><\/p>\n<ul data-start=\"3024\" data-end=\"3167\">\n<li data-section-id=\"1exz01i\" data-start=\"3024\" data-end=\"3068\">marketplace (<a style=\"font-family: -apple-system, BlinkMacSystemFont, &#039;Segoe UI&#039;, Roboto, &#039;Helvetica Neue&#039;, Arial, &#039;Noto Sans&#039;, sans-serif, &#039;Apple Color Emoji&#039;, &#039;Segoe UI Emoji&#039;, &#039;Segoe UI Symbol&#039;, &#039;Noto Color Emoji&#039;; font-size: 16px;\" href=\"https:\/\/allegro.pl\/\" target=\"_blank\" rel=\"noopener\">Allegro<\/a>, <a style=\"font-family: -apple-system, BlinkMacSystemFont, &#039;Segoe UI&#039;, Roboto, &#039;Helvetica Neue&#039;, Arial, &#039;Noto Sans&#039;, sans-serif, &#039;Apple Color Emoji&#039;, &#039;Segoe UI Emoji&#039;, &#039;Segoe UI Symbol&#039;, &#039;Noto Color Emoji&#039;; font-size: 16px;\" href=\"https:\/\/www.olx.pl\/\" target=\"_blank\" rel=\"noopener\">OLX<\/a>, <a style=\"font-family: -apple-system, BlinkMacSystemFont, &#039;Segoe UI&#039;, Roboto, &#039;Helvetica Neue&#039;, Arial, &#039;Noto Sans&#039;, sans-serif, &#039;Apple Color Emoji&#039;, &#039;Segoe UI Emoji&#039;, &#039;Segoe UI Symbol&#039;, &#039;Noto Color Emoji&#039;; font-size: 16px;\" href=\"https:\/\/www.ebay.com\/\" target=\"_blank\" rel=\"noopener\">eBay<\/a>, <a style=\"font-family: -apple-system, BlinkMacSystemFont, &#039;Segoe UI&#039;, Roboto, &#039;Helvetica Neue&#039;, Arial, &#039;Noto Sans&#039;, sans-serif, &#039;Apple Color Emoji&#039;, &#039;Segoe UI Emoji&#039;, &#039;Segoe UI Symbol&#039;, &#039;Noto Color Emoji&#039;; font-size: 16px;\" href=\"https:\/\/www.amazon.com\/\" target=\"_blank\" rel=\"noopener\">Amazon<\/a>)<\/li>\n<li data-section-id=\"1fmpn86\" data-start=\"3069\" data-end=\"3091\">sklepy internetowe<\/li>\n<li data-section-id=\"13wbqgd\" data-start=\"3092\" data-end=\"3116\">sprzeda\u017c stacjonarna<\/li>\n<li data-section-id=\"4mfzoe\" data-start=\"3117\" data-end=\"3143\">dzia\u0142alno\u015b\u0107 reseller\u00f3w<\/li>\n<li data-section-id=\"1y5dz5k\" data-start=\"3144\" data-end=\"3167\">sprzeda\u017c detaliczna<\/li>\n<\/ul>\n<p data-start=\"3169\" data-end=\"3240\">Wielokana\u0142owo\u015b\u0107 zwi\u0119ksza widoczno\u015b\u0107 oferty i przyspiesza obr\u00f3t towarem.<\/p>\n<h3 data-section-id=\"359ibf\" data-start=\"3247\" data-end=\"3289\">\u26a1 Ograniczenie ryzyka i rozw\u00f3j biznesu<\/h3>\n<p data-start=\"3291\" data-end=\"3470\">Decyduj\u0105c si\u0119 na box odzie\u017cy, eliminujesz konieczno\u015b\u0107 wyboru konkretnych produkt\u00f3w. Mix umo\u017cliwia analiz\u0119 sprzeda\u017cy i dopasowanie oferty do rzeczywistych potrzeb klient\u00f3w.<\/p>\n<p data-start=\"3472\" data-end=\"3553\">To podej\u015bcie pozwala rozwija\u0107 biznes w spos\u00f3b bardziej przewidywalny i efektywny.<\/p>\n<h3 data-section-id=\"111su16\" data-start=\"3560\" data-end=\"3586\">\ud83d\ude9a Logistyka i dostawa<\/h3>\n<p data-start=\"3588\" data-end=\"3695\">Towar dostarczany jest na terenie Polski oraz mi\u0119dzynarodowo. Koszt transportu ustalany jest indywidualnie.<\/p>\n<ul data-start=\"3697\" data-end=\"3824\">\n<li data-section-id=\"texsu0\" data-start=\"3697\" data-end=\"3730\">wysy\u0142ka krajowa i zagraniczna<\/li>\n<li data-section-id=\"1ijslrm\" data-start=\"3731\" data-end=\"3761\">mo\u017cliwo\u015b\u0107 eksportu poza UE<\/li>\n<li data-section-id=\"mkmwbf\" data-start=\"3762\" data-end=\"3793\">indywidualna wycena dostawy<\/li>\n<li data-section-id=\"igemay\" data-start=\"3794\" data-end=\"3824\">szybka realizacja zam\u00f3wie\u0144<\/li>\n<\/ul>\n<h3 data-section-id=\"c38si9\" data-start=\"3831\" data-end=\"3874\">\ud83c\udfa5 Transparentno\u015b\u0107 i materia\u0142y z dostaw<\/h3>\n<p data-start=\"3876\" data-end=\"3994\">Na \u017cyczenie klienta dost\u0119pne s\u0105 materia\u0142y z ostatnich dostaw, kt\u00f3re umo\u017cliwiaj\u0105 ocen\u0119 jako\u015bci produkt\u00f3w przed zakupem.<\/p>\n<ul data-start=\"3996\" data-end=\"4074\">\n<li data-section-id=\"1ahf2wf\" data-start=\"3996\" data-end=\"4031\">zdj\u0119cia rzeczywistych produkt\u00f3w<\/li>\n<li data-section-id=\"1d1dzph\" data-start=\"4032\" data-end=\"4050\">nagrania wideo<\/li>\n<li data-section-id=\"h7xc3g\" data-start=\"4051\" data-end=\"4074\">podgl\u0105d asortymentu<\/li>\n<\/ul>\n<h3 data-section-id=\"1l2nz0f\" data-start=\"4081\" data-end=\"4110\">\u26a0\ufe0f Informacje sprzeda\u017cowe<\/h3>\n<ul data-start=\"4112\" data-end=\"4217\">\n<li data-section-id=\"1ewf4dp\" data-start=\"4112\" data-end=\"4145\">oferta obejmuje mix produkt\u00f3w<\/li>\n<li data-section-id=\"y27cgk\" data-start=\"4146\" data-end=\"4184\">modele prezentowane s\u0105 przyk\u0142adowe<\/li>\n<li data-section-id=\"1d1toho\" data-start=\"4185\" data-end=\"4217\">sk\u0142ad boxa zale\u017cy od dostawy<\/li>\n<\/ul>\n<h3 data-section-id=\"19xlylu\" data-start=\"4224\" data-end=\"4259\">\ud83d\udcde Zam\u00f3wienia hurtowe i kontakt<\/h3>\n<p data-start=\"4261\" data-end=\"4385\">W celu uzyskania szczeg\u00f3\u0142owych informacji o dost\u0119pno\u015bci oraz warunkach wsp\u00f3\u0142pracy zalecany jest kontakt z dzia\u0142em handlowym.<\/p>\n<p data-start=\"4387\" data-end=\"4446\">Zam\u00f3wienia realizowane s\u0105 zgodnie z dost\u0119pno\u015bci\u0105 produkt\u00f3w.<\/p>\n<h3 data-section-id=\"sfg0ny\" data-start=\"4453\" data-end=\"4521\">\ud83d\udd11 Podsumowanie \u2013 sprzeda\u017c odzie\u017cy premium bez zb\u0119dnych proces\u00f3w<\/h3>\n<p data-start=\"4523\" data-end=\"4744\">Box odzie\u017cy \u2013 20 kg to rozwi\u0105zanie dla sprzedawc\u00f3w, kt\u00f3rzy chc\u0105 dzia\u0142a\u0107 szybko i efektywnie. Po\u0142\u0105czenie jako\u015bci gatunku A, r\u00f3\u017cnorodno\u015bci produkt\u00f3w oraz segmentu premium pozwala budowa\u0107 ofert\u0119 zoptymalizowan\u0105 pod sprzeda\u017c.<\/p>\n<p data-start=\"4746\" data-end=\"4865\">Produkt umo\u017cliwia zwi\u0119kszenie efektywno\u015bci sprzeda\u017cy, ograniczenie koszt\u00f3w operacyjnych oraz szybsze osi\u0105ganie wynik\u00f3w.<\/p>\n<h2 data-section-id=\"b1pkv4\" data-start=\"0\" data-end=\"54\"><span style=\"font-family: -apple-system, BlinkMacSystemFont, 'Segoe UI', Roboto, 'Helvetica Neue', Arial, 'Noto Sans', sans-serif, 'Apple Color Emoji', 'Segoe UI Emoji', 'Segoe UI Symbol', 'Noto Color Emoji'; font-size: 16px;\">\ud83d\udd17 Rozszerz ofert\u0119<\/span><\/h2>\n<p data-start=\"4891\" data-end=\"5053\" data-is-last-node=\"\" data-is-only-node=\"\">Zobacz r\u00f3wnie\u017c inne kategorie w <strong><a href=\"https:\/\/stockify24.pl\/kategoria-produktu\/strefa-mody\/\">Strefie Mody<\/a><\/strong> oraz dost\u0119pne boxy i palety produktowe.<br data-start=\"4975\" data-end=\"4978\" \/>Aktualne informacje i wskaz\u00f3wki sprzeda\u017cowe znajdziesz <a href=\"https:\/\/stockify24.pl\/blog-stockify24-pl\/\"><strong>na blogu Stockify24<\/strong><\/a>.<\/p>\n<\/div>\n<\/div>\n<\/div>\n<\/div>\n<\/div>\n<\/div>\n<\/section>\n<\/div>\n<\/div>\n<\/div>\n<\/div>\n<\/div>\n<\/div>\n<\/section>\n<\/div>\n<\/div>\n<\/div>\n<\/div>\n<\/div>\n<\/div>\n<\/div>\n<\/section>\n<\/div>\n<\/div>\n<\/div>\n<\/div>\n<\/div>\n<\/div>\n<\/div>\n<\/div>\n<\/div>\n<\/div>\n<\/div>\n<\/div>\n<\/div>\n<\/section>\n<\/div>\n","protected":false},"excerpt":{"rendered":"<p class=\"p1\">\u26a1 Towar ma charakter mixu<\/p>\n<p class=\"p1\">\ud83d\udd25 Amazon Returns<\/p>\n<p class=\"p1\" style=\"text-align: left;\">\u2714\ufe0f Jako\u015b\u0107 <strong>A<\/strong><\/p>","protected":false},"featured_media":51855,"comment_status":"open","ping_status":"closed","template":"","meta":{"_acf_changed":false},"product_brand":[],"product_cat":[1315],"product_tag":[1321,1323],"class_list":{"0":"post-51853","1":"product","2":"type-product","3":"status-publish","4":"has-post-thumbnail","6":"product_cat-odziez","7":"product_tag-amazon-returns","8":"product_tag-box-odziezy","10":"first","11":"instock","12":"sold-individually","13":"taxable","14":"shipping-taxable","15":"purchasable","16":"product-type-simple"},"acf":[],"_links":{"self":[{"href":"https:\/\/stockify24.pl\/es\/wp-json\/wp\/v2\/product\/51853","targetHints":{"allow":["GET"]}}],"collection":[{"href":"https:\/\/stockify24.pl\/es\/wp-json\/wp\/v2\/product"}],"about":[{"href":"https:\/\/stockify24.pl\/es\/wp-json\/wp\/v2\/types\/product"}],"replies":[{"embeddable":true,"href":"https:\/\/stockify24.pl\/es\/wp-json\/wp\/v2\/comments?post=51853"}],"wp:featuredmedia":[{"embeddable":true,"href":"https:\/\/stockify24.pl\/es\/wp-json\/wp\/v2\/media\/51855"}],"wp:attachment":[{"href":"https:\/\/stockify24.pl\/es\/wp-json\/wp\/v2\/media?parent=51853"}],"wp:term":[{"taxonomy":"product_brand","embeddable":true,"href":"https:\/\/stockify24.pl\/es\/wp-json\/wp\/v2\/product_brand?post=51853"},{"taxonomy":"product_cat","embeddable":true,"href":"https:\/\/stockify24.pl\/es\/wp-json\/wp\/v2\/product_cat?post=51853"},{"taxonomy":"product_tag","embeddable":true,"href":"https:\/\/stockify24.pl\/es\/wp-json\/wp\/v2\/product_tag?post=51853"}],"curies":[{"name":"wp","href":"https:\/\/api.w.org\/{rel}","templated":true}]}}