{"id":11,"date":"2025-02-26T17:59:03","date_gmt":"2025-02-26T17:59:03","guid":{"rendered":"https:\/\/stockify24.pl\/index.php\/moje-konto\/"},"modified":"2026-02-17T10:30:33","modified_gmt":"2026-02-17T09:30:33","slug":"moje-konto","status":"publish","type":"page","link":"https:\/\/stockify24.pl\/uk\/moje-konto\/","title":{"rendered":"\u041c\u0456\u0439 \u0440\u0430\u0445\u0443\u043d\u043e\u043a"},"content":{"rendered":"<div data-elementor-type=\"wp-page\" data-elementor-id=\"11\" class=\"elementor elementor-11\" data-elementor-post-type=\"page\">\n\t\t\t\t<div class=\"elementor-element elementor-element-f4bb1e0 e-con-full e-flex e-con e-child\" data-id=\"f4bb1e0\" data-element_type=\"container\" data-e-type=\"container\">\n\t\t<div class=\"elementor-element elementor-element-4bf570d e-con-full e-flex e-con e-child\" data-id=\"4bf570d\" data-element_type=\"container\" data-e-type=\"container\" data-settings=\"{&quot;background_background&quot;:&quot;gradient&quot;,&quot;animation&quot;:&quot;none&quot;,&quot;shape_divider_bottom&quot;:&quot;arrow&quot;}\">\n\t\t\t\t<div class=\"elementor-shape elementor-shape-bottom\" aria-hidden=\"true\" data-negative=\"false\">\n\t\t\t<svg xmlns=\"http:\/\/www.w3.org\/2000\/svg\" viewbox=\"0 0 700 10\" preserveaspectratio=\"none\">\n\t<path class=\"elementor-shape-fill\" d=\"M350,10L340,0h20L350,10z\"\/>\n<\/svg>\t\t<\/div>\n\t\t<div class=\"elementor-element elementor-element-dedb6ad e-flex e-con-boxed e-con e-child\" data-id=\"dedb6ad\" data-element_type=\"container\" data-e-type=\"container\">\n\t\t\t\t\t<div class=\"e-con-inner\">\n\t\t<div class=\"elementor-element elementor-element-0ac3ab0 e-con-full breadcrumbs-list-page e-flex e-con e-child\" data-id=\"0ac3ab0\" data-element_type=\"container\" data-e-type=\"container\">\n\t\t\t\t<div class=\"elementor-element elementor-element-ea58bc7 elementor-widget elementor-widget-shortcode\" data-id=\"ea58bc7\" data-element_type=\"widget\" data-e-type=\"widget\" data-widget_type=\"shortcode.default\">\n\t\t\t\t\t\t\t<div class=\"elementor-shortcode\"><nav aria-label=\"\u043f\u0430\u043d\u0456\u0440\u0443\u0432\u0430\u043b\u044c\u043d\u0456 \u0441\u0443\u0445\u0430\u0440\u0456\" class=\"rank-math-breadcrumb\"><p><span class=\"last\">\u0413\u043e\u043b\u043e\u0432\u043d\u0430 \u0441\u0442\u043e\u0440\u0456\u043d\u043a\u0430<\/span><\/p><\/nav><\/div>\n\t\t\t\t\t\t<\/div>\n\t\t\t\t<\/div>\n\t\t\t\t<div class=\"elementor-element elementor-element-b810d45 heading-title-2 elementor-widget elementor-widget-heading\" data-id=\"b810d45\" data-element_type=\"widget\" data-e-type=\"widget\" data-widget_type=\"heading.default\">\n\t\t\t\t\t<h1 class=\"elementor-heading-title elementor-size-default\">\u041c\u0456\u0439 \u0440\u0430\u0445\u0443\u043d\u043e\u043a<\/h1>\t\t\t\t<\/div>\n\t\t\t\t\t<\/div>\n\t\t\t\t<\/div>\n\t\t\t\t<\/div>\n\t\t\t\t<\/div>\n\t\t<div class=\"elementor-element elementor-element-8ccc10c e-flex e-con-boxed e-con e-parent\" data-id=\"8ccc10c\" data-element_type=\"container\" data-e-type=\"container\" data-settings=\"{&quot;background_background&quot;:&quot;classic&quot;,&quot;animation&quot;:&quot;none&quot;}\">\n\t\t\t\t\t<div class=\"e-con-inner\">\n\t\t\t\t<div class=\"elementor-element elementor-element-3cef373 e-my-account-tabs-horizontal elementor-widget elementor-widget-woocommerce-my-account\" data-id=\"3cef373\" data-element_type=\"widget\" data-e-type=\"widget\" data-widget_type=\"woocommerce-my-account.default\">\n\t\t\t\t\t<div class=\"e-my-account-tab e-my-account-tab__\">\t\t\t<div class=\"woocommerce\"><\/div>\t\t<\/div>\r\n\t\t\t\t\t\t<\/div>\n\t\t\t\t\t<\/div>\n\t\t\t\t<\/div>\n\t\t\t\t<\/div>","protected":false},"excerpt":{"rendered":"<p>Moje konto Panel Zam\u00f3wienia Do pobrania Adresy Dane konta Ulubione Wyloguj Panel Zam\u00f3wienia Do pobrania Adresy Dane konta Ulubione Wyloguj Panel Zam\u00f3wienia Do pobrania Adresy Dane konta Ulubione Wyloguj Panel Zam\u00f3wienia Do pobrania Adresy Dane konta Ulubione Wyloguj Witaj admin (nie jeste\u015b admin? Wyloguj si\u0119) W ustawieniach swojego konta mo\u017cesz przejrze\u0107 swoje ostatnie zam\u00f3wienia, zarz\u0105dza\u0107 [&hellip;]<\/p>\n","protected":false},"author":1,"featured_media":0,"parent":0,"menu_order":0,"comment_status":"closed","ping_status":"closed","template":"","meta":{"_acf_changed":false,"footnotes":""},"class_list":["post-11","page","type-page","status-publish","hentry"],"acf":[],"_links":{"self":[{"href":"https:\/\/stockify24.pl\/uk\/wp-json\/wp\/v2\/pages\/11","targetHints":{"allow":["GET"]}}],"collection":[{"href":"https:\/\/stockify24.pl\/uk\/wp-json\/wp\/v2\/pages"}],"about":[{"href":"https:\/\/stockify24.pl\/uk\/wp-json\/wp\/v2\/types\/page"}],"author":[{"embeddable":true,"href":"https:\/\/stockify24.pl\/uk\/wp-json\/wp\/v2\/users\/1"}],"replies":[{"embeddable":true,"href":"https:\/\/stockify24.pl\/uk\/wp-json\/wp\/v2\/comments?post=11"}],"version-history":[{"count":0,"href":"https:\/\/stockify24.pl\/uk\/wp-json\/wp\/v2\/pages\/11\/revisions"}],"wp:attachment":[{"href":"https:\/\/stockify24.pl\/uk\/wp-json\/wp\/v2\/media?parent=11"}],"curies":[{"name":"wp","href":"https:\/\/api.w.org\/{rel}","templated":true}]}}