{"id":175,"date":"2025-03-06T02:21:27","date_gmt":"2025-03-06T02:21:27","guid":{"rendered":"https:\/\/stockify24.pl\/?page_id=175"},"modified":"2026-03-30T16:21:28","modified_gmt":"2026-03-30T15:21:28","slug":"o-nas","status":"publish","type":"page","link":"https:\/\/stockify24.pl\/uk\/o-nas\/","title":{"rendered":"\u041f\u0440\u043e \u043d\u0430\u0441"},"content":{"rendered":"<div data-elementor-type=\"wp-page\" data-elementor-id=\"175\" class=\"elementor elementor-175\" data-elementor-post-type=\"page\">\n\t\t\t\t<div class=\"elementor-element elementor-element-55b94b2 e-con-full e-flex e-con e-child\" data-id=\"55b94b2\" data-element_type=\"container\" data-e-type=\"container\">\n\t\t<div class=\"elementor-element elementor-element-b3df24b e-con-full e-flex e-con e-child\" data-id=\"b3df24b\" data-element_type=\"container\" data-e-type=\"container\" data-settings=\"{&quot;background_background&quot;:&quot;gradient&quot;,&quot;animation&quot;:&quot;none&quot;,&quot;shape_divider_bottom&quot;:&quot;arrow&quot;}\">\n\t\t\t\t<div class=\"elementor-shape elementor-shape-bottom\" aria-hidden=\"true\" data-negative=\"false\">\n\t\t\t<svg xmlns=\"http:\/\/www.w3.org\/2000\/svg\" viewbox=\"0 0 700 10\" preserveaspectratio=\"none\">\n\t<path class=\"elementor-shape-fill\" d=\"M350,10L340,0h20L350,10z\"\/>\n<\/svg>\t\t<\/div>\n\t\t<div class=\"elementor-element elementor-element-0aee57d e-flex e-con-boxed e-con e-child\" data-id=\"0aee57d\" data-element_type=\"container\" data-e-type=\"container\">\n\t\t\t\t\t<div class=\"e-con-inner\">\n\t\t<div class=\"elementor-element elementor-element-924d325 e-con-full breadcrumbs-list-page e-flex e-con e-child\" data-id=\"924d325\" data-element_type=\"container\" data-e-type=\"container\">\n\t\t\t\t<div class=\"elementor-element elementor-element-6624a7f elementor-widget elementor-widget-shortcode\" data-id=\"6624a7f\" data-element_type=\"widget\" data-e-type=\"widget\" data-widget_type=\"shortcode.default\">\n\t\t\t\t\t\t\t<div class=\"elementor-shortcode\"><nav aria-label=\"\u043f\u0430\u043d\u0456\u0440\u0443\u0432\u0430\u043b\u044c\u043d\u0456 \u0441\u0443\u0445\u0430\u0440\u0456\" class=\"rank-math-breadcrumb\"><p><span class=\"last\">\u0413\u043e\u043b\u043e\u0432\u043d\u0430 \u0441\u0442\u043e\u0440\u0456\u043d\u043a\u0430<\/span><\/p><\/nav><\/div>\n\t\t\t\t\t\t<\/div>\n\t\t\t\t<\/div>\n\t\t\t\t<div class=\"elementor-element elementor-element-4965097 heading-title-2 elementor-widget elementor-widget-heading\" data-id=\"4965097\" data-element_type=\"widget\" data-e-type=\"widget\" data-widget_type=\"heading.default\">\n\t\t\t\t\t<h1 class=\"elementor-heading-title elementor-size-default\">\u041f\u0440\u043e \u043d\u0430\u0441 - Stockify, \u0435\u043a\u0441\u043f\u0435\u0440\u0442 \u0437 \u043f\u0440\u043e\u0434\u0430\u0436\u0443 \u043f\u0456\u0434\u0434\u043e\u043d\u0456\u0432<\/h1>\t\t\t\t<\/div>\n\t\t\t\t\t<\/div>\n\t\t\t\t<\/div>\n\t\t\t\t<\/div>\n\t\t\t\t<\/div>\n\t\t<div class=\"elementor-element elementor-element-c989300 e-con-full e-flex e-con e-child\" data-id=\"c989300\" data-element_type=\"container\" data-e-type=\"container\">\n\t\t<div class=\"elementor-element elementor-element-a5947c0 e-flex e-con-boxed e-con e-child\" data-id=\"a5947c0\" data-element_type=\"container\" data-e-type=\"container\" data-settings=\"{&quot;background_background&quot;:&quot;classic&quot;}\">\n\t\t\t\t\t<div class=\"e-con-inner\">\n\t\t<div class=\"elementor-element elementor-element-8bc457c e-con-full e-flex e-con e-child\" data-id=\"8bc457c\" data-element_type=\"container\" data-e-type=\"container\">\n\t\t\t\t<div class=\"elementor-element elementor-element-fdeb9fa heading-title-2 elementor-widget elementor-widget-heading\" data-id=\"fdeb9fa\" data-element_type=\"widget\" data-e-type=\"widget\" data-settings=\"{&quot;_animation&quot;:&quot;none&quot;}\" data-widget_type=\"heading.default\">\n\t\t\t\t\t<h2 class=\"elementor-heading-title elementor-size-default\">\u0425\u0442\u043e \u043c\u0438 \u0442\u0430\u043a\u0456?<\/h2>\t\t\t\t<\/div>\n\t\t\t\t<div class=\"elementor-element elementor-element-63029e2 elementor-widget elementor-widget-text-editor\" data-id=\"63029e2\" data-element_type=\"widget\" data-e-type=\"widget\" data-widget_type=\"text-editor.default\">\n\t\t\t\t\t\t\t\t\t<h2 data-start=\"366\" data-end=\"646\">\u041e\u043f\u0442\u043e\u0432\u0456 \u043f\u0456\u0434\u0434\u043e\u043d\u0438 \u0437 \u0404\u0432\u0440\u043e\u043f\u0438 - Stockify<\/h2><p data-start=\"366\" data-end=\"646\"><strong>\u041f\u043e\u043f\u043e\u0432\u043d\u0438\u0442\u0438 \u0437\u0430\u043f\u0430\u0441\u0438<\/strong> \u0446\u0435 \u0454\u0432\u0440\u043e\u043f\u0435\u0439\u0441\u044c\u043a\u0438\u0439 \u043e\u043f\u0442\u043e\u0432\u0438\u0439 \u043f\u043e\u0441\u0442\u0430\u0447\u0430\u043b\u044c\u043d\u0438\u043a \u043f\u0456\u0434\u0434\u043e\u043d\u0456\u0432, \u0449\u043e \u0431\u0430\u0437\u0443\u0454\u0442\u044c\u0441\u044f \u0443 \u0412\u0435\u043b\u0438\u043a\u043e\u0431\u0440\u0438\u0442\u0430\u043d\u0456\u0457, \u044f\u043a\u0438\u0439 \u0441\u043f\u0435\u0446\u0456\u0430\u043b\u0456\u0437\u0443\u0454\u0442\u044c\u0441\u044f \u043d\u0430 \u043f\u0440\u043e\u0434\u0430\u0436\u0443 \u043f\u0456\u0434\u0434\u043e\u043d\u0456\u0432 \u0434\u043b\u044f \u043f\u043e\u0432\u0435\u0440\u043d\u0435\u043d\u043d\u044f \u0442\u043e\u0432\u0430\u0440\u0456\u0432 \u0441\u043f\u043e\u0436\u0438\u0432\u0430\u0447\u0430\u043c\u0438 (Amazon Returns) \u0442\u0430 \u043d\u0430\u0434\u043b\u0438\u0448\u043a\u043e\u0432\u0438\u0445 \u0437\u0430\u043f\u0430\u0441\u0456\u0432. \u041c\u0438 \u043f\u0440\u043e\u043f\u043e\u043d\u0443\u0454\u043c\u043e \u0433\u043e\u0442\u043e\u0432\u0456 \u0442\u043e\u0432\u0430\u0440\u043d\u0456 \u043d\u0430\u0431\u043e\u0440\u0438 \u0434\u043b\u044f \u043f\u0435\u0440\u0435\u043f\u0440\u043e\u0434\u0430\u0436\u0443 \u0432 \u0435\u043b\u0435\u043a\u0442\u0440\u043e\u043d\u043d\u0456\u0439 \u043a\u043e\u043c\u0435\u0440\u0446\u0456\u0457, \u043c\u0430\u0440\u043a\u0435\u0442\u043f\u043b\u0435\u0439\u0441\u0430\u0445 \u0442\u0430 \u0440\u043e\u0437\u0434\u0440\u0456\u0431\u043d\u0456\u0439 \u0442\u043e\u0440\u0433\u0456\u0432\u043b\u0456.<\/p><p data-start=\"648\" data-end=\"852\">\u0423 \u043d\u0430\u0448\u0456\u0439 \u043f\u0440\u043e\u043f\u043e\u0437\u0438\u0446\u0456\u0457 \u0432\u0438 \u0437\u043d\u0430\u0439\u0434\u0435\u0442\u0435 \u043f\u0456\u0434\u0434\u043e\u043d\u0438 \u0437 \u0442\u0430\u043a\u0438\u0445 \u043a\u0430\u0442\u0435\u0433\u043e\u0440\u0456\u0439, \u044f\u043a <strong>\u0435\u043b\u0435\u043a\u0442\u0440\u043e\u043d\u0456\u043a\u0430, \u043f\u043e\u0431\u0443\u0442\u043e\u0432\u0430 \u0442\u0435\u0445\u043d\u0456\u043a\u0430, \u0442\u043e\u0432\u0430\u0440\u0438 \u0434\u043b\u044f \u0434\u043e\u043c\u0443, \u0441\u0435\u0437\u043e\u043d\u043d\u0456 \u0430\u043a\u0441\u0435\u0441\u0443\u0430\u0440\u0438 \u0442\u0430 \u0442\u043e\u0432\u0430\u0440\u0438 \u043f\u043e\u0432\u0441\u044f\u043a\u0434\u0435\u043d\u043d\u043e\u0433\u043e \u0432\u0436\u0438\u0442\u043a\u0443.<\/strong> \u041a\u043e\u0436\u043d\u0430 \u043f\u0430\u043b\u0435\u0442\u0430 - \u0446\u0435 \u0443\u043d\u0456\u043a\u0430\u043b\u044c\u043d\u0438\u0439 \u043c\u0456\u043a\u0441 \u0442\u043e\u0432\u0430\u0440\u0456\u0432 \u0437 \u0432\u0438\u0441\u043e\u043a\u0438\u043c \u043f\u043e\u0442\u0435\u043d\u0446\u0456\u0430\u043b\u043e\u043c \u043f\u0440\u043e\u0434\u0430\u0436\u0456\u0432.<\/p><p data-start=\"854\" data-end=\"1080\">\u0421\u043a\u043b\u0430\u0434 \u0443 \u041f\u043e\u043b\u044c\u0449\u0456 \u0442\u0430 \u0448\u0432\u0438\u0434\u043a\u0430 \u043b\u043e\u0433\u0456\u0441\u0442\u0438\u043a\u0430 \u0434\u043e\u0437\u0432\u043e\u043b\u044f\u044e\u0442\u044c \u0435\u0444\u0435\u043a\u0442\u0438\u0432\u043d\u043e \u043e\u0431\u0440\u043e\u0431\u043b\u044f\u0442\u0438 \u0437\u0430\u043c\u043e\u0432\u043b\u0435\u043d\u043d\u044f \u043f\u043e \u0432\u0441\u0456\u0439 \u0404\u0432\u0440\u043e\u043f\u0456. \u041c\u0438 \u043f\u0440\u0430\u0446\u044e\u0454\u043c\u043e \u044f\u043a \u0437 \u043a\u043e\u043c\u043f\u0430\u043d\u0456\u044f\u043c\u0438, \u0442\u0430\u043a \u0456 \u0437 \u0456\u043d\u0434\u0438\u0432\u0456\u0434\u0443\u0430\u043b\u044c\u043d\u0438\u043c\u0438 \u043a\u043b\u0456\u0454\u043d\u0442\u0430\u043c\u0438, \u043f\u0440\u043e\u043f\u043e\u043d\u0443\u044e\u0447\u0438 \u0433\u043d\u0443\u0447\u043a\u0456 \u0443\u043c\u043e\u0432\u0438 \u0437\u0430\u043a\u0443\u043f\u0456\u0432\u043b\u0456 \u0442\u0430 \u043d\u0430\u044f\u0432\u043d\u0456\u0441\u0442\u044c \u0433\u043e\u0442\u043e\u0432\u043e\u0457 \u043f\u0440\u043e\u0434\u0443\u043a\u0446\u0456\u0457.<\/p>\t\t\t\t\t\t\t\t<\/div>\n\t\t\t\t<div class=\"elementor-element elementor-element-2622ab7 elementor-align-left elementor-mobile-align-left elementor-widget elementor-widget-button\" data-id=\"2622ab7\" data-element_type=\"widget\" data-e-type=\"widget\" data-widget_type=\"button.default\">\n\t\t\t\t\t\t\t\t\t\t<a class=\"elementor-button elementor-button-link elementor-size-sm\" href=\"https:\/\/stockify24.pl\/uk\/sklep\/\">\n\t\t\t\t\t\t<span class=\"elementor-button-content-wrapper\">\n\t\t\t\t\t\t\t\t\t<span class=\"elementor-button-text\">\u041f\u0435\u0440\u0435\u0433\u043b\u044f\u043d\u0443\u0442\u0438 \u0434\u043e\u0441\u0442\u0443\u043f\u043d\u0456 \u043f\u0456\u0434\u0434\u043e\u043d\u0438<\/span>\n\t\t\t\t\t<\/span>\n\t\t\t\t\t<\/a>\n\t\t\t\t\t\t\t\t<\/div>\n\t\t\t\t<\/div>\n\t\t<div class=\"elementor-element elementor-element-27b5bac e-con-full e-flex e-con e-child\" data-id=\"27b5bac\" data-element_type=\"container\" data-e-type=\"container\" data-settings=\"{&quot;background_background&quot;:&quot;gradient&quot;}\">\n\t\t\t\t<div class=\"elementor-element elementor-element-865df30 elementor-widget elementor-widget-image\" data-id=\"865df30\" data-element_type=\"widget\" data-e-type=\"widget\" data-widget_type=\"image.default\">\n\t\t\t\t\t\t\t\t\t\t\t\t\t\t\t<img fetchpriority=\"high\" decoding=\"async\" width=\"800\" height=\"800\" src=\"https:\/\/stockify24.pl\/wp-content\/uploads\/2026\/03\/Generated-Image-March-30-2026-4_51PM-1.jpg\" class=\"attachment-large size-large wp-image-51090\" alt=\"palety elektroniki hurtowe Amazon Returns Europa Anglia\" srcset=\"https:\/\/stockify24.pl\/wp-content\/uploads\/2026\/03\/Generated-Image-March-30-2026-4_51PM-1.jpg 1024w, https:\/\/stockify24.pl\/wp-content\/uploads\/2026\/03\/Generated-Image-March-30-2026-4_51PM-1-300x300.jpg 300w, https:\/\/stockify24.pl\/wp-content\/uploads\/2026\/03\/Generated-Image-March-30-2026-4_51PM-1-150x150.jpg 150w, https:\/\/stockify24.pl\/wp-content\/uploads\/2026\/03\/Generated-Image-March-30-2026-4_51PM-1-768x768.jpg 768w, https:\/\/stockify24.pl\/wp-content\/uploads\/2026\/03\/Generated-Image-March-30-2026-4_51PM-1-12x12.jpg 12w, https:\/\/stockify24.pl\/wp-content\/uploads\/2026\/03\/Generated-Image-March-30-2026-4_51PM-1-400x400.jpg 400w, https:\/\/stockify24.pl\/wp-content\/uploads\/2026\/03\/Generated-Image-March-30-2026-4_51PM-1-50x50.jpg 50w, https:\/\/stockify24.pl\/wp-content\/uploads\/2026\/03\/Generated-Image-March-30-2026-4_51PM-1-100x100.jpg 100w, https:\/\/stockify24.pl\/wp-content\/uploads\/2026\/03\/Generated-Image-March-30-2026-4_51PM-1-64x64.jpg 64w\" sizes=\"(max-width: 800px) 100vw, 800px\" \/>\t\t\t\t\t\t\t\t\t\t\t\t\t\t\t<\/div>\n\t\t\t\t<\/div>\n\t\t\t\t\t<\/div>\n\t\t\t\t<\/div>\n\t\t<div class=\"elementor-element elementor-element-453aafc e-flex e-con-boxed e-con e-child\" data-id=\"453aafc\" data-element_type=\"container\" data-e-type=\"container\" data-settings=\"{&quot;background_background&quot;:&quot;classic&quot;}\">\n\t\t\t\t\t<div class=\"e-con-inner\">\n\t\t<div class=\"elementor-element elementor-element-467d650 e-con-full e-flex e-con e-child\" data-id=\"467d650\" data-element_type=\"container\" data-e-type=\"container\">\n\t\t\t\t<div class=\"elementor-element elementor-element-8a5c951 heading-title-2 elementor-widget elementor-widget-heading\" data-id=\"8a5c951\" data-element_type=\"widget\" data-e-type=\"widget\" data-settings=\"{&quot;_animation&quot;:&quot;none&quot;}\" data-widget_type=\"heading.default\">\n\t\t\t\t\t<h2 class=\"elementor-heading-title elementor-size-default\"> \u0429\u043e \u043c\u0438 \u043f\u0440\u043e\u043f\u043e\u043d\u0443\u0454\u043c\u043e?<\/h2>\t\t\t\t<\/div>\n\t\t\t\t<div class=\"elementor-element elementor-element-c56e881 elementor-widget elementor-widget-text-editor\" data-id=\"c56e881\" data-element_type=\"widget\" data-e-type=\"widget\" data-widget_type=\"text-editor.default\">\n\t\t\t\t\t\t\t\t\t<h2 data-start=\"1257\" data-end=\"1441\">\u041f\u0430\u043b\u0435\u0442\u0438, \u0433\u043e\u0442\u043e\u0432\u0456 \u0434\u043e \u043f\u0435\u0440\u0435\u043f\u0440\u043e\u0434\u0430\u0436\u0443 - \u0435\u043b\u0435\u043a\u0442\u0440\u043e\u043d\u0456\u043a\u0430, \u043c\u0456\u043a\u0441 \u0456 \u0440\u043e\u0437\u0435\u0442\u043a\u0430<\/h2><p data-start=\"1257\" data-end=\"1441\">\u041f\u0440\u043e\u043f\u043e\u043d\u0443\u0454\u043c\u043e \u043f\u0456\u0434\u0434\u043e\u043d\u0438 \u043e\u043f\u0442\u043e\u043c \u0456 \u0432 \u0440\u043e\u0437\u0434\u0440\u0456\u0431, \u0433\u043e\u0442\u043e\u0432\u0456 \u0434\u043e \u043f\u0440\u043e\u0434\u0430\u0436\u0443 \u0431\u0435\u0437 \u0434\u043e\u0434\u0430\u0442\u043a\u043e\u0432\u043e\u0433\u043e \u0432\u0456\u0434\u0431\u043e\u0440\u0443. \u0422\u043e\u0432\u0430\u0440 \u043d\u0430\u0434\u0445\u043e\u0434\u0438\u0442\u044c \u0437 <strong>\u0404\u0432\u0440\u043e\u043f\u0430 \u0442\u0430 \u0412\u0435\u043b\u0438\u043a\u043e\u0431\u0440\u0438\u0442\u0430\u043d\u0456\u044f<\/strong>, \u0432 \u0442\u043e\u043c\u0443 \u0447\u0438\u0441\u043b\u0456 \u0437 <strong>\u0410\u043c\u0430\u0437\u043e\u043d\u043a\u0430 \u043f\u043e\u0432\u0435\u0440\u0442\u0430\u0454\u0442\u044c\u0441\u044f<\/strong> \u0442\u0430 \u0456\u043d\u0448\u0456 \u043b\u043e\u0433\u0456\u0441\u0442\u0438\u0447\u043d\u0456 \u043f\u043b\u0430\u0442\u0444\u043e\u0440\u043c\u0438.<\/p><p data-start=\"1443\" data-end=\"1661\">\u041a\u043e\u0436\u043d\u0430 \u043f\u0430\u043b\u0435\u0442\u0430 \u043c\u0456\u0441\u0442\u0438\u0442\u044c \u043c\u0456\u043a\u0441 \u0442\u043e\u0432\u0430\u0440\u0456\u0432 \u0437 \u0440\u0456\u0437\u043d\u0438\u0445 \u043a\u0430\u0442\u0435\u0433\u043e\u0440\u0456\u0439, \u0449\u043e \u0434\u043e\u0437\u0432\u043e\u043b\u044f\u0454 \u0437\u0431\u0456\u043b\u044c\u0448\u0438\u0442\u0438 \u043e\u0431\u043e\u0440\u043e\u0442\u043d\u0456\u0441\u0442\u044c \u0437\u0430\u043f\u0430\u0441\u0456\u0432 \u0456 \u0448\u0432\u0438\u0434\u0448\u0435 \u0433\u0435\u043d\u0435\u0440\u0443\u0432\u0430\u0442\u0438 \u043f\u0440\u043e\u0434\u0430\u0436\u0456. \u0426\u0435 \u0440\u0456\u0448\u0435\u043d\u043d\u044f \u0456\u0434\u0435\u0430\u043b\u044c\u043d\u043e \u043f\u0456\u0434\u0445\u043e\u0434\u0438\u0442\u044c \u0434\u043b\u044f \u0442\u043e\u0440\u0433\u043e\u0432\u0438\u0445 \u043f\u043e\u0441\u0435\u0440\u0435\u0434\u043d\u0438\u043a\u0456\u0432, \u0456\u043d\u0442\u0435\u0440\u043d\u0435\u0442-\u043c\u0430\u0433\u0430\u0437\u0438\u043d\u0456\u0432 \u0442\u0430 \u043d\u043e\u0432\u0430\u0447\u043a\u0456\u0432 \u0443 \u0442\u043e\u0440\u0433\u0456\u0432\u043b\u0456.<\/p><p data-start=\"1663\" data-end=\"1799\">\u041c\u0438 \u0440\u0435\u0433\u0443\u043b\u044f\u0440\u043d\u043e \u043e\u043d\u043e\u0432\u043b\u044e\u0454\u043c\u043e \u0430\u0441\u043e\u0440\u0442\u0438\u043c\u0435\u043d\u0442 \u043d\u043e\u0432\u0438\u043c\u0438 \u043f\u0430\u0440\u0442\u0456\u044f\u043c\u0438, \u0449\u043e\u0431 \u0432\u0438 \u043c\u0430\u043b\u0438 \u0434\u043e\u0441\u0442\u0443\u043f \u0434\u043e \u0441\u0432\u0456\u0436\u0438\u0445 \u0437\u0430\u043f\u0430\u0441\u0456\u0432 \u0456 \u043c\u043e\u0433\u043b\u0438 \u043c\u0430\u0441\u0448\u0442\u0430\u0431\u0443\u0432\u0430\u0442\u0438 \u0441\u0432\u0456\u0439 \u0431\u0456\u0437\u043d\u0435\u0441 \u0431\u0435\u0437 \u043f\u0440\u043e\u0441\u0442\u043e\u0457\u0432.<\/p>\t\t\t\t\t\t\t\t<\/div>\n\t\t\t\t<div class=\"elementor-element elementor-element-1e6cc6e elementor-align-left elementor-mobile-align-left elementor-widget elementor-widget-button\" data-id=\"1e6cc6e\" data-element_type=\"widget\" data-e-type=\"widget\" data-widget_type=\"button.default\">\n\t\t\t\t\t\t\t\t\t\t<a class=\"elementor-button elementor-button-link elementor-size-sm\" href=\"https:\/\/stockify24.pl\/uk\/stockify-kontakt\/\">\n\t\t\t\t\t\t<span class=\"elementor-button-content-wrapper\">\n\t\t\t\t\t\t\t\t\t<span class=\"elementor-button-text\">\u0417\u0432'\u044f\u0436\u0456\u0442\u044c\u0441\u044f \u0437 \u043d\u0430\u043c\u0438<\/span>\n\t\t\t\t\t<\/span>\n\t\t\t\t\t<\/a>\n\t\t\t\t\t\t\t\t<\/div>\n\t\t\t\t<\/div>\n\t\t<div class=\"elementor-element elementor-element-7ebbe32 e-con-full e-flex e-con e-child\" data-id=\"7ebbe32\" data-element_type=\"container\" data-e-type=\"container\" data-settings=\"{&quot;background_background&quot;:&quot;classic&quot;}\">\n\t\t\t\t<div class=\"elementor-element elementor-element-b56477a elementor-widget elementor-widget-image\" data-id=\"b56477a\" data-element_type=\"widget\" data-e-type=\"widget\" data-widget_type=\"image.default\">\n\t\t\t\t\t\t\t\t\t\t\t\t\t\t\t<img decoding=\"async\" width=\"800\" height=\"800\" src=\"https:\/\/stockify24.pl\/wp-content\/uploads\/2026\/03\/Generated-Image-March-30-2026-4_56PM-1.jpg\" class=\"attachment-large size-large wp-image-51091\" alt=\"palety elektroniki hurtowe Amazon Returns Europa Anglia\" srcset=\"https:\/\/stockify24.pl\/wp-content\/uploads\/2026\/03\/Generated-Image-March-30-2026-4_56PM-1.jpg 1024w, https:\/\/stockify24.pl\/wp-content\/uploads\/2026\/03\/Generated-Image-March-30-2026-4_56PM-1-300x300.jpg 300w, https:\/\/stockify24.pl\/wp-content\/uploads\/2026\/03\/Generated-Image-March-30-2026-4_56PM-1-150x150.jpg 150w, https:\/\/stockify24.pl\/wp-content\/uploads\/2026\/03\/Generated-Image-March-30-2026-4_56PM-1-768x768.jpg 768w, https:\/\/stockify24.pl\/wp-content\/uploads\/2026\/03\/Generated-Image-March-30-2026-4_56PM-1-12x12.jpg 12w, https:\/\/stockify24.pl\/wp-content\/uploads\/2026\/03\/Generated-Image-March-30-2026-4_56PM-1-400x400.jpg 400w, https:\/\/stockify24.pl\/wp-content\/uploads\/2026\/03\/Generated-Image-March-30-2026-4_56PM-1-50x50.jpg 50w, https:\/\/stockify24.pl\/wp-content\/uploads\/2026\/03\/Generated-Image-March-30-2026-4_56PM-1-100x100.jpg 100w, https:\/\/stockify24.pl\/wp-content\/uploads\/2026\/03\/Generated-Image-March-30-2026-4_56PM-1-64x64.jpg 64w\" sizes=\"(max-width: 800px) 100vw, 800px\" \/>\t\t\t\t\t\t\t\t\t\t\t\t\t\t\t<\/div>\n\t\t\t\t<\/div>\n\t\t\t\t\t<\/div>\n\t\t\t\t<\/div>\n\t\t\t\t<\/div>\n\t\t\t\t<\/div>","protected":false},"excerpt":{"rendered":"<p>O nas \u2013 Stockify, ekspert w sprzeda\u017cy palet Kim jeste\u015bmy? Hurtowe palety z Europy \u2013 Stockify Stockify to dostawca palet hurtowych z Europy, UK specjalizuj\u0105cy si\u0119 w sprzeda\u017cy palet zwrot\u00f3w konsumenckich (Amazon Returns) oraz nadwy\u017cek magazynowych. Oferujemy gotowe zestawy produkt\u00f3w przeznaczone do dalszej odsprzeda\u017cy w e-commerce, na marketplace oraz w sprzeda\u017cy detalicznej. W naszej ofercie [&hellip;]<\/p>\n","protected":false},"author":1,"featured_media":0,"parent":0,"menu_order":0,"comment_status":"closed","ping_status":"closed","template":"","meta":{"_acf_changed":false,"footnotes":""},"class_list":["post-175","page","type-page","status-publish","hentry"],"acf":[],"_links":{"self":[{"href":"https:\/\/stockify24.pl\/uk\/wp-json\/wp\/v2\/pages\/175","targetHints":{"allow":["GET"]}}],"collection":[{"href":"https:\/\/stockify24.pl\/uk\/wp-json\/wp\/v2\/pages"}],"about":[{"href":"https:\/\/stockify24.pl\/uk\/wp-json\/wp\/v2\/types\/page"}],"author":[{"embeddable":true,"href":"https:\/\/stockify24.pl\/uk\/wp-json\/wp\/v2\/users\/1"}],"replies":[{"embeddable":true,"href":"https:\/\/stockify24.pl\/uk\/wp-json\/wp\/v2\/comments?post=175"}],"version-history":[{"count":8,"href":"https:\/\/stockify24.pl\/uk\/wp-json\/wp\/v2\/pages\/175\/revisions"}],"predecessor-version":[{"id":51098,"href":"https:\/\/stockify24.pl\/uk\/wp-json\/wp\/v2\/pages\/175\/revisions\/51098"}],"wp:attachment":[{"href":"https:\/\/stockify24.pl\/uk\/wp-json\/wp\/v2\/media?parent=175"}],"curies":[{"name":"wp","href":"https:\/\/api.w.org\/{rel}","templated":true}]}}