{"id":178,"date":"2025-03-06T02:21:36","date_gmt":"2025-03-06T02:21:36","guid":{"rendered":"https:\/\/stockify24.pl\/?page_id=178"},"modified":"2026-03-19T11:23:17","modified_gmt":"2026-03-19T10:23:17","slug":"zwroty-i-reklamacje","status":"publish","type":"page","link":"https:\/\/stockify24.pl\/uk\/zwroty-i-reklamacje\/","title":{"rendered":"\u041f\u043e\u0432\u0435\u0440\u043d\u0435\u043d\u043d\u044f \u0442\u0430 \u0441\u043a\u0430\u0440\u0433\u0438"},"content":{"rendered":"<div data-elementor-type=\"wp-page\" data-elementor-id=\"178\" class=\"elementor elementor-178\" data-elementor-post-type=\"page\">\n\t\t\t\t<div class=\"elementor-element elementor-element-c77cb2d e-con-full e-flex e-con e-child\" data-id=\"c77cb2d\" data-element_type=\"container\" data-e-type=\"container\">\n\t\t<div class=\"elementor-element elementor-element-19d851f e-con-full e-flex e-con e-child\" data-id=\"19d851f\" data-element_type=\"container\" data-e-type=\"container\" data-settings=\"{&quot;background_background&quot;:&quot;gradient&quot;,&quot;animation&quot;:&quot;none&quot;,&quot;shape_divider_bottom&quot;:&quot;arrow&quot;}\">\n\t\t\t\t<div class=\"elementor-shape elementor-shape-bottom\" aria-hidden=\"true\" data-negative=\"false\">\n\t\t\t<svg xmlns=\"http:\/\/www.w3.org\/2000\/svg\" viewbox=\"0 0 700 10\" preserveaspectratio=\"none\">\n\t<path class=\"elementor-shape-fill\" d=\"M350,10L340,0h20L350,10z\"\/>\n<\/svg>\t\t<\/div>\n\t\t<div class=\"elementor-element elementor-element-8a01c6a e-flex e-con-boxed e-con e-child\" data-id=\"8a01c6a\" data-element_type=\"container\" data-e-type=\"container\">\n\t\t\t\t\t<div class=\"e-con-inner\">\n\t\t<div class=\"elementor-element elementor-element-d4b0788 e-con-full breadcrumbs-list-page e-flex e-con e-child\" data-id=\"d4b0788\" data-element_type=\"container\" data-e-type=\"container\">\n\t\t\t\t<div class=\"elementor-element elementor-element-5b1b200 elementor-widget elementor-widget-shortcode\" data-id=\"5b1b200\" data-element_type=\"widget\" data-e-type=\"widget\" data-widget_type=\"shortcode.default\">\n\t\t\t\t\t\t\t<div class=\"elementor-shortcode\"><nav aria-label=\"\u043f\u0430\u043d\u0456\u0440\u0443\u0432\u0430\u043b\u044c\u043d\u0456 \u0441\u0443\u0445\u0430\u0440\u0456\" class=\"rank-math-breadcrumb\"><p><span class=\"last\">\u0413\u043e\u043b\u043e\u0432\u043d\u0430 \u0441\u0442\u043e\u0440\u0456\u043d\u043a\u0430<\/span><\/p><\/nav><\/div>\n\t\t\t\t\t\t<\/div>\n\t\t\t\t<\/div>\n\t\t\t\t<div class=\"elementor-element elementor-element-59cf3da heading-title-2 elementor-widget elementor-widget-heading\" data-id=\"59cf3da\" data-element_type=\"widget\" data-e-type=\"widget\" data-widget_type=\"heading.default\">\n\t\t\t\t\t<h1 class=\"elementor-heading-title elementor-size-default\">\u041f\u043e\u0432\u0435\u0440\u043d\u0435\u043d\u043d\u044f \u0442\u0430 \u0441\u043a\u0430\u0440\u0433\u0438<\/h1>\t\t\t\t<\/div>\n\t\t\t\t\t<\/div>\n\t\t\t\t<\/div>\n\t\t\t\t<\/div>\n\t\t\t\t<\/div>\n\t\t<div class=\"elementor-element elementor-element-dbcf4b3 e-flex e-con-boxed e-con e-parent\" data-id=\"dbcf4b3\" data-element_type=\"container\" data-e-type=\"container\" data-settings=\"{&quot;background_background&quot;:&quot;classic&quot;,&quot;animation&quot;:&quot;none&quot;}\">\n\t\t\t\t\t<div class=\"e-con-inner\">\n\t\t\t\t<div class=\"elementor-element elementor-element-adbd6ed elementor-widget elementor-widget-text-editor\" data-id=\"adbd6ed\" data-element_type=\"widget\" data-e-type=\"widget\" data-widget_type=\"text-editor.default\">\n\t\t\t\t\t\t\t\t\t<p class=\"p1\">\u0421\u043a\u0430\u0440\u0433\u0438, \u043f\u043e\u0432'\u044f\u0437\u0430\u043d\u0456 \u0437 \u0444\u0443\u043d\u043a\u0446\u0456\u043e\u043d\u0443\u0432\u0430\u043d\u043d\u044f\u043c \u0412\u0435\u0431-\u0441\u0430\u0439\u0442\u0443 \u0430\u0431\u043e \u043f\u0440\u0438\u0434\u0431\u0430\u043d\u0438\u043c\u0438 \u0442\u043e\u0432\u0430\u0440\u0430\u043c\u0438, \u043c\u043e\u0436\u043d\u0430 \u043d\u0430\u0434\u0441\u0438\u043b\u0430\u0442\u0438 \u0435\u043b\u0435\u043a\u0442\u0440\u043e\u043d\u043d\u043e\u044e \u043f\u043e\u0448\u0442\u043e\u044e \u043d\u0430 \u0430\u0434\u0440\u0435\u0441\u0443 <span class=\"s1\"><b>biuro.stockify@gmail.com<\/b><\/span> \u0430\u0431\u043e \u043f\u0438\u0441\u044c\u043c\u043e\u0432\u043e \u043d\u0430 \u0430\u0434\u0440\u0435\u0441\u0443 \u0410\u0434\u043c\u0456\u043d\u0456\u0441\u0442\u0440\u0430\u0442\u043e\u0440\u0430.<\/p><p class=\"p1\">\u0421\u043a\u0430\u0440\u0433\u0430 \u043f\u043e\u0432\u0438\u043d\u043d\u0430 \u043c\u0456\u0441\u0442\u0438\u0442\u0438 \u0434\u0430\u043d\u0456 \u043e\u0441\u043e\u0431\u0438, \u044f\u043a\u0430 \u043f\u043e\u0434\u0430\u0454 \u0441\u043a\u0430\u0440\u0433\u0443 (\u0456\u043c'\u044f, \u043f\u0440\u0456\u0437\u0432\u0438\u0449\u0435, \u0430\u0434\u0440\u0435\u0441\u0430, \u0430\u0434\u0440\u0435\u0441\u0430 \u0435\u043b\u0435\u043a\u0442\u0440\u043e\u043d\u043d\u043e\u0457 \u043f\u043e\u0448\u0442\u0438), \u0430 \u0442\u0430\u043a\u043e\u0436 \u0434\u0435\u0442\u0430\u043b\u044c\u043d\u0438\u0439 \u043e\u043f\u0438\u0441 \u043f\u0440\u043e\u0431\u043b\u0435\u043c\u0438 \u0456 \u043f\u0440\u0438\u0447\u0438\u043d\u0443 \u0441\u043a\u0430\u0440\u0433\u0438. \u0417 \u043c\u0435\u0442\u043e\u044e \u0435\u0444\u0435\u043a\u0442\u0438\u0432\u043d\u043e\u0433\u043e \u0440\u043e\u0437\u0433\u043b\u044f\u0434\u0443 \u0441\u043a\u0430\u0440\u0433\u0438 \u0410\u0434\u043c\u0456\u043d\u0456\u0441\u0442\u0440\u0430\u0442\u043e\u0440 \u043c\u043e\u0436\u0435 \u0437\u0430\u043f\u0440\u043e\u0441\u0438\u0442\u0438 \u0434\u043e\u0434\u0430\u0442\u043a\u043e\u0432\u0443 \u0456\u043d\u0444\u043e\u0440\u043c\u0430\u0446\u0456\u044e \u0430\u0431\u043e \u043f\u043e\u044f\u0441\u043d\u0435\u043d\u043d\u044f.<\/p><p class=\"p1\">\u0421\u043a\u0430\u0440\u0433\u0438 \u0440\u043e\u0437\u0433\u043b\u044f\u0434\u0430\u044e\u0442\u044c\u0441\u044f \u043f\u0440\u043e\u0442\u044f\u0433\u043e\u043c 14 \u0434\u043d\u0456\u0432 \u0437 \u043c\u043e\u043c\u0435\u043d\u0442\u0443 \u0457\u0445 \u043e\u0442\u0440\u0438\u043c\u0430\u043d\u043d\u044f. \u041a\u043e\u0440\u0438\u0441\u0442\u0443\u0432\u0430\u0447 \u0431\u0443\u0434\u0435 \u043f\u0440\u043e\u0456\u043d\u0444\u043e\u0440\u043c\u043e\u0432\u0430\u043d\u0438\u0439 \u043f\u0440\u043e \u0440\u0435\u0437\u0443\u043b\u044c\u0442\u0430\u0442 \u0440\u043e\u0437\u0433\u043b\u044f\u0434\u0443 \u0441\u043a\u0430\u0440\u0433\u0438 \u0437\u0430 \u0432\u043a\u0430\u0437\u0430\u043d\u043e\u044e \u043d\u0438\u043c \u043a\u043e\u043d\u0442\u0430\u043a\u0442\u043d\u043e\u044e \u0430\u0434\u0440\u0435\u0441\u043e\u044e.<\/p><p class=\"p1\">\u0410\u0434\u043c\u0456\u043d\u0456\u0441\u0442\u0440\u0430\u0442\u043e\u0440 \u043d\u0435 \u043d\u0435\u0441\u0435 \u0432\u0456\u0434\u043f\u043e\u0432\u0456\u0434\u0430\u043b\u044c\u043d\u043e\u0441\u0442\u0456 \u0437\u0430 \u043d\u0430\u0441\u043b\u0456\u0434\u043a\u0438 \u043d\u0435\u043d\u0430\u043b\u0435\u0436\u043d\u043e\u0433\u043e \u0432\u0438\u043a\u043e\u0440\u0438\u0441\u0442\u0430\u043d\u043d\u044f \u0442\u043e\u0432\u0430\u0440\u0443.<\/p><p class=\"p1\">\u0412\u043e\u0434\u043d\u043e\u0447\u0430\u0441 \u043f\u043e\u0432\u0456\u0434\u043e\u043c\u043b\u044f\u0454\u043c\u043e, \u0449\u043e \u043f\u043e\u043a\u0443\u043f\u043a\u0438, \u0437\u0434\u0456\u0439\u0441\u043d\u0435\u043d\u0456 \u0447\u0435\u0440\u0435\u0437 \u0412\u0435\u0431-\u0441\u0430\u0439\u0442, \u043d\u0435 \u043f\u0440\u0438\u0437\u043d\u0430\u0447\u0435\u043d\u0456 \u0434\u043b\u044f \u0441\u043f\u043e\u0436\u0438\u0432\u0430\u0447\u0456\u0432, \u0430 \u0442\u043e\u043c\u0443 \u041f\u043e\u043a\u0443\u043f\u0435\u0446\u044c \u043d\u0435 \u043c\u0430\u0454 \u043f\u0440\u0430\u0432\u0430 \u0432\u0456\u0434\u043c\u043e\u0432\u0438\u0442\u0438\u0441\u044f \u0432\u0456\u0434 \u0434\u043e\u0433\u043e\u0432\u043e\u0440\u0443 \u043f\u0440\u043e\u0442\u044f\u0433\u043e\u043c 14 \u0434\u043d\u0456\u0432.<\/p><p class=\"p1\">\u0412\u0456\u0434\u043f\u043e\u0432\u0456\u0434\u043d\u043e \u0434\u043e \u0441\u0442\u0430\u0442\u0442\u0456 558 \u00a7 1 \u0426\u0438\u0432\u0456\u043b\u044c\u043d\u043e\u0433\u043e \u043a\u043e\u0434\u0435\u043a\u0441\u0443, \u0410\u0434\u043c\u0456\u043d\u0456\u0441\u0442\u0440\u0430\u0442\u043e\u0440 \u043d\u0435 \u043d\u0435\u0441\u0435 \u0433\u0430\u0440\u0430\u043d\u0442\u0456\u0439\u043d\u043e\u0457 \u0432\u0456\u0434\u043f\u043e\u0432\u0456\u0434\u0430\u043b\u044c\u043d\u043e\u0441\u0442\u0456 \u0437\u0430 \u0434\u0435\u0444\u0435\u043a\u0442\u0438 \u0442\u043e\u0432\u0430\u0440\u0456\u0432.<\/p>\t\t\t\t\t\t\t\t<\/div>\n\t\t\t\t\t<\/div>\n\t\t\t\t<\/div>\n\t\t\t\t<\/div>","protected":false},"excerpt":{"rendered":"<p>Reklamacje zwi\u0105zane z funkcjonowaniem Serwisu lub zakupionymi towarami mo\u017cna sk\u0142ada\u0107 drog\u0105 mailow\u0105 na adres: biuro.stockify@gmail.com lub pisemnie na adres Administratora. Zg\u0142oszenie reklamacyjne powinno zawiera\u0107 dane osoby sk\u0142adaj\u0105cej reklamacj\u0119 (imi\u0119, nazwisko, adres, adres e-mail) oraz dok\u0142adny opis problemu i przyczyny reklamacji. W celu sprawnego rozpatrzenia sprawy Administrator mo\u017ce poprosi\u0107 o dodatkowe informacje lub wyja\u015bnienia. Reklamacje rozpatrywane [&hellip;]<\/p>\n","protected":false},"author":1,"featured_media":0,"parent":0,"menu_order":0,"comment_status":"closed","ping_status":"closed","template":"","meta":{"_acf_changed":false,"footnotes":""},"class_list":["post-178","page","type-page","status-publish","hentry"],"acf":[],"_links":{"self":[{"href":"https:\/\/stockify24.pl\/uk\/wp-json\/wp\/v2\/pages\/178","targetHints":{"allow":["GET"]}}],"collection":[{"href":"https:\/\/stockify24.pl\/uk\/wp-json\/wp\/v2\/pages"}],"about":[{"href":"https:\/\/stockify24.pl\/uk\/wp-json\/wp\/v2\/types\/page"}],"author":[{"embeddable":true,"href":"https:\/\/stockify24.pl\/uk\/wp-json\/wp\/v2\/users\/1"}],"replies":[{"embeddable":true,"href":"https:\/\/stockify24.pl\/uk\/wp-json\/wp\/v2\/comments?post=178"}],"version-history":[{"count":6,"href":"https:\/\/stockify24.pl\/uk\/wp-json\/wp\/v2\/pages\/178\/revisions"}],"predecessor-version":[{"id":50330,"href":"https:\/\/stockify24.pl\/uk\/wp-json\/wp\/v2\/pages\/178\/revisions\/50330"}],"wp:attachment":[{"href":"https:\/\/stockify24.pl\/uk\/wp-json\/wp\/v2\/media?parent=178"}],"curies":[{"name":"wp","href":"https:\/\/api.w.org\/{rel}","templated":true}]}}