{"id":50167,"date":"2026-03-18T11:23:04","date_gmt":"2026-03-18T10:23:04","guid":{"rendered":"https:\/\/stockify24.pl\/?post_type=product&#038;p=50167"},"modified":"2026-04-03T14:23:13","modified_gmt":"2026-04-03T13:23:13","slug":"mix-elektroniki-z-europy-eu-80a-b140kg","status":"publish","type":"product","link":"https:\/\/stockify24.pl\/uk\/product\/mix-elektroniki-z-europy-eu-80a-b140kg\/","title":{"rendered":"\u0417\u043c\u0456\u0448\u0430\u043d\u0430 \u0435\u043b\u0435\u043a\u0442\u0440\u043e\u043d\u0456\u043a\u0430 \u0437 \u0404\u0432\u0440\u043e\u043f\u0438 (\u0404\u0421) |A-B| 140 \u043a\u0433"},"content":{"rendered":"<h1 data-section-id=\"6lp84z\" data-start=\"228\" data-end=\"287\">\ud83d\udce6 Mix elektroniki z Europy EU \u2013 paleta A\u2013B, wysoko\u015b\u0107 1M<\/h1>\n<p data-start=\"289\" data-end=\"438\"><strong data-start=\"289\" data-end=\"320\">Mix elektroniki z Europy EU<\/strong> to praktyczne rozwi\u0105zanie dla sprzeda\u017cy hurtowej, e-commerce oraz budowania oferty w segmencie elektroniki u\u017cytkowej.<\/p>\n<p data-start=\"440\" data-end=\"708\">Jedna paleta obejmuje zestaw produkt\u00f3w elektronicznych oraz akcesori\u00f3w, kt\u00f3re charakteryzuj\u0105 si\u0119 stabilnym popytem i mo\u017cliwo\u015bci\u0105 dalszej odsprzeda\u017cy. <strong data-start=\"590\" data-end=\"621\">Mix elektroniki<\/strong>\u00a0mo\u017ce by\u0107 wykorzystywany jako \u017ar\u00f3d\u0142o towaru w sprzeda\u017cy internetowej oraz stacjonarnej.<\/p>\n<p data-start=\"710\" data-end=\"942\">Ka\u017cdy <strong data-start=\"716\" data-end=\"747\">mix elektroniki EU<\/strong> jest pakowany losowo, dlatego zawarto\u015b\u0107 palety mo\u017ce r\u00f3\u017cni\u0107 si\u0119 od przedstawionych zdj\u0119\u0107. Wynika to z rotacji towaru oraz charakteru dostaw obejmuj\u0105cych zwroty konsumenckie i nadwy\u017cki magazynowe.<\/p>\n<p data-start=\"944\" data-end=\"1019\">Wysy\u0142ka odbywa si\u0119 losowo \u2014 ka\u017cda paleta stanowi unikalny zestaw produkt\u00f3w.<\/p>\n<h2 data-section-id=\"1jv14ab\" data-start=\"1026\" data-end=\"1078\">\ud83d\udd0c Mix elektroniki z Europy \u2013 zawarto\u015b\u0107 palety<\/h2>\n<p data-start=\"1080\" data-end=\"1211\"><strong data-start=\"1080\" data-end=\"1111\">Mix elektroniki z Europy EU<\/strong> obejmuje produkty z kategorii elektroniki u\u017cytkowej oraz akcesori\u00f3w mobilnych, w tym mi\u0119dzy innymi:<\/p>\n<ul data-start=\"1213\" data-end=\"1467\">\n<li data-section-id=\"admbw2\" data-start=\"1213\" data-end=\"1240\">\n<p data-start=\"1215\" data-end=\"1240\">\u0431\u0435\u0437\u0434\u0440\u043e\u0442\u043e\u0432\u0456 \u043d\u0430\u0432\u0443\u0448\u043d\u0438\u043a\u0438<\/p>\n<\/li>\n<li data-section-id=\"18hl43c\" data-start=\"1241\" data-end=\"1279\">\n<p data-start=\"1243\" data-end=\"1279\">\u0142adowarki sieciowe oraz powerbanki<\/p>\n<\/li>\n<li data-section-id=\"2cko63\" data-start=\"1280\" data-end=\"1297\">\n<p data-start=\"1282\" data-end=\"1297\">GSM \u0430\u043a\u0441\u0435\u0441\u0443\u0430\u0440\u0438<\/p>\n<\/li>\n<li data-section-id=\"r5wtn7\" data-start=\"1298\" data-end=\"1328\">\n<p data-start=\"1300\" data-end=\"1328\">urz\u0105dzenia typu smart home<\/p>\n<\/li>\n<li data-section-id=\"1ap55p8\" data-start=\"1329\" data-end=\"1393\">\n<p data-start=\"1331\" data-end=\"1393\">ma\u0142e AGD (np. suszarki, masa\u017cery i inne urz\u0105dzenia u\u017cytkowe)<\/p>\n<\/li>\n<li data-section-id=\"31a3fm\" data-start=\"1394\" data-end=\"1435\">\n<p data-start=\"1396\" data-end=\"1435\">kontrolery oraz gad\u017cety elektroniczne<\/p>\n<\/li>\n<li data-section-id=\"4egyp1\" data-start=\"1436\" data-end=\"1467\">\n<p data-start=\"1438\" data-end=\"1467\">inne produkty elektroniczne<\/p>\n<\/li>\n<\/ul>\n<p data-start=\"1469\" data-end=\"1593\">\ud83d\udcca Udzia\u0142 elektroniki wynosi oko\u0142o <strong data-start=\"1504\" data-end=\"1532\">70\u201380% zawarto\u015bci palety<\/strong>, co oznacza koncentracj\u0119 na segmencie elektroniki u\u017cytkowej.<\/p>\n<h2 data-section-id=\"5o645p\" data-start=\"1600\" data-end=\"1650\">\ud83c\udd70\ufe0f\ud83c\udd71\ufe0f Mix elektroniki z Europy \u2013 jako\u015b\u0107 A\u2013B<\/h2>\n<p data-start=\"1652\" data-end=\"1741\"><strong data-start=\"1652\" data-end=\"1687\">Mix elektroniki z Europy EU A\u2013B<\/strong> obejmuje produkty o zr\u00f3\u017cnicowanym stanie technicznym:<\/p>\n<ul data-start=\"1743\" data-end=\"1933\">\n<li data-section-id=\"1elyuiv\" data-start=\"1743\" data-end=\"1809\">\n<p data-start=\"1745\" data-end=\"1809\">przewaga produkt\u00f3w nowych lub w bardzo dobrym stanie wizualnym<\/p>\n<\/li>\n<li data-section-id=\"1l5huug\" data-start=\"1810\" data-end=\"1850\">\n<p data-start=\"1812\" data-end=\"1850\">\u043c\u043e\u0436\u043b\u0438\u0432\u0456 \u043d\u0435\u0437\u043d\u0430\u0447\u043d\u0456 \u0441\u043b\u0456\u0434\u0438 \u0432\u0438\u043a\u043e\u0440\u0438\u0441\u0442\u0430\u043d\u043d\u044f<\/p>\n<\/li>\n<li data-section-id=\"1njuyt9\" data-start=\"1851\" data-end=\"1933\">\n<p data-start=\"1853\" data-end=\"1933\">dopuszczalna, lecz niegwarantowana domieszka produkt\u00f3w klasy C (do oko\u0142o 5\u20137%)<\/p>\n<\/li>\n<\/ul>\n<p data-start=\"1935\" data-end=\"2038\">Taka struktura jako\u015bci pozwala zachowa\u0107 optymalny stosunek ceny zakupu do potencja\u0142u dalszej sprzeda\u017cy.<\/p>\n<h2 data-section-id=\"hfboyg\" data-start=\"2045\" data-end=\"2101\">\ud83d\udcd0 Parametry techniczne \u2013 mix elektroniki z Europy EU<\/h2>\n<ul data-start=\"2103\" data-end=\"2232\">\n<li data-section-id=\"rckeqa\" data-start=\"2103\" data-end=\"2134\">\n<p data-start=\"2105\" data-end=\"2134\">\u0432\u0438\u0441\u043e\u0442\u0430 \u043f\u0456\u0434\u0434\u043e\u043d\u0443: <strong data-start=\"2122\" data-end=\"2132\">1 \u043c\u0435\u0442\u0440<\/strong><\/p>\n<\/li>\n<li data-section-id=\"jqq3z3\" data-start=\"2135\" data-end=\"2161\">\n<p data-start=\"2137\" data-end=\"2161\">\u0447\u0438\u0441\u0442\u0430 \u0432\u0430\u0433\u0430: <strong data-start=\"2149\" data-end=\"2159\">140 kg<\/strong><\/p>\n<\/li>\n<li data-section-id=\"a4rjmf\" data-start=\"2162\" data-end=\"2199\">\n<p data-start=\"2164\" data-end=\"2199\">asortyment: losowy i zr\u00f3\u017cnicowany<\/p>\n<\/li>\n<li data-section-id=\"ohjx4g\" data-start=\"2200\" data-end=\"2232\">\n<p data-start=\"2202\" data-end=\"2232\">ka\u017cda paleta: unikalny sk\u0142ad<\/p>\n<\/li>\n<\/ul>\n<p data-start=\"2234\" data-end=\"2348\"><strong data-start=\"2234\" data-end=\"2265\">Mix elektroniki z Europy EU<\/strong> nie posiada sta\u0142ej listy produkt\u00f3w \u2014 zawarto\u015b\u0107 zale\u017cy od aktualnej partii dostawy.<\/p>\n<h2 data-section-id=\"art7kc\" data-start=\"2355\" data-end=\"2405\">\ud83d\udcbc Mix elektroniki z Europy EU \u2013 dlaczego warto<\/h2>\n<p data-start=\"2407\" data-end=\"2475\">Zakup produktu jakim jest <strong data-start=\"2433\" data-end=\"2464\">mix elektroniki z Europy EU<\/strong> umo\u017cliwia:<\/p>\n<ul data-start=\"2477\" data-end=\"2751\">\n<li data-section-id=\"d6n9ym\" data-start=\"2477\" data-end=\"2525\">\n<p data-start=\"2479\" data-end=\"2525\">\u0434\u043e\u0441\u0442\u0443\u043f \u0434\u043e \u0442\u043e\u0432\u0430\u0440\u0456\u0432 \u0437\u0430 \u0446\u0456\u043d\u043e\u044e, \u043d\u0438\u0436\u0447\u043e\u044e \u0437\u0430 \u0440\u0438\u043d\u043a\u043e\u0432\u0443<\/p>\n<\/li>\n<li data-section-id=\"13qq7xx\" data-start=\"2526\" data-end=\"2580\">\n<p data-start=\"2528\" data-end=\"2580\">uzyskanie szerokiego asortymentu w jednej dostawie<\/p>\n<\/li>\n<li data-section-id=\"v2np6n\" data-start=\"2581\" data-end=\"2648\">\n<p data-start=\"2583\" data-end=\"2648\">zwi\u0119kszenie potencja\u0142u sprzeda\u017cy dzi\u0119ki r\u00f3\u017cnorodno\u015bci produkt\u00f3w<\/p>\n<\/li>\n<li data-section-id=\"22aq9j\" data-start=\"2649\" data-end=\"2713\">\n<p data-start=\"2651\" data-end=\"2713\">testowanie r\u00f3\u017cnych kategorii bez du\u017cych nak\u0142ad\u00f3w finansowych<\/p>\n<\/li>\n<li data-section-id=\"lqu1wo\" data-start=\"2714\" data-end=\"2751\">\n<p data-start=\"2716\" data-end=\"2751\">rozw\u00f3j sprzeda\u017cy online i offline<\/p>\n<\/li>\n<\/ul>\n<p data-start=\"2753\" data-end=\"2904\">Palety pochodz\u0105 ze zwrot\u00f3w konsumenckich oraz nadwy\u017cek magazynowych, dzi\u0119ki czemu ka\u017cdy <strong data-start=\"2841\" data-end=\"2872\">mix elektroniki z Europy EU<\/strong> stanowi unikalne \u017ar\u00f3d\u0142o towaru.<\/p>\n<h2 data-section-id=\"1nzb8um\" data-start=\"2048\" data-end=\"2088\">\ud83d\udcbc \u0412\u0438\u043a\u043e\u0440\u0438\u0441\u0442\u0430\u043d\u043d\u044f \u0432 \u0435\u043b\u0435\u043a\u0442\u0440\u043e\u043d\u043d\u0456\u0439 \u043a\u043e\u043c\u0435\u0440\u0446\u0456\u0457 \u0442\u0430 \u0442\u043e\u0440\u0433\u0456\u0432\u043b\u0456<\/h2>\n<p data-start=\"2090\" data-end=\"2179\">\u041f\u0430\u043b\u0456\u0442\u0440\u0430 \u0435\u043b\u0435\u043a\u0442\u0440\u043e\u043d\u0456\u043a\u0438 Amazon \u0434\u043e\u0431\u0440\u0435 \u043f\u043e\u0454\u0434\u043d\u0443\u0454\u0442\u044c\u0441\u044f \u0437 \u043e\u0431'\u0454\u043c\u043d\u0438\u043c\u0438 \u0442\u0430 \u0440\u043e\u0442\u0430\u0446\u0456\u0439\u043d\u0438\u043c\u0438 \u043c\u043e\u0434\u0435\u043b\u044f\u043c\u0438 \u043f\u0440\u043e\u0434\u0430\u0436\u0456\u0432:<\/p>\n<ul data-start=\"2181\" data-end=\"2344\">\n<li data-section-id=\"1c1wa51\" data-start=\"2181\" data-end=\"2224\">\u0440\u043e\u0437\u043f\u0440\u043e\u0434\u0430\u0436 \u0437\u0430 \u0430\u0434\u0440\u0435\u0441\u043e\u044e <a href=\"https:\/\/allegro.pl\/\" target=\"_blank\" rel=\"noopener\">Allegro<\/a>, <a href=\"https:\/\/www.olx.pl\/\" target=\"_blank\" rel=\"noopener\">OLX<\/a>, <a href=\"https:\/\/www.ebay.com\/\" target=\"_blank\" rel=\"noopener\">eBay<\/a>, <a href=\"https:\/\/www.amazon.com\/\" target=\"_blank\" rel=\"noopener\">\u0410\u043c\u0430\u0437\u043e\u043d\u043a\u0430<\/a><\/li>\n<li data-section-id=\"1fmpn86\" data-start=\"2225\" data-end=\"2247\">\u0456\u043d\u0442\u0435\u0440\u043d\u0435\u0442-\u043c\u0430\u0433\u0430\u0437\u0438\u043d\u0438<\/li>\n<li data-section-id=\"gynsj7\" data-start=\"2248\" data-end=\"2281\">\u0440\u043e\u0437\u0434\u0440\u0456\u0431\u043d\u0430 \u0442\u0430 \u043e\u043f\u0442\u043e\u0432\u0430 \u0442\u043e\u0440\u0433\u0456\u0432\u043b\u044f<\/li>\n<li data-section-id=\"161gjv4\" data-start=\"2282\" data-end=\"2320\">\u0440\u043e\u0437\u0432\u0438\u0442\u043e\u043a \u0432\u043b\u0430\u0441\u043d\u043e\u0433\u043e \u0441\u043a\u043b\u0430\u0434\u0443 \u043f\u0440\u043e\u0434\u0443\u043a\u0446\u0456\u0457<\/li>\n<li data-section-id=\"1fuo8gv\" data-start=\"2321\" data-end=\"2344\">\u043f\u0440\u043e\u0434\u043e\u0432\u0436\u0435\u043d\u043d\u044f \u043f\u0440\u043e\u043f\u043e\u0437\u0438\u0446\u0456\u0457<\/li>\n<\/ul>\n<p data-start=\"2346\" data-end=\"2462\">\u0426\u0435 \u0440\u0456\u0448\u0435\u043d\u043d\u044f \u0434\u043e\u0437\u0432\u043e\u043b\u044f\u0454 \u0437\u0431\u0456\u043b\u044c\u0448\u0438\u0442\u0438 \u043a\u0456\u043b\u044c\u043a\u0456\u0441\u0442\u044c \u043f\u0440\u043e\u0434\u0443\u043a\u0442\u0456\u0432 \u0456 \u043f\u043e\u043a\u0440\u0430\u0449\u0438\u0442\u0438 \u043f\u043e\u043a\u0430\u0437\u043d\u0438\u043a\u0438 \u043f\u0440\u043e\u0434\u0430\u0436\u0456\u0432 \u0431\u0435\u0437 \u0437\u0431\u0456\u043b\u044c\u0448\u0435\u043d\u043d\u044f \u0432\u0438\u0442\u0440\u0430\u0442 \u043d\u0430 \u043e\u0434\u0438\u043d\u0438\u0446\u044e \u043f\u0440\u043e\u0434\u0443\u043a\u0446\u0456\u0457.<\/p>\n<h2 data-section-id=\"8u5ilv\" data-start=\"2911\" data-end=\"2954\">\ud83d\ude9a Dostawa \u2013 mix elektroniki z Europy EU<\/h2>\n<ul data-start=\"2956\" data-end=\"3027\">\n<li data-section-id=\"1io1mk2\" data-start=\"2956\" data-end=\"2995\">\n<p data-start=\"2958\" data-end=\"2995\">\u0448\u0432\u0438\u0434\u043a\u0430 \u0432\u0456\u0434\u043f\u0440\u0430\u0432\u043a\u0430 \u0437\u0456 \u0441\u043a\u043b\u0430\u0434\u0443 \u0432 \u0404\u0432\u0440\u043e\u043f\u0456<\/p>\n<\/li>\n<li data-section-id=\"1w7s4ii\" data-start=\"2996\" data-end=\"3027\">\n<p data-start=\"2998\" data-end=\"3027\">\u0435\u0444\u0435\u043a\u0442\u0438\u0432\u043d\u0430 \u043e\u0431\u0440\u043e\u0431\u043a\u0430 \u0437\u0430\u043c\u043e\u0432\u043b\u0435\u043d\u044c<\/p>\n<\/li>\n<\/ul>\n<h2 data-section-id=\"opmkg3\" data-start=\"3034\" data-end=\"3060\">\u2139\ufe0f \u0414\u043e\u0434\u0430\u0442\u043a\u043e\u0432\u0430 \u0456\u043d\u0444\u043e\u0440\u043c\u0430\u0446\u0456\u044f<\/h2>\n<p data-start=\"3062\" data-end=\"3163\">\u0422\u043e\u0432\u0430\u0440\u0438 \u043d\u0435 \u0442\u0435\u0441\u0442\u0443\u044e\u0442\u044c\u0441\u044f \u0456\u043d\u0434\u0438\u0432\u0456\u0434\u0443\u0430\u043b\u044c\u043d\u043e.<br data-start=\"3098\" data-end=\"3101\" \/>\u041c\u043e\u0436\u043b\u0438\u0432\u0430 \u043d\u0435\u0437\u043d\u0430\u0447\u043d\u0430 \u0434\u043e\u043c\u0456\u0448\u043a\u0430 (\u043f\u0440\u0438\u0431\u043b\u0438\u0437\u043d\u043e \u0434\u043e 5-7%) \u043f\u0440\u043e\u0434\u0443\u043a\u0442\u0456\u0432 \u043a\u043b\u0430\u0441\u0443 \u0421.<\/p>\n<h2 data-section-id=\"1r63ysc\" data-start=\"3170\" data-end=\"3225\">\ud83d\udcf8 Przyk\u0142adowe zdj\u0119cia \u2013 mix elektroniki z Europy EU<\/h2>\n<p data-start=\"3227\" data-end=\"3321\">Przyk\u0142adowe zdj\u0119cia palety maj\u0105 charakter pogl\u0105dowy i przedstawiaj\u0105 typowy przekr\u00f3j produkt\u00f3w.<\/p>\n<p data-start=\"3323\" data-end=\"3449\">Ka\u017cdy <strong data-start=\"3329\" data-end=\"3360\">\u043c\u0456\u043a\u0441 \u0435\u043b\u0435\u043a\u0442\u0440\u043e\u043d\u0456\u043a\u0438 \u0437 \u0404\u0432\u0440\u043e\u043f\u0438<\/strong>\u00a0jest pakowany losowo, dlatego zawarto\u015b\u0107 palety mo\u017ce r\u00f3\u017cni\u0107 si\u0119 od przedstawionych zdj\u0119\u0107.<\/p>\n<p data-start=\"3451\" data-end=\"3526\">Wysy\u0142ka odbywa si\u0119 losowo \u2014 ka\u017cda paleta stanowi unikalny zestaw produkt\u00f3w.<\/p>\n<p data-start=\"3451\" data-end=\"3526\">\u0423\u0441\u0456 \u043c\u043e\u0434\u0435\u043b\u0456 \u043f\u0456\u0434\u0434\u043e\u043d\u0456\u0432 Amazon \u043c\u043e\u0436\u043d\u0430 \u0437\u043d\u0430\u0439\u0442\u0438 <a href=\"https:\/\/stockify24.pl\/uk\/sklep\/\"><strong>\u0442\u0443\u0442.<\/strong>.<\/a><\/p>","protected":false},"excerpt":{"rendered":"<p class=\"p1\">\u26a1 Oko\u0142o 70\u201380% elektroniki<\/p>\n<p class=\"p1\">\ud83c\uddea\ud83c\uddfa EU<\/p>\n<p class=\"p1\">\ud83d\udd25 Amazon Returns<\/p>\n<p class=\"p1\" style=\"text-align: left;\">\u2714\ufe0f Jako\u015b\u0107 A\u2013B<\/p>","protected":false},"featured_media":50121,"comment_status":"open","ping_status":"closed","template":"","meta":{"_acf_changed":false},"product_brand":[],"product_cat":[1258,1273,1284],"product_tag":[1274],"class_list":{"0":"post-50167","1":"product","2":"type-product","3":"status-publish","4":"has-post-thumbnail","6":"product_cat-amazon-paleta","7":"product_cat-mix-elektroniki-eu-amazon-returns-ab","8":"product_cat-palety-dnia","9":"product_tag-paleta-mix-elektroniki-z-europy","11":"first","12":"instock","13":"sold-individually","14":"taxable","15":"shipping-taxable","16":"purchasable","17":"product-type-simple"},"acf":[],"_links":{"self":[{"href":"https:\/\/stockify24.pl\/uk\/wp-json\/wp\/v2\/product\/50167","targetHints":{"allow":["GET"]}}],"collection":[{"href":"https:\/\/stockify24.pl\/uk\/wp-json\/wp\/v2\/product"}],"about":[{"href":"https:\/\/stockify24.pl\/uk\/wp-json\/wp\/v2\/types\/product"}],"replies":[{"embeddable":true,"href":"https:\/\/stockify24.pl\/uk\/wp-json\/wp\/v2\/comments?post=50167"}],"wp:featuredmedia":[{"embeddable":true,"href":"https:\/\/stockify24.pl\/uk\/wp-json\/wp\/v2\/media\/50121"}],"wp:attachment":[{"href":"https:\/\/stockify24.pl\/uk\/wp-json\/wp\/v2\/media?parent=50167"}],"wp:term":[{"taxonomy":"product_brand","embeddable":true,"href":"https:\/\/stockify24.pl\/uk\/wp-json\/wp\/v2\/product_brand?post=50167"},{"taxonomy":"product_cat","embeddable":true,"href":"https:\/\/stockify24.pl\/uk\/wp-json\/wp\/v2\/product_cat?post=50167"},{"taxonomy":"product_tag","embeddable":true,"href":"https:\/\/stockify24.pl\/uk\/wp-json\/wp\/v2\/product_tag?post=50167"}],"curies":[{"name":"wp","href":"https:\/\/api.w.org\/{rel}","templated":true}]}}