{"id":50168,"date":"2026-03-18T11:41:47","date_gmt":"2026-03-18T10:41:47","guid":{"rendered":"https:\/\/stockify24.pl\/?post_type=product&#038;p=50168"},"modified":"2026-03-30T10:17:30","modified_gmt":"2026-03-30T09:17:30","slug":"mix-elektroniki-z-europy-eu-80a-b150kg","status":"publish","type":"product","link":"https:\/\/stockify24.pl\/uk\/product\/mix-elektroniki-z-europy-eu-80a-b150kg\/","title":{"rendered":"\u0417\u043c\u0456\u0448\u0430\u043d\u0430 \u0435\u043b\u0435\u043a\u0442\u0440\u043e\u043d\u0456\u043a\u0430 \u0437 \u0404\u0432\u0440\u043e\u043f\u0438 (\u0404\u0421) |A-B| 150 \u043a\u0433"},"content":{"rendered":"<h2 data-section-id=\"6lp84z\" data-start=\"237\" data-end=\"296\">\ud83d\udce6 Mix elektroniki z Europy EU \u2013 paleta A\u2013B, wysoko\u015b\u0107 1M<\/h2>\n<p data-start=\"298\" data-end=\"449\"><strong data-start=\"298\" data-end=\"329\">Mix elektroniki z Europy EU<\/strong> to rozwi\u0105zanie przeznaczone dla sprzeda\u017cy hurtowej, e-commerce oraz budowania oferty w segmencie elektroniki u\u017cytkowej.<\/p>\n<p data-start=\"451\" data-end=\"727\">Paleta zawiera zestaw produkt\u00f3w elektronicznych i akcesori\u00f3w, kt\u00f3re utrzymuj\u0105 stabilny popyt oraz nadaj\u0105 si\u0119 do dalszej odsprzeda\u017cy. Dzi\u0119ki temu <strong data-start=\"596\" data-end=\"630\">paleta elektroniki z Europy EU<\/strong> mo\u017ce by\u0107 wykorzystywana jako \u017ar\u00f3d\u0142o towaru zar\u00f3wno w sprzeda\u017cy internetowej, jak i stacjonarnej.<\/p>\n<p data-start=\"729\" data-end=\"959\">Ka\u017cdy <strong data-start=\"735\" data-end=\"757\">mix elektroniki EU<\/strong> pakowany jest losowo, dlatego zawarto\u015b\u0107 palety mo\u017ce r\u00f3\u017cni\u0107 si\u0119 od przedstawionych zdj\u0119\u0107. R\u00f3\u017cnice wynikaj\u0105 z rotacji towaru oraz charakteru dostaw obejmuj\u0105cych zwroty konsumenckie i nadwy\u017cki magazynowe.<\/p>\n<p data-start=\"961\" data-end=\"1036\">Wysy\u0142ka odbywa si\u0119 losowo \u2014 ka\u017cda paleta stanowi unikalny zestaw produkt\u00f3w.<\/p>\n<h2 data-section-id=\"1jv14ab\" data-start=\"1043\" data-end=\"1095\">\ud83d\udd0c Mix elektroniki z Europy EU \u2013 zawarto\u015b\u0107 palety<\/h2>\n<p data-start=\"1097\" data-end=\"1231\"><strong data-start=\"1097\" data-end=\"1131\">Paleta elektroniki z Europy EU<\/strong> obejmuje produkty z kategorii elektroniki u\u017cytkowej oraz akcesori\u00f3w mobilnych, w tym mi\u0119dzy innymi:<\/p>\n<ul data-start=\"1233\" data-end=\"1487\">\n<li data-section-id=\"admbw2\" data-start=\"1233\" data-end=\"1260\">\n<p data-start=\"1235\" data-end=\"1260\">\u0431\u0435\u0437\u0434\u0440\u043e\u0442\u043e\u0432\u0456 \u043d\u0430\u0432\u0443\u0448\u043d\u0438\u043a\u0438<\/p>\n<\/li>\n<li data-section-id=\"18hl43c\" data-start=\"1261\" data-end=\"1299\">\n<p data-start=\"1263\" data-end=\"1299\">\u0142adowarki sieciowe oraz powerbanki<\/p>\n<\/li>\n<li data-section-id=\"2cko63\" data-start=\"1300\" data-end=\"1317\">\n<p data-start=\"1302\" data-end=\"1317\">GSM \u0430\u043a\u0441\u0435\u0441\u0443\u0430\u0440\u0438<\/p>\n<\/li>\n<li data-section-id=\"r5wtn7\" data-start=\"1318\" data-end=\"1348\">\n<p data-start=\"1320\" data-end=\"1348\">urz\u0105dzenia typu smart home<\/p>\n<\/li>\n<li data-section-id=\"1ap55p8\" data-start=\"1349\" data-end=\"1413\">\n<p data-start=\"1351\" data-end=\"1413\">ma\u0142e AGD (np. suszarki, masa\u017cery i inne urz\u0105dzenia u\u017cytkowe)<\/p>\n<\/li>\n<li data-section-id=\"31a3fm\" data-start=\"1414\" data-end=\"1455\">\n<p data-start=\"1416\" data-end=\"1455\">kontrolery oraz gad\u017cety elektroniczne<\/p>\n<\/li>\n<li data-section-id=\"4egyp1\" data-start=\"1456\" data-end=\"1487\">\n<p data-start=\"1458\" data-end=\"1487\">inne produkty elektroniczne<\/p>\n<\/li>\n<\/ul>\n<p data-start=\"1489\" data-end=\"1617\">\ud83d\udcca Udzia\u0142 elektroniki wynosi oko\u0142o 70\u201380% zawarto\u015bci palety, co wskazuje na koncentracj\u0119 na segmencie elektroniki u\u017cytkowej.<\/p>\n<h2 data-section-id=\"w929kk\" data-start=\"1624\" data-end=\"1675\">\ud83c\udd70\ufe0f\ud83c\udd71\ufe0f Jako\u015b\u0107 produkt\u00f3w \u2013 mix elektroniki EU A\u2013B<\/h2>\n<p data-start=\"1677\" data-end=\"1766\"><strong data-start=\"1677\" data-end=\"1712\">Mix elektroniki 150 kg A\u2013B<\/strong> obejmuje produkty o zr\u00f3\u017cnicowanym stanie technicznym:<\/p>\n<ul data-start=\"1768\" data-end=\"1958\">\n<li data-section-id=\"1elyuiv\" data-start=\"1768\" data-end=\"1834\">\n<p data-start=\"1770\" data-end=\"1834\">przewaga produkt\u00f3w nowych lub w bardzo dobrym stanie wizualnym<\/p>\n<\/li>\n<li data-section-id=\"1l5huug\" data-start=\"1835\" data-end=\"1875\">\n<p data-start=\"1837\" data-end=\"1875\">\u043c\u043e\u0436\u043b\u0438\u0432\u0456 \u043d\u0435\u0437\u043d\u0430\u0447\u043d\u0456 \u0441\u043b\u0456\u0434\u0438 \u0432\u0438\u043a\u043e\u0440\u0438\u0441\u0442\u0430\u043d\u043d\u044f<\/p>\n<\/li>\n<li data-section-id=\"1njuyt9\" data-start=\"1876\" data-end=\"1958\">\n<p data-start=\"1878\" data-end=\"1958\">dopuszczalna, lecz niegwarantowana domieszka produkt\u00f3w klasy C (do oko\u0142o 5\u20137%)<\/p>\n<\/li>\n<\/ul>\n<p data-start=\"1960\" data-end=\"2062\">Taki poziom jako\u015bci umo\u017cliwia zachowanie optymalnego stosunku ceny zakupu do potencja\u0142u sprzeda\u017cowego.<\/p>\n<h2 data-section-id=\"118zx3t\" data-start=\"2069\" data-end=\"2125\">\ud83d\udcd0 Parametry techniczne \u2013 paleta elektroniki z Europy<\/h2>\n<ul data-start=\"2127\" data-end=\"2256\">\n<li data-section-id=\"rckeqa\" data-start=\"2127\" data-end=\"2158\">\n<p data-start=\"2129\" data-end=\"2158\">\u0432\u0438\u0441\u043e\u0442\u0430 \u043f\u0456\u0434\u0434\u043e\u043d\u0443: <strong data-start=\"2146\" data-end=\"2156\">1 \u043c\u0435\u0442\u0440<\/strong><\/p>\n<\/li>\n<li data-section-id=\"n26hge\" data-start=\"2159\" data-end=\"2185\">\n<p data-start=\"2161\" data-end=\"2185\">\u0447\u0438\u0441\u0442\u0430 \u0432\u0430\u0433\u0430: <strong data-start=\"2173\" data-end=\"2183\">150 kg<\/strong><\/p>\n<\/li>\n<li data-section-id=\"a4rjmf\" data-start=\"2186\" data-end=\"2223\">\n<p data-start=\"2188\" data-end=\"2223\">asortyment: losowy i zr\u00f3\u017cnicowany<\/p>\n<\/li>\n<li data-section-id=\"ohjx4g\" data-start=\"2224\" data-end=\"2256\">\n<p data-start=\"2226\" data-end=\"2256\">ka\u017cda paleta: unikalny sk\u0142ad<\/p>\n<\/li>\n<\/ul>\n<p data-start=\"2258\" data-end=\"2381\"><strong data-start=\"2258\" data-end=\"2289\">Mix elektroniki z Europy EU<\/strong> nie posiada sta\u0142ej specyfikacji produktowej \u2014 zawarto\u015b\u0107 zale\u017cy od aktualnej partii dostawy.<\/p>\n<h2 data-section-id=\"adde93\" data-start=\"2388\" data-end=\"2443\">\ud83d\udcbc Dlaczego warto wybra\u0107 mix elektroniki z Europy EU<\/h2>\n<p data-start=\"2445\" data-end=\"2507\">Zakup produktu jakim jest <strong>paleta elektroniki A\u2013B<\/strong>\u00a0umo\u017cliwia:<\/p>\n<ul data-start=\"2509\" data-end=\"2788\">\n<li data-section-id=\"i0zycv\" data-start=\"2509\" data-end=\"2551\">\n<p data-start=\"2511\" data-end=\"2551\">dost\u0119p do towaru poni\u017cej ceny rynkowej<\/p>\n<\/li>\n<li data-section-id=\"13qq7xx\" data-start=\"2552\" data-end=\"2606\">\n<p data-start=\"2554\" data-end=\"2606\">uzyskanie szerokiego asortymentu w jednej dostawie<\/p>\n<\/li>\n<li data-section-id=\"v2np6n\" data-start=\"2607\" data-end=\"2674\">\n<p data-start=\"2609\" data-end=\"2674\">zwi\u0119kszenie potencja\u0142u sprzeda\u017cy dzi\u0119ki r\u00f3\u017cnorodno\u015bci produkt\u00f3w<\/p>\n<\/li>\n<li data-section-id=\"22aq9j\" data-start=\"2675\" data-end=\"2739\">\n<p data-start=\"2677\" data-end=\"2739\">testowanie r\u00f3\u017cnych kategorii bez du\u017cych nak\u0142ad\u00f3w finansowych<\/p>\n<\/li>\n<li data-section-id=\"krsy5u\" data-start=\"2740\" data-end=\"2788\">\n<p data-start=\"2742\" data-end=\"2788\">rozw\u00f3j sprzeda\u017cy w kana\u0142ach online i offline<\/p>\n<\/li>\n<\/ul>\n<p data-start=\"2790\" data-end=\"2938\">Towar pochodzi ze zwrot\u00f3w konsumenckich oraz nadwy\u017cek magazynowych, dlatego ka\u017cda <strong data-start=\"2872\" data-end=\"2903\">paleta elektroniki z Europy<\/strong> stanowi unikalne \u017ar\u00f3d\u0142o produkt\u00f3w.<\/p>\n<h2 data-section-id=\"1nzb8um\" data-start=\"2048\" data-end=\"2088\">\ud83d\udcbc \u0412\u0438\u043a\u043e\u0440\u0438\u0441\u0442\u0430\u043d\u043d\u044f \u0432 \u0435\u043b\u0435\u043a\u0442\u0440\u043e\u043d\u043d\u0456\u0439 \u043a\u043e\u043c\u0435\u0440\u0446\u0456\u0457 \u0442\u0430 \u0442\u043e\u0440\u0433\u0456\u0432\u043b\u0456<\/h2>\n<p data-start=\"2090\" data-end=\"2179\">\u041f\u0430\u043b\u0456\u0442\u0440\u0430 \u0435\u043b\u0435\u043a\u0442\u0440\u043e\u043d\u0456\u043a\u0438 Amazon \u0434\u043e\u0431\u0440\u0435 \u043f\u043e\u0454\u0434\u043d\u0443\u0454\u0442\u044c\u0441\u044f \u0437 \u043e\u0431'\u0454\u043c\u043d\u0438\u043c\u0438 \u0442\u0430 \u0440\u043e\u0442\u0430\u0446\u0456\u0439\u043d\u0438\u043c\u0438 \u043c\u043e\u0434\u0435\u043b\u044f\u043c\u0438 \u043f\u0440\u043e\u0434\u0430\u0436\u0456\u0432:<\/p>\n<ul data-start=\"2181\" data-end=\"2344\">\n<li data-section-id=\"1c1wa51\" data-start=\"2181\" data-end=\"2224\">\u0440\u043e\u0437\u043f\u0440\u043e\u0434\u0430\u0436 \u0437\u0430 \u0430\u0434\u0440\u0435\u0441\u043e\u044e <a href=\"https:\/\/allegro.pl\/\" target=\"_blank\" rel=\"noopener\">Allegro<\/a>, <a href=\"https:\/\/www.olx.pl\/\" target=\"_blank\" rel=\"noopener\">OLX<\/a>, <a href=\"https:\/\/www.ebay.com\/\" target=\"_blank\" rel=\"noopener\">eBay<\/a>, <a href=\"https:\/\/www.amazon.com\/\" target=\"_blank\" rel=\"noopener\">\u0410\u043c\u0430\u0437\u043e\u043d\u043a\u0430<\/a><\/li>\n<li data-section-id=\"1fmpn86\" data-start=\"2225\" data-end=\"2247\">\u0456\u043d\u0442\u0435\u0440\u043d\u0435\u0442-\u043c\u0430\u0433\u0430\u0437\u0438\u043d\u0438<\/li>\n<li data-section-id=\"gynsj7\" data-start=\"2248\" data-end=\"2281\">\u0440\u043e\u0437\u0434\u0440\u0456\u0431\u043d\u0430 \u0442\u0430 \u043e\u043f\u0442\u043e\u0432\u0430 \u0442\u043e\u0440\u0433\u0456\u0432\u043b\u044f<\/li>\n<li data-section-id=\"161gjv4\" data-start=\"2282\" data-end=\"2320\">\u0440\u043e\u0437\u0432\u0438\u0442\u043e\u043a \u0432\u043b\u0430\u0441\u043d\u043e\u0433\u043e \u0441\u043a\u043b\u0430\u0434\u0443 \u043f\u0440\u043e\u0434\u0443\u043a\u0446\u0456\u0457<\/li>\n<li data-section-id=\"1fuo8gv\" data-start=\"2321\" data-end=\"2344\">\u043f\u0440\u043e\u0434\u043e\u0432\u0436\u0435\u043d\u043d\u044f \u043f\u0440\u043e\u043f\u043e\u0437\u0438\u0446\u0456\u0457<\/li>\n<\/ul>\n<p data-start=\"2346\" data-end=\"2462\">\u0426\u0435 \u0440\u0456\u0448\u0435\u043d\u043d\u044f \u0434\u043e\u0437\u0432\u043e\u043b\u044f\u0454 \u0437\u0431\u0456\u043b\u044c\u0448\u0438\u0442\u0438 \u043a\u0456\u043b\u044c\u043a\u0456\u0441\u0442\u044c \u043f\u0440\u043e\u0434\u0443\u043a\u0442\u0456\u0432 \u0456 \u043f\u043e\u043a\u0440\u0430\u0449\u0438\u0442\u0438 \u043f\u043e\u043a\u0430\u0437\u043d\u0438\u043a\u0438 \u043f\u0440\u043e\u0434\u0430\u0436\u0456\u0432 \u0431\u0435\u0437 \u0437\u0431\u0456\u043b\u044c\u0448\u0435\u043d\u043d\u044f \u0432\u0438\u0442\u0440\u0430\u0442 \u043d\u0430 \u043e\u0434\u0438\u043d\u0438\u0446\u044e \u043f\u0440\u043e\u0434\u0443\u043a\u0446\u0456\u0457.<\/p>\n<h2 data-section-id=\"8u5ilv\" data-start=\"2945\" data-end=\"2988\">\ud83d\ude9a Dostawa \u2013 mix elektroniki z Europy EU<\/h2>\n<ul data-start=\"2990\" data-end=\"3061\">\n<li data-section-id=\"1io1mk2\" data-start=\"2990\" data-end=\"3029\">\n<p data-start=\"2992\" data-end=\"3029\">\u0448\u0432\u0438\u0434\u043a\u0430 \u0432\u0456\u0434\u043f\u0440\u0430\u0432\u043a\u0430 \u0437\u0456 \u0441\u043a\u043b\u0430\u0434\u0443 \u0432 \u0404\u0432\u0440\u043e\u043f\u0456<\/p>\n<\/li>\n<li data-section-id=\"1w7s4ii\" data-start=\"3030\" data-end=\"3061\">\n<p data-start=\"3032\" data-end=\"3061\">\u0435\u0444\u0435\u043a\u0442\u0438\u0432\u043d\u0430 \u043e\u0431\u0440\u043e\u0431\u043a\u0430 \u0437\u0430\u043c\u043e\u0432\u043b\u0435\u043d\u044c<\/p>\n<\/li>\n<\/ul>\n<h2 data-section-id=\"opmkg3\" data-start=\"3068\" data-end=\"3094\">\u2139\ufe0f \u0414\u043e\u0434\u0430\u0442\u043a\u043e\u0432\u0430 \u0456\u043d\u0444\u043e\u0440\u043c\u0430\u0446\u0456\u044f<\/h2>\n<p data-start=\"3096\" data-end=\"3197\">\u0422\u043e\u0432\u0430\u0440\u0438 \u043d\u0435 \u0442\u0435\u0441\u0442\u0443\u044e\u0442\u044c\u0441\u044f \u0456\u043d\u0434\u0438\u0432\u0456\u0434\u0443\u0430\u043b\u044c\u043d\u043e.<br data-start=\"3132\" data-end=\"3135\" \/>\u041c\u043e\u0436\u043b\u0438\u0432\u0430 \u043d\u0435\u0437\u043d\u0430\u0447\u043d\u0430 \u0434\u043e\u043c\u0456\u0448\u043a\u0430 (\u043f\u0440\u0438\u0431\u043b\u0438\u0437\u043d\u043e \u0434\u043e 5-7%) \u043f\u0440\u043e\u0434\u0443\u043a\u0442\u0456\u0432 \u043a\u043b\u0430\u0441\u0443 \u0421.<\/p>\n<h2 data-section-id=\"1r63ysc\" data-start=\"3204\" data-end=\"3259\">\ud83d\udcf8 Przyk\u0142adowe zdj\u0119cia \u2013 mix elektroniki z Europy EU<\/h2>\n<p data-start=\"3261\" data-end=\"3348\">Przyk\u0142adowe zdj\u0119cia maj\u0105 charakter pogl\u0105dowy i przedstawiaj\u0105 typowy przekr\u00f3j produkt\u00f3w.<\/p>\n<p data-start=\"3350\" data-end=\"3476\">Ka\u017cdy <strong data-start=\"3356\" data-end=\"3387\">mix elektroniki z Europy EU<\/strong> pakowany jest losowo, dlatego zawarto\u015b\u0107 palety mo\u017ce r\u00f3\u017cni\u0107 si\u0119 od przedstawionych zdj\u0119\u0107.<\/p>\n<p data-start=\"3478\" data-end=\"3553\">Wysy\u0142ka odbywa si\u0119 losowo \u2014 ka\u017cda paleta stanowi unikalny zestaw produkt\u00f3w.<\/p>\n<p data-start=\"3478\" data-end=\"3553\">\u0423\u0441\u0456 \u043c\u043e\u0434\u0435\u043b\u0456 \u043f\u0456\u0434\u0434\u043e\u043d\u0456\u0432 Amazon \u043c\u043e\u0436\u043d\u0430 \u0437\u043d\u0430\u0439\u0442\u0438 <a href=\"https:\/\/stockify24.pl\/uk\/sklep\/\"><strong>\u0442\u0443\u0442.<\/strong>.<\/a><\/p>","protected":false},"excerpt":{"rendered":"<p class=\"p1\">\u26a1 Oko\u0142o 70\u201380% elektroniki<\/p>\n<p class=\"p1\">\ud83c\uddea\ud83c\uddfa EU<\/p>\n<p class=\"p1\">\ud83d\udd25 Amazon Returns<\/p>\n<p class=\"p1\" style=\"text-align: left;\">\u2714\ufe0f Jako\u015b\u0107 A\u2013B<\/p>","protected":false},"featured_media":50116,"comment_status":"open","ping_status":"closed","template":"","meta":{"_acf_changed":false},"product_brand":[],"product_cat":[1258,1273,1284],"product_tag":[1274],"class_list":{"0":"post-50168","1":"product","2":"type-product","3":"status-publish","4":"has-post-thumbnail","6":"product_cat-amazon-paleta","7":"product_cat-mix-elektroniki-eu-amazon-returns-ab","8":"product_cat-palety-dnia","9":"product_tag-paleta-mix-elektroniki-z-europy","11":"first","12":"instock","13":"sold-individually","14":"taxable","15":"shipping-taxable","16":"purchasable","17":"product-type-simple"},"acf":[],"_links":{"self":[{"href":"https:\/\/stockify24.pl\/uk\/wp-json\/wp\/v2\/product\/50168","targetHints":{"allow":["GET"]}}],"collection":[{"href":"https:\/\/stockify24.pl\/uk\/wp-json\/wp\/v2\/product"}],"about":[{"href":"https:\/\/stockify24.pl\/uk\/wp-json\/wp\/v2\/types\/product"}],"replies":[{"embeddable":true,"href":"https:\/\/stockify24.pl\/uk\/wp-json\/wp\/v2\/comments?post=50168"}],"wp:featuredmedia":[{"embeddable":true,"href":"https:\/\/stockify24.pl\/uk\/wp-json\/wp\/v2\/media\/50116"}],"wp:attachment":[{"href":"https:\/\/stockify24.pl\/uk\/wp-json\/wp\/v2\/media?parent=50168"}],"wp:term":[{"taxonomy":"product_brand","embeddable":true,"href":"https:\/\/stockify24.pl\/uk\/wp-json\/wp\/v2\/product_brand?post=50168"},{"taxonomy":"product_cat","embeddable":true,"href":"https:\/\/stockify24.pl\/uk\/wp-json\/wp\/v2\/product_cat?post=50168"},{"taxonomy":"product_tag","embeddable":true,"href":"https:\/\/stockify24.pl\/uk\/wp-json\/wp\/v2\/product_tag?post=50168"}],"curies":[{"name":"wp","href":"https:\/\/api.w.org\/{rel}","templated":true}]}}