{"id":50170,"date":"2026-03-18T12:24:39","date_gmt":"2026-03-18T11:24:39","guid":{"rendered":"https:\/\/stockify24.pl\/?post_type=product&#038;p=50170"},"modified":"2026-03-30T10:37:09","modified_gmt":"2026-03-30T09:37:09","slug":"mix-elektroniki-z-europy-eu-80a-b170kg","status":"publish","type":"product","link":"https:\/\/stockify24.pl\/uk\/product\/mix-elektroniki-z-europy-eu-80a-b170kg\/","title":{"rendered":"\u0417\u043c\u0456\u0448\u0430\u043d\u0430 \u0435\u043b\u0435\u043a\u0442\u0440\u043e\u043d\u0456\u043a\u0430 \u0437 \u0404\u0432\u0440\u043e\u043f\u0438 (\u0404\u0421) |A-B| 170 \u043a\u0433"},"content":{"rendered":"<h2 data-section-id=\"14eomsp\" data-start=\"248\" data-end=\"314\">\ud83d\udce6 Mix elektroniki z Europy EU 170 kg \u2013 paleta A\u2013B, wysoko\u015b\u0107 1M<\/h2>\n<p data-start=\"316\" data-end=\"474\"><strong data-start=\"316\" data-end=\"354\">Mix elektroniki z Europy EU 170 kg<\/strong> to rozwi\u0105zanie przeznaczone dla sprzeda\u017cy hurtowej, e-commerce oraz budowania oferty w segmencie elektroniki u\u017cytkowej.<\/p>\n<p data-start=\"476\" data-end=\"770\">Paleta obejmuje zestaw produkt\u00f3w elektronicznych i akcesori\u00f3w, kt\u00f3re charakteryzuj\u0105 si\u0119 stabilnym popytem oraz mo\u017cliwo\u015bci\u0105 dalszej odsprzeda\u017cy. Dzi\u0119ki temu <strong data-start=\"632\" data-end=\"673\">paleta elektroniki 170 kg z Europy EU<\/strong> mo\u017ce by\u0107 wykorzystywana jako \u017ar\u00f3d\u0142o towaru zar\u00f3wno w sprzeda\u017cy internetowej, jak i stacjonarnej.<\/p>\n<p data-start=\"772\" data-end=\"1002\">Ka\u017cdy <strong data-start=\"778\" data-end=\"807\">mix<\/strong>\u00a0pakowany jest losowo, dlatego zawarto\u015b\u0107 palety mo\u017ce r\u00f3\u017cni\u0107 si\u0119 od przedstawionych zdj\u0119\u0107. Wynika to z rotacji towaru oraz charakteru dostaw obejmuj\u0105cych zwroty konsumenckie i nadwy\u017cki magazynowe.<\/p>\n<p data-start=\"1004\" data-end=\"1079\">Wysy\u0142ka odbywa si\u0119 losowo \u2014 ka\u017cda paleta stanowi unikalny zestaw produkt\u00f3w.<\/p>\n<h2 data-section-id=\"1mtz8yx\" data-start=\"1086\" data-end=\"1145\">\ud83d\udd0c Mix elektroniki z Europy EU 170 kg \u2013 zawarto\u015b\u0107 palety<\/h2>\n<p data-start=\"1147\" data-end=\"1288\"><strong data-start=\"1147\" data-end=\"1188\">Paleta elektroniki z Europy EU 170 kg<\/strong> obejmuje produkty z kategorii elektroniki u\u017cytkowej oraz akcesori\u00f3w mobilnych, w tym mi\u0119dzy innymi:<\/p>\n<ul data-start=\"1290\" data-end=\"1544\">\n<li data-section-id=\"admbw2\" data-start=\"1290\" data-end=\"1317\">\n<p data-start=\"1292\" data-end=\"1317\">\u0431\u0435\u0437\u0434\u0440\u043e\u0442\u043e\u0432\u0456 \u043d\u0430\u0432\u0443\u0448\u043d\u0438\u043a\u0438<\/p>\n<\/li>\n<li data-section-id=\"18hl43c\" data-start=\"1318\" data-end=\"1356\">\n<p data-start=\"1320\" data-end=\"1356\">\u0142adowarki sieciowe oraz powerbanki<\/p>\n<\/li>\n<li data-section-id=\"2cko63\" data-start=\"1357\" data-end=\"1374\">\n<p data-start=\"1359\" data-end=\"1374\">GSM \u0430\u043a\u0441\u0435\u0441\u0443\u0430\u0440\u0438<\/p>\n<\/li>\n<li data-section-id=\"r5wtn7\" data-start=\"1375\" data-end=\"1405\">\n<p data-start=\"1377\" data-end=\"1405\">urz\u0105dzenia typu smart home<\/p>\n<\/li>\n<li data-section-id=\"1ap55p8\" data-start=\"1406\" data-end=\"1470\">\n<p data-start=\"1408\" data-end=\"1470\">ma\u0142e AGD (np. suszarki, masa\u017cery i inne urz\u0105dzenia u\u017cytkowe)<\/p>\n<\/li>\n<li data-section-id=\"31a3fm\" data-start=\"1471\" data-end=\"1512\">\n<p data-start=\"1473\" data-end=\"1512\">kontrolery oraz gad\u017cety elektroniczne<\/p>\n<\/li>\n<li data-section-id=\"4egyp1\" data-start=\"1513\" data-end=\"1544\">\n<p data-start=\"1515\" data-end=\"1544\">inne produkty elektroniczne<\/p>\n<\/li>\n<\/ul>\n<p data-start=\"1546\" data-end=\"1674\">\ud83d\udcca Udzia\u0142 elektroniki wynosi oko\u0142o <strong data-start=\"1581\" data-end=\"1609\">70\u201380% zawarto\u015bci palety<\/strong>, co wskazuje na koncentracj\u0119 na segmencie elektroniki u\u017cytkowej.<\/p>\n<h2 data-section-id=\"uqy0ft\" data-start=\"1681\" data-end=\"1726\">\ud83c\udd70\ufe0f\ud83c\udd71\ufe0f Jako\u015b\u0107 \u2013 mix elektroniki A\u2013B<\/h2>\n<p data-start=\"1728\" data-end=\"1824\"><strong data-start=\"1728\" data-end=\"1770\">Mix elektroniki z Europy EU 170 kg A\u2013B<\/strong> obejmuje produkty o zr\u00f3\u017cnicowanym stanie technicznym:<\/p>\n<ul data-start=\"1826\" data-end=\"2016\">\n<li data-section-id=\"1elyuiv\" data-start=\"1826\" data-end=\"1892\">\n<p data-start=\"1828\" data-end=\"1892\">przewaga produkt\u00f3w nowych lub w bardzo dobrym stanie wizualnym<\/p>\n<\/li>\n<li data-section-id=\"1l5huug\" data-start=\"1893\" data-end=\"1933\">\n<p data-start=\"1895\" data-end=\"1933\">\u043c\u043e\u0436\u043b\u0438\u0432\u0456 \u043d\u0435\u0437\u043d\u0430\u0447\u043d\u0456 \u0441\u043b\u0456\u0434\u0438 \u0432\u0438\u043a\u043e\u0440\u0438\u0441\u0442\u0430\u043d\u043d\u044f<\/p>\n<\/li>\n<li data-section-id=\"1njuyt9\" data-start=\"1934\" data-end=\"2016\">\n<p data-start=\"1936\" data-end=\"2016\">dopuszczalna, lecz niegwarantowana domieszka produkt\u00f3w klasy C (do oko\u0142o 5\u20137%)<\/p>\n<\/li>\n<\/ul>\n<p data-start=\"2018\" data-end=\"2114\">Taki poziom jako\u015bci pozwala utrzyma\u0107 optymalny stosunek ceny zakupu do potencja\u0142u sprzeda\u017cowego.<\/p>\n<h2 data-section-id=\"vrj1ul\" data-start=\"2121\" data-end=\"2175\">\ud83d\udcd0 Parametry techniczne \u2013 paleta elektroniki 170 kg<\/h2>\n<ul data-start=\"2177\" data-end=\"2306\">\n<li data-section-id=\"rckeqa\" data-start=\"2177\" data-end=\"2208\">\n<p data-start=\"2179\" data-end=\"2208\">\u0432\u0438\u0441\u043e\u0442\u0430 \u043f\u0456\u0434\u0434\u043e\u043d\u0443: <strong data-start=\"2196\" data-end=\"2206\">1 \u043c\u0435\u0442\u0440<\/strong><\/p>\n<\/li>\n<li data-section-id=\"k5ceos\" data-start=\"2209\" data-end=\"2235\">\n<p data-start=\"2211\" data-end=\"2235\">\u0447\u0438\u0441\u0442\u0430 \u0432\u0430\u0433\u0430: <strong data-start=\"2223\" data-end=\"2233\">170 kg<\/strong><\/p>\n<\/li>\n<li data-section-id=\"a4rjmf\" data-start=\"2236\" data-end=\"2273\">\n<p data-start=\"2238\" data-end=\"2273\">asortyment: losowy i zr\u00f3\u017cnicowany<\/p>\n<\/li>\n<li data-section-id=\"ohjx4g\" data-start=\"2274\" data-end=\"2306\">\n<p data-start=\"2276\" data-end=\"2306\">ka\u017cda paleta: unikalny sk\u0142ad<\/p>\n<\/li>\n<\/ul>\n<p data-start=\"2308\" data-end=\"2426\"><strong data-start=\"2308\" data-end=\"2346\">Mix elektroniki z Europy EU 170 kg<\/strong> nie posiada sta\u0142ej specyfikacji \u2014 zawarto\u015b\u0107 zale\u017cy od aktualnej partii dostawy.<\/p>\n<h2 data-section-id=\"1y5c9a5\" data-start=\"2433\" data-end=\"2495\">\ud83d\udcbc Dlaczego warto wybra\u0107 mix elektroniki z Europy EU 170 kg<\/h2>\n<p data-start=\"2497\" data-end=\"2567\">Zakup produktu jakim jest <strong data-start=\"2523\" data-end=\"2556\">paleta elektroniki A\u2013B 170 kg<\/strong> umo\u017cliwia:<\/p>\n<ul data-start=\"2569\" data-end=\"2848\">\n<li data-section-id=\"i0zycv\" data-start=\"2569\" data-end=\"2611\">\n<p data-start=\"2571\" data-end=\"2611\">dost\u0119p do towaru poni\u017cej ceny rynkowej<\/p>\n<\/li>\n<li data-section-id=\"13qq7xx\" data-start=\"2612\" data-end=\"2666\">\n<p data-start=\"2614\" data-end=\"2666\">uzyskanie szerokiego asortymentu w jednej dostawie<\/p>\n<\/li>\n<li data-section-id=\"v2np6n\" data-start=\"2667\" data-end=\"2734\">\n<p data-start=\"2669\" data-end=\"2734\">zwi\u0119kszenie potencja\u0142u sprzeda\u017cy dzi\u0119ki r\u00f3\u017cnorodno\u015bci produkt\u00f3w<\/p>\n<\/li>\n<li data-section-id=\"22aq9j\" data-start=\"2735\" data-end=\"2799\">\n<p data-start=\"2737\" data-end=\"2799\">testowanie r\u00f3\u017cnych kategorii bez du\u017cych nak\u0142ad\u00f3w finansowych<\/p>\n<\/li>\n<li data-section-id=\"krsy5u\" data-start=\"2800\" data-end=\"2848\">\n<p data-start=\"2802\" data-end=\"2848\">rozw\u00f3j sprzeda\u017cy w kana\u0142ach online i offline<\/p>\n<\/li>\n<\/ul>\n<p data-start=\"2850\" data-end=\"3005\">Towar pochodzi ze zwrot\u00f3w konsumenckich oraz nadwy\u017cek magazynowych, dlatego ka\u017cda <strong data-start=\"2932\" data-end=\"2970\">paleta elektroniki z Europy 170 kg<\/strong> stanowi unikalne \u017ar\u00f3d\u0142o produkt\u00f3w.<\/p>\n<h2 data-section-id=\"3pcvsu\" data-start=\"2184\" data-end=\"2233\">\ud83d\udcbc Zastosowanie \u2013 gdzie paleta generuje wyniki<\/h2>\n<p data-start=\"2235\" data-end=\"2333\">Paleta elektroniki Amazon znajduje zastosowanie w modelach sprzeda\u017cy opartych na ilo\u015bci i rotacji:<\/p>\n<ul data-start=\"2335\" data-end=\"2500\">\n<li data-section-id=\"zrt4k5\" data-start=\"2335\" data-end=\"2378\">\u0440\u043e\u0437\u043f\u0440\u043e\u0434\u0430\u0436 \u0437\u0430 \u0430\u0434\u0440\u0435\u0441\u043e\u044e <a href=\"https:\/\/allegro.pl\/\" target=\"_blank\" rel=\"noopener\">Allegro<\/a>, <a href=\"https:\/\/www.olx.pl\/\" target=\"_blank\" rel=\"noopener\">OLX<\/a>, <a href=\"https:\/\/www.ebay.com\/\" target=\"_blank\" rel=\"noopener\">eBay<\/a>, <a href=\"https:\/\/www.amazon.com\/\" target=\"_blank\" rel=\"noopener\">\u0410\u043c\u0430\u0437\u043e\u043d\u043a\u0430<\/a><\/li>\n<li data-section-id=\"1fmpn86\" data-start=\"2379\" data-end=\"2401\">\u0456\u043d\u0442\u0435\u0440\u043d\u0435\u0442-\u043c\u0430\u0433\u0430\u0437\u0438\u043d\u0438<\/li>\n<li data-section-id=\"gynsj7\" data-start=\"2402\" data-end=\"2435\">\u0440\u043e\u0437\u0434\u0440\u0456\u0431\u043d\u0430 \u0442\u0430 \u043e\u043f\u0442\u043e\u0432\u0430 \u0442\u043e\u0440\u0433\u0456\u0432\u043b\u044f<\/li>\n<li data-section-id=\"10mfklz\" data-start=\"2436\" data-end=\"2464\">rozw\u00f3j w\u0142asnego magazynu<\/li>\n<li data-section-id=\"1q6osh7\" data-start=\"2465\" data-end=\"2500\">rozszerzenie oferty produktowej<\/li>\n<\/ul>\n<p data-start=\"2502\" data-end=\"2623\">To rozwi\u0105zanie pozwala szybko zwi\u0119kszy\u0107 liczb\u0119 ofert i poprawi\u0107 wyniki sprzeda\u017cowe bez zwi\u0119kszania koszt\u00f3w jednostkowych.<\/p>\n<h2 data-section-id=\"tjfjd\" data-start=\"3012\" data-end=\"3062\">\ud83d\ude9a Dostawa \u2013 mix elektroniki z Europy EU 170 kg<\/h2>\n<ul data-start=\"3064\" data-end=\"3135\">\n<li data-section-id=\"1io1mk2\" data-start=\"3064\" data-end=\"3103\">\n<p data-start=\"3066\" data-end=\"3103\">\u0448\u0432\u0438\u0434\u043a\u0430 \u0432\u0456\u0434\u043f\u0440\u0430\u0432\u043a\u0430 \u0437\u0456 \u0441\u043a\u043b\u0430\u0434\u0443 \u0432 \u0404\u0432\u0440\u043e\u043f\u0456<\/p>\n<\/li>\n<li data-section-id=\"1w7s4ii\" data-start=\"3104\" data-end=\"3135\">\n<p data-start=\"3106\" data-end=\"3135\">\u0435\u0444\u0435\u043a\u0442\u0438\u0432\u043d\u0430 \u043e\u0431\u0440\u043e\u0431\u043a\u0430 \u0437\u0430\u043c\u043e\u0432\u043b\u0435\u043d\u044c<\/p>\n<\/li>\n<\/ul>\n<h2 data-section-id=\"opmkg3\" data-start=\"3142\" data-end=\"3168\">\u2139\ufe0f \u0414\u043e\u0434\u0430\u0442\u043a\u043e\u0432\u0430 \u0456\u043d\u0444\u043e\u0440\u043c\u0430\u0446\u0456\u044f<\/h2>\n<p data-start=\"3170\" data-end=\"3271\">\u0422\u043e\u0432\u0430\u0440\u0438 \u043d\u0435 \u0442\u0435\u0441\u0442\u0443\u044e\u0442\u044c\u0441\u044f \u0456\u043d\u0434\u0438\u0432\u0456\u0434\u0443\u0430\u043b\u044c\u043d\u043e.<br data-start=\"3206\" data-end=\"3209\" \/>\u041c\u043e\u0436\u043b\u0438\u0432\u0430 \u043d\u0435\u0437\u043d\u0430\u0447\u043d\u0430 \u0434\u043e\u043c\u0456\u0448\u043a\u0430 (\u043f\u0440\u0438\u0431\u043b\u0438\u0437\u043d\u043e \u0434\u043e 5-7%) \u043f\u0440\u043e\u0434\u0443\u043a\u0442\u0456\u0432 \u043a\u043b\u0430\u0441\u0443 \u0421.<\/p>\n<h2 data-section-id=\"187zme0\" data-start=\"3278\" data-end=\"3331\">\ud83d\udcf8 Przyk\u0142adowe zdj\u0119cia \u2013 mix elektroniki 170 kg EU<\/h2>\n<p data-start=\"3333\" data-end=\"3420\">Przyk\u0142adowe zdj\u0119cia maj\u0105 charakter pogl\u0105dowy i przedstawiaj\u0105 typowy przekr\u00f3j produkt\u00f3w.<\/p>\n<p data-start=\"3422\" data-end=\"3555\">Ka\u017cdy <strong data-start=\"3428\" data-end=\"3466\">mix elektroniki z Europy EU 170 kg<\/strong> pakowany jest losowo, dlatego zawarto\u015b\u0107 palety mo\u017ce r\u00f3\u017cni\u0107 si\u0119 od przedstawionych zdj\u0119\u0107.<\/p>\n<p data-start=\"3557\" data-end=\"3632\">Wysy\u0142ka odbywa si\u0119 losowo \u2014 ka\u017cda paleta stanowi unikalny zestaw produkt\u00f3w.<\/p>\n<p data-start=\"3557\" data-end=\"3632\">\u0423\u0441\u0456 \u043c\u043e\u0434\u0435\u043b\u0456 \u043f\u0456\u0434\u0434\u043e\u043d\u0456\u0432 Amazon \u043c\u043e\u0436\u043d\u0430 \u0437\u043d\u0430\u0439\u0442\u0438 <a href=\"https:\/\/stockify24.pl\/uk\/sklep\/\"><strong>\u0442\u0443\u0442.<\/strong>.<\/a><\/p>","protected":false},"excerpt":{"rendered":"<p class=\"p1\">\u26a1 Oko\u0142o 70\u201380% elektroniki<\/p>\n<p class=\"p1\">\ud83c\uddea\ud83c\uddfa EU<\/p>\n<p class=\"p1\">\ud83d\udd25 Amazon Returns<\/p>\n<p class=\"p1\" style=\"text-align: left;\">\u2714\ufe0f Jako\u015b\u0107 A\u2013B<\/p>","protected":false},"featured_media":50113,"comment_status":"open","ping_status":"closed","template":"","meta":{"_acf_changed":false},"product_brand":[],"product_cat":[1258,1273,1284],"product_tag":[1274],"class_list":{"0":"post-50170","1":"product","2":"type-product","3":"status-publish","4":"has-post-thumbnail","6":"product_cat-amazon-paleta","7":"product_cat-mix-elektroniki-eu-amazon-returns-ab","8":"product_cat-palety-dnia","9":"product_tag-paleta-mix-elektroniki-z-europy","11":"first","12":"instock","13":"sold-individually","14":"taxable","15":"shipping-taxable","16":"purchasable","17":"product-type-simple"},"acf":[],"_links":{"self":[{"href":"https:\/\/stockify24.pl\/uk\/wp-json\/wp\/v2\/product\/50170","targetHints":{"allow":["GET"]}}],"collection":[{"href":"https:\/\/stockify24.pl\/uk\/wp-json\/wp\/v2\/product"}],"about":[{"href":"https:\/\/stockify24.pl\/uk\/wp-json\/wp\/v2\/types\/product"}],"replies":[{"embeddable":true,"href":"https:\/\/stockify24.pl\/uk\/wp-json\/wp\/v2\/comments?post=50170"}],"wp:featuredmedia":[{"embeddable":true,"href":"https:\/\/stockify24.pl\/uk\/wp-json\/wp\/v2\/media\/50113"}],"wp:attachment":[{"href":"https:\/\/stockify24.pl\/uk\/wp-json\/wp\/v2\/media?parent=50170"}],"wp:term":[{"taxonomy":"product_brand","embeddable":true,"href":"https:\/\/stockify24.pl\/uk\/wp-json\/wp\/v2\/product_brand?post=50170"},{"taxonomy":"product_cat","embeddable":true,"href":"https:\/\/stockify24.pl\/uk\/wp-json\/wp\/v2\/product_cat?post=50170"},{"taxonomy":"product_tag","embeddable":true,"href":"https:\/\/stockify24.pl\/uk\/wp-json\/wp\/v2\/product_tag?post=50170"}],"curies":[{"name":"wp","href":"https:\/\/api.w.org\/{rel}","templated":true}]}}