{"id":50308,"date":"2026-03-19T11:12:53","date_gmt":"2026-03-19T10:12:53","guid":{"rendered":"https:\/\/stockify24.pl\/?post_type=product&#038;p=50308"},"modified":"2026-03-30T10:41:56","modified_gmt":"2026-03-30T09:41:56","slug":"paleta-mix-elektroniki-z-europy-eu-a-b-47","status":"publish","type":"product","link":"https:\/\/stockify24.pl\/uk\/product\/paleta-mix-elektroniki-z-europy-eu-a-b-47\/","title":{"rendered":"\u041f\u0430\u043b\u0435\u0442\u0430 \u0434\u043b\u044f \u0435\u043b\u0435\u043a\u0442\u0440\u043e\u043d\u0456\u043a\u0438 \u0437 \u0404\u0432\u0440\u043e\u043f\u0438 (\u0404\u0421) | A-B | #47"},"content":{"rendered":"<h2 data-section-id=\"x00wv3\" data-start=\"714\" data-end=\"770\">\ud83d\udce6 Paleta mix elektroniki z Europy (EU) \u2013 mix A\u2013B, 157 kg<\/h2>\n<p data-start=\"772\" data-end=\"933\"><strong data-start=\"772\" data-end=\"805\">\u041c\u0456\u043a\u0441 \u0435\u043b\u0435\u043a\u0442\u0440\u043e\u043d\u0456\u043a\u0438 \u0437 \u0404\u0432\u0440\u043e\u043f\u0438 (\u0404\u0421)<\/strong> to gotowe rozwi\u0105zanie dla sprzeda\u017cy hurtowej, e-commerce oraz reseller\u00f3w poszukuj\u0105cych towaru o wysokim potencjale odsprzeda\u017cy.<\/p>\n<p data-start=\"935\" data-end=\"1107\">Paleta elektroniki obejmuje produkty pochodz\u0105ce ze zwrot\u00f3w konsumenckich oraz nadwy\u017cek magazynowych, co pozwala uzyska\u0107 dost\u0119p do elektroniki w cenach ni\u017cszych ni\u017c rynkowe.<\/p>\n<p data-start=\"1109\" data-end=\"1245\">Ka\u017cdy <strong data-start=\"1115\" data-end=\"1143\">\u043c\u0456\u043a\u0441 \u0435\u043b\u0435\u043a\u0442\u0440\u043e\u043d\u0456\u043a\u0438 \u0437 \u0404\u0432\u0440\u043e\u043f\u0438<\/strong> posiada losowy sk\u0142ad, co umo\u017cliwia dywersyfikacj\u0119 asortymentu i zwi\u0119kszenie potencja\u0142u sprzeda\u017cowego.<\/p>\n<h2 data-section-id=\"59u7b7\" data-start=\"1252\" data-end=\"1301\">\ud83d\udd0c Mix elektroniki z Europy \u2013 zawarto\u015b\u0107 palety<\/h2>\n<p data-start=\"1303\" data-end=\"1388\">Paleta elektroniki zawiera szeroki zakres produkt\u00f3w z segmentu elektroniki u\u017cytkowej:<\/p>\n<ul data-start=\"1390\" data-end=\"1606\">\n<li data-section-id=\"admbw2\" data-start=\"1390\" data-end=\"1417\">\n<p data-start=\"1392\" data-end=\"1417\">\u0431\u0435\u0437\u0434\u0440\u043e\u0442\u043e\u0432\u0456 \u043d\u0430\u0432\u0443\u0448\u043d\u0438\u043a\u0438<\/p>\n<\/li>\n<li data-section-id=\"o98r3r\" data-start=\"1418\" data-end=\"1453\">\n<p data-start=\"1420\" data-end=\"1453\">\u0142adowarki sieciowe i powerbanki<\/p>\n<\/li>\n<li data-section-id=\"2cko63\" data-start=\"1454\" data-end=\"1471\">\n<p data-start=\"1456\" data-end=\"1471\">GSM \u0430\u043a\u0441\u0435\u0441\u0443\u0430\u0440\u0438<\/p>\n<\/li>\n<li data-section-id=\"129ryor\" data-start=\"1472\" data-end=\"1497\">\n<p data-start=\"1474\" data-end=\"1497\">\u043f\u0440\u0438\u0441\u0442\u0440\u043e\u0457 \u0434\u043b\u044f \u0440\u043e\u0437\u0443\u043c\u043d\u043e\u0433\u043e \u0434\u043e\u043c\u0443<\/p>\n<\/li>\n<li data-section-id=\"17lzlbi\" data-start=\"1498\" data-end=\"1535\">\n<p data-start=\"1500\" data-end=\"1535\">ma\u0142e AGD (np. suszarki, masa\u017cery)<\/p>\n<\/li>\n<li data-section-id=\"i0l57x\" data-start=\"1536\" data-end=\"1574\">\n<p data-start=\"1538\" data-end=\"1574\">kontrolery i gad\u017cety elektroniczne<\/p>\n<\/li>\n<li data-section-id=\"4egyp1\" data-start=\"1575\" data-end=\"1606\">\n<p data-start=\"1577\" data-end=\"1606\">inne produkty elektroniczne<\/p>\n<\/li>\n<\/ul>\n<p data-start=\"1608\" data-end=\"1659\">\ud83d\udcca Udzia\u0142 elektroniki: <strong data-start=\"1631\" data-end=\"1659\">70\u201380% zawarto\u015bci palety<\/strong><\/p>\n<h2 data-section-id=\"1r3tdfh\" data-start=\"1666\" data-end=\"1713\">\ud83c\udd70\ufe0f\ud83c\udd71\ufe0f Jako\u015b\u0107 \u2013 mix elektroniki z Europy A\u2013B<\/h2>\n<p data-start=\"1715\" data-end=\"1770\">Mix elektroniki z Europy (EU) w klasie <strong data-start=\"1754\" data-end=\"1761\">A-B<\/strong> oznacza:<\/p>\n<ul data-start=\"1772\" data-end=\"1914\">\n<li data-section-id=\"v9mic9\" data-start=\"1772\" data-end=\"1828\">\n<p data-start=\"1774\" data-end=\"1828\">przewag\u0119 produkt\u00f3w nowych lub w bardzo dobrym stanie<\/p>\n<\/li>\n<li data-section-id=\"1l5huug\" data-start=\"1829\" data-end=\"1869\">\n<p data-start=\"1831\" data-end=\"1869\">\u043c\u043e\u0436\u043b\u0438\u0432\u0456 \u043d\u0435\u0437\u043d\u0430\u0447\u043d\u0456 \u0441\u043b\u0456\u0434\u0438 \u0432\u0438\u043a\u043e\u0440\u0438\u0441\u0442\u0430\u043d\u043d\u044f<\/p>\n<\/li>\n<li data-section-id=\"1i6avsg\" data-start=\"1870\" data-end=\"1914\">\n<p data-start=\"1872\" data-end=\"1914\">dopuszczaln\u0105 domieszk\u0119 klasy C (do 5\u20137%)<\/p>\n<\/li>\n<\/ul>\n<p data-start=\"1916\" data-end=\"2004\">Taka struktura jako\u015bci zapewnia optymalny balans mi\u0119dzy cen\u0105 zakupu a mar\u017c\u0105 sprzeda\u017cow\u0105.<\/p>\n<h2 data-section-id=\"1v9slaf\" data-start=\"2011\" data-end=\"2044\">\ud83d\udcd0 Parametry techniczne palety<\/h2>\n<ul data-start=\"2046\" data-end=\"2166\">\n<li data-section-id=\"rckeqa\" data-start=\"2046\" data-end=\"2077\">\n<p data-start=\"2048\" data-end=\"2077\">\u0432\u0438\u0441\u043e\u0442\u0430 \u043f\u0456\u0434\u0434\u043e\u043d\u0443: <strong data-start=\"2065\" data-end=\"2075\">1 \u043c\u0435\u0442\u0440<\/strong><\/p>\n<\/li>\n<li data-section-id=\"1wcelbx\" data-start=\"2078\" data-end=\"2104\">\n<p data-start=\"2080\" data-end=\"2104\">\u0447\u0438\u0441\u0442\u0430 \u0432\u0430\u0433\u0430: <strong data-start=\"2092\" data-end=\"2102\">157 kg<\/strong><\/p>\n<\/li>\n<li data-section-id=\"12vhqkz\" data-start=\"2105\" data-end=\"2131\">\n<p data-start=\"2107\" data-end=\"2131\">\u0430\u0441\u043e\u0440\u0442\u0438\u043c\u0435\u043d\u0442: <strong data-start=\"2119\" data-end=\"2129\">\u0432\u0438\u043f\u0430\u0434\u043a\u043e\u0432\u0438\u0439<\/strong><\/p>\n<\/li>\n<li data-section-id=\"cc7vqo\" data-start=\"2132\" data-end=\"2166\">\n<p data-start=\"2134\" data-end=\"2166\">\u043d\u0430 \u043a\u043e\u0436\u043d\u0443 \u043f\u0430\u043b\u0435\u0442\u0443: <strong data-start=\"2148\" data-end=\"2166\">unikalny sk\u0142ad<\/strong><\/p>\n<\/li>\n<\/ul>\n<p data-start=\"2168\" data-end=\"2272\">Mix elektroniki z Europy nie posiada sta\u0142ej specyfikacji \u2014 zawarto\u015b\u0107 zale\u017cy od aktualnej partii dostawy.<\/p>\n<h2 data-section-id=\"1vlo26v\" data-start=\"2279\" data-end=\"2331\">\ud83d\udcbc Dlaczego warto wybra\u0107 mix elektroniki z Europy<\/h2>\n<p data-start=\"2333\" data-end=\"2368\">Zakup palety elektroniki umo\u017cliwia:<\/p>\n<ul data-start=\"2370\" data-end=\"2603\">\n<li data-section-id=\"i0zycv\" data-start=\"2370\" data-end=\"2412\">\n<p data-start=\"2372\" data-end=\"2412\">dost\u0119p do towaru poni\u017cej ceny rynkowej<\/p>\n<\/li>\n<li data-section-id=\"gvtpog\" data-start=\"2413\" data-end=\"2453\">\n<p data-start=\"2415\" data-end=\"2453\">\u0448\u0438\u0440\u043e\u043a\u0438\u0439 \u0430\u0441\u043e\u0440\u0442\u0438\u043c\u0435\u043d\u0442 \u0432 \u043e\u0434\u043d\u0456\u0439 \u043f\u043e\u0441\u0442\u0430\u0432\u0446\u0456<\/p>\n<\/li>\n<li data-section-id=\"1w1cxvk\" data-start=\"2454\" data-end=\"2510\">\n<p data-start=\"2456\" data-end=\"2510\">zwi\u0119kszenie sprzeda\u017cy dzi\u0119ki r\u00f3\u017cnorodno\u015bci produkt\u00f3w<\/p>\n<\/li>\n<li data-section-id=\"daazkc\" data-start=\"2511\" data-end=\"2565\">\n<p data-start=\"2513\" data-end=\"2565\">testowanie r\u00f3\u017cnych kategorii bez du\u017cych inwestycji<\/p>\n<\/li>\n<li data-section-id=\"lqu1wo\" data-start=\"2566\" data-end=\"2603\">\n<p data-start=\"2568\" data-end=\"2603\">rozw\u00f3j sprzeda\u017cy online i offline<\/p>\n<\/li>\n<\/ul>\n<p data-start=\"2605\" data-end=\"2686\">Ka\u017cdy <strong data-start=\"2611\" data-end=\"2642\">mix elektroniki z Europy EU<\/strong> stanowi unikalne \u017ar\u00f3d\u0142o towaru dla biznesu.<\/p>\n<h2 data-section-id=\"1nzb8um\" data-start=\"2048\" data-end=\"2088\">\ud83d\udcbc \u0412\u0438\u043a\u043e\u0440\u0438\u0441\u0442\u0430\u043d\u043d\u044f \u0432 \u0435\u043b\u0435\u043a\u0442\u0440\u043e\u043d\u043d\u0456\u0439 \u043a\u043e\u043c\u0435\u0440\u0446\u0456\u0457 \u0442\u0430 \u0442\u043e\u0440\u0433\u0456\u0432\u043b\u0456<\/h2>\n<p data-start=\"2090\" data-end=\"2179\">\u041f\u0430\u043b\u0456\u0442\u0440\u0430 \u0435\u043b\u0435\u043a\u0442\u0440\u043e\u043d\u0456\u043a\u0438 Amazon \u0434\u043e\u0431\u0440\u0435 \u043f\u043e\u0454\u0434\u043d\u0443\u0454\u0442\u044c\u0441\u044f \u0437 \u043e\u0431'\u0454\u043c\u043d\u0438\u043c\u0438 \u0442\u0430 \u0440\u043e\u0442\u0430\u0446\u0456\u0439\u043d\u0438\u043c\u0438 \u043c\u043e\u0434\u0435\u043b\u044f\u043c\u0438 \u043f\u0440\u043e\u0434\u0430\u0436\u0456\u0432:<\/p>\n<ul data-start=\"2181\" data-end=\"2344\">\n<li data-section-id=\"1c1wa51\" data-start=\"2181\" data-end=\"2224\">\u0440\u043e\u0437\u043f\u0440\u043e\u0434\u0430\u0436 \u0437\u0430 \u0430\u0434\u0440\u0435\u0441\u043e\u044e <a href=\"https:\/\/allegro.pl\/\" target=\"_blank\" rel=\"noopener\">Allegro<\/a>, <a href=\"https:\/\/www.olx.pl\/\" target=\"_blank\" rel=\"noopener\">OLX<\/a>, <a href=\"https:\/\/www.ebay.com\/\" target=\"_blank\" rel=\"noopener\">eBay<\/a>, <a href=\"https:\/\/www.amazon.com\/\" target=\"_blank\" rel=\"noopener\">\u0410\u043c\u0430\u0437\u043e\u043d\u043a\u0430<\/a><\/li>\n<li data-section-id=\"1fmpn86\" data-start=\"2225\" data-end=\"2247\">\u0456\u043d\u0442\u0435\u0440\u043d\u0435\u0442-\u043c\u0430\u0433\u0430\u0437\u0438\u043d\u0438<\/li>\n<li data-section-id=\"gynsj7\" data-start=\"2248\" data-end=\"2281\">\u0440\u043e\u0437\u0434\u0440\u0456\u0431\u043d\u0430 \u0442\u0430 \u043e\u043f\u0442\u043e\u0432\u0430 \u0442\u043e\u0440\u0433\u0456\u0432\u043b\u044f<\/li>\n<li data-section-id=\"161gjv4\" data-start=\"2282\" data-end=\"2320\">\u0440\u043e\u0437\u0432\u0438\u0442\u043e\u043a \u0432\u043b\u0430\u0441\u043d\u043e\u0433\u043e \u0441\u043a\u043b\u0430\u0434\u0443 \u043f\u0440\u043e\u0434\u0443\u043a\u0446\u0456\u0457<\/li>\n<li data-section-id=\"1fuo8gv\" data-start=\"2321\" data-end=\"2344\">\u043f\u0440\u043e\u0434\u043e\u0432\u0436\u0435\u043d\u043d\u044f \u043f\u0440\u043e\u043f\u043e\u0437\u0438\u0446\u0456\u0457<\/li>\n<\/ul>\n<p data-start=\"2346\" data-end=\"2462\">\u0426\u0435 \u0440\u0456\u0448\u0435\u043d\u043d\u044f \u0434\u043e\u0437\u0432\u043e\u043b\u044f\u0454 \u0437\u0431\u0456\u043b\u044c\u0448\u0438\u0442\u0438 \u043a\u0456\u043b\u044c\u043a\u0456\u0441\u0442\u044c \u043f\u0440\u043e\u0434\u0443\u043a\u0442\u0456\u0432 \u0456 \u043f\u043e\u043a\u0440\u0430\u0449\u0438\u0442\u0438 \u043f\u043e\u043a\u0430\u0437\u043d\u0438\u043a\u0438 \u043f\u0440\u043e\u0434\u0430\u0436\u0456\u0432 \u0431\u0435\u0437 \u0437\u0431\u0456\u043b\u044c\u0448\u0435\u043d\u043d\u044f \u0432\u0438\u0442\u0440\u0430\u0442 \u043d\u0430 \u043e\u0434\u0438\u043d\u0438\u0446\u044e \u043f\u0440\u043e\u0434\u0443\u043a\u0446\u0456\u0457.<\/p>\n<h2 data-section-id=\"gfj1y1\" data-start=\"2693\" data-end=\"2706\">\ud83d\ude9a \u0414\u043e\u0441\u0442\u0430\u0432\u043a\u0430<\/h2>\n<ul data-start=\"2708\" data-end=\"2779\">\n<li data-section-id=\"1io1mk2\" data-start=\"2708\" data-end=\"2747\">\n<p data-start=\"2710\" data-end=\"2747\">\u0448\u0432\u0438\u0434\u043a\u0430 \u0432\u0456\u0434\u043f\u0440\u0430\u0432\u043a\u0430 \u0437\u0456 \u0441\u043a\u043b\u0430\u0434\u0443 \u0432 \u0404\u0432\u0440\u043e\u043f\u0456<\/p>\n<\/li>\n<li data-section-id=\"1w7s4ii\" data-start=\"2748\" data-end=\"2779\">\n<p data-start=\"2750\" data-end=\"2779\">\u0435\u0444\u0435\u043a\u0442\u0438\u0432\u043d\u0430 \u043e\u0431\u0440\u043e\u0431\u043a\u0430 \u0437\u0430\u043c\u043e\u0432\u043b\u0435\u043d\u044c<\/p>\n<\/li>\n<\/ul>\n<h2 data-section-id=\"opmkg3\" data-start=\"2786\" data-end=\"2812\">\u2139\ufe0f \u0414\u043e\u0434\u0430\u0442\u043a\u043e\u0432\u0430 \u0456\u043d\u0444\u043e\u0440\u043c\u0430\u0446\u0456\u044f<\/h2>\n<ul data-start=\"2814\" data-end=\"2937\">\n<li data-section-id=\"cznzdc\" data-start=\"2814\" data-end=\"2853\">\n<p data-start=\"2816\" data-end=\"2853\">towar nie jest testowany pojedynczo<\/p>\n<\/li>\n<li data-section-id=\"iag8fx\" data-start=\"2854\" data-end=\"2893\">\n<p data-start=\"2856\" data-end=\"2893\">\u043c\u043e\u0436\u043b\u0438\u0432\u0430 \u0434\u043e\u043c\u0456\u0448\u043a\u0430 \u043a\u043b\u0430\u0441\u0443 \u0421 (\u0434\u043e 5-71\u0422\u041f3\u0422)<\/p>\n<\/li>\n<li data-section-id=\"z5gn8g\" data-start=\"2894\" data-end=\"2937\">\n<p data-start=\"2896\" data-end=\"2937\">wysy\u0142ka losowa \u2013 ka\u017cda paleta jest inna<\/p>\n<\/li>\n<\/ul>\n<h2 data-section-id=\"1915pio\" data-start=\"2944\" data-end=\"2966\">\ud83d\udcf8 \u0424\u043e\u0442\u043e\u0433\u0440\u0430\u0444\u0456\u0457 \u043f\u0440\u043e\u0434\u0443\u043a\u0446\u0456\u0457<\/h2>\n<p data-start=\"2968\" data-end=\"3054\">Zdj\u0119cia maj\u0105 charakter pogl\u0105dowy i przedstawiaj\u0105 przyk\u0142adowy mix elektroniki z Europy.<\/p>\n<p data-start=\"2968\" data-end=\"3054\">\u0423\u0441\u0456 \u043c\u043e\u0434\u0435\u043b\u0456 \u043f\u0456\u0434\u0434\u043e\u043d\u0456\u0432 Amazon \u043c\u043e\u0436\u043d\u0430 \u0437\u043d\u0430\u0439\u0442\u0438 <a href=\"https:\/\/stockify24.pl\/uk\/sklep\/\"><strong>\u0442\u0443\u0442.<\/strong>.<\/a><\/p>","protected":false},"excerpt":{"rendered":"<p class=\"p1\">\u26a1 Oko\u0142o 70\u201380% elektroniki<\/p>\n<p class=\"p1\">\ud83c\uddea\ud83c\uddfa EU<\/p>\n<p class=\"p1\">\ud83d\udd25 Amazon Returns<\/p>\n<p class=\"p1\" style=\"text-align: left;\">\u2714\ufe0f Jako\u015b\u0107 A\u2013B<\/p>","protected":false},"featured_media":50331,"comment_status":"open","ping_status":"closed","template":"","meta":{"_acf_changed":false},"product_brand":[],"product_cat":[1258,1273],"product_tag":[1274],"class_list":{"0":"post-50308","1":"product","2":"type-product","3":"status-publish","4":"has-post-thumbnail","6":"product_cat-amazon-paleta","7":"product_cat-mix-elektroniki-eu-amazon-returns-ab","8":"product_tag-paleta-mix-elektroniki-z-europy","10":"first","11":"instock","12":"sold-individually","13":"taxable","14":"shipping-taxable","15":"purchasable","16":"product-type-simple"},"acf":[],"_links":{"self":[{"href":"https:\/\/stockify24.pl\/uk\/wp-json\/wp\/v2\/product\/50308","targetHints":{"allow":["GET"]}}],"collection":[{"href":"https:\/\/stockify24.pl\/uk\/wp-json\/wp\/v2\/product"}],"about":[{"href":"https:\/\/stockify24.pl\/uk\/wp-json\/wp\/v2\/types\/product"}],"replies":[{"embeddable":true,"href":"https:\/\/stockify24.pl\/uk\/wp-json\/wp\/v2\/comments?post=50308"}],"wp:featuredmedia":[{"embeddable":true,"href":"https:\/\/stockify24.pl\/uk\/wp-json\/wp\/v2\/media\/50331"}],"wp:attachment":[{"href":"https:\/\/stockify24.pl\/uk\/wp-json\/wp\/v2\/media?parent=50308"}],"wp:term":[{"taxonomy":"product_brand","embeddable":true,"href":"https:\/\/stockify24.pl\/uk\/wp-json\/wp\/v2\/product_brand?post=50308"},{"taxonomy":"product_cat","embeddable":true,"href":"https:\/\/stockify24.pl\/uk\/wp-json\/wp\/v2\/product_cat?post=50308"},{"taxonomy":"product_tag","embeddable":true,"href":"https:\/\/stockify24.pl\/uk\/wp-json\/wp\/v2\/product_tag?post=50308"}],"curies":[{"name":"wp","href":"https:\/\/api.w.org\/{rel}","templated":true}]}}