{"id":50332,"date":"2026-03-19T11:32:00","date_gmt":"2026-03-19T10:32:00","guid":{"rendered":"https:\/\/stockify24.pl\/?post_type=product&#038;p=50332"},"modified":"2026-03-30T10:44:16","modified_gmt":"2026-03-30T09:44:16","slug":"paleta-mix-elektroniki-z-europy-eu-a-b-45","status":"publish","type":"product","link":"https:\/\/stockify24.pl\/uk\/product\/paleta-mix-elektroniki-z-europy-eu-a-b-45\/","title":{"rendered":"\u041f\u0430\u043b\u0435\u0442\u0430 \u0434\u043b\u044f \u0435\u043b\u0435\u043a\u0442\u0440\u043e\u043d\u0456\u043a\u0438 \u0437 \u0404\u0432\u0440\u043e\u043f\u0438 (\u0404\u0421) | A-B | #45"},"content":{"rendered":"<h2 data-section-id=\"waios9\" data-start=\"654\" data-end=\"710\">\ud83d\udce6 Paleta mix elektroniki z Europy (EU) \u2013 A\u2013B, 166 kg<\/h2>\n<p data-start=\"712\" data-end=\"881\"><strong data-start=\"712\" data-end=\"745\">Paleta Mix elektroniki z Europy (EU)<\/strong> to rozwi\u0105zanie dla sprzeda\u017cy hurtowej, e-commerce oraz reseller\u00f3w poszukuj\u0105cych zr\u00f3\u017cnicowanego towaru o wysokim potencjale odsprzeda\u017cy.<\/p>\n<p data-start=\"883\" data-end=\"1044\">Paleta elektroniki zawiera produkty pochodz\u0105ce ze zwrot\u00f3w konsumenckich oraz nadwy\u017cek magazynowych, co umo\u017cliwia zakup elektroniki w cenach ni\u017cszych ni\u017c rynkowe.<\/p>\n<p data-start=\"1046\" data-end=\"1183\">Ka\u017cdy <strong data-start=\"1052\" data-end=\"1080\">\u043c\u0456\u043a\u0441 \u0435\u043b\u0435\u043a\u0442\u0440\u043e\u043d\u0456\u043a\u0438 \u0437 \u0404\u0432\u0440\u043e\u043f\u0438<\/strong> posiada losowy sk\u0142ad, co zwi\u0119ksza r\u00f3\u017cnorodno\u015b\u0107 asortymentu i pozwala lepiej dopasowa\u0107 ofert\u0119 do rynku.<\/p>\n<h2 data-section-id=\"dawekf\" data-start=\"1190\" data-end=\"1235\">\ud83d\udd0c Zawarto\u015b\u0107 palety \u2013 elektronika u\u017cytkowa<\/h2>\n<p data-start=\"1237\" data-end=\"1294\">Paleta mix <strong data-start=\"712\" data-end=\"745\">elektroniki<\/strong> obejmuje szeroki zakres produkt\u00f3w elektronicznych:<\/p>\n<ul data-start=\"1296\" data-end=\"1512\">\n<li data-section-id=\"admbw2\" data-start=\"1296\" data-end=\"1323\">\n<p data-start=\"1298\" data-end=\"1323\">\u0431\u0435\u0437\u0434\u0440\u043e\u0442\u043e\u0432\u0456 \u043d\u0430\u0432\u0443\u0448\u043d\u0438\u043a\u0438<\/p>\n<\/li>\n<li data-section-id=\"o98r3r\" data-start=\"1324\" data-end=\"1359\">\n<p data-start=\"1326\" data-end=\"1359\">\u0142adowarki sieciowe i powerbanki<\/p>\n<\/li>\n<li data-section-id=\"2cko63\" data-start=\"1360\" data-end=\"1377\">\n<p data-start=\"1362\" data-end=\"1377\">GSM \u0430\u043a\u0441\u0435\u0441\u0443\u0430\u0440\u0438<\/p>\n<\/li>\n<li data-section-id=\"129ryor\" data-start=\"1378\" data-end=\"1403\">\n<p data-start=\"1380\" data-end=\"1403\">\u043f\u0440\u0438\u0441\u0442\u0440\u043e\u0457 \u0434\u043b\u044f \u0440\u043e\u0437\u0443\u043c\u043d\u043e\u0433\u043e \u0434\u043e\u043c\u0443<\/p>\n<\/li>\n<li data-section-id=\"17lzlbi\" data-start=\"1404\" data-end=\"1441\">\n<p data-start=\"1406\" data-end=\"1441\">ma\u0142e AGD (np. suszarki, masa\u017cery)<\/p>\n<\/li>\n<li data-section-id=\"i0l57x\" data-start=\"1442\" data-end=\"1480\">\n<p data-start=\"1444\" data-end=\"1480\">kontrolery i gad\u017cety elektroniczne<\/p>\n<\/li>\n<li data-section-id=\"4egyp1\" data-start=\"1481\" data-end=\"1512\">\n<p data-start=\"1483\" data-end=\"1512\">inne produkty elektroniczne<\/p>\n<\/li>\n<\/ul>\n<p data-start=\"1514\" data-end=\"1565\">\ud83d\udcca Udzia\u0142 elektroniki: <strong data-start=\"1537\" data-end=\"1565\">70\u201380% zawarto\u015bci palety<\/strong><\/p>\n<h2 data-section-id=\"1vjjmw7\" data-start=\"1572\" data-end=\"1610\">\ud83c\udd70\ufe0f\ud83c\udd71\ufe0f \u042f\u043a\u0456\u0441\u0442\u044c \u043f\u0440\u043e\u0434\u0443\u043a\u0446\u0456\u0457 - \u043a\u043b\u0430\u0441 A-B<\/h2>\n<p data-start=\"1612\" data-end=\"1667\">Paleta Mix elektroniki z Europy (EU) w klasie <strong data-start=\"1651\" data-end=\"1658\">A-B<\/strong> oznacza:<\/p>\n<ul data-start=\"1669\" data-end=\"1811\">\n<li data-section-id=\"v9mic9\" data-start=\"1669\" data-end=\"1725\">\n<p data-start=\"1671\" data-end=\"1725\">przewag\u0119 produkt\u00f3w nowych lub w bardzo dobrym stanie<\/p>\n<\/li>\n<li data-section-id=\"1l5huug\" data-start=\"1726\" data-end=\"1766\">\n<p data-start=\"1728\" data-end=\"1766\">\u043c\u043e\u0436\u043b\u0438\u0432\u0456 \u043d\u0435\u0437\u043d\u0430\u0447\u043d\u0456 \u0441\u043b\u0456\u0434\u0438 \u0432\u0438\u043a\u043e\u0440\u0438\u0441\u0442\u0430\u043d\u043d\u044f<\/p>\n<\/li>\n<li data-section-id=\"1i6avsg\" data-start=\"1767\" data-end=\"1811\">\n<p data-start=\"1769\" data-end=\"1811\">dopuszczaln\u0105 domieszk\u0119 klasy C (do 5\u20137%)<\/p>\n<\/li>\n<\/ul>\n<p data-start=\"1813\" data-end=\"1905\">Taki standard jako\u015bci pozwala osi\u0105gn\u0105\u0107 korzystny stosunek ceny zakupu do potencjalnej mar\u017cy.<\/p>\n<h2 data-section-id=\"6mpf3m\" data-start=\"1912\" data-end=\"1938\">\u0422\u0435\u0445\u043d\u0456\u0447\u043d\u0456 \u0445\u0430\u0440\u0430\u043a\u0442\u0435\u0440\u0438\u0441\u0442\u0438\u043a\u0438<\/h2>\n<ul data-start=\"1940\" data-end=\"2075\">\n<li data-section-id=\"rckeqa\" data-start=\"1940\" data-end=\"1971\">\n<p data-start=\"1942\" data-end=\"1971\">\u0432\u0438\u0441\u043e\u0442\u0430 \u043f\u0456\u0434\u0434\u043e\u043d\u0443: <strong data-start=\"1959\" data-end=\"1969\">1 \u043c\u0435\u0442\u0440<\/strong><\/p>\n<\/li>\n<li data-section-id=\"2esp23\" data-start=\"1972\" data-end=\"1998\">\n<p data-start=\"1974\" data-end=\"1998\">\u0447\u0438\u0441\u0442\u0430 \u0432\u0430\u0433\u0430: <strong data-start=\"1986\" data-end=\"1996\">166 kg<\/strong><\/p>\n<\/li>\n<li data-section-id=\"9s5onr\" data-start=\"1999\" data-end=\"2040\">\n<p data-start=\"2001\" data-end=\"2040\">\u0430\u0441\u043e\u0440\u0442\u0438\u043c\u0435\u043d\u0442: <strong data-start=\"2013\" data-end=\"2038\">\u0432\u0438\u043f\u0430\u0434\u043a\u043e\u0432\u0456 \u0442\u0430 \u0440\u0456\u0437\u043d\u043e\u043c\u0430\u043d\u0456\u0442\u043d\u0456<\/strong><\/p>\n<\/li>\n<li data-section-id=\"cc7vqo\" data-start=\"2041\" data-end=\"2075\">\n<p data-start=\"2043\" data-end=\"2075\">\u043d\u0430 \u043a\u043e\u0436\u043d\u0443 \u043f\u0430\u043b\u0435\u0442\u0443: <strong data-start=\"2057\" data-end=\"2075\">unikalny sk\u0142ad<\/strong><\/p>\n<\/li>\n<\/ul>\n<p data-start=\"2077\" data-end=\"2181\">Mix elektroniki z Europy nie posiada sta\u0142ej specyfikacji \u2014 zawarto\u015b\u0107 zale\u017cy od aktualnej partii dostawy.<\/p>\n<h2 data-section-id=\"1hlz59c\" data-start=\"2188\" data-end=\"2234\">\ud83d\udcbc Dlaczego warto wybra\u0107 palet\u0119 elektroniki<\/h2>\n<p data-section-id=\"waios9\" data-start=\"654\" data-end=\"710\"><strong>Paleta mix elektroniki umo\u017cliwia:<\/strong><\/p>\n<ul data-start=\"2280\" data-end=\"2509\">\n<li data-section-id=\"4240lw\" data-start=\"2280\" data-end=\"2318\">\n<p data-start=\"2282\" data-end=\"2318\">zakup towaru poni\u017cej ceny rynkowej<\/p>\n<\/li>\n<li data-section-id=\"gvtpog\" data-start=\"2319\" data-end=\"2359\">\n<p data-start=\"2321\" data-end=\"2359\">\u0448\u0438\u0440\u043e\u043a\u0438\u0439 \u0430\u0441\u043e\u0440\u0442\u0438\u043c\u0435\u043d\u0442 \u0432 \u043e\u0434\u043d\u0456\u0439 \u043f\u043e\u0441\u0442\u0430\u0432\u0446\u0456<\/p>\n<\/li>\n<li data-section-id=\"1w1cxvk\" data-start=\"2360\" data-end=\"2416\">\n<p data-start=\"2362\" data-end=\"2416\">zwi\u0119kszenie sprzeda\u017cy dzi\u0119ki r\u00f3\u017cnorodno\u015bci produkt\u00f3w<\/p>\n<\/li>\n<li data-section-id=\"daazkc\" data-start=\"2417\" data-end=\"2471\">\n<p data-start=\"2419\" data-end=\"2471\">testowanie r\u00f3\u017cnych kategorii bez du\u017cych inwestycji<\/p>\n<\/li>\n<li data-section-id=\"lqu1wo\" data-start=\"2472\" data-end=\"2509\">\n<p data-start=\"2474\" data-end=\"2509\">rozw\u00f3j sprzeda\u017cy online i offline<\/p>\n<\/li>\n<\/ul>\n<p data-start=\"2511\" data-end=\"2616\">Paleta elektroniki stanowi efektywne \u017ar\u00f3d\u0142o towaru dla sklep\u00f3w internetowych oraz sprzeda\u017cy stacjonarnej.<\/p>\n<h2 data-section-id=\"3pcvsu\" data-start=\"2184\" data-end=\"2233\">\ud83d\udcbc Zastosowanie \u2013 gdzie paleta generuje wyniki<\/h2>\n<p data-start=\"2235\" data-end=\"2333\">Paleta elektroniki Amazon znajduje zastosowanie w modelach sprzeda\u017cy opartych na ilo\u015bci i rotacji:<\/p>\n<ul data-start=\"2335\" data-end=\"2500\">\n<li data-section-id=\"zrt4k5\" data-start=\"2335\" data-end=\"2378\">\u0440\u043e\u0437\u043f\u0440\u043e\u0434\u0430\u0436 \u0437\u0430 \u0430\u0434\u0440\u0435\u0441\u043e\u044e <a href=\"https:\/\/allegro.pl\/\" target=\"_blank\" rel=\"noopener\">Allegro<\/a>, <a href=\"https:\/\/www.olx.pl\/\" target=\"_blank\" rel=\"noopener\">OLX<\/a>, <a href=\"https:\/\/www.ebay.com\/\" target=\"_blank\" rel=\"noopener\">eBay<\/a>, <a href=\"https:\/\/www.amazon.com\/\" target=\"_blank\" rel=\"noopener\">\u0410\u043c\u0430\u0437\u043e\u043d\u043a\u0430<\/a><\/li>\n<li data-section-id=\"1fmpn86\" data-start=\"2379\" data-end=\"2401\">\u0456\u043d\u0442\u0435\u0440\u043d\u0435\u0442-\u043c\u0430\u0433\u0430\u0437\u0438\u043d\u0438<\/li>\n<li data-section-id=\"gynsj7\" data-start=\"2402\" data-end=\"2435\">\u0440\u043e\u0437\u0434\u0440\u0456\u0431\u043d\u0430 \u0442\u0430 \u043e\u043f\u0442\u043e\u0432\u0430 \u0442\u043e\u0440\u0433\u0456\u0432\u043b\u044f<\/li>\n<li data-section-id=\"10mfklz\" data-start=\"2436\" data-end=\"2464\">rozw\u00f3j w\u0142asnego magazynu<\/li>\n<li data-section-id=\"1q6osh7\" data-start=\"2465\" data-end=\"2500\">rozszerzenie oferty produktowej<\/li>\n<\/ul>\n<p data-start=\"2502\" data-end=\"2623\">To rozwi\u0105zanie pozwala szybko zwi\u0119kszy\u0107 liczb\u0119 ofert i poprawi\u0107 wyniki sprzeda\u017cowe bez zwi\u0119kszania koszt\u00f3w jednostkowych.<\/p>\n<h2 data-section-id=\"gfj1y1\" data-start=\"2623\" data-end=\"2636\">\ud83d\ude9a \u0414\u043e\u0441\u0442\u0430\u0432\u043a\u0430<\/h2>\n<ul data-start=\"2638\" data-end=\"2709\">\n<li data-section-id=\"1io1mk2\" data-start=\"2638\" data-end=\"2677\">\n<p data-start=\"2640\" data-end=\"2677\">\u0448\u0432\u0438\u0434\u043a\u0430 \u0432\u0456\u0434\u043f\u0440\u0430\u0432\u043a\u0430 \u0437\u0456 \u0441\u043a\u043b\u0430\u0434\u0443 \u0432 \u0404\u0432\u0440\u043e\u043f\u0456<\/p>\n<\/li>\n<li data-section-id=\"1w7s4ii\" data-start=\"2678\" data-end=\"2709\">\n<p data-start=\"2680\" data-end=\"2709\">\u0435\u0444\u0435\u043a\u0442\u0438\u0432\u043d\u0430 \u043e\u0431\u0440\u043e\u0431\u043a\u0430 \u0437\u0430\u043c\u043e\u0432\u043b\u0435\u043d\u044c<\/p>\n<\/li>\n<\/ul>\n<h2 data-section-id=\"opmkg3\" data-start=\"2716\" data-end=\"2742\">\u2139\ufe0f \u0414\u043e\u0434\u0430\u0442\u043a\u043e\u0432\u0430 \u0456\u043d\u0444\u043e\u0440\u043c\u0430\u0446\u0456\u044f<\/h2>\n<ul data-start=\"2744\" data-end=\"2856\">\n<li data-section-id=\"cznzdc\" data-start=\"2744\" data-end=\"2783\">\n<p data-start=\"2746\" data-end=\"2783\">towar nie jest testowany pojedynczo<\/p>\n<\/li>\n<li data-section-id=\"iag8fx\" data-start=\"2784\" data-end=\"2823\">\n<p data-start=\"2786\" data-end=\"2823\">\u043c\u043e\u0436\u043b\u0438\u0432\u0430 \u0434\u043e\u043c\u0456\u0448\u043a\u0430 \u043a\u043b\u0430\u0441\u0443 \u0421 (\u0434\u043e 5-71\u0422\u041f3\u0422)<\/p>\n<\/li>\n<li data-section-id=\"zia6d9\" data-start=\"2824\" data-end=\"2856\">\n<p data-start=\"2826\" data-end=\"2856\">\u043a\u043e\u0436\u043d\u0430 \u043f\u0430\u043b\u0435\u0442\u0430 \u0432\u0438\u043f\u0430\u0434\u043a\u043e\u0432\u0438\u043c \u0447\u0438\u043d\u043e\u043c \u0443\u043f\u0430\u043a\u043e\u0432\u0430\u043d\u0430<\/p>\n<\/li>\n<\/ul>\n<h2 data-section-id=\"1915pio\" data-start=\"2863\" data-end=\"2885\">\ud83d\udcf8 \u0424\u043e\u0442\u043e\u0433\u0440\u0430\u0444\u0456\u0457 \u043f\u0440\u043e\u0434\u0443\u043a\u0446\u0456\u0457<\/h2>\n<p data-start=\"2887\" data-end=\"2977\">Zdj\u0119cia maj\u0105 charakter pogl\u0105dowy i przedstawiaj\u0105 przyk\u0142adowy <strong data-start=\"2948\" data-end=\"2976\">\u043c\u0456\u043a\u0441 \u0435\u043b\u0435\u043a\u0442\u0440\u043e\u043d\u0456\u043a\u0438 \u0437 \u0404\u0432\u0440\u043e\u043f\u0438<\/strong>.<\/p>\n<p data-start=\"2887\" data-end=\"2977\">\u0423\u0441\u0456 \u043c\u043e\u0434\u0435\u043b\u0456 \u043f\u0456\u0434\u0434\u043e\u043d\u0456\u0432 Amazon \u043c\u043e\u0436\u043d\u0430 \u0437\u043d\u0430\u0439\u0442\u0438 <a href=\"https:\/\/stockify24.pl\/uk\/sklep\/\"><strong>\u0442\u0443\u0442.<\/strong>.<\/a><\/p>","protected":false},"excerpt":{"rendered":"<p class=\"p1\">\u26a1 Oko\u0142o 70\u201380% elektroniki<\/p>\n<p class=\"p1\">\ud83c\uddea\ud83c\uddfa EU<\/p>\n<p class=\"p1\">\ud83d\udd25 Amazon Returns<\/p>\n<p class=\"p1\" style=\"text-align: left;\">\u2714\ufe0f Jako\u015b\u0107 A\u2013B<\/p>","protected":false},"featured_media":50333,"comment_status":"open","ping_status":"closed","template":"","meta":{"_acf_changed":false},"product_brand":[],"product_cat":[1258,1273],"product_tag":[1274],"class_list":{"0":"post-50332","1":"product","2":"type-product","3":"status-publish","4":"has-post-thumbnail","6":"product_cat-amazon-paleta","7":"product_cat-mix-elektroniki-eu-amazon-returns-ab","8":"product_tag-paleta-mix-elektroniki-z-europy","10":"first","11":"instock","12":"sold-individually","13":"taxable","14":"shipping-taxable","15":"purchasable","16":"product-type-simple"},"acf":[],"_links":{"self":[{"href":"https:\/\/stockify24.pl\/uk\/wp-json\/wp\/v2\/product\/50332","targetHints":{"allow":["GET"]}}],"collection":[{"href":"https:\/\/stockify24.pl\/uk\/wp-json\/wp\/v2\/product"}],"about":[{"href":"https:\/\/stockify24.pl\/uk\/wp-json\/wp\/v2\/types\/product"}],"replies":[{"embeddable":true,"href":"https:\/\/stockify24.pl\/uk\/wp-json\/wp\/v2\/comments?post=50332"}],"wp:featuredmedia":[{"embeddable":true,"href":"https:\/\/stockify24.pl\/uk\/wp-json\/wp\/v2\/media\/50333"}],"wp:attachment":[{"href":"https:\/\/stockify24.pl\/uk\/wp-json\/wp\/v2\/media?parent=50332"}],"wp:term":[{"taxonomy":"product_brand","embeddable":true,"href":"https:\/\/stockify24.pl\/uk\/wp-json\/wp\/v2\/product_brand?post=50332"},{"taxonomy":"product_cat","embeddable":true,"href":"https:\/\/stockify24.pl\/uk\/wp-json\/wp\/v2\/product_cat?post=50332"},{"taxonomy":"product_tag","embeddable":true,"href":"https:\/\/stockify24.pl\/uk\/wp-json\/wp\/v2\/product_tag?post=50332"}],"curies":[{"name":"wp","href":"https:\/\/api.w.org\/{rel}","templated":true}]}}