{"id":50334,"date":"2026-03-19T11:45:35","date_gmt":"2026-03-19T10:45:35","guid":{"rendered":"https:\/\/stockify24.pl\/?post_type=product&#038;p=50334"},"modified":"2026-03-30T10:44:57","modified_gmt":"2026-03-30T09:44:57","slug":"paleta-mix-elektroniki-z-europy-eu-a-b-44","status":"publish","type":"product","link":"https:\/\/stockify24.pl\/uk\/product\/paleta-mix-elektroniki-z-europy-eu-a-b-44\/","title":{"rendered":"\u041f\u0430\u043b\u0435\u0442\u0430 \u0434\u043b\u044f \u0435\u043b\u0435\u043a\u0442\u0440\u043e\u043d\u0456\u043a\u0438 \u0437 \u0404\u0432\u0440\u043e\u043f\u0438 (\u0404\u0421) | A-B | #44"},"content":{"rendered":"<h2 data-section-id=\"wahv6m\" data-start=\"681\" data-end=\"737\">\ud83d\udce6 Paleta mix elektroniki z Europy (EU) \u2013 A\u2013B, 161 kg<\/h2>\n<p data-start=\"739\" data-end=\"907\"><strong data-start=\"739\" data-end=\"772\">\u041c\u0456\u043a\u0441 \u0435\u043b\u0435\u043a\u0442\u0440\u043e\u043d\u0456\u043a\u0438 \u0437 \u0404\u0432\u0440\u043e\u043f\u0438 (\u0404\u0421)<\/strong> to praktyczne \u017ar\u00f3d\u0142o towaru dla sprzeda\u017cy hurtowej, e-commerce oraz reseller\u00f3w rozwijaj\u0105cych ofert\u0119 w segmencie elektroniki u\u017cytkowej.<\/p>\n<p data-start=\"909\" data-end=\"1082\">Paleta obejmuje produkty pochodz\u0105ce ze zwrot\u00f3w konsumenckich oraz nadwy\u017cek magazynowych, co umo\u017cliwia zakup elektroniki w atrakcyjnych cenach i zwi\u0119kszenie potencja\u0142u mar\u017cy.<\/p>\n<p data-start=\"1084\" data-end=\"1220\">Ka\u017cdy <strong>paleta<\/strong> <strong data-start=\"1090\" data-end=\"1118\">\u043c\u0456\u043a\u0441 \u0435\u043b\u0435\u043a\u0442\u0440\u043e\u043d\u0456\u043a\u0438 \u0437 \u0404\u0432\u0440\u043e\u043f\u0438<\/strong> zawiera losowy zestaw produkt\u00f3w, dzi\u0119ki czemu oferta pozostaje zr\u00f3\u017cnicowana i elastyczna w sprzeda\u017cy.<\/p>\n<h2 data-section-id=\"dawekf\" data-start=\"1227\" data-end=\"1272\">\ud83d\udd0c Zawarto\u015b\u0107 palety \u2013 elektronika u\u017cytkowa<\/h2>\n<p data-start=\"1274\" data-end=\"1346\">W sk\u0142ad palety wchodz\u0105 produkty z kategorii elektroniki oraz akcesori\u00f3w:<\/p>\n<ul data-start=\"1348\" data-end=\"1571\">\n<li data-section-id=\"admbw2\" data-start=\"1348\" data-end=\"1375\">\n<p data-start=\"1350\" data-end=\"1375\">\u0431\u0435\u0437\u0434\u0440\u043e\u0442\u043e\u0432\u0456 \u043d\u0430\u0432\u0443\u0448\u043d\u0438\u043a\u0438<\/p>\n<\/li>\n<li data-section-id=\"1tz600j\" data-start=\"1376\" data-end=\"1423\">\n<p data-start=\"1378\" data-end=\"1423\">\u0142adowarki, powerbanki i akcesoria zasilania<\/p>\n<\/li>\n<li data-section-id=\"2cko63\" data-start=\"1424\" data-end=\"1441\">\n<p data-start=\"1426\" data-end=\"1441\">GSM \u0430\u043a\u0441\u0435\u0441\u0443\u0430\u0440\u0438<\/p>\n<\/li>\n<li data-section-id=\"129ryor\" data-start=\"1442\" data-end=\"1467\">\n<p data-start=\"1444\" data-end=\"1467\">\u043f\u0440\u0438\u0441\u0442\u0440\u043e\u0457 \u0434\u043b\u044f \u0440\u043e\u0437\u0443\u043c\u043d\u043e\u0433\u043e \u0434\u043e\u043c\u0443<\/p>\n<\/li>\n<li data-section-id=\"17lzlbi\" data-start=\"1468\" data-end=\"1505\">\n<p data-start=\"1470\" data-end=\"1505\">ma\u0142e AGD (np. suszarki, masa\u017cery)<\/p>\n<\/li>\n<li data-section-id=\"i0l57x\" data-start=\"1506\" data-end=\"1544\">\n<p data-start=\"1508\" data-end=\"1544\">kontrolery i gad\u017cety elektroniczne<\/p>\n<\/li>\n<li data-section-id=\"4fq00c\" data-start=\"1545\" data-end=\"1571\">\n<p data-start=\"1547\" data-end=\"1571\">inne produkty u\u017cytkowe<\/p>\n<\/li>\n<\/ul>\n<p data-start=\"1573\" data-end=\"1630\">\u041d\u0430 \u0435\u043b\u0435\u043a\u0442\u0440\u043e\u043d\u0456\u043a\u0443 \u043f\u0440\u0438\u043f\u0430\u0434\u0430\u0454 \u0431\u043b\u0438\u0437\u044c\u043a\u043e <strong data-start=\"1602\" data-end=\"1630\">70\u201380% zawarto\u015bci palety<\/strong><\/p>\n<h2 data-section-id=\"1vjjmw7\" data-start=\"1637\" data-end=\"1675\">\ud83c\udd70\ufe0f\ud83c\udd71\ufe0f \u042f\u043a\u0456\u0441\u0442\u044c \u043f\u0440\u043e\u0434\u0443\u043a\u0446\u0456\u0457 - \u043a\u043b\u0430\u0441 A-B<\/h2>\n<p data-start=\"1677\" data-end=\"1730\">Paleta elektroniki z Europy w klasie <strong data-start=\"1714\" data-end=\"1721\">A-B<\/strong> oznacza:<\/p>\n<ul data-start=\"1732\" data-end=\"1885\">\n<li data-section-id=\"l6o258\" data-start=\"1732\" data-end=\"1789\">\n<p data-start=\"1734\" data-end=\"1789\">\u043f\u0435\u0440\u0435\u0432\u0430\u0436\u0430\u043d\u043d\u044f \u0442\u043e\u0432\u0430\u0440\u0456\u0432, \u044f\u043a\u0456 \u0454 \u043d\u043e\u0432\u0438\u043c\u0438 \u0430\u0431\u043e \u0432 \u0434\u0443\u0436\u0435 \u0445\u043e\u0440\u043e\u0448\u043e\u043c\u0443 \u0441\u0442\u0430\u043d\u0456<\/p>\n<\/li>\n<li data-section-id=\"1ydnmn3\" data-start=\"1790\" data-end=\"1826\">\n<p data-start=\"1792\" data-end=\"1826\">\u043c\u043e\u0436\u043b\u0438\u0432\u0456 \u043d\u0435\u0437\u043d\u0430\u0447\u043d\u0456 \u0441\u043b\u0456\u0434\u0438 \u0432\u0438\u043a\u043e\u0440\u0438\u0441\u0442\u0430\u043d\u043d\u044f<\/p>\n<\/li>\n<li data-section-id=\"1nwkvuf\" data-start=\"1827\" data-end=\"1885\">\n<p data-start=\"1829\" data-end=\"1885\">niewielk\u0105, niegwarantowan\u0105 domieszk\u0119 klasy C (do 5\u20137%)<\/p>\n<\/li>\n<\/ul>\n<p data-start=\"1887\" data-end=\"1974\">Taki standard pozwala utrzyma\u0107 korzystny stosunek ceny zakupu do warto\u015bci sprzeda\u017cowej.<\/p>\n<h2 data-section-id=\"6mpf3m\" data-start=\"1981\" data-end=\"2007\">\u0422\u0435\u0445\u043d\u0456\u0447\u043d\u0456 \u0445\u0430\u0440\u0430\u043a\u0442\u0435\u0440\u0438\u0441\u0442\u0438\u043a\u0438<\/h2>\n<ul data-start=\"2009\" data-end=\"2143\">\n<li data-section-id=\"rckeqa\" data-start=\"2009\" data-end=\"2040\">\n<p data-start=\"2011\" data-end=\"2040\">\u0432\u0438\u0441\u043e\u0442\u0430 \u043f\u0456\u0434\u0434\u043e\u043d\u0443: <strong data-start=\"2028\" data-end=\"2038\">1 \u043c\u0435\u0442\u0440<\/strong><\/p>\n<\/li>\n<li data-section-id=\"skvjb0\" data-start=\"2041\" data-end=\"2067\">\n<p data-start=\"2043\" data-end=\"2067\">\u0447\u0438\u0441\u0442\u0430 \u0432\u0430\u0433\u0430: <strong data-start=\"2055\" data-end=\"2065\">161 kg<\/strong><\/p>\n<\/li>\n<li data-section-id=\"ut13h4\" data-start=\"2068\" data-end=\"2104\">\n<p data-start=\"2070\" data-end=\"2104\">\u0430\u0441\u043e\u0440\u0442\u0438\u043c\u0435\u043d\u0442: <strong data-start=\"2082\" data-end=\"2102\">\u0432\u0438\u043f\u0430\u0434\u043a\u043e\u0432\u0456 \u0442\u0430 \u0437\u043c\u0456\u043d\u043d\u0456<\/strong><\/p>\n<\/li>\n<li data-section-id=\"1jszwxo\" data-start=\"2105\" data-end=\"2143\">\n<p data-start=\"2107\" data-end=\"2143\">\u043d\u0430 \u043a\u043e\u0436\u043d\u0443 \u043f\u0430\u043b\u0435\u0442\u0443: <strong data-start=\"2121\" data-end=\"2143\">indywidualny sk\u0142ad<\/strong><\/p>\n<\/li>\n<\/ul>\n<p data-start=\"2145\" data-end=\"2245\">Mix elektroniki z Europy nie posiada sta\u0142ej listy produkt\u00f3w \u2014 zawarto\u015b\u0107 zale\u017cy od aktualnej dostawy.<\/p>\n<h2 data-section-id=\"1fs8ch6\" data-start=\"2252\" data-end=\"2294\">\ud83d\udcbc Zastosowanie i potencja\u0142 sprzeda\u017cowy<\/h2>\n<p data-start=\"2296\" data-end=\"2346\"><strong data-start=\"2296\" data-end=\"2327\">Mix elektroniki z Europy EU<\/strong> sprawdza si\u0119 jako:<\/p>\n<ul data-start=\"2348\" data-end=\"2527\">\n<li data-section-id=\"1ctvht9\" data-start=\"2348\" data-end=\"2391\">\n<p data-start=\"2350\" data-end=\"2391\">\u017ar\u00f3d\u0142o towaru dla sklep\u00f3w internetowych<\/p>\n<\/li>\n<li data-section-id=\"9zmbtl\" data-start=\"2392\" data-end=\"2436\">\n<p data-start=\"2394\" data-end=\"2436\">baza do sprzeda\u017cy hurtowej i detalicznej<\/p>\n<\/li>\n<li data-section-id=\"327awa\" data-start=\"2437\" data-end=\"2483\">\n<p data-start=\"2439\" data-end=\"2483\">rozwi\u0105zanie do testowania nowych kategorii<\/p>\n<\/li>\n<li data-section-id=\"1yj5vsu\" data-start=\"2484\" data-end=\"2527\">\n<p data-start=\"2486\" data-end=\"2527\">spos\u00f3b na zwi\u0119kszenie rotacji produkt\u00f3w<\/p>\n<\/li>\n<\/ul>\n<p data-start=\"2529\" data-end=\"2602\">Zr\u00f3\u017cnicowany asortyment zwi\u0119ksza mo\u017cliwo\u015bci sprzeda\u017cy w r\u00f3\u017cnych kana\u0142ach.<\/p>\n<h2 data-section-id=\"3pcvsu\" data-start=\"2184\" data-end=\"2233\">\ud83d\udcbc Zastosowanie \u2013 gdzie paleta generuje wyniki<\/h2>\n<p data-start=\"2235\" data-end=\"2333\">Paleta elektroniki Amazon znajduje zastosowanie w modelach sprzeda\u017cy opartych na ilo\u015bci i rotacji:<\/p>\n<ul data-start=\"2335\" data-end=\"2500\">\n<li data-section-id=\"zrt4k5\" data-start=\"2335\" data-end=\"2378\">\u0440\u043e\u0437\u043f\u0440\u043e\u0434\u0430\u0436 \u0437\u0430 \u0430\u0434\u0440\u0435\u0441\u043e\u044e <a href=\"https:\/\/allegro.pl\/\" target=\"_blank\" rel=\"noopener\">Allegro<\/a>, <a href=\"https:\/\/www.olx.pl\/\" target=\"_blank\" rel=\"noopener\">OLX<\/a>, <a href=\"https:\/\/www.ebay.com\/\" target=\"_blank\" rel=\"noopener\">eBay<\/a>, <a href=\"https:\/\/www.amazon.com\/\" target=\"_blank\" rel=\"noopener\">\u0410\u043c\u0430\u0437\u043e\u043d\u043a\u0430<\/a><\/li>\n<li data-section-id=\"1fmpn86\" data-start=\"2379\" data-end=\"2401\">\u0456\u043d\u0442\u0435\u0440\u043d\u0435\u0442-\u043c\u0430\u0433\u0430\u0437\u0438\u043d\u0438<\/li>\n<li data-section-id=\"gynsj7\" data-start=\"2402\" data-end=\"2435\">\u0440\u043e\u0437\u0434\u0440\u0456\u0431\u043d\u0430 \u0442\u0430 \u043e\u043f\u0442\u043e\u0432\u0430 \u0442\u043e\u0440\u0433\u0456\u0432\u043b\u044f<\/li>\n<li data-section-id=\"10mfklz\" data-start=\"2436\" data-end=\"2464\">rozw\u00f3j w\u0142asnego magazynu<\/li>\n<li data-section-id=\"1q6osh7\" data-start=\"2465\" data-end=\"2500\">rozszerzenie oferty produktowej<\/li>\n<\/ul>\n<p data-start=\"2502\" data-end=\"2623\">To rozwi\u0105zanie pozwala szybko zwi\u0119kszy\u0107 liczb\u0119 ofert i poprawi\u0107 wyniki sprzeda\u017cowe bez zwi\u0119kszania koszt\u00f3w jednostkowych.<\/p>\n<h2 data-section-id=\"gfj1y1\" data-start=\"2609\" data-end=\"2622\">\ud83d\ude9a \u0414\u043e\u0441\u0442\u0430\u0432\u043a\u0430<\/h2>\n<ul data-start=\"2624\" data-end=\"2695\">\n<li data-section-id=\"avry77\" data-start=\"2624\" data-end=\"2664\">\n<p data-start=\"2626\" data-end=\"2664\">wysy\u0142ka z magazynu na terenie Europy<\/p>\n<\/li>\n<li data-section-id=\"igemay\" data-start=\"2665\" data-end=\"2695\">\n<p data-start=\"2667\" data-end=\"2695\">\u0448\u0432\u0438\u0434\u043a\u0430 \u043e\u0431\u0440\u043e\u0431\u043a\u0430 \u0437\u0430\u043c\u043e\u0432\u043b\u0435\u043d\u044c<\/p>\n<\/li>\n<\/ul>\n<h2 data-section-id=\"opmkg3\" data-start=\"2702\" data-end=\"2728\">\u2139\ufe0f \u0414\u043e\u0434\u0430\u0442\u043a\u043e\u0432\u0430 \u0456\u043d\u0444\u043e\u0440\u043c\u0430\u0446\u0456\u044f<\/h2>\n<ul data-start=\"2730\" data-end=\"2852\">\n<li data-section-id=\"cznzdc\" data-start=\"2730\" data-end=\"2769\">\n<p data-start=\"2732\" data-end=\"2769\">towar nie jest testowany pojedynczo<\/p>\n<\/li>\n<li data-section-id=\"1igfwsa\" data-start=\"2770\" data-end=\"2819\">\n<p data-start=\"2772\" data-end=\"2819\">\u043c\u043e\u0436\u043b\u0438\u0432\u0438\u0439 \u0434\u043e\u043c\u0456\u0448\u043e\u043a \u043f\u0440\u043e\u0434\u0443\u043a\u0442\u0456\u0432 \u043a\u043b\u0430\u0441\u0443 \u0421 (\u0434\u043e 5-71\u0422\u041f3\u0422)<\/p>\n<\/li>\n<li data-section-id=\"1vk0ijo\" data-start=\"2820\" data-end=\"2852\">\n<p data-start=\"2822\" data-end=\"2852\">zawarto\u015b\u0107 palety jest losowa<\/p>\n<\/li>\n<\/ul>\n<h2 data-section-id=\"1915pio\" data-start=\"2859\" data-end=\"2881\">\ud83d\udcf8 \u0424\u043e\u0442\u043e\u0433\u0440\u0430\u0444\u0456\u0457 \u043f\u0440\u043e\u0434\u0443\u043a\u0446\u0456\u0457<\/h2>\n<p data-start=\"2883\" data-end=\"2973\">Zdj\u0119cia przedstawiaj\u0105 przyk\u0142adowy <strong>paleta<\/strong> <strong data-start=\"2917\" data-end=\"2945\">\u043c\u0456\u043a\u0441 \u0435\u043b\u0435\u043a\u0442\u0440\u043e\u043d\u0456\u043a\u0438 \u0437 \u0404\u0432\u0440\u043e\u043f\u0438<\/strong> i maj\u0105 charakter pogl\u0105dowy.<\/p>\n<p data-start=\"2883\" data-end=\"2973\">\u0423\u0441\u0456 \u043c\u043e\u0434\u0435\u043b\u0456 \u043f\u0456\u0434\u0434\u043e\u043d\u0456\u0432 Amazon \u043c\u043e\u0436\u043d\u0430 \u0437\u043d\u0430\u0439\u0442\u0438 <a href=\"https:\/\/stockify24.pl\/uk\/sklep\/\"><strong>\u0442\u0443\u0442.<\/strong>.<\/a><\/p>","protected":false},"excerpt":{"rendered":"<p class=\"p1\">\u26a1 Oko\u0142o 70\u201380% elektroniki<\/p>\n<p class=\"p1\">\ud83c\uddea\ud83c\uddfa EU<\/p>\n<p class=\"p1\">\ud83d\udd25 Amazon Returns<\/p>\n<p class=\"p1\" style=\"text-align: left;\">\u2714\ufe0f Jako\u015b\u0107 A\u2013B<\/p>","protected":false},"featured_media":50373,"comment_status":"open","ping_status":"closed","template":"","meta":{"_acf_changed":false},"product_brand":[],"product_cat":[1258,1273],"product_tag":[1274],"class_list":{"0":"post-50334","1":"product","2":"type-product","3":"status-publish","4":"has-post-thumbnail","6":"product_cat-amazon-paleta","7":"product_cat-mix-elektroniki-eu-amazon-returns-ab","8":"product_tag-paleta-mix-elektroniki-z-europy","10":"first","11":"instock","12":"sold-individually","13":"taxable","14":"shipping-taxable","15":"purchasable","16":"product-type-simple"},"acf":[],"_links":{"self":[{"href":"https:\/\/stockify24.pl\/uk\/wp-json\/wp\/v2\/product\/50334","targetHints":{"allow":["GET"]}}],"collection":[{"href":"https:\/\/stockify24.pl\/uk\/wp-json\/wp\/v2\/product"}],"about":[{"href":"https:\/\/stockify24.pl\/uk\/wp-json\/wp\/v2\/types\/product"}],"replies":[{"embeddable":true,"href":"https:\/\/stockify24.pl\/uk\/wp-json\/wp\/v2\/comments?post=50334"}],"wp:featuredmedia":[{"embeddable":true,"href":"https:\/\/stockify24.pl\/uk\/wp-json\/wp\/v2\/media\/50373"}],"wp:attachment":[{"href":"https:\/\/stockify24.pl\/uk\/wp-json\/wp\/v2\/media?parent=50334"}],"wp:term":[{"taxonomy":"product_brand","embeddable":true,"href":"https:\/\/stockify24.pl\/uk\/wp-json\/wp\/v2\/product_brand?post=50334"},{"taxonomy":"product_cat","embeddable":true,"href":"https:\/\/stockify24.pl\/uk\/wp-json\/wp\/v2\/product_cat?post=50334"},{"taxonomy":"product_tag","embeddable":true,"href":"https:\/\/stockify24.pl\/uk\/wp-json\/wp\/v2\/product_tag?post=50334"}],"curies":[{"name":"wp","href":"https:\/\/api.w.org\/{rel}","templated":true}]}}